{"id":7848,"date":"2026-03-31T13:45:54","date_gmt":"2026-03-31T11:45:54","guid":{"rendered":"https:\/\/hydrosprzet.pl\/?post_type=product&#038;p=7848"},"modified":"2026-04-01T13:42:39","modified_gmt":"2026-04-01T11:42:39","slug":"liugong-9051f","status":"publish","type":"product","link":"https:\/\/hydrosprzet.pl\/en\/product\/liugong-9051f\/","title":{"rendered":"LiuGong 9051F"},"content":{"rendered":"<div class=\"vc_row wpb_row vc_row-fluid\" ><div class=\"wpb_column vc_column_container vc_col-sm-12\"><div class=\"vc_column-inner\"><div class=\"wpb_wrapper\">\n\t<div class=\"wpb_text_column wpb_content_element\" >\n\t\t<div class=\"wpb_wrapper\">\n\t\t\t<div class=\"resp-section\">\n<div class=\"resp-section-title\">\n<div class=\"resp-section-title-bar\"><\/div>\n<div class=\"resp-section-title-text\">Zalety Liugong 9051F<\/div>\n<\/div>\n<div class=\"resp-grid-2\">\n<div class=\"resp-feature\">\n<div class=\"resp-feature-icon\">\u2713<\/div>\n<div class=\"resp-feature-text\">Zerowy promie\u0144 obrotu pozwala bezpiecznie pracowa\u0107 blisko \u015bcian i w ograniczonych przestrzeniach.<\/div>\n<\/div>\n<div class=\"resp-feature\">\n<div class=\"resp-feature-icon\">\u2713<\/div>\n<div class=\"resp-feature-text\">Mocny silnik Yanmar 33,5 kW zapewnia wysok\u0105 wydajno\u015b\u0107 i sprawn\u0105 prac\u0119 w ci\u0119\u017cszych zastosowaniach.<\/div>\n<\/div>\n<div class=\"resp-feature\">\n<div class=\"resp-feature-icon\">\u2713<\/div>\n<div class=\"resp-feature-text\">Uk\u0142ad hydrauliczny wykrywaj\u0105cy obci\u0105\u017cenie zapewnia precyzyjn\u0105, p\u0142ynn\u0105 i efektywn\u0105 prac\u0119 osprz\u0119tu.<\/div>\n<\/div>\n<div class=\"resp-feature\">\n<div class=\"resp-feature-icon\">\u2713<\/div>\n<div class=\"resp-feature-text\">Dwa tryby pracy operatora: tryb mocy i tryb ekonomiczny, dla lepszego dopasowania do zadania.<\/div>\n<\/div>\n<div class=\"resp-feature\">\n<div class=\"resp-feature-icon\">\u2713<\/div>\n<div class=\"resp-feature-text\">Komfortowa kabina z klimatyzacj\u0105, intuicyjnym ekranem LCD i bardzo dobr\u0105 widoczno\u015bci\u0105.<\/div>\n<\/div>\n<div class=\"resp-feature\">\n<div class=\"resp-feature-icon\">\u2713<\/div>\n<div class=\"resp-feature-text\">\u0141atwy dost\u0119p serwisowy z poziomu pod\u0142o\u017ca skraca przestoje i u\u0142atwia codzienn\u0105 obs\u0142ug\u0119 maszyny.<\/div>\n<\/div>\n<\/div>\n<\/div>\n\n\t\t<\/div>\n\t<\/div>\n<\/div><\/div><\/div><\/div><div class=\"vc_row wpb_row vc_row-fluid\" ><div class=\"wpb_column vc_column_container vc_col-sm-12\"><div class=\"vc_column-inner\"><div class=\"wpb_wrapper\">\n\t<div class=\"wpb_text_column wpb_content_element\" >\n\t\t<div class=\"wpb_wrapper\">\n\t\t\t<div class=\"resp-section\">\n<div class=\"resp-section-title\">\n<div class=\"resp-section-title-bar\"><\/div>\n<div class=\"resp-section-title-text\">Dane techniczne<\/div>\n<\/div>\n<p><!-- BOXy --><\/p>\n<table style=\"width: 100%; border-collapse: separate; border-spacing: 18px;\">\n<tbody>\n<tr>\n<td style=\"width: 25%; background: #ffffff; border: 1px solid #e7e7e7; padding: 22px; vertical-align: top;\">\n<div style=\"font-size: 13px; text-transform: uppercase; letter-spacing: 1px; color: #999; margin-bottom: 8px;\">Silnik<\/div>\n<div style=\"font-size: 22px; font-weight: bold; color: #222; line-height: 1.3;\">Yanmar<br \/>\n4TNV86CT<\/div>\n<div style=\"font-size: 14px; color: #666; margin-top: 8px;\">Stage V<\/div>\n<\/td>\n<td style=\"width: 25%; background: #ffffff; border: 1px solid #e7e7e7; padding: 22px; vertical-align: top;\">\n<div style=\"font-size: 13px; text-transform: uppercase; letter-spacing: 1px; color: #999; margin-bottom: 8px;\">Moc<\/div>\n<div style=\"font-size: 22px; font-weight: bold; color: #222; line-height: 1.3;\">33,5 kW<\/div>\n<div style=\"font-size: 14px; color: #666; margin-top: 8px;\">44,9 KM<\/div>\n<\/td>\n<td style=\"width: 25%; background: #ffffff; border: 1px solid #e7e7e7; padding: 22px; vertical-align: top;\">\n<div style=\"font-size: 13px; text-transform: uppercase; letter-spacing: 1px; color: #999; margin-bottom: 8px;\">Masa<\/div>\n<div style=\"font-size: 22px; font-weight: bold; color: #222; line-height: 1.3;\">5180 kg<\/div>\n<div style=\"font-size: 14px; color: #666; margin-top: 8px;\">kabina<\/div>\n<\/td>\n<td style=\"width: 25%; background: #ffffff; border: 1px solid #e7e7e7; padding: 22px; vertical-align: top;\">\n<div style=\"font-size: 13px; text-transform: uppercase; letter-spacing: 1px; color: #999; margin-bottom: 8px;\">Pojemno\u015b\u0107 \u0142y\u017cki<\/div>\n<div style=\"font-size: 22px; font-weight: bold; color: #222; line-height: 1.3;\">0,14 m\u00b3<\/div>\n<div style=\"font-size: 14px; color: #666; margin-top: 8px;\">standard<\/div>\n<\/td>\n<\/tr>\n<\/tbody>\n<\/table>\n<p><!-- TABELA --><\/p>\n<table style=\"width: 100%; border-collapse: collapse; margin-top: 24px; font-size: 16px; color: #333;\">\n<tbody>\n<tr style=\"background: #222; color: #fff;\">\n<td style=\"padding: 16px 20px; font-size: 18px; font-weight: bold; text-transform: uppercase;\" colspan=\"2\">Specyfikacja podstawowa<\/td>\n<\/tr>\n<tr style=\"background: #f8f8f8;\">\n<td style=\"padding: 14px 20px; border: 1px solid #e5e5e5; width: 50%;\"><strong>Producent silnika<\/strong><\/td>\n<td style=\"padding: 14px 20px; border: 1px solid #e5e5e5;\">Yanmar<\/td>\n<\/tr>\n<tr>\n<td style=\"padding: 14px 20px; border: 1px solid #e5e5e5;\"><strong>Model silnika<\/strong><\/td>\n<td style=\"padding: 14px 20px; border: 1px solid #e5e5e5;\">4TNV86CT-PLY<\/td>\n<\/tr>\n<tr style=\"background: #f8f8f8;\">\n<td style=\"padding: 14px 20px; border: 1px solid #e5e5e5;\"><strong>Norma emisji<\/strong><\/td>\n<td style=\"padding: 14px 20px; border: 1px solid #e5e5e5;\">EPA Tier 4F \/ EU Stage V<\/td>\n<\/tr>\n<tr>\n<td style=\"padding: 14px 20px; border: 1px solid #e5e5e5;\"><strong>Pojemno\u015b\u0107 skokowa<\/strong><\/td>\n<td style=\"padding: 14px 20px; border: 1px solid #e5e5e5;\">2,09 l<\/td>\n<\/tr>\n<tr style=\"background: #f8f8f8;\">\n<td style=\"padding: 14px 20px; border: 1px solid #e5e5e5;\"><strong>Pr\u0119dko\u015b\u0107 znamionowa<\/strong><\/td>\n<td style=\"padding: 14px 20px; border: 1px solid #e5e5e5;\">2200 obr.\/min<\/td>\n<\/tr>\n<tr>\n<td style=\"padding: 14px 20px; border: 1px solid #e5e5e5;\"><strong>Moc silnika \u2013 u\u017cyteczna<\/strong><\/td>\n<td style=\"padding: 14px 20px; border: 1px solid #e5e5e5;\">33,5 kW (44,9 KM)<\/td>\n<\/tr>\n<tr style=\"background: #f8f8f8;\">\n<td style=\"padding: 14px 20px; border: 1px solid #e5e5e5;\"><strong>Maksymalny moment obrotowy<\/strong><\/td>\n<td style=\"padding: 14px 20px; border: 1px solid #e5e5e5;\">162,3\u2013176,6 N\u00b7m przy 1560 obr.\/min<\/td>\n<\/tr>\n<tr>\n<td style=\"padding: 14px 20px; border: 1px solid #e5e5e5;\"><strong>Pr\u0119dko\u015b\u0107 jazdy<\/strong><\/td>\n<td style=\"padding: 14px 20px; border: 1px solid #e5e5e5;\">2,4 \/ 4,2 km\/h<\/td>\n<\/tr>\n<tr style=\"background: #f8f8f8;\">\n<td style=\"padding: 14px 20px; border: 1px solid #e5e5e5;\"><strong>Zdolno\u015b\u0107 pokonywania wzniesie\u0144<\/strong><\/td>\n<td style=\"padding: 14px 20px; border: 1px solid #e5e5e5;\">30\u00b0 \/ 58%<\/td>\n<\/tr>\n<tr>\n<td style=\"padding: 14px 20px; border: 1px solid #e5e5e5;\"><strong>Maksymalna si\u0142a uci\u0105gu<\/strong><\/td>\n<td style=\"padding: 14px 20px; border: 1px solid #e5e5e5;\">60 kN<\/td>\n<\/tr>\n<tr style=\"background: #f8f8f8;\">\n<td style=\"padding: 14px 20px; border: 1px solid #e5e5e5;\"><strong>Pr\u0119dko\u015b\u0107 obrotu<\/strong><\/td>\n<td style=\"padding: 14px 20px; border: 1px solid #e5e5e5;\">9,6 obr.\/min<\/td>\n<\/tr>\n<tr>\n<td style=\"padding: 14px 20px; border: 1px solid #e5e5e5;\"><strong>Moment obrotu<\/strong><\/td>\n<td style=\"padding: 14px 20px; border: 1px solid #e5e5e5;\">12 500 N\u00b7m<\/td>\n<\/tr>\n<tr style=\"background: #f8f8f8;\">\n<td style=\"padding: 14px 20px; border: 1px solid #e5e5e5;\"><strong>Maksymalne nat\u0119\u017cenie przep\u0142ywu<\/strong><\/td>\n<td style=\"padding: 14px 20px; border: 1px solid #e5e5e5;\">149,6 l\/min<\/td>\n<\/tr>\n<tr>\n<td style=\"padding: 14px 20px; border: 1px solid #e5e5e5;\"><strong>Ci\u015bnienie osprz\u0119tu<\/strong><\/td>\n<td style=\"padding: 14px 20px; border: 1px solid #e5e5e5;\">27,4 MPa<\/td>\n<\/tr>\n<tr style=\"background: #f8f8f8;\">\n<td style=\"padding: 14px 20px; border: 1px solid #e5e5e5;\"><strong>Zbiornik paliwa<\/strong><\/td>\n<td style=\"padding: 14px 20px; border: 1px solid #e5e5e5;\">67 l<\/td>\n<\/tr>\n<tr>\n<td style=\"padding: 14px 20px; border: 1px solid #e5e5e5;\"><strong>Olej silnikowy<\/strong><\/td>\n<td style=\"padding: 14px 20px; border: 1px solid #e5e5e5;\">6,3 l<\/td>\n<\/tr>\n<tr style=\"background: #f8f8f8;\">\n<td style=\"padding: 14px 20px; border: 1px solid #e5e5e5;\"><strong>Uk\u0142ad ch\u0142odzenia<\/strong><\/td>\n<td style=\"padding: 14px 20px; border: 1px solid #e5e5e5;\">14 l<\/td>\n<\/tr>\n<tr>\n<td style=\"padding: 14px 20px; border: 1px solid #e5e5e5;\"><strong>Zbiornik oleju hydraulicznego<\/strong><\/td>\n<td style=\"padding: 14px 20px; border: 1px solid #e5e5e5;\">54,3 l<\/td>\n<\/tr>\n<tr style=\"background: #f8f8f8;\">\n<td style=\"padding: 14px 20px; border: 1px solid #e5e5e5;\"><strong>Uk\u0142ad hydrauliczny (ca\u0142o\u015b\u0107)<\/strong><\/td>\n<td style=\"padding: 14px 20px; border: 1px solid #e5e5e5;\">61 l<\/td>\n<\/tr>\n<tr>\n<td style=\"padding: 14px 20px; border: 1px solid #e5e5e5;\"><strong>Poziom ha\u0142asu w kabinie<\/strong><\/td>\n<td style=\"padding: 14px 20px; border: 1px solid #e5e5e5;\"><a href=\"http:\/\/www.hydrosprzedaz.pl\">74<\/a> dB(A)<\/td>\n<\/tr>\n<tr style=\"background: #f8f8f8;\">\n<td style=\"padding: 14px 20px; border: 1px solid #e5e5e5;\"><strong>Poziom ha\u0142asu na zewn\u0105trz<\/strong><\/td>\n<td style=\"padding: 14px 20px; border: 1px solid #e5e5e5;\"><a href=\"https:\/\/hydrosprzet.pl\/en\/product\/liugong-9051f\/\">96<\/a> dB(A)<\/td>\n<\/tr>\n<\/tbody>\n<\/table>\n<\/div>\n\n\t\t<\/div>\n\t<\/div>\n<\/div><\/div><\/div><\/div><div class=\"vc_row wpb_row vc_row-fluid\" ><div class=\"wpb_column vc_column_container vc_col-sm-12\"><div class=\"vc_column-inner\"><div class=\"wpb_wrapper\">\n\t<div class=\"wpb_text_column wpb_content_element\" >\n\t\t<div class=\"wpb_wrapper\">\n\t\t\t<div class=\"resp-section\">\n<div class=\"resp-section-title\">\n<div class=\"resp-section-title-bar\"><\/div>\n<div class=\"resp-section-title-text\">Finansowanie i wsparcie<\/div>\n<\/div>\n<div class=\"resp-grid-3\">\n<div class=\"resp-card\">\n<div class=\"resp-card-kicker\">Leasing \/ kredyt<\/div>\n<div class=\"resp-card-title\">Elastyczne finansowanie<\/div>\n<div class=\"resp-card-text\">Pomo\u017cemy dobra\u0107 dogodn\u0105 form\u0119 finansowania dopasowan\u0105 do Twojej firmy i planowanego sposobu u\u017cytkowania maszyny.<\/div>\n<\/div>\n<div class=\"resp-card\">\n<div class=\"resp-card-kicker\">Wycena<\/div>\n<div class=\"resp-card-title\">Szybka oferta handlowa<\/div>\n<div class=\"resp-card-text\">Przygotujemy wycen\u0119, sprawdzimy dost\u0119pno\u015b\u0107 i przedstawimy najlepsze rozwi\u0105zanie dla wybranego modelu oraz osprz\u0119tu.<\/div>\n<\/div>\n<div class=\"resp-card\">\n<div class=\"resp-card-kicker\">Serwis \/ cz\u0119\u015bci<\/div>\n<div class=\"resp-card-title\">Wsparcie po zakupie<\/div>\n<div class=\"resp-card-text\">Zapewniamy dost\u0119p do serwisu, cz\u0119\u015bci zamiennych i fachowego doradztwa, aby maszyna by\u0142a gotowa do pracy bez zb\u0119dnych przestoj\u00f3w.<\/div>\n<\/div>\n<\/div>\n<div class=\"resp-cta-box\">\n<div class=\"resp-cta-kicker\">Skontaktuj si\u0119 z nami<\/div>\n<div class=\"resp-cta-title\">Zapytaj o cen\u0119, finansowanie i dost\u0119pno\u015b\u0107 LiuGong 9051F<\/div>\n<div class=\"resp-cta-text\">Odpowiemy na pytania dotycz\u0105ce konfiguracji maszyny, przygotujemy ofert\u0119 i pomo\u017cemy dobra\u0107 najlepsze rozwi\u0105zanie dla Twojej firmy.<\/div>\n<div class=\"resp-cta-buttons\"><a class=\"resp-cta-btn resp-cta-btn-yellow\" href=\"tel:+48504546868\">Call<\/a><br \/>\n<a class=\"resp-cta-btn resp-cta-btn-white\" href=\"mailto:zapytania@hydrosprzet.pl?subject=Zapytanie%20o%20LiuGong%209051F\">Napisz e-mail<\/a><\/div>\n<\/div>\n<\/div>\n\n\t\t<\/div>\n\t<\/div>\n<\/div><\/div><\/div><\/div><div class=\"vc_row wpb_row vc_row-fluid\" ><div class=\"wpb_column vc_column_container vc_col-sm-12\"><div class=\"vc_column-inner\"><div class=\"wpb_wrapper\">\n\t<div class=\"wpb_text_column wpb_content_element\" >\n\t\t<div class=\"wpb_wrapper\">\n\t\t\t<p><!-- MOBILE CTA BAR --><\/p>\n<div class=\"mobile-cta-bar\">\n<div class=\"mobile-cta-container\">\n<p><a class=\"mobile-cta-btn mobile-call\" href=\"tel:+48504546868\"><br \/>\nCall<br \/>\n<\/a><\/p>\n<p><a class=\"mobile-cta-btn mobile-mail\" href=\"mailto:zapytania@hydrosprzet.pl?subject=Zapytanie%20o%20LiuGong%209051F\"><br \/>\nNapisz<br \/>\n<\/a><\/p>\n<\/div>\n<\/div>\n\n\t\t<\/div>\n\t<\/div>\n<\/div><\/div><\/div><\/div><div class=\"vc_row wpb_row vc_row-fluid\" ><div class=\"wpb_column vc_column_container vc_col-sm-12\"><div class=\"vc_column-inner\"><div class=\"wpb_wrapper\">\n\t<div class=\"wpb_text_column wpb_content_element\" >\n\t\t<div class=\"wpb_wrapper\">\n\t\t\t<p><!-- DESKTOP CTA BAR --><\/p>\n<div class=\"desktop-cta-bar\"><a class=\"desktop-cta-btn desktop-cta-call\" href=\"tel:+48504546868\">Call<\/a><br \/>\n<a class=\"desktop-cta-btn desktop-cta-mail\" href=\"mailto:zapytania@hydrosprzet.pl?subject=Zapytanie%20o%20LiuGong%209051F\">Napisz e-mail<\/a><\/div>\n\n\t\t<\/div>\n\t<\/div>\n<\/div><\/div><\/div><\/div>","protected":false},"excerpt":{"rendered":"<div style=\"max-width:560px;\">\n<p>  <!-- G\u00d3RNY PASEK --><\/p>\n<div class=\"product-top-badges\">\n    <a href=\"mailto:zapytania@hydrosprzet.pl?subject=Zapytanie%20o%20cen%C4%99%20LiuGong%209051F\" class=\"product-badge-price-link\"><br \/>\n      Cena na zapytanie<br \/>\n    <\/a><\/p>\n<p>    <a href=\"\/en\/porownanie-wiekszych-minikoparek\/\" class=\"product-badge-compare-link\"><br \/>\n      Por\u00f3wnaj maszyny<br \/>\n    <\/a>\n  <\/div>\n<p>  <!-- OPIS --><\/p>\n<div style=\"font-size:18px; line-height:1.7; color:#555; margin:0 0 22px 0;\">\n    Minikoparka 5,18 t z zerowym promieniem obrotu (ZTS), zapewniaj\u0105ca wysok\u0105 wydajno\u015b\u0107, precyzyjn\u0105 prac\u0119 hydrauliki i bardzo dobr\u0105 stabilno\u015b\u0107 w ograniczonej przestrzeni.\n  <\/div>\n<div style=\"width:70px; height:3px; background:#f0b400; margin:0 0 26px 0;\"><\/div>\n<p>  <!-- INFO --><\/p>\n<div style=\"font-size:17px; line-height:1.9; color:#666; margin:0 0 28px 0;\">\n<div style=\"margin-bottom:6px;\">\u2713 <strong>Dost\u0119pno\u015b\u0107:<\/strong> Na zam\u00f3wienie<\/div>\n<div style=\"margin-bottom:6px;\">\u2713 <strong>Gwarancja:<\/strong> 24 miesi\u0105ce<\/div>\n<div>\u2713 <strong>Serwis i cz\u0119\u015bci:<\/strong> dost\u0119pne<\/div>\n<\/p><\/div>\n<p>  <!-- PRZYCISKI --><\/p>\n<table style=\"width:100%; border-collapse:separate; margin:0 0 14px 0;\">\n<tr>\n<td style=\"width:50%; padding:0 8px 0 0;\">\n        <a href=\"tel:504546868\" style=\"display:flex; align-items:center; justify-content:center; width:100%; min-height:82px; background:#0f0f10; color:#ffffff; text-align:center; text-decoration:none; font-weight:700; text-transform:uppercase; letter-spacing:0.4px;\"><br \/>\n          ZADZWO\u0143<br \/>\n        <\/a>\n      <\/td>\n<td style=\"width:50%; padding:0 0 0 8px;\">\n        <a href=\"mailto:zapytania@hydrosprzet.pl?subject=Zapytanie%20o%20LiuGong%209051F\" style=\"display:flex; align-items:center; justify-content:center; width:100%; min-height:82px; background:#d9a300; color:#111111; text-align:center; text-decoration:none; font-weight:700; text-transform:uppercase; letter-spacing:0.4px;\"><br \/>\n          NAPISZ E-MAIL<br \/>\n        <\/a>\n      <\/td>\n<\/tr>\n<\/table>\n<p>  <!-- CTA --><\/p>\n<div style=\"margin:0 0 18px 0;\">\n    <a href=\"mailto:zapytania@hydrosprzet.pl?subject=Zapytanie%20o%20cen%C4%99%20LiuGong%209051F\" style=\"display:flex; align-items:center; justify-content:center; width:100%; min-height:82px; background:#f4f4f4; color:#111111; text-align:center; text-decoration:none; font-weight:700; text-transform:uppercase; letter-spacing:0.4px; border:1px solid #dddddd;\"><br \/>\n      ZAPYTAJ O CEN\u0118<br \/>\n    <\/a>\n  <\/div>\n<p>  <!-- DOLNY TEKST --><\/p>\n<div style=\"font-size:15px; color:#8a8a8a; margin-top:10px;\">\n    Odpowiadamy mo\u017cliwie szybko na ka\u017cde zapytanie.\n  <\/div>\n<\/div>","protected":false},"featured_media":7849,"template":"","meta":[],"yoast_head":"<!-- This site is optimized with the Yoast SEO plugin v17.3 - https:\/\/yoast.com\/wordpress\/plugins\/seo\/ -->\n<title>LiuGong 9051F - Hydrosprz\u0119t - Maszyny - LiuGong Dressta Machinery<\/title>\n<meta name=\"description\" content=\"Firma Hydrosprz\u0119t ma do zaoferowania kopark\u0119 g\u0105sienicow\u0105 LiuGong 9051F. Zapewniamy pe\u0142ny zakres obs\u0142ugi serwisowej oraz dostep do cz\u0119\u015bci.\" \/>\n<meta name=\"robots\" content=\"index, follow, max-snippet:-1, max-image-preview:large, max-video-preview:-1\" \/>\n<link rel=\"canonical\" href=\"https:\/\/hydrosprzet.pl\/en\/product\/liugong-9051f\/\" \/>\n<meta property=\"og:locale\" content=\"en_US\" \/>\n<meta property=\"og:type\" content=\"article\" \/>\n<meta property=\"og:title\" content=\"LiuGong 9051F - Hydrosprz\u0119t - Maszyny - LiuGong Dressta Machinery\" \/>\n<meta property=\"og:description\" content=\"Firma Hydrosprz\u0119t ma do zaoferowania kopark\u0119 g\u0105sienicow\u0105 LiuGong 9051F. Zapewniamy pe\u0142ny zakres obs\u0142ugi serwisowej oraz dostep do cz\u0119\u015bci.\" \/>\n<meta property=\"og:url\" content=\"https:\/\/hydrosprzet.pl\/en\/product\/liugong-9051f\/\" \/>\n<meta property=\"og:site_name\" content=\"Hydrosprz\u0119t\" \/>\n<meta property=\"article:modified_time\" content=\"2026-04-01T11:42:39+00:00\" \/>\n<meta property=\"og:image\" content=\"https:\/\/hydrosprzet.pl\/wp-content\/uploads\/2026\/03\/Projekt-bez-nazwy-14.jpg\" \/>\n\t<meta property=\"og:image:width\" content=\"1100\" \/>\n\t<meta property=\"og:image:height\" content=\"733\" \/>\n<meta name=\"twitter:card\" content=\"summary_large_image\" \/>\n<meta name=\"twitter:label1\" content=\"Est. reading time\" \/>\n\t<meta name=\"twitter:data1\" content=\"2 minutes\" \/>\n<script type=\"application\/ld+json\" class=\"yoast-schema-graph\">{\"@context\":\"https:\/\/schema.org\",\"@graph\":[{\"@type\":\"WebSite\",\"@id\":\"https:\/\/hydrosprzet.pl\/#website\",\"url\":\"https:\/\/hydrosprzet.pl\/\",\"name\":\"Hydrosprz\\u0119t\",\"description\":\"Maszyny budowlane\",\"potentialAction\":[{\"@type\":\"SearchAction\",\"target\":{\"@type\":\"EntryPoint\",\"urlTemplate\":\"https:\/\/hydrosprzet.pl\/?s={search_term_string}\"},\"query-input\":\"required name=search_term_string\"}],\"inLanguage\":\"en-US\"},{\"@type\":\"ImageObject\",\"@id\":\"https:\/\/hydrosprzet.pl\/produkt\/liugong-9051f\/#primaryimage\",\"inLanguage\":\"en-US\",\"url\":\"https:\/\/hydrosprzet.pl\/wp-content\/uploads\/2026\/03\/Projekt-bez-nazwy-14.jpg\",\"contentUrl\":\"https:\/\/hydrosprzet.pl\/wp-content\/uploads\/2026\/03\/Projekt-bez-nazwy-14.jpg\",\"width\":1100,\"height\":733,\"caption\":\"liugong 9051f\"},{\"@type\":\"WebPage\",\"@id\":\"https:\/\/hydrosprzet.pl\/produkt\/liugong-9051f\/#webpage\",\"url\":\"https:\/\/hydrosprzet.pl\/produkt\/liugong-9051f\/\",\"name\":\"LiuGong 9051F - Hydrosprz\\u0119t - Maszyny - LiuGong Dressta Machinery\",\"isPartOf\":{\"@id\":\"https:\/\/hydrosprzet.pl\/#website\"},\"primaryImageOfPage\":{\"@id\":\"https:\/\/hydrosprzet.pl\/produkt\/liugong-9051f\/#primaryimage\"},\"datePublished\":\"2026-03-31T11:45:54+00:00\",\"dateModified\":\"2026-04-01T11:42:39+00:00\",\"description\":\"Firma Hydrosprz\\u0119t ma do zaoferowania kopark\\u0119 g\\u0105sienicow\\u0105 LiuGong 9051F. Zapewniamy pe\\u0142ny zakres obs\\u0142ugi serwisowej oraz dostep do cz\\u0119\\u015bci.\",\"breadcrumb\":{\"@id\":\"https:\/\/hydrosprzet.pl\/produkt\/liugong-9051f\/#breadcrumb\"},\"inLanguage\":\"en-US\",\"potentialAction\":[{\"@type\":\"ReadAction\",\"target\":[\"https:\/\/hydrosprzet.pl\/produkt\/liugong-9051f\/\"]}]},{\"@type\":\"BreadcrumbList\",\"@id\":\"https:\/\/hydrosprzet.pl\/produkt\/liugong-9051f\/#breadcrumb\",\"itemListElement\":[{\"@type\":\"ListItem\",\"position\":1,\"name\":\"Strona g\\u0142\\u00f3wna\",\"item\":\"https:\/\/hydrosprzet.pl\/\"},{\"@type\":\"ListItem\",\"position\":2,\"name\":\"Maszyny\",\"item\":\"https:\/\/hydrosprzet.pl\/maszyny\/\"},{\"@type\":\"ListItem\",\"position\":3,\"name\":\"LiuGong 9051F\"}]}]}<\/script>\n<!-- \/ Yoast SEO plugin. -->","yoast_head_json":{"title":"LiuGong 9051F - Hydrosprz\u0119t - Maszyny - LiuGong Dressta Machinery","description":"Firma Hydrosprz\u0119t ma do zaoferowania kopark\u0119 g\u0105sienicow\u0105 LiuGong 9051F. Zapewniamy pe\u0142ny zakres obs\u0142ugi serwisowej oraz dostep do cz\u0119\u015bci.","robots":{"index":"index","follow":"follow","max-snippet":"max-snippet:-1","max-image-preview":"max-image-preview:large","max-video-preview":"max-video-preview:-1"},"canonical":"https:\/\/hydrosprzet.pl\/en\/product\/liugong-9051f\/","og_locale":"en_US","og_type":"article","og_title":"LiuGong 9051F - Hydrosprz\u0119t - Maszyny - LiuGong Dressta Machinery","og_description":"Firma Hydrosprz\u0119t ma do zaoferowania kopark\u0119 g\u0105sienicow\u0105 LiuGong 9051F. Zapewniamy pe\u0142ny zakres obs\u0142ugi serwisowej oraz dostep do cz\u0119\u015bci.","og_url":"https:\/\/hydrosprzet.pl\/en\/product\/liugong-9051f\/","og_site_name":"Hydrosprz\u0119t","article_modified_time":"2026-04-01T11:42:39+00:00","og_image":[{"width":1100,"height":733,"url":"https:\/\/hydrosprzet.pl\/wp-content\/uploads\/2026\/03\/Projekt-bez-nazwy-14.jpg","type":"image\/jpeg"}],"twitter_card":"summary_large_image","twitter_misc":{"Est. reading time":"2 minutes"},"schema":{"@context":"https:\/\/schema.org","@graph":[{"@type":"WebSite","@id":"https:\/\/hydrosprzet.pl\/#website","url":"https:\/\/hydrosprzet.pl\/","name":"Hydrosprz\u0119t","description":"Maszyny budowlane","potentialAction":[{"@type":"SearchAction","target":{"@type":"EntryPoint","urlTemplate":"https:\/\/hydrosprzet.pl\/?s={search_term_string}"},"query-input":"required name=search_term_string"}],"inLanguage":"en-US"},{"@type":"ImageObject","@id":"https:\/\/hydrosprzet.pl\/produkt\/liugong-9051f\/#primaryimage","inLanguage":"en-US","url":"https:\/\/hydrosprzet.pl\/wp-content\/uploads\/2026\/03\/Projekt-bez-nazwy-14.jpg","contentUrl":"https:\/\/hydrosprzet.pl\/wp-content\/uploads\/2026\/03\/Projekt-bez-nazwy-14.jpg","width":1100,"height":733,"caption":"liugong 9051f"},{"@type":"WebPage","@id":"https:\/\/hydrosprzet.pl\/produkt\/liugong-9051f\/#webpage","url":"https:\/\/hydrosprzet.pl\/produkt\/liugong-9051f\/","name":"LiuGong 9051F - Hydrosprz\u0119t - Maszyny - LiuGong Dressta Machinery","isPartOf":{"@id":"https:\/\/hydrosprzet.pl\/#website"},"primaryImageOfPage":{"@id":"https:\/\/hydrosprzet.pl\/produkt\/liugong-9051f\/#primaryimage"},"datePublished":"2026-03-31T11:45:54+00:00","dateModified":"2026-04-01T11:42:39+00:00","description":"Firma Hydrosprz\u0119t ma do zaoferowania kopark\u0119 g\u0105sienicow\u0105 LiuGong 9051F. Zapewniamy pe\u0142ny zakres obs\u0142ugi serwisowej oraz dostep do cz\u0119\u015bci.","breadcrumb":{"@id":"https:\/\/hydrosprzet.pl\/produkt\/liugong-9051f\/#breadcrumb"},"inLanguage":"en-US","potentialAction":[{"@type":"ReadAction","target":["https:\/\/hydrosprzet.pl\/produkt\/liugong-9051f\/"]}]},{"@type":"BreadcrumbList","@id":"https:\/\/hydrosprzet.pl\/produkt\/liugong-9051f\/#breadcrumb","itemListElement":[{"@type":"ListItem","position":1,"name":"Strona g\u0142\u00f3wna","item":"https:\/\/hydrosprzet.pl\/"},{"@type":"ListItem","position":2,"name":"Maszyny","item":"https:\/\/hydrosprzet.pl\/maszyny\/"},{"@type":"ListItem","position":3,"name":"LiuGong 9051F"}]}]}},"_links":{"self":[{"href":"https:\/\/hydrosprzet.pl\/en\/wp-json\/wp\/v2\/product\/7848"}],"collection":[{"href":"https:\/\/hydrosprzet.pl\/en\/wp-json\/wp\/v2\/product"}],"about":[{"href":"https:\/\/hydrosprzet.pl\/en\/wp-json\/wp\/v2\/types\/product"}],"wp:featuredmedia":[{"embeddable":true,"href":"https:\/\/hydrosprzet.pl\/en\/wp-json\/wp\/v2\/media\/7849"}],"wp:attachment":[{"href":"https:\/\/hydrosprzet.pl\/en\/wp-json\/wp\/v2\/media?parent=7848"}],"curies":[{"name":"wp","href":"https:\/\/api.w.org\/{rel}","templated":true}]}}