{"id":7755,"date":"2026-03-18T13:58:50","date_gmt":"2026-03-18T12:58:50","guid":{"rendered":"https:\/\/hydrosprzet.pl\/?post_type=product&#038;p=7755"},"modified":"2026-03-18T14:15:14","modified_gmt":"2026-03-18T13:15:14","slug":"dressta-td-16n","status":"publish","type":"product","link":"https:\/\/hydrosprzet.pl\/en\/product\/dressta-td-16n\/","title":{"rendered":"Dressta TD-16N"},"content":{"rendered":"<h1 data-section-id=\"kucbbs\" data-start=\"257\" data-end=\"347\">Dressta TD-16N \u2013 nowoczesna spycharka g\u0105sienicowa klasy 16 ton z nap\u0119dem hydrostatycznym<\/h1>\n<p data-start=\"349\" data-end=\"652\"><strong data-start=\"349\" data-end=\"367\">Dressta TD-16N<\/strong> to nowoczesna spycharka g\u0105sienicowa zaprojektowana z my\u015bl\u0105 o maksymalnej wydajno\u015bci, komforcie operatora oraz bezpiecze\u0144stwie pracy. Model ten wyznacza nowe standardy w swojej klasie \u2013 zar\u00f3wno pod wzgl\u0119dem widoczno\u015bci, jak i efektywno\u015bci pracy w najtrudniejszych warunkach terenowych.<\/p>\n<p data-start=\"654\" data-end=\"1021\">Maszyna zosta\u0142a wyposa\u017cona w silnik <strong data-start=\"690\" data-end=\"717\">Cummins B6.7 EU Stage V<\/strong> o mocy <strong data-start=\"725\" data-end=\"744\">143 kW (192 KM)<\/strong>, kt\u00f3ry generuje moment obrotowy <strong data-start=\"777\" data-end=\"787\">881 Nm<\/strong>, zapewniaj\u0105c wysok\u0105 si\u0142\u0119 uci\u0105gu oraz niskie zu\u017cycie paliwa. Maksymalna si\u0142a uci\u0105gu wynosi a\u017c <strong data-start=\"881\" data-end=\"891\">305 kN<\/strong>, co przek\u0142ada si\u0119 na doskona\u0142e parametry pracy przy spychania, r\u00f3wnaniu i pracy z ripperem .<\/p>\n<hr data-start=\"1023\" data-end=\"1026\" \/>\n<h2 data-section-id=\"1yp3a3g\" data-start=\"1028\" data-end=\"1076\">Wydajno\u015b\u0107 i mo\u017cliwo\u015bci robocze Dressta TD-16N<\/h2>\n<p data-start=\"1078\" data-end=\"1184\"><strong data-start=\"1078\" data-end=\"1096\">Dressta TD-16N<\/strong> dost\u0119pna jest w wersjach LT i LGP, co pozwala dopasowa\u0107 maszyn\u0119 do warunk\u00f3w terenowych:<\/p>\n<ul data-start=\"1186\" data-end=\"1355\">\n<li data-section-id=\"rz1xvq\" data-start=\"1186\" data-end=\"1229\">\n<p data-start=\"1188\" data-end=\"1229\">masa operacyjna: <strong data-start=\"1205\" data-end=\"1227\">18 560 \u2013 19 010 kg<\/strong><\/p>\n<\/li>\n<li data-section-id=\"15cld8b\" data-start=\"1230\" data-end=\"1270\">\n<p data-start=\"1232\" data-end=\"1270\">pojemno\u015b\u0107 lemiesza: <strong data-start=\"1252\" data-end=\"1268\">4,0 \u2013 4,4 m\u00b3<\/strong><\/p>\n<\/li>\n<li data-section-id=\"3x5534\" data-start=\"1271\" data-end=\"1314\">\n<p data-start=\"1273\" data-end=\"1314\">szeroko\u015b\u0107 g\u0105sienic: do <strong data-start=\"1296\" data-end=\"1312\">762 mm (LGP)<\/strong><\/p>\n<\/li>\n<li data-section-id=\"1gqj8xj\" data-start=\"1315\" data-end=\"1355\">\n<p data-start=\"1317\" data-end=\"1355\">nacisk na grunt: ju\u017c od <strong data-start=\"1341\" data-end=\"1353\">36,6 kPa<\/strong><\/p>\n<\/li>\n<\/ul>\n<p data-start=\"1357\" data-end=\"1625\">Maszyna zosta\u0142a wyposa\u017cona w nowoczesny lemiesz <strong data-start=\"1405\" data-end=\"1428\">VPAT (6-kierunkowy)<\/strong>, kt\u00f3ry umo\u017cliwia precyzyjne profilowanie terenu, niwelacj\u0119 oraz prac\u0119 na skarpach. Dzi\u0119ki temu<strong data-start=\"1524\" data-end=\"1542\">\u00a0td-16n<\/strong> sprawdza si\u0119 zar\u00f3wno przy du\u017cych robotach ziemnych, jak i pracach wyko\u0144czeniowych.<\/p>\n<hr data-start=\"1627\" data-end=\"1630\" \/>\n<h2 data-section-id=\"l6ejk7\" data-start=\"1632\" data-end=\"1689\">Nap\u0119d hydrostatyczny \u2013 pe\u0142na kontrola i p\u0142ynno\u015b\u0107 pracy<\/h2>\n<p data-start=\"1691\" data-end=\"1797\">Jedn\u0105 z najwi\u0119kszych zalet modelu <strong data-start=\"1725\" data-end=\"1743\">dressta td-16n<\/strong> jest nowoczesny nap\u0119d hydrostatyczny, kt\u00f3ry zapewnia:<\/p>\n<ul data-start=\"1799\" data-end=\"1987\">\n<li data-section-id=\"1yaa89x\" data-start=\"1799\" data-end=\"1841\">\n<p data-start=\"1801\" data-end=\"1841\">p\u0142ynn\u0105 jazd\u0119 i precyzyjne manewrowanie<\/p>\n<\/li>\n<li data-section-id=\"1hjpmvn\" data-start=\"1842\" data-end=\"1891\">\n<p data-start=\"1844\" data-end=\"1891\">mo\u017cliwo\u015b\u0107 obrotu w miejscu (counter-rotation)<\/p>\n<\/li>\n<li data-section-id=\"12dgn01\" data-start=\"1892\" data-end=\"1940\">\n<p data-start=\"1894\" data-end=\"1940\">automatyczne dostosowanie mocy do obci\u0105\u017cenia<\/p>\n<\/li>\n<li data-section-id=\"mqfkbr\" data-start=\"1941\" data-end=\"1987\">\n<p data-start=\"1943\" data-end=\"1987\">mniejsze zu\u017cycie komponent\u00f3w mechanicznych<\/p>\n<\/li>\n<\/ul>\n<p data-start=\"1989\" data-end=\"2144\">Operator ma do dyspozycji trzy tryby pracy (Eco \/ Normal \/ Power), kt\u00f3re pozwalaj\u0105 dostosowa\u0107 maszyn\u0119 do aktualnych warunk\u00f3w i zwi\u0119kszy\u0107 efektywno\u015b\u0107 pracy.<\/p>\n<hr data-start=\"2146\" data-end=\"2149\" \/>\n<h2 data-section-id=\"c84b7v\" data-start=\"2151\" data-end=\"2199\">Rewolucyjna widoczno\u015b\u0107 i bezpiecze\u0144stwo pracy<\/h2>\n<p data-start=\"2201\" data-end=\"2388\"><strong data-start=\"2201\" data-end=\"2219\">Dressta TD-16N<\/strong> zosta\u0142a zaprojektowana jako \u201ebenchmark widoczno\u015bci\u201d \u2013 dzi\u0119ki centralnie umieszczonej kabinie operator ma doskona\u0142y widok na lemiesz, g\u0105sienice oraz ca\u0142y obszar roboczy.<\/p>\n<p data-start=\"2390\" data-end=\"2430\">Konstrukcja kabiny 4-s\u0142upkowej zapewnia:<\/p>\n<ul data-start=\"2432\" data-end=\"2544\">\n<li data-section-id=\"c2a50p\" data-start=\"2432\" data-end=\"2464\">\n<p data-start=\"2434\" data-end=\"2464\">-panoramiczn\u0105 widoczno\u015b\u0107 360\u00b0<\/p>\n<\/li>\n<li data-section-id=\"1lrde7r\" data-start=\"2465\" data-end=\"2497\">\n<p data-start=\"2467\" data-end=\"2497\">-wi\u0119ksze bezpiecze\u0144stwo pracy<\/p>\n<\/li>\n<li data-section-id=\"qtv3uo\" data-start=\"2498\" data-end=\"2544\">\n<p data-start=\"2500\" data-end=\"2544\">-precyzyjne operowanie lemieszem i ripperem<\/p>\n<\/li>\n<\/ul>\n<p data-start=\"2546\" data-end=\"2710\">Dodatkowo maszyna zosta\u0142a nagrodzona presti\u017cow\u0105 nagrod\u0105 <strong data-start=\"2602\" data-end=\"2626\">Red Dot Design Award<\/strong>, co potwierdza jej innowacyjno\u015b\u0107 i ergonomi\u0119 .<\/p>\n<hr data-start=\"2712\" data-end=\"2715\" \/>\n<h2 data-section-id=\"fva15x\" data-start=\"2717\" data-end=\"2760\">Komfort operatora na najwy\u017cszym poziomie<\/h2>\n<p data-start=\"2762\" data-end=\"2833\">Kabina operatora zosta\u0142a zaprojektowana z my\u015bl\u0105 o wielogodzinnej pracy:<\/p>\n<ul data-start=\"2835\" data-end=\"3036\">\n<li data-section-id=\"12fkdi2\" data-start=\"2835\" data-end=\"2881\">\n<p data-start=\"2837\" data-end=\"2881\">-ultra cicha kabina o niskim poziomie drga\u0144<\/p>\n<\/li>\n<li data-section-id=\"1tti3pb\" data-start=\"2882\" data-end=\"2922\">\n<p data-start=\"2884\" data-end=\"2922\">-fotel pneumatyczny z pe\u0142n\u0105 regulacj\u0105<\/p>\n<\/li>\n<li data-section-id=\"1a6v6ly\" data-start=\"2923\" data-end=\"2958\">\n<p data-start=\"2925\" data-end=\"2958\">-du\u017cy, 10-calowy wy\u015bwietlacz LCD<\/p>\n<\/li>\n<li data-section-id=\"1hhiets\" data-start=\"2959\" data-end=\"2998\">\n<p data-start=\"2961\" data-end=\"2998\">-ergonomiczne sterowanie joystickiem<\/p>\n<\/li>\n<li data-section-id=\"6qexlg\" data-start=\"2999\" data-end=\"3036\">\n<p data-start=\"3001\" data-end=\"3036\">-klimatyzacja i doskona\u0142a izolacja<\/p>\n<\/li>\n<\/ul>\n<p data-start=\"3038\" data-end=\"3161\">Dodatkowo maszyna oferuje mo\u017cliwo\u015b\u0107 zapisania ustawie\u0144 operatora, co zwi\u0119ksza wygod\u0119 pracy w firmach z wieloma operatorami.<\/p>\n<hr data-start=\"3163\" data-end=\"3166\" \/>\n<h2 data-section-id=\"o0dxsj\" data-start=\"3168\" data-end=\"3205\">Trwa\u0142o\u015b\u0107 i \u0142atwa obs\u0142uga serwisowa<\/h2>\n<p data-start=\"3207\" data-end=\"3287\"><strong data-start=\"3207\" data-end=\"3225\">Dressta TD-16N<\/strong> zosta\u0142a zaprojektowana do pracy w najtrudniejszych warunkach:<\/p>\n<ul data-start=\"3289\" data-end=\"3459\">\n<li data-section-id=\"16ce0vx\" data-start=\"3289\" data-end=\"3340\">\n<p data-start=\"3291\" data-end=\"3340\">wzmocniona rama i podwozie odporne na uderzenia<\/p>\n<\/li>\n<li data-section-id=\"14u8yp7\" data-start=\"3341\" data-end=\"3378\">\n<p data-start=\"3343\" data-end=\"3378\">zabezpieczone uk\u0142ady hydrauliczne<\/p>\n<\/li>\n<li data-section-id=\"1k6ovc7\" data-start=\"3379\" data-end=\"3404\">\n<p data-start=\"3381\" data-end=\"3404\">trwa\u0142y 3-z\u0119bny ripper<\/p>\n<\/li>\n<li data-section-id=\"okw7jn\" data-start=\"3405\" data-end=\"3459\">\n<p data-start=\"3407\" data-end=\"3459\">wentylator rewersyjny chroni\u0105cy silnik przed py\u0142em<\/p>\n<\/li>\n<\/ul>\n<p data-start=\"3461\" data-end=\"3631\">Codzienna obs\u0142uga zosta\u0142a maksymalnie uproszczona \u2013 wszystkie punkty serwisowe dost\u0119pne s\u0105 z poziomu gruntu, co znacz\u0105co zwi\u0119ksza bezpiecze\u0144stwo i skraca <a href=\"https:\/\/hydrosprzet.pl\/en\/serwis-dressta\/\">czas<\/a> przegl\u0105d\u00f3w.<\/p>\n<hr data-start=\"3633\" data-end=\"3636\" \/>\n<h2 data-section-id=\"1fduqbw\" data-start=\"3638\" data-end=\"3668\">Zastosowanie Dressta TD-16N<\/h2>\n<p data-start=\"3670\" data-end=\"3746\">Dzi\u0119ki swojej uniwersalno\u015bci <strong data-start=\"3699\" data-end=\"3717\">dressta td-16n<\/strong> doskonale sprawdza si\u0119 przy:<\/p>\n<ul data-start=\"3748\" data-end=\"3938\">\n<li data-section-id=\"1myf3vx\" data-start=\"3748\" data-end=\"3788\">\n<p data-start=\"3750\" data-end=\"3788\">-robotach ziemnych i niwelacji terenu<\/p>\n<\/li>\n<li data-section-id=\"2ggvuj\" data-start=\"3789\" data-end=\"3817\">\n<p data-start=\"3791\" data-end=\"3817\">-budowie dr\u00f3g i autostrad<\/p>\n<\/li>\n<li data-section-id=\"1r18kgx\" data-start=\"3818\" data-end=\"3859\">\n<p data-start=\"3820\" data-end=\"3859\">-pracach w kopalniach i kamienio\u0142omach<\/p>\n<\/li>\n<li data-section-id=\"gejuqn\" data-start=\"3860\" data-end=\"3899\">\n<p data-start=\"3862\" data-end=\"3899\">-przygotowaniu terenu pod inwestycje<\/p>\n<\/li>\n<li data-section-id=\"d4nbbt\" data-start=\"3900\" data-end=\"3938\">\n<p data-start=\"3902\" data-end=\"3938\">-pracy z ripperem w twardym gruncie<\/p>\n<\/li>\n<\/ul>\n<p data-start=\"3940\" data-end=\"4016\">To maszyna stworzona do ci\u0119\u017ckiej, codziennej pracy w wymagaj\u0105cych warunkach.<\/p>\n<hr data-start=\"4018\" data-end=\"4021\" \/>\n<h2 data-section-id=\"1o06r2q\" data-start=\"4023\" data-end=\"4063\">Dlaczego warto wybra\u0107 Dressta TD-16N?<\/h2>\n<ul data-start=\"4065\" data-end=\"4302\">\n<li data-section-id=\"1x49zzh\" data-start=\"4065\" data-end=\"4104\">\n<p data-start=\"4067\" data-end=\"4104\">-silnik <strong data-start=\"4074\" data-end=\"4102\">Cummins 192 KM \u2013 Stage V<\/strong><\/p>\n<\/li>\n<li data-section-id=\"ma3nmg\" data-start=\"4105\" data-end=\"4151\">\n<p data-start=\"4107\" data-end=\"4151\">-nap\u0119d hydrostatyczny \u2013 maksymalna kontrola<\/p>\n<\/li>\n<li data-section-id=\"1rq7p2i\" data-start=\"4152\" data-end=\"4178\">\n<p data-start=\"4154\" data-end=\"4178\">-si\u0142a uci\u0105gu <strong data-start=\"4166\" data-end=\"4176\">305 kN<\/strong><\/p>\n<\/li>\n<li data-section-id=\"11vme9x\" data-start=\"4179\" data-end=\"4212\">\n<p data-start=\"4181\" data-end=\"4212\">-lemiesz <strong data-start=\"4189\" data-end=\"4210\">VPAT 6-kierunkowy<\/strong><\/p>\n<\/li>\n<li data-section-id=\"1cycl23\" data-start=\"4213\" data-end=\"4242\">\n<p data-start=\"4215\" data-end=\"4242\">-wyj\u0105tkowa widoczno\u015b\u0107 360\u00b0<\/p>\n<\/li>\n<li data-section-id=\"1bdqigv\" data-start=\"4243\" data-end=\"4271\">\n<p data-start=\"4245\" data-end=\"4271\">-wysoki komfort <a href=\"http:\/\/www.hydrosprzedaz.pl\">operatora<\/a><\/p>\n<\/li>\n<li data-section-id=\"1gyrmp\" data-start=\"4272\" data-end=\"4302\">\n<p data-start=\"4274\" data-end=\"4302\">-niskie koszty eksploatacji<\/p>\n<\/li>\n<\/ul>\n<p data-start=\"4304\" data-end=\"4458\"><strong data-start=\"4304\" data-end=\"4322\">Dressta TD-16N<\/strong> to idealny wyb\u00f3r dla firm budowlanych i drogowych, kt\u00f3re potrzebuj\u0105 nowoczesnej, wydajnej i niezawodnej spycharki do intensywnej pracy.<\/p>\n<p>&nbsp;<\/p>\n<p><em><strong>BROSZURA : <\/strong><\/em><\/p>\n<p>&nbsp;<\/p>\n<table id=\"MachineSpecs\" class=\"table table-condensed table-striped\" style=\"height: 39px;\" width=\"544\">\n<tbody>\n<tr>\n<th><\/th>\n<td><\/td>\n<\/tr>\n<\/tbody>\n<\/table>","protected":false},"excerpt":{"rendered":"<p><strong data-start=\"349\" data-end=\"367\">Dressta TD-16N<\/strong> to nowoczesna spycharka g\u0105sienicowa zaprojektowana z my\u015bl\u0105 o maksymalnej wydajno\u015bci, komforcie operatora oraz bezpiecze\u0144stwie pracy. Model ten wyznacza nowe standardy w swojej klasie \u2013 zar\u00f3wno pod wzgl\u0119dem widoczno\u015bci, jak i efektywno\u015bci pracy w najtrudniejszych warunkach terenowych.<\/p>\n<p>&nbsp;<\/p>\n<p><em>Zdj\u0119cia oraz opisy w og\u0142oszeniu maj\u0105 charakter pogl\u0105dowy. Prezentowana oferta nie stanowi oferty handlowej w rozumieniu Kodeksu Cywilnego, a jedynie zaproszenie do z\u0142o\u017cenia zapytania. Cena, dost\u0119pno\u015b\u0107 oraz czas realizacji mog\u0105 ulec zmianie \u2013 ka\u017cdorazowo potwierdzane s\u0105 przed realizacj\u0105 zam\u00f3wienia.<\/em><\/p>","protected":false},"featured_media":7757,"template":"","meta":[],"yoast_head":"<!-- This site is optimized with the Yoast SEO plugin v17.3 - https:\/\/yoast.com\/wordpress\/plugins\/seo\/ -->\n<title>Dressta TD-16N - Dressta TD-16N - Hydrosprz\u0119t - LiuGong Dressta<\/title>\n<meta name=\"description\" content=\"Firma Hydrosprz\u0119t ma do zaoferowania spychark\u0119 g\u0105sienicow\u0105 Dressta TD-16N. Zapewniamy pe\u0142ny zakres obs\u0142ugi serwisowej oraz dostep do cz\u0119\u015bci.\" \/>\n<meta name=\"robots\" content=\"index, follow, max-snippet:-1, max-image-preview:large, max-video-preview:-1\" \/>\n<link rel=\"canonical\" href=\"https:\/\/hydrosprzet.pl\/en\/product\/dressta-td-16n\/\" \/>\n<meta property=\"og:locale\" content=\"en_US\" \/>\n<meta property=\"og:type\" content=\"article\" \/>\n<meta property=\"og:title\" content=\"Dressta TD-16N - Dressta TD-16N - Hydrosprz\u0119t - LiuGong Dressta\" \/>\n<meta property=\"og:description\" content=\"Firma Hydrosprz\u0119t ma do zaoferowania spychark\u0119 g\u0105sienicow\u0105 Dressta TD-16N. Zapewniamy pe\u0142ny zakres obs\u0142ugi serwisowej oraz dostep do cz\u0119\u015bci.\" \/>\n<meta property=\"og:url\" content=\"https:\/\/hydrosprzet.pl\/en\/product\/dressta-td-16n\/\" \/>\n<meta property=\"og:site_name\" content=\"Hydrosprz\u0119t\" \/>\n<meta property=\"article:modified_time\" content=\"2026-03-18T13:15:14+00:00\" \/>\n<meta property=\"og:image\" content=\"https:\/\/hydrosprzet.pl\/wp-content\/uploads\/2026\/03\/Projekt-bez-nazwy-10.jpg\" \/>\n\t<meta property=\"og:image:width\" content=\"1100\" \/>\n\t<meta property=\"og:image:height\" content=\"733\" \/>\n<meta name=\"twitter:card\" content=\"summary_large_image\" \/>\n<meta name=\"twitter:label1\" content=\"Est. reading time\" \/>\n\t<meta name=\"twitter:data1\" content=\"3 minutes\" \/>\n<script type=\"application\/ld+json\" class=\"yoast-schema-graph\">{\"@context\":\"https:\/\/schema.org\",\"@graph\":[{\"@type\":\"WebSite\",\"@id\":\"https:\/\/hydrosprzet.pl\/#website\",\"url\":\"https:\/\/hydrosprzet.pl\/\",\"name\":\"Hydrosprz\\u0119t\",\"description\":\"Maszyny budowlane\",\"potentialAction\":[{\"@type\":\"SearchAction\",\"target\":{\"@type\":\"EntryPoint\",\"urlTemplate\":\"https:\/\/hydrosprzet.pl\/?s={search_term_string}\"},\"query-input\":\"required name=search_term_string\"}],\"inLanguage\":\"en-US\"},{\"@type\":\"ImageObject\",\"@id\":\"https:\/\/hydrosprzet.pl\/produkt\/dressta-td-16n\/#primaryimage\",\"inLanguage\":\"en-US\",\"url\":\"https:\/\/hydrosprzet.pl\/wp-content\/uploads\/2026\/03\/Projekt-bez-nazwy-10.jpg\",\"contentUrl\":\"https:\/\/hydrosprzet.pl\/wp-content\/uploads\/2026\/03\/Projekt-bez-nazwy-10.jpg\",\"width\":1100,\"height\":733,\"caption\":\"dressta td-16n\"},{\"@type\":\"WebPage\",\"@id\":\"https:\/\/hydrosprzet.pl\/produkt\/dressta-td-16n\/#webpage\",\"url\":\"https:\/\/hydrosprzet.pl\/produkt\/dressta-td-16n\/\",\"name\":\"Dressta TD-16N - Dressta TD-16N - Hydrosprz\\u0119t - LiuGong Dressta\",\"isPartOf\":{\"@id\":\"https:\/\/hydrosprzet.pl\/#website\"},\"primaryImageOfPage\":{\"@id\":\"https:\/\/hydrosprzet.pl\/produkt\/dressta-td-16n\/#primaryimage\"},\"datePublished\":\"2026-03-18T12:58:50+00:00\",\"dateModified\":\"2026-03-18T13:15:14+00:00\",\"description\":\"Firma Hydrosprz\\u0119t ma do zaoferowania spychark\\u0119 g\\u0105sienicow\\u0105 Dressta TD-16N. Zapewniamy pe\\u0142ny zakres obs\\u0142ugi serwisowej oraz dostep do cz\\u0119\\u015bci.\",\"breadcrumb\":{\"@id\":\"https:\/\/hydrosprzet.pl\/produkt\/dressta-td-16n\/#breadcrumb\"},\"inLanguage\":\"en-US\",\"potentialAction\":[{\"@type\":\"ReadAction\",\"target\":[\"https:\/\/hydrosprzet.pl\/produkt\/dressta-td-16n\/\"]}]},{\"@type\":\"BreadcrumbList\",\"@id\":\"https:\/\/hydrosprzet.pl\/produkt\/dressta-td-16n\/#breadcrumb\",\"itemListElement\":[{\"@type\":\"ListItem\",\"position\":1,\"name\":\"Strona g\\u0142\\u00f3wna\",\"item\":\"https:\/\/hydrosprzet.pl\/\"},{\"@type\":\"ListItem\",\"position\":2,\"name\":\"Maszyny\",\"item\":\"https:\/\/hydrosprzet.pl\/maszyny\/\"},{\"@type\":\"ListItem\",\"position\":3,\"name\":\"Dressta TD-16N\"}]}]}<\/script>\n<!-- \/ Yoast SEO plugin. -->","yoast_head_json":{"title":"Dressta TD-16N - Dressta TD-16N - Hydrosprz\u0119t - LiuGong Dressta","description":"Firma Hydrosprz\u0119t ma do zaoferowania spychark\u0119 g\u0105sienicow\u0105 Dressta TD-16N. Zapewniamy pe\u0142ny zakres obs\u0142ugi serwisowej oraz dostep do cz\u0119\u015bci.","robots":{"index":"index","follow":"follow","max-snippet":"max-snippet:-1","max-image-preview":"max-image-preview:large","max-video-preview":"max-video-preview:-1"},"canonical":"https:\/\/hydrosprzet.pl\/en\/product\/dressta-td-16n\/","og_locale":"en_US","og_type":"article","og_title":"Dressta TD-16N - Dressta TD-16N - Hydrosprz\u0119t - LiuGong Dressta","og_description":"Firma Hydrosprz\u0119t ma do zaoferowania spychark\u0119 g\u0105sienicow\u0105 Dressta TD-16N. Zapewniamy pe\u0142ny zakres obs\u0142ugi serwisowej oraz dostep do cz\u0119\u015bci.","og_url":"https:\/\/hydrosprzet.pl\/en\/product\/dressta-td-16n\/","og_site_name":"Hydrosprz\u0119t","article_modified_time":"2026-03-18T13:15:14+00:00","og_image":[{"width":1100,"height":733,"url":"https:\/\/hydrosprzet.pl\/wp-content\/uploads\/2026\/03\/Projekt-bez-nazwy-10.jpg","type":"image\/jpeg"}],"twitter_card":"summary_large_image","twitter_misc":{"Est. reading time":"3 minutes"},"schema":{"@context":"https:\/\/schema.org","@graph":[{"@type":"WebSite","@id":"https:\/\/hydrosprzet.pl\/#website","url":"https:\/\/hydrosprzet.pl\/","name":"Hydrosprz\u0119t","description":"Maszyny budowlane","potentialAction":[{"@type":"SearchAction","target":{"@type":"EntryPoint","urlTemplate":"https:\/\/hydrosprzet.pl\/?s={search_term_string}"},"query-input":"required name=search_term_string"}],"inLanguage":"en-US"},{"@type":"ImageObject","@id":"https:\/\/hydrosprzet.pl\/produkt\/dressta-td-16n\/#primaryimage","inLanguage":"en-US","url":"https:\/\/hydrosprzet.pl\/wp-content\/uploads\/2026\/03\/Projekt-bez-nazwy-10.jpg","contentUrl":"https:\/\/hydrosprzet.pl\/wp-content\/uploads\/2026\/03\/Projekt-bez-nazwy-10.jpg","width":1100,"height":733,"caption":"dressta td-16n"},{"@type":"WebPage","@id":"https:\/\/hydrosprzet.pl\/produkt\/dressta-td-16n\/#webpage","url":"https:\/\/hydrosprzet.pl\/produkt\/dressta-td-16n\/","name":"Dressta TD-16N - Dressta TD-16N - Hydrosprz\u0119t - LiuGong Dressta","isPartOf":{"@id":"https:\/\/hydrosprzet.pl\/#website"},"primaryImageOfPage":{"@id":"https:\/\/hydrosprzet.pl\/produkt\/dressta-td-16n\/#primaryimage"},"datePublished":"2026-03-18T12:58:50+00:00","dateModified":"2026-03-18T13:15:14+00:00","description":"Firma Hydrosprz\u0119t ma do zaoferowania spychark\u0119 g\u0105sienicow\u0105 Dressta TD-16N. Zapewniamy pe\u0142ny zakres obs\u0142ugi serwisowej oraz dostep do cz\u0119\u015bci.","breadcrumb":{"@id":"https:\/\/hydrosprzet.pl\/produkt\/dressta-td-16n\/#breadcrumb"},"inLanguage":"en-US","potentialAction":[{"@type":"ReadAction","target":["https:\/\/hydrosprzet.pl\/produkt\/dressta-td-16n\/"]}]},{"@type":"BreadcrumbList","@id":"https:\/\/hydrosprzet.pl\/produkt\/dressta-td-16n\/#breadcrumb","itemListElement":[{"@type":"ListItem","position":1,"name":"Strona g\u0142\u00f3wna","item":"https:\/\/hydrosprzet.pl\/"},{"@type":"ListItem","position":2,"name":"Maszyny","item":"https:\/\/hydrosprzet.pl\/maszyny\/"},{"@type":"ListItem","position":3,"name":"Dressta TD-16N"}]}]}},"_links":{"self":[{"href":"https:\/\/hydrosprzet.pl\/en\/wp-json\/wp\/v2\/product\/7755"}],"collection":[{"href":"https:\/\/hydrosprzet.pl\/en\/wp-json\/wp\/v2\/product"}],"about":[{"href":"https:\/\/hydrosprzet.pl\/en\/wp-json\/wp\/v2\/types\/product"}],"wp:featuredmedia":[{"embeddable":true,"href":"https:\/\/hydrosprzet.pl\/en\/wp-json\/wp\/v2\/media\/7757"}],"wp:attachment":[{"href":"https:\/\/hydrosprzet.pl\/en\/wp-json\/wp\/v2\/media?parent=7755"}],"curies":[{"name":"wp","href":"https:\/\/api.w.org\/{rel}","templated":true}]}}