{"id":7697,"date":"2026-01-12T10:47:24","date_gmt":"2026-01-12T09:47:24","guid":{"rendered":"https:\/\/hydrosprzet.pl\/?post_type=product&#038;p=7697"},"modified":"2026-02-20T08:24:26","modified_gmt":"2026-02-20T07:24:26","slug":"liugong-856t","status":"publish","type":"product","link":"https:\/\/hydrosprzet.pl\/en\/product\/liugong-856t\/","title":{"rendered":"LiuGong 856T"},"content":{"rendered":"<h3>LiuGong 856T<\/h3>\n<p>&nbsp;<\/p>\n<h2 data-start=\"289\" data-end=\"358\">LiuGong 856T \u2013 solidna \u0142adowarka ko\u0142owa do najci\u0119\u017cszych zastosowa\u0144<\/h2>\n<p data-start=\"360\" data-end=\"708\"><strong data-start=\"360\" data-end=\"376\">LiuGong 856T<\/strong> to nowoczesna \u0142adowarka ko\u0142owa zaprojektowana do intensywnej pracy w najtrudniejszych warunkach \u2013 od kopalni i \u017cwirowni, przez place budowy, a\u017c po przemys\u0142 i logistyk\u0119 materia\u0142\u00f3w sypkich. Model ten \u0142\u0105czy wysok\u0105 wydajno\u015b\u0107, niezawodno\u015b\u0107 oraz nowoczesne rozwi\u0105zania techniczne, spe\u0142niaj\u0105c rygorystyczne normy emisji spalin EU Stage V.<\/p>\n<p data-start=\"710\" data-end=\"1077\">Sercem maszyny<strong data-start=\"725\" data-end=\"741\">\u00a0856t<\/strong> jest sprawdzony silnik <strong data-start=\"765\" data-end=\"781\"><a href=\"http:\/\/www.hydrosprzedaz.pl\">Cummins<\/a> B6.7<\/strong> o mocy maksymalnej <strong data-start=\"801\" data-end=\"820\">183 kW (245 KM)<\/strong>, kt\u00f3ry zapewnia wysoki moment obrotowy <strong data-start=\"860\" data-end=\"890\">1186 Nm przy 1300 obr.\/min<\/strong>. Takie parametry gwarantuj\u0105 p\u0142ynn\u0105 prac\u0119 pod obci\u0105\u017ceniem oraz doskona\u0142\u0105 efektywno\u015b\u0107 paliwow\u0105 nawet podczas najbardziej wymagaj\u0105cych cykli roboczych<\/p>\n<hr data-start=\"1079\" data-end=\"1082\" \/>\n<h2 data-start=\"1084\" data-end=\"1124\">Wysoka wydajno\u015b\u0107 robocza LiuGong 856T<\/h2>\n<p data-start=\"1126\" data-end=\"1442\">\u0141adowarka <strong data-start=\"1136\" data-end=\"1152\">liugong 856t<\/strong> zosta\u0142a wyposa\u017cona w standardow\u0105 \u0142y\u017ck\u0119 o pojemno\u015bci <strong data-start=\"1205\" data-end=\"1215\">3,5 m\u00b3<\/strong>, a zakres dost\u0119pnych \u0142y\u017cek si\u0119ga od <strong data-start=\"1252\" data-end=\"1269\">2,7 do 5,6 m\u00b3<\/strong>, co pozwala idealnie dopasowa\u0107 maszyn\u0119 do konkretnego zastosowania. Si\u0142a wyrywaj\u0105ca \u0142y\u017cki na poziomie <strong data-start=\"1372\" data-end=\"1382\">147 kN<\/strong> umo\u017cliwia sprawn\u0105 prac\u0119 nawet w twardym i zbitym materiale.<\/p>\n<p data-start=\"1444\" data-end=\"1768\">Maksymalna wysoko\u015b\u0107 sworznia \u0142y\u017cki wynosi <strong data-start=\"1486\" data-end=\"1497\">4107 mm<\/strong>, a prze\u015bwit przy wysypie <strong data-start=\"1523\" data-end=\"1534\">2663 mm<\/strong>, co znacz\u0105co u\u0142atwia za\u0142adunek wysokich samochod\u00f3w ci\u0119\u017carowych i przesiewaczy. Kr\u00f3tki i szybki cykl hydrauliczny (\u0142\u0105cznie <strong data-start=\"1657\" data-end=\"1666\">9,6 s<\/strong>) przek\u0142ada si\u0119 na realnie wy\u017csz\u0105 produktywno\u015b\u0107 na placu budowy <button class=\"ms-1 flex h-[25px] text-[10px] leading-[13px] rounded-xl corner-superellipse\/1.1 items-center justify-center gap-1 px-2 relative text-token-text-secondary! hover:text-token-text-primary! hover:bg-token-bg-secondary dark:bg-token-main-surface-secondary dark:hover:bg-token-bg-secondary bg-[#f4f4f4]\"><\/button><\/p>\n<hr data-start=\"1770\" data-end=\"1773\" \/>\n<h2 data-start=\"1775\" data-end=\"1816\">Trwa\u0142a konstrukcja i komfort operatora<\/h2>\n<p data-start=\"1818\" data-end=\"2101\"><strong data-start=\"1818\" data-end=\"1834\">LiuGong 856T<\/strong> charakteryzuje si\u0119 mas\u0105 robocz\u0105 <strong data-start=\"1867\" data-end=\"1880\">19 600 kg<\/strong>, co zapewnia doskona\u0142\u0105 stabilno\u015b\u0107 podczas pracy. Wzmocnione osie z mechanizmem limited slip, mokre hamulce tarczowe oraz wydajny uk\u0142ad hydrauliczny z pomp\u0105 t\u0142okow\u0105 gwarantuj\u0105 d\u0142ug\u0105 \u017cywotno\u015b\u0107 i bezpiecze\u0144stwo u\u017cytkowania.<\/p>\n<p data-start=\"2103\" data-end=\"2401\">Hydrokinetyczna skrzynia bieg\u00f3w typu powershift umo\u017cliwia p\u0142ynn\u0105 jazd\u0119 z pr\u0119dko\u015bci\u0105 do <strong data-start=\"2190\" data-end=\"2213\">37,7 km\/h do przodu<\/strong>, co usprawnia przemieszczanie si\u0119 po du\u017cych placach roboczych. Kabina operatora zosta\u0142a zaprojektowana z my\u015bl\u0105 o ergonomii, dobrej widoczno\u015bci oraz komforcie podczas wielogodzinnej pracy.<\/p>\n<hr data-start=\"2403\" data-end=\"2406\" \/>\n<h2 data-start=\"2408\" data-end=\"2446\">Dlaczego warto wybra\u0107 856T?<\/h2>\n<ul data-start=\"2448\" data-end=\"2715\">\n<li data-start=\"2448\" data-end=\"2508\">\n<p data-start=\"2450\" data-end=\"2508\">-silnik <strong data-start=\"2457\" data-end=\"2473\">Cummins B6.7<\/strong> spe\u0142niaj\u0105cy norm\u0119 <strong data-start=\"2492\" data-end=\"2506\">EU Stage V<\/strong><\/p>\n<\/li>\n<li data-start=\"2509\" data-end=\"2558\">\n<p data-start=\"2511\" data-end=\"2558\">-wysoka si\u0142a wyrywaj\u0105ca i du\u017ca pojemno\u015b\u0107 \u0142y\u017cki<\/p>\n<\/li>\n<li data-start=\"2559\" data-end=\"2603\">\n<p data-start=\"2561\" data-end=\"2603\">-szybkie cykle robocze i wysoka wydajno\u015b\u0107<\/p>\n<\/li>\n<li data-start=\"2604\" data-end=\"2662\">\n<p data-start=\"2606\" data-end=\"2662\">-solidna konstrukcja przystosowana do ci\u0119\u017ckich warunk\u00f3w<\/p>\n<\/li>\n<li data-start=\"2663\" data-end=\"2715\">\n<p data-start=\"2665\" data-end=\"2715\">-niskie koszty eksploatacji i wysoka niezawodno\u015b\u0107<\/p>\n<\/li>\n<\/ul>\n<p data-start=\"2717\" data-end=\"2886\"><strong data-start=\"2717\" data-end=\"2733\">Liugong 856t<\/strong> to idealny wyb\u00f3r dla firm budowlanych, kopal\u0144 oraz przedsi\u0119biorstw, kt\u00f3re oczekuj\u0105 maksymalnej wydajno\u015bci, trwa\u0142o\u015bci i komfortu pracy w jednej maszynie.<\/p>\n<p>&nbsp;<\/p>\n<p><em><strong>BROSZURA :<\/strong> <a href=\"https:\/\/hydrosprzet.pl\/wp-content\/uploads\/2026\/01\/WL-856T_STAGE-V_-ZF4BP210-40P-Broch-A4_062024.pdf\">LiuGong 856T_PL<\/a><\/em><\/p>","protected":false},"excerpt":{"rendered":"<p>Nowa \u0142adowarka ko\u0142owa 856T pracuje nie tylko wydajniej, ale r\u00f3wnie\u017c inteligentniej. Dzi\u0119ki zaawansowanym technologiom oraz wytrzyma\u0142ej konstrukcji, 856T integruje w sobie r\u00f3wnowag\u0119 mi\u0119dzy oszcz\u0119dno\u015bci\u0105 zu\u017cycia paliwa a wydajno\u015bci\u0105 pracy. Na ka\u017cdym etapie projektu, LiuGong d\u0105\u017cy do zagwarantowania niezawodno\u015bci i trwa\u0142o\u015bci. Jest to widoczne w przypadku 856T, co czyni ten nowy model \u0142adowarki m\u0105drym wyborem dla tych, kt\u00f3rzy szukaj\u0105 maszyny \u0142\u0105cz\u0105cej w sobie niskie koszty utrzymania oraz pewno\u015b\u0107 dzia\u0142ania.<\/p>\n<p>&nbsp;<\/p>\n<p data-start=\"184\" data-end=\"369\"><em>Zdj\u0119cia oraz opisy w og\u0142oszeniu maj\u0105 charakter pogl\u0105dowy. Prezentowana oferta nie stanowi oferty handlowej w rozumieniu Kodeksu Cywilnego, a jedynie zaproszenie do z\u0142o\u017cenia zapytania. Cena, dost\u0119pno\u015b\u0107 oraz czas realizacji mog\u0105 ulec zmianie \u2013 ka\u017cdorazowo potwierdzane s\u0105 przed realizacj\u0105 zam\u00f3wienia.<\/em><\/p>","protected":false},"featured_media":7723,"template":"","meta":[],"yoast_head":"<!-- This site is optimized with the Yoast SEO plugin v17.3 - https:\/\/yoast.com\/wordpress\/plugins\/seo\/ -->\n<title>LiuGong 856T - Hydrosprz\u0119t - Maszyny - LiuGong Dressta Machinery<\/title>\n<meta name=\"description\" content=\"Firma Hydrosprz\u0119t ma do zaoferowania \u0142adowark\u0119 ko\u0142ow\u0105 LiuGong 856T. Zapewniamy pe\u0142ny zakres obs\u0142ugi serwisowej oraz dostep do cz\u0119\u015bci.\" \/>\n<meta name=\"robots\" content=\"index, follow, max-snippet:-1, max-image-preview:large, max-video-preview:-1\" \/>\n<link rel=\"canonical\" href=\"https:\/\/hydrosprzet.pl\/en\/product\/liugong-856t\/\" \/>\n<meta property=\"og:locale\" content=\"en_US\" \/>\n<meta property=\"og:type\" content=\"article\" \/>\n<meta property=\"og:title\" content=\"LiuGong 856T - Hydrosprz\u0119t - Maszyny - LiuGong Dressta Machinery\" \/>\n<meta property=\"og:description\" content=\"Firma Hydrosprz\u0119t ma do zaoferowania \u0142adowark\u0119 ko\u0142ow\u0105 LiuGong 856T. Zapewniamy pe\u0142ny zakres obs\u0142ugi serwisowej oraz dostep do cz\u0119\u015bci.\" \/>\n<meta property=\"og:url\" content=\"https:\/\/hydrosprzet.pl\/en\/product\/liugong-856t\/\" \/>\n<meta property=\"og:site_name\" content=\"Hydrosprz\u0119t\" \/>\n<meta property=\"article:modified_time\" content=\"2026-02-20T07:24:26+00:00\" \/>\n<meta property=\"og:image\" content=\"https:\/\/hydrosprzet.pl\/wp-content\/uploads\/2026\/01\/Projekt-bez-nazwy-5.jpg\" \/>\n\t<meta property=\"og:image:width\" content=\"1104\" \/>\n\t<meta property=\"og:image:height\" content=\"736\" \/>\n<meta name=\"twitter:card\" content=\"summary_large_image\" \/>\n<meta name=\"twitter:label1\" content=\"Est. reading time\" \/>\n\t<meta name=\"twitter:data1\" content=\"1 minute\" \/>\n<script type=\"application\/ld+json\" class=\"yoast-schema-graph\">{\"@context\":\"https:\/\/schema.org\",\"@graph\":[{\"@type\":\"WebSite\",\"@id\":\"https:\/\/hydrosprzet.pl\/#website\",\"url\":\"https:\/\/hydrosprzet.pl\/\",\"name\":\"Hydrosprz\\u0119t\",\"description\":\"Maszyny budowlane\",\"potentialAction\":[{\"@type\":\"SearchAction\",\"target\":{\"@type\":\"EntryPoint\",\"urlTemplate\":\"https:\/\/hydrosprzet.pl\/?s={search_term_string}\"},\"query-input\":\"required name=search_term_string\"}],\"inLanguage\":\"en-US\"},{\"@type\":\"ImageObject\",\"@id\":\"https:\/\/hydrosprzet.pl\/produkt\/liugong-856t\/#primaryimage\",\"inLanguage\":\"en-US\",\"url\":\"https:\/\/hydrosprzet.pl\/wp-content\/uploads\/2026\/01\/Projekt-bez-nazwy-5.jpg\",\"contentUrl\":\"https:\/\/hydrosprzet.pl\/wp-content\/uploads\/2026\/01\/Projekt-bez-nazwy-5.jpg\",\"width\":1104,\"height\":736,\"caption\":\"liugong 856t\"},{\"@type\":\"WebPage\",\"@id\":\"https:\/\/hydrosprzet.pl\/produkt\/liugong-856t\/#webpage\",\"url\":\"https:\/\/hydrosprzet.pl\/produkt\/liugong-856t\/\",\"name\":\"LiuGong 856T - Hydrosprz\\u0119t - Maszyny - LiuGong Dressta Machinery\",\"isPartOf\":{\"@id\":\"https:\/\/hydrosprzet.pl\/#website\"},\"primaryImageOfPage\":{\"@id\":\"https:\/\/hydrosprzet.pl\/produkt\/liugong-856t\/#primaryimage\"},\"datePublished\":\"2026-01-12T09:47:24+00:00\",\"dateModified\":\"2026-02-20T07:24:26+00:00\",\"description\":\"Firma Hydrosprz\\u0119t ma do zaoferowania \\u0142adowark\\u0119 ko\\u0142ow\\u0105 LiuGong 856T. Zapewniamy pe\\u0142ny zakres obs\\u0142ugi serwisowej oraz dostep do cz\\u0119\\u015bci.\",\"breadcrumb\":{\"@id\":\"https:\/\/hydrosprzet.pl\/produkt\/liugong-856t\/#breadcrumb\"},\"inLanguage\":\"en-US\",\"potentialAction\":[{\"@type\":\"ReadAction\",\"target\":[\"https:\/\/hydrosprzet.pl\/produkt\/liugong-856t\/\"]}]},{\"@type\":\"BreadcrumbList\",\"@id\":\"https:\/\/hydrosprzet.pl\/produkt\/liugong-856t\/#breadcrumb\",\"itemListElement\":[{\"@type\":\"ListItem\",\"position\":1,\"name\":\"Strona g\\u0142\\u00f3wna\",\"item\":\"https:\/\/hydrosprzet.pl\/\"},{\"@type\":\"ListItem\",\"position\":2,\"name\":\"Maszyny\",\"item\":\"https:\/\/hydrosprzet.pl\/maszyny\/\"},{\"@type\":\"ListItem\",\"position\":3,\"name\":\"LiuGong 856T\"}]}]}<\/script>\n<!-- \/ Yoast SEO plugin. -->","yoast_head_json":{"title":"LiuGong 856T - Hydrosprz\u0119t - Maszyny - LiuGong Dressta Machinery","description":"Firma Hydrosprz\u0119t ma do zaoferowania \u0142adowark\u0119 ko\u0142ow\u0105 LiuGong 856T. Zapewniamy pe\u0142ny zakres obs\u0142ugi serwisowej oraz dostep do cz\u0119\u015bci.","robots":{"index":"index","follow":"follow","max-snippet":"max-snippet:-1","max-image-preview":"max-image-preview:large","max-video-preview":"max-video-preview:-1"},"canonical":"https:\/\/hydrosprzet.pl\/en\/product\/liugong-856t\/","og_locale":"en_US","og_type":"article","og_title":"LiuGong 856T - Hydrosprz\u0119t - Maszyny - LiuGong Dressta Machinery","og_description":"Firma Hydrosprz\u0119t ma do zaoferowania \u0142adowark\u0119 ko\u0142ow\u0105 LiuGong 856T. Zapewniamy pe\u0142ny zakres obs\u0142ugi serwisowej oraz dostep do cz\u0119\u015bci.","og_url":"https:\/\/hydrosprzet.pl\/en\/product\/liugong-856t\/","og_site_name":"Hydrosprz\u0119t","article_modified_time":"2026-02-20T07:24:26+00:00","og_image":[{"width":1104,"height":736,"url":"https:\/\/hydrosprzet.pl\/wp-content\/uploads\/2026\/01\/Projekt-bez-nazwy-5.jpg","type":"image\/jpeg"}],"twitter_card":"summary_large_image","twitter_misc":{"Est. reading time":"1 minute"},"schema":{"@context":"https:\/\/schema.org","@graph":[{"@type":"WebSite","@id":"https:\/\/hydrosprzet.pl\/#website","url":"https:\/\/hydrosprzet.pl\/","name":"Hydrosprz\u0119t","description":"Maszyny budowlane","potentialAction":[{"@type":"SearchAction","target":{"@type":"EntryPoint","urlTemplate":"https:\/\/hydrosprzet.pl\/?s={search_term_string}"},"query-input":"required name=search_term_string"}],"inLanguage":"en-US"},{"@type":"ImageObject","@id":"https:\/\/hydrosprzet.pl\/produkt\/liugong-856t\/#primaryimage","inLanguage":"en-US","url":"https:\/\/hydrosprzet.pl\/wp-content\/uploads\/2026\/01\/Projekt-bez-nazwy-5.jpg","contentUrl":"https:\/\/hydrosprzet.pl\/wp-content\/uploads\/2026\/01\/Projekt-bez-nazwy-5.jpg","width":1104,"height":736,"caption":"liugong 856t"},{"@type":"WebPage","@id":"https:\/\/hydrosprzet.pl\/produkt\/liugong-856t\/#webpage","url":"https:\/\/hydrosprzet.pl\/produkt\/liugong-856t\/","name":"LiuGong 856T - Hydrosprz\u0119t - Maszyny - LiuGong Dressta Machinery","isPartOf":{"@id":"https:\/\/hydrosprzet.pl\/#website"},"primaryImageOfPage":{"@id":"https:\/\/hydrosprzet.pl\/produkt\/liugong-856t\/#primaryimage"},"datePublished":"2026-01-12T09:47:24+00:00","dateModified":"2026-02-20T07:24:26+00:00","description":"Firma Hydrosprz\u0119t ma do zaoferowania \u0142adowark\u0119 ko\u0142ow\u0105 LiuGong 856T. Zapewniamy pe\u0142ny zakres obs\u0142ugi serwisowej oraz dostep do cz\u0119\u015bci.","breadcrumb":{"@id":"https:\/\/hydrosprzet.pl\/produkt\/liugong-856t\/#breadcrumb"},"inLanguage":"en-US","potentialAction":[{"@type":"ReadAction","target":["https:\/\/hydrosprzet.pl\/produkt\/liugong-856t\/"]}]},{"@type":"BreadcrumbList","@id":"https:\/\/hydrosprzet.pl\/produkt\/liugong-856t\/#breadcrumb","itemListElement":[{"@type":"ListItem","position":1,"name":"Strona g\u0142\u00f3wna","item":"https:\/\/hydrosprzet.pl\/"},{"@type":"ListItem","position":2,"name":"Maszyny","item":"https:\/\/hydrosprzet.pl\/maszyny\/"},{"@type":"ListItem","position":3,"name":"LiuGong 856T"}]}]}},"_links":{"self":[{"href":"https:\/\/hydrosprzet.pl\/en\/wp-json\/wp\/v2\/product\/7697"}],"collection":[{"href":"https:\/\/hydrosprzet.pl\/en\/wp-json\/wp\/v2\/product"}],"about":[{"href":"https:\/\/hydrosprzet.pl\/en\/wp-json\/wp\/v2\/types\/product"}],"wp:featuredmedia":[{"embeddable":true,"href":"https:\/\/hydrosprzet.pl\/en\/wp-json\/wp\/v2\/media\/7723"}],"wp:attachment":[{"href":"https:\/\/hydrosprzet.pl\/en\/wp-json\/wp\/v2\/media?parent=7697"}],"curies":[{"name":"wp","href":"https:\/\/api.w.org\/{rel}","templated":true}]}}