{"id":7317,"date":"2021-10-04T10:54:37","date_gmt":"2021-10-04T08:54:37","guid":{"rendered":"https:\/\/hydrosprzet.pl\/?post_type=product&#038;p=7317"},"modified":"2021-10-04T11:12:39","modified_gmt":"2021-10-04T09:12:39","slug":"atmos-pdp20","status":"publish","type":"product","link":"https:\/\/hydrosprzet.pl\/en\/product\/atmos-pdp20\/","title":{"rendered":"Atmos PDP20"},"content":{"rendered":"<h3>ATMOS CHRAST PDP20<\/h3>\n<p><strong>Kr\u00f3tka charakterystyka :<\/strong><\/p>\n<p>-Uk\u0142ad \u0142agodnego rozruchu spr\u0119\u017carki ochrona silnika \u2013 urz\u0105dzenie natychmiast po uruchomieniu przechodzi do pracy na biegu ja\u0142owym i ma czas na osi\u0105gni\u0119cie optymalnych parametr\u00f3w pracy (ci\u015bnienie i temperatura oleju) \u2013 wyd\u0142u\u017cenie \u017cywotno\u015bci<br \/>\n-homologowane podwozie jezdne<br \/>\n-zaczep kulowy<br \/>\n-k\u00f3\u0142ko manewrowe<br \/>\n-instalacja elektryczna 12 V<br \/>\n-kliny zabezpieczaj\u0105ce spr\u0119\u017cark\u0119 przed przemieszczaniem<br \/>\n-o\u015bwietlenie drogowe<br \/>\n-obudowy d\u017awi\u0119koch\u0142onne obni\u017caj\u0105ce poziom ha\u0142asu<br \/>\n-licznik motogodzin pracy<br \/>\n-zawory spustowe zako\u0144czone z\u0142\u0105czami k\u0142owymi 2xG3\/4\u201d<br \/>\n-uk\u0142ad zabezpiecze\u0144 wy\u0142\u0105czaj\u0105cych spr\u0119\u017cark\u0119 przy przekroczeniu niekt\u00f3rych parametr\u00f3w pracy jak np. ci\u015bnienie oleju silnikowego, temperatura oleju spr\u0119\u017carkowego, temperatura p\u0142ynu ch\u0142odz\u0105cego<br \/>\n-uk\u0142ad wska\u017anik\u00f3w obrazuj\u0105cych prac\u0119 spr\u0119\u017carki<br \/>\n-uk\u0142ad automatycznego odpowietrzania spr\u0119\u017carki po wy\u0142\u0105czeniu silnika<br \/>\n-uk\u0142ad sterowania pozwalaj\u0105cy na p\u0142ynn\u0105 regulacj\u0119 wydajno\u015bci dla efektywnego ci\u015bnienia roboczego<br \/>\n-spr\u0119\u017carka spe\u0142nia wszystkie aktualne wytyczne UE oraz normy emisji ha\u0142asu i spalin<\/p>\n<hr \/>\n<p><strong>DANE TECHNICZNE ATMOS CHRAST PDP20:<\/strong><\/p>\n<p>-Wydajno\u015b\u0107 nominalna : 2,9 m3\/min<br \/>\n-Ci\u015bnienie nominalne : 7,0 bar<br \/>\n-Ci\u015bnienie max : 8,6 bar<br \/>\n-Ustawienie zaworu bezpiecze\u0144stwa : 10 bar<br \/>\n-Zakres temperatur pracy : -10\/+46 <sup>o<\/sup>C<br \/>\n-Max temperatura : 110 <sup>o<\/sup>C<br \/>\n-System ch\u0142odzenia Wtrysk oleju<br \/>\n-Pojemno\u015b\u0107 uk\u0142adu olejowego 3 l<br \/>\n-Max temperatura uk\u0142adu olejowego 110 <sup>o<\/sup>C<\/p>\n<p><strong>*Silnik<\/strong><br \/>\n-PERKINS<br \/>\n-Ilo\u015b\u0107 cylindr\u00f3w 4<br \/>\n-Pojemno\u015b\u0107 uk\u0142adu olejowego : 2,8 l<br \/>\n-Obroty silnika : 1900-3400 min-1<br \/>\n-Moc nominalna : 21,3 kW<br \/>\n-Pojemno\u015b\u0107 zbiornika paliwa : 31 l<br \/>\n-Pojemno\u015b\u0107 uk\u0142adu ch\u0142odzenia : 5,5 l<br \/>\n-Akumulator : 12 V<\/p>\n<p>&nbsp;<\/p>\n<p><em><strong>BROSZURA: <a href=\"https:\/\/hydrosprzet.pl\/wp-content\/uploads\/2019\/07\/Brochure-Portables-2-to-5-m3-green-CZ-PL.pdf\">Brochure Portables 2 to 5 m3 green-CZ-PL<\/a><\/strong><\/em><\/p>","protected":false},"excerpt":{"rendered":"<p>Kompresory mobilne kategorii PDP z silnikami diesla Perkins. Konstrukcja urz\u0105dzenia jest wynikiem 50 lat do\u015bwiadczenia w produkcji spr\u0119\u017carek ruchomych, dzi\u0119ki czemu Spr\u0119\u017carki przewo\u017ane Atmos s\u0105 tak wytrzyma\u0142e i bezawaryjne, oraz zdolne do pracy w niecodziennych warunkach, jak wysokie temperatury, czy zapylone powietrze. Kompresory serii PDP wyposa\u017cone s\u0105 w uk\u0142ad \u0142agodnego rozruchu zapewniaj\u0105cy ochron\u0119 silnika i wyd\u0142u\u017caj\u0105cy \u017cywotno\u015b\u0107 kompresora. Oznacza to, \u017ce kompresor po uruchomieniu pracuje na biegu ja\u0142owym, dzi\u0119ki czemu ma czas na osi\u0105gni\u0119cie w\u0142a\u015bciwych do pracy parametr\u00f3w ci\u015bnienia i temperatury oleju.<\/p>","protected":false},"featured_media":7318,"template":"","meta":[],"yoast_head":"<!-- This site is optimized with the Yoast SEO plugin v17.3 - https:\/\/yoast.com\/wordpress\/plugins\/seo\/ -->\n<title>Atmos Chrast PDP20 - Hydrosprz\u0119t - LiuGong Dressta Machinery - Atmos<\/title>\n<meta name=\"description\" content=\"Firma Hydrosprz\u0119t ma do zaoferowania spr\u0119\u017cark\u0119 powietrza Atmos chrast PDP20. Zapewniamy pe\u0142ny zakres obs\u0142ugi serwisowej.\" \/>\n<meta name=\"robots\" content=\"index, follow, max-snippet:-1, max-image-preview:large, max-video-preview:-1\" \/>\n<link rel=\"canonical\" href=\"https:\/\/hydrosprzet.pl\/en\/product\/atmos-pdp20\/\" \/>\n<meta property=\"og:locale\" content=\"en_US\" \/>\n<meta property=\"og:type\" content=\"article\" \/>\n<meta property=\"og:title\" content=\"Atmos Chrast PDP20 - Hydrosprz\u0119t - LiuGong Dressta Machinery - Atmos\" \/>\n<meta property=\"og:description\" content=\"Firma Hydrosprz\u0119t ma do zaoferowania spr\u0119\u017cark\u0119 powietrza Atmos chrast PDP20. Zapewniamy pe\u0142ny zakres obs\u0142ugi serwisowej.\" \/>\n<meta property=\"og:url\" content=\"https:\/\/hydrosprzet.pl\/en\/product\/atmos-pdp20\/\" \/>\n<meta property=\"og:site_name\" content=\"Hydrosprz\u0119t\" \/>\n<meta property=\"article:modified_time\" content=\"2021-10-04T09:12:39+00:00\" \/>\n<meta property=\"og:image\" content=\"https:\/\/hydrosprzet.pl\/wp-content\/uploads\/2021\/10\/5858-thickbox_default-Sprezarka-przewozna-ATMOS-Chrast-PDP-20.jpg\" \/>\n\t<meta property=\"og:image:width\" content=\"800\" \/>\n\t<meta property=\"og:image:height\" content=\"800\" \/>\n<meta name=\"twitter:card\" content=\"summary_large_image\" \/>\n<meta name=\"twitter:label1\" content=\"Est. reading time\" \/>\n\t<meta name=\"twitter:data1\" content=\"1 minute\" \/>\n<script type=\"application\/ld+json\" class=\"yoast-schema-graph\">{\"@context\":\"https:\/\/schema.org\",\"@graph\":[{\"@type\":\"WebSite\",\"@id\":\"https:\/\/hydrosprzet.pl\/#website\",\"url\":\"https:\/\/hydrosprzet.pl\/\",\"name\":\"Hydrosprz\\u0119t\",\"description\":\"Maszyny budowlane\",\"potentialAction\":[{\"@type\":\"SearchAction\",\"target\":{\"@type\":\"EntryPoint\",\"urlTemplate\":\"https:\/\/hydrosprzet.pl\/?s={search_term_string}\"},\"query-input\":\"required name=search_term_string\"}],\"inLanguage\":\"en-US\"},{\"@type\":\"ImageObject\",\"@id\":\"https:\/\/hydrosprzet.pl\/produkt\/atmos-pdp20\/#primaryimage\",\"inLanguage\":\"en-US\",\"url\":\"https:\/\/hydrosprzet.pl\/wp-content\/uploads\/2021\/10\/5858-thickbox_default-Sprezarka-przewozna-ATMOS-Chrast-PDP-20.jpg\",\"contentUrl\":\"https:\/\/hydrosprzet.pl\/wp-content\/uploads\/2021\/10\/5858-thickbox_default-Sprezarka-przewozna-ATMOS-Chrast-PDP-20.jpg\",\"width\":800,\"height\":800},{\"@type\":\"WebPage\",\"@id\":\"https:\/\/hydrosprzet.pl\/produkt\/atmos-pdp20\/#webpage\",\"url\":\"https:\/\/hydrosprzet.pl\/produkt\/atmos-pdp20\/\",\"name\":\"Atmos Chrast PDP20 - Hydrosprz\\u0119t - LiuGong Dressta Machinery - Atmos\",\"isPartOf\":{\"@id\":\"https:\/\/hydrosprzet.pl\/#website\"},\"primaryImageOfPage\":{\"@id\":\"https:\/\/hydrosprzet.pl\/produkt\/atmos-pdp20\/#primaryimage\"},\"datePublished\":\"2021-10-04T08:54:37+00:00\",\"dateModified\":\"2021-10-04T09:12:39+00:00\",\"description\":\"Firma Hydrosprz\\u0119t ma do zaoferowania spr\\u0119\\u017cark\\u0119 powietrza Atmos chrast PDP20. Zapewniamy pe\\u0142ny zakres obs\\u0142ugi serwisowej.\",\"breadcrumb\":{\"@id\":\"https:\/\/hydrosprzet.pl\/produkt\/atmos-pdp20\/#breadcrumb\"},\"inLanguage\":\"en-US\",\"potentialAction\":[{\"@type\":\"ReadAction\",\"target\":[\"https:\/\/hydrosprzet.pl\/produkt\/atmos-pdp20\/\"]}]},{\"@type\":\"BreadcrumbList\",\"@id\":\"https:\/\/hydrosprzet.pl\/produkt\/atmos-pdp20\/#breadcrumb\",\"itemListElement\":[{\"@type\":\"ListItem\",\"position\":1,\"name\":\"Strona g\\u0142\\u00f3wna\",\"item\":\"https:\/\/hydrosprzet.pl\/\"},{\"@type\":\"ListItem\",\"position\":2,\"name\":\"Maszyny\",\"item\":\"https:\/\/hydrosprzet.pl\/maszyny\/\"},{\"@type\":\"ListItem\",\"position\":3,\"name\":\"Atmos PDP20\"}]}]}<\/script>\n<!-- \/ Yoast SEO plugin. -->","yoast_head_json":{"title":"Atmos Chrast PDP20 - Hydrosprz\u0119t - LiuGong Dressta Machinery - Atmos","description":"Firma Hydrosprz\u0119t ma do zaoferowania spr\u0119\u017cark\u0119 powietrza Atmos chrast PDP20. Zapewniamy pe\u0142ny zakres obs\u0142ugi serwisowej.","robots":{"index":"index","follow":"follow","max-snippet":"max-snippet:-1","max-image-preview":"max-image-preview:large","max-video-preview":"max-video-preview:-1"},"canonical":"https:\/\/hydrosprzet.pl\/en\/product\/atmos-pdp20\/","og_locale":"en_US","og_type":"article","og_title":"Atmos Chrast PDP20 - Hydrosprz\u0119t - LiuGong Dressta Machinery - Atmos","og_description":"Firma Hydrosprz\u0119t ma do zaoferowania spr\u0119\u017cark\u0119 powietrza Atmos chrast PDP20. Zapewniamy pe\u0142ny zakres obs\u0142ugi serwisowej.","og_url":"https:\/\/hydrosprzet.pl\/en\/product\/atmos-pdp20\/","og_site_name":"Hydrosprz\u0119t","article_modified_time":"2021-10-04T09:12:39+00:00","og_image":[{"width":800,"height":800,"url":"https:\/\/hydrosprzet.pl\/wp-content\/uploads\/2021\/10\/5858-thickbox_default-Sprezarka-przewozna-ATMOS-Chrast-PDP-20.jpg","type":"image\/jpeg"}],"twitter_card":"summary_large_image","twitter_misc":{"Est. reading time":"1 minute"},"schema":{"@context":"https:\/\/schema.org","@graph":[{"@type":"WebSite","@id":"https:\/\/hydrosprzet.pl\/#website","url":"https:\/\/hydrosprzet.pl\/","name":"Hydrosprz\u0119t","description":"Maszyny budowlane","potentialAction":[{"@type":"SearchAction","target":{"@type":"EntryPoint","urlTemplate":"https:\/\/hydrosprzet.pl\/?s={search_term_string}"},"query-input":"required name=search_term_string"}],"inLanguage":"en-US"},{"@type":"ImageObject","@id":"https:\/\/hydrosprzet.pl\/produkt\/atmos-pdp20\/#primaryimage","inLanguage":"en-US","url":"https:\/\/hydrosprzet.pl\/wp-content\/uploads\/2021\/10\/5858-thickbox_default-Sprezarka-przewozna-ATMOS-Chrast-PDP-20.jpg","contentUrl":"https:\/\/hydrosprzet.pl\/wp-content\/uploads\/2021\/10\/5858-thickbox_default-Sprezarka-przewozna-ATMOS-Chrast-PDP-20.jpg","width":800,"height":800},{"@type":"WebPage","@id":"https:\/\/hydrosprzet.pl\/produkt\/atmos-pdp20\/#webpage","url":"https:\/\/hydrosprzet.pl\/produkt\/atmos-pdp20\/","name":"Atmos Chrast PDP20 - Hydrosprz\u0119t - LiuGong Dressta Machinery - Atmos","isPartOf":{"@id":"https:\/\/hydrosprzet.pl\/#website"},"primaryImageOfPage":{"@id":"https:\/\/hydrosprzet.pl\/produkt\/atmos-pdp20\/#primaryimage"},"datePublished":"2021-10-04T08:54:37+00:00","dateModified":"2021-10-04T09:12:39+00:00","description":"Firma Hydrosprz\u0119t ma do zaoferowania spr\u0119\u017cark\u0119 powietrza Atmos chrast PDP20. Zapewniamy pe\u0142ny zakres obs\u0142ugi serwisowej.","breadcrumb":{"@id":"https:\/\/hydrosprzet.pl\/produkt\/atmos-pdp20\/#breadcrumb"},"inLanguage":"en-US","potentialAction":[{"@type":"ReadAction","target":["https:\/\/hydrosprzet.pl\/produkt\/atmos-pdp20\/"]}]},{"@type":"BreadcrumbList","@id":"https:\/\/hydrosprzet.pl\/produkt\/atmos-pdp20\/#breadcrumb","itemListElement":[{"@type":"ListItem","position":1,"name":"Strona g\u0142\u00f3wna","item":"https:\/\/hydrosprzet.pl\/"},{"@type":"ListItem","position":2,"name":"Maszyny","item":"https:\/\/hydrosprzet.pl\/maszyny\/"},{"@type":"ListItem","position":3,"name":"Atmos PDP20"}]}]}},"_links":{"self":[{"href":"https:\/\/hydrosprzet.pl\/en\/wp-json\/wp\/v2\/product\/7317"}],"collection":[{"href":"https:\/\/hydrosprzet.pl\/en\/wp-json\/wp\/v2\/product"}],"about":[{"href":"https:\/\/hydrosprzet.pl\/en\/wp-json\/wp\/v2\/types\/product"}],"wp:featuredmedia":[{"embeddable":true,"href":"https:\/\/hydrosprzet.pl\/en\/wp-json\/wp\/v2\/media\/7318"}],"wp:attachment":[{"href":"https:\/\/hydrosprzet.pl\/en\/wp-json\/wp\/v2\/media?parent=7317"}],"curies":[{"name":"wp","href":"https:\/\/api.w.org\/{rel}","templated":true}]}}