{"id":7289,"date":"2021-08-18T10:24:10","date_gmt":"2021-08-18T08:24:10","guid":{"rendered":"https:\/\/hydrosprzet.pl\/?post_type=product&#038;p=7289"},"modified":"2021-08-18T10:45:11","modified_gmt":"2021-08-18T08:45:11","slug":"przesuwarka-tasmociagow-sb-85m","status":"publish","type":"product","link":"https:\/\/hydrosprzet.pl\/en\/product\/przesuwarka-tasmociagow-sb-85m\/","title":{"rendered":"Przesuwarka Ta\u015bmoci\u0105g\u00f3w SB-85M"},"content":{"rendered":"<h3>PRZESUWARKA TA\u015aMOCI\u0104G\u00d3W SB-85M<\/h3>\n<p>&nbsp;<\/p>\n<p>Przesuwarka wyprodukowana i zabudowana na ci\u0105gniku g\u0105sienicowym <a href=\"http:\/\/www.dressta.com\">SB-85M<\/a> PT oraz dodatkowe szyny pomocnicze zapewniaj\u0105 precyzyjn\u0105 kontrol\u0119 chwytaka w celu szybkiego podniesienia i zmiany po\u0142o\u017cenia szyny prowadz\u0105cej ta\u015bmoci\u0105gu, co stanowi gwarancj\u0119 prowadzenia prac zgodnie z harmonogramem.<\/p>\n<p>Kopalnie odkrywkowe wykorzystuj\u0105 ta\u015bmoci\u0105gi do transportowania minera\u0142\u00f3w lub nadk\u0142adu ze z\u0142o\u017ca do obszar\u00f3w przetwarzania.<br \/>\nPrzemieszczanie ta\u015bmoci\u0105g\u00f3w jest czasoch\u0142onne, ale przesuwarka firmy <a href=\"https:\/\/hydrosprzet.pl\/en\/\">HYDROSPRZET<\/a> jest specjalnie skonstruowana w celu szybkiego przemieszczania i ustawiania ta\u015bmoci\u0105g\u00f3w, co jest powszechnym wymogiem w kopalniach odkrywkowych. W przypadku, gdy trzeba przemie\u015bci\u0107 setki metr\u00f3w ta\u015bmoci\u0105gu, pot\u0119\u017cny i niezawodny sprz\u0119t jest kluczowy dla utrzymania wydajno\u015bci prac wydobywczych.<\/p>\n<p>&nbsp;<\/p>\n<p><strong>OSPRZ\u0118T ROBOCZY PRZESUWARKI SK\u0141ADA SI\u0118 Z:<\/strong><\/p>\n<p>\u2022 Ramy stalowej b\u0119d\u0105cej konstrukcj\u0105 no\u015bn\u0105 dla wysi\u0119gnika i \u0142\u0105cznika<br \/>\n\u2022 Wysi\u0119gnika przeznaczonego do sterowania ruchami g\u0142owicy<br \/>\n\u2022 \u0141\u0105cznika o zmiennej d\u0142ugo\u015bci s\u0142u\u017c\u0105cego do przenoszenia si\u0142 bocznych g\u0142owicy<br \/>\n\u2022 Uk\u0142adu hydraulicznego nap\u0119du podnoszenia i zamykania g\u0142owicy oraz zwodzenia wysi\u0119gnika od rozdzielacza<br \/>\n\u2022 G\u0142owicy GH-25 s\u0142u\u017c\u0105cej do chwytania szyn i przesuwania ta\u015bmoci\u0105g\u00f3w o szeroko\u015bci ta\u015bmy do 2,5 m.<\/p>\n<p>&nbsp;<\/p>\n<p><strong><u>DANE TECHNICZNE I PARAMETRY PRACY:<\/u><\/strong><\/p>\n<p>1. Nazwa i typ: Przesuwarka ta\u015bmoci\u0105g\u00f3w SB-85M (std):G\u0141OWICA HYDRAULICZNA GH-25<br \/>\n\u0141\u0104CZNIK HYDRAULICZNY \u0141H &#8211; 40<\/p>\n<p>2. Wymiary g\u0142owicy: \u2022 d\u0142ugo\u015b\u0107 ~ 1440 mm<br \/>\n\u2022 szeroko\u015b\u0107 ~ 835 mm<br \/>\n\u2022 \u015brednica rolek \u2013 340 \/310 mm<\/p>\n<p>3. Wymiary \u0142\u0105cznika: \u2022 szeroko\u015b\u0107 ~ 835 mm<br \/>\n\u2022 d\u0142ugo\u015b\u0107 (\u0142\u0105cznik zsuni\u0119ty) ~ 1710 mm<br \/>\n\u2022 d\u0142ugo\u015b\u0107 (\u0142\u0105cznik rozsuni\u0119ty) ~ 2210 mm<\/p>\n<p>4. Ud\u017awig maksymalny: 250kN<\/p>\n<p>5. Si\u0142a pozioma pow. 120 kN<\/p>\n<p>6. Zakres pracy pionowej osprz\u0119tu (wys. podnoszenia) ~ 110 mm \u00f7 965 mm<\/p>\n<p>7. Zakres pracy poziomej osprz\u0119tu (przesuw poziomy) ~ 400 mm<\/p>\n<p>8. Typy obs\u0142ugiwanej szyny przeno\u015bnika S49, S54, S60, P65, UIC60<\/p>\n<p>&nbsp;<\/p>\n<p>&nbsp;<\/p>","protected":false},"excerpt":{"rendered":"<p><strong>WYSPECJALIZOWANA PRZESUWARKA TA\u015aMOCI\u0104GU<\/strong><\/p>\n<p>Przesuwarka ta\u015bmoci\u0105gu zosta\u0142a zaprojektowana z my\u015bl\u0105 o przeno\u015bnikach z ta\u015bm\u0105 o szeroko\u015bci do 2500mm. Mo\u017ce by\u0107 ona r\u00f3wnie\u017c wykorzystywana do przesuwania prowadnic. Urz\u0105dzenie posiada uk\u0142ad wysi\u0119gnikowy znajduj\u0105cy si\u0119 po lewej stronie, wyposa\u017cony w dodatkowe szyny pomocnicze. Dost\u0119pny jest szeroki wachlarz g\u0142owic sterowanych hydraulicznie lub mechanicznie oraz specjalnych pomp, w\u0119\u017cy, kabli, hak\u00f3w oraz blok\u00f3w. Przesuwarka ta\u015bmoci\u0105g\u00f3w wyposa\u017cona jest w hydraulicznie sterowane przeciwwagi po prawej stronie maszyny, kt\u00f3re obracaj\u0105 si\u0119 w poziomie, aby zapewni\u0107 maksymaln\u0105 stabilno\u015b\u0107 maszyny i lepsz\u0105 widoczno\u015b\u0107 dla operatora.<\/p>","protected":false},"featured_media":7290,"template":"","meta":[],"yoast_head":"<!-- This site is optimized with the Yoast SEO plugin v17.3 - https:\/\/yoast.com\/wordpress\/plugins\/seo\/ -->\n<title>Przesuwarka ta\u015bmoci\u0105g\u00f3w SB-85M - Hydrosprz\u0119t - DRESSTA<\/title>\n<meta name=\"description\" content=\"Przesuwarka ta\u015bmoci\u0105g\u00f3w wyprodukowana i zabudowana na ci\u0105gniku g\u0105sienicowym SB-85M przez firme Hydrosprz\u0119t Kukla Sp\u00f3\u0142ka Jawna\" \/>\n<meta name=\"robots\" content=\"index, follow, max-snippet:-1, max-image-preview:large, max-video-preview:-1\" \/>\n<link rel=\"canonical\" href=\"https:\/\/hydrosprzet.pl\/en\/product\/przesuwarka-tasmociagow-sb-85m\/\" \/>\n<meta property=\"og:locale\" content=\"en_US\" \/>\n<meta property=\"og:type\" content=\"article\" \/>\n<meta property=\"og:title\" content=\"Przesuwarka ta\u015bmoci\u0105g\u00f3w SB-85M - Hydrosprz\u0119t - DRESSTA\" \/>\n<meta property=\"og:description\" content=\"Przesuwarka ta\u015bmoci\u0105g\u00f3w wyprodukowana i zabudowana na ci\u0105gniku g\u0105sienicowym SB-85M przez firme Hydrosprz\u0119t Kukla Sp\u00f3\u0142ka Jawna\" \/>\n<meta property=\"og:url\" content=\"https:\/\/hydrosprzet.pl\/en\/product\/przesuwarka-tasmociagow-sb-85m\/\" \/>\n<meta property=\"og:site_name\" content=\"Hydrosprz\u0119t\" \/>\n<meta property=\"article:modified_time\" content=\"2021-08-18T08:45:11+00:00\" \/>\n<meta property=\"og:image\" content=\"https:\/\/hydrosprzet.pl\/wp-content\/uploads\/2021\/08\/MINI.jpg\" \/>\n\t<meta property=\"og:image:width\" content=\"640\" \/>\n\t<meta property=\"og:image:height\" content=\"480\" \/>\n<meta name=\"twitter:card\" content=\"summary_large_image\" \/>\n<meta name=\"twitter:label1\" content=\"Est. reading time\" \/>\n\t<meta name=\"twitter:data1\" content=\"2 minutes\" \/>\n<script type=\"application\/ld+json\" class=\"yoast-schema-graph\">{\"@context\":\"https:\/\/schema.org\",\"@graph\":[{\"@type\":\"WebSite\",\"@id\":\"https:\/\/hydrosprzet.pl\/#website\",\"url\":\"https:\/\/hydrosprzet.pl\/\",\"name\":\"Hydrosprz\\u0119t\",\"description\":\"Maszyny budowlane\",\"potentialAction\":[{\"@type\":\"SearchAction\",\"target\":{\"@type\":\"EntryPoint\",\"urlTemplate\":\"https:\/\/hydrosprzet.pl\/?s={search_term_string}\"},\"query-input\":\"required name=search_term_string\"}],\"inLanguage\":\"en-US\"},{\"@type\":\"ImageObject\",\"@id\":\"https:\/\/hydrosprzet.pl\/produkt\/przesuwarka-tasmociagow-sb-85m\/#primaryimage\",\"inLanguage\":\"en-US\",\"url\":\"https:\/\/hydrosprzet.pl\/wp-content\/uploads\/2021\/08\/MINI.jpg\",\"contentUrl\":\"https:\/\/hydrosprzet.pl\/wp-content\/uploads\/2021\/08\/MINI.jpg\",\"width\":640,\"height\":480,\"caption\":\"przesuwarka ta\\u015bmoci\\u0105g\\u00f3w sb-85m pt\"},{\"@type\":\"WebPage\",\"@id\":\"https:\/\/hydrosprzet.pl\/produkt\/przesuwarka-tasmociagow-sb-85m\/#webpage\",\"url\":\"https:\/\/hydrosprzet.pl\/produkt\/przesuwarka-tasmociagow-sb-85m\/\",\"name\":\"Przesuwarka ta\\u015bmoci\\u0105g\\u00f3w SB-85M - Hydrosprz\\u0119t - DRESSTA\",\"isPartOf\":{\"@id\":\"https:\/\/hydrosprzet.pl\/#website\"},\"primaryImageOfPage\":{\"@id\":\"https:\/\/hydrosprzet.pl\/produkt\/przesuwarka-tasmociagow-sb-85m\/#primaryimage\"},\"datePublished\":\"2021-08-18T08:24:10+00:00\",\"dateModified\":\"2021-08-18T08:45:11+00:00\",\"description\":\"Przesuwarka ta\\u015bmoci\\u0105g\\u00f3w wyprodukowana i zabudowana na ci\\u0105gniku g\\u0105sienicowym SB-85M przez firme Hydrosprz\\u0119t Kukla Sp\\u00f3\\u0142ka Jawna\",\"breadcrumb\":{\"@id\":\"https:\/\/hydrosprzet.pl\/produkt\/przesuwarka-tasmociagow-sb-85m\/#breadcrumb\"},\"inLanguage\":\"en-US\",\"potentialAction\":[{\"@type\":\"ReadAction\",\"target\":[\"https:\/\/hydrosprzet.pl\/produkt\/przesuwarka-tasmociagow-sb-85m\/\"]}]},{\"@type\":\"BreadcrumbList\",\"@id\":\"https:\/\/hydrosprzet.pl\/produkt\/przesuwarka-tasmociagow-sb-85m\/#breadcrumb\",\"itemListElement\":[{\"@type\":\"ListItem\",\"position\":1,\"name\":\"Strona g\\u0142\\u00f3wna\",\"item\":\"https:\/\/hydrosprzet.pl\/\"},{\"@type\":\"ListItem\",\"position\":2,\"name\":\"Maszyny\",\"item\":\"https:\/\/hydrosprzet.pl\/maszyny\/\"},{\"@type\":\"ListItem\",\"position\":3,\"name\":\"Przesuwarka Ta\\u015bmoci\\u0105g\\u00f3w SB-85M\"}]}]}<\/script>\n<!-- \/ Yoast SEO plugin. -->","yoast_head_json":{"title":"Przesuwarka ta\u015bmoci\u0105g\u00f3w SB-85M - Hydrosprz\u0119t - DRESSTA","description":"Przesuwarka ta\u015bmoci\u0105g\u00f3w wyprodukowana i zabudowana na ci\u0105gniku g\u0105sienicowym SB-85M przez firme Hydrosprz\u0119t Kukla Sp\u00f3\u0142ka Jawna","robots":{"index":"index","follow":"follow","max-snippet":"max-snippet:-1","max-image-preview":"max-image-preview:large","max-video-preview":"max-video-preview:-1"},"canonical":"https:\/\/hydrosprzet.pl\/en\/product\/przesuwarka-tasmociagow-sb-85m\/","og_locale":"en_US","og_type":"article","og_title":"Przesuwarka ta\u015bmoci\u0105g\u00f3w SB-85M - Hydrosprz\u0119t - DRESSTA","og_description":"Przesuwarka ta\u015bmoci\u0105g\u00f3w wyprodukowana i zabudowana na ci\u0105gniku g\u0105sienicowym SB-85M przez firme Hydrosprz\u0119t Kukla Sp\u00f3\u0142ka Jawna","og_url":"https:\/\/hydrosprzet.pl\/en\/product\/przesuwarka-tasmociagow-sb-85m\/","og_site_name":"Hydrosprz\u0119t","article_modified_time":"2021-08-18T08:45:11+00:00","og_image":[{"width":640,"height":480,"url":"https:\/\/hydrosprzet.pl\/wp-content\/uploads\/2021\/08\/MINI.jpg","type":"image\/jpeg"}],"twitter_card":"summary_large_image","twitter_misc":{"Est. reading time":"2 minutes"},"schema":{"@context":"https:\/\/schema.org","@graph":[{"@type":"WebSite","@id":"https:\/\/hydrosprzet.pl\/#website","url":"https:\/\/hydrosprzet.pl\/","name":"Hydrosprz\u0119t","description":"Maszyny budowlane","potentialAction":[{"@type":"SearchAction","target":{"@type":"EntryPoint","urlTemplate":"https:\/\/hydrosprzet.pl\/?s={search_term_string}"},"query-input":"required name=search_term_string"}],"inLanguage":"en-US"},{"@type":"ImageObject","@id":"https:\/\/hydrosprzet.pl\/produkt\/przesuwarka-tasmociagow-sb-85m\/#primaryimage","inLanguage":"en-US","url":"https:\/\/hydrosprzet.pl\/wp-content\/uploads\/2021\/08\/MINI.jpg","contentUrl":"https:\/\/hydrosprzet.pl\/wp-content\/uploads\/2021\/08\/MINI.jpg","width":640,"height":480,"caption":"przesuwarka ta\u015bmoci\u0105g\u00f3w sb-85m pt"},{"@type":"WebPage","@id":"https:\/\/hydrosprzet.pl\/produkt\/przesuwarka-tasmociagow-sb-85m\/#webpage","url":"https:\/\/hydrosprzet.pl\/produkt\/przesuwarka-tasmociagow-sb-85m\/","name":"Przesuwarka ta\u015bmoci\u0105g\u00f3w SB-85M - Hydrosprz\u0119t - DRESSTA","isPartOf":{"@id":"https:\/\/hydrosprzet.pl\/#website"},"primaryImageOfPage":{"@id":"https:\/\/hydrosprzet.pl\/produkt\/przesuwarka-tasmociagow-sb-85m\/#primaryimage"},"datePublished":"2021-08-18T08:24:10+00:00","dateModified":"2021-08-18T08:45:11+00:00","description":"Przesuwarka ta\u015bmoci\u0105g\u00f3w wyprodukowana i zabudowana na ci\u0105gniku g\u0105sienicowym SB-85M przez firme Hydrosprz\u0119t Kukla Sp\u00f3\u0142ka Jawna","breadcrumb":{"@id":"https:\/\/hydrosprzet.pl\/produkt\/przesuwarka-tasmociagow-sb-85m\/#breadcrumb"},"inLanguage":"en-US","potentialAction":[{"@type":"ReadAction","target":["https:\/\/hydrosprzet.pl\/produkt\/przesuwarka-tasmociagow-sb-85m\/"]}]},{"@type":"BreadcrumbList","@id":"https:\/\/hydrosprzet.pl\/produkt\/przesuwarka-tasmociagow-sb-85m\/#breadcrumb","itemListElement":[{"@type":"ListItem","position":1,"name":"Strona g\u0142\u00f3wna","item":"https:\/\/hydrosprzet.pl\/"},{"@type":"ListItem","position":2,"name":"Maszyny","item":"https:\/\/hydrosprzet.pl\/maszyny\/"},{"@type":"ListItem","position":3,"name":"Przesuwarka Ta\u015bmoci\u0105g\u00f3w SB-85M"}]}]}},"_links":{"self":[{"href":"https:\/\/hydrosprzet.pl\/en\/wp-json\/wp\/v2\/product\/7289"}],"collection":[{"href":"https:\/\/hydrosprzet.pl\/en\/wp-json\/wp\/v2\/product"}],"about":[{"href":"https:\/\/hydrosprzet.pl\/en\/wp-json\/wp\/v2\/types\/product"}],"wp:featuredmedia":[{"embeddable":true,"href":"https:\/\/hydrosprzet.pl\/en\/wp-json\/wp\/v2\/media\/7290"}],"wp:attachment":[{"href":"https:\/\/hydrosprzet.pl\/en\/wp-json\/wp\/v2\/media?parent=7289"}],"curies":[{"name":"wp","href":"https:\/\/api.w.org\/{rel}","templated":true}]}}