{"id":7272,"date":"2021-07-22T09:17:58","date_gmt":"2021-07-22T07:17:58","guid":{"rendered":"https:\/\/hydrosprzet.pl\/?post_type=product&#038;p=7272"},"modified":"2026-02-20T08:02:57","modified_gmt":"2026-02-20T07:02:57","slug":"dressta-td-15m-series-2","status":"publish","type":"product","link":"https:\/\/hydrosprzet.pl\/en\/product\/dressta-td-15m-series-2\/","title":{"rendered":"Dressta TD-15M Series-2"},"content":{"rendered":"<p>Spycharka g\u0105sienicowa Dressta TD-15M series-2 jest dost\u0119pna w kilku wersjach, pocz\u0105wszy od wersji o mocy 190 KM i masie eksploatacyjnej 21,2t. Nasze pot\u0119\u017cne spycharki \u0142\u0105cz\u0105 w sobie brutaln\u0105 si\u0142\u0119 z precyzj\u0105 kontroli i s\u0105 konstruowane z my\u015bl\u0105 o zapewnieniu optymalnej wydajno\u015bci przy budowie dr\u00f3g, oczyszczaniu terenu oraz w budownictwie. Najnowsza seria wyposa\u017cona jest w nowoczesn\u0105, jeszcze bardziej komfortow\u0105 kabin\u0119 operatora oraz nowe elektro-hydrauliczne sterowanie uk\u0142adem roboczym. Je\u015bli chodzi o precyzj\u0119 i kontrol\u0119, nowa spycharka DRESSTA TD-15M series-2 jest absolutnym liderem. Na drogach i autostradach, na wysypiskach \u015bmieci oraz w lasach potrzebujesz idealnego po\u0142\u0105czenia mocy, kontroli, precyzji i stabilno\u015bci. <a href=\"https:\/\/hydrosprzet.otomoto.pl\">Nowa<\/a> TD-15M jest idealnie dopasowana, aby zapewni\u0107 Ci pe\u0142n\u0105 kontrol\u0119. Niezale\u017cnie od wykonywanej pracy, mo\u017cna na niej polega\u0107.<\/p>\n<p>\u2714Doskona\u0142a, bezpieczna, cicha i wygodna kabina z \u0142atwymi w obs\u0142udze elementami steruj\u0105cymi.<br \/>\n\u2714Doskona\u0142y widok na miejsce pracy z dobr\u0105 widoczno\u015bci\u0105 we wszystkich kierunkach.<br \/>\n\u2714\u0141atwy dost\u0119p do punkt\u00f3w serwisowych i konserwacyjnych, ale przede wszystkim rzeczywista moc, kontrola i stabilno\u015b\u0107, kt\u00f3rych potrzebujesz, aby dobrze wykona\u0107 prac\u0119 za pierwszym razem.<\/p>\n<p>&nbsp;<\/p>\n<p><strong>DANE TECHNICZNE : TD-15M Series-2<br \/>\n<\/strong><\/p>\n<p>*Zakres mocy silnika : 142 kW &#8211; 153 kW<\/p>\n<p>*Zakres masy eksploatacyjnej : 20.6 t &#8211; 21.5 t<\/p>\n<p>*Zakres pojemno\u015bci <a href=\"https:\/\/hydrosprzet.pl\/en\/lyzki-do-maszyn-budowlanych\/\">lemiesza<\/a> : 3.6 &#8211; 5.9 m3<\/p>\n<p>*Nacisk na grunt : 36.9 kPa<\/p>\n<p>&nbsp;<\/p>\n<p>&nbsp;<\/p>\n<p><em><strong>BROSZURA : <\/strong><\/em><\/p>\n<p>&nbsp;<\/p>","protected":false},"excerpt":{"rendered":"<p>Wiemy, \u017ce nie ma nic bardziej frustruj\u0105cego ni\u017c marnowanie czasu na powtarzaln\u0105 prac\u0119, dlatego Dressta zaprojektowa\u0142a TD-15M Series-2, aby u\u0142atwi\u0107 wykonanie precyzyjnej, wysokiej jako\u015bci pracy w jak najkr\u00f3tszym czasie. Ulepszona kontrola ostrza z trybami pracy zwi\u0119ksza dok\u0142adno\u015b\u0107 i precyzj\u0119, a wydajny system Load Sensing automatycznie dostosowuje pr\u0119dko\u015b\u0107 ruch\u00f3w roboczych ostrza do obci\u0105\u017cenia. Wynik? Mniej niepotrzebnych przejazd\u00f3w, wi\u0119ksza oszcz\u0119dno\u015b\u0107 paliwa, mniejsze zm\u0119czenie operatora i wi\u0119ksza satysfakcja z pracy. Nasz nowy, inteligentny tryb Blade Speed zapewnia nowy poziom kontroli. Wybierz jeden z 3 tryb\u00f3w: Wolny, Neutralny i Szybki, wszystko idealnie skalibrowane, aby dopasowa\u0107 i dostosowa\u0107 pr\u0119dko\u015b\u0107 ostrza pasuj\u0105ce do Twojej aplikacji.<\/p>\n<p><em>Zdj\u0119cia oraz opisy w og\u0142oszeniu maj\u0105 charakter pogl\u0105dowy. Prezentowana oferta nie stanowi oferty handlowej w rozumieniu Kodeksu Cywilnego, a jedynie zaproszenie do z\u0142o\u017cenia zapytania. Cena, dost\u0119pno\u015b\u0107 oraz czas realizacji mog\u0105 ulec zmianie \u2013 ka\u017cdorazowo potwierdzane s\u0105 przed realizacj\u0105 zam\u00f3wienia.<\/em><\/p>","protected":false},"featured_media":7273,"template":"","meta":[],"yoast_head":"<!-- This site is optimized with the Yoast SEO plugin v17.3 - https:\/\/yoast.com\/wordpress\/plugins\/seo\/ -->\n<title>Dressta TD-15M Series 2 - Hydrosprz\u0119t - Spycharka g\u0105sienicowa<\/title>\n<meta name=\"description\" content=\"Dressta TD-15M Series 2 - jest dost\u0119pna w kilku wersjach, pocz\u0105wszy od wersji o mocy 190 KM i masie eksploatacyjnej 21,2t.\" \/>\n<meta name=\"robots\" content=\"index, follow, max-snippet:-1, max-image-preview:large, max-video-preview:-1\" \/>\n<link rel=\"canonical\" href=\"https:\/\/hydrosprzet.pl\/en\/product\/dressta-td-15m-series-2\/\" \/>\n<meta property=\"og:locale\" content=\"en_US\" \/>\n<meta property=\"og:type\" content=\"article\" \/>\n<meta property=\"og:title\" content=\"Dressta TD-15M Series 2 - Hydrosprz\u0119t - Spycharka g\u0105sienicowa\" \/>\n<meta property=\"og:description\" content=\"Dressta TD-15M Series 2 - jest dost\u0119pna w kilku wersjach, pocz\u0105wszy od wersji o mocy 190 KM i masie eksploatacyjnej 21,2t.\" \/>\n<meta property=\"og:url\" content=\"https:\/\/hydrosprzet.pl\/en\/product\/dressta-td-15m-series-2\/\" \/>\n<meta property=\"og:site_name\" content=\"Hydrosprz\u0119t\" \/>\n<meta property=\"article:modified_time\" content=\"2026-02-20T07:02:57+00:00\" \/>\n<meta property=\"og:image\" content=\"https:\/\/hydrosprzet.pl\/wp-content\/uploads\/2021\/07\/Dressta-TD15-series-2-mini.png\" \/>\n\t<meta property=\"og:image:width\" content=\"620\" \/>\n\t<meta property=\"og:image:height\" content=\"442\" \/>\n<meta name=\"twitter:card\" content=\"summary_large_image\" \/>\n<meta name=\"twitter:label1\" content=\"Est. reading time\" \/>\n\t<meta name=\"twitter:data1\" content=\"1 minute\" \/>\n<script type=\"application\/ld+json\" class=\"yoast-schema-graph\">{\"@context\":\"https:\/\/schema.org\",\"@graph\":[{\"@type\":\"WebSite\",\"@id\":\"https:\/\/hydrosprzet.pl\/#website\",\"url\":\"https:\/\/hydrosprzet.pl\/\",\"name\":\"Hydrosprz\\u0119t\",\"description\":\"Maszyny budowlane\",\"potentialAction\":[{\"@type\":\"SearchAction\",\"target\":{\"@type\":\"EntryPoint\",\"urlTemplate\":\"https:\/\/hydrosprzet.pl\/?s={search_term_string}\"},\"query-input\":\"required name=search_term_string\"}],\"inLanguage\":\"en-US\"},{\"@type\":\"ImageObject\",\"@id\":\"https:\/\/hydrosprzet.pl\/produkt\/dressta-td-15m-series-2\/#primaryimage\",\"inLanguage\":\"en-US\",\"url\":\"https:\/\/hydrosprzet.pl\/wp-content\/uploads\/2021\/07\/Dressta-TD15-series-2-mini.png\",\"contentUrl\":\"https:\/\/hydrosprzet.pl\/wp-content\/uploads\/2021\/07\/Dressta-TD15-series-2-mini.png\",\"width\":620,\"height\":442,\"caption\":\"Dressta-TD15 series 2\"},{\"@type\":\"WebPage\",\"@id\":\"https:\/\/hydrosprzet.pl\/produkt\/dressta-td-15m-series-2\/#webpage\",\"url\":\"https:\/\/hydrosprzet.pl\/produkt\/dressta-td-15m-series-2\/\",\"name\":\"Dressta TD-15M Series 2 - Hydrosprz\\u0119t - Spycharka g\\u0105sienicowa\",\"isPartOf\":{\"@id\":\"https:\/\/hydrosprzet.pl\/#website\"},\"primaryImageOfPage\":{\"@id\":\"https:\/\/hydrosprzet.pl\/produkt\/dressta-td-15m-series-2\/#primaryimage\"},\"datePublished\":\"2021-07-22T07:17:58+00:00\",\"dateModified\":\"2026-02-20T07:02:57+00:00\",\"description\":\"Dressta TD-15M Series 2 - jest dost\\u0119pna w kilku wersjach, pocz\\u0105wszy od wersji o mocy 190 KM i masie eksploatacyjnej 21,2t.\",\"breadcrumb\":{\"@id\":\"https:\/\/hydrosprzet.pl\/produkt\/dressta-td-15m-series-2\/#breadcrumb\"},\"inLanguage\":\"en-US\",\"potentialAction\":[{\"@type\":\"ReadAction\",\"target\":[\"https:\/\/hydrosprzet.pl\/produkt\/dressta-td-15m-series-2\/\"]}]},{\"@type\":\"BreadcrumbList\",\"@id\":\"https:\/\/hydrosprzet.pl\/produkt\/dressta-td-15m-series-2\/#breadcrumb\",\"itemListElement\":[{\"@type\":\"ListItem\",\"position\":1,\"name\":\"Strona g\\u0142\\u00f3wna\",\"item\":\"https:\/\/hydrosprzet.pl\/\"},{\"@type\":\"ListItem\",\"position\":2,\"name\":\"Maszyny\",\"item\":\"https:\/\/hydrosprzet.pl\/maszyny\/\"},{\"@type\":\"ListItem\",\"position\":3,\"name\":\"Dressta TD-15M Series-2\"}]}]}<\/script>\n<!-- \/ Yoast SEO plugin. -->","yoast_head_json":{"title":"Dressta TD-15M Series 2 - Hydrosprz\u0119t - Spycharka g\u0105sienicowa","description":"Dressta TD-15M Series 2 - jest dost\u0119pna w kilku wersjach, pocz\u0105wszy od wersji o mocy 190 KM i masie eksploatacyjnej 21,2t.","robots":{"index":"index","follow":"follow","max-snippet":"max-snippet:-1","max-image-preview":"max-image-preview:large","max-video-preview":"max-video-preview:-1"},"canonical":"https:\/\/hydrosprzet.pl\/en\/product\/dressta-td-15m-series-2\/","og_locale":"en_US","og_type":"article","og_title":"Dressta TD-15M Series 2 - Hydrosprz\u0119t - Spycharka g\u0105sienicowa","og_description":"Dressta TD-15M Series 2 - jest dost\u0119pna w kilku wersjach, pocz\u0105wszy od wersji o mocy 190 KM i masie eksploatacyjnej 21,2t.","og_url":"https:\/\/hydrosprzet.pl\/en\/product\/dressta-td-15m-series-2\/","og_site_name":"Hydrosprz\u0119t","article_modified_time":"2026-02-20T07:02:57+00:00","og_image":[{"width":620,"height":442,"url":"https:\/\/hydrosprzet.pl\/wp-content\/uploads\/2021\/07\/Dressta-TD15-series-2-mini.png","type":"image\/png"}],"twitter_card":"summary_large_image","twitter_misc":{"Est. reading time":"1 minute"},"schema":{"@context":"https:\/\/schema.org","@graph":[{"@type":"WebSite","@id":"https:\/\/hydrosprzet.pl\/#website","url":"https:\/\/hydrosprzet.pl\/","name":"Hydrosprz\u0119t","description":"Maszyny budowlane","potentialAction":[{"@type":"SearchAction","target":{"@type":"EntryPoint","urlTemplate":"https:\/\/hydrosprzet.pl\/?s={search_term_string}"},"query-input":"required name=search_term_string"}],"inLanguage":"en-US"},{"@type":"ImageObject","@id":"https:\/\/hydrosprzet.pl\/produkt\/dressta-td-15m-series-2\/#primaryimage","inLanguage":"en-US","url":"https:\/\/hydrosprzet.pl\/wp-content\/uploads\/2021\/07\/Dressta-TD15-series-2-mini.png","contentUrl":"https:\/\/hydrosprzet.pl\/wp-content\/uploads\/2021\/07\/Dressta-TD15-series-2-mini.png","width":620,"height":442,"caption":"Dressta-TD15 series 2"},{"@type":"WebPage","@id":"https:\/\/hydrosprzet.pl\/produkt\/dressta-td-15m-series-2\/#webpage","url":"https:\/\/hydrosprzet.pl\/produkt\/dressta-td-15m-series-2\/","name":"Dressta TD-15M Series 2 - Hydrosprz\u0119t - Spycharka g\u0105sienicowa","isPartOf":{"@id":"https:\/\/hydrosprzet.pl\/#website"},"primaryImageOfPage":{"@id":"https:\/\/hydrosprzet.pl\/produkt\/dressta-td-15m-series-2\/#primaryimage"},"datePublished":"2021-07-22T07:17:58+00:00","dateModified":"2026-02-20T07:02:57+00:00","description":"Dressta TD-15M Series 2 - jest dost\u0119pna w kilku wersjach, pocz\u0105wszy od wersji o mocy 190 KM i masie eksploatacyjnej 21,2t.","breadcrumb":{"@id":"https:\/\/hydrosprzet.pl\/produkt\/dressta-td-15m-series-2\/#breadcrumb"},"inLanguage":"en-US","potentialAction":[{"@type":"ReadAction","target":["https:\/\/hydrosprzet.pl\/produkt\/dressta-td-15m-series-2\/"]}]},{"@type":"BreadcrumbList","@id":"https:\/\/hydrosprzet.pl\/produkt\/dressta-td-15m-series-2\/#breadcrumb","itemListElement":[{"@type":"ListItem","position":1,"name":"Strona g\u0142\u00f3wna","item":"https:\/\/hydrosprzet.pl\/"},{"@type":"ListItem","position":2,"name":"Maszyny","item":"https:\/\/hydrosprzet.pl\/maszyny\/"},{"@type":"ListItem","position":3,"name":"Dressta TD-15M Series-2"}]}]}},"_links":{"self":[{"href":"https:\/\/hydrosprzet.pl\/en\/wp-json\/wp\/v2\/product\/7272"}],"collection":[{"href":"https:\/\/hydrosprzet.pl\/en\/wp-json\/wp\/v2\/product"}],"about":[{"href":"https:\/\/hydrosprzet.pl\/en\/wp-json\/wp\/v2\/types\/product"}],"wp:featuredmedia":[{"embeddable":true,"href":"https:\/\/hydrosprzet.pl\/en\/wp-json\/wp\/v2\/media\/7273"}],"wp:attachment":[{"href":"https:\/\/hydrosprzet.pl\/en\/wp-json\/wp\/v2\/media?parent=7272"}],"curies":[{"name":"wp","href":"https:\/\/api.w.org\/{rel}","templated":true}]}}