{"id":7108,"date":"2021-03-17T08:30:13","date_gmt":"2021-03-17T07:30:13","guid":{"rendered":"https:\/\/hydrosprzet.pl\/?post_type=product&#038;p=7108"},"modified":"2026-02-20T08:04:34","modified_gmt":"2026-02-20T07:04:34","slug":"bomag-bc772rs","status":"publish","type":"product","link":"https:\/\/hydrosprzet.pl\/en\/product\/bomag-bc772rs\/","title":{"rendered":"BOMAG BC772RS"},"content":{"rendered":"","protected":false},"excerpt":{"rendered":"<p>Oferujemy sprzeda\u017c odbudowanego kompaktora Bomag BC772RS:<\/p>\n<p><strong>Dane techniczne Bomag BC772RS:<\/strong><\/p>\n<p>*Rok produkcji:<\/p>\n<p>*Rok odbudowy:<\/p>\n<p>*Masa ca\u0142kowita: 38t<\/p>\n<p>*Silnik: DEUTZ<\/p>\n<p>*Moc silnika: 330 kW (449 KM)<\/p>\n<p>*\u0141y\u017cka o pojemno\u015bci 4,5m3<\/p>\n<p>*Dodatkowe wyposa\u017cenie: klimatyzacja, ogrzewanie Webasto, sygna\u0142y robocze, podgrzewane fotele, \u0142y\u017cka za\u0142adowcza z z\u0119bami<\/p>\n<p><a href=\"https:\/\/hydrosprzet.pl\/en\/kontakt\/\"><strong>Request an offer.<\/strong><\/a><\/p>\n<p><em>Zdj\u0119cia oraz opisy w og\u0142oszeniu maj\u0105 charakter pogl\u0105dowy. Prezentowana oferta nie stanowi oferty handlowej w rozumieniu Kodeksu Cywilnego, a jedynie zaproszenie do z\u0142o\u017cenia zapytania. Cena, dost\u0119pno\u015b\u0107 oraz czas realizacji mog\u0105 ulec zmianie \u2013 ka\u017cdorazowo potwierdzane s\u0105 przed realizacj\u0105 zam\u00f3wienia.<\/em><\/p>","protected":false},"featured_media":7109,"template":"","meta":[],"yoast_head":"<!-- This site is optimized with the Yoast SEO plugin v17.3 - https:\/\/yoast.com\/wordpress\/plugins\/seo\/ -->\n<title>BOMAG BC772RS - Hydrosprz\u0119t - Bomag BC772RS<\/title>\n<meta name=\"description\" content=\"Firma Hydrosprz\u0119t ma do zaoferowania kompaktor Bomag BC772RS. Oferujemy pe\u0142ny zakres obs\u0142ugi serwisowej oraz dost\u0119p do cz\u0119\u015bci zamiennych.\" \/>\n<meta name=\"robots\" content=\"index, follow, max-snippet:-1, max-image-preview:large, max-video-preview:-1\" \/>\n<link rel=\"canonical\" href=\"https:\/\/hydrosprzet.pl\/en\/product\/bomag-bc772rs\/\" \/>\n<meta property=\"og:locale\" content=\"en_US\" \/>\n<meta property=\"og:type\" content=\"article\" \/>\n<meta property=\"og:title\" content=\"BOMAG BC772RS - Hydrosprz\u0119t - Bomag BC772RS\" \/>\n<meta property=\"og:description\" content=\"Firma Hydrosprz\u0119t ma do zaoferowania kompaktor Bomag BC772RS. Oferujemy pe\u0142ny zakres obs\u0142ugi serwisowej oraz dost\u0119p do cz\u0119\u015bci zamiennych.\" \/>\n<meta property=\"og:url\" content=\"https:\/\/hydrosprzet.pl\/en\/product\/bomag-bc772rs\/\" \/>\n<meta property=\"og:site_name\" content=\"Hydrosprz\u0119t\" \/>\n<meta property=\"article:modified_time\" content=\"2026-02-20T07:04:34+00:00\" \/>\n<meta property=\"og:image\" content=\"https:\/\/hydrosprzet.pl\/wp-content\/uploads\/2021\/03\/IMG_20210302_130355.jpg\" \/>\n\t<meta property=\"og:image:width\" content=\"1100\" \/>\n\t<meta property=\"og:image:height\" content=\"825\" \/>\n<meta name=\"twitter:card\" content=\"summary_large_image\" \/>\n<script type=\"application\/ld+json\" class=\"yoast-schema-graph\">{\"@context\":\"https:\/\/schema.org\",\"@graph\":[{\"@type\":\"WebSite\",\"@id\":\"https:\/\/hydrosprzet.pl\/#website\",\"url\":\"https:\/\/hydrosprzet.pl\/\",\"name\":\"Hydrosprz\\u0119t\",\"description\":\"Maszyny budowlane\",\"potentialAction\":[{\"@type\":\"SearchAction\",\"target\":{\"@type\":\"EntryPoint\",\"urlTemplate\":\"https:\/\/hydrosprzet.pl\/?s={search_term_string}\"},\"query-input\":\"required name=search_term_string\"}],\"inLanguage\":\"en-US\"},{\"@type\":\"ImageObject\",\"@id\":\"https:\/\/hydrosprzet.pl\/produkt\/bomag-bc772rs\/#primaryimage\",\"inLanguage\":\"en-US\",\"url\":\"https:\/\/hydrosprzet.pl\/wp-content\/uploads\/2021\/03\/IMG_20210302_130355.jpg\",\"contentUrl\":\"https:\/\/hydrosprzet.pl\/wp-content\/uploads\/2021\/03\/IMG_20210302_130355.jpg\",\"width\":1100,\"height\":825,\"caption\":\"bomag bc772rs\"},{\"@type\":\"WebPage\",\"@id\":\"https:\/\/hydrosprzet.pl\/produkt\/bomag-bc772rs\/#webpage\",\"url\":\"https:\/\/hydrosprzet.pl\/produkt\/bomag-bc772rs\/\",\"name\":\"BOMAG BC772RS - Hydrosprz\\u0119t - Bomag BC772RS\",\"isPartOf\":{\"@id\":\"https:\/\/hydrosprzet.pl\/#website\"},\"primaryImageOfPage\":{\"@id\":\"https:\/\/hydrosprzet.pl\/produkt\/bomag-bc772rs\/#primaryimage\"},\"datePublished\":\"2021-03-17T07:30:13+00:00\",\"dateModified\":\"2026-02-20T07:04:34+00:00\",\"description\":\"Firma Hydrosprz\\u0119t ma do zaoferowania kompaktor Bomag BC772RS. Oferujemy pe\\u0142ny zakres obs\\u0142ugi serwisowej oraz dost\\u0119p do cz\\u0119\\u015bci zamiennych.\",\"breadcrumb\":{\"@id\":\"https:\/\/hydrosprzet.pl\/produkt\/bomag-bc772rs\/#breadcrumb\"},\"inLanguage\":\"en-US\",\"potentialAction\":[{\"@type\":\"ReadAction\",\"target\":[\"https:\/\/hydrosprzet.pl\/produkt\/bomag-bc772rs\/\"]}]},{\"@type\":\"BreadcrumbList\",\"@id\":\"https:\/\/hydrosprzet.pl\/produkt\/bomag-bc772rs\/#breadcrumb\",\"itemListElement\":[{\"@type\":\"ListItem\",\"position\":1,\"name\":\"Strona g\\u0142\\u00f3wna\",\"item\":\"https:\/\/hydrosprzet.pl\/\"},{\"@type\":\"ListItem\",\"position\":2,\"name\":\"Maszyny\",\"item\":\"https:\/\/hydrosprzet.pl\/maszyny\/\"},{\"@type\":\"ListItem\",\"position\":3,\"name\":\"BOMAG BC772RS\"}]}]}<\/script>\n<!-- \/ Yoast SEO plugin. -->","yoast_head_json":{"title":"BOMAG BC772RS - Hydrosprz\u0119t - Bomag BC772RS","description":"Firma Hydrosprz\u0119t ma do zaoferowania kompaktor Bomag BC772RS. Oferujemy pe\u0142ny zakres obs\u0142ugi serwisowej oraz dost\u0119p do cz\u0119\u015bci zamiennych.","robots":{"index":"index","follow":"follow","max-snippet":"max-snippet:-1","max-image-preview":"max-image-preview:large","max-video-preview":"max-video-preview:-1"},"canonical":"https:\/\/hydrosprzet.pl\/en\/product\/bomag-bc772rs\/","og_locale":"en_US","og_type":"article","og_title":"BOMAG BC772RS - Hydrosprz\u0119t - Bomag BC772RS","og_description":"Firma Hydrosprz\u0119t ma do zaoferowania kompaktor Bomag BC772RS. Oferujemy pe\u0142ny zakres obs\u0142ugi serwisowej oraz dost\u0119p do cz\u0119\u015bci zamiennych.","og_url":"https:\/\/hydrosprzet.pl\/en\/product\/bomag-bc772rs\/","og_site_name":"Hydrosprz\u0119t","article_modified_time":"2026-02-20T07:04:34+00:00","og_image":[{"width":1100,"height":825,"url":"https:\/\/hydrosprzet.pl\/wp-content\/uploads\/2021\/03\/IMG_20210302_130355.jpg","type":"image\/jpeg"}],"twitter_card":"summary_large_image","schema":{"@context":"https:\/\/schema.org","@graph":[{"@type":"WebSite","@id":"https:\/\/hydrosprzet.pl\/#website","url":"https:\/\/hydrosprzet.pl\/","name":"Hydrosprz\u0119t","description":"Maszyny budowlane","potentialAction":[{"@type":"SearchAction","target":{"@type":"EntryPoint","urlTemplate":"https:\/\/hydrosprzet.pl\/?s={search_term_string}"},"query-input":"required name=search_term_string"}],"inLanguage":"en-US"},{"@type":"ImageObject","@id":"https:\/\/hydrosprzet.pl\/produkt\/bomag-bc772rs\/#primaryimage","inLanguage":"en-US","url":"https:\/\/hydrosprzet.pl\/wp-content\/uploads\/2021\/03\/IMG_20210302_130355.jpg","contentUrl":"https:\/\/hydrosprzet.pl\/wp-content\/uploads\/2021\/03\/IMG_20210302_130355.jpg","width":1100,"height":825,"caption":"bomag bc772rs"},{"@type":"WebPage","@id":"https:\/\/hydrosprzet.pl\/produkt\/bomag-bc772rs\/#webpage","url":"https:\/\/hydrosprzet.pl\/produkt\/bomag-bc772rs\/","name":"BOMAG BC772RS - Hydrosprz\u0119t - Bomag BC772RS","isPartOf":{"@id":"https:\/\/hydrosprzet.pl\/#website"},"primaryImageOfPage":{"@id":"https:\/\/hydrosprzet.pl\/produkt\/bomag-bc772rs\/#primaryimage"},"datePublished":"2021-03-17T07:30:13+00:00","dateModified":"2026-02-20T07:04:34+00:00","description":"Firma Hydrosprz\u0119t ma do zaoferowania kompaktor Bomag BC772RS. Oferujemy pe\u0142ny zakres obs\u0142ugi serwisowej oraz dost\u0119p do cz\u0119\u015bci zamiennych.","breadcrumb":{"@id":"https:\/\/hydrosprzet.pl\/produkt\/bomag-bc772rs\/#breadcrumb"},"inLanguage":"en-US","potentialAction":[{"@type":"ReadAction","target":["https:\/\/hydrosprzet.pl\/produkt\/bomag-bc772rs\/"]}]},{"@type":"BreadcrumbList","@id":"https:\/\/hydrosprzet.pl\/produkt\/bomag-bc772rs\/#breadcrumb","itemListElement":[{"@type":"ListItem","position":1,"name":"Strona g\u0142\u00f3wna","item":"https:\/\/hydrosprzet.pl\/"},{"@type":"ListItem","position":2,"name":"Maszyny","item":"https:\/\/hydrosprzet.pl\/maszyny\/"},{"@type":"ListItem","position":3,"name":"BOMAG BC772RS"}]}]}},"_links":{"self":[{"href":"https:\/\/hydrosprzet.pl\/en\/wp-json\/wp\/v2\/product\/7108"}],"collection":[{"href":"https:\/\/hydrosprzet.pl\/en\/wp-json\/wp\/v2\/product"}],"about":[{"href":"https:\/\/hydrosprzet.pl\/en\/wp-json\/wp\/v2\/types\/product"}],"wp:featuredmedia":[{"embeddable":true,"href":"https:\/\/hydrosprzet.pl\/en\/wp-json\/wp\/v2\/media\/7109"}],"wp:attachment":[{"href":"https:\/\/hydrosprzet.pl\/en\/wp-json\/wp\/v2\/media?parent=7108"}],"curies":[{"name":"wp","href":"https:\/\/api.w.org\/{rel}","templated":true}]}}