{"id":7101,"date":"2021-03-17T08:04:24","date_gmt":"2021-03-17T07:04:24","guid":{"rendered":"https:\/\/hydrosprzet.pl\/?post_type=product&#038;p=7101"},"modified":"2026-02-20T08:05:09","modified_gmt":"2026-02-20T07:05:09","slug":"dressta-td-15r-extra","status":"publish","type":"product","link":"https:\/\/hydrosprzet.pl\/en\/product\/dressta-td-15r-extra\/","title":{"rendered":"Dressta TD-15R Extra"},"content":{"rendered":"<p>\u015aredniej wielko\u015bci spycharki marki DRESSTA TD-15R Extra s\u0105 nap\u0119dzane silnikami wysokopr\u0119\u017cnymi firmy Cummins z wysokoci\u015bnieniowym uk\u0142adem zasilania typu\u00a0 \u030bcommon rail \u030b zapewniaj\u0105cym uzyskanie najwy\u017cszych wydajno\u015bci pracy maszyny. Dzi\u0119ki temu sprawdzonemu w praktyce uk\u0142adowi, silnik jest zasilany precyzyjnie odmierzonymi dawkami paliwa pod wysokim ci\u015bnieniem, co skutkuje oszcz\u0119dno\u015bci\u0105 zu\u017cycia paliwa przy zachowaniu wysokiej sprawno\u015bci termodynamicznej silnika i spe\u0142nieniu norm emisji spalin. Masywna jednocz\u0119\u015bciowa rama g\u0142\u00f3wna spycharek marki DRESSTA zapewnia maksymaln\u0105 trwa\u0142o\u015b\u0107 maszyny w najbardziej ekstremalnych warunkach pracy. \u015aredniej wielko\u015bci spycharka g\u0105sienicowa Dressta TD-15 dost\u0119pna jest w kilku wersjach pocz\u0105wszy od wersji o mocy 190 KM i masie eksploatacyjnej 21,3t. Nasze pot\u0119\u017cne spycharki \u0142\u0105cz\u0105 w sobie brutaln\u0105 si\u0142\u0119 z precyzj\u0105 kontroli i s\u0105 konstruowane z my\u015bl\u0105 o zapewnieniu optymalnej wydajno\u015bci przy budowie dr\u00f3g, oczyszczaniu terenu oraz w budownictwie.<\/p>\n<p><strong>DANE TECHNICZNE : Dressta TD-15R Extra<br \/>\n<\/strong><\/p>\n<p>*Silnik : Cummins QSB6.7<\/p>\n<p>*Norma poziomu emisji spalin : EPA Tier 4f\/EU Stage IV<\/p>\n<p>*Moc netto : 168 kW (228 Hp)<\/p>\n<p>*Zakres masy netto : <span class=\"units-metric\">20.6 t &#8211; 21.6 t <\/span><\/p>\n<p>*Zakres pojemno\u015bci lemiesza : <span class=\"units-metric\">3.8 &#8211; 5.7 m<sup>3<\/sup><\/span><\/p>\n<p>&nbsp;<\/p>\n<p><em><strong>BROSZURA : <a href=\"https:\/\/hydrosprzet.pl\/wp-content\/uploads\/2019\/07\/TD-14-15-20-Brochure-in-Polski.pdf\">TD-14-15-20-Brochure-in-Polski<\/a><\/strong><\/em><\/p>\n<p>Znajd\u017a inne nasze maszyny na <a href=\"https:\/\/hydrosprzet.otomoto.pl\">otomoto.<\/a><\/p>\n<p>\u015aredniej wielko\u015bci spycharki marki DRESSTA oferuj\u0105 szereg nast\u0119puj\u0105cych zalet:<br \/>\n1. Silniki renomowanej firmy Cummins zapewniaj\u0105ce wysoki moment<br \/>\nobrotowy i niezb\u0119dn\u0105 moc do efektywnego spychania urobku lub zrywania<br \/>\ngruntu.<br \/>\n2. Unikalny dwubiegowy mechanizm skr\u0119tu zapewniaj\u0105cy przekazanie pe\u0142nej<br \/>\nmocy na g\u0105sienice i p\u0142ynne manewrowanie maszyn\u0105 z maksymalnie<br \/>\nnape\u0142nionym lemieszem.<br \/>\n3. Zastosowanie konwencjonalnego uk\u0142adu podwozia zapewnia wyj\u0105tkow\u0105<br \/>\nstabilno\u015b\u0107 i bezpiecze\u0144stwo pracy spycharki przy pracy na stromych<br \/>\npochy\u0142o\u015bciach oraz wykonywanie skr\u0119t\u00f3w z zachowaniem pe\u0142nej mocy<br \/>\nna g\u0105sienicach.<br \/>\n4. Opcjonalne systemy automatycznego sterowania maszynami Trimble<br \/>\ndla maksymalizacji wydajno\u015bci i precyzji wykonywanych rob\u00f3t.<br \/>\n5. Preselekcja pr\u0119dko\u015bci jazdy oraz automatyczna redukcja bieg\u00f3w zwi\u0119ksza<br \/>\nwydajno\u015b\u0107 pracy operatora.<br \/>\n6. Doskona\u0142a widoczno\u015b\u0107 z kabiny we wszystkich kierunkach zapewnia<br \/>\noperatorowi dobr\u0105 obserwacj\u0119 pola pracy, w tym naro\u017cy lemiesza.<br \/>\n7. Ergonomiczna i wyciszona kabina FOPS z amortyzowanym pneumatycznie<br \/>\nfotelem z pod\u0142okietnikami i pasem bezpiecze\u0144stwa chroniona jest przez<br \/>\ndwus\u0142upow\u0105 os\u0142on\u0119 ROPS. Sterowanie maszyn\u0105 i osprz\u0119tem roboczym<br \/>\nu\u0142atwiaj\u0105 precyzyjne joysticki.<br \/>\n8. Lemiesz 6-po\u0142o\u017ceniowy zapewniaj\u0105cy precyzyjn\u0105 niwelacj\u0119 i kszta\u0142towanie<br \/>\nterenu.<br \/>\n9. Niezwykle solidna konstrukcja podwozia zapewnia maksymaln\u0105<br \/>\nwytrzyma\u0142o\u015b\u0107 oraz p\u0142ynn\u0105 i stabiln\u0105 jazd\u0119.<br \/>\n10. Uk\u0142ad ch\u0142odzenia o wysokiej wydajno\u015bci przystosowany<br \/>\njest do ekstremalnych warunk\u00f3w klimatycznych. Zakres temperatury<br \/>\notoczenia pracy maszyny od -50\u00b0C do +50\u00b0C.<br \/>\n11. G\u0105sienice, rolki jezdne i podtrzymuj\u0105ce nasmarowane na ca\u0142y okres<br \/>\nu\u017cytkowania, przystosowane do pracy przy du\u017cych obci\u0105\u017ceniach<br \/>\nzapewniaj\u0105 d\u0142ug\u0105 \u017cywotno\u015b\u0107 uk\u0142adu jezdnego i obni\u017caj\u0105 koszty eksploatacji.<\/p>\n<p>&nbsp;<\/p>\n<table id=\"MachineSpecs\" class=\"table table-condensed table-striped\" style=\"height: 39px;\" width=\"544\">\n<tbody>\n<tr>\n<th><\/th>\n<td><\/td>\n<\/tr>\n<\/tbody>\n<\/table>","protected":false},"excerpt":{"rendered":"<p>Spycharka Dressta TD-15R Extra z zabudowan\u0105 na sta\u0142e, zintegrowan\u0105 z uk\u0142adem hydraulicznym oraz sterowania maszyn\u0105, zag\u0119szczark\u0105 zboczy ha\u0142d w\u0119gla, tzw. \u201cwalcem bocznym\u201d.<\/p>\n<p><span class=\"_5mfr\"><span class=\"_6qdm\">\u2714<\/span><\/span>Hydrosprz\u0119t od podstaw wykona\u0142 i zaprojektowa\u0142 zag\u0119szczark\u0119 zboczy ha\u0142d w\u0119gla do tej maszyny. Jej podstawowe parametry to:<br \/>\n<span class=\"text_exposed_show\">-zabudowana na sta\u0142e w miejscu zaczepu\/zrywaka z ty\u0142u spycharki<br \/>\n-oparta o hydrauliczn\u0105 wyci\u0105gark\u0119, opuszczaj\u0105c\u0105 i wci\u0105gaj\u0105c\u0105 po zboczu ha\u0142dy w\u0119gla, walec pod k\u0105tek 90\u00b0 do osi maszyny<br \/>\n-zag\u0119szczarka wyposa\u017cona w hydrauliczny zaczep utrzymuj\u0105c walec w pozycji spoczynku oraz prowadnic\u0119 liny<br \/>\n-zintegrowana z uk\u0142adem hydraulicznym i sterowania spycharki<\/p>\n<p><em>Zdj\u0119cia oraz opisy w og\u0142oszeniu maj\u0105 charakter pogl\u0105dowy. Prezentowana oferta nie stanowi oferty handlowej w rozumieniu Kodeksu Cywilnego, a jedynie zaproszenie do z\u0142o\u017cenia zapytania. Cena, dost\u0119pno\u015b\u0107 oraz czas realizacji mog\u0105 ulec zmianie \u2013 ka\u017cdorazowo potwierdzane s\u0105 przed realizacj\u0105 zam\u00f3wienia.<\/em><br \/>\n<\/span><\/p>","protected":false},"featured_media":5829,"template":"","meta":[],"yoast_head":"<!-- This site is optimized with the Yoast SEO plugin v17.3 - https:\/\/yoast.com\/wordpress\/plugins\/seo\/ -->\n<title>Dressta TD-15R Extra - Hydrosprz\u0119t - Maszyny - Z walcem bocznym<\/title>\n<meta name=\"description\" content=\"Firma Hydrosprz\u0119t ma do zaoferowania spychark\u0119 g\u0105sienicow\u0105 Dressta TD-15R Extra. Zapewniamy pe\u0142ny zakres obs\u0142ugi serwisowej.\" \/>\n<meta name=\"robots\" content=\"index, follow, max-snippet:-1, max-image-preview:large, max-video-preview:-1\" \/>\n<link rel=\"canonical\" href=\"https:\/\/hydrosprzet.pl\/en\/product\/dressta-td-15r-extra\/\" \/>\n<meta property=\"og:locale\" content=\"en_US\" \/>\n<meta property=\"og:type\" content=\"article\" \/>\n<meta property=\"og:title\" content=\"Dressta TD-15R Extra - Hydrosprz\u0119t - Maszyny - Z walcem bocznym\" \/>\n<meta property=\"og:description\" content=\"Firma Hydrosprz\u0119t ma do zaoferowania spychark\u0119 g\u0105sienicow\u0105 Dressta TD-15R Extra. Zapewniamy pe\u0142ny zakres obs\u0142ugi serwisowej.\" \/>\n<meta property=\"og:url\" content=\"https:\/\/hydrosprzet.pl\/en\/product\/dressta-td-15r-extra\/\" \/>\n<meta property=\"og:site_name\" content=\"Hydrosprz\u0119t\" \/>\n<meta property=\"article:modified_time\" content=\"2026-02-20T07:05:09+00:00\" \/>\n<meta property=\"og:image\" content=\"https:\/\/hydrosprzet.pl\/wp-content\/uploads\/2019\/07\/spycharka-dressta.png\" \/>\n\t<meta property=\"og:image:width\" content=\"620\" \/>\n\t<meta property=\"og:image:height\" content=\"402\" \/>\n<meta name=\"twitter:card\" content=\"summary_large_image\" \/>\n<meta name=\"twitter:label1\" content=\"Est. reading time\" \/>\n\t<meta name=\"twitter:data1\" content=\"2 minutes\" \/>\n<script type=\"application\/ld+json\" class=\"yoast-schema-graph\">{\"@context\":\"https:\/\/schema.org\",\"@graph\":[{\"@type\":\"WebSite\",\"@id\":\"https:\/\/hydrosprzet.pl\/#website\",\"url\":\"https:\/\/hydrosprzet.pl\/\",\"name\":\"Hydrosprz\\u0119t\",\"description\":\"Maszyny budowlane\",\"potentialAction\":[{\"@type\":\"SearchAction\",\"target\":{\"@type\":\"EntryPoint\",\"urlTemplate\":\"https:\/\/hydrosprzet.pl\/?s={search_term_string}\"},\"query-input\":\"required name=search_term_string\"}],\"inLanguage\":\"en-US\"},{\"@type\":\"ImageObject\",\"@id\":\"https:\/\/hydrosprzet.pl\/produkt\/dressta-td-15r-extra\/#primaryimage\",\"inLanguage\":\"en-US\",\"url\":\"https:\/\/hydrosprzet.pl\/wp-content\/uploads\/2019\/07\/spycharka-dressta.png\",\"contentUrl\":\"https:\/\/hydrosprzet.pl\/wp-content\/uploads\/2019\/07\/spycharka-dressta.png\",\"width\":620,\"height\":402,\"caption\":\"dressta-td-15r extra\"},{\"@type\":\"WebPage\",\"@id\":\"https:\/\/hydrosprzet.pl\/produkt\/dressta-td-15r-extra\/#webpage\",\"url\":\"https:\/\/hydrosprzet.pl\/produkt\/dressta-td-15r-extra\/\",\"name\":\"Dressta TD-15R Extra - Hydrosprz\\u0119t - Maszyny - Z walcem bocznym\",\"isPartOf\":{\"@id\":\"https:\/\/hydrosprzet.pl\/#website\"},\"primaryImageOfPage\":{\"@id\":\"https:\/\/hydrosprzet.pl\/produkt\/dressta-td-15r-extra\/#primaryimage\"},\"datePublished\":\"2021-03-17T07:04:24+00:00\",\"dateModified\":\"2026-02-20T07:05:09+00:00\",\"description\":\"Firma Hydrosprz\\u0119t ma do zaoferowania spychark\\u0119 g\\u0105sienicow\\u0105 Dressta TD-15R Extra. Zapewniamy pe\\u0142ny zakres obs\\u0142ugi serwisowej.\",\"breadcrumb\":{\"@id\":\"https:\/\/hydrosprzet.pl\/produkt\/dressta-td-15r-extra\/#breadcrumb\"},\"inLanguage\":\"en-US\",\"potentialAction\":[{\"@type\":\"ReadAction\",\"target\":[\"https:\/\/hydrosprzet.pl\/produkt\/dressta-td-15r-extra\/\"]}]},{\"@type\":\"BreadcrumbList\",\"@id\":\"https:\/\/hydrosprzet.pl\/produkt\/dressta-td-15r-extra\/#breadcrumb\",\"itemListElement\":[{\"@type\":\"ListItem\",\"position\":1,\"name\":\"Strona g\\u0142\\u00f3wna\",\"item\":\"https:\/\/hydrosprzet.pl\/\"},{\"@type\":\"ListItem\",\"position\":2,\"name\":\"Maszyny\",\"item\":\"https:\/\/hydrosprzet.pl\/maszyny\/\"},{\"@type\":\"ListItem\",\"position\":3,\"name\":\"Dressta TD-15R Extra\"}]}]}<\/script>\n<!-- \/ Yoast SEO plugin. -->","yoast_head_json":{"title":"Dressta TD-15R Extra - Hydrosprz\u0119t - Maszyny - Z walcem bocznym","description":"Firma Hydrosprz\u0119t ma do zaoferowania spychark\u0119 g\u0105sienicow\u0105 Dressta TD-15R Extra. Zapewniamy pe\u0142ny zakres obs\u0142ugi serwisowej.","robots":{"index":"index","follow":"follow","max-snippet":"max-snippet:-1","max-image-preview":"max-image-preview:large","max-video-preview":"max-video-preview:-1"},"canonical":"https:\/\/hydrosprzet.pl\/en\/product\/dressta-td-15r-extra\/","og_locale":"en_US","og_type":"article","og_title":"Dressta TD-15R Extra - Hydrosprz\u0119t - Maszyny - Z walcem bocznym","og_description":"Firma Hydrosprz\u0119t ma do zaoferowania spychark\u0119 g\u0105sienicow\u0105 Dressta TD-15R Extra. Zapewniamy pe\u0142ny zakres obs\u0142ugi serwisowej.","og_url":"https:\/\/hydrosprzet.pl\/en\/product\/dressta-td-15r-extra\/","og_site_name":"Hydrosprz\u0119t","article_modified_time":"2026-02-20T07:05:09+00:00","og_image":[{"width":620,"height":402,"url":"https:\/\/hydrosprzet.pl\/wp-content\/uploads\/2019\/07\/spycharka-dressta.png","type":"image\/png"}],"twitter_card":"summary_large_image","twitter_misc":{"Est. reading time":"2 minutes"},"schema":{"@context":"https:\/\/schema.org","@graph":[{"@type":"WebSite","@id":"https:\/\/hydrosprzet.pl\/#website","url":"https:\/\/hydrosprzet.pl\/","name":"Hydrosprz\u0119t","description":"Maszyny budowlane","potentialAction":[{"@type":"SearchAction","target":{"@type":"EntryPoint","urlTemplate":"https:\/\/hydrosprzet.pl\/?s={search_term_string}"},"query-input":"required name=search_term_string"}],"inLanguage":"en-US"},{"@type":"ImageObject","@id":"https:\/\/hydrosprzet.pl\/produkt\/dressta-td-15r-extra\/#primaryimage","inLanguage":"en-US","url":"https:\/\/hydrosprzet.pl\/wp-content\/uploads\/2019\/07\/spycharka-dressta.png","contentUrl":"https:\/\/hydrosprzet.pl\/wp-content\/uploads\/2019\/07\/spycharka-dressta.png","width":620,"height":402,"caption":"dressta-td-15r extra"},{"@type":"WebPage","@id":"https:\/\/hydrosprzet.pl\/produkt\/dressta-td-15r-extra\/#webpage","url":"https:\/\/hydrosprzet.pl\/produkt\/dressta-td-15r-extra\/","name":"Dressta TD-15R Extra - Hydrosprz\u0119t - Maszyny - Z walcem bocznym","isPartOf":{"@id":"https:\/\/hydrosprzet.pl\/#website"},"primaryImageOfPage":{"@id":"https:\/\/hydrosprzet.pl\/produkt\/dressta-td-15r-extra\/#primaryimage"},"datePublished":"2021-03-17T07:04:24+00:00","dateModified":"2026-02-20T07:05:09+00:00","description":"Firma Hydrosprz\u0119t ma do zaoferowania spychark\u0119 g\u0105sienicow\u0105 Dressta TD-15R Extra. Zapewniamy pe\u0142ny zakres obs\u0142ugi serwisowej.","breadcrumb":{"@id":"https:\/\/hydrosprzet.pl\/produkt\/dressta-td-15r-extra\/#breadcrumb"},"inLanguage":"en-US","potentialAction":[{"@type":"ReadAction","target":["https:\/\/hydrosprzet.pl\/produkt\/dressta-td-15r-extra\/"]}]},{"@type":"BreadcrumbList","@id":"https:\/\/hydrosprzet.pl\/produkt\/dressta-td-15r-extra\/#breadcrumb","itemListElement":[{"@type":"ListItem","position":1,"name":"Strona g\u0142\u00f3wna","item":"https:\/\/hydrosprzet.pl\/"},{"@type":"ListItem","position":2,"name":"Maszyny","item":"https:\/\/hydrosprzet.pl\/maszyny\/"},{"@type":"ListItem","position":3,"name":"Dressta TD-15R Extra"}]}]}},"_links":{"self":[{"href":"https:\/\/hydrosprzet.pl\/en\/wp-json\/wp\/v2\/product\/7101"}],"collection":[{"href":"https:\/\/hydrosprzet.pl\/en\/wp-json\/wp\/v2\/product"}],"about":[{"href":"https:\/\/hydrosprzet.pl\/en\/wp-json\/wp\/v2\/types\/product"}],"wp:featuredmedia":[{"embeddable":true,"href":"https:\/\/hydrosprzet.pl\/en\/wp-json\/wp\/v2\/media\/5829"}],"wp:attachment":[{"href":"https:\/\/hydrosprzet.pl\/en\/wp-json\/wp\/v2\/media?parent=7101"}],"curies":[{"name":"wp","href":"https:\/\/api.w.org\/{rel}","templated":true}]}}