{"id":7,"date":"2018-03-29T15:52:23","date_gmt":"2018-03-29T15:52:23","guid":{"rendered":"http:\/\/themes.webdevia.com\/backhoe-heavy-construction-equipment-rentals-machinery-wordpress-theme\/product\/import-placeholder-for-46\/"},"modified":"2020-04-27T11:19:57","modified_gmt":"2020-04-27T09:19:57","slug":"liugong-890h","status":"publish","type":"product","link":"https:\/\/hydrosprzet.pl\/en\/product\/liugong-890h\/","title":{"rendered":"LiuGong CLG890H"},"content":{"rendered":"<h3>LiuGong 890H<\/h3>\n<p>&nbsp;<\/p>\n<p>Rynki Unii Europejskiej s\u0105 bardzo wymagaj\u0105ce, a LiuGong 890H jest odpowiedzi\u0105 na obietnic\u0119 LiuGong \u201eMaszyny do zada\u0144 specjalnych\u201d. Dla klient\u00f3w, kt\u00f3rzy potrzebuj\u0105 ci\u0119\u017ckich urz\u0105dze\u0144 podno\u015bnikowych model 890H oferuje wi\u0119ksz\u0105 moc przy ni\u017cszym zu\u017cyciu energii. Silnik Stage 4 Cummins jest zaprojektowany w taki spos\u00f3b, aby dostarczy\u0107 wi\u0119cej mocy na niskich obrotach przy maksymalnym momencie obrotowym. Po\u0142\u0105czenie przek\u0142adni powershift oraz zaawansowany uk\u0142ad hydrauliczny reaguj\u0105cy na obci\u0105\u017cenie zapewniaj\u0105 wyj\u0105tkow\u0105 si\u0142\u0119 odspajania, szybko\u015b\u0107 i zwinno\u015b\u0107. Uzyskiwana jest jeszcze wy\u017csza wydajno\u015b\u0107 dzi\u0119ki funkcji Inteligentnego wy\u0142\u0105czania pr\u0105du, co poprawia skuteczno\u015b\u0107 hamowania i pomaga w redukcji zu\u017cycia paliwa przez uk\u0142ad hydrauliczny. W modelu 890H zwi\u0119kszono bezpiecze\u0144stwo i komfort operatora, w tym usprawniono filtrowanie py\u0142\u00f3w, co znacznie poprawia warunki pracy w kabinie.<\/p>\n<p><strong>DANE TECHNICZNE:<\/strong><\/p>\n<p>\u2714\ufe0fCummins EPA Tier 4 final \/ EU Stage IV, 11,8 litra (3,1 gal), 6-cylindrowy silnik wysokopr\u0119\u017cny z turbodo\u0142adowaniem z uk\u0142adem wtryskowym Common Rail bez EGR, DPF i SCR<\/p>\n<p>\u2714\ufe0fNorma poziomu emisji spalin : EPA Tier 4 final \/ EU Stage IV<\/p>\n<p>\u2714\ufe0fMarka: Cummins QSG12<\/p>\n<p>\u2714\ufe0fMoc netto : 370 KM (276 kW) @ 1,800 obr\/min<\/p>\n<p>\u2714\ufe0fMasa netto : 30 800 KG<\/p>\n<p>\u2714\ufe0fPojemno\u015b\u0107 \u0142y\u017cki : 5,4-9 m\u00b3<\/p>\n<p>&nbsp;<\/p>\n<p><em><strong>BROSZURA :<\/strong><\/em> <a href=\"https:\/\/hydrosprzet.pl\/wp-content\/uploads\/2018\/03\/Liugong-890H-Broszura.pdf\">Liugong 890H &#8211; Broszura<\/a><\/p>","protected":false},"excerpt":{"rendered":"<p>W trudnym \u015brodowisku wydobywczym nie ma miejsca na zgadywanie. Musisz wiedzie\u0107, \u017ce Twoja \u0142adowarka ko\u0142owa z \u0142atwo\u015bci\u0105 poradzi sobie z wszystkimi trudnymi codziennymi zadaniami, z pr\u0119dko\u015bci\u0105, oszcz\u0119dno\u015bci\u0105 i niesko\u0144czon\u0105 wytrzyma\u0142o\u015bci\u0105. Wiarygodno\u015b\u0107 biznesowa ostatecznie zale\u017cy od wydajno\u015bci operacyjnej maszyny, a dzi\u0119ki naszemu nowemu 890H mo\u017cesz mie\u0107 pewno\u015b\u0107, \u017ce Twoja reputacja jest w bezpiecznych r\u0119kach.<\/p>","protected":false},"featured_media":5662,"template":"","meta":[],"yoast_head":"<!-- This site is optimized with the Yoast SEO plugin v17.3 - https:\/\/yoast.com\/wordpress\/plugins\/seo\/ -->\n<title>LiuGong CLG890H - Hydrosprz\u0119t - Maszyny - LiuGong Dressta Machinery<\/title>\n<meta name=\"description\" content=\"Firma Hydrosprz\u0119t ma do zaoferowania \u0142adowark\u0119 ko\u0142ow\u0105 LiuGong 890H. Zapewniamy pe\u0142ny zakres obs\u0142ugi serwisowej oraz dostep do cz\u0119\u015bci zamiennych.\" \/>\n<meta name=\"robots\" content=\"index, follow, max-snippet:-1, max-image-preview:large, max-video-preview:-1\" \/>\n<link rel=\"canonical\" href=\"https:\/\/hydrosprzet.pl\/en\/product\/liugong-890h\/\" \/>\n<meta property=\"og:locale\" content=\"en_US\" \/>\n<meta property=\"og:type\" content=\"article\" \/>\n<meta property=\"og:title\" content=\"LiuGong CLG890H - Hydrosprz\u0119t - Maszyny - LiuGong Dressta Machinery\" \/>\n<meta property=\"og:description\" content=\"Firma Hydrosprz\u0119t ma do zaoferowania \u0142adowark\u0119 ko\u0142ow\u0105 LiuGong 890H. Zapewniamy pe\u0142ny zakres obs\u0142ugi serwisowej oraz dostep do cz\u0119\u015bci zamiennych.\" \/>\n<meta property=\"og:url\" content=\"https:\/\/hydrosprzet.pl\/en\/product\/liugong-890h\/\" \/>\n<meta property=\"og:site_name\" content=\"Hydrosprz\u0119t\" \/>\n<meta property=\"article:modified_time\" content=\"2020-04-27T09:19:57+00:00\" \/>\n<meta property=\"og:image\" content=\"https:\/\/hydrosprzet.pl\/wp-content\/uploads\/2018\/03\/LiuGong-890H-hydrosprzet-1.png\" \/>\n\t<meta property=\"og:image:width\" content=\"1457\" \/>\n\t<meta property=\"og:image:height\" content=\"722\" \/>\n<meta name=\"twitter:card\" content=\"summary_large_image\" \/>\n<meta name=\"twitter:label1\" content=\"Est. reading time\" \/>\n\t<meta name=\"twitter:data1\" content=\"1 minute\" \/>\n<script type=\"application\/ld+json\" class=\"yoast-schema-graph\">{\"@context\":\"https:\/\/schema.org\",\"@graph\":[{\"@type\":\"WebSite\",\"@id\":\"https:\/\/hydrosprzet.pl\/#website\",\"url\":\"https:\/\/hydrosprzet.pl\/\",\"name\":\"Hydrosprz\\u0119t\",\"description\":\"Maszyny budowlane\",\"potentialAction\":[{\"@type\":\"SearchAction\",\"target\":{\"@type\":\"EntryPoint\",\"urlTemplate\":\"https:\/\/hydrosprzet.pl\/?s={search_term_string}\"},\"query-input\":\"required name=search_term_string\"}],\"inLanguage\":\"en-US\"},{\"@type\":\"ImageObject\",\"@id\":\"https:\/\/hydrosprzet.pl\/produkt\/liugong-890h\/#primaryimage\",\"inLanguage\":\"en-US\",\"url\":\"https:\/\/hydrosprzet.pl\/wp-content\/uploads\/2018\/03\/LiuGong-890H-hydrosprzet-1.png\",\"contentUrl\":\"https:\/\/hydrosprzet.pl\/wp-content\/uploads\/2018\/03\/LiuGong-890H-hydrosprzet-1.png\",\"width\":1457,\"height\":722,\"caption\":\"LiuGong-890H-hydrosprzet\"},{\"@type\":\"WebPage\",\"@id\":\"https:\/\/hydrosprzet.pl\/produkt\/liugong-890h\/#webpage\",\"url\":\"https:\/\/hydrosprzet.pl\/produkt\/liugong-890h\/\",\"name\":\"LiuGong CLG890H - Hydrosprz\\u0119t - Maszyny - LiuGong Dressta Machinery\",\"isPartOf\":{\"@id\":\"https:\/\/hydrosprzet.pl\/#website\"},\"primaryImageOfPage\":{\"@id\":\"https:\/\/hydrosprzet.pl\/produkt\/liugong-890h\/#primaryimage\"},\"datePublished\":\"2018-03-29T15:52:23+00:00\",\"dateModified\":\"2020-04-27T09:19:57+00:00\",\"description\":\"Firma Hydrosprz\\u0119t ma do zaoferowania \\u0142adowark\\u0119 ko\\u0142ow\\u0105 LiuGong 890H. Zapewniamy pe\\u0142ny zakres obs\\u0142ugi serwisowej oraz dostep do cz\\u0119\\u015bci zamiennych.\",\"breadcrumb\":{\"@id\":\"https:\/\/hydrosprzet.pl\/produkt\/liugong-890h\/#breadcrumb\"},\"inLanguage\":\"en-US\",\"potentialAction\":[{\"@type\":\"ReadAction\",\"target\":[\"https:\/\/hydrosprzet.pl\/produkt\/liugong-890h\/\"]}]},{\"@type\":\"BreadcrumbList\",\"@id\":\"https:\/\/hydrosprzet.pl\/produkt\/liugong-890h\/#breadcrumb\",\"itemListElement\":[{\"@type\":\"ListItem\",\"position\":1,\"name\":\"Strona g\\u0142\\u00f3wna\",\"item\":\"https:\/\/hydrosprzet.pl\/\"},{\"@type\":\"ListItem\",\"position\":2,\"name\":\"Maszyny\",\"item\":\"https:\/\/hydrosprzet.pl\/maszyny\/\"},{\"@type\":\"ListItem\",\"position\":3,\"name\":\"LiuGong CLG890H\"}]}]}<\/script>\n<!-- \/ Yoast SEO plugin. -->","yoast_head_json":{"title":"LiuGong CLG890H - Hydrosprz\u0119t - Maszyny - LiuGong Dressta Machinery","description":"Firma Hydrosprz\u0119t ma do zaoferowania \u0142adowark\u0119 ko\u0142ow\u0105 LiuGong 890H. Zapewniamy pe\u0142ny zakres obs\u0142ugi serwisowej oraz dostep do cz\u0119\u015bci zamiennych.","robots":{"index":"index","follow":"follow","max-snippet":"max-snippet:-1","max-image-preview":"max-image-preview:large","max-video-preview":"max-video-preview:-1"},"canonical":"https:\/\/hydrosprzet.pl\/en\/product\/liugong-890h\/","og_locale":"en_US","og_type":"article","og_title":"LiuGong CLG890H - Hydrosprz\u0119t - Maszyny - LiuGong Dressta Machinery","og_description":"Firma Hydrosprz\u0119t ma do zaoferowania \u0142adowark\u0119 ko\u0142ow\u0105 LiuGong 890H. Zapewniamy pe\u0142ny zakres obs\u0142ugi serwisowej oraz dostep do cz\u0119\u015bci zamiennych.","og_url":"https:\/\/hydrosprzet.pl\/en\/product\/liugong-890h\/","og_site_name":"Hydrosprz\u0119t","article_modified_time":"2020-04-27T09:19:57+00:00","og_image":[{"width":1457,"height":722,"url":"https:\/\/hydrosprzet.pl\/wp-content\/uploads\/2018\/03\/LiuGong-890H-hydrosprzet-1.png","type":"image\/png"}],"twitter_card":"summary_large_image","twitter_misc":{"Est. reading time":"1 minute"},"schema":{"@context":"https:\/\/schema.org","@graph":[{"@type":"WebSite","@id":"https:\/\/hydrosprzet.pl\/#website","url":"https:\/\/hydrosprzet.pl\/","name":"Hydrosprz\u0119t","description":"Maszyny budowlane","potentialAction":[{"@type":"SearchAction","target":{"@type":"EntryPoint","urlTemplate":"https:\/\/hydrosprzet.pl\/?s={search_term_string}"},"query-input":"required name=search_term_string"}],"inLanguage":"en-US"},{"@type":"ImageObject","@id":"https:\/\/hydrosprzet.pl\/produkt\/liugong-890h\/#primaryimage","inLanguage":"en-US","url":"https:\/\/hydrosprzet.pl\/wp-content\/uploads\/2018\/03\/LiuGong-890H-hydrosprzet-1.png","contentUrl":"https:\/\/hydrosprzet.pl\/wp-content\/uploads\/2018\/03\/LiuGong-890H-hydrosprzet-1.png","width":1457,"height":722,"caption":"LiuGong-890H-hydrosprzet"},{"@type":"WebPage","@id":"https:\/\/hydrosprzet.pl\/produkt\/liugong-890h\/#webpage","url":"https:\/\/hydrosprzet.pl\/produkt\/liugong-890h\/","name":"LiuGong CLG890H - Hydrosprz\u0119t - Maszyny - LiuGong Dressta Machinery","isPartOf":{"@id":"https:\/\/hydrosprzet.pl\/#website"},"primaryImageOfPage":{"@id":"https:\/\/hydrosprzet.pl\/produkt\/liugong-890h\/#primaryimage"},"datePublished":"2018-03-29T15:52:23+00:00","dateModified":"2020-04-27T09:19:57+00:00","description":"Firma Hydrosprz\u0119t ma do zaoferowania \u0142adowark\u0119 ko\u0142ow\u0105 LiuGong 890H. Zapewniamy pe\u0142ny zakres obs\u0142ugi serwisowej oraz dostep do cz\u0119\u015bci zamiennych.","breadcrumb":{"@id":"https:\/\/hydrosprzet.pl\/produkt\/liugong-890h\/#breadcrumb"},"inLanguage":"en-US","potentialAction":[{"@type":"ReadAction","target":["https:\/\/hydrosprzet.pl\/produkt\/liugong-890h\/"]}]},{"@type":"BreadcrumbList","@id":"https:\/\/hydrosprzet.pl\/produkt\/liugong-890h\/#breadcrumb","itemListElement":[{"@type":"ListItem","position":1,"name":"Strona g\u0142\u00f3wna","item":"https:\/\/hydrosprzet.pl\/"},{"@type":"ListItem","position":2,"name":"Maszyny","item":"https:\/\/hydrosprzet.pl\/maszyny\/"},{"@type":"ListItem","position":3,"name":"LiuGong CLG890H"}]}]}},"_links":{"self":[{"href":"https:\/\/hydrosprzet.pl\/en\/wp-json\/wp\/v2\/product\/7"}],"collection":[{"href":"https:\/\/hydrosprzet.pl\/en\/wp-json\/wp\/v2\/product"}],"about":[{"href":"https:\/\/hydrosprzet.pl\/en\/wp-json\/wp\/v2\/types\/product"}],"wp:featuredmedia":[{"embeddable":true,"href":"https:\/\/hydrosprzet.pl\/en\/wp-json\/wp\/v2\/media\/5662"}],"wp:attachment":[{"href":"https:\/\/hydrosprzet.pl\/en\/wp-json\/wp\/v2\/media?parent=7"}],"curies":[{"name":"wp","href":"https:\/\/api.w.org\/{rel}","templated":true}]}}