{"id":6713,"date":"2021-01-20T10:35:21","date_gmt":"2021-01-20T09:35:21","guid":{"rendered":"https:\/\/hydrosprzet.pl\/?post_type=product&#038;p=6713"},"modified":"2026-02-20T08:07:21","modified_gmt":"2026-02-20T07:07:21","slug":"hsw-534e","status":"publish","type":"product","link":"https:\/\/hydrosprzet.pl\/en\/product\/hsw-534e\/","title":{"rendered":"HSW 534E"},"content":{"rendered":"<h3>HSW 534E<\/h3>\n<p>&nbsp;<\/p>\n<p><strong>SILNIK<\/strong><br \/>\n* Marka i model .<a href=\"https:\/\/hydrosprzet.pl\/en\/onas\/cummins\/\">Cummins<\/a> QSC8.3<br \/>\n* Typ . 6-cylindrowy silnik wysokopr\u0119\u017cny<br \/>\nz turbodo\u0142adowaniem i ch\u0142odnic\u0105 powietrza dolotowego<br \/>\n* System paliwowy . HPI Electronic<br \/>\n* Moc brutto, SAE J1995 . 179 kW (243 KM)<br \/>\n* Moc netto, SAE J1349\/ISO 9249 . 169 kW (230 KM)<br \/>\nObroty silnika, nominalne .2200 obr\/min<br \/>\n* Maksymalny moment obrotowy przy 1500 obr\/min &#8230;&#8230;&#8230; 1085 Nm<br \/>\n* Pojemno\u015b\u0107 skokowa. 8,3 l<br \/>\n* \u015arednica cylindra x skok t\u0142oka . 114 x 135 mm<br \/>\n* Filtr powietrza&#8230;&#8230;&#8230;&#8230;&#8230;.. suchy, ze wska\u017anikiem zanieczyszczenia<\/p>\n<p><strong>ZMIENNIK MOMENTU<\/strong><br \/>\n* Jednostopniowy, jednofazowy, prze\u0142o\u017cenie dynamiczne 2,7:1.<\/p>\n<p><strong>SKRZYNIA BIEG\u00d3W<\/strong><br \/>\n* Elektrycznie sterowana skrzynia bieg\u00f3w typu \u201epower shift\u201d, prze\u0142\u0105czalna pod obci\u0105\u017ceniem w ograniczonym zakresie prze\u0142o\u017ce\u0144 i pr\u0119dko\u015bci obrotowych, 4 biegi do przodu i 4 do ty\u0142u.<br \/>\n* Prze\u0142\u0105czanie bieg\u00f3w 1-2 (I zakres) i 3-4 (II zakres) oraz prz\u00f3d \u2013 ty\u0142 mo\u017cliwe pod obci\u0105\u017ceniem na drodze elektrycznej.<br \/>\n* Prze\u0142\u0105czanie zakres\u00f3w \u2013 mechaniczne, na postoju lub przy ma\u0142ych pr\u0119dko\u015bciach jazdy maszyny po zapaleniu si\u0119 lampki<br \/>\nsygnalizuj\u0105cej zwolnienie blokady d\u017awigni zmiany zakres\u00f3w (patrz instrukcja obs\u0142ugi).<\/p>\n<p><strong>MOSTY NAP\u0118DOWE<\/strong><br \/>\n* Most przedni mocowany sztywno do ramy, most tylny mocowany wahliwie, k\u0105t wahania 26\u00b0. Nap\u0119d na cztery ko\u0142a.<br \/>\n* Wysoko\u015b\u0107 pokonywanej nier\u00f3wno\u015bci terenowej do 480 mm. Mechanizm r\u00f3\u017cnicowy typu konwencjonalnego.<\/p>\n<p><strong>UK\u0141AD SKR\u0118TU<\/strong><br \/>\n* Rama przegubowa. Uk\u0142ad hydrostatyczny, zapewniaj\u0105cy p\u0142ynne sterowanie maszyn\u0105. Awaryjny uk\u0142ad skr\u0119tu.<br \/>\n* K\u0105t skr\u0119tu w lewo\/w prawo . 35\u00b0\/35\u00b0<br \/>\n* Promie\u0144 skr\u0119tu . 6,22 m<\/p>\n<p><strong>UK\u0141AD HAMULCOWY<\/strong><br \/>\n* Hamulec g\u0142\u00f3wny \u2013 dzia\u0142aj\u0105cy na cztery ko\u0142a, pneumatycznohydrauliczny, tarcze suche.<br \/>\n* Hamulec postojowy \u2013 zwalniany pneumatycznie, w\u0142\u0105czany spr\u0119\u017cynowo, tarcza hamulca umieszczona na wale wej\u015bciowym przedniego mostu.<\/p>\n<p><strong>UK\u0141AD ROBOCZY<\/strong><br \/>\n* Typu r\u00f3wnoleg\u0142ego z uszczelnionymi po\u0142\u0105czeniami przegubowymi oraz z wyd\u0142u\u017conymi mi\u0119dzyobs\u0142ugowymi okresami smarowania.<\/p>\n<p><strong>STEROWANIE UK\u0141ADEM ROBOCZYM<\/strong><br \/>\n* Po\u0142o\u017cenia wysi\u0119gnika: podnoszenie, blokowanie, opuszczanie, po\u0142o\u017cenie p\u0142ywaj\u0105ce.<br \/>\n* Po\u0142o\u017cenia \u0142y\u017cki: zamykanie, blokowanie, otwieranie.<\/p>\n<p><strong>UK\u0141AD HYDRAULICZNY<\/strong><br \/>\n* Zbiornik: wyposa\u017cony we wziernik i 10 \u00b5 filtry zlewowe.<br \/>\n* Pompa z\u0119bata i pompa dwusekcyjna z\u0119bata.<br \/>\n* Wydatek pomp przy 2200 obr\/min i ci\u015bnieniu 16 MPa:<br \/>\n\u2013 g\u0142\u00f3wna pompa robocza \u2013 188 l\/min<br \/>\n\u2013 pompa (1-sza sekcja) do uk\u0142adu skr\u0119tu i roboczego \u2013 173 l\/min<br \/>\n\u2013 pompa (2-ga sekcja) wentylatora ch\u0142odnicy \u2013 40 l\/min<br \/>\n* Rozdzielacz g\u0142\u00f3wny 2-sekcyjny, z zaworem bezpiecze\u0144stwa.<br \/>\n* Ci\u015bnienie zaworu bezpiecze\u0144stwa \u2013 16 MPa.<br \/>\n* Cylindry podw\u00f3jnego dzia\u0142ania; hartowane i chromowane t\u0142oczyska:<br \/>\n\u2013 wysi\u0119gnik (2), \u015brednica x skok . 160 x 860 mm<br \/>\n\u2013 \u0142y\u017cka (2), \u015brednica x skok. 160 x 470 mm<br \/>\n\u2013 uk\u0142ad skr\u0119tu (2), \u015brednica x skok . 110 x 442 mm<br \/>\n* Czas podnoszenia wysi\u0119gnika 6 s., wysypu \u0142y\u017cki 2 s.,<br \/>\n* opuszczania wysi\u0119gnika 3,5 s.<\/p>\n<p><strong>POJEMNO\u015aCI w HSW 534E<\/strong><br \/>\n* Zbiornik paliwa 350 l<br \/>\n* Uk\u0142ad ch\u0142odzenia 35 l<br \/>\n* Misa olejowa silnika 23.8 l<br \/>\n* Uk\u0142ad nap\u0119du 133 l<br \/>\n* Most przedni i tylny, ka\u017cdy 42 l<br \/>\n* Zbiornik uk\u0142adu roboczego i skr\u0119tu 230 l<br \/>\n* Uk\u0142ad hydrauliczny roboczy i skr\u0119tu 310 l<\/p>\n<p><strong>ADDITIONAL INFORMATION:<\/strong><\/p>\n<p class=\"translation-block\">In the case of its purchase, we provide full technical and service care including: <br>\n- operator training in the basics of machine operation and maintenance <br>\n- carrying out periodic inspections of the machine in accordance with the operating manual <br>\n- ensuring access to the necessary consumables and spare parts <br>\nguarantee uninterrupted operation of the machine.<\/p>\n<p>Po wi\u0119cej informacji prosimy o kontakt telefoniczny!<\/p>\n<p class=\"translation-block\">* rental possible, <br>\n* pre-purchase lease possible, including part of the lease for purchase, <br>\n* possible replacement, <br>\n* possibility of warranty, service and after-sales service<\/p>\n<p>Oferta na <a href=\"https:\/\/hydrosprzet.otomoto.pl\/\">otomoto<\/a><\/p>\n<p>&nbsp;<\/p>\n<p>&nbsp;<\/p>","protected":false},"excerpt":{"rendered":"<p>Oferujemy sprzeda\u017c \u0142adowarki ko\u0142owej HSW 534E. \u0141adowarka ko\u0142owa z tradycj\u0105, cechuj\u0105ca si\u0119 niezawodno\u015bci\u0105, wydajno\u015bci\u0105 i szerok\u0105 gam\u0105 osprz\u0119t\u00f3w roboczych.<\/p>\n<p>Rok produkcji: r.<\/p>\n<p>Silnik: Cummins QSC8.3<\/p>\n<p>Zmiennik momentu: jednostopniowy, jednofazowy<\/p>\n<p>Waga: 20580<\/p>\n<p>Maszyna po odbudowie<\/p>\n<p><a href=\"https:\/\/hydrosprzet.pl\/en\/kontakt\/\"><strong>Request an offer.<\/strong><\/a><\/p>\n<p data-start=\"184\" data-end=\"369\">\n<p data-start=\"184\" data-end=\"369\"><em>Zdj\u0119cia oraz opisy w og\u0142oszeniu maj\u0105 charakter pogl\u0105dowy. Prezentowana oferta nie stanowi oferty handlowej w rozumieniu Kodeksu Cywilnego, a jedynie zaproszenie do z\u0142o\u017cenia zapytania. Cena, dost\u0119pno\u015b\u0107 oraz czas realizacji mog\u0105 ulec zmianie \u2013 ka\u017cdorazowo potwierdzane s\u0105 przed realizacj\u0105 zam\u00f3wienia.<\/em><\/p>","protected":false},"featured_media":6714,"template":"","meta":[],"yoast_head":"<!-- This site is optimized with the Yoast SEO plugin v17.3 - https:\/\/yoast.com\/wordpress\/plugins\/seo\/ -->\n<title>HSW 534E - Hydrosprz\u0119t - \u0141adowarka ko\u0142owa - HSW - 534E<\/title>\n<meta name=\"description\" content=\"Firma Hydrosprz\u0119t ma do zaoferowania \u0141adowark\u0119 ko\u0142ow\u0105 HSW 534E. Oferujemy pe\u0142ny zakres obs\u0142ugi serwisowej oraz dostep do cz\u0119\u015bci zamiennych.\" \/>\n<meta name=\"robots\" content=\"index, follow, max-snippet:-1, max-image-preview:large, max-video-preview:-1\" \/>\n<link rel=\"canonical\" href=\"https:\/\/hydrosprzet.pl\/en\/product\/hsw-534e\/\" \/>\n<meta property=\"og:locale\" content=\"en_US\" \/>\n<meta property=\"og:type\" content=\"article\" \/>\n<meta property=\"og:title\" content=\"HSW 534E - Hydrosprz\u0119t - \u0141adowarka ko\u0142owa - HSW - 534E\" \/>\n<meta property=\"og:description\" content=\"Firma Hydrosprz\u0119t ma do zaoferowania \u0141adowark\u0119 ko\u0142ow\u0105 HSW 534E. Oferujemy pe\u0142ny zakres obs\u0142ugi serwisowej oraz dostep do cz\u0119\u015bci zamiennych.\" \/>\n<meta property=\"og:url\" content=\"https:\/\/hydrosprzet.pl\/en\/product\/hsw-534e\/\" \/>\n<meta property=\"og:site_name\" content=\"Hydrosprz\u0119t\" \/>\n<meta property=\"article:modified_time\" content=\"2026-02-20T07:07:21+00:00\" \/>\n<meta property=\"og:image\" content=\"https:\/\/hydrosprzet.pl\/wp-content\/uploads\/2021\/01\/hsw-534E.jpg\" \/>\n\t<meta property=\"og:image:width\" content=\"1100\" \/>\n\t<meta property=\"og:image:height\" content=\"825\" \/>\n<meta name=\"twitter:card\" content=\"summary_large_image\" \/>\n<meta name=\"twitter:label1\" content=\"Est. reading time\" \/>\n\t<meta name=\"twitter:data1\" content=\"3 minutes\" \/>\n<script type=\"application\/ld+json\" class=\"yoast-schema-graph\">{\"@context\":\"https:\/\/schema.org\",\"@graph\":[{\"@type\":\"WebSite\",\"@id\":\"https:\/\/hydrosprzet.pl\/#website\",\"url\":\"https:\/\/hydrosprzet.pl\/\",\"name\":\"Hydrosprz\\u0119t\",\"description\":\"Maszyny budowlane\",\"potentialAction\":[{\"@type\":\"SearchAction\",\"target\":{\"@type\":\"EntryPoint\",\"urlTemplate\":\"https:\/\/hydrosprzet.pl\/?s={search_term_string}\"},\"query-input\":\"required name=search_term_string\"}],\"inLanguage\":\"en-US\"},{\"@type\":\"ImageObject\",\"@id\":\"https:\/\/hydrosprzet.pl\/produkt\/hsw-534e\/#primaryimage\",\"inLanguage\":\"en-US\",\"url\":\"https:\/\/hydrosprzet.pl\/wp-content\/uploads\/2021\/01\/hsw-534E.jpg\",\"contentUrl\":\"https:\/\/hydrosprzet.pl\/wp-content\/uploads\/2021\/01\/hsw-534E.jpg\",\"width\":1100,\"height\":825,\"caption\":\"HSW 534E\"},{\"@type\":\"WebPage\",\"@id\":\"https:\/\/hydrosprzet.pl\/produkt\/hsw-534e\/#webpage\",\"url\":\"https:\/\/hydrosprzet.pl\/produkt\/hsw-534e\/\",\"name\":\"HSW 534E - Hydrosprz\\u0119t - \\u0141adowarka ko\\u0142owa - HSW - 534E\",\"isPartOf\":{\"@id\":\"https:\/\/hydrosprzet.pl\/#website\"},\"primaryImageOfPage\":{\"@id\":\"https:\/\/hydrosprzet.pl\/produkt\/hsw-534e\/#primaryimage\"},\"datePublished\":\"2021-01-20T09:35:21+00:00\",\"dateModified\":\"2026-02-20T07:07:21+00:00\",\"description\":\"Firma Hydrosprz\\u0119t ma do zaoferowania \\u0141adowark\\u0119 ko\\u0142ow\\u0105 HSW 534E. Oferujemy pe\\u0142ny zakres obs\\u0142ugi serwisowej oraz dostep do cz\\u0119\\u015bci zamiennych.\",\"breadcrumb\":{\"@id\":\"https:\/\/hydrosprzet.pl\/produkt\/hsw-534e\/#breadcrumb\"},\"inLanguage\":\"en-US\",\"potentialAction\":[{\"@type\":\"ReadAction\",\"target\":[\"https:\/\/hydrosprzet.pl\/produkt\/hsw-534e\/\"]}]},{\"@type\":\"BreadcrumbList\",\"@id\":\"https:\/\/hydrosprzet.pl\/produkt\/hsw-534e\/#breadcrumb\",\"itemListElement\":[{\"@type\":\"ListItem\",\"position\":1,\"name\":\"Strona g\\u0142\\u00f3wna\",\"item\":\"https:\/\/hydrosprzet.pl\/\"},{\"@type\":\"ListItem\",\"position\":2,\"name\":\"Maszyny\",\"item\":\"https:\/\/hydrosprzet.pl\/maszyny\/\"},{\"@type\":\"ListItem\",\"position\":3,\"name\":\"HSW 534E\"}]}]}<\/script>\n<!-- \/ Yoast SEO plugin. -->","yoast_head_json":{"title":"HSW 534E - Hydrosprz\u0119t - \u0141adowarka ko\u0142owa - HSW - 534E","description":"Firma Hydrosprz\u0119t ma do zaoferowania \u0141adowark\u0119 ko\u0142ow\u0105 HSW 534E. Oferujemy pe\u0142ny zakres obs\u0142ugi serwisowej oraz dostep do cz\u0119\u015bci zamiennych.","robots":{"index":"index","follow":"follow","max-snippet":"max-snippet:-1","max-image-preview":"max-image-preview:large","max-video-preview":"max-video-preview:-1"},"canonical":"https:\/\/hydrosprzet.pl\/en\/product\/hsw-534e\/","og_locale":"en_US","og_type":"article","og_title":"HSW 534E - Hydrosprz\u0119t - \u0141adowarka ko\u0142owa - HSW - 534E","og_description":"Firma Hydrosprz\u0119t ma do zaoferowania \u0141adowark\u0119 ko\u0142ow\u0105 HSW 534E. Oferujemy pe\u0142ny zakres obs\u0142ugi serwisowej oraz dostep do cz\u0119\u015bci zamiennych.","og_url":"https:\/\/hydrosprzet.pl\/en\/product\/hsw-534e\/","og_site_name":"Hydrosprz\u0119t","article_modified_time":"2026-02-20T07:07:21+00:00","og_image":[{"width":1100,"height":825,"url":"https:\/\/hydrosprzet.pl\/wp-content\/uploads\/2021\/01\/hsw-534E.jpg","type":"image\/jpeg"}],"twitter_card":"summary_large_image","twitter_misc":{"Est. reading time":"3 minutes"},"schema":{"@context":"https:\/\/schema.org","@graph":[{"@type":"WebSite","@id":"https:\/\/hydrosprzet.pl\/#website","url":"https:\/\/hydrosprzet.pl\/","name":"Hydrosprz\u0119t","description":"Maszyny budowlane","potentialAction":[{"@type":"SearchAction","target":{"@type":"EntryPoint","urlTemplate":"https:\/\/hydrosprzet.pl\/?s={search_term_string}"},"query-input":"required name=search_term_string"}],"inLanguage":"en-US"},{"@type":"ImageObject","@id":"https:\/\/hydrosprzet.pl\/produkt\/hsw-534e\/#primaryimage","inLanguage":"en-US","url":"https:\/\/hydrosprzet.pl\/wp-content\/uploads\/2021\/01\/hsw-534E.jpg","contentUrl":"https:\/\/hydrosprzet.pl\/wp-content\/uploads\/2021\/01\/hsw-534E.jpg","width":1100,"height":825,"caption":"HSW 534E"},{"@type":"WebPage","@id":"https:\/\/hydrosprzet.pl\/produkt\/hsw-534e\/#webpage","url":"https:\/\/hydrosprzet.pl\/produkt\/hsw-534e\/","name":"HSW 534E - Hydrosprz\u0119t - \u0141adowarka ko\u0142owa - HSW - 534E","isPartOf":{"@id":"https:\/\/hydrosprzet.pl\/#website"},"primaryImageOfPage":{"@id":"https:\/\/hydrosprzet.pl\/produkt\/hsw-534e\/#primaryimage"},"datePublished":"2021-01-20T09:35:21+00:00","dateModified":"2026-02-20T07:07:21+00:00","description":"Firma Hydrosprz\u0119t ma do zaoferowania \u0141adowark\u0119 ko\u0142ow\u0105 HSW 534E. Oferujemy pe\u0142ny zakres obs\u0142ugi serwisowej oraz dostep do cz\u0119\u015bci zamiennych.","breadcrumb":{"@id":"https:\/\/hydrosprzet.pl\/produkt\/hsw-534e\/#breadcrumb"},"inLanguage":"en-US","potentialAction":[{"@type":"ReadAction","target":["https:\/\/hydrosprzet.pl\/produkt\/hsw-534e\/"]}]},{"@type":"BreadcrumbList","@id":"https:\/\/hydrosprzet.pl\/produkt\/hsw-534e\/#breadcrumb","itemListElement":[{"@type":"ListItem","position":1,"name":"Strona g\u0142\u00f3wna","item":"https:\/\/hydrosprzet.pl\/"},{"@type":"ListItem","position":2,"name":"Maszyny","item":"https:\/\/hydrosprzet.pl\/maszyny\/"},{"@type":"ListItem","position":3,"name":"HSW 534E"}]}]}},"_links":{"self":[{"href":"https:\/\/hydrosprzet.pl\/en\/wp-json\/wp\/v2\/product\/6713"}],"collection":[{"href":"https:\/\/hydrosprzet.pl\/en\/wp-json\/wp\/v2\/product"}],"about":[{"href":"https:\/\/hydrosprzet.pl\/en\/wp-json\/wp\/v2\/types\/product"}],"wp:featuredmedia":[{"embeddable":true,"href":"https:\/\/hydrosprzet.pl\/en\/wp-json\/wp\/v2\/media\/6714"}],"wp:attachment":[{"href":"https:\/\/hydrosprzet.pl\/en\/wp-json\/wp\/v2\/media?parent=6713"}],"curies":[{"name":"wp","href":"https:\/\/api.w.org\/{rel}","templated":true}]}}