{"id":6420,"date":"2020-09-01T10:01:53","date_gmt":"2020-09-01T08:01:53","guid":{"rendered":"https:\/\/hydrosprzet.pl\/?post_type=product&#038;p=6420"},"modified":"2026-02-20T08:11:34","modified_gmt":"2026-02-20T07:11:34","slug":"dressta-td-10","status":"publish","type":"product","link":"https:\/\/hydrosprzet.pl\/en\/product\/dressta-td-10\/","title":{"rendered":"Dressta TD-10"},"content":{"rendered":"<p>TD-10 jest dost\u0119pny w wersji standardowej (STD) oraz w wersji z niskim naciskiem ramy trakcyjnej na grunt (LGP) w celu dostosowania maszyny do r\u00f3\u017cnych rodzaj\u00f3w gruntu. Klienci mog\u0105 r\u00f3wnie\u017c dostosowa\u0107 swoje maszyny do konkretnych zada\u0144 dzi\u0119ki opcji zamawiania Wyposa\u017cenia na Specjalne Zam\u00f3wienie.<br \/>\nZapoznaj si\u0119 ze wszystkimi dost\u0119pnymi rozwi\u0105zaniami technicznymi, opcjami oraz Wyposa\u017ceniem na Specjalne Zam\u00f3wienie.<\/p>\n<p><strong>DANE TECHNICZNE : TD-10R<br \/>\n<\/strong><\/p>\n<p>*Silnik : Cummins QSB4.5<\/p>\n<p>*Norma poziomu emisji spalin : EPA Tier 3\/EU Stage IIIA<\/p>\n<p>*Moc brutto : 82 kW (110 hp)<\/p>\n<p>*Zakres masy netto : 9.2 t &#8211; 9.6 t<\/p>\n<p>*Zakres pojemno\u015bci lemiesza : 2.15 &#8211; 2.21 m3<\/p>\n<p>&nbsp;<\/p>\n<p><em><strong>BROSZURA : <a href=\"https:\/\/hydrosprzet.pl\/wp-content\/uploads\/2020\/09\/8pp-US-DRESSTA-TD10R-A4.pdf\">TD-10<\/a><\/strong><\/em><\/p>\n<p>&nbsp;<\/p>\n<table id=\"MachineSpecs\" class=\"table table-condensed table-striped\" style=\"height: 39px;\" width=\"544\">\n<tbody>\n<tr>\n<th><\/th>\n<td><\/td>\n<\/tr>\n<\/tbody>\n<\/table>","protected":false},"excerpt":{"rendered":"<p>Nasze spycharki TD-10 zosta\u0142y zaprojektowane z my\u015bl\u0105 o wydajnym i niezawodnym dzia\u0142aniu, zapewnieniu precyzyjnej kontroli oraz manewrowo\u015bci i \u0142atwo\u015bci transportowania \u0142adunku. Maszyny posiadaj\u0105 moc 101 KM i mas\u0119 eksploatacyjn\u0105 9,2t, mo\u017cna je r\u00f3wnie\u017c modyfikowa\u0107 za pomoc\u0105 szerokiego wachlarza dost\u0119pnego osprz\u0119tu i opcji,<\/p>\n<p>&nbsp;<\/p>\n<p><em>Zdj\u0119cia oraz opisy w og\u0142oszeniu maj\u0105 charakter pogl\u0105dowy. Prezentowana oferta nie stanowi oferty handlowej w rozumieniu Kodeksu Cywilnego, a jedynie zaproszenie do z\u0142o\u017cenia zapytania. Cena, dost\u0119pno\u015b\u0107 oraz czas realizacji mog\u0105 ulec zmianie \u2013 ka\u017cdorazowo potwierdzane s\u0105 przed realizacj\u0105 zam\u00f3wienia.<\/em><\/p>","protected":false},"featured_media":6422,"template":"","meta":[],"yoast_head":"<!-- This site is optimized with the Yoast SEO plugin v17.3 - https:\/\/yoast.com\/wordpress\/plugins\/seo\/ -->\n<title>Dressta TD-10 - Hydrosprz\u0119t - Maszyny - LiuGong Dressta Machinery<\/title>\n<meta name=\"description\" content=\"Firma Hydrosprz\u0119t ma do zaoferowania spychark\u0119 g\u0105sienicow\u0105 Dressta TD-10. Zapewniamy pe\u0142ny zakres obs\u0142ugi serwisowej oraz dostep do cz\u0119\u015bci.\" \/>\n<meta name=\"robots\" content=\"index, follow, max-snippet:-1, max-image-preview:large, max-video-preview:-1\" \/>\n<link rel=\"canonical\" href=\"https:\/\/hydrosprzet.pl\/en\/product\/dressta-td-10\/\" \/>\n<meta property=\"og:locale\" content=\"en_US\" \/>\n<meta property=\"og:type\" content=\"article\" \/>\n<meta property=\"og:title\" content=\"Dressta TD-10 - Hydrosprz\u0119t - Maszyny - LiuGong Dressta Machinery\" \/>\n<meta property=\"og:description\" content=\"Firma Hydrosprz\u0119t ma do zaoferowania spychark\u0119 g\u0105sienicow\u0105 Dressta TD-10. Zapewniamy pe\u0142ny zakres obs\u0142ugi serwisowej oraz dostep do cz\u0119\u015bci.\" \/>\n<meta property=\"og:url\" content=\"https:\/\/hydrosprzet.pl\/en\/product\/dressta-td-10\/\" \/>\n<meta property=\"og:site_name\" content=\"Hydrosprz\u0119t\" \/>\n<meta property=\"article:modified_time\" content=\"2026-02-20T07:11:34+00:00\" \/>\n<meta property=\"og:image\" content=\"https:\/\/hydrosprzet.pl\/wp-content\/uploads\/2020\/09\/td-10.png\" \/>\n\t<meta property=\"og:image:width\" content=\"620\" \/>\n\t<meta property=\"og:image:height\" content=\"402\" \/>\n<meta name=\"twitter:card\" content=\"summary_large_image\" \/>\n<meta name=\"twitter:label1\" content=\"Est. reading time\" \/>\n\t<meta name=\"twitter:data1\" content=\"1 minute\" \/>\n<script type=\"application\/ld+json\" class=\"yoast-schema-graph\">{\"@context\":\"https:\/\/schema.org\",\"@graph\":[{\"@type\":\"WebSite\",\"@id\":\"https:\/\/hydrosprzet.pl\/#website\",\"url\":\"https:\/\/hydrosprzet.pl\/\",\"name\":\"Hydrosprz\\u0119t\",\"description\":\"Maszyny budowlane\",\"potentialAction\":[{\"@type\":\"SearchAction\",\"target\":{\"@type\":\"EntryPoint\",\"urlTemplate\":\"https:\/\/hydrosprzet.pl\/?s={search_term_string}\"},\"query-input\":\"required name=search_term_string\"}],\"inLanguage\":\"en-US\"},{\"@type\":\"ImageObject\",\"@id\":\"https:\/\/hydrosprzet.pl\/produkt\/dressta-td-10\/#primaryimage\",\"inLanguage\":\"en-US\",\"url\":\"https:\/\/hydrosprzet.pl\/wp-content\/uploads\/2020\/09\/td-10.png\",\"contentUrl\":\"https:\/\/hydrosprzet.pl\/wp-content\/uploads\/2020\/09\/td-10.png\",\"width\":620,\"height\":402},{\"@type\":\"WebPage\",\"@id\":\"https:\/\/hydrosprzet.pl\/produkt\/dressta-td-10\/#webpage\",\"url\":\"https:\/\/hydrosprzet.pl\/produkt\/dressta-td-10\/\",\"name\":\"Dressta TD-10 - Hydrosprz\\u0119t - Maszyny - LiuGong Dressta Machinery\",\"isPartOf\":{\"@id\":\"https:\/\/hydrosprzet.pl\/#website\"},\"primaryImageOfPage\":{\"@id\":\"https:\/\/hydrosprzet.pl\/produkt\/dressta-td-10\/#primaryimage\"},\"datePublished\":\"2020-09-01T08:01:53+00:00\",\"dateModified\":\"2026-02-20T07:11:34+00:00\",\"description\":\"Firma Hydrosprz\\u0119t ma do zaoferowania spychark\\u0119 g\\u0105sienicow\\u0105 Dressta TD-10. Zapewniamy pe\\u0142ny zakres obs\\u0142ugi serwisowej oraz dostep do cz\\u0119\\u015bci.\",\"breadcrumb\":{\"@id\":\"https:\/\/hydrosprzet.pl\/produkt\/dressta-td-10\/#breadcrumb\"},\"inLanguage\":\"en-US\",\"potentialAction\":[{\"@type\":\"ReadAction\",\"target\":[\"https:\/\/hydrosprzet.pl\/produkt\/dressta-td-10\/\"]}]},{\"@type\":\"BreadcrumbList\",\"@id\":\"https:\/\/hydrosprzet.pl\/produkt\/dressta-td-10\/#breadcrumb\",\"itemListElement\":[{\"@type\":\"ListItem\",\"position\":1,\"name\":\"Strona g\\u0142\\u00f3wna\",\"item\":\"https:\/\/hydrosprzet.pl\/\"},{\"@type\":\"ListItem\",\"position\":2,\"name\":\"Maszyny\",\"item\":\"https:\/\/hydrosprzet.pl\/maszyny\/\"},{\"@type\":\"ListItem\",\"position\":3,\"name\":\"Dressta TD-10\"}]}]}<\/script>\n<!-- \/ Yoast SEO plugin. -->","yoast_head_json":{"title":"Dressta TD-10 - Hydrosprz\u0119t - Maszyny - LiuGong Dressta Machinery","description":"Firma Hydrosprz\u0119t ma do zaoferowania spychark\u0119 g\u0105sienicow\u0105 Dressta TD-10. Zapewniamy pe\u0142ny zakres obs\u0142ugi serwisowej oraz dostep do cz\u0119\u015bci.","robots":{"index":"index","follow":"follow","max-snippet":"max-snippet:-1","max-image-preview":"max-image-preview:large","max-video-preview":"max-video-preview:-1"},"canonical":"https:\/\/hydrosprzet.pl\/en\/product\/dressta-td-10\/","og_locale":"en_US","og_type":"article","og_title":"Dressta TD-10 - Hydrosprz\u0119t - Maszyny - LiuGong Dressta Machinery","og_description":"Firma Hydrosprz\u0119t ma do zaoferowania spychark\u0119 g\u0105sienicow\u0105 Dressta TD-10. Zapewniamy pe\u0142ny zakres obs\u0142ugi serwisowej oraz dostep do cz\u0119\u015bci.","og_url":"https:\/\/hydrosprzet.pl\/en\/product\/dressta-td-10\/","og_site_name":"Hydrosprz\u0119t","article_modified_time":"2026-02-20T07:11:34+00:00","og_image":[{"width":620,"height":402,"url":"https:\/\/hydrosprzet.pl\/wp-content\/uploads\/2020\/09\/td-10.png","type":"image\/png"}],"twitter_card":"summary_large_image","twitter_misc":{"Est. reading time":"1 minute"},"schema":{"@context":"https:\/\/schema.org","@graph":[{"@type":"WebSite","@id":"https:\/\/hydrosprzet.pl\/#website","url":"https:\/\/hydrosprzet.pl\/","name":"Hydrosprz\u0119t","description":"Maszyny budowlane","potentialAction":[{"@type":"SearchAction","target":{"@type":"EntryPoint","urlTemplate":"https:\/\/hydrosprzet.pl\/?s={search_term_string}"},"query-input":"required name=search_term_string"}],"inLanguage":"en-US"},{"@type":"ImageObject","@id":"https:\/\/hydrosprzet.pl\/produkt\/dressta-td-10\/#primaryimage","inLanguage":"en-US","url":"https:\/\/hydrosprzet.pl\/wp-content\/uploads\/2020\/09\/td-10.png","contentUrl":"https:\/\/hydrosprzet.pl\/wp-content\/uploads\/2020\/09\/td-10.png","width":620,"height":402},{"@type":"WebPage","@id":"https:\/\/hydrosprzet.pl\/produkt\/dressta-td-10\/#webpage","url":"https:\/\/hydrosprzet.pl\/produkt\/dressta-td-10\/","name":"Dressta TD-10 - Hydrosprz\u0119t - Maszyny - LiuGong Dressta Machinery","isPartOf":{"@id":"https:\/\/hydrosprzet.pl\/#website"},"primaryImageOfPage":{"@id":"https:\/\/hydrosprzet.pl\/produkt\/dressta-td-10\/#primaryimage"},"datePublished":"2020-09-01T08:01:53+00:00","dateModified":"2026-02-20T07:11:34+00:00","description":"Firma Hydrosprz\u0119t ma do zaoferowania spychark\u0119 g\u0105sienicow\u0105 Dressta TD-10. Zapewniamy pe\u0142ny zakres obs\u0142ugi serwisowej oraz dostep do cz\u0119\u015bci.","breadcrumb":{"@id":"https:\/\/hydrosprzet.pl\/produkt\/dressta-td-10\/#breadcrumb"},"inLanguage":"en-US","potentialAction":[{"@type":"ReadAction","target":["https:\/\/hydrosprzet.pl\/produkt\/dressta-td-10\/"]}]},{"@type":"BreadcrumbList","@id":"https:\/\/hydrosprzet.pl\/produkt\/dressta-td-10\/#breadcrumb","itemListElement":[{"@type":"ListItem","position":1,"name":"Strona g\u0142\u00f3wna","item":"https:\/\/hydrosprzet.pl\/"},{"@type":"ListItem","position":2,"name":"Maszyny","item":"https:\/\/hydrosprzet.pl\/maszyny\/"},{"@type":"ListItem","position":3,"name":"Dressta TD-10"}]}]}},"_links":{"self":[{"href":"https:\/\/hydrosprzet.pl\/en\/wp-json\/wp\/v2\/product\/6420"}],"collection":[{"href":"https:\/\/hydrosprzet.pl\/en\/wp-json\/wp\/v2\/product"}],"about":[{"href":"https:\/\/hydrosprzet.pl\/en\/wp-json\/wp\/v2\/types\/product"}],"wp:featuredmedia":[{"embeddable":true,"href":"https:\/\/hydrosprzet.pl\/en\/wp-json\/wp\/v2\/media\/6422"}],"wp:attachment":[{"href":"https:\/\/hydrosprzet.pl\/en\/wp-json\/wp\/v2\/media?parent=6420"}],"curies":[{"name":"wp","href":"https:\/\/api.w.org\/{rel}","templated":true}]}}