{"id":6415,"date":"2020-09-01T09:17:53","date_gmt":"2020-09-01T07:17:53","guid":{"rendered":"https:\/\/hydrosprzet.pl\/?post_type=product&#038;p=6415"},"modified":"2026-02-20T08:12:46","modified_gmt":"2026-02-20T07:12:46","slug":"liugong-clg950e","status":"publish","type":"product","link":"https:\/\/hydrosprzet.pl\/en\/product\/liugong-clg950e\/","title":{"rendered":"LiuGong CLG950E"},"content":{"rendered":"<p>Kopark\u0119 wyburzeniow\u0105 <strong>LiuGong 950E<\/strong> wyr\u00f3\u017cnia:<\/p>\n<p>&#8211; silnik Cummins QSM11<\/p>\n<p>-ud\u017awig roboczy wynosi od 46500 do 48800 kg<\/p>\n<p>-pe\u0142na os\u0142ona g\u0105sienic, ci\u0119\u017ckie elementy podwozia gwarantuj\u0105 integralno\u015b\u0107<\/p>\n<p>-system ROPS (Roll Over Protection System) i FOPS (Falling Object Protection System) chroni\u0105 operatora w najtrudniejszych warunkach pracy<\/p>\n<p>-przestronna, przeszklona kabina oraz tylna kamera zapewniaj\u0105 doskona\u0142\u0105 widoczno\u015b\u0107 i zwi\u0119kszaj\u0105 komfort pracy operatora.<\/p>\n<p>-wszystkie cz\u0119\u015bci maszyny zosta\u0142y zlokalizowane w dogodnym miejscu<\/p>\n<p>&nbsp;<\/p>\n<p><em><strong>BROSZURA :<\/strong><\/em> <a href=\"https:\/\/hydrosprzet.pl\/wp-content\/uploads\/2020\/09\/20170707-HEX-A4-LG-950E-spec.pdf\">LiuGong &#8211; 950E<\/a><\/p>","protected":false},"excerpt":{"rendered":"<p>Koparka wyburzeniowa LiuGong 950E mierzy maksymalnie 30 metr\u00f3w w g\u00f3r\u0119. Nap\u0119dzana najnowszym silnikiem Cummins QSM11, stworzona zmy\u015bl\u0105 o komforcie pracy operatora. Koparka wyburzeniowa LiuGong 950E nale\u017cy do serii du\u017cych koparek LiuGong, kt\u00f3re wykorzystywane s\u0105 do obs\u0142ugi wi\u0119kszych i ci\u0119\u017cszych materia\u0142\u00f3w. Wielkogabarytowe koparki LiuGong zapewniaj\u0105 moc i produktywno\u015b\u0107, kt\u00f3ra jest niezb\u0119dna do wykonania najci\u0119\u017cszych prac. W sk\u0142ad serii wchodz\u0105 tak\u017ce modele: 933E, 936E, 970E.<\/p>\n<p><em>Zdj\u0119cia oraz opisy w og\u0142oszeniu maj\u0105 charakter pogl\u0105dowy. Prezentowana oferta nie stanowi oferty handlowej w rozumieniu Kodeksu Cywilnego, a jedynie zaproszenie do z\u0142o\u017cenia zapytania. Cena, dost\u0119pno\u015b\u0107 oraz czas realizacji mog\u0105 ulec zmianie \u2013 ka\u017cdorazowo potwierdzane s\u0105 przed realizacj\u0105 zam\u00f3wienia.<\/em><\/p>","protected":false},"featured_media":6417,"template":"","meta":[],"yoast_head":"<!-- This site is optimized with the Yoast SEO plugin v17.3 - https:\/\/yoast.com\/wordpress\/plugins\/seo\/ -->\n<title>LiuGong CLG950E - Hydrosprz\u0119t - Maszyny - LiuGong Dressta Machinery<\/title>\n<meta name=\"description\" content=\"Firma Hydrosprz\u0119t ma do zaoferowania kopark\u0119 g\u0105sienicow\u0105 LiuGong 950E. Zapewniamy pe\u0142ny zakres obs\u0142ugi serwisowej oraz dostep do cz\u0119\u015bci.\" \/>\n<meta name=\"robots\" content=\"index, follow, max-snippet:-1, max-image-preview:large, max-video-preview:-1\" \/>\n<link rel=\"canonical\" href=\"https:\/\/hydrosprzet.pl\/en\/product\/liugong-clg950e\/\" \/>\n<meta property=\"og:locale\" content=\"en_US\" \/>\n<meta property=\"og:type\" content=\"article\" \/>\n<meta property=\"og:title\" content=\"LiuGong CLG950E - Hydrosprz\u0119t - Maszyny - LiuGong Dressta Machinery\" \/>\n<meta property=\"og:description\" content=\"Firma Hydrosprz\u0119t ma do zaoferowania kopark\u0119 g\u0105sienicow\u0105 LiuGong 950E. Zapewniamy pe\u0142ny zakres obs\u0142ugi serwisowej oraz dostep do cz\u0119\u015bci.\" \/>\n<meta property=\"og:url\" content=\"https:\/\/hydrosprzet.pl\/en\/product\/liugong-clg950e\/\" \/>\n<meta property=\"og:site_name\" content=\"Hydrosprz\u0119t\" \/>\n<meta property=\"article:modified_time\" content=\"2026-02-20T07:12:46+00:00\" \/>\n<meta property=\"og:image\" content=\"https:\/\/hydrosprzet.pl\/wp-content\/uploads\/2020\/09\/LiuGong-950E.jpg\" \/>\n\t<meta property=\"og:image:width\" content=\"1100\" \/>\n\t<meta property=\"og:image:height\" content=\"733\" \/>\n<meta name=\"twitter:card\" content=\"summary_large_image\" \/>\n<script type=\"application\/ld+json\" class=\"yoast-schema-graph\">{\"@context\":\"https:\/\/schema.org\",\"@graph\":[{\"@type\":\"WebSite\",\"@id\":\"https:\/\/hydrosprzet.pl\/#website\",\"url\":\"https:\/\/hydrosprzet.pl\/\",\"name\":\"Hydrosprz\\u0119t\",\"description\":\"Maszyny budowlane\",\"potentialAction\":[{\"@type\":\"SearchAction\",\"target\":{\"@type\":\"EntryPoint\",\"urlTemplate\":\"https:\/\/hydrosprzet.pl\/?s={search_term_string}\"},\"query-input\":\"required name=search_term_string\"}],\"inLanguage\":\"en-US\"},{\"@type\":\"ImageObject\",\"@id\":\"https:\/\/hydrosprzet.pl\/produkt\/liugong-clg950e\/#primaryimage\",\"inLanguage\":\"en-US\",\"url\":\"https:\/\/hydrosprzet.pl\/wp-content\/uploads\/2020\/09\/LiuGong-950E.jpg\",\"contentUrl\":\"https:\/\/hydrosprzet.pl\/wp-content\/uploads\/2020\/09\/LiuGong-950E.jpg\",\"width\":1100,\"height\":733},{\"@type\":\"WebPage\",\"@id\":\"https:\/\/hydrosprzet.pl\/produkt\/liugong-clg950e\/#webpage\",\"url\":\"https:\/\/hydrosprzet.pl\/produkt\/liugong-clg950e\/\",\"name\":\"LiuGong CLG950E - Hydrosprz\\u0119t - Maszyny - LiuGong Dressta Machinery\",\"isPartOf\":{\"@id\":\"https:\/\/hydrosprzet.pl\/#website\"},\"primaryImageOfPage\":{\"@id\":\"https:\/\/hydrosprzet.pl\/produkt\/liugong-clg950e\/#primaryimage\"},\"datePublished\":\"2020-09-01T07:17:53+00:00\",\"dateModified\":\"2026-02-20T07:12:46+00:00\",\"description\":\"Firma Hydrosprz\\u0119t ma do zaoferowania kopark\\u0119 g\\u0105sienicow\\u0105 LiuGong 950E. Zapewniamy pe\\u0142ny zakres obs\\u0142ugi serwisowej oraz dostep do cz\\u0119\\u015bci.\",\"breadcrumb\":{\"@id\":\"https:\/\/hydrosprzet.pl\/produkt\/liugong-clg950e\/#breadcrumb\"},\"inLanguage\":\"en-US\",\"potentialAction\":[{\"@type\":\"ReadAction\",\"target\":[\"https:\/\/hydrosprzet.pl\/produkt\/liugong-clg950e\/\"]}]},{\"@type\":\"BreadcrumbList\",\"@id\":\"https:\/\/hydrosprzet.pl\/produkt\/liugong-clg950e\/#breadcrumb\",\"itemListElement\":[{\"@type\":\"ListItem\",\"position\":1,\"name\":\"Strona g\\u0142\\u00f3wna\",\"item\":\"https:\/\/hydrosprzet.pl\/\"},{\"@type\":\"ListItem\",\"position\":2,\"name\":\"Maszyny\",\"item\":\"https:\/\/hydrosprzet.pl\/maszyny\/\"},{\"@type\":\"ListItem\",\"position\":3,\"name\":\"LiuGong CLG950E\"}]}]}<\/script>\n<!-- \/ Yoast SEO plugin. -->","yoast_head_json":{"title":"LiuGong CLG950E - Hydrosprz\u0119t - Maszyny - LiuGong Dressta Machinery","description":"Firma Hydrosprz\u0119t ma do zaoferowania kopark\u0119 g\u0105sienicow\u0105 LiuGong 950E. Zapewniamy pe\u0142ny zakres obs\u0142ugi serwisowej oraz dostep do cz\u0119\u015bci.","robots":{"index":"index","follow":"follow","max-snippet":"max-snippet:-1","max-image-preview":"max-image-preview:large","max-video-preview":"max-video-preview:-1"},"canonical":"https:\/\/hydrosprzet.pl\/en\/product\/liugong-clg950e\/","og_locale":"en_US","og_type":"article","og_title":"LiuGong CLG950E - Hydrosprz\u0119t - Maszyny - LiuGong Dressta Machinery","og_description":"Firma Hydrosprz\u0119t ma do zaoferowania kopark\u0119 g\u0105sienicow\u0105 LiuGong 950E. Zapewniamy pe\u0142ny zakres obs\u0142ugi serwisowej oraz dostep do cz\u0119\u015bci.","og_url":"https:\/\/hydrosprzet.pl\/en\/product\/liugong-clg950e\/","og_site_name":"Hydrosprz\u0119t","article_modified_time":"2026-02-20T07:12:46+00:00","og_image":[{"width":1100,"height":733,"url":"https:\/\/hydrosprzet.pl\/wp-content\/uploads\/2020\/09\/LiuGong-950E.jpg","type":"image\/jpeg"}],"twitter_card":"summary_large_image","schema":{"@context":"https:\/\/schema.org","@graph":[{"@type":"WebSite","@id":"https:\/\/hydrosprzet.pl\/#website","url":"https:\/\/hydrosprzet.pl\/","name":"Hydrosprz\u0119t","description":"Maszyny budowlane","potentialAction":[{"@type":"SearchAction","target":{"@type":"EntryPoint","urlTemplate":"https:\/\/hydrosprzet.pl\/?s={search_term_string}"},"query-input":"required name=search_term_string"}],"inLanguage":"en-US"},{"@type":"ImageObject","@id":"https:\/\/hydrosprzet.pl\/produkt\/liugong-clg950e\/#primaryimage","inLanguage":"en-US","url":"https:\/\/hydrosprzet.pl\/wp-content\/uploads\/2020\/09\/LiuGong-950E.jpg","contentUrl":"https:\/\/hydrosprzet.pl\/wp-content\/uploads\/2020\/09\/LiuGong-950E.jpg","width":1100,"height":733},{"@type":"WebPage","@id":"https:\/\/hydrosprzet.pl\/produkt\/liugong-clg950e\/#webpage","url":"https:\/\/hydrosprzet.pl\/produkt\/liugong-clg950e\/","name":"LiuGong CLG950E - Hydrosprz\u0119t - Maszyny - LiuGong Dressta Machinery","isPartOf":{"@id":"https:\/\/hydrosprzet.pl\/#website"},"primaryImageOfPage":{"@id":"https:\/\/hydrosprzet.pl\/produkt\/liugong-clg950e\/#primaryimage"},"datePublished":"2020-09-01T07:17:53+00:00","dateModified":"2026-02-20T07:12:46+00:00","description":"Firma Hydrosprz\u0119t ma do zaoferowania kopark\u0119 g\u0105sienicow\u0105 LiuGong 950E. Zapewniamy pe\u0142ny zakres obs\u0142ugi serwisowej oraz dostep do cz\u0119\u015bci.","breadcrumb":{"@id":"https:\/\/hydrosprzet.pl\/produkt\/liugong-clg950e\/#breadcrumb"},"inLanguage":"en-US","potentialAction":[{"@type":"ReadAction","target":["https:\/\/hydrosprzet.pl\/produkt\/liugong-clg950e\/"]}]},{"@type":"BreadcrumbList","@id":"https:\/\/hydrosprzet.pl\/produkt\/liugong-clg950e\/#breadcrumb","itemListElement":[{"@type":"ListItem","position":1,"name":"Strona g\u0142\u00f3wna","item":"https:\/\/hydrosprzet.pl\/"},{"@type":"ListItem","position":2,"name":"Maszyny","item":"https:\/\/hydrosprzet.pl\/maszyny\/"},{"@type":"ListItem","position":3,"name":"LiuGong CLG950E"}]}]}},"_links":{"self":[{"href":"https:\/\/hydrosprzet.pl\/en\/wp-json\/wp\/v2\/product\/6415"}],"collection":[{"href":"https:\/\/hydrosprzet.pl\/en\/wp-json\/wp\/v2\/product"}],"about":[{"href":"https:\/\/hydrosprzet.pl\/en\/wp-json\/wp\/v2\/types\/product"}],"wp:featuredmedia":[{"embeddable":true,"href":"https:\/\/hydrosprzet.pl\/en\/wp-json\/wp\/v2\/media\/6417"}],"wp:attachment":[{"href":"https:\/\/hydrosprzet.pl\/en\/wp-json\/wp\/v2\/media?parent=6415"}],"curies":[{"name":"wp","href":"https:\/\/api.w.org\/{rel}","templated":true}]}}