{"id":6409,"date":"2020-09-01T08:04:57","date_gmt":"2020-09-01T06:04:57","guid":{"rendered":"https:\/\/hydrosprzet.pl\/?post_type=product&#038;p=6409"},"modified":"2026-02-20T08:13:17","modified_gmt":"2026-02-20T07:13:17","slug":"dressta-td-15h","status":"publish","type":"product","link":"https:\/\/hydrosprzet.pl\/en\/product\/dressta-td-15h\/","title":{"rendered":"Dressta TD-15H LGP"},"content":{"rendered":"<p><a href=\"https:\/\/hydrosprzet.pl\/en\/serwis-cummins\/\">DRESSTA<\/a> TD-15H<\/p>\n<p><strong>Nap\u0119d<\/strong><br \/>\n&#8211; skrzynia bieg\u00f3w prze\u0142\u0105czalna pod obci\u0105\u017ceniem typu \u201epower shift\u201d (3 biegi do przodu i 3 biegi wsteczne),<br \/>\n&#8211; przek\u0142adnia hydrokinetyczna,<br \/>\n&#8211; jednostopniowy mechanizm skr\u0119tu, sterowanie d\u017awigniowe,<\/p>\n<p><strong>Osprz\u0119t roboczy<\/strong><br \/>\n&#8211; lemiesz spycharkowy o poj. 3,6 m3,<br \/>\n&#8211; zrywak,<\/p>\n<p><strong>Uk\u0142ad jazdy<\/strong><br \/>\n&#8211; szerokie g\u0105sienice<br \/>\n&#8211; hydrauliczne napinanie \u0142a\u0144cucha g\u0105sienicowego,<br \/>\n&#8211; wszystkie rolki i ko\u0142a napinaj\u0105ce nasmarowane na ca\u0142y okres eksploatacji,<br \/>\n&#8211; \u0142a\u0144cuchy g\u0105sienic uszczelnione i smarowane,<\/p>\n<p>&#8211; Szeroko\u015b\u0107 p\u0142yt 940mm,<\/p>\n<p><strong>Kabina<\/strong><br \/>\n&#8211; kabina z os\u0142on\u0105 ROPS,<br \/>\n&#8211; amortyzowany, regulowany fotel z pasami bezpiecze\u0144stwa (SAE J386),<br \/>\n&#8211; deska rozdzielcza i inne elementy opisane w j\u0119zyku polskim (piktogramy),<br \/>\n&#8211; wska\u017aniki: poziomu paliwa, temp. ch\u0142odzenia silnika, ci\u015bnienia oleju silnika, temperatury oleju w zmienniku momentu, woltomierz,<br \/>\n&#8211; licznik godzin pracy,<br \/>\n&#8211; lusterko wewn\u0119trzne i lusterka zewn\u0119trzne,<br \/>\n&#8211; o\u015bwietlenie wewn\u0119trzne,<br \/>\n&#8211; wycieraczki i spryskiwacze na szybach przednich i tylnych<br \/>\n&#8211; reflektory przednie i tylne,<br \/>\n&#8211; sygna\u0142 bezpiecze\u0144stwa,<\/p>\n<p><strong>Wyposa\u017cenie<\/strong><br \/>\n&#8211; ga\u015bnica,<br \/>\n&#8211; apteczka.<\/p>\n<p>Zobacz nasz\u0105 ofert\u0119 tej Dressta TD-15H na <a href=\"https:\/\/hydrosprzet.otomoto.pl\/\">otomoto<\/a><\/p>","protected":false},"excerpt":{"rendered":"<p>Oferujemy sprzeda\u017c odbudowanej spycharki g\u0105sienicowej DRESSTA TD-15H<\/p>\n<p><strong>Dane techniczne DRESSTA TD-15H:<\/strong><\/p>\n<p>*Rok produkcji:<\/p>\n<p>*Rok odbudowy:<\/p>\n<p>*Masa ca\u0142kowita: 20 150 kg<\/p>\n<p>*Silnik: Cummins 6CT<\/p>\n<p>*Moc silnika: 129 kW<\/p>\n<p>*Dodatkowe wyposa\u017cenie: klimatyzacja, ga\u015bnica<\/p>\n<p><a href=\"https:\/\/hydrosprzet.pl\/en\/kontakt\/\"><strong>Request an offer.<\/strong><\/a><\/p>\n<p><em>Zdj\u0119cia oraz opisy w og\u0142oszeniu maj\u0105 charakter pogl\u0105dowy. Prezentowana oferta nie stanowi oferty handlowej w rozumieniu Kodeksu Cywilnego, a jedynie zaproszenie do z\u0142o\u017cenia zapytania. Cena, dost\u0119pno\u015b\u0107 oraz czas realizacji mog\u0105 ulec zmianie \u2013 ka\u017cdorazowo potwierdzane s\u0105 przed realizacj\u0105 zam\u00f3wienia.<\/em><\/p>","protected":false},"featured_media":6410,"template":"","meta":[],"yoast_head":"<!-- This site is optimized with the Yoast SEO plugin v17.3 - https:\/\/yoast.com\/wordpress\/plugins\/seo\/ -->\n<title>Dressta TD-15H - Hydrosprz\u0119t - \u0141adowarka ko\u0142owa - HSW \u0141-534C<\/title>\n<meta name=\"description\" content=\"Firma Hydrosprz\u0119t oferuje do sprzeda\u017cy spychark\u0119 Dressta TD-15H. Zapewniamy pe\u0142n\u0105 obs\u0142ug\u0119 serwisow\u0105 oraz dost\u0119p do cz\u0119\u015bci zamiennych.\" \/>\n<meta name=\"robots\" content=\"index, follow, max-snippet:-1, max-image-preview:large, max-video-preview:-1\" \/>\n<link rel=\"canonical\" href=\"https:\/\/hydrosprzet.pl\/en\/product\/dressta-td-15h\/\" \/>\n<meta property=\"og:locale\" content=\"en_US\" \/>\n<meta property=\"og:type\" content=\"article\" \/>\n<meta property=\"og:title\" content=\"Dressta TD-15H - Hydrosprz\u0119t - \u0141adowarka ko\u0142owa - HSW \u0141-534C\" \/>\n<meta property=\"og:description\" content=\"Firma Hydrosprz\u0119t oferuje do sprzeda\u017cy spychark\u0119 Dressta TD-15H. Zapewniamy pe\u0142n\u0105 obs\u0142ug\u0119 serwisow\u0105 oraz dost\u0119p do cz\u0119\u015bci zamiennych.\" \/>\n<meta property=\"og:url\" content=\"https:\/\/hydrosprzet.pl\/en\/product\/dressta-td-15h\/\" \/>\n<meta property=\"og:site_name\" content=\"Hydrosprz\u0119t\" \/>\n<meta property=\"article:modified_time\" content=\"2026-02-20T07:13:17+00:00\" \/>\n<meta property=\"og:image\" content=\"https:\/\/hydrosprzet.pl\/wp-content\/uploads\/2020\/09\/dressta-td15h.jpg\" \/>\n\t<meta property=\"og:image:width\" content=\"1100\" \/>\n\t<meta property=\"og:image:height\" content=\"825\" \/>\n<meta name=\"twitter:card\" content=\"summary_large_image\" \/>\n<meta name=\"twitter:label1\" content=\"Est. reading time\" \/>\n\t<meta name=\"twitter:data1\" content=\"1 minute\" \/>\n<script type=\"application\/ld+json\" class=\"yoast-schema-graph\">{\"@context\":\"https:\/\/schema.org\",\"@graph\":[{\"@type\":\"WebSite\",\"@id\":\"https:\/\/hydrosprzet.pl\/#website\",\"url\":\"https:\/\/hydrosprzet.pl\/\",\"name\":\"Hydrosprz\\u0119t\",\"description\":\"Maszyny budowlane\",\"potentialAction\":[{\"@type\":\"SearchAction\",\"target\":{\"@type\":\"EntryPoint\",\"urlTemplate\":\"https:\/\/hydrosprzet.pl\/?s={search_term_string}\"},\"query-input\":\"required name=search_term_string\"}],\"inLanguage\":\"en-US\"},{\"@type\":\"ImageObject\",\"@id\":\"https:\/\/hydrosprzet.pl\/produkt\/dressta-td-15h\/#primaryimage\",\"inLanguage\":\"en-US\",\"url\":\"https:\/\/hydrosprzet.pl\/wp-content\/uploads\/2020\/09\/dressta-td15h.jpg\",\"contentUrl\":\"https:\/\/hydrosprzet.pl\/wp-content\/uploads\/2020\/09\/dressta-td15h.jpg\",\"width\":1100,\"height\":825},{\"@type\":\"WebPage\",\"@id\":\"https:\/\/hydrosprzet.pl\/produkt\/dressta-td-15h\/#webpage\",\"url\":\"https:\/\/hydrosprzet.pl\/produkt\/dressta-td-15h\/\",\"name\":\"Dressta TD-15H - Hydrosprz\\u0119t - \\u0141adowarka ko\\u0142owa - HSW \\u0141-534C\",\"isPartOf\":{\"@id\":\"https:\/\/hydrosprzet.pl\/#website\"},\"primaryImageOfPage\":{\"@id\":\"https:\/\/hydrosprzet.pl\/produkt\/dressta-td-15h\/#primaryimage\"},\"datePublished\":\"2020-09-01T06:04:57+00:00\",\"dateModified\":\"2026-02-20T07:13:17+00:00\",\"description\":\"Firma Hydrosprz\\u0119t oferuje do sprzeda\\u017cy spychark\\u0119 Dressta TD-15H. Zapewniamy pe\\u0142n\\u0105 obs\\u0142ug\\u0119 serwisow\\u0105 oraz dost\\u0119p do cz\\u0119\\u015bci zamiennych.\",\"breadcrumb\":{\"@id\":\"https:\/\/hydrosprzet.pl\/produkt\/dressta-td-15h\/#breadcrumb\"},\"inLanguage\":\"en-US\",\"potentialAction\":[{\"@type\":\"ReadAction\",\"target\":[\"https:\/\/hydrosprzet.pl\/produkt\/dressta-td-15h\/\"]}]},{\"@type\":\"BreadcrumbList\",\"@id\":\"https:\/\/hydrosprzet.pl\/produkt\/dressta-td-15h\/#breadcrumb\",\"itemListElement\":[{\"@type\":\"ListItem\",\"position\":1,\"name\":\"Strona g\\u0142\\u00f3wna\",\"item\":\"https:\/\/hydrosprzet.pl\/\"},{\"@type\":\"ListItem\",\"position\":2,\"name\":\"Maszyny\",\"item\":\"https:\/\/hydrosprzet.pl\/maszyny\/\"},{\"@type\":\"ListItem\",\"position\":3,\"name\":\"Dressta TD-15H LGP\"}]}]}<\/script>\n<!-- \/ Yoast SEO plugin. -->","yoast_head_json":{"title":"Dressta TD-15H - Hydrosprz\u0119t - \u0141adowarka ko\u0142owa - HSW \u0141-534C","description":"Firma Hydrosprz\u0119t oferuje do sprzeda\u017cy spychark\u0119 Dressta TD-15H. Zapewniamy pe\u0142n\u0105 obs\u0142ug\u0119 serwisow\u0105 oraz dost\u0119p do cz\u0119\u015bci zamiennych.","robots":{"index":"index","follow":"follow","max-snippet":"max-snippet:-1","max-image-preview":"max-image-preview:large","max-video-preview":"max-video-preview:-1"},"canonical":"https:\/\/hydrosprzet.pl\/en\/product\/dressta-td-15h\/","og_locale":"en_US","og_type":"article","og_title":"Dressta TD-15H - Hydrosprz\u0119t - \u0141adowarka ko\u0142owa - HSW \u0141-534C","og_description":"Firma Hydrosprz\u0119t oferuje do sprzeda\u017cy spychark\u0119 Dressta TD-15H. Zapewniamy pe\u0142n\u0105 obs\u0142ug\u0119 serwisow\u0105 oraz dost\u0119p do cz\u0119\u015bci zamiennych.","og_url":"https:\/\/hydrosprzet.pl\/en\/product\/dressta-td-15h\/","og_site_name":"Hydrosprz\u0119t","article_modified_time":"2026-02-20T07:13:17+00:00","og_image":[{"width":1100,"height":825,"url":"https:\/\/hydrosprzet.pl\/wp-content\/uploads\/2020\/09\/dressta-td15h.jpg","type":"image\/jpeg"}],"twitter_card":"summary_large_image","twitter_misc":{"Est. reading time":"1 minute"},"schema":{"@context":"https:\/\/schema.org","@graph":[{"@type":"WebSite","@id":"https:\/\/hydrosprzet.pl\/#website","url":"https:\/\/hydrosprzet.pl\/","name":"Hydrosprz\u0119t","description":"Maszyny budowlane","potentialAction":[{"@type":"SearchAction","target":{"@type":"EntryPoint","urlTemplate":"https:\/\/hydrosprzet.pl\/?s={search_term_string}"},"query-input":"required name=search_term_string"}],"inLanguage":"en-US"},{"@type":"ImageObject","@id":"https:\/\/hydrosprzet.pl\/produkt\/dressta-td-15h\/#primaryimage","inLanguage":"en-US","url":"https:\/\/hydrosprzet.pl\/wp-content\/uploads\/2020\/09\/dressta-td15h.jpg","contentUrl":"https:\/\/hydrosprzet.pl\/wp-content\/uploads\/2020\/09\/dressta-td15h.jpg","width":1100,"height":825},{"@type":"WebPage","@id":"https:\/\/hydrosprzet.pl\/produkt\/dressta-td-15h\/#webpage","url":"https:\/\/hydrosprzet.pl\/produkt\/dressta-td-15h\/","name":"Dressta TD-15H - Hydrosprz\u0119t - \u0141adowarka ko\u0142owa - HSW \u0141-534C","isPartOf":{"@id":"https:\/\/hydrosprzet.pl\/#website"},"primaryImageOfPage":{"@id":"https:\/\/hydrosprzet.pl\/produkt\/dressta-td-15h\/#primaryimage"},"datePublished":"2020-09-01T06:04:57+00:00","dateModified":"2026-02-20T07:13:17+00:00","description":"Firma Hydrosprz\u0119t oferuje do sprzeda\u017cy spychark\u0119 Dressta TD-15H. Zapewniamy pe\u0142n\u0105 obs\u0142ug\u0119 serwisow\u0105 oraz dost\u0119p do cz\u0119\u015bci zamiennych.","breadcrumb":{"@id":"https:\/\/hydrosprzet.pl\/produkt\/dressta-td-15h\/#breadcrumb"},"inLanguage":"en-US","potentialAction":[{"@type":"ReadAction","target":["https:\/\/hydrosprzet.pl\/produkt\/dressta-td-15h\/"]}]},{"@type":"BreadcrumbList","@id":"https:\/\/hydrosprzet.pl\/produkt\/dressta-td-15h\/#breadcrumb","itemListElement":[{"@type":"ListItem","position":1,"name":"Strona g\u0142\u00f3wna","item":"https:\/\/hydrosprzet.pl\/"},{"@type":"ListItem","position":2,"name":"Maszyny","item":"https:\/\/hydrosprzet.pl\/maszyny\/"},{"@type":"ListItem","position":3,"name":"Dressta TD-15H LGP"}]}]}},"_links":{"self":[{"href":"https:\/\/hydrosprzet.pl\/en\/wp-json\/wp\/v2\/product\/6409"}],"collection":[{"href":"https:\/\/hydrosprzet.pl\/en\/wp-json\/wp\/v2\/product"}],"about":[{"href":"https:\/\/hydrosprzet.pl\/en\/wp-json\/wp\/v2\/types\/product"}],"wp:featuredmedia":[{"embeddable":true,"href":"https:\/\/hydrosprzet.pl\/en\/wp-json\/wp\/v2\/media\/6410"}],"wp:attachment":[{"href":"https:\/\/hydrosprzet.pl\/en\/wp-json\/wp\/v2\/media?parent=6409"}],"curies":[{"name":"wp","href":"https:\/\/api.w.org\/{rel}","templated":true}]}}