{"id":6047,"date":"2020-04-22T12:18:24","date_gmt":"2020-04-22T10:18:24","guid":{"rendered":"https:\/\/hydrosprzet.pl\/?post_type=product&#038;p=6047"},"modified":"2026-02-20T08:13:43","modified_gmt":"2026-02-20T07:13:43","slug":"bomag-bc772rb","status":"publish","type":"product","link":"https:\/\/hydrosprzet.pl\/en\/product\/bomag-bc772rb\/","title":{"rendered":"BOMAG BC 772 RB"},"content":{"rendered":"<p><strong>BOMAG BC 772 RB &#8211; Idealne Rozwi\u0105zanie dla Sk\u0142adowisk Odpad\u00f3w<\/strong><\/p>\n<p><strong>Wyzwania wsp\u00f3\u0142czesnej gospodarki odpadami<\/strong>: W dobie rosn\u0105cej konsumpcji i generowania odpad\u00f3w, skuteczne zarz\u0105dzanie sk\u0142adowiskami staje si\u0119 kluczem do zr\u00f3wnowa\u017conego rozwoju. Jednak optymalizacja przestrzeni to nie jedyny problem. Wa\u017cne jest r\u00f3wnie\u017c, by procesy, kt\u00f3re si\u0119 tam odbywaj\u0105, by\u0142y zar\u00f3wno efektywne, jak i ekologiczne.<\/p>\n<p><strong>Innowacja i Technologia<\/strong>: W odpowiedzi na te wyzwania, pojawiaj\u0105 si\u0119 nowoczesne maszyny, kt\u00f3re zmieniaj\u0105 spos\u00f3b, w jaki postrzegamy sk\u0142adowiska odpad\u00f3w. Jednym z takich rozwi\u0105za\u0144 jest maszyna firmy BOMAG. Wykorzystuj\u0105c zaawansowane technologie i do\u015bwiadczenie w bran\u017cy, firma stworzy\u0142a urz\u0105dzenie, kt\u00f3re doskonale spe\u0142nia potrzeby rynku.<\/p>\n<p><strong>Optymalizacja przestrzeni \u2013 klucz do sukcesu<\/strong>: D\u0105\u017cenie do jak najlepszego wykorzystania dost\u0119pnej przestrzeni jest jednym z g\u0142\u00f3wnych cel\u00f3w ka\u017cdego sk\u0142adowiska. Tutaj w\u0142a\u015bnie <a href=\"https:\/\/hydrosprzet.pl\/en\/serwis-bomag\/\">BOMAG<\/a> BC 772 RB wyr\u00f3\u017cnia si\u0119 na tle konkurencji. Dzi\u0119ki specjalistycznemu projektowi i funkcjom, takim jak tarcza spychowa (RB) lub \u0142opata do\u0142adowania (RS), mo\u017cliwe jest skuteczne i jednorodne zag\u0119szczanie odpad\u00f3w. Niezale\u017cnie od rodzaju odpad\u00f3w &#8211; czy s\u0105 to \u015bmieci przemys\u0142owe, domowe czy gruz budowlany &#8211; maszyna ta jest gotowa do dzia\u0142ania.<\/p>\n<p><strong>Zalety maszyny<\/strong>: Korzy\u015bci p\u0142yn\u0105ce z korzystania z kompaktora BOMAG to nie tylko wyd\u0142u\u017cenie \u017cywotno\u015bci sk\u0142adowiska, ale tak\u017ce zmniejszenie emisji szkodliwych gaz\u00f3w oraz obni\u017cenie koszt\u00f3w eksploatacji. Dodatkowo, stabilno\u015b\u0107 sk\u0142adowiska poprawia bezpiecze\u0144stwo pracy i minimalizuje ryzyko awarii.<\/p>\n<p>Podsumowuj\u0105c, w \u015bwiecie gospodarki odpadami, gdzie efektywno\u015b\u0107 i zr\u00f3wnowa\u017cony rozw\u00f3j id\u0105 w parze, BOMAG BC 772 RB stanowi doskona\u0142e rozwi\u0105zanie, kt\u00f3re przyniesie korzy\u015bci zar\u00f3wno dla \u015brodowiska, jak i dla biznesu. Warto zastanowi\u0107 si\u0119 nad w\u0142\u0105czeniem tej maszyny do swojej floty, by sprosta\u0107 wyzwaniom przysz\u0142o\u015bci.<\/p>","protected":false},"excerpt":{"rendered":"<p>Oferujemy sprzeda\u017c odbudowanego kompaktora Bomag BC772RB:<\/p>\n<p><strong>Dane techniczne Bomag BC772RB:<\/strong><\/p>\n<p>*Rok produkcji:<\/p>\n<p>*Rok odbudowy:<\/p>\n<p>*Masa ca\u0142kowita: 38t<\/p>\n<p>*Silnik: DEUTZ<\/p>\n<p>*Moc silnika: 330 kW (449 KM)<\/p>\n<p>*Dodatkowe wyposa\u017cenie: klimatyzacja, ogrzewanie Webasto, sygna\u0142y robocze, podgrzewane fotele, \u0142y\u017cka za\u0142adowcza z z\u0119bami<\/p>\n<p><a href=\"https:\/\/hydrosprzet.pl\/en\/kontakt\/\"><strong>Request an offer.<\/strong><\/a><\/p>\n<p><em>Zdj\u0119cia oraz opisy w og\u0142oszeniu maj\u0105 charakter pogl\u0105dowy. Prezentowana oferta nie stanowi oferty handlowej w rozumieniu Kodeksu Cywilnego, a jedynie zaproszenie do z\u0142o\u017cenia zapytania. Cena, dost\u0119pno\u015b\u0107 oraz czas realizacji mog\u0105 ulec zmianie \u2013 ka\u017cdorazowo potwierdzane s\u0105 przed realizacj\u0105 zam\u00f3wienia.<\/em><\/p>","protected":false},"featured_media":6048,"template":"","meta":[],"yoast_head":"<!-- This site is optimized with the Yoast SEO plugin v17.3 - https:\/\/yoast.com\/wordpress\/plugins\/seo\/ -->\n<title>BOMAG BC 772 RB - Hydrosprz\u0119t - LiuGong Dressta Machinery - Bomag<\/title>\n<meta name=\"description\" content=\"Firma Hydrosprz\u0119t ma do zaoferowania kompaktor Bomag BC 772 RB. Oferujemy pe\u0142ny zakres obs\u0142ugi serwisowej oraz dostep do cz\u0119\u015bci zamiennych.\" \/>\n<meta name=\"robots\" content=\"index, follow, max-snippet:-1, max-image-preview:large, max-video-preview:-1\" \/>\n<link rel=\"canonical\" href=\"https:\/\/hydrosprzet.pl\/en\/product\/bomag-bc772rb\/\" \/>\n<meta property=\"og:locale\" content=\"en_US\" \/>\n<meta property=\"og:type\" content=\"article\" \/>\n<meta property=\"og:title\" content=\"BOMAG BC 772 RB - Hydrosprz\u0119t - LiuGong Dressta Machinery - Bomag\" \/>\n<meta property=\"og:description\" content=\"Firma Hydrosprz\u0119t ma do zaoferowania kompaktor Bomag BC 772 RB. Oferujemy pe\u0142ny zakres obs\u0142ugi serwisowej oraz dostep do cz\u0119\u015bci zamiennych.\" \/>\n<meta property=\"og:url\" content=\"https:\/\/hydrosprzet.pl\/en\/product\/bomag-bc772rb\/\" \/>\n<meta property=\"og:site_name\" content=\"Hydrosprz\u0119t\" \/>\n<meta property=\"article:modified_time\" content=\"2026-02-20T07:13:43+00:00\" \/>\n<meta property=\"og:image\" content=\"https:\/\/hydrosprzet.pl\/wp-content\/uploads\/2020\/04\/kompaktor-bomag-bc772rb-hydrosprzet.jpg\" \/>\n\t<meta property=\"og:image:width\" content=\"1100\" \/>\n\t<meta property=\"og:image:height\" content=\"825\" \/>\n<meta name=\"twitter:card\" content=\"summary_large_image\" \/>\n<meta name=\"twitter:label1\" content=\"Est. reading time\" \/>\n\t<meta name=\"twitter:data1\" content=\"2 minutes\" \/>\n<script type=\"application\/ld+json\" class=\"yoast-schema-graph\">{\"@context\":\"https:\/\/schema.org\",\"@graph\":[{\"@type\":\"WebSite\",\"@id\":\"https:\/\/hydrosprzet.pl\/#website\",\"url\":\"https:\/\/hydrosprzet.pl\/\",\"name\":\"Hydrosprz\\u0119t\",\"description\":\"Maszyny budowlane\",\"potentialAction\":[{\"@type\":\"SearchAction\",\"target\":{\"@type\":\"EntryPoint\",\"urlTemplate\":\"https:\/\/hydrosprzet.pl\/?s={search_term_string}\"},\"query-input\":\"required name=search_term_string\"}],\"inLanguage\":\"en-US\"},{\"@type\":\"ImageObject\",\"@id\":\"https:\/\/hydrosprzet.pl\/produkt\/bomag-bc772rb\/#primaryimage\",\"inLanguage\":\"en-US\",\"url\":\"https:\/\/hydrosprzet.pl\/wp-content\/uploads\/2020\/04\/kompaktor-bomag-bc772rb-hydrosprzet.jpg\",\"contentUrl\":\"https:\/\/hydrosprzet.pl\/wp-content\/uploads\/2020\/04\/kompaktor-bomag-bc772rb-hydrosprzet.jpg\",\"width\":1100,\"height\":825,\"caption\":\"kompaktor-bomag-bc772rb-hydrosprzet\"},{\"@type\":\"WebPage\",\"@id\":\"https:\/\/hydrosprzet.pl\/produkt\/bomag-bc772rb\/#webpage\",\"url\":\"https:\/\/hydrosprzet.pl\/produkt\/bomag-bc772rb\/\",\"name\":\"BOMAG BC 772 RB - Hydrosprz\\u0119t - LiuGong Dressta Machinery - Bomag\",\"isPartOf\":{\"@id\":\"https:\/\/hydrosprzet.pl\/#website\"},\"primaryImageOfPage\":{\"@id\":\"https:\/\/hydrosprzet.pl\/produkt\/bomag-bc772rb\/#primaryimage\"},\"datePublished\":\"2020-04-22T10:18:24+00:00\",\"dateModified\":\"2026-02-20T07:13:43+00:00\",\"description\":\"Firma Hydrosprz\\u0119t ma do zaoferowania kompaktor Bomag BC 772 RB. Oferujemy pe\\u0142ny zakres obs\\u0142ugi serwisowej oraz dostep do cz\\u0119\\u015bci zamiennych.\",\"breadcrumb\":{\"@id\":\"https:\/\/hydrosprzet.pl\/produkt\/bomag-bc772rb\/#breadcrumb\"},\"inLanguage\":\"en-US\",\"potentialAction\":[{\"@type\":\"ReadAction\",\"target\":[\"https:\/\/hydrosprzet.pl\/produkt\/bomag-bc772rb\/\"]}]},{\"@type\":\"BreadcrumbList\",\"@id\":\"https:\/\/hydrosprzet.pl\/produkt\/bomag-bc772rb\/#breadcrumb\",\"itemListElement\":[{\"@type\":\"ListItem\",\"position\":1,\"name\":\"Strona g\\u0142\\u00f3wna\",\"item\":\"https:\/\/hydrosprzet.pl\/\"},{\"@type\":\"ListItem\",\"position\":2,\"name\":\"Maszyny\",\"item\":\"https:\/\/hydrosprzet.pl\/maszyny\/\"},{\"@type\":\"ListItem\",\"position\":3,\"name\":\"BOMAG BC 772 RB\"}]}]}<\/script>\n<!-- \/ Yoast SEO plugin. -->","yoast_head_json":{"title":"BOMAG BC 772 RB - Hydrosprz\u0119t - LiuGong Dressta Machinery - Bomag","description":"Firma Hydrosprz\u0119t ma do zaoferowania kompaktor Bomag BC 772 RB. Oferujemy pe\u0142ny zakres obs\u0142ugi serwisowej oraz dostep do cz\u0119\u015bci zamiennych.","robots":{"index":"index","follow":"follow","max-snippet":"max-snippet:-1","max-image-preview":"max-image-preview:large","max-video-preview":"max-video-preview:-1"},"canonical":"https:\/\/hydrosprzet.pl\/en\/product\/bomag-bc772rb\/","og_locale":"en_US","og_type":"article","og_title":"BOMAG BC 772 RB - Hydrosprz\u0119t - LiuGong Dressta Machinery - Bomag","og_description":"Firma Hydrosprz\u0119t ma do zaoferowania kompaktor Bomag BC 772 RB. Oferujemy pe\u0142ny zakres obs\u0142ugi serwisowej oraz dostep do cz\u0119\u015bci zamiennych.","og_url":"https:\/\/hydrosprzet.pl\/en\/product\/bomag-bc772rb\/","og_site_name":"Hydrosprz\u0119t","article_modified_time":"2026-02-20T07:13:43+00:00","og_image":[{"width":1100,"height":825,"url":"https:\/\/hydrosprzet.pl\/wp-content\/uploads\/2020\/04\/kompaktor-bomag-bc772rb-hydrosprzet.jpg","type":"image\/jpeg"}],"twitter_card":"summary_large_image","twitter_misc":{"Est. reading time":"2 minutes"},"schema":{"@context":"https:\/\/schema.org","@graph":[{"@type":"WebSite","@id":"https:\/\/hydrosprzet.pl\/#website","url":"https:\/\/hydrosprzet.pl\/","name":"Hydrosprz\u0119t","description":"Maszyny budowlane","potentialAction":[{"@type":"SearchAction","target":{"@type":"EntryPoint","urlTemplate":"https:\/\/hydrosprzet.pl\/?s={search_term_string}"},"query-input":"required name=search_term_string"}],"inLanguage":"en-US"},{"@type":"ImageObject","@id":"https:\/\/hydrosprzet.pl\/produkt\/bomag-bc772rb\/#primaryimage","inLanguage":"en-US","url":"https:\/\/hydrosprzet.pl\/wp-content\/uploads\/2020\/04\/kompaktor-bomag-bc772rb-hydrosprzet.jpg","contentUrl":"https:\/\/hydrosprzet.pl\/wp-content\/uploads\/2020\/04\/kompaktor-bomag-bc772rb-hydrosprzet.jpg","width":1100,"height":825,"caption":"kompaktor-bomag-bc772rb-hydrosprzet"},{"@type":"WebPage","@id":"https:\/\/hydrosprzet.pl\/produkt\/bomag-bc772rb\/#webpage","url":"https:\/\/hydrosprzet.pl\/produkt\/bomag-bc772rb\/","name":"BOMAG BC 772 RB - Hydrosprz\u0119t - LiuGong Dressta Machinery - Bomag","isPartOf":{"@id":"https:\/\/hydrosprzet.pl\/#website"},"primaryImageOfPage":{"@id":"https:\/\/hydrosprzet.pl\/produkt\/bomag-bc772rb\/#primaryimage"},"datePublished":"2020-04-22T10:18:24+00:00","dateModified":"2026-02-20T07:13:43+00:00","description":"Firma Hydrosprz\u0119t ma do zaoferowania kompaktor Bomag BC 772 RB. Oferujemy pe\u0142ny zakres obs\u0142ugi serwisowej oraz dostep do cz\u0119\u015bci zamiennych.","breadcrumb":{"@id":"https:\/\/hydrosprzet.pl\/produkt\/bomag-bc772rb\/#breadcrumb"},"inLanguage":"en-US","potentialAction":[{"@type":"ReadAction","target":["https:\/\/hydrosprzet.pl\/produkt\/bomag-bc772rb\/"]}]},{"@type":"BreadcrumbList","@id":"https:\/\/hydrosprzet.pl\/produkt\/bomag-bc772rb\/#breadcrumb","itemListElement":[{"@type":"ListItem","position":1,"name":"Strona g\u0142\u00f3wna","item":"https:\/\/hydrosprzet.pl\/"},{"@type":"ListItem","position":2,"name":"Maszyny","item":"https:\/\/hydrosprzet.pl\/maszyny\/"},{"@type":"ListItem","position":3,"name":"BOMAG BC 772 RB"}]}]}},"_links":{"self":[{"href":"https:\/\/hydrosprzet.pl\/en\/wp-json\/wp\/v2\/product\/6047"}],"collection":[{"href":"https:\/\/hydrosprzet.pl\/en\/wp-json\/wp\/v2\/product"}],"about":[{"href":"https:\/\/hydrosprzet.pl\/en\/wp-json\/wp\/v2\/types\/product"}],"wp:featuredmedia":[{"embeddable":true,"href":"https:\/\/hydrosprzet.pl\/en\/wp-json\/wp\/v2\/media\/6048"}],"wp:attachment":[{"href":"https:\/\/hydrosprzet.pl\/en\/wp-json\/wp\/v2\/media?parent=6047"}],"curies":[{"name":"wp","href":"https:\/\/api.w.org\/{rel}","templated":true}]}}