{"id":6042,"date":"2020-04-22T10:52:32","date_gmt":"2020-04-22T08:52:32","guid":{"rendered":"https:\/\/hydrosprzet.pl\/?post_type=product&#038;p=6042"},"modified":"2026-02-20T08:14:09","modified_gmt":"2026-02-20T07:14:09","slug":"hsw-sb-30","status":"publish","type":"product","link":"https:\/\/hydrosprzet.pl\/en\/product\/hsw-sb-30\/","title":{"rendered":"HSW SB-30"},"content":{"rendered":"<p><strong>k\u0142adarka Rur DRESSTA &#8211; HSW SB-30 w Akcji<\/strong><\/p>\n<h3><strong>Zastosowania uk\u0142adarki HSW SB-30<\/strong><\/h3>\n<p>DRESSTA stworzy\u0142a uk\u0142adark\u0119 rur SB-30, by sprosta\u0107 wymaganiom profesjonalist\u00f3w. G\u0142\u00f3wne zadania tej maszyny obejmuj\u0105 transport i uk\u0142adanie ruroci\u0105g\u00f3w. Specjalnie zaprojektowana konstrukcja umo\u017cliwia prace przy ruroci\u0105gach gazowych, naftowych oraz wodoci\u0105gach, sprawiaj\u0105c, \u017ce uk\u0142adarka staje si\u0119 kluczowym narz\u0119dziem w bran\u017cy.<\/p>\n<h3><strong>Zaawansowana konstrukcja<\/strong><\/h3>\n<p>HSW SB-30 posiada wysi\u0119gnik po lewej stronie, podczas gdy przeciwwagi i wci\u0105garki hydrauliczne znajduj\u0105 si\u0119 po prawej. Symetryczne umieszczenie tych element\u00f3w gwarantuje r\u00f3wnowag\u0119 i precyzj\u0119 podczas pracy, umo\u017cliwiaj\u0105c efektywne i bezpieczne uk\u0142adanie rur.<\/p>\n<h3><strong>Stawiamy na komfort operatora<\/strong><\/h3>\n<p>W centrum uwagi DRESSTA przy projektowaniu SB-30 by\u0142o zapewnienie komfortu operatorowi. Kabina, z kt\u00f3rej operator steruje maszyn\u0105, jest nie tylko przestronna i wyciszona, ale te\u017c oferuje znakomit\u0105 widoczno\u015b\u0107. Dodatkowe funkcje, takie jak os\u0142ona ROPS, zwi\u0119kszaj\u0105 bezpiecze\u0144stwo, a mo\u017cliwo\u015b\u0107 demonta\u017cu kabiny u\u0142atwia transport.<\/p>\n<h3><strong>Prostota obs\u0142ugi to nasz priorytet<\/strong><\/h3>\n<p>SB-30 charakteryzuje si\u0119 intuicyjn\u0105 obs\u0142ug\u0105. DRESSTA umie\u015bci\u0142a joystick steruj\u0105cy skrzyni\u0105 bieg\u00f3w i uk\u0142adem skr\u0119tu po lewej stronie fotela, natomiast d\u017awignie steruj\u0105ce wysi\u0119gnikiem, hakiem i przeciwwagami po prawej. Dzi\u0119ki temu operator szybko i \u0142atwo dostosowuje maszyn\u0119 do bie\u017c\u0105cych potrzeb.<\/p>\n<h3><strong>Wybierz HSW SB-30 dla najlepszych wynik\u00f3w<\/strong><\/h3>\n<p>Je\u017celi zale\u017cy Ci na wydajno\u015bci, precyzji oraz komforcie pracy, uk\u0142adarka rur SB-30 to doskona\u0142y wyb\u00f3r. <a href=\"https:\/\/hydrosprzet.pl\/en\/serwis-dressta\/\">DRESSTA<\/a> dba o ka\u017cdy detal, tworz\u0105c maszyny, kt\u00f3re s\u0142u\u017c\u0105 przez lata i gwarantuj\u0105 satysfakcj\u0119 z pracy. Wybieraj\u0105c SB-30, stawiasz na jako\u015b\u0107 i niezawodno\u015b\u0107.<\/p>","protected":false},"excerpt":{"rendered":"<p>We offer the sale of a rebuilt HSW SB-30 machine. We have made a major renovation of this machine, restoring its 100% functionality.<\/p>\n<p>Technical data of the SB-30<\/p>\n<p>* Rok produkcji: 1997<br \/>\n* Rok odbudowy:<br \/>\n* Masa eksploatacyjna: 27 ton<br \/>\n* Ud\u017awig: 33,5 tony<br \/>\n* Silnik: Cummins 6CT8.3 \/ 142 kW (190 kM)<br \/>\n* Dwubiegowy mechanizm skr\u0119tu<br \/>\n* Wysi\u0119gnik 8,5 m<br \/>\n* P\u0142yty 800 mm<\/p>\n<p><a href=\"https:\/\/hydrosprzet.pl\/en\/kontakt\/\"><strong>Request an offer.<\/strong><\/a><\/p>\n<p><em>Zdj\u0119cia oraz opisy w og\u0142oszeniu maj\u0105 charakter pogl\u0105dowy. Prezentowana oferta nie stanowi oferty handlowej w rozumieniu Kodeksu Cywilnego, a jedynie zaproszenie do z\u0142o\u017cenia zapytania. Cena, dost\u0119pno\u015b\u0107 oraz czas realizacji mog\u0105 ulec zmianie \u2013 ka\u017cdorazowo potwierdzane s\u0105 przed realizacj\u0105 zam\u00f3wienia.<\/em><\/p>","protected":false},"featured_media":6043,"template":"","meta":[],"yoast_head":"<!-- This site is optimized with the Yoast SEO plugin v17.3 - https:\/\/yoast.com\/wordpress\/plugins\/seo\/ -->\n<title>HSW SB-30 - Hydrosprz\u0119t - LiuGong Dressta Machinery - HSW<\/title>\n<meta name=\"description\" content=\"Firma Hydrosprz\u0119t ma do zaoferowania uk\u0142adark\u0119 do rur HSW SB-30. Oferujemy pe\u0142ny zakres obs\u0142ugi serwisowej oraz dostep do cz\u0119\u015bci zamiennych.\" \/>\n<meta name=\"robots\" content=\"index, follow, max-snippet:-1, max-image-preview:large, max-video-preview:-1\" \/>\n<link rel=\"canonical\" href=\"https:\/\/hydrosprzet.pl\/en\/product\/hsw-sb-30\/\" \/>\n<meta property=\"og:locale\" content=\"en_US\" \/>\n<meta property=\"og:type\" content=\"article\" \/>\n<meta property=\"og:title\" content=\"HSW SB-30 - Hydrosprz\u0119t - LiuGong Dressta Machinery - HSW\" \/>\n<meta property=\"og:description\" content=\"Firma Hydrosprz\u0119t ma do zaoferowania uk\u0142adark\u0119 do rur HSW SB-30. Oferujemy pe\u0142ny zakres obs\u0142ugi serwisowej oraz dostep do cz\u0119\u015bci zamiennych.\" \/>\n<meta property=\"og:url\" content=\"https:\/\/hydrosprzet.pl\/en\/product\/hsw-sb-30\/\" \/>\n<meta property=\"og:site_name\" content=\"Hydrosprz\u0119t\" \/>\n<meta property=\"article:modified_time\" content=\"2026-02-20T07:14:09+00:00\" \/>\n<meta property=\"og:image\" content=\"https:\/\/hydrosprzet.pl\/wp-content\/uploads\/2020\/04\/uk\u0142adarka-rur-hsw-sb30-hydrosprzet.jpg\" \/>\n\t<meta property=\"og:image:width\" content=\"1100\" \/>\n\t<meta property=\"og:image:height\" content=\"825\" \/>\n<meta name=\"twitter:card\" content=\"summary_large_image\" \/>\n<meta name=\"twitter:label1\" content=\"Est. reading time\" \/>\n\t<meta name=\"twitter:data1\" content=\"1 minute\" \/>\n<script type=\"application\/ld+json\" class=\"yoast-schema-graph\">{\"@context\":\"https:\/\/schema.org\",\"@graph\":[{\"@type\":\"WebSite\",\"@id\":\"https:\/\/hydrosprzet.pl\/#website\",\"url\":\"https:\/\/hydrosprzet.pl\/\",\"name\":\"Hydrosprz\\u0119t\",\"description\":\"Maszyny budowlane\",\"potentialAction\":[{\"@type\":\"SearchAction\",\"target\":{\"@type\":\"EntryPoint\",\"urlTemplate\":\"https:\/\/hydrosprzet.pl\/?s={search_term_string}\"},\"query-input\":\"required name=search_term_string\"}],\"inLanguage\":\"en-US\"},{\"@type\":\"ImageObject\",\"@id\":\"https:\/\/hydrosprzet.pl\/produkt\/hsw-sb-30\/#primaryimage\",\"inLanguage\":\"en-US\",\"url\":\"https:\/\/hydrosprzet.pl\/wp-content\/uploads\/2020\/04\/uk\\u0142adarka-rur-hsw-sb30-hydrosprzet.jpg\",\"contentUrl\":\"https:\/\/hydrosprzet.pl\/wp-content\/uploads\/2020\/04\/uk\\u0142adarka-rur-hsw-sb30-hydrosprzet.jpg\",\"width\":1100,\"height\":825,\"caption\":\"uk\\u0142adarka-rur-sb30-hydrosprzet\"},{\"@type\":\"WebPage\",\"@id\":\"https:\/\/hydrosprzet.pl\/produkt\/hsw-sb-30\/#webpage\",\"url\":\"https:\/\/hydrosprzet.pl\/produkt\/hsw-sb-30\/\",\"name\":\"HSW SB-30 - Hydrosprz\\u0119t - LiuGong Dressta Machinery - HSW\",\"isPartOf\":{\"@id\":\"https:\/\/hydrosprzet.pl\/#website\"},\"primaryImageOfPage\":{\"@id\":\"https:\/\/hydrosprzet.pl\/produkt\/hsw-sb-30\/#primaryimage\"},\"datePublished\":\"2020-04-22T08:52:32+00:00\",\"dateModified\":\"2026-02-20T07:14:09+00:00\",\"description\":\"Firma Hydrosprz\\u0119t ma do zaoferowania uk\\u0142adark\\u0119 do rur HSW SB-30. Oferujemy pe\\u0142ny zakres obs\\u0142ugi serwisowej oraz dostep do cz\\u0119\\u015bci zamiennych.\",\"breadcrumb\":{\"@id\":\"https:\/\/hydrosprzet.pl\/produkt\/hsw-sb-30\/#breadcrumb\"},\"inLanguage\":\"en-US\",\"potentialAction\":[{\"@type\":\"ReadAction\",\"target\":[\"https:\/\/hydrosprzet.pl\/produkt\/hsw-sb-30\/\"]}]},{\"@type\":\"BreadcrumbList\",\"@id\":\"https:\/\/hydrosprzet.pl\/produkt\/hsw-sb-30\/#breadcrumb\",\"itemListElement\":[{\"@type\":\"ListItem\",\"position\":1,\"name\":\"Strona g\\u0142\\u00f3wna\",\"item\":\"https:\/\/hydrosprzet.pl\/\"},{\"@type\":\"ListItem\",\"position\":2,\"name\":\"Maszyny\",\"item\":\"https:\/\/hydrosprzet.pl\/maszyny\/\"},{\"@type\":\"ListItem\",\"position\":3,\"name\":\"HSW SB-30\"}]}]}<\/script>\n<!-- \/ Yoast SEO plugin. -->","yoast_head_json":{"title":"HSW SB-30 - Hydrosprz\u0119t - LiuGong Dressta Machinery - HSW","description":"Firma Hydrosprz\u0119t ma do zaoferowania uk\u0142adark\u0119 do rur HSW SB-30. Oferujemy pe\u0142ny zakres obs\u0142ugi serwisowej oraz dostep do cz\u0119\u015bci zamiennych.","robots":{"index":"index","follow":"follow","max-snippet":"max-snippet:-1","max-image-preview":"max-image-preview:large","max-video-preview":"max-video-preview:-1"},"canonical":"https:\/\/hydrosprzet.pl\/en\/product\/hsw-sb-30\/","og_locale":"en_US","og_type":"article","og_title":"HSW SB-30 - Hydrosprz\u0119t - LiuGong Dressta Machinery - HSW","og_description":"Firma Hydrosprz\u0119t ma do zaoferowania uk\u0142adark\u0119 do rur HSW SB-30. Oferujemy pe\u0142ny zakres obs\u0142ugi serwisowej oraz dostep do cz\u0119\u015bci zamiennych.","og_url":"https:\/\/hydrosprzet.pl\/en\/product\/hsw-sb-30\/","og_site_name":"Hydrosprz\u0119t","article_modified_time":"2026-02-20T07:14:09+00:00","og_image":[{"width":1100,"height":825,"url":"https:\/\/hydrosprzet.pl\/wp-content\/uploads\/2020\/04\/uk\u0142adarka-rur-hsw-sb30-hydrosprzet.jpg","type":"image\/jpeg"}],"twitter_card":"summary_large_image","twitter_misc":{"Est. reading time":"1 minute"},"schema":{"@context":"https:\/\/schema.org","@graph":[{"@type":"WebSite","@id":"https:\/\/hydrosprzet.pl\/#website","url":"https:\/\/hydrosprzet.pl\/","name":"Hydrosprz\u0119t","description":"Maszyny budowlane","potentialAction":[{"@type":"SearchAction","target":{"@type":"EntryPoint","urlTemplate":"https:\/\/hydrosprzet.pl\/?s={search_term_string}"},"query-input":"required name=search_term_string"}],"inLanguage":"en-US"},{"@type":"ImageObject","@id":"https:\/\/hydrosprzet.pl\/produkt\/hsw-sb-30\/#primaryimage","inLanguage":"en-US","url":"https:\/\/hydrosprzet.pl\/wp-content\/uploads\/2020\/04\/uk\u0142adarka-rur-hsw-sb30-hydrosprzet.jpg","contentUrl":"https:\/\/hydrosprzet.pl\/wp-content\/uploads\/2020\/04\/uk\u0142adarka-rur-hsw-sb30-hydrosprzet.jpg","width":1100,"height":825,"caption":"uk\u0142adarka-rur-sb30-hydrosprzet"},{"@type":"WebPage","@id":"https:\/\/hydrosprzet.pl\/produkt\/hsw-sb-30\/#webpage","url":"https:\/\/hydrosprzet.pl\/produkt\/hsw-sb-30\/","name":"HSW SB-30 - Hydrosprz\u0119t - LiuGong Dressta Machinery - HSW","isPartOf":{"@id":"https:\/\/hydrosprzet.pl\/#website"},"primaryImageOfPage":{"@id":"https:\/\/hydrosprzet.pl\/produkt\/hsw-sb-30\/#primaryimage"},"datePublished":"2020-04-22T08:52:32+00:00","dateModified":"2026-02-20T07:14:09+00:00","description":"Firma Hydrosprz\u0119t ma do zaoferowania uk\u0142adark\u0119 do rur HSW SB-30. Oferujemy pe\u0142ny zakres obs\u0142ugi serwisowej oraz dostep do cz\u0119\u015bci zamiennych.","breadcrumb":{"@id":"https:\/\/hydrosprzet.pl\/produkt\/hsw-sb-30\/#breadcrumb"},"inLanguage":"en-US","potentialAction":[{"@type":"ReadAction","target":["https:\/\/hydrosprzet.pl\/produkt\/hsw-sb-30\/"]}]},{"@type":"BreadcrumbList","@id":"https:\/\/hydrosprzet.pl\/produkt\/hsw-sb-30\/#breadcrumb","itemListElement":[{"@type":"ListItem","position":1,"name":"Strona g\u0142\u00f3wna","item":"https:\/\/hydrosprzet.pl\/"},{"@type":"ListItem","position":2,"name":"Maszyny","item":"https:\/\/hydrosprzet.pl\/maszyny\/"},{"@type":"ListItem","position":3,"name":"HSW SB-30"}]}]}},"_links":{"self":[{"href":"https:\/\/hydrosprzet.pl\/en\/wp-json\/wp\/v2\/product\/6042"}],"collection":[{"href":"https:\/\/hydrosprzet.pl\/en\/wp-json\/wp\/v2\/product"}],"about":[{"href":"https:\/\/hydrosprzet.pl\/en\/wp-json\/wp\/v2\/types\/product"}],"wp:featuredmedia":[{"embeddable":true,"href":"https:\/\/hydrosprzet.pl\/en\/wp-json\/wp\/v2\/media\/6043"}],"wp:attachment":[{"href":"https:\/\/hydrosprzet.pl\/en\/wp-json\/wp\/v2\/media?parent=6042"}],"curies":[{"name":"wp","href":"https:\/\/api.w.org\/{rel}","templated":true}]}}