{"id":5246,"date":"2018-03-29T15:52:23","date_gmt":"2018-03-29T15:52:23","guid":{"rendered":"http:\/\/themes.webdevia.com\/backhoe-heavy-construction-equipment-rentals-machinery-wordpress-theme\/product\/import-placeholder-for-48\/"},"modified":"2020-04-27T10:38:55","modified_gmt":"2020-04-27T08:38:55","slug":"liugong-877h","status":"publish","type":"product","link":"https:\/\/hydrosprzet.pl\/en\/product\/liugong-877h\/","title":{"rendered":"LiuGong CLG877H"},"content":{"rendered":"<h3>LiuGong 877H<\/h3>\n<p>&nbsp;<\/p>\n<p>Nikomu nie trzeba m\u00f3wi\u0107, \u017ce czasy s\u0105 trudne. Nasi klienci przekonuj\u0105 si\u0119 o tym na co dzie\u0144, spe\u0142niaj\u0105c surowe wymagania, jakie stoj\u0105 zar\u00f3wno przed pracownikami, jak i maszynami. Coraz trudniej jest te\u017c zapewni\u0107 firmie rentowno\u015b\u0107 wobec wzrastaj\u0105cych koszt\u00f3w, nowych wymog\u00f3w prawnych i rosn\u0105cej w si\u0142\u0119 konkurencji. My to rozumiemy, czego najlepszym dowodem jest nasz najnowszy model LiuGong 877H. Moc zyskuje warto\u015b\u0107 dopiero wtedy, gdy mo\u017ce zosta\u0107 wykorzystana w spos\u00f3b inteligentny w celu lepszego i szybszego wykonania zadania. W ka\u017cdym cyklu roboczym moc generowana przez silnik jest skutecznie dostarczana do narz\u0119dzia.<\/p>\n<p><strong>DANE TECHNICZNE: <\/strong><\/p>\n<p>*Silnik: Cummins EPA Tier 4 Final \/ EU Stage IV, 9-litrowy, 6-cylindrowy, rz\u0119dowy\u00a0turbodo\u0142adowany silnik wysokopr\u0119\u017cny z\u00a0systemem wtrysku typu Common Rail oraz ch\u0142odzony uk\u0142ad recyrkulacji spalin (EGR).<\/p>\n<p>*Norma poziomu emisji spalin : EPA Tier 4 final \/ EU Stage IV<\/p>\n<p>*Marka : Cummins QSL9<\/p>\n<p>*Moc netto : 235 kW (315 KM) @ 1600 obr.\/min<\/p>\n<p>*Masa netto : 24 500 KG<\/p>\n<p>*Pojemno\u015b\u0107 \u0142y\u017cki : 3,5-7,0 m\u00b3<\/p>\n<p>&nbsp;<\/p>\n<p><em><strong>BROSZURA : <a href=\"https:\/\/hydrosprzet.pl\/wp-content\/uploads\/2018\/03\/877H-Brochure-POL-LR.pdf\">877H Brochure POL LR<\/a><\/strong><\/em><\/p>","protected":false},"excerpt":{"rendered":"<p>W bran\u017cy wydobywczej i kopalnianej nie mo\u017cna sobie pozwoli\u0107 na stosowanie metody pr\u00f3b i b\u0142\u0119d\u00f3w. Nasi klienci musz\u0105 mie\u0107 pewno\u015b\u0107, \u017ce ich \u0142adowarka ko\u0142owa bez trudu poradzi sobie z wymagaj\u0105cymi zadaniami w szybki i ekonomiczny spos\u00f3b. Wiarygodno\u015b\u0107 w \u015bwiecie biznesu zale\u017cy od niezawodno\u015bci wykorzystywanych maszyn. U\u017cytkownicy nowego modelu 877H mog\u0105 spa\u0107 spokojnie, wiedz\u0105c, \u017ce ich reputacja jest niezagro\u017cona.<\/p>","protected":false},"featured_media":5654,"template":"","meta":[],"yoast_head":"<!-- This site is optimized with the Yoast SEO plugin v17.3 - https:\/\/yoast.com\/wordpress\/plugins\/seo\/ -->\n<title>LiuGong CLG877H - Hydrosprz\u0119t - Maszyny - LiuGong Dressta Machinery<\/title>\n<meta name=\"description\" content=\"Firma Hydrosprz\u0119t ma do zaoferowania \u0142adowark\u0119 ko\u0142ow\u0105 LiuGong 877H. Zapewniamy pe\u0142ny zakres obs\u0142ugi serwisowej oraz dostep do cz\u0119\u015bci zamiennych.\" \/>\n<meta name=\"robots\" content=\"index, follow, max-snippet:-1, max-image-preview:large, max-video-preview:-1\" \/>\n<link rel=\"canonical\" href=\"https:\/\/hydrosprzet.pl\/en\/product\/liugong-877h\/\" \/>\n<meta property=\"og:locale\" content=\"en_US\" \/>\n<meta property=\"og:type\" content=\"article\" \/>\n<meta property=\"og:title\" content=\"LiuGong CLG877H - Hydrosprz\u0119t - Maszyny - LiuGong Dressta Machinery\" \/>\n<meta property=\"og:description\" content=\"Firma Hydrosprz\u0119t ma do zaoferowania \u0142adowark\u0119 ko\u0142ow\u0105 LiuGong 877H. Zapewniamy pe\u0142ny zakres obs\u0142ugi serwisowej oraz dostep do cz\u0119\u015bci zamiennych.\" \/>\n<meta property=\"og:url\" content=\"https:\/\/hydrosprzet.pl\/en\/product\/liugong-877h\/\" \/>\n<meta property=\"og:site_name\" content=\"Hydrosprz\u0119t\" \/>\n<meta property=\"article:modified_time\" content=\"2020-04-27T08:38:55+00:00\" \/>\n<meta property=\"og:image\" content=\"https:\/\/hydrosprzet.pl\/wp-content\/uploads\/2018\/03\/liugong-877h-hydrosprzet-1.png\" \/>\n\t<meta property=\"og:image:width\" content=\"1070\" \/>\n\t<meta property=\"og:image:height\" content=\"747\" \/>\n<meta name=\"twitter:card\" content=\"summary_large_image\" \/>\n<meta name=\"twitter:label1\" content=\"Est. reading time\" \/>\n\t<meta name=\"twitter:data1\" content=\"1 minute\" \/>\n<script type=\"application\/ld+json\" class=\"yoast-schema-graph\">{\"@context\":\"https:\/\/schema.org\",\"@graph\":[{\"@type\":\"WebSite\",\"@id\":\"https:\/\/hydrosprzet.pl\/#website\",\"url\":\"https:\/\/hydrosprzet.pl\/\",\"name\":\"Hydrosprz\\u0119t\",\"description\":\"Maszyny budowlane\",\"potentialAction\":[{\"@type\":\"SearchAction\",\"target\":{\"@type\":\"EntryPoint\",\"urlTemplate\":\"https:\/\/hydrosprzet.pl\/?s={search_term_string}\"},\"query-input\":\"required name=search_term_string\"}],\"inLanguage\":\"en-US\"},{\"@type\":\"ImageObject\",\"@id\":\"https:\/\/hydrosprzet.pl\/produkt\/liugong-877h\/#primaryimage\",\"inLanguage\":\"en-US\",\"url\":\"https:\/\/hydrosprzet.pl\/wp-content\/uploads\/2018\/03\/liugong-877h-hydrosprzet-1.png\",\"contentUrl\":\"https:\/\/hydrosprzet.pl\/wp-content\/uploads\/2018\/03\/liugong-877h-hydrosprzet-1.png\",\"width\":1070,\"height\":747,\"caption\":\"liugong-877h-hydrosprzet\"},{\"@type\":\"WebPage\",\"@id\":\"https:\/\/hydrosprzet.pl\/produkt\/liugong-877h\/#webpage\",\"url\":\"https:\/\/hydrosprzet.pl\/produkt\/liugong-877h\/\",\"name\":\"LiuGong CLG877H - Hydrosprz\\u0119t - Maszyny - LiuGong Dressta Machinery\",\"isPartOf\":{\"@id\":\"https:\/\/hydrosprzet.pl\/#website\"},\"primaryImageOfPage\":{\"@id\":\"https:\/\/hydrosprzet.pl\/produkt\/liugong-877h\/#primaryimage\"},\"datePublished\":\"2018-03-29T15:52:23+00:00\",\"dateModified\":\"2020-04-27T08:38:55+00:00\",\"description\":\"Firma Hydrosprz\\u0119t ma do zaoferowania \\u0142adowark\\u0119 ko\\u0142ow\\u0105 LiuGong 877H. Zapewniamy pe\\u0142ny zakres obs\\u0142ugi serwisowej oraz dostep do cz\\u0119\\u015bci zamiennych.\",\"breadcrumb\":{\"@id\":\"https:\/\/hydrosprzet.pl\/produkt\/liugong-877h\/#breadcrumb\"},\"inLanguage\":\"en-US\",\"potentialAction\":[{\"@type\":\"ReadAction\",\"target\":[\"https:\/\/hydrosprzet.pl\/produkt\/liugong-877h\/\"]}]},{\"@type\":\"BreadcrumbList\",\"@id\":\"https:\/\/hydrosprzet.pl\/produkt\/liugong-877h\/#breadcrumb\",\"itemListElement\":[{\"@type\":\"ListItem\",\"position\":1,\"name\":\"Strona g\\u0142\\u00f3wna\",\"item\":\"https:\/\/hydrosprzet.pl\/\"},{\"@type\":\"ListItem\",\"position\":2,\"name\":\"Maszyny\",\"item\":\"https:\/\/hydrosprzet.pl\/maszyny\/\"},{\"@type\":\"ListItem\",\"position\":3,\"name\":\"LiuGong CLG877H\"}]}]}<\/script>\n<!-- \/ Yoast SEO plugin. -->","yoast_head_json":{"title":"LiuGong CLG877H - Hydrosprz\u0119t - Maszyny - LiuGong Dressta Machinery","description":"Firma Hydrosprz\u0119t ma do zaoferowania \u0142adowark\u0119 ko\u0142ow\u0105 LiuGong 877H. Zapewniamy pe\u0142ny zakres obs\u0142ugi serwisowej oraz dostep do cz\u0119\u015bci zamiennych.","robots":{"index":"index","follow":"follow","max-snippet":"max-snippet:-1","max-image-preview":"max-image-preview:large","max-video-preview":"max-video-preview:-1"},"canonical":"https:\/\/hydrosprzet.pl\/en\/product\/liugong-877h\/","og_locale":"en_US","og_type":"article","og_title":"LiuGong CLG877H - Hydrosprz\u0119t - Maszyny - LiuGong Dressta Machinery","og_description":"Firma Hydrosprz\u0119t ma do zaoferowania \u0142adowark\u0119 ko\u0142ow\u0105 LiuGong 877H. Zapewniamy pe\u0142ny zakres obs\u0142ugi serwisowej oraz dostep do cz\u0119\u015bci zamiennych.","og_url":"https:\/\/hydrosprzet.pl\/en\/product\/liugong-877h\/","og_site_name":"Hydrosprz\u0119t","article_modified_time":"2020-04-27T08:38:55+00:00","og_image":[{"width":1070,"height":747,"url":"https:\/\/hydrosprzet.pl\/wp-content\/uploads\/2018\/03\/liugong-877h-hydrosprzet-1.png","type":"image\/png"}],"twitter_card":"summary_large_image","twitter_misc":{"Est. reading time":"1 minute"},"schema":{"@context":"https:\/\/schema.org","@graph":[{"@type":"WebSite","@id":"https:\/\/hydrosprzet.pl\/#website","url":"https:\/\/hydrosprzet.pl\/","name":"Hydrosprz\u0119t","description":"Maszyny budowlane","potentialAction":[{"@type":"SearchAction","target":{"@type":"EntryPoint","urlTemplate":"https:\/\/hydrosprzet.pl\/?s={search_term_string}"},"query-input":"required name=search_term_string"}],"inLanguage":"en-US"},{"@type":"ImageObject","@id":"https:\/\/hydrosprzet.pl\/produkt\/liugong-877h\/#primaryimage","inLanguage":"en-US","url":"https:\/\/hydrosprzet.pl\/wp-content\/uploads\/2018\/03\/liugong-877h-hydrosprzet-1.png","contentUrl":"https:\/\/hydrosprzet.pl\/wp-content\/uploads\/2018\/03\/liugong-877h-hydrosprzet-1.png","width":1070,"height":747,"caption":"liugong-877h-hydrosprzet"},{"@type":"WebPage","@id":"https:\/\/hydrosprzet.pl\/produkt\/liugong-877h\/#webpage","url":"https:\/\/hydrosprzet.pl\/produkt\/liugong-877h\/","name":"LiuGong CLG877H - Hydrosprz\u0119t - Maszyny - LiuGong Dressta Machinery","isPartOf":{"@id":"https:\/\/hydrosprzet.pl\/#website"},"primaryImageOfPage":{"@id":"https:\/\/hydrosprzet.pl\/produkt\/liugong-877h\/#primaryimage"},"datePublished":"2018-03-29T15:52:23+00:00","dateModified":"2020-04-27T08:38:55+00:00","description":"Firma Hydrosprz\u0119t ma do zaoferowania \u0142adowark\u0119 ko\u0142ow\u0105 LiuGong 877H. Zapewniamy pe\u0142ny zakres obs\u0142ugi serwisowej oraz dostep do cz\u0119\u015bci zamiennych.","breadcrumb":{"@id":"https:\/\/hydrosprzet.pl\/produkt\/liugong-877h\/#breadcrumb"},"inLanguage":"en-US","potentialAction":[{"@type":"ReadAction","target":["https:\/\/hydrosprzet.pl\/produkt\/liugong-877h\/"]}]},{"@type":"BreadcrumbList","@id":"https:\/\/hydrosprzet.pl\/produkt\/liugong-877h\/#breadcrumb","itemListElement":[{"@type":"ListItem","position":1,"name":"Strona g\u0142\u00f3wna","item":"https:\/\/hydrosprzet.pl\/"},{"@type":"ListItem","position":2,"name":"Maszyny","item":"https:\/\/hydrosprzet.pl\/maszyny\/"},{"@type":"ListItem","position":3,"name":"LiuGong CLG877H"}]}]}},"_links":{"self":[{"href":"https:\/\/hydrosprzet.pl\/en\/wp-json\/wp\/v2\/product\/5246"}],"collection":[{"href":"https:\/\/hydrosprzet.pl\/en\/wp-json\/wp\/v2\/product"}],"about":[{"href":"https:\/\/hydrosprzet.pl\/en\/wp-json\/wp\/v2\/types\/product"}],"wp:featuredmedia":[{"embeddable":true,"href":"https:\/\/hydrosprzet.pl\/en\/wp-json\/wp\/v2\/media\/5654"}],"wp:attachment":[{"href":"https:\/\/hydrosprzet.pl\/en\/wp-json\/wp\/v2\/media?parent=5246"}],"curies":[{"name":"wp","href":"https:\/\/api.w.org\/{rel}","templated":true}]}}