{"id":5245,"date":"2018-03-29T15:52:23","date_gmt":"2018-03-29T15:52:23","guid":{"rendered":"http:\/\/themes.webdevia.com\/backhoe-heavy-construction-equipment-rentals-machinery-wordpress-theme\/product\/import-placeholder-for-47\/"},"modified":"2021-03-08T09:04:02","modified_gmt":"2021-03-08T08:04:02","slug":"liugong-856h","status":"publish","type":"product","link":"https:\/\/hydrosprzet.pl\/en\/product\/liugong-856h\/","title":{"rendered":"LiuGong CLG856H"},"content":{"rendered":"<h3>LiuGong 856H<\/h3>\n<p>&nbsp;<\/p>\n<p>\u0141adowarka ko\u0142owa LiuGong 856H z nowej serii H to bardzo wydajny partner na placu budowy. Warto zwr\u00f3ci\u0107 uwag\u0119 na przeprojektowany wysi\u0119gnik typu \u201eZ\u201d wraz z \u0142y\u017ck\u0105, zaawansowany system hydrauliczny reaguj\u0105cy na obci\u0105\u017cenie \u201eload-sensing\u201d oraz elastyczn\u0105 przek\u0142adni\u0119 typu powershift zapewniaj\u0105c\u0105 kr\u00f3tkie cykle pracy. Ergonomicznie zaprojektowane sterowanie, przestrzenna kabina, dobra widoczno\u015b\u0107 i odpowiednio dobrane funkcje zwi\u0119kszaj\u0105 komfort operatora i og\u00f3ln\u0105 wydajno\u015b\u0107 w miejscu pracy.<\/p>\n<p><strong>DANE TECHNICZNE:<\/strong><\/p>\n<p>*6-cylindrowy, turbodo\u0142adowany, rz\u0119dowy silnik wysokopr\u0119\u017cny Cummins, o pojemno\u015bci 6,7 litra z wtryskiem Common Rail i ch\u0142odzonym systemem recyrkulacji spalin (EGR).<\/p>\n<p>*Norma poziomu emisji spalin : EU Stage 5<\/p>\n<p>*Marka : Cummins QSB6.7<\/p>\n<p>*Moc netto : 215 KM (160 kW) @ 2,200 obr\/min<\/p>\n<p>*Masa netto : 19 870 KG<\/p>\n<p>*Pojemno\u015b\u0107 \u0142y\u017cki : 2,6-5,6 m\u00b3<\/p>\n<p>&nbsp;<\/p>\n<p><em><strong>BROSZURA :<\/strong> <a href=\"https:\/\/hydrosprzet.pl\/wp-content\/uploads\/2021\/03\/LG-PB-856H-Stage-V-24-21012021-POLm.pdf\">LiuGong 856H_PL<\/a><\/em><\/p>","protected":false},"excerpt":{"rendered":"<p>Nowa \u0142adowarka ko\u0142owa 856H pracuje nie tylko wydajniej, ale r\u00f3wnie\u017c inteligentniej. Dzi\u0119ki zaawansowanym technologiom oraz wytrzyma\u0142ej konstrukcji, 856H integruje w sobie r\u00f3wnowag\u0119 mi\u0119dzy oszcz\u0119dno\u015bci\u0105 zu\u017cycia paliwa a wydajno\u015bci\u0105 pracy. Na ka\u017cdym etapie projektu, LiuGong d\u0105\u017cy do zagwarantowania niezawodno\u015bci i trwa\u0142o\u015bci. Jest to widoczne w przypadku 856H, co czyni ten nowy model \u0142adowarki m\u0105drym wyborem dla tych, kt\u00f3rzy szukaj\u0105 maszyny \u0142\u0105cz\u0105cej w sobie niskie koszty utrzymania oraz pewno\u015b\u0107 dzia\u0142ania.<\/p>\n<p>&nbsp;<\/p>\n<p>&nbsp;<\/p>","protected":false},"featured_media":5646,"template":"","meta":[],"yoast_head":"<!-- This site is optimized with the Yoast SEO plugin v17.3 - https:\/\/yoast.com\/wordpress\/plugins\/seo\/ -->\n<title>LiuGong CLG856H - Hydrosprz\u0119t - Maszyny - LiuGong Dressta Machinery<\/title>\n<meta name=\"description\" content=\"Firma Hydrosprz\u0119t ma do zaoferowania \u0142adowark\u0119 ko\u0142ow\u0105 LiuGong 856H. Zapewniamy pe\u0142ny zakres obs\u0142ugi serwisowej oraz dostep do cz\u0119\u015bci zamiennych.\" \/>\n<meta name=\"robots\" content=\"index, follow, max-snippet:-1, max-image-preview:large, max-video-preview:-1\" \/>\n<link rel=\"canonical\" href=\"https:\/\/hydrosprzet.pl\/en\/product\/liugong-856h\/\" \/>\n<meta property=\"og:locale\" content=\"en_US\" \/>\n<meta property=\"og:type\" content=\"article\" \/>\n<meta property=\"og:title\" content=\"LiuGong CLG856H - Hydrosprz\u0119t - Maszyny - LiuGong Dressta Machinery\" \/>\n<meta property=\"og:description\" content=\"Firma Hydrosprz\u0119t ma do zaoferowania \u0142adowark\u0119 ko\u0142ow\u0105 LiuGong 856H. Zapewniamy pe\u0142ny zakres obs\u0142ugi serwisowej oraz dostep do cz\u0119\u015bci zamiennych.\" \/>\n<meta property=\"og:url\" content=\"https:\/\/hydrosprzet.pl\/en\/product\/liugong-856h\/\" \/>\n<meta property=\"og:site_name\" content=\"Hydrosprz\u0119t\" \/>\n<meta property=\"article:modified_time\" content=\"2021-03-08T08:04:02+00:00\" \/>\n<meta property=\"og:image\" content=\"https:\/\/hydrosprzet.pl\/wp-content\/uploads\/2018\/03\/LiuGong-856H-hydrosprzet.png\" \/>\n\t<meta property=\"og:image:width\" content=\"1070\" \/>\n\t<meta property=\"og:image:height\" content=\"713\" \/>\n<meta name=\"twitter:card\" content=\"summary_large_image\" \/>\n<meta name=\"twitter:label1\" content=\"Est. reading time\" \/>\n\t<meta name=\"twitter:data1\" content=\"1 minute\" \/>\n<script type=\"application\/ld+json\" class=\"yoast-schema-graph\">{\"@context\":\"https:\/\/schema.org\",\"@graph\":[{\"@type\":\"WebSite\",\"@id\":\"https:\/\/hydrosprzet.pl\/#website\",\"url\":\"https:\/\/hydrosprzet.pl\/\",\"name\":\"Hydrosprz\\u0119t\",\"description\":\"Maszyny budowlane\",\"potentialAction\":[{\"@type\":\"SearchAction\",\"target\":{\"@type\":\"EntryPoint\",\"urlTemplate\":\"https:\/\/hydrosprzet.pl\/?s={search_term_string}\"},\"query-input\":\"required name=search_term_string\"}],\"inLanguage\":\"en-US\"},{\"@type\":\"ImageObject\",\"@id\":\"https:\/\/hydrosprzet.pl\/produkt\/liugong-856h\/#primaryimage\",\"inLanguage\":\"en-US\",\"url\":\"https:\/\/hydrosprzet.pl\/wp-content\/uploads\/2018\/03\/LiuGong-856H-hydrosprzet.png\",\"contentUrl\":\"https:\/\/hydrosprzet.pl\/wp-content\/uploads\/2018\/03\/LiuGong-856H-hydrosprzet.png\",\"width\":1070,\"height\":713,\"caption\":\"LiuGong-856H-hydrosprzet\"},{\"@type\":\"WebPage\",\"@id\":\"https:\/\/hydrosprzet.pl\/produkt\/liugong-856h\/#webpage\",\"url\":\"https:\/\/hydrosprzet.pl\/produkt\/liugong-856h\/\",\"name\":\"LiuGong CLG856H - Hydrosprz\\u0119t - Maszyny - LiuGong Dressta Machinery\",\"isPartOf\":{\"@id\":\"https:\/\/hydrosprzet.pl\/#website\"},\"primaryImageOfPage\":{\"@id\":\"https:\/\/hydrosprzet.pl\/produkt\/liugong-856h\/#primaryimage\"},\"datePublished\":\"2018-03-29T15:52:23+00:00\",\"dateModified\":\"2021-03-08T08:04:02+00:00\",\"description\":\"Firma Hydrosprz\\u0119t ma do zaoferowania \\u0142adowark\\u0119 ko\\u0142ow\\u0105 LiuGong 856H. Zapewniamy pe\\u0142ny zakres obs\\u0142ugi serwisowej oraz dostep do cz\\u0119\\u015bci zamiennych.\",\"breadcrumb\":{\"@id\":\"https:\/\/hydrosprzet.pl\/produkt\/liugong-856h\/#breadcrumb\"},\"inLanguage\":\"en-US\",\"potentialAction\":[{\"@type\":\"ReadAction\",\"target\":[\"https:\/\/hydrosprzet.pl\/produkt\/liugong-856h\/\"]}]},{\"@type\":\"BreadcrumbList\",\"@id\":\"https:\/\/hydrosprzet.pl\/produkt\/liugong-856h\/#breadcrumb\",\"itemListElement\":[{\"@type\":\"ListItem\",\"position\":1,\"name\":\"Strona g\\u0142\\u00f3wna\",\"item\":\"https:\/\/hydrosprzet.pl\/\"},{\"@type\":\"ListItem\",\"position\":2,\"name\":\"Maszyny\",\"item\":\"https:\/\/hydrosprzet.pl\/maszyny\/\"},{\"@type\":\"ListItem\",\"position\":3,\"name\":\"LiuGong CLG856H\"}]}]}<\/script>\n<!-- \/ Yoast SEO plugin. -->","yoast_head_json":{"title":"LiuGong CLG856H - Hydrosprz\u0119t - Maszyny - LiuGong Dressta Machinery","description":"Firma Hydrosprz\u0119t ma do zaoferowania \u0142adowark\u0119 ko\u0142ow\u0105 LiuGong 856H. Zapewniamy pe\u0142ny zakres obs\u0142ugi serwisowej oraz dostep do cz\u0119\u015bci zamiennych.","robots":{"index":"index","follow":"follow","max-snippet":"max-snippet:-1","max-image-preview":"max-image-preview:large","max-video-preview":"max-video-preview:-1"},"canonical":"https:\/\/hydrosprzet.pl\/en\/product\/liugong-856h\/","og_locale":"en_US","og_type":"article","og_title":"LiuGong CLG856H - Hydrosprz\u0119t - Maszyny - LiuGong Dressta Machinery","og_description":"Firma Hydrosprz\u0119t ma do zaoferowania \u0142adowark\u0119 ko\u0142ow\u0105 LiuGong 856H. Zapewniamy pe\u0142ny zakres obs\u0142ugi serwisowej oraz dostep do cz\u0119\u015bci zamiennych.","og_url":"https:\/\/hydrosprzet.pl\/en\/product\/liugong-856h\/","og_site_name":"Hydrosprz\u0119t","article_modified_time":"2021-03-08T08:04:02+00:00","og_image":[{"width":1070,"height":713,"url":"https:\/\/hydrosprzet.pl\/wp-content\/uploads\/2018\/03\/LiuGong-856H-hydrosprzet.png","type":"image\/png"}],"twitter_card":"summary_large_image","twitter_misc":{"Est. reading time":"1 minute"},"schema":{"@context":"https:\/\/schema.org","@graph":[{"@type":"WebSite","@id":"https:\/\/hydrosprzet.pl\/#website","url":"https:\/\/hydrosprzet.pl\/","name":"Hydrosprz\u0119t","description":"Maszyny budowlane","potentialAction":[{"@type":"SearchAction","target":{"@type":"EntryPoint","urlTemplate":"https:\/\/hydrosprzet.pl\/?s={search_term_string}"},"query-input":"required name=search_term_string"}],"inLanguage":"en-US"},{"@type":"ImageObject","@id":"https:\/\/hydrosprzet.pl\/produkt\/liugong-856h\/#primaryimage","inLanguage":"en-US","url":"https:\/\/hydrosprzet.pl\/wp-content\/uploads\/2018\/03\/LiuGong-856H-hydrosprzet.png","contentUrl":"https:\/\/hydrosprzet.pl\/wp-content\/uploads\/2018\/03\/LiuGong-856H-hydrosprzet.png","width":1070,"height":713,"caption":"LiuGong-856H-hydrosprzet"},{"@type":"WebPage","@id":"https:\/\/hydrosprzet.pl\/produkt\/liugong-856h\/#webpage","url":"https:\/\/hydrosprzet.pl\/produkt\/liugong-856h\/","name":"LiuGong CLG856H - Hydrosprz\u0119t - Maszyny - LiuGong Dressta Machinery","isPartOf":{"@id":"https:\/\/hydrosprzet.pl\/#website"},"primaryImageOfPage":{"@id":"https:\/\/hydrosprzet.pl\/produkt\/liugong-856h\/#primaryimage"},"datePublished":"2018-03-29T15:52:23+00:00","dateModified":"2021-03-08T08:04:02+00:00","description":"Firma Hydrosprz\u0119t ma do zaoferowania \u0142adowark\u0119 ko\u0142ow\u0105 LiuGong 856H. Zapewniamy pe\u0142ny zakres obs\u0142ugi serwisowej oraz dostep do cz\u0119\u015bci zamiennych.","breadcrumb":{"@id":"https:\/\/hydrosprzet.pl\/produkt\/liugong-856h\/#breadcrumb"},"inLanguage":"en-US","potentialAction":[{"@type":"ReadAction","target":["https:\/\/hydrosprzet.pl\/produkt\/liugong-856h\/"]}]},{"@type":"BreadcrumbList","@id":"https:\/\/hydrosprzet.pl\/produkt\/liugong-856h\/#breadcrumb","itemListElement":[{"@type":"ListItem","position":1,"name":"Strona g\u0142\u00f3wna","item":"https:\/\/hydrosprzet.pl\/"},{"@type":"ListItem","position":2,"name":"Maszyny","item":"https:\/\/hydrosprzet.pl\/maszyny\/"},{"@type":"ListItem","position":3,"name":"LiuGong CLG856H"}]}]}},"_links":{"self":[{"href":"https:\/\/hydrosprzet.pl\/en\/wp-json\/wp\/v2\/product\/5245"}],"collection":[{"href":"https:\/\/hydrosprzet.pl\/en\/wp-json\/wp\/v2\/product"}],"about":[{"href":"https:\/\/hydrosprzet.pl\/en\/wp-json\/wp\/v2\/types\/product"}],"wp:featuredmedia":[{"embeddable":true,"href":"https:\/\/hydrosprzet.pl\/en\/wp-json\/wp\/v2\/media\/5646"}],"wp:attachment":[{"href":"https:\/\/hydrosprzet.pl\/en\/wp-json\/wp\/v2\/media?parent=5245"}],"curies":[{"name":"wp","href":"https:\/\/api.w.org\/{rel}","templated":true}]}}