{"id":5244,"date":"2018-03-29T15:52:22","date_gmt":"2018-03-29T15:52:22","guid":{"rendered":"http:\/\/themes.webdevia.com\/backhoe-heavy-construction-equipment-rentals-machinery-wordpress-theme\/product\/import-placeholder-for-44\/"},"modified":"2020-04-27T11:25:44","modified_gmt":"2020-04-27T09:25:44","slug":"liugong-835h","status":"publish","type":"product","link":"https:\/\/hydrosprzet.pl\/en\/product\/liugong-835h\/","title":{"rendered":"LiuGong CLG835H"},"content":{"rendered":"<h3>LiuGong 835H<\/h3>\n<p>&nbsp;<\/p>\n<p>Odpowiedni zwrot z inwestycji mog\u0105 zapewni\u0107 wy\u0142\u0105cznie maszyny, kt\u00f3re s\u0105 w stanie bez trudu dostosowa\u0107 si\u0119 do ka\u017cdej sytuacji na miejscu rob\u00f3t i wykonywa\u0107 wiele r\u00f3\u017cnych zada\u0144 w spos\u00f3b szybki i precyzyjny. \u0141adowarka ko\u0142owa LiuGong 835H w po\u0142\u0105czeniu z naszym doskonale dobranym szybkoz\u0142\u0105czem i osprz\u0119tem stanowi wzorcowy przyk\u0142ad maszyny wielofunkcyjnej. Nasza \u0142adowarka ko\u0142owa oferuje moc odpowiedni\u0105 do zadania dzi\u0119ki uniwersalnemu silnikowi \u015bwiatowej klasy zaprojektowanym z my\u015bl\u0105 o maksymalnym zwi\u0119kszeniu momentu obrotowego i zapewnieniu wi\u0119kszej mocy oraz si\u0142y odspajania przy ni\u017cszej pr\u0119dko\u015bci silnika.<\/p>\n<p><strong>DANE TECHNICZNE:<\/strong><\/p>\n<p>\u2714\ufe0fSilnik Perkins EPA Tier 4 Final \/ EU Stage, 4,4-litrowy, 4-cylindrowy, rz\u0119dowy turbodo\u0142adowany silnik wysokopr\u0119\u017cny z systemem wtrysku typu Common Rail.<\/p>\n<p>\u2714\ufe0fNorma poziomu emisji spalin : EPA Tier 4 final \/ EU Stage IV<\/p>\n<p>\u2714\ufe0fMarka silnika : Perkins 1204F-E44TA<\/p>\n<p>\u2714\ufe0fMoc netto : 131 KM (98 kW) @ 2,200 obr\/min<\/p>\n<p>\u2714\ufe0fMasa netto : 10 860 KG<\/p>\n<p>\u2714\ufe0fPojemno\u015b\u0107 \u0142y\u017cki : 1,5-3 m\u00b3<\/p>\n<p>&nbsp;<\/p>\n<p><em><strong>BROSZURA :<\/strong><\/em> <a href=\"https:\/\/hydrosprzet.pl\/wp-content\/uploads\/2018\/03\/LiuGong-835-848H.pdf\">LiuGong 835 848H<\/a><\/p>","protected":false},"excerpt":{"rendered":"<p>Nikomu nie trzeba m\u00f3wi\u0107, \u017ce czasy s\u0105 trudne. Nasi klienci przekonuj\u0105 si\u0119 o tym na co dzie\u0144 pr\u00f3buj\u0105c sprosta\u0107 surowym wymaganiom stawianym ich pracownikom oraz ich maszynom. Coraz trudniej jest te\u017c zapewni\u0107 firmie rentowno\u015b\u0107 wobec wzrastaj\u0105cych koszt\u00f3w, nowych wymog\u00f3w prawnych i rosn\u0105cej w si\u0142\u0119 konkurencji. Rozumiemy to doskonale, czego najlepszym dowodem s\u0105 nasze dwie nowe \u0142adowarki ko\u0142owe \u015bredniej wielko\u015bci: nowy model 835H oraz 848H. Naszym celem jest dostarczenie klientom skutecznych, wszechstronnych maszyn, kt\u00f3re zapewni\u0105 realne korzy\u015bci p\u0142yn\u0105ce z wielozadaniowo\u015bci na miejscu rob\u00f3t.<\/p>","protected":false},"featured_media":5667,"template":"","meta":[],"yoast_head":"<!-- This site is optimized with the Yoast SEO plugin v17.3 - https:\/\/yoast.com\/wordpress\/plugins\/seo\/ -->\n<title>LiuGong CLG835H - Hydrosprz\u0119t - Maszyny - LiuGong Dressta Machinery<\/title>\n<meta name=\"description\" content=\"Firma Hydrosprz\u0119t ma do zaoferowania \u0142adowark\u0119 ko\u0142ow\u0105 LiuGong 835H. Zapewniamy pe\u0142ny zakres obs\u0142ugi serwisowej oraz dostep do cz\u0119\u015bci zamiennych.\" \/>\n<meta name=\"robots\" content=\"index, follow, max-snippet:-1, max-image-preview:large, max-video-preview:-1\" \/>\n<link rel=\"canonical\" href=\"https:\/\/hydrosprzet.pl\/en\/product\/liugong-835h\/\" \/>\n<meta property=\"og:locale\" content=\"en_US\" \/>\n<meta property=\"og:type\" content=\"article\" \/>\n<meta property=\"og:title\" content=\"LiuGong CLG835H - Hydrosprz\u0119t - Maszyny - LiuGong Dressta Machinery\" \/>\n<meta property=\"og:description\" content=\"Firma Hydrosprz\u0119t ma do zaoferowania \u0142adowark\u0119 ko\u0142ow\u0105 LiuGong 835H. Zapewniamy pe\u0142ny zakres obs\u0142ugi serwisowej oraz dostep do cz\u0119\u015bci zamiennych.\" \/>\n<meta property=\"og:url\" content=\"https:\/\/hydrosprzet.pl\/en\/product\/liugong-835h\/\" \/>\n<meta property=\"og:site_name\" content=\"Hydrosprz\u0119t\" \/>\n<meta property=\"article:modified_time\" content=\"2020-04-27T09:25:44+00:00\" \/>\n<meta property=\"og:image\" content=\"https:\/\/hydrosprzet.pl\/wp-content\/uploads\/2018\/03\/LiuGong-835H-hydrosprzet.png\" \/>\n\t<meta property=\"og:image:width\" content=\"1104\" \/>\n\t<meta property=\"og:image:height\" content=\"736\" \/>\n<meta name=\"twitter:card\" content=\"summary_large_image\" \/>\n<meta name=\"twitter:label1\" content=\"Est. reading time\" \/>\n\t<meta name=\"twitter:data1\" content=\"1 minute\" \/>\n<script type=\"application\/ld+json\" class=\"yoast-schema-graph\">{\"@context\":\"https:\/\/schema.org\",\"@graph\":[{\"@type\":\"WebSite\",\"@id\":\"https:\/\/hydrosprzet.pl\/#website\",\"url\":\"https:\/\/hydrosprzet.pl\/\",\"name\":\"Hydrosprz\\u0119t\",\"description\":\"Maszyny budowlane\",\"potentialAction\":[{\"@type\":\"SearchAction\",\"target\":{\"@type\":\"EntryPoint\",\"urlTemplate\":\"https:\/\/hydrosprzet.pl\/?s={search_term_string}\"},\"query-input\":\"required name=search_term_string\"}],\"inLanguage\":\"en-US\"},{\"@type\":\"ImageObject\",\"@id\":\"https:\/\/hydrosprzet.pl\/produkt\/liugong-835h\/#primaryimage\",\"inLanguage\":\"en-US\",\"url\":\"https:\/\/hydrosprzet.pl\/wp-content\/uploads\/2018\/03\/LiuGong-835H-hydrosprzet.png\",\"contentUrl\":\"https:\/\/hydrosprzet.pl\/wp-content\/uploads\/2018\/03\/LiuGong-835H-hydrosprzet.png\",\"width\":1104,\"height\":736,\"caption\":\"liugong-835H-hydrosprzet\"},{\"@type\":\"WebPage\",\"@id\":\"https:\/\/hydrosprzet.pl\/produkt\/liugong-835h\/#webpage\",\"url\":\"https:\/\/hydrosprzet.pl\/produkt\/liugong-835h\/\",\"name\":\"LiuGong CLG835H - Hydrosprz\\u0119t - Maszyny - LiuGong Dressta Machinery\",\"isPartOf\":{\"@id\":\"https:\/\/hydrosprzet.pl\/#website\"},\"primaryImageOfPage\":{\"@id\":\"https:\/\/hydrosprzet.pl\/produkt\/liugong-835h\/#primaryimage\"},\"datePublished\":\"2018-03-29T15:52:22+00:00\",\"dateModified\":\"2020-04-27T09:25:44+00:00\",\"description\":\"Firma Hydrosprz\\u0119t ma do zaoferowania \\u0142adowark\\u0119 ko\\u0142ow\\u0105 LiuGong 835H. Zapewniamy pe\\u0142ny zakres obs\\u0142ugi serwisowej oraz dostep do cz\\u0119\\u015bci zamiennych.\",\"breadcrumb\":{\"@id\":\"https:\/\/hydrosprzet.pl\/produkt\/liugong-835h\/#breadcrumb\"},\"inLanguage\":\"en-US\",\"potentialAction\":[{\"@type\":\"ReadAction\",\"target\":[\"https:\/\/hydrosprzet.pl\/produkt\/liugong-835h\/\"]}]},{\"@type\":\"BreadcrumbList\",\"@id\":\"https:\/\/hydrosprzet.pl\/produkt\/liugong-835h\/#breadcrumb\",\"itemListElement\":[{\"@type\":\"ListItem\",\"position\":1,\"name\":\"Strona g\\u0142\\u00f3wna\",\"item\":\"https:\/\/hydrosprzet.pl\/\"},{\"@type\":\"ListItem\",\"position\":2,\"name\":\"Maszyny\",\"item\":\"https:\/\/hydrosprzet.pl\/maszyny\/\"},{\"@type\":\"ListItem\",\"position\":3,\"name\":\"LiuGong CLG835H\"}]}]}<\/script>\n<!-- \/ Yoast SEO plugin. -->","yoast_head_json":{"title":"LiuGong CLG835H - Hydrosprz\u0119t - Maszyny - LiuGong Dressta Machinery","description":"Firma Hydrosprz\u0119t ma do zaoferowania \u0142adowark\u0119 ko\u0142ow\u0105 LiuGong 835H. Zapewniamy pe\u0142ny zakres obs\u0142ugi serwisowej oraz dostep do cz\u0119\u015bci zamiennych.","robots":{"index":"index","follow":"follow","max-snippet":"max-snippet:-1","max-image-preview":"max-image-preview:large","max-video-preview":"max-video-preview:-1"},"canonical":"https:\/\/hydrosprzet.pl\/en\/product\/liugong-835h\/","og_locale":"en_US","og_type":"article","og_title":"LiuGong CLG835H - Hydrosprz\u0119t - Maszyny - LiuGong Dressta Machinery","og_description":"Firma Hydrosprz\u0119t ma do zaoferowania \u0142adowark\u0119 ko\u0142ow\u0105 LiuGong 835H. Zapewniamy pe\u0142ny zakres obs\u0142ugi serwisowej oraz dostep do cz\u0119\u015bci zamiennych.","og_url":"https:\/\/hydrosprzet.pl\/en\/product\/liugong-835h\/","og_site_name":"Hydrosprz\u0119t","article_modified_time":"2020-04-27T09:25:44+00:00","og_image":[{"width":1104,"height":736,"url":"https:\/\/hydrosprzet.pl\/wp-content\/uploads\/2018\/03\/LiuGong-835H-hydrosprzet.png","type":"image\/png"}],"twitter_card":"summary_large_image","twitter_misc":{"Est. reading time":"1 minute"},"schema":{"@context":"https:\/\/schema.org","@graph":[{"@type":"WebSite","@id":"https:\/\/hydrosprzet.pl\/#website","url":"https:\/\/hydrosprzet.pl\/","name":"Hydrosprz\u0119t","description":"Maszyny budowlane","potentialAction":[{"@type":"SearchAction","target":{"@type":"EntryPoint","urlTemplate":"https:\/\/hydrosprzet.pl\/?s={search_term_string}"},"query-input":"required name=search_term_string"}],"inLanguage":"en-US"},{"@type":"ImageObject","@id":"https:\/\/hydrosprzet.pl\/produkt\/liugong-835h\/#primaryimage","inLanguage":"en-US","url":"https:\/\/hydrosprzet.pl\/wp-content\/uploads\/2018\/03\/LiuGong-835H-hydrosprzet.png","contentUrl":"https:\/\/hydrosprzet.pl\/wp-content\/uploads\/2018\/03\/LiuGong-835H-hydrosprzet.png","width":1104,"height":736,"caption":"liugong-835H-hydrosprzet"},{"@type":"WebPage","@id":"https:\/\/hydrosprzet.pl\/produkt\/liugong-835h\/#webpage","url":"https:\/\/hydrosprzet.pl\/produkt\/liugong-835h\/","name":"LiuGong CLG835H - Hydrosprz\u0119t - Maszyny - LiuGong Dressta Machinery","isPartOf":{"@id":"https:\/\/hydrosprzet.pl\/#website"},"primaryImageOfPage":{"@id":"https:\/\/hydrosprzet.pl\/produkt\/liugong-835h\/#primaryimage"},"datePublished":"2018-03-29T15:52:22+00:00","dateModified":"2020-04-27T09:25:44+00:00","description":"Firma Hydrosprz\u0119t ma do zaoferowania \u0142adowark\u0119 ko\u0142ow\u0105 LiuGong 835H. Zapewniamy pe\u0142ny zakres obs\u0142ugi serwisowej oraz dostep do cz\u0119\u015bci zamiennych.","breadcrumb":{"@id":"https:\/\/hydrosprzet.pl\/produkt\/liugong-835h\/#breadcrumb"},"inLanguage":"en-US","potentialAction":[{"@type":"ReadAction","target":["https:\/\/hydrosprzet.pl\/produkt\/liugong-835h\/"]}]},{"@type":"BreadcrumbList","@id":"https:\/\/hydrosprzet.pl\/produkt\/liugong-835h\/#breadcrumb","itemListElement":[{"@type":"ListItem","position":1,"name":"Strona g\u0142\u00f3wna","item":"https:\/\/hydrosprzet.pl\/"},{"@type":"ListItem","position":2,"name":"Maszyny","item":"https:\/\/hydrosprzet.pl\/maszyny\/"},{"@type":"ListItem","position":3,"name":"LiuGong CLG835H"}]}]}},"_links":{"self":[{"href":"https:\/\/hydrosprzet.pl\/en\/wp-json\/wp\/v2\/product\/5244"}],"collection":[{"href":"https:\/\/hydrosprzet.pl\/en\/wp-json\/wp\/v2\/product"}],"about":[{"href":"https:\/\/hydrosprzet.pl\/en\/wp-json\/wp\/v2\/types\/product"}],"wp:featuredmedia":[{"embeddable":true,"href":"https:\/\/hydrosprzet.pl\/en\/wp-json\/wp\/v2\/media\/5667"}],"wp:attachment":[{"href":"https:\/\/hydrosprzet.pl\/en\/wp-json\/wp\/v2\/media?parent=5244"}],"curies":[{"name":"wp","href":"https:\/\/api.w.org\/{rel}","templated":true}]}}