{"id":4053,"date":"2019-07-04T18:14:05","date_gmt":"2019-07-04T18:14:05","guid":{"rendered":"http:\/\/themes.webdevia.com\/backhoe-heavy-construction-equipment-rentals-machinery-wordpress-theme\/?post_type=product&#038;p=4053"},"modified":"2026-02-20T08:16:17","modified_gmt":"2026-02-20T07:16:17","slug":"dressta-td40","status":"publish","type":"product","link":"https:\/\/hydrosprzet.pl\/en\/product\/dressta-td40\/","title":{"rendered":"Dressta TD-40"},"content":{"rendered":"<p>Niezwykle mocna i trwa\u0142a konstrukcja podwozia spycharek Dressta sprawia, \u017ce sprawdza si\u0119 ono doskonale zar\u00f3wno przy urabianiu ska\u0142 i ha\u0142dowaniu urobku, jak i karczowaniu lasu. Ci\u0119\u017cka i wytrzyma\u0142a rama g\u0142\u00f3wna spycharki DRESSTA TD-40 zosta\u0142a zbudowana tak, aby wytrzymywa\u0107 wysokie obci\u0105\u017cenia udarowe i napr\u0119\u017cenia skr\u0119caj\u0105ce. Dwa wa\u0142y przegubowe zawieszenia ram trakcyjnych dla zapewnienia niezawodno\u015bci po\u0142aczenia zosta\u0142y osadzone skurczowo w ramie g\u0142ownej przed przek\u0142adniami bocznymi dla ochrony przed obci\u0105\u017ceniami udarowymi od lemiesza. Masywna jednocz\u0119\u015bciowa rama g\u0142\u00f3wna, wa\u0142y zawieszenia tam trakcyjnych wykonane ze stali o wysokiej wytrzyma\u0142o\u015bci jak r\u00f3wnie\u017c konstrukcja podwozia zapewniaj\u0105 maksymaln\u0105 trwa\u0142o\u015b\u0107 maszyny i pewno\u015b\u0107 niezawodnej pracy maszyny w ka\u017cdych warunkach. Elementy podwozia zosta\u0142y zaprojektowane na przed\u0142u\u017cony okres \u017cywotno\u015bci w ci\u0119\u017ckich warunkach pracy i tak rozmieszczone, aby u\u0142atwi\u0107 szybki i \u0142atwy demonta\u017c i wymian\u0119 dla maksymalizacji czasu dost\u0119pno\u015bci i maszyny i zyskowno\u015bci.<\/p>\n<p><strong>DANE TECHNICZNE : TD-40E Extra | TD-40R Extra<br \/>\n<\/strong><\/p>\n<p>*Silnik : Cummins QSK19 | Perkins 2806F<\/p>\n<p>*Norma poziomu emisji spalin : EPA Tier 3\/EU Stage IIIA | EPA Tier 4f\/EU Stage IV<\/p>\n<p>*Zakres mocy silnika :\u00a0560 KM (418 kW) | 575 KM (429 kW)<\/p>\n<p>*Zakres masy netto : <span class=\"units-metric\">67 700 KG &#8211; 67 850 KG<br \/>\n<\/span><\/p>\n<p>*Zakres pojemno\u015bci lemiesza : 18,6<span class=\"units-metric\"> &#8211; 39,8 m<sup>3<\/sup><\/span><\/p>\n<p>&nbsp;<\/p>\n<p><em><strong>BROSZURA :<\/strong><\/em> <a href=\"https:\/\/hydrosprzet.pl\/wp-content\/uploads\/2019\/07\/Dressta-TD-40-PL.pdf\">Dressta TD-40 PL<\/a><\/p>","protected":false},"excerpt":{"rendered":"<p>DRESSTA TD-40 zosta\u0142a zaprojektowana jako maszyna efektywna, bezpieczna i niezawodna oraz przystosowana do d\u0142ugiego okresu eksploatacji. Dzi\u0119ki temu jest modelem cz\u0119sto wybieranym przez profesjonalist\u00f3w na ca\u0142ym \u015bwiecie. TD-40 to mocna i wytrzyma\u0142a konstrukcja, gotowa do sprostania nawet najtrudniejszym pracom budowlanym i g\u00f3rniczym, \u0142atwa w obs\u0142udze i korzystaj\u0105ca z niezawodnego wsparcia z globalnej sieci Dressty. Wydajno\u015b\u0107 pracy maszyny ma bezpo\u015brednie prze\u0142o\u017cenie na efekty ekonomiczne. Optymalny rozk\u0142ad masy spycharki TD-40 zwi\u0119ksza trakcj\u0119 maszyny i tym samym jeszcze bardziej efektywne wykorzystanie ogromnej si\u0142y uci\u0105gu we wszystkich zastosowaniach maszyny.<\/p>\n<p><em>Zdj\u0119cia oraz opisy w og\u0142oszeniu maj\u0105 charakter pogl\u0105dowy. Prezentowana oferta nie stanowi oferty handlowej w rozumieniu Kodeksu Cywilnego, a jedynie zaproszenie do z\u0142o\u017cenia zapytania. Cena, dost\u0119pno\u015b\u0107 oraz czas realizacji mog\u0105 ulec zmianie \u2013 ka\u017cdorazowo potwierdzane s\u0105 przed realizacj\u0105 zam\u00f3wienia.<\/em><\/p>","protected":false},"featured_media":5841,"template":"","meta":[],"yoast_head":"<!-- This site is optimized with the Yoast SEO plugin v17.3 - https:\/\/yoast.com\/wordpress\/plugins\/seo\/ -->\n<title>Dressta TD-40 - Hydrosprz\u0119t - LiuGong Dressta Machinery<\/title>\n<meta name=\"description\" content=\"Firma Hydrosprz\u0119t ma do zaoferowania spychark\u0119 g\u0105sienicow\u0105 Dressta TD-40. Zapewniamy pe\u0142ny zakres obs\u0142ugi serwisowej oraz dostep do cz\u0119\u015bci zamiennych.\" \/>\n<meta name=\"robots\" content=\"index, follow, max-snippet:-1, max-image-preview:large, max-video-preview:-1\" \/>\n<link rel=\"canonical\" href=\"https:\/\/hydrosprzet.pl\/en\/product\/dressta-td40\/\" \/>\n<meta property=\"og:locale\" content=\"en_US\" \/>\n<meta property=\"og:type\" content=\"article\" \/>\n<meta property=\"og:title\" content=\"Dressta TD-40 - Hydrosprz\u0119t - LiuGong Dressta Machinery\" \/>\n<meta property=\"og:description\" content=\"Firma Hydrosprz\u0119t ma do zaoferowania spychark\u0119 g\u0105sienicow\u0105 Dressta TD-40. Zapewniamy pe\u0142ny zakres obs\u0142ugi serwisowej oraz dostep do cz\u0119\u015bci zamiennych.\" \/>\n<meta property=\"og:url\" content=\"https:\/\/hydrosprzet.pl\/en\/product\/dressta-td40\/\" \/>\n<meta property=\"og:site_name\" content=\"Hydrosprz\u0119t\" \/>\n<meta property=\"article:modified_time\" content=\"2026-02-20T07:16:17+00:00\" \/>\n<meta property=\"og:image\" content=\"https:\/\/hydrosprzet.pl\/wp-content\/uploads\/2019\/07\/dressta-td-40-hydrosprzet.png\" \/>\n\t<meta property=\"og:image:width\" content=\"644\" \/>\n\t<meta property=\"og:image:height\" content=\"418\" \/>\n<meta name=\"twitter:card\" content=\"summary_large_image\" \/>\n<meta name=\"twitter:label1\" content=\"Est. reading time\" \/>\n\t<meta name=\"twitter:data1\" content=\"1 minute\" \/>\n<script type=\"application\/ld+json\" class=\"yoast-schema-graph\">{\"@context\":\"https:\/\/schema.org\",\"@graph\":[{\"@type\":\"WebSite\",\"@id\":\"https:\/\/hydrosprzet.pl\/#website\",\"url\":\"https:\/\/hydrosprzet.pl\/\",\"name\":\"Hydrosprz\\u0119t\",\"description\":\"Maszyny budowlane\",\"potentialAction\":[{\"@type\":\"SearchAction\",\"target\":{\"@type\":\"EntryPoint\",\"urlTemplate\":\"https:\/\/hydrosprzet.pl\/?s={search_term_string}\"},\"query-input\":\"required name=search_term_string\"}],\"inLanguage\":\"en-US\"},{\"@type\":\"ImageObject\",\"@id\":\"https:\/\/hydrosprzet.pl\/produkt\/dressta-td40\/#primaryimage\",\"inLanguage\":\"en-US\",\"url\":\"https:\/\/hydrosprzet.pl\/wp-content\/uploads\/2019\/07\/dressta-td-40-hydrosprzet.png\",\"contentUrl\":\"https:\/\/hydrosprzet.pl\/wp-content\/uploads\/2019\/07\/dressta-td-40-hydrosprzet.png\",\"width\":644,\"height\":418,\"caption\":\"dressta-td-40-hydrosprzet\"},{\"@type\":\"WebPage\",\"@id\":\"https:\/\/hydrosprzet.pl\/produkt\/dressta-td40\/#webpage\",\"url\":\"https:\/\/hydrosprzet.pl\/produkt\/dressta-td40\/\",\"name\":\"Dressta TD-40 - Hydrosprz\\u0119t - LiuGong Dressta Machinery\",\"isPartOf\":{\"@id\":\"https:\/\/hydrosprzet.pl\/#website\"},\"primaryImageOfPage\":{\"@id\":\"https:\/\/hydrosprzet.pl\/produkt\/dressta-td40\/#primaryimage\"},\"datePublished\":\"2019-07-04T18:14:05+00:00\",\"dateModified\":\"2026-02-20T07:16:17+00:00\",\"description\":\"Firma Hydrosprz\\u0119t ma do zaoferowania spychark\\u0119 g\\u0105sienicow\\u0105 Dressta TD-40. Zapewniamy pe\\u0142ny zakres obs\\u0142ugi serwisowej oraz dostep do cz\\u0119\\u015bci zamiennych.\",\"breadcrumb\":{\"@id\":\"https:\/\/hydrosprzet.pl\/produkt\/dressta-td40\/#breadcrumb\"},\"inLanguage\":\"en-US\",\"potentialAction\":[{\"@type\":\"ReadAction\",\"target\":[\"https:\/\/hydrosprzet.pl\/produkt\/dressta-td40\/\"]}]},{\"@type\":\"BreadcrumbList\",\"@id\":\"https:\/\/hydrosprzet.pl\/produkt\/dressta-td40\/#breadcrumb\",\"itemListElement\":[{\"@type\":\"ListItem\",\"position\":1,\"name\":\"Strona g\\u0142\\u00f3wna\",\"item\":\"https:\/\/hydrosprzet.pl\/\"},{\"@type\":\"ListItem\",\"position\":2,\"name\":\"Maszyny\",\"item\":\"https:\/\/hydrosprzet.pl\/maszyny\/\"},{\"@type\":\"ListItem\",\"position\":3,\"name\":\"Dressta TD-40\"}]}]}<\/script>\n<!-- \/ Yoast SEO plugin. -->","yoast_head_json":{"title":"Dressta TD-40 - Hydrosprz\u0119t - LiuGong Dressta Machinery","description":"Firma Hydrosprz\u0119t ma do zaoferowania spychark\u0119 g\u0105sienicow\u0105 Dressta TD-40. Zapewniamy pe\u0142ny zakres obs\u0142ugi serwisowej oraz dostep do cz\u0119\u015bci zamiennych.","robots":{"index":"index","follow":"follow","max-snippet":"max-snippet:-1","max-image-preview":"max-image-preview:large","max-video-preview":"max-video-preview:-1"},"canonical":"https:\/\/hydrosprzet.pl\/en\/product\/dressta-td40\/","og_locale":"en_US","og_type":"article","og_title":"Dressta TD-40 - Hydrosprz\u0119t - LiuGong Dressta Machinery","og_description":"Firma Hydrosprz\u0119t ma do zaoferowania spychark\u0119 g\u0105sienicow\u0105 Dressta TD-40. Zapewniamy pe\u0142ny zakres obs\u0142ugi serwisowej oraz dostep do cz\u0119\u015bci zamiennych.","og_url":"https:\/\/hydrosprzet.pl\/en\/product\/dressta-td40\/","og_site_name":"Hydrosprz\u0119t","article_modified_time":"2026-02-20T07:16:17+00:00","og_image":[{"width":644,"height":418,"url":"https:\/\/hydrosprzet.pl\/wp-content\/uploads\/2019\/07\/dressta-td-40-hydrosprzet.png","type":"image\/png"}],"twitter_card":"summary_large_image","twitter_misc":{"Est. reading time":"1 minute"},"schema":{"@context":"https:\/\/schema.org","@graph":[{"@type":"WebSite","@id":"https:\/\/hydrosprzet.pl\/#website","url":"https:\/\/hydrosprzet.pl\/","name":"Hydrosprz\u0119t","description":"Maszyny budowlane","potentialAction":[{"@type":"SearchAction","target":{"@type":"EntryPoint","urlTemplate":"https:\/\/hydrosprzet.pl\/?s={search_term_string}"},"query-input":"required name=search_term_string"}],"inLanguage":"en-US"},{"@type":"ImageObject","@id":"https:\/\/hydrosprzet.pl\/produkt\/dressta-td40\/#primaryimage","inLanguage":"en-US","url":"https:\/\/hydrosprzet.pl\/wp-content\/uploads\/2019\/07\/dressta-td-40-hydrosprzet.png","contentUrl":"https:\/\/hydrosprzet.pl\/wp-content\/uploads\/2019\/07\/dressta-td-40-hydrosprzet.png","width":644,"height":418,"caption":"dressta-td-40-hydrosprzet"},{"@type":"WebPage","@id":"https:\/\/hydrosprzet.pl\/produkt\/dressta-td40\/#webpage","url":"https:\/\/hydrosprzet.pl\/produkt\/dressta-td40\/","name":"Dressta TD-40 - Hydrosprz\u0119t - LiuGong Dressta Machinery","isPartOf":{"@id":"https:\/\/hydrosprzet.pl\/#website"},"primaryImageOfPage":{"@id":"https:\/\/hydrosprzet.pl\/produkt\/dressta-td40\/#primaryimage"},"datePublished":"2019-07-04T18:14:05+00:00","dateModified":"2026-02-20T07:16:17+00:00","description":"Firma Hydrosprz\u0119t ma do zaoferowania spychark\u0119 g\u0105sienicow\u0105 Dressta TD-40. Zapewniamy pe\u0142ny zakres obs\u0142ugi serwisowej oraz dostep do cz\u0119\u015bci zamiennych.","breadcrumb":{"@id":"https:\/\/hydrosprzet.pl\/produkt\/dressta-td40\/#breadcrumb"},"inLanguage":"en-US","potentialAction":[{"@type":"ReadAction","target":["https:\/\/hydrosprzet.pl\/produkt\/dressta-td40\/"]}]},{"@type":"BreadcrumbList","@id":"https:\/\/hydrosprzet.pl\/produkt\/dressta-td40\/#breadcrumb","itemListElement":[{"@type":"ListItem","position":1,"name":"Strona g\u0142\u00f3wna","item":"https:\/\/hydrosprzet.pl\/"},{"@type":"ListItem","position":2,"name":"Maszyny","item":"https:\/\/hydrosprzet.pl\/maszyny\/"},{"@type":"ListItem","position":3,"name":"Dressta TD-40"}]}]}},"_links":{"self":[{"href":"https:\/\/hydrosprzet.pl\/en\/wp-json\/wp\/v2\/product\/4053"}],"collection":[{"href":"https:\/\/hydrosprzet.pl\/en\/wp-json\/wp\/v2\/product"}],"about":[{"href":"https:\/\/hydrosprzet.pl\/en\/wp-json\/wp\/v2\/types\/product"}],"wp:featuredmedia":[{"embeddable":true,"href":"https:\/\/hydrosprzet.pl\/en\/wp-json\/wp\/v2\/media\/5841"}],"wp:attachment":[{"href":"https:\/\/hydrosprzet.pl\/en\/wp-json\/wp\/v2\/media?parent=4053"}],"curies":[{"name":"wp","href":"https:\/\/api.w.org\/{rel}","templated":true}]}}