{"id":4052,"date":"2019-07-04T18:13:51","date_gmt":"2019-07-04T18:13:51","guid":{"rendered":"http:\/\/themes.webdevia.com\/backhoe-heavy-construction-equipment-rentals-machinery-wordpress-theme\/?post_type=product&#038;p=4052"},"modified":"2026-02-20T08:16:33","modified_gmt":"2026-02-20T07:16:33","slug":"dressta-sb30","status":"publish","type":"product","link":"https:\/\/hydrosprzet.pl\/en\/product\/dressta-sb30\/","title":{"rendered":"Dressta SB-30"},"content":{"rendered":"<p>Ergonomiczne d\u017awignie steruj\u0105ce s\u0142u\u017c\u0105ce do obs\u0142ugi wysi\u0119gnika i haka pozwalaj\u0105 na precyzyjn\u0105 i przewidywaln\u0105 kontrol\u0119 \u0142adunku oraz jego pozycjonowanie. Wysoka zwrotno\u015b\u0107 Dressta SB-30 umo\u017cliwia jej zastosowanie w dynamicznych procesach uk\u0142adania rur, nawet w najbardziej wymagaj\u0105cych warunkach. Nowoczesna i wygodna sze\u015bcio\u015bcienna kabina w po\u0142\u0105czeniu z dwus\u0142upow\u0105 os\u0142on\u0105 ROPS zapewnia operatorowi wysoki poziom bezpiecze\u0144stwa. Komfortowe wn\u0119trze, efektywny system recyrkulacji powietrza, klimatyzator\/ogrzewanie i nowy ergonomiczny, regulowany oraz pneumatycznie amortyzowany fotel operatora z pod\u0142okietnikami zapewniaj\u0105 mu optymalne warunki pracy. Du\u017ca powierzchnia szyb daje doskona\u0142\u0105 widoczno\u015b\u0107 we wszystkich kierunkach i u\u0142atwia obserwacj\u0119 osprz\u0119tu roboczego. Joystick po lewej stronie s\u0142u\u017cy do sterowania skrzyni\u0105 bieg\u00f3w i uk\u0142adem skr\u0119tu. Umo\u017cliwia tak\u017ce zmian\u0119 kierunk\u00f3w jazdy, wykonywanie skr\u0119t\u00f3w maszyn\u0105, zmian\u0119 bieg\u00f3w oraz wyb\u00f3r niskiego lub wysokiego zakresu w mechanizmie skr\u0119tu.<\/p>\n<p><strong>DANE TECHNICZNE DRESSTA SB-30 :<br \/>\n<\/strong><\/p>\n<p>*Silnik : CUMMINS QSB 6,7 | 6-cylindrowy silnikwysokopr\u0119\u017cny z turbodo\u0142adowaniem<\/p>\n<p>*Norma poziomu emisji spalin : EPA Tier 3<\/p>\n<p>*Zakres mocy silnika :\u00a0140 kW (188 KM)<\/p>\n<p>*Zakres masy netto : <span class=\"units-metric\">27 580 KG<\/span><\/p>\n<p><span class=\"units-metric\">*Ud\u017awig maksymalny : 33 100 KG<\/span><\/p>\n<p>&nbsp;<\/p>\n<p><em><strong>BROSZURA :<\/strong><\/em> <a href=\"https:\/\/hydrosprzet.pl\/wp-content\/uploads\/2019\/07\/SB-30M.pdf\">SB-30M<\/a><\/p>","protected":false},"excerpt":{"rendered":"<p>Najnowszy i jednocze\u015bnie najmniejszy model uk\u0142adarki Dressta to SB-30M Extra. Zosta\u0142a ona wyposa\u017cona w 6-cylindrowy wysokopr\u0119\u017cny silnik z turbodo\u0142adowaniem firmy Cummins (model QSB 6.7) o mocy netto 140 kW (188 KM), kt\u00f3ry spe\u0142nia wymagania norm dotycz\u0105cych poziomu emisji substancji szkodliwych Tier 3. Uk\u0142adarka rur DRESSTA SB-30M Extra zosta\u0142a zaprojektowana do transportowania rur i uk\u0142adania ruroci\u0105g\u00f3w gazowych i naftowych oraz wodoci\u0105g\u00f3w. Osprz\u0119t d\u017awigowy uk\u0142adarki rur sk\u0142ada si\u0119 z wysi\u0119gnika umieszczonego po lewej stronie maszyny oraz przeciwwag i wci\u0105garek hydraulicznych haka i wysi\u0119gnika umieszczonych po prawej stronie maszyny.<\/p>\n<p><em>Zdj\u0119cia oraz opisy w og\u0142oszeniu maj\u0105 charakter pogl\u0105dowy. Prezentowana oferta nie stanowi oferty handlowej w rozumieniu Kodeksu Cywilnego, a jedynie zaproszenie do z\u0142o\u017cenia zapytania. Cena, dost\u0119pno\u015b\u0107 oraz czas realizacji mog\u0105 ulec zmianie \u2013 ka\u017cdorazowo potwierdzane s\u0105 przed realizacj\u0105 zam\u00f3wienia.<\/em><\/p>","protected":false},"featured_media":5844,"template":"","meta":[],"yoast_head":"<!-- This site is optimized with the Yoast SEO plugin v17.3 - https:\/\/yoast.com\/wordpress\/plugins\/seo\/ -->\n<title>Dressta SB-30 - Hydrosprz\u0119t - LiuGong Dressta Machinery<\/title>\n<meta name=\"description\" content=\"Firma Hydrosprz\u0119t ma do zaoferowania uk\u0142adark\u0119 do rur Dressta SB-30. Zapewniamy pe\u0142ny zakres obs\u0142ugi serwisowej oraz dostep do cz\u0119\u015bci zamiennych.\" \/>\n<meta name=\"robots\" content=\"index, follow, max-snippet:-1, max-image-preview:large, max-video-preview:-1\" \/>\n<link rel=\"canonical\" href=\"https:\/\/hydrosprzet.pl\/en\/product\/dressta-sb30\/\" \/>\n<meta property=\"og:locale\" content=\"en_US\" \/>\n<meta property=\"og:type\" content=\"article\" \/>\n<meta property=\"og:title\" content=\"Dressta SB-30 - Hydrosprz\u0119t - LiuGong Dressta Machinery\" \/>\n<meta property=\"og:description\" content=\"Firma Hydrosprz\u0119t ma do zaoferowania uk\u0142adark\u0119 do rur Dressta SB-30. Zapewniamy pe\u0142ny zakres obs\u0142ugi serwisowej oraz dostep do cz\u0119\u015bci zamiennych.\" \/>\n<meta property=\"og:url\" content=\"https:\/\/hydrosprzet.pl\/en\/product\/dressta-sb30\/\" \/>\n<meta property=\"og:site_name\" content=\"Hydrosprz\u0119t\" \/>\n<meta property=\"article:modified_time\" content=\"2026-02-20T07:16:33+00:00\" \/>\n<meta property=\"og:image\" content=\"https:\/\/hydrosprzet.pl\/wp-content\/uploads\/2019\/07\/dressta-sb-30-hydrosprzet.png\" \/>\n\t<meta property=\"og:image:width\" content=\"600\" \/>\n\t<meta property=\"og:image:height\" content=\"800\" \/>\n<meta name=\"twitter:card\" content=\"summary_large_image\" \/>\n<meta name=\"twitter:label1\" content=\"Est. reading time\" \/>\n\t<meta name=\"twitter:data1\" content=\"1 minute\" \/>\n<script type=\"application\/ld+json\" class=\"yoast-schema-graph\">{\"@context\":\"https:\/\/schema.org\",\"@graph\":[{\"@type\":\"WebSite\",\"@id\":\"https:\/\/hydrosprzet.pl\/#website\",\"url\":\"https:\/\/hydrosprzet.pl\/\",\"name\":\"Hydrosprz\\u0119t\",\"description\":\"Maszyny budowlane\",\"potentialAction\":[{\"@type\":\"SearchAction\",\"target\":{\"@type\":\"EntryPoint\",\"urlTemplate\":\"https:\/\/hydrosprzet.pl\/?s={search_term_string}\"},\"query-input\":\"required name=search_term_string\"}],\"inLanguage\":\"en-US\"},{\"@type\":\"ImageObject\",\"@id\":\"https:\/\/hydrosprzet.pl\/produkt\/dressta-sb30\/#primaryimage\",\"inLanguage\":\"en-US\",\"url\":\"https:\/\/hydrosprzet.pl\/wp-content\/uploads\/2019\/07\/dressta-sb-30-hydrosprzet.png\",\"contentUrl\":\"https:\/\/hydrosprzet.pl\/wp-content\/uploads\/2019\/07\/dressta-sb-30-hydrosprzet.png\",\"width\":600,\"height\":800,\"caption\":\"dressta-sb-30-hydrosprzet\"},{\"@type\":\"WebPage\",\"@id\":\"https:\/\/hydrosprzet.pl\/produkt\/dressta-sb30\/#webpage\",\"url\":\"https:\/\/hydrosprzet.pl\/produkt\/dressta-sb30\/\",\"name\":\"Dressta SB-30 - Hydrosprz\\u0119t - LiuGong Dressta Machinery\",\"isPartOf\":{\"@id\":\"https:\/\/hydrosprzet.pl\/#website\"},\"primaryImageOfPage\":{\"@id\":\"https:\/\/hydrosprzet.pl\/produkt\/dressta-sb30\/#primaryimage\"},\"datePublished\":\"2019-07-04T18:13:51+00:00\",\"dateModified\":\"2026-02-20T07:16:33+00:00\",\"description\":\"Firma Hydrosprz\\u0119t ma do zaoferowania uk\\u0142adark\\u0119 do rur Dressta SB-30. Zapewniamy pe\\u0142ny zakres obs\\u0142ugi serwisowej oraz dostep do cz\\u0119\\u015bci zamiennych.\",\"breadcrumb\":{\"@id\":\"https:\/\/hydrosprzet.pl\/produkt\/dressta-sb30\/#breadcrumb\"},\"inLanguage\":\"en-US\",\"potentialAction\":[{\"@type\":\"ReadAction\",\"target\":[\"https:\/\/hydrosprzet.pl\/produkt\/dressta-sb30\/\"]}]},{\"@type\":\"BreadcrumbList\",\"@id\":\"https:\/\/hydrosprzet.pl\/produkt\/dressta-sb30\/#breadcrumb\",\"itemListElement\":[{\"@type\":\"ListItem\",\"position\":1,\"name\":\"Strona g\\u0142\\u00f3wna\",\"item\":\"https:\/\/hydrosprzet.pl\/\"},{\"@type\":\"ListItem\",\"position\":2,\"name\":\"Maszyny\",\"item\":\"https:\/\/hydrosprzet.pl\/maszyny\/\"},{\"@type\":\"ListItem\",\"position\":3,\"name\":\"Dressta SB-30\"}]}]}<\/script>\n<!-- \/ Yoast SEO plugin. -->","yoast_head_json":{"title":"Dressta SB-30 - Hydrosprz\u0119t - LiuGong Dressta Machinery","description":"Firma Hydrosprz\u0119t ma do zaoferowania uk\u0142adark\u0119 do rur Dressta SB-30. Zapewniamy pe\u0142ny zakres obs\u0142ugi serwisowej oraz dostep do cz\u0119\u015bci zamiennych.","robots":{"index":"index","follow":"follow","max-snippet":"max-snippet:-1","max-image-preview":"max-image-preview:large","max-video-preview":"max-video-preview:-1"},"canonical":"https:\/\/hydrosprzet.pl\/en\/product\/dressta-sb30\/","og_locale":"en_US","og_type":"article","og_title":"Dressta SB-30 - Hydrosprz\u0119t - LiuGong Dressta Machinery","og_description":"Firma Hydrosprz\u0119t ma do zaoferowania uk\u0142adark\u0119 do rur Dressta SB-30. Zapewniamy pe\u0142ny zakres obs\u0142ugi serwisowej oraz dostep do cz\u0119\u015bci zamiennych.","og_url":"https:\/\/hydrosprzet.pl\/en\/product\/dressta-sb30\/","og_site_name":"Hydrosprz\u0119t","article_modified_time":"2026-02-20T07:16:33+00:00","og_image":[{"width":600,"height":800,"url":"https:\/\/hydrosprzet.pl\/wp-content\/uploads\/2019\/07\/dressta-sb-30-hydrosprzet.png","type":"image\/png"}],"twitter_card":"summary_large_image","twitter_misc":{"Est. reading time":"1 minute"},"schema":{"@context":"https:\/\/schema.org","@graph":[{"@type":"WebSite","@id":"https:\/\/hydrosprzet.pl\/#website","url":"https:\/\/hydrosprzet.pl\/","name":"Hydrosprz\u0119t","description":"Maszyny budowlane","potentialAction":[{"@type":"SearchAction","target":{"@type":"EntryPoint","urlTemplate":"https:\/\/hydrosprzet.pl\/?s={search_term_string}"},"query-input":"required name=search_term_string"}],"inLanguage":"en-US"},{"@type":"ImageObject","@id":"https:\/\/hydrosprzet.pl\/produkt\/dressta-sb30\/#primaryimage","inLanguage":"en-US","url":"https:\/\/hydrosprzet.pl\/wp-content\/uploads\/2019\/07\/dressta-sb-30-hydrosprzet.png","contentUrl":"https:\/\/hydrosprzet.pl\/wp-content\/uploads\/2019\/07\/dressta-sb-30-hydrosprzet.png","width":600,"height":800,"caption":"dressta-sb-30-hydrosprzet"},{"@type":"WebPage","@id":"https:\/\/hydrosprzet.pl\/produkt\/dressta-sb30\/#webpage","url":"https:\/\/hydrosprzet.pl\/produkt\/dressta-sb30\/","name":"Dressta SB-30 - Hydrosprz\u0119t - LiuGong Dressta Machinery","isPartOf":{"@id":"https:\/\/hydrosprzet.pl\/#website"},"primaryImageOfPage":{"@id":"https:\/\/hydrosprzet.pl\/produkt\/dressta-sb30\/#primaryimage"},"datePublished":"2019-07-04T18:13:51+00:00","dateModified":"2026-02-20T07:16:33+00:00","description":"Firma Hydrosprz\u0119t ma do zaoferowania uk\u0142adark\u0119 do rur Dressta SB-30. Zapewniamy pe\u0142ny zakres obs\u0142ugi serwisowej oraz dostep do cz\u0119\u015bci zamiennych.","breadcrumb":{"@id":"https:\/\/hydrosprzet.pl\/produkt\/dressta-sb30\/#breadcrumb"},"inLanguage":"en-US","potentialAction":[{"@type":"ReadAction","target":["https:\/\/hydrosprzet.pl\/produkt\/dressta-sb30\/"]}]},{"@type":"BreadcrumbList","@id":"https:\/\/hydrosprzet.pl\/produkt\/dressta-sb30\/#breadcrumb","itemListElement":[{"@type":"ListItem","position":1,"name":"Strona g\u0142\u00f3wna","item":"https:\/\/hydrosprzet.pl\/"},{"@type":"ListItem","position":2,"name":"Maszyny","item":"https:\/\/hydrosprzet.pl\/maszyny\/"},{"@type":"ListItem","position":3,"name":"Dressta SB-30"}]}]}},"_links":{"self":[{"href":"https:\/\/hydrosprzet.pl\/en\/wp-json\/wp\/v2\/product\/4052"}],"collection":[{"href":"https:\/\/hydrosprzet.pl\/en\/wp-json\/wp\/v2\/product"}],"about":[{"href":"https:\/\/hydrosprzet.pl\/en\/wp-json\/wp\/v2\/types\/product"}],"wp:featuredmedia":[{"embeddable":true,"href":"https:\/\/hydrosprzet.pl\/en\/wp-json\/wp\/v2\/media\/5844"}],"wp:attachment":[{"href":"https:\/\/hydrosprzet.pl\/en\/wp-json\/wp\/v2\/media?parent=4052"}],"curies":[{"name":"wp","href":"https:\/\/api.w.org\/{rel}","templated":true}]}}