{"id":4050,"date":"2019-07-04T18:13:12","date_gmt":"2019-07-04T18:13:12","guid":{"rendered":"http:\/\/themes.webdevia.com\/backhoe-heavy-construction-equipment-rentals-machinery-wordpress-theme\/?post_type=product&#038;p=4050"},"modified":"2021-10-04T10:46:30","modified_gmt":"2021-10-04T08:46:30","slug":"atmos-pb82","status":"publish","type":"product","link":"https:\/\/hydrosprzet.pl\/en\/product\/atmos-pb82\/","title":{"rendered":"Atmos PB82"},"content":{"rendered":"<h3>ATMOS CHRAST PB82<\/h3>\n<p>Kr\u00f3tka charakterystyka :<br \/>\n\u2022 Ma\u0142y kompaktowy, uniwersalny kompresor<br \/>\n\u2022 Najl\u017cejszy w swojej kategorii<br \/>\n\u2022 Mocny silnik benzynowy Vanguard-B&amp;S<br \/>\n\u2022 \u0141atwy w przemieszczaniu dzi\u0119ki niskiemu ci\u0119\u017carowi i sk\u0142adanym uchwytom<br \/>\n\u2022 Elektryczny rozruch w standardzie<br \/>\n\u2022 Na ramie znajduj\u0105 si\u0119 4 zaczepy mocuj\u0105ce (transportowe)<br \/>\n\u2022 Dzi\u0119ki niewielkim rozmiarom spr\u0119\u017carka mo\u017ce by\u0107 transportowana przez drzwi, okna lub d\u017awigiem bezpo\u015brednio do miejsca pracy<br \/>\n\u2022 \u0141atwy dost\u0119p do serwisu<\/p>\n<hr \/>\n<p><strong>FUNKCJE I ZALETY:<\/strong><br \/>\n\u2022 Spr\u0119\u017carki s\u0105 \u0142atwe do transportu w furgonetce, pick-upie lub kombi<br \/>\n\u2022 Niskie obroty silnika w PB82E zapewniaj\u0105 niski poziom ha\u0142asu i gwarantuje d\u0142ug\u0105 \u017cywotno\u015b\u0107<br \/>\n\u2022 Wszystkie spr\u0119\u017carki z rozruchem elektrycznym mog\u0105 by\u0107 wyposa\u017cone w gniazdo 12 V do pod\u0142\u0105czenia zewn\u0119trznej ch\u0142odnicy ko\u0144cowej \u00abATMOS\u00bb z separatorem<br \/>\n\u2022 Ch\u0142odnica ko\u0144cowa z separatorem gwarantuje u\u017cytkownikowi suche spr\u0119\u017cone powietrze<\/p>\n<hr \/>\n<p><strong>DANE TECHNICZNE ATMOS PB82:<\/strong><br \/>\n&#8211; Wydatek : 1<br \/>\n&#8211; Ci\u015bnienie : 14 bar<br \/>\n&#8211; Silnik : B&amp;S benzyna 23 HP<br \/>\n&#8211; Moc : 17,15 [kW}<br \/>\n&#8211; Rozruch : elektryczny<br \/>\n&#8211; Maksymalne obroty silnika : 3600\/min<br \/>\n&#8211; Ch\u0142odzenie : powietrzne<br \/>\n&#8211; D\u0142ugo\u015b\u0107 : 989 mm<br \/>\n&#8211; Szeroko\u015b\u0107 : 703 mm<br \/>\n&#8211; Wysoko\u015b\u0107 : 804 mm<br \/>\n&#8211; Waga : 158 kg<br \/>\n&#8211; Przy\u0142\u0105cze 3\/4<\/p>\n<p>&nbsp;<\/p>\n<p><em><strong>BROSZURA:<\/strong><\/em> <a href=\"https:\/\/hydrosprzet.pl\/wp-content\/uploads\/2019\/07\/ATMOS-PB-81-82.pdf\">ATMOS PB 81 82<\/a><\/p>","protected":false},"excerpt":{"rendered":"<p>Kompresor \u015brubowy produkowany jest w Europie przez czesk\u0105 fabryk\u0119 kompresor\u00f3w ATMOS. Model PB82 charakteryzuj\u0105cy si\u0119 kompaktow\u0105 konstrukcj\u0105 i \u0142atwo\u015bci\u0105 eksploatacji \u2013 znajdzie zastosowanie wsz\u0119dzie tam gdzie wymagana jest mobilno\u015b\u0107, oszcz\u0119dno\u015b\u0107 miejsca oraz korzystny stosunek wydajno\u015bci do zu\u017cycia paliwa. Spr\u0119\u017carka zasilana jest silnikiem spalinowy B&amp;S o mocy 23 HP i poziomie ha\u0142asu 104 dB(A) z funkcj\u0105 \u0142atwego startu \u2013 rozrusznik.<\/p>","protected":false},"featured_media":5914,"template":"","meta":[],"yoast_head":"<!-- This site is optimized with the Yoast SEO plugin v17.3 - https:\/\/yoast.com\/wordpress\/plugins\/seo\/ -->\n<title>Atmos PB82 - Hydrosprz\u0119t - LiuGong Dressta Machinery - Atmos<\/title>\n<meta name=\"description\" content=\"Firma Hydrosprz\u0119t ma do zaoferowania spr\u0119\u017cark\u0119 powietrza Atmos PB82. Zapewniamy pe\u0142ny zakres obs\u0142ugi serwisowej oraz dostep do cz\u0119\u015bci zamiennych.\" \/>\n<meta name=\"robots\" content=\"index, follow, max-snippet:-1, max-image-preview:large, max-video-preview:-1\" \/>\n<link rel=\"canonical\" href=\"https:\/\/hydrosprzet.pl\/en\/product\/atmos-pb82\/\" \/>\n<meta property=\"og:locale\" content=\"en_US\" \/>\n<meta property=\"og:type\" content=\"article\" \/>\n<meta property=\"og:title\" content=\"Atmos PB82 - Hydrosprz\u0119t - LiuGong Dressta Machinery - Atmos\" \/>\n<meta property=\"og:description\" content=\"Firma Hydrosprz\u0119t ma do zaoferowania spr\u0119\u017cark\u0119 powietrza Atmos PB82. Zapewniamy pe\u0142ny zakres obs\u0142ugi serwisowej oraz dostep do cz\u0119\u015bci zamiennych.\" \/>\n<meta property=\"og:url\" content=\"https:\/\/hydrosprzet.pl\/en\/product\/atmos-pb82\/\" \/>\n<meta property=\"og:site_name\" content=\"Hydrosprz\u0119t\" \/>\n<meta property=\"article:modified_time\" content=\"2021-10-04T08:46:30+00:00\" \/>\n<meta property=\"og:image\" content=\"https:\/\/hydrosprzet.pl\/wp-content\/uploads\/2019\/07\/sprezarka-powietrza-atmos-pb-82.jpg\" \/>\n\t<meta property=\"og:image:width\" content=\"1000\" \/>\n\t<meta property=\"og:image:height\" content=\"772\" \/>\n<meta name=\"twitter:card\" content=\"summary_large_image\" \/>\n<meta name=\"twitter:label1\" content=\"Est. reading time\" \/>\n\t<meta name=\"twitter:data1\" content=\"1 minute\" \/>\n<script type=\"application\/ld+json\" class=\"yoast-schema-graph\">{\"@context\":\"https:\/\/schema.org\",\"@graph\":[{\"@type\":\"WebSite\",\"@id\":\"https:\/\/hydrosprzet.pl\/#website\",\"url\":\"https:\/\/hydrosprzet.pl\/\",\"name\":\"Hydrosprz\\u0119t\",\"description\":\"Maszyny budowlane\",\"potentialAction\":[{\"@type\":\"SearchAction\",\"target\":{\"@type\":\"EntryPoint\",\"urlTemplate\":\"https:\/\/hydrosprzet.pl\/?s={search_term_string}\"},\"query-input\":\"required name=search_term_string\"}],\"inLanguage\":\"en-US\"},{\"@type\":\"ImageObject\",\"@id\":\"https:\/\/hydrosprzet.pl\/produkt\/atmos-pb82\/#primaryimage\",\"inLanguage\":\"en-US\",\"url\":\"https:\/\/hydrosprzet.pl\/wp-content\/uploads\/2019\/07\/sprezarka-powietrza-atmos-pb-82.jpg\",\"contentUrl\":\"https:\/\/hydrosprzet.pl\/wp-content\/uploads\/2019\/07\/sprezarka-powietrza-atmos-pb-82.jpg\",\"width\":1000,\"height\":772,\"caption\":\"sprezarka-powietrza-atmos-pb82-hydrosprzet\"},{\"@type\":\"WebPage\",\"@id\":\"https:\/\/hydrosprzet.pl\/produkt\/atmos-pb82\/#webpage\",\"url\":\"https:\/\/hydrosprzet.pl\/produkt\/atmos-pb82\/\",\"name\":\"Atmos PB82 - Hydrosprz\\u0119t - LiuGong Dressta Machinery - Atmos\",\"isPartOf\":{\"@id\":\"https:\/\/hydrosprzet.pl\/#website\"},\"primaryImageOfPage\":{\"@id\":\"https:\/\/hydrosprzet.pl\/produkt\/atmos-pb82\/#primaryimage\"},\"datePublished\":\"2019-07-04T18:13:12+00:00\",\"dateModified\":\"2021-10-04T08:46:30+00:00\",\"description\":\"Firma Hydrosprz\\u0119t ma do zaoferowania spr\\u0119\\u017cark\\u0119 powietrza Atmos PB82. Zapewniamy pe\\u0142ny zakres obs\\u0142ugi serwisowej oraz dostep do cz\\u0119\\u015bci zamiennych.\",\"breadcrumb\":{\"@id\":\"https:\/\/hydrosprzet.pl\/produkt\/atmos-pb82\/#breadcrumb\"},\"inLanguage\":\"en-US\",\"potentialAction\":[{\"@type\":\"ReadAction\",\"target\":[\"https:\/\/hydrosprzet.pl\/produkt\/atmos-pb82\/\"]}]},{\"@type\":\"BreadcrumbList\",\"@id\":\"https:\/\/hydrosprzet.pl\/produkt\/atmos-pb82\/#breadcrumb\",\"itemListElement\":[{\"@type\":\"ListItem\",\"position\":1,\"name\":\"Strona g\\u0142\\u00f3wna\",\"item\":\"https:\/\/hydrosprzet.pl\/\"},{\"@type\":\"ListItem\",\"position\":2,\"name\":\"Maszyny\",\"item\":\"https:\/\/hydrosprzet.pl\/maszyny\/\"},{\"@type\":\"ListItem\",\"position\":3,\"name\":\"Atmos PB82\"}]}]}<\/script>\n<!-- \/ Yoast SEO plugin. -->","yoast_head_json":{"title":"Atmos PB82 - Hydrosprz\u0119t - LiuGong Dressta Machinery - Atmos","description":"Firma Hydrosprz\u0119t ma do zaoferowania spr\u0119\u017cark\u0119 powietrza Atmos PB82. Zapewniamy pe\u0142ny zakres obs\u0142ugi serwisowej oraz dostep do cz\u0119\u015bci zamiennych.","robots":{"index":"index","follow":"follow","max-snippet":"max-snippet:-1","max-image-preview":"max-image-preview:large","max-video-preview":"max-video-preview:-1"},"canonical":"https:\/\/hydrosprzet.pl\/en\/product\/atmos-pb82\/","og_locale":"en_US","og_type":"article","og_title":"Atmos PB82 - Hydrosprz\u0119t - LiuGong Dressta Machinery - Atmos","og_description":"Firma Hydrosprz\u0119t ma do zaoferowania spr\u0119\u017cark\u0119 powietrza Atmos PB82. Zapewniamy pe\u0142ny zakres obs\u0142ugi serwisowej oraz dostep do cz\u0119\u015bci zamiennych.","og_url":"https:\/\/hydrosprzet.pl\/en\/product\/atmos-pb82\/","og_site_name":"Hydrosprz\u0119t","article_modified_time":"2021-10-04T08:46:30+00:00","og_image":[{"width":1000,"height":772,"url":"https:\/\/hydrosprzet.pl\/wp-content\/uploads\/2019\/07\/sprezarka-powietrza-atmos-pb-82.jpg","type":"image\/jpeg"}],"twitter_card":"summary_large_image","twitter_misc":{"Est. reading time":"1 minute"},"schema":{"@context":"https:\/\/schema.org","@graph":[{"@type":"WebSite","@id":"https:\/\/hydrosprzet.pl\/#website","url":"https:\/\/hydrosprzet.pl\/","name":"Hydrosprz\u0119t","description":"Maszyny budowlane","potentialAction":[{"@type":"SearchAction","target":{"@type":"EntryPoint","urlTemplate":"https:\/\/hydrosprzet.pl\/?s={search_term_string}"},"query-input":"required name=search_term_string"}],"inLanguage":"en-US"},{"@type":"ImageObject","@id":"https:\/\/hydrosprzet.pl\/produkt\/atmos-pb82\/#primaryimage","inLanguage":"en-US","url":"https:\/\/hydrosprzet.pl\/wp-content\/uploads\/2019\/07\/sprezarka-powietrza-atmos-pb-82.jpg","contentUrl":"https:\/\/hydrosprzet.pl\/wp-content\/uploads\/2019\/07\/sprezarka-powietrza-atmos-pb-82.jpg","width":1000,"height":772,"caption":"sprezarka-powietrza-atmos-pb82-hydrosprzet"},{"@type":"WebPage","@id":"https:\/\/hydrosprzet.pl\/produkt\/atmos-pb82\/#webpage","url":"https:\/\/hydrosprzet.pl\/produkt\/atmos-pb82\/","name":"Atmos PB82 - Hydrosprz\u0119t - LiuGong Dressta Machinery - Atmos","isPartOf":{"@id":"https:\/\/hydrosprzet.pl\/#website"},"primaryImageOfPage":{"@id":"https:\/\/hydrosprzet.pl\/produkt\/atmos-pb82\/#primaryimage"},"datePublished":"2019-07-04T18:13:12+00:00","dateModified":"2021-10-04T08:46:30+00:00","description":"Firma Hydrosprz\u0119t ma do zaoferowania spr\u0119\u017cark\u0119 powietrza Atmos PB82. Zapewniamy pe\u0142ny zakres obs\u0142ugi serwisowej oraz dostep do cz\u0119\u015bci zamiennych.","breadcrumb":{"@id":"https:\/\/hydrosprzet.pl\/produkt\/atmos-pb82\/#breadcrumb"},"inLanguage":"en-US","potentialAction":[{"@type":"ReadAction","target":["https:\/\/hydrosprzet.pl\/produkt\/atmos-pb82\/"]}]},{"@type":"BreadcrumbList","@id":"https:\/\/hydrosprzet.pl\/produkt\/atmos-pb82\/#breadcrumb","itemListElement":[{"@type":"ListItem","position":1,"name":"Strona g\u0142\u00f3wna","item":"https:\/\/hydrosprzet.pl\/"},{"@type":"ListItem","position":2,"name":"Maszyny","item":"https:\/\/hydrosprzet.pl\/maszyny\/"},{"@type":"ListItem","position":3,"name":"Atmos PB82"}]}]}},"_links":{"self":[{"href":"https:\/\/hydrosprzet.pl\/en\/wp-json\/wp\/v2\/product\/4050"}],"collection":[{"href":"https:\/\/hydrosprzet.pl\/en\/wp-json\/wp\/v2\/product"}],"about":[{"href":"https:\/\/hydrosprzet.pl\/en\/wp-json\/wp\/v2\/types\/product"}],"wp:featuredmedia":[{"embeddable":true,"href":"https:\/\/hydrosprzet.pl\/en\/wp-json\/wp\/v2\/media\/5914"}],"wp:attachment":[{"href":"https:\/\/hydrosprzet.pl\/en\/wp-json\/wp\/v2\/media?parent=4050"}],"curies":[{"name":"wp","href":"https:\/\/api.w.org\/{rel}","templated":true}]}}