{"id":4049,"date":"2019-07-04T18:12:47","date_gmt":"2019-07-04T18:12:47","guid":{"rendered":"http:\/\/themes.webdevia.com\/backhoe-heavy-construction-equipment-rentals-machinery-wordpress-theme\/?post_type=product&#038;p=4049"},"modified":"2020-04-23T14:03:33","modified_gmt":"2020-04-23T12:03:33","slug":"atmos-pdk33","status":"publish","type":"product","link":"https:\/\/hydrosprzet.pl\/en\/product\/atmos-pdk33\/","title":{"rendered":"Atmos PDK33"},"content":{"rendered":"<h3>ATMOS PDK33<\/h3>\n<p><strong>KR\u00d3TKA CHARAKTERYSTYKA:<\/strong><br \/>\n&#8211; Homologowane podwozie jezdne<br \/>\n&#8211; zaczep kulowy<br \/>\n&#8211; k\u00f3\u0142ko manewrowe<br \/>\n&#8211; instalacja elektryczna 12 V<br \/>\n&#8211; kliny zabezpieczaj\u0105ce spr\u0119\u017cark\u0119 przed przemieszczaniem<br \/>\n&#8211; o\u015bwietlenie drogowe<br \/>\n&#8211; obudowy d\u017awi\u0119koch\u0142onne obni\u017caj\u0105ce poziom ha\u0142asu<br \/>\n&#8211; licznik motogodzin pracy<br \/>\n&#8211; zawory spustowe zako\u0144czone z\u0142\u0105czami k\u0142owymi 2xG3\/4\u201d<br \/>\n&#8211; uk\u0142ad zabezpiecze\u0144 wy\u0142\u0105czaj\u0105cych spr\u0119\u017cark\u0119 przy przekroczeniu niekt\u00f3rych parametr\u00f3w pracy jak np. ci\u015bnienie oleju<br \/>\nsilnikowego, temperatura oleju spr\u0119\u017carkowego, temperatura p\u0142ynu ch\u0142odz\u0105cego<br \/>\n&#8211; uk\u0142ad wska\u017anik\u00f3w obrazuj\u0105cych prac\u0119 spr\u0119\u017carki<br \/>\n&#8211; uk\u0142ad automatycznego odpowietrzania spr\u0119\u017carki po wy\u0142\u0105czeniu silnika<br \/>\n&#8211; uk\u0142ad sterowania pozwalaj\u0105cy na p\u0142ynn\u0105 regulacj\u0119 wydajno\u015bci dla efektywnego ci\u015bnienia roboczego<br \/>\n&#8211; spr\u0119\u017carka spe\u0142nia wszystkie aktualne wytyczne UE oraz normy emisji ha\u0142asu i spalin<\/p>\n<hr \/>\n<p><strong>FUNKCJE I ZALETY:<\/strong><br \/>\n\u2022 Spr\u0119\u017carki s\u0105 \u0142atwe do transportu w furgonetce, pick-upie lub kombi<br \/>\n\u2022 Prostota obs\u0142ugi &#8211; Jeden przycisk ( grzanie \u015bwiec, \u0142agodny rozruch, po okre\u015blonym czasie sama przechodzi na zakres ci\u015bnieni pracy )<br \/>\n\u2022 Koniec pracy \u2013 przycisk STOP -maszyna sama si\u0119 wy\u0142\u0105czy po osi\u0105gni\u0119ciu odpowiednich parametr\u00f3w<br \/>\n\u2022 Wszystkie spr\u0119\u017carki z rozruchem elektrycznym mog\u0105 by\u0107 wyposa\u017cone w gniazdo 12 V do pod\u0142\u0105czenia zewn\u0119trznej ch\u0142odnicy ko\u0144cowej \u00abATMOS\u00bb z separatorem<br \/>\n\u2022 Ch\u0142odnica ko\u0144cowa z separatorem gwarantuje u\u017cytkownikowi suche spr\u0119\u017cone powietrze<\/p>\n<hr \/>\n<p><strong>DANE TECHNICZNE ATMOS PDK33:<\/strong><br \/>\n&#8211; Wydajno\u015b\u0107 nominalna : 4 m3\/min<br \/>\n&#8211; Ci\u015bnienie : 7.0 bar<br \/>\n&#8211; Silnik : KUBOTA V1505 T<br \/>\n&#8211; Liczba cylindr\u00f3w &#8211; 4<br \/>\n&#8211; Moc : 33 [kW}<br \/>\n&#8211; Rozruch : elektryczny<br \/>\n&#8211; Maksymalne obroty silnika : 3000\/min<br \/>\n&#8211; Ch\u0142odzenie : powietrzne<br \/>\n&#8211; D\u0142ugo\u015b\u0107 : 3250 mm<br \/>\n&#8211; Szeroko\u015b\u0107 : 1485 mm<br \/>\n&#8211; Wysoko\u015b\u0107 : 1220 mm<br \/>\n&#8211; Waga : 750 kg<\/p>\n<p>&nbsp;<\/p>\n<p><em><strong>BROSZURA:<\/strong><\/em> <a href=\"https:\/\/hydrosprzet.pl\/wp-content\/uploads\/2019\/07\/Brochure-Portables-2-to-5-m3-EN-RU.pdf\">Brochure Portables 2 to 5 m3 EN &#8211; RU<\/a><\/p>","protected":false},"excerpt":{"rendered":"<p>Spr\u0119\u017carka spalinowa ATMOS Chrast PDK33 o lekkiej konstrukcji (zaledwie 750 kg) posiada bardzo \u0142atwy w obs\u0142udze, o d\u0142ugiej \u017cywotno\u015bci panel sterowania. Jednym przyciskiem w\u0142\u0105czamy spr\u0119\u017cark\u0119 (sama zagrzeje \u015bwiece \u017carowe, sama za\u0142\u0105czy si\u0119 po osi\u0105gni\u0119ciu odpowiednich parametr\u00f3w, sama przejdzie w tryb pracy tzw. SOFT START. Przyciskiem STOP ko\u0144czymy prac\u0119 spr\u0119\u017carki. Po osi\u0105gni\u0119ciu minimalnych parametr\u00f3w przejdzie w stan spoczynku.<\/p>","protected":false},"featured_media":5917,"template":"","meta":[],"yoast_head":"<!-- This site is optimized with the Yoast SEO plugin v17.3 - https:\/\/yoast.com\/wordpress\/plugins\/seo\/ -->\n<title>Atmos PDK33 - Hydrosprz\u0119t - LiuGong Dressta Machinery - Atmos<\/title>\n<meta name=\"description\" content=\"Firma Hydrosprz\u0119t ma do zaoferowania spr\u0119\u017cark\u0119 powietrza Atmos PDK33. Zapewniamy pe\u0142ny zakres obs\u0142ugi serwisowej oraz dostep do cz\u0119\u015bci zamiennych.\" \/>\n<meta name=\"robots\" content=\"index, follow, max-snippet:-1, max-image-preview:large, max-video-preview:-1\" \/>\n<link rel=\"canonical\" href=\"https:\/\/hydrosprzet.pl\/en\/product\/atmos-pdk33\/\" \/>\n<meta property=\"og:locale\" content=\"en_US\" \/>\n<meta property=\"og:type\" content=\"article\" \/>\n<meta property=\"og:title\" content=\"Atmos PDK33 - Hydrosprz\u0119t - LiuGong Dressta Machinery - Atmos\" \/>\n<meta property=\"og:description\" content=\"Firma Hydrosprz\u0119t ma do zaoferowania spr\u0119\u017cark\u0119 powietrza Atmos PDK33. Zapewniamy pe\u0142ny zakres obs\u0142ugi serwisowej oraz dostep do cz\u0119\u015bci zamiennych.\" \/>\n<meta property=\"og:url\" content=\"https:\/\/hydrosprzet.pl\/en\/product\/atmos-pdk33\/\" \/>\n<meta property=\"og:site_name\" content=\"Hydrosprz\u0119t\" \/>\n<meta property=\"article:modified_time\" content=\"2020-04-23T12:03:33+00:00\" \/>\n<meta property=\"og:image\" content=\"https:\/\/hydrosprzet.pl\/wp-content\/uploads\/2019\/07\/sprezarka-powietrza-atmos-pdk33-atmos.jpg\" \/>\n\t<meta property=\"og:image:width\" content=\"1087\" \/>\n\t<meta property=\"og:image:height\" content=\"772\" \/>\n<meta name=\"twitter:card\" content=\"summary_large_image\" \/>\n<meta name=\"twitter:label1\" content=\"Est. reading time\" \/>\n\t<meta name=\"twitter:data1\" content=\"1 minute\" \/>\n<script type=\"application\/ld+json\" class=\"yoast-schema-graph\">{\"@context\":\"https:\/\/schema.org\",\"@graph\":[{\"@type\":\"WebSite\",\"@id\":\"https:\/\/hydrosprzet.pl\/#website\",\"url\":\"https:\/\/hydrosprzet.pl\/\",\"name\":\"Hydrosprz\\u0119t\",\"description\":\"Maszyny budowlane\",\"potentialAction\":[{\"@type\":\"SearchAction\",\"target\":{\"@type\":\"EntryPoint\",\"urlTemplate\":\"https:\/\/hydrosprzet.pl\/?s={search_term_string}\"},\"query-input\":\"required name=search_term_string\"}],\"inLanguage\":\"en-US\"},{\"@type\":\"ImageObject\",\"@id\":\"https:\/\/hydrosprzet.pl\/produkt\/atmos-pdk33\/#primaryimage\",\"inLanguage\":\"en-US\",\"url\":\"https:\/\/hydrosprzet.pl\/wp-content\/uploads\/2019\/07\/sprezarka-powietrza-atmos-pdk33-atmos.jpg\",\"contentUrl\":\"https:\/\/hydrosprzet.pl\/wp-content\/uploads\/2019\/07\/sprezarka-powietrza-atmos-pdk33-atmos.jpg\",\"width\":1087,\"height\":772,\"caption\":\"sprezarka-powietrza-atmos-pdk33-hydrosprzet\"},{\"@type\":\"WebPage\",\"@id\":\"https:\/\/hydrosprzet.pl\/produkt\/atmos-pdk33\/#webpage\",\"url\":\"https:\/\/hydrosprzet.pl\/produkt\/atmos-pdk33\/\",\"name\":\"Atmos PDK33 - Hydrosprz\\u0119t - LiuGong Dressta Machinery - Atmos\",\"isPartOf\":{\"@id\":\"https:\/\/hydrosprzet.pl\/#website\"},\"primaryImageOfPage\":{\"@id\":\"https:\/\/hydrosprzet.pl\/produkt\/atmos-pdk33\/#primaryimage\"},\"datePublished\":\"2019-07-04T18:12:47+00:00\",\"dateModified\":\"2020-04-23T12:03:33+00:00\",\"description\":\"Firma Hydrosprz\\u0119t ma do zaoferowania spr\\u0119\\u017cark\\u0119 powietrza Atmos PDK33. Zapewniamy pe\\u0142ny zakres obs\\u0142ugi serwisowej oraz dostep do cz\\u0119\\u015bci zamiennych.\",\"breadcrumb\":{\"@id\":\"https:\/\/hydrosprzet.pl\/produkt\/atmos-pdk33\/#breadcrumb\"},\"inLanguage\":\"en-US\",\"potentialAction\":[{\"@type\":\"ReadAction\",\"target\":[\"https:\/\/hydrosprzet.pl\/produkt\/atmos-pdk33\/\"]}]},{\"@type\":\"BreadcrumbList\",\"@id\":\"https:\/\/hydrosprzet.pl\/produkt\/atmos-pdk33\/#breadcrumb\",\"itemListElement\":[{\"@type\":\"ListItem\",\"position\":1,\"name\":\"Strona g\\u0142\\u00f3wna\",\"item\":\"https:\/\/hydrosprzet.pl\/\"},{\"@type\":\"ListItem\",\"position\":2,\"name\":\"Maszyny\",\"item\":\"https:\/\/hydrosprzet.pl\/maszyny\/\"},{\"@type\":\"ListItem\",\"position\":3,\"name\":\"Atmos PDK33\"}]}]}<\/script>\n<!-- \/ Yoast SEO plugin. -->","yoast_head_json":{"title":"Atmos PDK33 - Hydrosprz\u0119t - LiuGong Dressta Machinery - Atmos","description":"Firma Hydrosprz\u0119t ma do zaoferowania spr\u0119\u017cark\u0119 powietrza Atmos PDK33. Zapewniamy pe\u0142ny zakres obs\u0142ugi serwisowej oraz dostep do cz\u0119\u015bci zamiennych.","robots":{"index":"index","follow":"follow","max-snippet":"max-snippet:-1","max-image-preview":"max-image-preview:large","max-video-preview":"max-video-preview:-1"},"canonical":"https:\/\/hydrosprzet.pl\/en\/product\/atmos-pdk33\/","og_locale":"en_US","og_type":"article","og_title":"Atmos PDK33 - Hydrosprz\u0119t - LiuGong Dressta Machinery - Atmos","og_description":"Firma Hydrosprz\u0119t ma do zaoferowania spr\u0119\u017cark\u0119 powietrza Atmos PDK33. Zapewniamy pe\u0142ny zakres obs\u0142ugi serwisowej oraz dostep do cz\u0119\u015bci zamiennych.","og_url":"https:\/\/hydrosprzet.pl\/en\/product\/atmos-pdk33\/","og_site_name":"Hydrosprz\u0119t","article_modified_time":"2020-04-23T12:03:33+00:00","og_image":[{"width":1087,"height":772,"url":"https:\/\/hydrosprzet.pl\/wp-content\/uploads\/2019\/07\/sprezarka-powietrza-atmos-pdk33-atmos.jpg","type":"image\/jpeg"}],"twitter_card":"summary_large_image","twitter_misc":{"Est. reading time":"1 minute"},"schema":{"@context":"https:\/\/schema.org","@graph":[{"@type":"WebSite","@id":"https:\/\/hydrosprzet.pl\/#website","url":"https:\/\/hydrosprzet.pl\/","name":"Hydrosprz\u0119t","description":"Maszyny budowlane","potentialAction":[{"@type":"SearchAction","target":{"@type":"EntryPoint","urlTemplate":"https:\/\/hydrosprzet.pl\/?s={search_term_string}"},"query-input":"required name=search_term_string"}],"inLanguage":"en-US"},{"@type":"ImageObject","@id":"https:\/\/hydrosprzet.pl\/produkt\/atmos-pdk33\/#primaryimage","inLanguage":"en-US","url":"https:\/\/hydrosprzet.pl\/wp-content\/uploads\/2019\/07\/sprezarka-powietrza-atmos-pdk33-atmos.jpg","contentUrl":"https:\/\/hydrosprzet.pl\/wp-content\/uploads\/2019\/07\/sprezarka-powietrza-atmos-pdk33-atmos.jpg","width":1087,"height":772,"caption":"sprezarka-powietrza-atmos-pdk33-hydrosprzet"},{"@type":"WebPage","@id":"https:\/\/hydrosprzet.pl\/produkt\/atmos-pdk33\/#webpage","url":"https:\/\/hydrosprzet.pl\/produkt\/atmos-pdk33\/","name":"Atmos PDK33 - Hydrosprz\u0119t - LiuGong Dressta Machinery - Atmos","isPartOf":{"@id":"https:\/\/hydrosprzet.pl\/#website"},"primaryImageOfPage":{"@id":"https:\/\/hydrosprzet.pl\/produkt\/atmos-pdk33\/#primaryimage"},"datePublished":"2019-07-04T18:12:47+00:00","dateModified":"2020-04-23T12:03:33+00:00","description":"Firma Hydrosprz\u0119t ma do zaoferowania spr\u0119\u017cark\u0119 powietrza Atmos PDK33. Zapewniamy pe\u0142ny zakres obs\u0142ugi serwisowej oraz dostep do cz\u0119\u015bci zamiennych.","breadcrumb":{"@id":"https:\/\/hydrosprzet.pl\/produkt\/atmos-pdk33\/#breadcrumb"},"inLanguage":"en-US","potentialAction":[{"@type":"ReadAction","target":["https:\/\/hydrosprzet.pl\/produkt\/atmos-pdk33\/"]}]},{"@type":"BreadcrumbList","@id":"https:\/\/hydrosprzet.pl\/produkt\/atmos-pdk33\/#breadcrumb","itemListElement":[{"@type":"ListItem","position":1,"name":"Strona g\u0142\u00f3wna","item":"https:\/\/hydrosprzet.pl\/"},{"@type":"ListItem","position":2,"name":"Maszyny","item":"https:\/\/hydrosprzet.pl\/maszyny\/"},{"@type":"ListItem","position":3,"name":"Atmos PDK33"}]}]}},"_links":{"self":[{"href":"https:\/\/hydrosprzet.pl\/en\/wp-json\/wp\/v2\/product\/4049"}],"collection":[{"href":"https:\/\/hydrosprzet.pl\/en\/wp-json\/wp\/v2\/product"}],"about":[{"href":"https:\/\/hydrosprzet.pl\/en\/wp-json\/wp\/v2\/types\/product"}],"wp:featuredmedia":[{"embeddable":true,"href":"https:\/\/hydrosprzet.pl\/en\/wp-json\/wp\/v2\/media\/5917"}],"wp:attachment":[{"href":"https:\/\/hydrosprzet.pl\/en\/wp-json\/wp\/v2\/media?parent=4049"}],"curies":[{"name":"wp","href":"https:\/\/api.w.org\/{rel}","templated":true}]}}