{"id":4000,"date":"2019-07-04T16:06:44","date_gmt":"2019-07-04T16:06:44","guid":{"rendered":"http:\/\/themes.webdevia.com\/backhoe-heavy-construction-equipment-rentals-machinery-wordpress-theme\/?post_type=product&#038;p=4000"},"modified":"2020-04-23T14:22:57","modified_gmt":"2020-04-23T12:22:57","slug":"dressta-sb60","status":"publish","type":"product","link":"https:\/\/hydrosprzet.pl\/en\/product\/dressta-sb60\/","title":{"rendered":"Dressta SB-60"},"content":{"rendered":"<p>Zaanga\u017cowanie Dressta w Ciebie obejmuje r\u00f3wne zaanga\u017cowanie w Twoje bezpiecze\u0144stwo. Nasze uk\u0142adarki rur s\u0105 wyposa\u017cone we wszystkie niezb\u0119dne funkcje bezpiecze\u0144stwa, aby zapewni\u0107 spok\u00f3j i pom\u00f3c skupi\u0107 si\u0119 na wykonywanej pracy. Uk\u0142adarki Dressta SB-60 to maszyny wyposa\u017cone w g\u0105sienicowy uk\u0142ad jezdny, solidne wysi\u0119gniki oraz stabilny system przeciwwag. W zale\u017cno\u015bci od zapotrzebowania mo\u017cna wybiera\u0107 mi\u0119dzy wysi\u0119gnikiem standardowym a opcjonalnym. Jednak producent podkre\u015bla, \u017ce w obu przypadkach u\u017cytkownik b\u0119dzie mia\u0142 do czynienia z wytrzyma\u0142ymi, spawanymi konstrukcjami wykonanymi ze stali najwy\u017cszej jako\u015bci. S\u0105 projektowo przygotowane do pracy w zr\u00f3\u017cnicowanych warunkach. Ka\u017cdy z nich wyposa\u017cony jest w system zabezpieczenia podnoszenia wysi\u0119gnika z wy\u0142\u0105cznikiem kra\u0144cowym, kt\u00f3ry automatycznie odcina nap\u0119d. Uk\u0142ad d\u017awigowy wyposa\u017cono w automatyczne hamulce tarczowe, kt\u00f3re w razie awarii silnika umo\u017cliwiaj\u0105 opuszczenie zawieszonego \u0142adunku.<\/p>\n<p><strong>DANE TECHNICZNE DRESSTA SB-60 :<br \/>\n<\/strong><\/p>\n<p>*Silnik : Cummins QSM 11<\/p>\n<p>*Norma poziomu emisji spalin : EPA Tier 3\/EU Stage IIIA<\/p>\n<p>*Zakres mocy silnika : 350 KM (261 kW)<\/p>\n<p>*Zakres masy netto :\u00a051 280 KG<\/p>\n<p><span class=\"units-metric\">*Ud\u017awig maksymalny : 72 100 KG<\/span><\/p>\n<p>&nbsp;<\/p>\n<p><em><strong>BROSZURA : <a href=\"https:\/\/hydrosprzet.pl\/wp-content\/uploads\/2019\/07\/SB-30-60-85-Brochure-in-English.pdf\">SB-30-60-85-Brochure-in-English<\/a><\/strong><\/em><\/p>","protected":false},"excerpt":{"rendered":"<p>Uk\u0142adarki rur firmy Dressta s\u0105 nap\u0119dzane przez szereg turbodo\u0142adowanych silnik\u00f3w Cummins, kt\u00f3re s\u0105 wyposa\u017cone w wysokoci\u015bnieniowy uk\u0142ad paliwowy common-rail, aby zapewni\u0107 wydajne dzia\u0142anie przy jednoczesnym zapewnieniu mocy potrzebnej do uzyskania maksymalnej wydajno\u015bci w miejscu pracy. Dzi\u0119ki sprawdzonemu uk\u0142adowi paliwowemu common-rail technologia ta dostarcza precyzyjn\u0105 ilo\u015b\u0107 paliwa pod wysokim ci\u015bnieniem oraz zwi\u0119ksza oszcz\u0119dno\u015b\u0107 i wydajno\u015b\u0107 paliwa, zmniejszaj\u0105c emisj\u0119 spalin i ha\u0142asu przy sta\u0142ej wydajno\u015bci przy ka\u017cdym obr.\/min.<\/p>","protected":false},"featured_media":5852,"template":"","meta":[],"yoast_head":"<!-- This site is optimized with the Yoast SEO plugin v17.3 - https:\/\/yoast.com\/wordpress\/plugins\/seo\/ -->\n<title>Dressta SB-60 - Hydrosprz\u0119t - LiuGong Dressta Machinery<\/title>\n<meta name=\"description\" content=\"Firma Hydrosprz\u0119t ma do zaoferowania uk\u0142adark\u0119 do rur Dressta SB-60. Zapewniamy pe\u0142ny zakres obs\u0142ugi serwisowej oraz dostep do cz\u0119\u015bci zamiennych.\" \/>\n<meta name=\"robots\" content=\"index, follow, max-snippet:-1, max-image-preview:large, max-video-preview:-1\" \/>\n<link rel=\"canonical\" href=\"https:\/\/hydrosprzet.pl\/en\/product\/dressta-sb60\/\" \/>\n<meta property=\"og:locale\" content=\"en_US\" \/>\n<meta property=\"og:type\" content=\"article\" \/>\n<meta property=\"og:title\" content=\"Dressta SB-60 - Hydrosprz\u0119t - LiuGong Dressta Machinery\" \/>\n<meta property=\"og:description\" content=\"Firma Hydrosprz\u0119t ma do zaoferowania uk\u0142adark\u0119 do rur Dressta SB-60. Zapewniamy pe\u0142ny zakres obs\u0142ugi serwisowej oraz dostep do cz\u0119\u015bci zamiennych.\" \/>\n<meta property=\"og:url\" content=\"https:\/\/hydrosprzet.pl\/en\/product\/dressta-sb60\/\" \/>\n<meta property=\"og:site_name\" content=\"Hydrosprz\u0119t\" \/>\n<meta property=\"article:modified_time\" content=\"2020-04-23T12:22:57+00:00\" \/>\n<meta property=\"og:image\" content=\"https:\/\/hydrosprzet.pl\/wp-content\/uploads\/2019\/07\/dressta-sb60-hydrosprzet.png\" \/>\n\t<meta property=\"og:image:width\" content=\"600\" \/>\n\t<meta property=\"og:image:height\" content=\"800\" \/>\n<meta name=\"twitter:card\" content=\"summary_large_image\" \/>\n<meta name=\"twitter:label1\" content=\"Est. reading time\" \/>\n\t<meta name=\"twitter:data1\" content=\"1 minute\" \/>\n<script type=\"application\/ld+json\" class=\"yoast-schema-graph\">{\"@context\":\"https:\/\/schema.org\",\"@graph\":[{\"@type\":\"WebSite\",\"@id\":\"https:\/\/hydrosprzet.pl\/#website\",\"url\":\"https:\/\/hydrosprzet.pl\/\",\"name\":\"Hydrosprz\\u0119t\",\"description\":\"Maszyny budowlane\",\"potentialAction\":[{\"@type\":\"SearchAction\",\"target\":{\"@type\":\"EntryPoint\",\"urlTemplate\":\"https:\/\/hydrosprzet.pl\/?s={search_term_string}\"},\"query-input\":\"required name=search_term_string\"}],\"inLanguage\":\"en-US\"},{\"@type\":\"ImageObject\",\"@id\":\"https:\/\/hydrosprzet.pl\/produkt\/dressta-sb60\/#primaryimage\",\"inLanguage\":\"en-US\",\"url\":\"https:\/\/hydrosprzet.pl\/wp-content\/uploads\/2019\/07\/dressta-sb60-hydrosprzet.png\",\"contentUrl\":\"https:\/\/hydrosprzet.pl\/wp-content\/uploads\/2019\/07\/dressta-sb60-hydrosprzet.png\",\"width\":600,\"height\":800,\"caption\":\"dressta-sb60-hydrosprzet\"},{\"@type\":\"WebPage\",\"@id\":\"https:\/\/hydrosprzet.pl\/produkt\/dressta-sb60\/#webpage\",\"url\":\"https:\/\/hydrosprzet.pl\/produkt\/dressta-sb60\/\",\"name\":\"Dressta SB-60 - Hydrosprz\\u0119t - LiuGong Dressta Machinery\",\"isPartOf\":{\"@id\":\"https:\/\/hydrosprzet.pl\/#website\"},\"primaryImageOfPage\":{\"@id\":\"https:\/\/hydrosprzet.pl\/produkt\/dressta-sb60\/#primaryimage\"},\"datePublished\":\"2019-07-04T16:06:44+00:00\",\"dateModified\":\"2020-04-23T12:22:57+00:00\",\"description\":\"Firma Hydrosprz\\u0119t ma do zaoferowania uk\\u0142adark\\u0119 do rur Dressta SB-60. Zapewniamy pe\\u0142ny zakres obs\\u0142ugi serwisowej oraz dostep do cz\\u0119\\u015bci zamiennych.\",\"breadcrumb\":{\"@id\":\"https:\/\/hydrosprzet.pl\/produkt\/dressta-sb60\/#breadcrumb\"},\"inLanguage\":\"en-US\",\"potentialAction\":[{\"@type\":\"ReadAction\",\"target\":[\"https:\/\/hydrosprzet.pl\/produkt\/dressta-sb60\/\"]}]},{\"@type\":\"BreadcrumbList\",\"@id\":\"https:\/\/hydrosprzet.pl\/produkt\/dressta-sb60\/#breadcrumb\",\"itemListElement\":[{\"@type\":\"ListItem\",\"position\":1,\"name\":\"Strona g\\u0142\\u00f3wna\",\"item\":\"https:\/\/hydrosprzet.pl\/\"},{\"@type\":\"ListItem\",\"position\":2,\"name\":\"Maszyny\",\"item\":\"https:\/\/hydrosprzet.pl\/maszyny\/\"},{\"@type\":\"ListItem\",\"position\":3,\"name\":\"Dressta SB-60\"}]}]}<\/script>\n<!-- \/ Yoast SEO plugin. -->","yoast_head_json":{"title":"Dressta SB-60 - Hydrosprz\u0119t - LiuGong Dressta Machinery","description":"Firma Hydrosprz\u0119t ma do zaoferowania uk\u0142adark\u0119 do rur Dressta SB-60. Zapewniamy pe\u0142ny zakres obs\u0142ugi serwisowej oraz dostep do cz\u0119\u015bci zamiennych.","robots":{"index":"index","follow":"follow","max-snippet":"max-snippet:-1","max-image-preview":"max-image-preview:large","max-video-preview":"max-video-preview:-1"},"canonical":"https:\/\/hydrosprzet.pl\/en\/product\/dressta-sb60\/","og_locale":"en_US","og_type":"article","og_title":"Dressta SB-60 - Hydrosprz\u0119t - LiuGong Dressta Machinery","og_description":"Firma Hydrosprz\u0119t ma do zaoferowania uk\u0142adark\u0119 do rur Dressta SB-60. Zapewniamy pe\u0142ny zakres obs\u0142ugi serwisowej oraz dostep do cz\u0119\u015bci zamiennych.","og_url":"https:\/\/hydrosprzet.pl\/en\/product\/dressta-sb60\/","og_site_name":"Hydrosprz\u0119t","article_modified_time":"2020-04-23T12:22:57+00:00","og_image":[{"width":600,"height":800,"url":"https:\/\/hydrosprzet.pl\/wp-content\/uploads\/2019\/07\/dressta-sb60-hydrosprzet.png","type":"image\/png"}],"twitter_card":"summary_large_image","twitter_misc":{"Est. reading time":"1 minute"},"schema":{"@context":"https:\/\/schema.org","@graph":[{"@type":"WebSite","@id":"https:\/\/hydrosprzet.pl\/#website","url":"https:\/\/hydrosprzet.pl\/","name":"Hydrosprz\u0119t","description":"Maszyny budowlane","potentialAction":[{"@type":"SearchAction","target":{"@type":"EntryPoint","urlTemplate":"https:\/\/hydrosprzet.pl\/?s={search_term_string}"},"query-input":"required name=search_term_string"}],"inLanguage":"en-US"},{"@type":"ImageObject","@id":"https:\/\/hydrosprzet.pl\/produkt\/dressta-sb60\/#primaryimage","inLanguage":"en-US","url":"https:\/\/hydrosprzet.pl\/wp-content\/uploads\/2019\/07\/dressta-sb60-hydrosprzet.png","contentUrl":"https:\/\/hydrosprzet.pl\/wp-content\/uploads\/2019\/07\/dressta-sb60-hydrosprzet.png","width":600,"height":800,"caption":"dressta-sb60-hydrosprzet"},{"@type":"WebPage","@id":"https:\/\/hydrosprzet.pl\/produkt\/dressta-sb60\/#webpage","url":"https:\/\/hydrosprzet.pl\/produkt\/dressta-sb60\/","name":"Dressta SB-60 - Hydrosprz\u0119t - LiuGong Dressta Machinery","isPartOf":{"@id":"https:\/\/hydrosprzet.pl\/#website"},"primaryImageOfPage":{"@id":"https:\/\/hydrosprzet.pl\/produkt\/dressta-sb60\/#primaryimage"},"datePublished":"2019-07-04T16:06:44+00:00","dateModified":"2020-04-23T12:22:57+00:00","description":"Firma Hydrosprz\u0119t ma do zaoferowania uk\u0142adark\u0119 do rur Dressta SB-60. Zapewniamy pe\u0142ny zakres obs\u0142ugi serwisowej oraz dostep do cz\u0119\u015bci zamiennych.","breadcrumb":{"@id":"https:\/\/hydrosprzet.pl\/produkt\/dressta-sb60\/#breadcrumb"},"inLanguage":"en-US","potentialAction":[{"@type":"ReadAction","target":["https:\/\/hydrosprzet.pl\/produkt\/dressta-sb60\/"]}]},{"@type":"BreadcrumbList","@id":"https:\/\/hydrosprzet.pl\/produkt\/dressta-sb60\/#breadcrumb","itemListElement":[{"@type":"ListItem","position":1,"name":"Strona g\u0142\u00f3wna","item":"https:\/\/hydrosprzet.pl\/"},{"@type":"ListItem","position":2,"name":"Maszyny","item":"https:\/\/hydrosprzet.pl\/maszyny\/"},{"@type":"ListItem","position":3,"name":"Dressta SB-60"}]}]}},"_links":{"self":[{"href":"https:\/\/hydrosprzet.pl\/en\/wp-json\/wp\/v2\/product\/4000"}],"collection":[{"href":"https:\/\/hydrosprzet.pl\/en\/wp-json\/wp\/v2\/product"}],"about":[{"href":"https:\/\/hydrosprzet.pl\/en\/wp-json\/wp\/v2\/types\/product"}],"wp:featuredmedia":[{"embeddable":true,"href":"https:\/\/hydrosprzet.pl\/en\/wp-json\/wp\/v2\/media\/5852"}],"wp:attachment":[{"href":"https:\/\/hydrosprzet.pl\/en\/wp-json\/wp\/v2\/media?parent=4000"}],"curies":[{"name":"wp","href":"https:\/\/api.w.org\/{rel}","templated":true}]}}