{"id":3998,"date":"2019-07-04T16:04:50","date_gmt":"2019-07-04T16:04:50","guid":{"rendered":"http:\/\/themes.webdevia.com\/backhoe-heavy-construction-equipment-rentals-machinery-wordpress-theme\/?post_type=product&#038;p=3998"},"modified":"2020-04-23T14:26:13","modified_gmt":"2020-04-23T12:26:13","slug":"dressta-sb85","status":"publish","type":"product","link":"https:\/\/hydrosprzet.pl\/en\/product\/dressta-sb85\/","title":{"rendered":"Dressta SB-85"},"content":{"rendered":"<p>Najwi\u0119ksz\u0105 konstrukcj\u0105 uk\u0142adarek serii \u201eM\u201d jest DRESSTA SB-85. To du\u017cy model z wysi\u0119gnikiem o d\u0142ugo\u015bci 7,3 m. D\u0142uga na 5,8 m maszyna zajmuje 4,1 m podczas transportu (ze zdj\u0119tymi bocznymi ramami). Pod pokryw\u0105 silnika kryje si\u0119 kolejny Cummins (QSX 15) o mocy 370 KM. Maksymalny moment obrotowy w tym przypadku wynosi 1825 Nm i osi\u0105gany jest przy pr\u0119dko\u015bci 1400 obr.\/min. Producent zaznacza, \u017ce maksymalny ud\u017awig tej uk\u0142adarki wynosi 100 t. Zaanga\u017cowanie Dressta w Ciebie obejmuje r\u00f3wne zaanga\u017cowanie w Twoje bezpiecze\u0144stwo. Nasze uk\u0142adarki rur s\u0105 wyposa\u017cone we wszystkie niezb\u0119dne funkcje bezpiecze\u0144stwa, aby zapewni\u0107 spok\u00f3j i pom\u00f3c skupi\u0107 si\u0119 na wykonywanej pracy. Zaprojektowane z my\u015bl\u0105 o wydajno\u015bci, bezpiecznej obs\u0142udze, niezawodno\u015bci i d\u0142ugiej \u017cywotno\u015bci, Uk\u0142adarki rur Dressta SB-85 to wyb\u00f3r profesjonalist\u00f3w z bran\u017cy na ca\u0142ym \u015bwiecie. Komfort operatora, \u0142atwo\u015b\u0107 serwisowania i produktywno\u015b\u0107 s\u0105 podstaw\u0105 ich konstrukcji, a wyj\u0105tkowa moc i ud\u017awig zapewniaj\u0105 odpowiedni\u0105 wydajno\u015b\u0107 w ka\u017cdym miejscu pracy.<\/p>\n<p><strong>DANE TECHNICZNE : SB-85M Extra | SB-85R Extra<br \/>\n<\/strong><\/p>\n<p>*Silnik : Cummins QSX 15<\/p>\n<p>*Norma poziomu emisji spalin : EPA Tier 3\/EU Stage IIIA | EPA Tier 4f\/EU Stage IV<\/p>\n<p>*Zakres mocy silnika : 410 KM (306 kW) | 410 KM (306 kW)<\/p>\n<p>*Zakres masy netto : 64 480 KG | 65 580 KG<\/p>\n<p><span class=\"units-metric\">*Ud\u017awig maksymalny : 100 000 KG<\/span><\/p>\n<p>&nbsp;<\/p>\n<p><em><strong>BROSZURA :<\/strong><\/em> <a href=\"https:\/\/hydrosprzet.pl\/wp-content\/uploads\/2019\/07\/SB-30-60-85-Brochure-in-English.pdf\">SB-30-60-85-Brochure-in-English<\/a><\/p>","protected":false},"excerpt":{"rendered":"<p>Uk\u0142adarka rur DRESSTA SB-85 to najwi\u0119ksza tego typu maszyna w programie produkcyjnym Dressty, przeznaczona do pracy w ka\u017cdych warunkach terenowych. \u00a0Cechuje si\u0119 ud\u017awigiem 100 ton i nisko po\u0142o\u017conym \u015brodkiem ci\u0119\u017cko\u015bci zapewniaj\u0105cym doskona\u0142\u0105 stabilno\u015b\u0107, zw\u0142aszcza przy zje\u017adzie z pochy\u0142o\u015bci. Ergonomiczne d\u017awignie steruj\u0105ce s\u0142u\u017c\u0105ce do obs\u0142ugi wysi\u0119gnika i haka pozwalaj\u0105 na precyzyjn\u0105 i przewidywaln\u0105 kontrol\u0119 \u0142adunku oraz jego pozycjonowanie. Solidna, jednocz\u0119\u015bciowa rama g\u0142\u00f3wna ochrania g\u0142\u00f3wne zespo\u0142y maszyny. U\u017cytkownicy mog\u0105 wybiera\u0107 dodatkowe wyposa\u017cenie zgodnie z ich potrzebami.<\/p>","protected":false},"featured_media":5854,"template":"","meta":[],"yoast_head":"<!-- This site is optimized with the Yoast SEO plugin v17.3 - https:\/\/yoast.com\/wordpress\/plugins\/seo\/ -->\n<title>Dressta SB-85 - Hydrosprz\u0119t - Maszyny - LiuGong Dressta Machinery<\/title>\n<meta name=\"description\" content=\"Firma Hydrosprz\u0119t ma do zaoferowania uk\u0142adark\u0119 do rur Dressta SB-85. Zapewniamy pe\u0142ny zakres obs\u0142ugi serwisowej oraz dostep do cz\u0119\u015bci zamiennych.\" \/>\n<meta name=\"robots\" content=\"index, follow, max-snippet:-1, max-image-preview:large, max-video-preview:-1\" \/>\n<link rel=\"canonical\" href=\"https:\/\/hydrosprzet.pl\/en\/product\/dressta-sb85\/\" \/>\n<meta property=\"og:locale\" content=\"en_US\" \/>\n<meta property=\"og:type\" content=\"article\" \/>\n<meta property=\"og:title\" content=\"Dressta SB-85 - Hydrosprz\u0119t - Maszyny - LiuGong Dressta Machinery\" \/>\n<meta property=\"og:description\" content=\"Firma Hydrosprz\u0119t ma do zaoferowania uk\u0142adark\u0119 do rur Dressta SB-85. Zapewniamy pe\u0142ny zakres obs\u0142ugi serwisowej oraz dostep do cz\u0119\u015bci zamiennych.\" \/>\n<meta property=\"og:url\" content=\"https:\/\/hydrosprzet.pl\/en\/product\/dressta-sb85\/\" \/>\n<meta property=\"og:site_name\" content=\"Hydrosprz\u0119t\" \/>\n<meta property=\"article:modified_time\" content=\"2020-04-23T12:26:13+00:00\" \/>\n<meta property=\"og:image\" content=\"https:\/\/hydrosprzet.pl\/wp-content\/uploads\/2019\/07\/dressta-sb85-hydrosprzet.png\" \/>\n\t<meta property=\"og:image:width\" content=\"600\" \/>\n\t<meta property=\"og:image:height\" content=\"800\" \/>\n<meta name=\"twitter:card\" content=\"summary_large_image\" \/>\n<meta name=\"twitter:label1\" content=\"Est. reading time\" \/>\n\t<meta name=\"twitter:data1\" content=\"1 minute\" \/>\n<script type=\"application\/ld+json\" class=\"yoast-schema-graph\">{\"@context\":\"https:\/\/schema.org\",\"@graph\":[{\"@type\":\"WebSite\",\"@id\":\"https:\/\/hydrosprzet.pl\/#website\",\"url\":\"https:\/\/hydrosprzet.pl\/\",\"name\":\"Hydrosprz\\u0119t\",\"description\":\"Maszyny budowlane\",\"potentialAction\":[{\"@type\":\"SearchAction\",\"target\":{\"@type\":\"EntryPoint\",\"urlTemplate\":\"https:\/\/hydrosprzet.pl\/?s={search_term_string}\"},\"query-input\":\"required name=search_term_string\"}],\"inLanguage\":\"en-US\"},{\"@type\":\"ImageObject\",\"@id\":\"https:\/\/hydrosprzet.pl\/produkt\/dressta-sb85\/#primaryimage\",\"inLanguage\":\"en-US\",\"url\":\"https:\/\/hydrosprzet.pl\/wp-content\/uploads\/2019\/07\/dressta-sb85-hydrosprzet.png\",\"contentUrl\":\"https:\/\/hydrosprzet.pl\/wp-content\/uploads\/2019\/07\/dressta-sb85-hydrosprzet.png\",\"width\":600,\"height\":800,\"caption\":\"dressta-sb85-hydrosprzet\"},{\"@type\":\"WebPage\",\"@id\":\"https:\/\/hydrosprzet.pl\/produkt\/dressta-sb85\/#webpage\",\"url\":\"https:\/\/hydrosprzet.pl\/produkt\/dressta-sb85\/\",\"name\":\"Dressta SB-85 - Hydrosprz\\u0119t - Maszyny - LiuGong Dressta Machinery\",\"isPartOf\":{\"@id\":\"https:\/\/hydrosprzet.pl\/#website\"},\"primaryImageOfPage\":{\"@id\":\"https:\/\/hydrosprzet.pl\/produkt\/dressta-sb85\/#primaryimage\"},\"datePublished\":\"2019-07-04T16:04:50+00:00\",\"dateModified\":\"2020-04-23T12:26:13+00:00\",\"description\":\"Firma Hydrosprz\\u0119t ma do zaoferowania uk\\u0142adark\\u0119 do rur Dressta SB-85. Zapewniamy pe\\u0142ny zakres obs\\u0142ugi serwisowej oraz dostep do cz\\u0119\\u015bci zamiennych.\",\"breadcrumb\":{\"@id\":\"https:\/\/hydrosprzet.pl\/produkt\/dressta-sb85\/#breadcrumb\"},\"inLanguage\":\"en-US\",\"potentialAction\":[{\"@type\":\"ReadAction\",\"target\":[\"https:\/\/hydrosprzet.pl\/produkt\/dressta-sb85\/\"]}]},{\"@type\":\"BreadcrumbList\",\"@id\":\"https:\/\/hydrosprzet.pl\/produkt\/dressta-sb85\/#breadcrumb\",\"itemListElement\":[{\"@type\":\"ListItem\",\"position\":1,\"name\":\"Strona g\\u0142\\u00f3wna\",\"item\":\"https:\/\/hydrosprzet.pl\/\"},{\"@type\":\"ListItem\",\"position\":2,\"name\":\"Maszyny\",\"item\":\"https:\/\/hydrosprzet.pl\/maszyny\/\"},{\"@type\":\"ListItem\",\"position\":3,\"name\":\"Dressta SB-85\"}]}]}<\/script>\n<!-- \/ Yoast SEO plugin. -->","yoast_head_json":{"title":"Dressta SB-85 - Hydrosprz\u0119t - Maszyny - LiuGong Dressta Machinery","description":"Firma Hydrosprz\u0119t ma do zaoferowania uk\u0142adark\u0119 do rur Dressta SB-85. Zapewniamy pe\u0142ny zakres obs\u0142ugi serwisowej oraz dostep do cz\u0119\u015bci zamiennych.","robots":{"index":"index","follow":"follow","max-snippet":"max-snippet:-1","max-image-preview":"max-image-preview:large","max-video-preview":"max-video-preview:-1"},"canonical":"https:\/\/hydrosprzet.pl\/en\/product\/dressta-sb85\/","og_locale":"en_US","og_type":"article","og_title":"Dressta SB-85 - Hydrosprz\u0119t - Maszyny - LiuGong Dressta Machinery","og_description":"Firma Hydrosprz\u0119t ma do zaoferowania uk\u0142adark\u0119 do rur Dressta SB-85. Zapewniamy pe\u0142ny zakres obs\u0142ugi serwisowej oraz dostep do cz\u0119\u015bci zamiennych.","og_url":"https:\/\/hydrosprzet.pl\/en\/product\/dressta-sb85\/","og_site_name":"Hydrosprz\u0119t","article_modified_time":"2020-04-23T12:26:13+00:00","og_image":[{"width":600,"height":800,"url":"https:\/\/hydrosprzet.pl\/wp-content\/uploads\/2019\/07\/dressta-sb85-hydrosprzet.png","type":"image\/png"}],"twitter_card":"summary_large_image","twitter_misc":{"Est. reading time":"1 minute"},"schema":{"@context":"https:\/\/schema.org","@graph":[{"@type":"WebSite","@id":"https:\/\/hydrosprzet.pl\/#website","url":"https:\/\/hydrosprzet.pl\/","name":"Hydrosprz\u0119t","description":"Maszyny budowlane","potentialAction":[{"@type":"SearchAction","target":{"@type":"EntryPoint","urlTemplate":"https:\/\/hydrosprzet.pl\/?s={search_term_string}"},"query-input":"required name=search_term_string"}],"inLanguage":"en-US"},{"@type":"ImageObject","@id":"https:\/\/hydrosprzet.pl\/produkt\/dressta-sb85\/#primaryimage","inLanguage":"en-US","url":"https:\/\/hydrosprzet.pl\/wp-content\/uploads\/2019\/07\/dressta-sb85-hydrosprzet.png","contentUrl":"https:\/\/hydrosprzet.pl\/wp-content\/uploads\/2019\/07\/dressta-sb85-hydrosprzet.png","width":600,"height":800,"caption":"dressta-sb85-hydrosprzet"},{"@type":"WebPage","@id":"https:\/\/hydrosprzet.pl\/produkt\/dressta-sb85\/#webpage","url":"https:\/\/hydrosprzet.pl\/produkt\/dressta-sb85\/","name":"Dressta SB-85 - Hydrosprz\u0119t - Maszyny - LiuGong Dressta Machinery","isPartOf":{"@id":"https:\/\/hydrosprzet.pl\/#website"},"primaryImageOfPage":{"@id":"https:\/\/hydrosprzet.pl\/produkt\/dressta-sb85\/#primaryimage"},"datePublished":"2019-07-04T16:04:50+00:00","dateModified":"2020-04-23T12:26:13+00:00","description":"Firma Hydrosprz\u0119t ma do zaoferowania uk\u0142adark\u0119 do rur Dressta SB-85. Zapewniamy pe\u0142ny zakres obs\u0142ugi serwisowej oraz dostep do cz\u0119\u015bci zamiennych.","breadcrumb":{"@id":"https:\/\/hydrosprzet.pl\/produkt\/dressta-sb85\/#breadcrumb"},"inLanguage":"en-US","potentialAction":[{"@type":"ReadAction","target":["https:\/\/hydrosprzet.pl\/produkt\/dressta-sb85\/"]}]},{"@type":"BreadcrumbList","@id":"https:\/\/hydrosprzet.pl\/produkt\/dressta-sb85\/#breadcrumb","itemListElement":[{"@type":"ListItem","position":1,"name":"Strona g\u0142\u00f3wna","item":"https:\/\/hydrosprzet.pl\/"},{"@type":"ListItem","position":2,"name":"Maszyny","item":"https:\/\/hydrosprzet.pl\/maszyny\/"},{"@type":"ListItem","position":3,"name":"Dressta SB-85"}]}]}},"_links":{"self":[{"href":"https:\/\/hydrosprzet.pl\/en\/wp-json\/wp\/v2\/product\/3998"}],"collection":[{"href":"https:\/\/hydrosprzet.pl\/en\/wp-json\/wp\/v2\/product"}],"about":[{"href":"https:\/\/hydrosprzet.pl\/en\/wp-json\/wp\/v2\/types\/product"}],"wp:featuredmedia":[{"embeddable":true,"href":"https:\/\/hydrosprzet.pl\/en\/wp-json\/wp\/v2\/media\/5854"}],"wp:attachment":[{"href":"https:\/\/hydrosprzet.pl\/en\/wp-json\/wp\/v2\/media?parent=3998"}],"curies":[{"name":"wp","href":"https:\/\/api.w.org\/{rel}","templated":true}]}}