{"id":3995,"date":"2019-07-04T16:01:36","date_gmt":"2019-07-04T16:01:36","guid":{"rendered":"http:\/\/themes.webdevia.com\/backhoe-heavy-construction-equipment-rentals-machinery-wordpress-theme\/?post_type=product&#038;p=3995"},"modified":"2026-02-20T08:21:05","modified_gmt":"2026-02-20T07:21:05","slug":"dressta-td15","status":"publish","type":"product","link":"https:\/\/hydrosprzet.pl\/en\/product\/dressta-td15\/","title":{"rendered":"Dressta TD-15"},"content":{"rendered":"<p>\u015aredniej wielko\u015bci spycharki marki DRESSTA TD-15 s\u0105 nap\u0119dzane silnikami wysokopr\u0119\u017cnymi firmy Cummins z wysokoci\u015bnieniowym uk\u0142adem zasilania typu \u030bcommon rail \u030b zapewniaj\u0105cym uzyskanie najwy\u017cszych wydajno\u015bci pracy maszyny. Dzi\u0119ki temu sprawdzonemu w praktyce uk\u0142adowi, silnik jest zasilany precyzyjnie odmierzonymi dawkami paliwa pod wysokim ci\u015bnieniem,co skutkuje oszcz\u0119dno\u015bci\u0105 zu\u017cycia paliwa przy zachowaniu wysokiej sprawno\u015bci termodynamicznej silnika i spe\u0142nieniu norm emisji spalin. Masywna jednocz\u0119\u015bciowa rama g\u0142\u00f3wna spycharek marki DRESSTA zapewnia maksymaln\u0105 trwa\u0142o\u015b\u0107 maszyny w najbardziej ekstremalnych warunkach pracy. \u015aredniej wielko\u015bci spycharka g\u0105sienicowa Dressta TD-15 dost\u0119pna jest w kilku wersjach pocz\u0105wszy od wersji o mocy 190 KM i masie eksploatacyjnej 21,3t. Nasze pot\u0119\u017cne spycharki \u0142\u0105cz\u0105 w sobie brutaln\u0105 si\u0142\u0119 z precyzj\u0105 kontroli i s\u0105 konstruowane z my\u015bl\u0105 o zapewnieniu optymalnej wydajno\u015bci przy budowie dr\u00f3g, oczyszczaniu terenu oraz w budownictwie.<\/p>\n<p><strong>DANE TECHNICZNE : TD-15M Extra | TD-15R Extra<br \/>\n<\/strong><\/p>\n<p>*Silnik : Cummins QSC 8.3 | Cummins QSB6.7<\/p>\n<p>*Norma poziomu emisji spalin : EPA Tier 3\/EU Stage IIIA | EPA Tier 4f\/EU Stage IV<\/p>\n<p>*Moc netto : 153 kW (208 Hp) | 168 kW (228 Hp)<\/p>\n<p>*Zakres masy netto : <span class=\"units-metric\">20.6 t &#8211; 21.6 t <\/span><\/p>\n<p>*Zakres pojemno\u015bci lemiesza : <span class=\"units-metric\">3.8 &#8211; 5.7 m<sup>3<\/sup><\/span><\/p>\n<p>&nbsp;<\/p>\n<p><em><strong>BROSZURA : <a href=\"https:\/\/hydrosprzet.pl\/wp-content\/uploads\/2019\/07\/TD-14-15-20-Brochure-in-Polski.pdf\">TD-14-15-20-Brochure-in-Polski<\/a><\/strong><\/em><\/p>\n<p>&nbsp;<\/p>\n<table id=\"MachineSpecs\" class=\"table table-condensed table-striped\" style=\"height: 39px;\" width=\"544\">\n<tbody>\n<tr>\n<th><\/th>\n<td><\/td>\n<\/tr>\n<\/tbody>\n<\/table>","protected":false},"excerpt":{"rendered":"<p>Spycharki TD-14, TD-15 i TD-20 wyznaczaj\u0105 standard wydajno\u015bci i niezawodno\u015bci w bran\u017cy maszyn budowlanych, co jest wynikiem wykorzystania w praktyce d\u0142ugoletnich do\u015bwiadcze\u0144 pracy maszyn na ca\u0142ym \u015bwiecie. Kluczowe rozwi\u0105zania konstrukcyjne obejmuj\u0105 optymalizacj\u0119 rozk\u0142adu masy, jednocz\u0119\u015bciow\u0105 ram\u0119 g\u0142\u00f3wn\u0105 i 3-punktowe zawieszenie podwozia. TD-15 jest zupe\u0142nie nowa\u0328 maszyna\u0328, kt\u00f3ra powsta\u0142a z mys\u0301la\u0328 o maksymalnej wszechstronnos\u0301ci dzie\u0328ki najobszerniejszej ofercie dost\u0119pnych podwozi oraz lemieszy. Nowy, zaawansowany uk\u0142ad sterowania, reaguja\u0328cy na obcia\u0328z\u0307enie, umoz\u0307liwia jeszcze bardziej precyzyjna\u0328 kontrole\u0328 lemiesza i zrywaka oraz pozwala zmniejszyc\u0301 zuz\u0307ycie paliwa nawet o 10%.<\/p>\n<p><em>Zdj\u0119cia oraz opisy w og\u0142oszeniu maj\u0105 charakter pogl\u0105dowy. Prezentowana oferta nie stanowi oferty handlowej w rozumieniu Kodeksu Cywilnego, a jedynie zaproszenie do z\u0142o\u017cenia zapytania. Cena, dost\u0119pno\u015b\u0107 oraz czas realizacji mog\u0105 ulec zmianie \u2013 ka\u017cdorazowo potwierdzane s\u0105 przed realizacj\u0105 zam\u00f3wienia.<\/em><\/p>","protected":false},"featured_media":5829,"template":"","meta":[],"yoast_head":"<!-- This site is optimized with the Yoast SEO plugin v17.3 - https:\/\/yoast.com\/wordpress\/plugins\/seo\/ -->\n<title>Dressta TD-15 - Hydrosprz\u0119t - Maszyny - LiuGong Dressta Machinery<\/title>\n<meta name=\"description\" content=\"Firma Hydrosprz\u0119t ma do zaoferowania spychark\u0119 g\u0105sienicow\u0105 Dressta TD-15. Zapewniamy pe\u0142ny zakres obs\u0142ugi serwisowej oraz dostep do cz\u0119\u015bci zamiennych.\" \/>\n<meta name=\"robots\" content=\"index, follow, max-snippet:-1, max-image-preview:large, max-video-preview:-1\" \/>\n<link rel=\"canonical\" href=\"https:\/\/hydrosprzet.pl\/en\/product\/dressta-td15\/\" \/>\n<meta property=\"og:locale\" content=\"en_US\" \/>\n<meta property=\"og:type\" content=\"article\" \/>\n<meta property=\"og:title\" content=\"Dressta TD-15 - Hydrosprz\u0119t - Maszyny - LiuGong Dressta Machinery\" \/>\n<meta property=\"og:description\" content=\"Firma Hydrosprz\u0119t ma do zaoferowania spychark\u0119 g\u0105sienicow\u0105 Dressta TD-15. Zapewniamy pe\u0142ny zakres obs\u0142ugi serwisowej oraz dostep do cz\u0119\u015bci zamiennych.\" \/>\n<meta property=\"og:url\" content=\"https:\/\/hydrosprzet.pl\/en\/product\/dressta-td15\/\" \/>\n<meta property=\"og:site_name\" content=\"Hydrosprz\u0119t\" \/>\n<meta property=\"article:modified_time\" content=\"2026-02-20T07:21:05+00:00\" \/>\n<meta property=\"og:image\" content=\"https:\/\/hydrosprzet.pl\/wp-content\/uploads\/2019\/07\/spycharka-dressta.png\" \/>\n\t<meta property=\"og:image:width\" content=\"620\" \/>\n\t<meta property=\"og:image:height\" content=\"402\" \/>\n<meta name=\"twitter:card\" content=\"summary_large_image\" \/>\n<meta name=\"twitter:label1\" content=\"Est. reading time\" \/>\n\t<meta name=\"twitter:data1\" content=\"1 minute\" \/>\n<script type=\"application\/ld+json\" class=\"yoast-schema-graph\">{\"@context\":\"https:\/\/schema.org\",\"@graph\":[{\"@type\":\"WebSite\",\"@id\":\"https:\/\/hydrosprzet.pl\/#website\",\"url\":\"https:\/\/hydrosprzet.pl\/\",\"name\":\"Hydrosprz\\u0119t\",\"description\":\"Maszyny budowlane\",\"potentialAction\":[{\"@type\":\"SearchAction\",\"target\":{\"@type\":\"EntryPoint\",\"urlTemplate\":\"https:\/\/hydrosprzet.pl\/?s={search_term_string}\"},\"query-input\":\"required name=search_term_string\"}],\"inLanguage\":\"en-US\"},{\"@type\":\"ImageObject\",\"@id\":\"https:\/\/hydrosprzet.pl\/produkt\/dressta-td15\/#primaryimage\",\"inLanguage\":\"en-US\",\"url\":\"https:\/\/hydrosprzet.pl\/wp-content\/uploads\/2019\/07\/spycharka-dressta.png\",\"contentUrl\":\"https:\/\/hydrosprzet.pl\/wp-content\/uploads\/2019\/07\/spycharka-dressta.png\",\"width\":620,\"height\":402,\"caption\":\"dressta-td-15r extra\"},{\"@type\":\"WebPage\",\"@id\":\"https:\/\/hydrosprzet.pl\/produkt\/dressta-td15\/#webpage\",\"url\":\"https:\/\/hydrosprzet.pl\/produkt\/dressta-td15\/\",\"name\":\"Dressta TD-15 - Hydrosprz\\u0119t - Maszyny - LiuGong Dressta Machinery\",\"isPartOf\":{\"@id\":\"https:\/\/hydrosprzet.pl\/#website\"},\"primaryImageOfPage\":{\"@id\":\"https:\/\/hydrosprzet.pl\/produkt\/dressta-td15\/#primaryimage\"},\"datePublished\":\"2019-07-04T16:01:36+00:00\",\"dateModified\":\"2026-02-20T07:21:05+00:00\",\"description\":\"Firma Hydrosprz\\u0119t ma do zaoferowania spychark\\u0119 g\\u0105sienicow\\u0105 Dressta TD-15. Zapewniamy pe\\u0142ny zakres obs\\u0142ugi serwisowej oraz dostep do cz\\u0119\\u015bci zamiennych.\",\"breadcrumb\":{\"@id\":\"https:\/\/hydrosprzet.pl\/produkt\/dressta-td15\/#breadcrumb\"},\"inLanguage\":\"en-US\",\"potentialAction\":[{\"@type\":\"ReadAction\",\"target\":[\"https:\/\/hydrosprzet.pl\/produkt\/dressta-td15\/\"]}]},{\"@type\":\"BreadcrumbList\",\"@id\":\"https:\/\/hydrosprzet.pl\/produkt\/dressta-td15\/#breadcrumb\",\"itemListElement\":[{\"@type\":\"ListItem\",\"position\":1,\"name\":\"Strona g\\u0142\\u00f3wna\",\"item\":\"https:\/\/hydrosprzet.pl\/\"},{\"@type\":\"ListItem\",\"position\":2,\"name\":\"Maszyny\",\"item\":\"https:\/\/hydrosprzet.pl\/maszyny\/\"},{\"@type\":\"ListItem\",\"position\":3,\"name\":\"Dressta TD-15\"}]}]}<\/script>\n<!-- \/ Yoast SEO plugin. -->","yoast_head_json":{"title":"Dressta TD-15 - Hydrosprz\u0119t - Maszyny - LiuGong Dressta Machinery","description":"Firma Hydrosprz\u0119t ma do zaoferowania spychark\u0119 g\u0105sienicow\u0105 Dressta TD-15. Zapewniamy pe\u0142ny zakres obs\u0142ugi serwisowej oraz dostep do cz\u0119\u015bci zamiennych.","robots":{"index":"index","follow":"follow","max-snippet":"max-snippet:-1","max-image-preview":"max-image-preview:large","max-video-preview":"max-video-preview:-1"},"canonical":"https:\/\/hydrosprzet.pl\/en\/product\/dressta-td15\/","og_locale":"en_US","og_type":"article","og_title":"Dressta TD-15 - Hydrosprz\u0119t - Maszyny - LiuGong Dressta Machinery","og_description":"Firma Hydrosprz\u0119t ma do zaoferowania spychark\u0119 g\u0105sienicow\u0105 Dressta TD-15. Zapewniamy pe\u0142ny zakres obs\u0142ugi serwisowej oraz dostep do cz\u0119\u015bci zamiennych.","og_url":"https:\/\/hydrosprzet.pl\/en\/product\/dressta-td15\/","og_site_name":"Hydrosprz\u0119t","article_modified_time":"2026-02-20T07:21:05+00:00","og_image":[{"width":620,"height":402,"url":"https:\/\/hydrosprzet.pl\/wp-content\/uploads\/2019\/07\/spycharka-dressta.png","type":"image\/png"}],"twitter_card":"summary_large_image","twitter_misc":{"Est. reading time":"1 minute"},"schema":{"@context":"https:\/\/schema.org","@graph":[{"@type":"WebSite","@id":"https:\/\/hydrosprzet.pl\/#website","url":"https:\/\/hydrosprzet.pl\/","name":"Hydrosprz\u0119t","description":"Maszyny budowlane","potentialAction":[{"@type":"SearchAction","target":{"@type":"EntryPoint","urlTemplate":"https:\/\/hydrosprzet.pl\/?s={search_term_string}"},"query-input":"required name=search_term_string"}],"inLanguage":"en-US"},{"@type":"ImageObject","@id":"https:\/\/hydrosprzet.pl\/produkt\/dressta-td15\/#primaryimage","inLanguage":"en-US","url":"https:\/\/hydrosprzet.pl\/wp-content\/uploads\/2019\/07\/spycharka-dressta.png","contentUrl":"https:\/\/hydrosprzet.pl\/wp-content\/uploads\/2019\/07\/spycharka-dressta.png","width":620,"height":402,"caption":"dressta-td-15r extra"},{"@type":"WebPage","@id":"https:\/\/hydrosprzet.pl\/produkt\/dressta-td15\/#webpage","url":"https:\/\/hydrosprzet.pl\/produkt\/dressta-td15\/","name":"Dressta TD-15 - Hydrosprz\u0119t - Maszyny - LiuGong Dressta Machinery","isPartOf":{"@id":"https:\/\/hydrosprzet.pl\/#website"},"primaryImageOfPage":{"@id":"https:\/\/hydrosprzet.pl\/produkt\/dressta-td15\/#primaryimage"},"datePublished":"2019-07-04T16:01:36+00:00","dateModified":"2026-02-20T07:21:05+00:00","description":"Firma Hydrosprz\u0119t ma do zaoferowania spychark\u0119 g\u0105sienicow\u0105 Dressta TD-15. Zapewniamy pe\u0142ny zakres obs\u0142ugi serwisowej oraz dostep do cz\u0119\u015bci zamiennych.","breadcrumb":{"@id":"https:\/\/hydrosprzet.pl\/produkt\/dressta-td15\/#breadcrumb"},"inLanguage":"en-US","potentialAction":[{"@type":"ReadAction","target":["https:\/\/hydrosprzet.pl\/produkt\/dressta-td15\/"]}]},{"@type":"BreadcrumbList","@id":"https:\/\/hydrosprzet.pl\/produkt\/dressta-td15\/#breadcrumb","itemListElement":[{"@type":"ListItem","position":1,"name":"Strona g\u0142\u00f3wna","item":"https:\/\/hydrosprzet.pl\/"},{"@type":"ListItem","position":2,"name":"Maszyny","item":"https:\/\/hydrosprzet.pl\/maszyny\/"},{"@type":"ListItem","position":3,"name":"Dressta TD-15"}]}]}},"_links":{"self":[{"href":"https:\/\/hydrosprzet.pl\/en\/wp-json\/wp\/v2\/product\/3995"}],"collection":[{"href":"https:\/\/hydrosprzet.pl\/en\/wp-json\/wp\/v2\/product"}],"about":[{"href":"https:\/\/hydrosprzet.pl\/en\/wp-json\/wp\/v2\/types\/product"}],"wp:featuredmedia":[{"embeddable":true,"href":"https:\/\/hydrosprzet.pl\/en\/wp-json\/wp\/v2\/media\/5829"}],"wp:attachment":[{"href":"https:\/\/hydrosprzet.pl\/en\/wp-json\/wp\/v2\/media?parent=3995"}],"curies":[{"name":"wp","href":"https:\/\/api.w.org\/{rel}","templated":true}]}}