{"id":3989,"date":"2019-07-04T14:55:06","date_gmt":"2019-07-04T14:55:06","guid":{"rendered":"http:\/\/themes.webdevia.com\/backhoe-heavy-construction-equipment-rentals-machinery-wordpress-theme\/?post_type=product&#038;p=3989"},"modified":"2020-04-23T15:00:52","modified_gmt":"2020-04-23T13:00:52","slug":"liugong-925e","status":"publish","type":"product","link":"https:\/\/hydrosprzet.pl\/en\/product\/liugong-925e\/","title":{"rendered":"LiuGong CLG925E"},"content":{"rendered":"<p>Model LiuGong 925E jest zaprojektowany tak, aby umo\u017cliwi\u0107 wykonanie jak najwi\u0119cej pracy w kr\u00f3tkim czasie. Dzi\u0119ki mocniejszemu wysi\u0119gnikowi i wi\u0119kszej sile odspajania i podnoszenia \u0142y\u017cki, a tak\u017ce wi\u0119kszemu przep\u0142ywowi hydraulicznemu, wi\u0119kszej pr\u0119dko\u015bci obrotu i poprawionym czasom realizacji cyklu, koparka z \u0142atwo\u015bci\u0105 podo\u0142a ka\u017cdemu zadaniu w ka\u017cdym terenie. Silnik Cummins QSB6.7 zapewnia moc netto 173 KM (129 kW) i moment obrotowy 809 Nm. Dzi\u0119ki ujarzmieniu tej mocy w sze\u015bciu trybach pracy modelu LiuGong 925E, LiuGong umo\u017cliwia wydajn\u0105 prac\u0119 nawet najbardziej niedo\u015bwiadczonym operatorom. Wyb\u00f3r trybu odpowiadaj\u0105cego danemu zadaniu mo\u017ce owocowa\u0107 skr\u00f3ceniem czasu jego realizacji. Mocna i niezawodna konstrukcja modelu 925E zapewnia zwi\u0119kszon\u0105 wytrzyma\u0142o\u015b\u0107, mniejsze zu\u017cycie paliwa i lepsze przenoszenie mocy na pod\u0142o\u017ce.<\/p>\n<p><strong>DANE TECHNICZNE:<\/strong><\/p>\n<p>*Silnik 6,7-litrowy, 6-cylindrowy, rz\u0119dowy, turbodo\u0142adowany silnik wysokopr\u0119\u017cny<\/p>\n<p>*Norma poziomu emisji spalin : EPA Tier 4 \/ EU Stage IV<\/p>\n<p>*Marka silnika : Cummins QSB 6.7<\/p>\n<p>*Moc netto : 190 KM (142 kW) @ 1,500 obr\/min<\/p>\n<p>*Masa netto : 25 000 \u2013 28 200 KG<\/p>\n<p>*Pojemno\u015b\u0107 \u0142y\u017cki : 0,5-1,4 m\u00b3<\/p>\n<p>&nbsp;<\/p>\n<p><em><strong>BROSZURA :<\/strong><\/em> <a href=\"https:\/\/hydrosprzet.pl\/wp-content\/uploads\/2019\/07\/LiuGong-925E_PL.pdf\">LiuGong 925E_PL<\/a><\/p>","protected":false},"excerpt":{"rendered":"<p>Koparki LiuGong serii E to doskona\u0142e po\u0142\u0105czenie wydajno\u015bci, wszechstronno\u015bci i precyzyjnego sterowania. Zasilany najnowszej generacji niskoemisyjnym silnikiem Cummins QSB6.7 model 925E zapewnia zwi\u0119kszon\u0105 moc, kr\u00f3tsze czasy cykli i wi\u0119ksz\u0105 si\u0142\u0119 odspajania. Zastosowanie grubych element\u00f3w ze stali o wysokiej odporno\u015bci na rozci\u0105ganie, przegr\u00f3d wewn\u0119trznych i p\u0142yt odpuszczanych zapewnia wytrzyma\u0142o\u015b\u0107 i niezawodno\u015b\u0107 konstrukcji koparek LiuGong serii E.<\/p>","protected":false},"featured_media":5821,"template":"","meta":[],"yoast_head":"<!-- This site is optimized with the Yoast SEO plugin v17.3 - https:\/\/yoast.com\/wordpress\/plugins\/seo\/ -->\n<title>LiuGong CLG925E - Hydrosprz\u0119t - Maszyny - LiuGong Dressta Machinery<\/title>\n<meta name=\"description\" content=\"Firma Hydrosprz\u0119t ma do zaoferowania kopark\u0119 g\u0105sienicow\u0105 LiuGong 925E. Zapewniamy pe\u0142ny zakres obs\u0142ugi serwisowej oraz dostep do cz\u0119\u015bci zamiennych.\" \/>\n<meta name=\"robots\" content=\"index, follow, max-snippet:-1, max-image-preview:large, max-video-preview:-1\" \/>\n<link rel=\"canonical\" href=\"https:\/\/hydrosprzet.pl\/en\/product\/liugong-925e\/\" \/>\n<meta property=\"og:locale\" content=\"en_US\" \/>\n<meta property=\"og:type\" content=\"article\" \/>\n<meta property=\"og:title\" content=\"LiuGong CLG925E - Hydrosprz\u0119t - Maszyny - LiuGong Dressta Machinery\" \/>\n<meta property=\"og:description\" content=\"Firma Hydrosprz\u0119t ma do zaoferowania kopark\u0119 g\u0105sienicow\u0105 LiuGong 925E. Zapewniamy pe\u0142ny zakres obs\u0142ugi serwisowej oraz dostep do cz\u0119\u015bci zamiennych.\" \/>\n<meta property=\"og:url\" content=\"https:\/\/hydrosprzet.pl\/en\/product\/liugong-925e\/\" \/>\n<meta property=\"og:site_name\" content=\"Hydrosprz\u0119t\" \/>\n<meta property=\"article:modified_time\" content=\"2020-04-23T13:00:52+00:00\" \/>\n<meta property=\"og:image\" content=\"https:\/\/hydrosprzet.pl\/wp-content\/uploads\/2019\/07\/koparka-gasienicowa-liugong-925e-hydrosprzet.png\" \/>\n\t<meta property=\"og:image:width\" content=\"1100\" \/>\n\t<meta property=\"og:image:height\" content=\"733\" \/>\n<meta name=\"twitter:card\" content=\"summary_large_image\" \/>\n<meta name=\"twitter:label1\" content=\"Est. reading time\" \/>\n\t<meta name=\"twitter:data1\" content=\"1 minute\" \/>\n<script type=\"application\/ld+json\" class=\"yoast-schema-graph\">{\"@context\":\"https:\/\/schema.org\",\"@graph\":[{\"@type\":\"WebSite\",\"@id\":\"https:\/\/hydrosprzet.pl\/#website\",\"url\":\"https:\/\/hydrosprzet.pl\/\",\"name\":\"Hydrosprz\\u0119t\",\"description\":\"Maszyny budowlane\",\"potentialAction\":[{\"@type\":\"SearchAction\",\"target\":{\"@type\":\"EntryPoint\",\"urlTemplate\":\"https:\/\/hydrosprzet.pl\/?s={search_term_string}\"},\"query-input\":\"required name=search_term_string\"}],\"inLanguage\":\"en-US\"},{\"@type\":\"ImageObject\",\"@id\":\"https:\/\/hydrosprzet.pl\/produkt\/liugong-925e\/#primaryimage\",\"inLanguage\":\"en-US\",\"url\":\"https:\/\/hydrosprzet.pl\/wp-content\/uploads\/2019\/07\/koparka-gasienicowa-liugong-925e-hydrosprzet.png\",\"contentUrl\":\"https:\/\/hydrosprzet.pl\/wp-content\/uploads\/2019\/07\/koparka-gasienicowa-liugong-925e-hydrosprzet.png\",\"width\":1100,\"height\":733},{\"@type\":\"WebPage\",\"@id\":\"https:\/\/hydrosprzet.pl\/produkt\/liugong-925e\/#webpage\",\"url\":\"https:\/\/hydrosprzet.pl\/produkt\/liugong-925e\/\",\"name\":\"LiuGong CLG925E - Hydrosprz\\u0119t - Maszyny - LiuGong Dressta Machinery\",\"isPartOf\":{\"@id\":\"https:\/\/hydrosprzet.pl\/#website\"},\"primaryImageOfPage\":{\"@id\":\"https:\/\/hydrosprzet.pl\/produkt\/liugong-925e\/#primaryimage\"},\"datePublished\":\"2019-07-04T14:55:06+00:00\",\"dateModified\":\"2020-04-23T13:00:52+00:00\",\"description\":\"Firma Hydrosprz\\u0119t ma do zaoferowania kopark\\u0119 g\\u0105sienicow\\u0105 LiuGong 925E. Zapewniamy pe\\u0142ny zakres obs\\u0142ugi serwisowej oraz dostep do cz\\u0119\\u015bci zamiennych.\",\"breadcrumb\":{\"@id\":\"https:\/\/hydrosprzet.pl\/produkt\/liugong-925e\/#breadcrumb\"},\"inLanguage\":\"en-US\",\"potentialAction\":[{\"@type\":\"ReadAction\",\"target\":[\"https:\/\/hydrosprzet.pl\/produkt\/liugong-925e\/\"]}]},{\"@type\":\"BreadcrumbList\",\"@id\":\"https:\/\/hydrosprzet.pl\/produkt\/liugong-925e\/#breadcrumb\",\"itemListElement\":[{\"@type\":\"ListItem\",\"position\":1,\"name\":\"Strona g\\u0142\\u00f3wna\",\"item\":\"https:\/\/hydrosprzet.pl\/\"},{\"@type\":\"ListItem\",\"position\":2,\"name\":\"Maszyny\",\"item\":\"https:\/\/hydrosprzet.pl\/maszyny\/\"},{\"@type\":\"ListItem\",\"position\":3,\"name\":\"LiuGong CLG925E\"}]}]}<\/script>\n<!-- \/ Yoast SEO plugin. -->","yoast_head_json":{"title":"LiuGong CLG925E - Hydrosprz\u0119t - Maszyny - LiuGong Dressta Machinery","description":"Firma Hydrosprz\u0119t ma do zaoferowania kopark\u0119 g\u0105sienicow\u0105 LiuGong 925E. Zapewniamy pe\u0142ny zakres obs\u0142ugi serwisowej oraz dostep do cz\u0119\u015bci zamiennych.","robots":{"index":"index","follow":"follow","max-snippet":"max-snippet:-1","max-image-preview":"max-image-preview:large","max-video-preview":"max-video-preview:-1"},"canonical":"https:\/\/hydrosprzet.pl\/en\/product\/liugong-925e\/","og_locale":"en_US","og_type":"article","og_title":"LiuGong CLG925E - Hydrosprz\u0119t - Maszyny - LiuGong Dressta Machinery","og_description":"Firma Hydrosprz\u0119t ma do zaoferowania kopark\u0119 g\u0105sienicow\u0105 LiuGong 925E. Zapewniamy pe\u0142ny zakres obs\u0142ugi serwisowej oraz dostep do cz\u0119\u015bci zamiennych.","og_url":"https:\/\/hydrosprzet.pl\/en\/product\/liugong-925e\/","og_site_name":"Hydrosprz\u0119t","article_modified_time":"2020-04-23T13:00:52+00:00","og_image":[{"width":1100,"height":733,"url":"https:\/\/hydrosprzet.pl\/wp-content\/uploads\/2019\/07\/koparka-gasienicowa-liugong-925e-hydrosprzet.png","type":"image\/png"}],"twitter_card":"summary_large_image","twitter_misc":{"Est. reading time":"1 minute"},"schema":{"@context":"https:\/\/schema.org","@graph":[{"@type":"WebSite","@id":"https:\/\/hydrosprzet.pl\/#website","url":"https:\/\/hydrosprzet.pl\/","name":"Hydrosprz\u0119t","description":"Maszyny budowlane","potentialAction":[{"@type":"SearchAction","target":{"@type":"EntryPoint","urlTemplate":"https:\/\/hydrosprzet.pl\/?s={search_term_string}"},"query-input":"required name=search_term_string"}],"inLanguage":"en-US"},{"@type":"ImageObject","@id":"https:\/\/hydrosprzet.pl\/produkt\/liugong-925e\/#primaryimage","inLanguage":"en-US","url":"https:\/\/hydrosprzet.pl\/wp-content\/uploads\/2019\/07\/koparka-gasienicowa-liugong-925e-hydrosprzet.png","contentUrl":"https:\/\/hydrosprzet.pl\/wp-content\/uploads\/2019\/07\/koparka-gasienicowa-liugong-925e-hydrosprzet.png","width":1100,"height":733},{"@type":"WebPage","@id":"https:\/\/hydrosprzet.pl\/produkt\/liugong-925e\/#webpage","url":"https:\/\/hydrosprzet.pl\/produkt\/liugong-925e\/","name":"LiuGong CLG925E - Hydrosprz\u0119t - Maszyny - LiuGong Dressta Machinery","isPartOf":{"@id":"https:\/\/hydrosprzet.pl\/#website"},"primaryImageOfPage":{"@id":"https:\/\/hydrosprzet.pl\/produkt\/liugong-925e\/#primaryimage"},"datePublished":"2019-07-04T14:55:06+00:00","dateModified":"2020-04-23T13:00:52+00:00","description":"Firma Hydrosprz\u0119t ma do zaoferowania kopark\u0119 g\u0105sienicow\u0105 LiuGong 925E. Zapewniamy pe\u0142ny zakres obs\u0142ugi serwisowej oraz dostep do cz\u0119\u015bci zamiennych.","breadcrumb":{"@id":"https:\/\/hydrosprzet.pl\/produkt\/liugong-925e\/#breadcrumb"},"inLanguage":"en-US","potentialAction":[{"@type":"ReadAction","target":["https:\/\/hydrosprzet.pl\/produkt\/liugong-925e\/"]}]},{"@type":"BreadcrumbList","@id":"https:\/\/hydrosprzet.pl\/produkt\/liugong-925e\/#breadcrumb","itemListElement":[{"@type":"ListItem","position":1,"name":"Strona g\u0142\u00f3wna","item":"https:\/\/hydrosprzet.pl\/"},{"@type":"ListItem","position":2,"name":"Maszyny","item":"https:\/\/hydrosprzet.pl\/maszyny\/"},{"@type":"ListItem","position":3,"name":"LiuGong CLG925E"}]}]}},"_links":{"self":[{"href":"https:\/\/hydrosprzet.pl\/en\/wp-json\/wp\/v2\/product\/3989"}],"collection":[{"href":"https:\/\/hydrosprzet.pl\/en\/wp-json\/wp\/v2\/product"}],"about":[{"href":"https:\/\/hydrosprzet.pl\/en\/wp-json\/wp\/v2\/types\/product"}],"wp:featuredmedia":[{"embeddable":true,"href":"https:\/\/hydrosprzet.pl\/en\/wp-json\/wp\/v2\/media\/5821"}],"wp:attachment":[{"href":"https:\/\/hydrosprzet.pl\/en\/wp-json\/wp\/v2\/media?parent=3989"}],"curies":[{"name":"wp","href":"https:\/\/api.w.org\/{rel}","templated":true}]}}