{"id":3689,"date":"2019-06-28T19:50:06","date_gmt":"2019-06-28T19:50:06","guid":{"rendered":"http:\/\/themes.webdevia.com\/backhoe-heavy-construction-equipment-rentals-machinery-wordpress-theme\/?post_type=product&#038;p=3689"},"modified":"2020-04-23T15:33:20","modified_gmt":"2020-04-23T13:33:20","slug":"liugong-936e","status":"publish","type":"product","link":"https:\/\/hydrosprzet.pl\/en\/product\/liugong-936e\/","title":{"rendered":"LiuGong CLG936E"},"content":{"rendered":"<p>Dzi\u0119ki ramie w kszta\u0142cie litery X, wykonanej z wysoce wytrzyma\u0142ej stali, podwozie koparki LiuGong 936E doskonale radzi sobie nawet w najtrudniejszych warunkach. Kopanie, podnoszenie i \u0142adowanie w trybie ci\u0105g\u0142ym mo\u017ce wi\u0105za\u0107 si\u0119 z nadmiernym obci\u0105\u017ceniem maszyny. Model 936E wyposa\u017cono w d\u0142ug\u0105 os\u0142on\u0119 i system g\u0105sienic zapewniaj\u0105cy wi\u0119ksz\u0105 stabilno\u015b\u0107. Konstrukcja zapewnia te\u017c wi\u0119ksz\u0105 ochron\u0119 g\u0142\u00f3wnych komponent\u00f3w \u2014 np. nap\u0119du jazdy \u2014 przed niepotrzebnym obci\u0105\u017ceniem. Trwa\u0142o\u015b\u0107 element\u00f3w podwozia r\u00f3wnie\u017c jest wi\u0119ksza. Wyj\u0105tkowo wytrzyma\u0142e rolki, wzmocniona rama rolek podtrzymuj\u0105cych i opcjonalna os\u0142ona g\u0105sienic na pe\u0142nej d\u0142ugo\u015bci gwarantuj\u0105 integralno\u015b\u0107 naszego podwozia. Tak wytrzyma\u0142a konstrukcja umo\u017cliwia naszym klientom prac\u0119 i generowanie zysk\u00f3w w\u0142a\u015bciwie bez przerwy. Model 936E wyposa\u017cono w bardziej wytrzyma\u0142y wysi\u0119gnik i rami\u0119 przeznaczone do ci\u0119\u017ckich prac, wykonane z wysoce wytrzyma\u0142ej stali, z odlewami i okuciami w miejscach nara\u017conych na du\u017ce obci\u0105\u017cenia w celu zapewnienia dodatkowej wytrzyma\u0142o\u015bci i wyd\u0142u\u017cenia czasu pracy.<\/p>\n<p><strong>DANE TECHNICZNE:<\/strong><\/p>\n<p>*Silnik 6-cylindrowy, rz\u0119dowy\u00a0z\u00a0turbospr\u0119\u017cark\u0105 o zmiennej geometrii (VGT) z\u00a0wysokoci\u015bnieniowymi uk\u0142adami paliwowymi typu Common Rail<\/p>\n<p>*Norma poziomu emisji spalin : EPA Tier 4 final \/ EU Stage IV<\/p>\n<p>*Marka silnika : Cummins QSL 9<\/p>\n<p>*Moc netto : 280 KM (209 kW) @ 1,400 obr\/min<\/p>\n<p>*Masa netto : 36 200 KG<\/p>\n<p>*Pojemno\u015b\u0107 \u0142y\u017cki : 1,6-1,9 m\u00b3<\/p>\n<p>&nbsp;<\/p>\n<p><em><strong>BROSZURA :<\/strong><\/em> <a href=\"https:\/\/hydrosprzet.pl\/wp-content\/uploads\/2019\/06\/LiuGong-936E.pdf\">LiuGong &#8211; 936E<\/a><\/p>","protected":false},"excerpt":{"rendered":"<p>Model 936E to nasza odpowied\u017a na zapotrzebowanie klient\u00f3w &#8211; maszyna, kt\u00f3ra oferuje wszystko, co niezb\u0119dne, bez zb\u0119dnych dodatk\u00f3w. Nasza koparka poradzi sobie z ka\u017cdym zadaniem w ka\u017cdym miejscu. Dodatkowo wsparcie serwisowe Hydrosprz\u0119t sprawia, \u017ce ta maszyna przypadnie do gustu zar\u00f3wno operatorom, jak i ksi\u0119gowemu. Suma wszystkich zalet modelu 936E to gotowa recepta na sukces. Kabina koparki 936E to namacalny dow\u00f3d, \u017ce jej projektant wiedzia\u0142, jak dostosowa\u0107 maszyn\u0119 do pracy w naprawd\u0119 trudnych warunkach. Dzi\u0119ki po\u0142\u0105czeniu doskona\u0142ego projektu i\u00a0proces\u00f3w produkcji LiuGong oraz \u015bwiatowej klasy podzespo\u0142\u00f3w i\u00a0kompleksowego wsparcia technicznego nasze wysokiej jako\u015bci maszyny nie trac\u0105 na warto\u015bci.<\/p>","protected":false},"featured_media":5824,"template":"","meta":[],"yoast_head":"<!-- This site is optimized with the Yoast SEO plugin v17.3 - https:\/\/yoast.com\/wordpress\/plugins\/seo\/ -->\n<title>LiuGong CLG936E - Hydrosprz\u0119t - Maszyny - LiuGong Dressta Machinery<\/title>\n<meta name=\"description\" content=\"Firma Hydrosprz\u0119t ma do zaoferowania kopark\u0119 g\u0105sienicow\u0105 LiuGong 936E. Zapewniamy pe\u0142ny zakres obs\u0142ugi serwisowej oraz dostep do cz\u0119\u015bci zamiennych.\" \/>\n<meta name=\"robots\" content=\"index, follow, max-snippet:-1, max-image-preview:large, max-video-preview:-1\" \/>\n<link rel=\"canonical\" href=\"https:\/\/hydrosprzet.pl\/en\/product\/liugong-936e\/\" \/>\n<meta property=\"og:locale\" content=\"en_US\" \/>\n<meta property=\"og:type\" content=\"article\" \/>\n<meta property=\"og:title\" content=\"LiuGong CLG936E - Hydrosprz\u0119t - Maszyny - LiuGong Dressta Machinery\" \/>\n<meta property=\"og:description\" content=\"Firma Hydrosprz\u0119t ma do zaoferowania kopark\u0119 g\u0105sienicow\u0105 LiuGong 936E. Zapewniamy pe\u0142ny zakres obs\u0142ugi serwisowej oraz dostep do cz\u0119\u015bci zamiennych.\" \/>\n<meta property=\"og:url\" content=\"https:\/\/hydrosprzet.pl\/en\/product\/liugong-936e\/\" \/>\n<meta property=\"og:site_name\" content=\"Hydrosprz\u0119t\" \/>\n<meta property=\"article:modified_time\" content=\"2020-04-23T13:33:20+00:00\" \/>\n<meta property=\"og:image\" content=\"https:\/\/hydrosprzet.pl\/wp-content\/uploads\/2019\/06\/Liugong-936E-koparka-hydrosprzet.png\" \/>\n\t<meta property=\"og:image:width\" content=\"1100\" \/>\n\t<meta property=\"og:image:height\" content=\"733\" \/>\n<meta name=\"twitter:card\" content=\"summary_large_image\" \/>\n<meta name=\"twitter:label1\" content=\"Est. reading time\" \/>\n\t<meta name=\"twitter:data1\" content=\"1 minute\" \/>\n<script type=\"application\/ld+json\" class=\"yoast-schema-graph\">{\"@context\":\"https:\/\/schema.org\",\"@graph\":[{\"@type\":\"WebSite\",\"@id\":\"https:\/\/hydrosprzet.pl\/#website\",\"url\":\"https:\/\/hydrosprzet.pl\/\",\"name\":\"Hydrosprz\\u0119t\",\"description\":\"Maszyny budowlane\",\"potentialAction\":[{\"@type\":\"SearchAction\",\"target\":{\"@type\":\"EntryPoint\",\"urlTemplate\":\"https:\/\/hydrosprzet.pl\/?s={search_term_string}\"},\"query-input\":\"required name=search_term_string\"}],\"inLanguage\":\"en-US\"},{\"@type\":\"ImageObject\",\"@id\":\"https:\/\/hydrosprzet.pl\/produkt\/liugong-936e\/#primaryimage\",\"inLanguage\":\"en-US\",\"url\":\"https:\/\/hydrosprzet.pl\/wp-content\/uploads\/2019\/06\/Liugong-936E-koparka-hydrosprzet.png\",\"contentUrl\":\"https:\/\/hydrosprzet.pl\/wp-content\/uploads\/2019\/06\/Liugong-936E-koparka-hydrosprzet.png\",\"width\":1100,\"height\":733,\"caption\":\"Liugong-936E-koparka-hydrosprzet\"},{\"@type\":\"WebPage\",\"@id\":\"https:\/\/hydrosprzet.pl\/produkt\/liugong-936e\/#webpage\",\"url\":\"https:\/\/hydrosprzet.pl\/produkt\/liugong-936e\/\",\"name\":\"LiuGong CLG936E - Hydrosprz\\u0119t - Maszyny - LiuGong Dressta Machinery\",\"isPartOf\":{\"@id\":\"https:\/\/hydrosprzet.pl\/#website\"},\"primaryImageOfPage\":{\"@id\":\"https:\/\/hydrosprzet.pl\/produkt\/liugong-936e\/#primaryimage\"},\"datePublished\":\"2019-06-28T19:50:06+00:00\",\"dateModified\":\"2020-04-23T13:33:20+00:00\",\"description\":\"Firma Hydrosprz\\u0119t ma do zaoferowania kopark\\u0119 g\\u0105sienicow\\u0105 LiuGong 936E. Zapewniamy pe\\u0142ny zakres obs\\u0142ugi serwisowej oraz dostep do cz\\u0119\\u015bci zamiennych.\",\"breadcrumb\":{\"@id\":\"https:\/\/hydrosprzet.pl\/produkt\/liugong-936e\/#breadcrumb\"},\"inLanguage\":\"en-US\",\"potentialAction\":[{\"@type\":\"ReadAction\",\"target\":[\"https:\/\/hydrosprzet.pl\/produkt\/liugong-936e\/\"]}]},{\"@type\":\"BreadcrumbList\",\"@id\":\"https:\/\/hydrosprzet.pl\/produkt\/liugong-936e\/#breadcrumb\",\"itemListElement\":[{\"@type\":\"ListItem\",\"position\":1,\"name\":\"Strona g\\u0142\\u00f3wna\",\"item\":\"https:\/\/hydrosprzet.pl\/\"},{\"@type\":\"ListItem\",\"position\":2,\"name\":\"Maszyny\",\"item\":\"https:\/\/hydrosprzet.pl\/maszyny\/\"},{\"@type\":\"ListItem\",\"position\":3,\"name\":\"LiuGong CLG936E\"}]}]}<\/script>\n<!-- \/ Yoast SEO plugin. -->","yoast_head_json":{"title":"LiuGong CLG936E - Hydrosprz\u0119t - Maszyny - LiuGong Dressta Machinery","description":"Firma Hydrosprz\u0119t ma do zaoferowania kopark\u0119 g\u0105sienicow\u0105 LiuGong 936E. Zapewniamy pe\u0142ny zakres obs\u0142ugi serwisowej oraz dostep do cz\u0119\u015bci zamiennych.","robots":{"index":"index","follow":"follow","max-snippet":"max-snippet:-1","max-image-preview":"max-image-preview:large","max-video-preview":"max-video-preview:-1"},"canonical":"https:\/\/hydrosprzet.pl\/en\/product\/liugong-936e\/","og_locale":"en_US","og_type":"article","og_title":"LiuGong CLG936E - Hydrosprz\u0119t - Maszyny - LiuGong Dressta Machinery","og_description":"Firma Hydrosprz\u0119t ma do zaoferowania kopark\u0119 g\u0105sienicow\u0105 LiuGong 936E. Zapewniamy pe\u0142ny zakres obs\u0142ugi serwisowej oraz dostep do cz\u0119\u015bci zamiennych.","og_url":"https:\/\/hydrosprzet.pl\/en\/product\/liugong-936e\/","og_site_name":"Hydrosprz\u0119t","article_modified_time":"2020-04-23T13:33:20+00:00","og_image":[{"width":1100,"height":733,"url":"https:\/\/hydrosprzet.pl\/wp-content\/uploads\/2019\/06\/Liugong-936E-koparka-hydrosprzet.png","type":"image\/png"}],"twitter_card":"summary_large_image","twitter_misc":{"Est. reading time":"1 minute"},"schema":{"@context":"https:\/\/schema.org","@graph":[{"@type":"WebSite","@id":"https:\/\/hydrosprzet.pl\/#website","url":"https:\/\/hydrosprzet.pl\/","name":"Hydrosprz\u0119t","description":"Maszyny budowlane","potentialAction":[{"@type":"SearchAction","target":{"@type":"EntryPoint","urlTemplate":"https:\/\/hydrosprzet.pl\/?s={search_term_string}"},"query-input":"required name=search_term_string"}],"inLanguage":"en-US"},{"@type":"ImageObject","@id":"https:\/\/hydrosprzet.pl\/produkt\/liugong-936e\/#primaryimage","inLanguage":"en-US","url":"https:\/\/hydrosprzet.pl\/wp-content\/uploads\/2019\/06\/Liugong-936E-koparka-hydrosprzet.png","contentUrl":"https:\/\/hydrosprzet.pl\/wp-content\/uploads\/2019\/06\/Liugong-936E-koparka-hydrosprzet.png","width":1100,"height":733,"caption":"Liugong-936E-koparka-hydrosprzet"},{"@type":"WebPage","@id":"https:\/\/hydrosprzet.pl\/produkt\/liugong-936e\/#webpage","url":"https:\/\/hydrosprzet.pl\/produkt\/liugong-936e\/","name":"LiuGong CLG936E - Hydrosprz\u0119t - Maszyny - LiuGong Dressta Machinery","isPartOf":{"@id":"https:\/\/hydrosprzet.pl\/#website"},"primaryImageOfPage":{"@id":"https:\/\/hydrosprzet.pl\/produkt\/liugong-936e\/#primaryimage"},"datePublished":"2019-06-28T19:50:06+00:00","dateModified":"2020-04-23T13:33:20+00:00","description":"Firma Hydrosprz\u0119t ma do zaoferowania kopark\u0119 g\u0105sienicow\u0105 LiuGong 936E. Zapewniamy pe\u0142ny zakres obs\u0142ugi serwisowej oraz dostep do cz\u0119\u015bci zamiennych.","breadcrumb":{"@id":"https:\/\/hydrosprzet.pl\/produkt\/liugong-936e\/#breadcrumb"},"inLanguage":"en-US","potentialAction":[{"@type":"ReadAction","target":["https:\/\/hydrosprzet.pl\/produkt\/liugong-936e\/"]}]},{"@type":"BreadcrumbList","@id":"https:\/\/hydrosprzet.pl\/produkt\/liugong-936e\/#breadcrumb","itemListElement":[{"@type":"ListItem","position":1,"name":"Strona g\u0142\u00f3wna","item":"https:\/\/hydrosprzet.pl\/"},{"@type":"ListItem","position":2,"name":"Maszyny","item":"https:\/\/hydrosprzet.pl\/maszyny\/"},{"@type":"ListItem","position":3,"name":"LiuGong CLG936E"}]}]}},"_links":{"self":[{"href":"https:\/\/hydrosprzet.pl\/en\/wp-json\/wp\/v2\/product\/3689"}],"collection":[{"href":"https:\/\/hydrosprzet.pl\/en\/wp-json\/wp\/v2\/product"}],"about":[{"href":"https:\/\/hydrosprzet.pl\/en\/wp-json\/wp\/v2\/types\/product"}],"wp:featuredmedia":[{"embeddable":true,"href":"https:\/\/hydrosprzet.pl\/en\/wp-json\/wp\/v2\/media\/5824"}],"wp:attachment":[{"href":"https:\/\/hydrosprzet.pl\/en\/wp-json\/wp\/v2\/media?parent=3689"}],"curies":[{"name":"wp","href":"https:\/\/api.w.org\/{rel}","templated":true}]}}