{"id":10,"date":"2018-03-29T15:52:23","date_gmt":"2018-03-29T15:52:23","guid":{"rendered":"http:\/\/themes.webdevia.com\/backhoe-heavy-construction-equipment-rentals-machinery-wordpress-theme\/product\/import-placeholder-for-58\/"},"modified":"2020-04-27T11:01:34","modified_gmt":"2020-04-27T09:01:34","slug":"koparka-liugong-922e","status":"publish","type":"product","link":"https:\/\/hydrosprzet.pl\/en\/product\/koparka-liugong-922e\/","title":{"rendered":"LiuGong CLG922E"},"content":{"rendered":"<h3>LiuGong 922E<\/h3>\n<p>&nbsp;<\/p>\n<p>Zastosowanie grubych element\u00f3w ze stali o wysokiej odporno\u015bci na rozci\u0105ganie, przegr\u00f3d wewn\u0119trznych i p\u0142yt odpuszczanych zapewnia wytrzyma\u0142o\u015b\u0107 oraz niezawodno\u015b\u0107 konstrukcji koparek LiuGong serii E. Gwarantujemy jako\u015b\u0107 i niezawodno\u015b\u0107 naszych maszyn w ca\u0142ym procesie wytwarzania poprzez zastosowanie rygorystycznych test\u00f3w i kontroli ultrasonograficznych, kt\u00f3re zapewniaj\u0105 poprawno\u015b\u0107 element\u00f3w kierowanych do produkcji. Koparki LiuGong 922E zosta\u0142y zaprojektowane specjalnie pod k\u0105tem \u0142atwej obs\u0142ugi i konserwacji nawet w najbardziej odleg\u0142ych i trudnych miejscach. W LiuGong w pierwszej kolejno\u015bci dbamy o bezpiecze\u0144stwo i korzy\u015bci klienta. Koparki serii E s\u0105 wyposa\u017cone we wszystkie niezb\u0119dne funkcje bezpiecze\u0144stwa, kt\u00f3re zapewni\u0105 Ci spok\u00f3j i pozwol\u0105 skoncentrowa\u0107 si\u0119 na wykonywanych zadaniach.<\/p>\n<p><strong>DANE TECHNICZNE:<\/strong><\/p>\n<p>\u2714\ufe0fSilnik 6,7-litrowy, 6-cylindrowy, szeregowy turbodo\u0142adowany silnik wysokopr\u0119\u017cny<\/p>\n<p>\u2714\ufe0fNorma poziomu emisji spalin : EPA Tier 4F \/ EU Stage IV<\/p>\n<p>\u2714\ufe0fMarka silnika : Cummins QSB 6.7<\/p>\n<p>\u2714\ufe0fMoc netto : 173 KM (129 kW) @ 2,200 obr\/min<\/p>\n<p>\u2714\ufe0fMasa netto : 22 800 KG<\/p>\n<p>\u2714\ufe0fPojemno\u015b\u0107 \u0142y\u017cki : 0,9-1,2 m\u00b3<\/p>\n<p>&nbsp;<\/p>\n<p><em><strong>BROSZURA :<\/strong><\/em> <a href=\"https:\/\/hydrosprzet.pl\/wp-content\/uploads\/2018\/03\/Koparka-922E-Prospekt.pdf\">Koparka 922E-Prospekt<\/a><\/p>","protected":false},"excerpt":{"rendered":"<p>Koparki LiuGong serii E to doskona\u0142e po\u0142\u0105czenie wydajno\u015bci, wszechstronno\u015bci i precyzyjnego sterowania. Model 922E zasilany najnowszej generacji niskoemisyjnym silnikiem Cummins QSB6.7 zapewnia zwi\u0119kszon\u0105 moc, kr\u00f3tszy czas cykli roboczych i wi\u0119ksz\u0105 si\u0142\u0119 odspajania. Model 922E jest zaprojektowany tak, aby umo\u017cliwi\u0107 wykonanie jak najwi\u0119cej pracy w kr\u00f3tkim czasie. Dzi\u0119ki mocniejszemu wysi\u0119gnikowi i wi\u0119kszej sile odspajania oraz podnoszenia \u0142y\u017cki, a tak\u017ce wi\u0119kszemu przep\u0142ywowi hydraulicznemu, wy\u017cszej pr\u0119dko\u015bci obrotu i poprawionym czasom realizacji cyklu, koparka z \u0142atwo\u015bci\u0105 podo\u0142a ka\u017cdemu zadaniu w ka\u017cdym terenie.<\/p>","protected":false},"featured_media":5811,"template":"","meta":[],"yoast_head":"<!-- This site is optimized with the Yoast SEO plugin v17.3 - https:\/\/yoast.com\/wordpress\/plugins\/seo\/ -->\n<title>LiuGong CLG922E - Hydrosprz\u0119t - Maszyny - LiuGong Dressta Machinery<\/title>\n<meta name=\"description\" content=\"Firma Hydrosprz\u0119t ma do zaoferowania kopark\u0119 g\u0105sienicow\u0105 LiuGong 922E. Zapewniamy pe\u0142ny zakres obs\u0142ugi serwisowej oraz dostep do cz\u0119\u015bci zamiennych.\" \/>\n<meta name=\"robots\" content=\"index, follow, max-snippet:-1, max-image-preview:large, max-video-preview:-1\" \/>\n<link rel=\"canonical\" href=\"https:\/\/hydrosprzet.pl\/en\/product\/koparka-liugong-922e\/\" \/>\n<meta property=\"og:locale\" content=\"en_US\" \/>\n<meta property=\"og:type\" content=\"article\" \/>\n<meta property=\"og:title\" content=\"LiuGong CLG922E - Hydrosprz\u0119t - Maszyny - LiuGong Dressta Machinery\" \/>\n<meta property=\"og:description\" content=\"Firma Hydrosprz\u0119t ma do zaoferowania kopark\u0119 g\u0105sienicow\u0105 LiuGong 922E. Zapewniamy pe\u0142ny zakres obs\u0142ugi serwisowej oraz dostep do cz\u0119\u015bci zamiennych.\" \/>\n<meta property=\"og:url\" content=\"https:\/\/hydrosprzet.pl\/en\/product\/koparka-liugong-922e\/\" \/>\n<meta property=\"og:site_name\" content=\"Hydrosprz\u0119t\" \/>\n<meta property=\"article:modified_time\" content=\"2020-04-27T09:01:34+00:00\" \/>\n<meta property=\"og:image\" content=\"https:\/\/hydrosprzet.pl\/wp-content\/uploads\/2018\/03\/koparka-liugong-922e-hydrosprzet.png\" \/>\n\t<meta property=\"og:image:width\" content=\"1100\" \/>\n\t<meta property=\"og:image:height\" content=\"733\" \/>\n<meta name=\"twitter:card\" content=\"summary_large_image\" \/>\n<meta name=\"twitter:label1\" content=\"Est. reading time\" \/>\n\t<meta name=\"twitter:data1\" content=\"1 minute\" \/>\n<script type=\"application\/ld+json\" class=\"yoast-schema-graph\">{\"@context\":\"https:\/\/schema.org\",\"@graph\":[{\"@type\":\"WebSite\",\"@id\":\"https:\/\/hydrosprzet.pl\/#website\",\"url\":\"https:\/\/hydrosprzet.pl\/\",\"name\":\"Hydrosprz\\u0119t\",\"description\":\"Maszyny budowlane\",\"potentialAction\":[{\"@type\":\"SearchAction\",\"target\":{\"@type\":\"EntryPoint\",\"urlTemplate\":\"https:\/\/hydrosprzet.pl\/?s={search_term_string}\"},\"query-input\":\"required name=search_term_string\"}],\"inLanguage\":\"en-US\"},{\"@type\":\"ImageObject\",\"@id\":\"https:\/\/hydrosprzet.pl\/produkt\/koparka-liugong-922e\/#primaryimage\",\"inLanguage\":\"en-US\",\"url\":\"https:\/\/hydrosprzet.pl\/wp-content\/uploads\/2018\/03\/koparka-liugong-922e-hydrosprzet.png\",\"contentUrl\":\"https:\/\/hydrosprzet.pl\/wp-content\/uploads\/2018\/03\/koparka-liugong-922e-hydrosprzet.png\",\"width\":1100,\"height\":733,\"caption\":\"koparka-liugong-922e-hydrosprzet\"},{\"@type\":\"WebPage\",\"@id\":\"https:\/\/hydrosprzet.pl\/produkt\/koparka-liugong-922e\/#webpage\",\"url\":\"https:\/\/hydrosprzet.pl\/produkt\/koparka-liugong-922e\/\",\"name\":\"LiuGong CLG922E - Hydrosprz\\u0119t - Maszyny - LiuGong Dressta Machinery\",\"isPartOf\":{\"@id\":\"https:\/\/hydrosprzet.pl\/#website\"},\"primaryImageOfPage\":{\"@id\":\"https:\/\/hydrosprzet.pl\/produkt\/koparka-liugong-922e\/#primaryimage\"},\"datePublished\":\"2018-03-29T15:52:23+00:00\",\"dateModified\":\"2020-04-27T09:01:34+00:00\",\"description\":\"Firma Hydrosprz\\u0119t ma do zaoferowania kopark\\u0119 g\\u0105sienicow\\u0105 LiuGong 922E. Zapewniamy pe\\u0142ny zakres obs\\u0142ugi serwisowej oraz dostep do cz\\u0119\\u015bci zamiennych.\",\"breadcrumb\":{\"@id\":\"https:\/\/hydrosprzet.pl\/produkt\/koparka-liugong-922e\/#breadcrumb\"},\"inLanguage\":\"en-US\",\"potentialAction\":[{\"@type\":\"ReadAction\",\"target\":[\"https:\/\/hydrosprzet.pl\/produkt\/koparka-liugong-922e\/\"]}]},{\"@type\":\"BreadcrumbList\",\"@id\":\"https:\/\/hydrosprzet.pl\/produkt\/koparka-liugong-922e\/#breadcrumb\",\"itemListElement\":[{\"@type\":\"ListItem\",\"position\":1,\"name\":\"Strona g\\u0142\\u00f3wna\",\"item\":\"https:\/\/hydrosprzet.pl\/\"},{\"@type\":\"ListItem\",\"position\":2,\"name\":\"Maszyny\",\"item\":\"https:\/\/hydrosprzet.pl\/maszyny\/\"},{\"@type\":\"ListItem\",\"position\":3,\"name\":\"LiuGong CLG922E\"}]}]}<\/script>\n<!-- \/ Yoast SEO plugin. -->","yoast_head_json":{"title":"LiuGong CLG922E - Hydrosprz\u0119t - Maszyny - LiuGong Dressta Machinery","description":"Firma Hydrosprz\u0119t ma do zaoferowania kopark\u0119 g\u0105sienicow\u0105 LiuGong 922E. Zapewniamy pe\u0142ny zakres obs\u0142ugi serwisowej oraz dostep do cz\u0119\u015bci zamiennych.","robots":{"index":"index","follow":"follow","max-snippet":"max-snippet:-1","max-image-preview":"max-image-preview:large","max-video-preview":"max-video-preview:-1"},"canonical":"https:\/\/hydrosprzet.pl\/en\/product\/koparka-liugong-922e\/","og_locale":"en_US","og_type":"article","og_title":"LiuGong CLG922E - Hydrosprz\u0119t - Maszyny - LiuGong Dressta Machinery","og_description":"Firma Hydrosprz\u0119t ma do zaoferowania kopark\u0119 g\u0105sienicow\u0105 LiuGong 922E. Zapewniamy pe\u0142ny zakres obs\u0142ugi serwisowej oraz dostep do cz\u0119\u015bci zamiennych.","og_url":"https:\/\/hydrosprzet.pl\/en\/product\/koparka-liugong-922e\/","og_site_name":"Hydrosprz\u0119t","article_modified_time":"2020-04-27T09:01:34+00:00","og_image":[{"width":1100,"height":733,"url":"https:\/\/hydrosprzet.pl\/wp-content\/uploads\/2018\/03\/koparka-liugong-922e-hydrosprzet.png","type":"image\/png"}],"twitter_card":"summary_large_image","twitter_misc":{"Est. reading time":"1 minute"},"schema":{"@context":"https:\/\/schema.org","@graph":[{"@type":"WebSite","@id":"https:\/\/hydrosprzet.pl\/#website","url":"https:\/\/hydrosprzet.pl\/","name":"Hydrosprz\u0119t","description":"Maszyny budowlane","potentialAction":[{"@type":"SearchAction","target":{"@type":"EntryPoint","urlTemplate":"https:\/\/hydrosprzet.pl\/?s={search_term_string}"},"query-input":"required name=search_term_string"}],"inLanguage":"en-US"},{"@type":"ImageObject","@id":"https:\/\/hydrosprzet.pl\/produkt\/koparka-liugong-922e\/#primaryimage","inLanguage":"en-US","url":"https:\/\/hydrosprzet.pl\/wp-content\/uploads\/2018\/03\/koparka-liugong-922e-hydrosprzet.png","contentUrl":"https:\/\/hydrosprzet.pl\/wp-content\/uploads\/2018\/03\/koparka-liugong-922e-hydrosprzet.png","width":1100,"height":733,"caption":"koparka-liugong-922e-hydrosprzet"},{"@type":"WebPage","@id":"https:\/\/hydrosprzet.pl\/produkt\/koparka-liugong-922e\/#webpage","url":"https:\/\/hydrosprzet.pl\/produkt\/koparka-liugong-922e\/","name":"LiuGong CLG922E - Hydrosprz\u0119t - Maszyny - LiuGong Dressta Machinery","isPartOf":{"@id":"https:\/\/hydrosprzet.pl\/#website"},"primaryImageOfPage":{"@id":"https:\/\/hydrosprzet.pl\/produkt\/koparka-liugong-922e\/#primaryimage"},"datePublished":"2018-03-29T15:52:23+00:00","dateModified":"2020-04-27T09:01:34+00:00","description":"Firma Hydrosprz\u0119t ma do zaoferowania kopark\u0119 g\u0105sienicow\u0105 LiuGong 922E. Zapewniamy pe\u0142ny zakres obs\u0142ugi serwisowej oraz dostep do cz\u0119\u015bci zamiennych.","breadcrumb":{"@id":"https:\/\/hydrosprzet.pl\/produkt\/koparka-liugong-922e\/#breadcrumb"},"inLanguage":"en-US","potentialAction":[{"@type":"ReadAction","target":["https:\/\/hydrosprzet.pl\/produkt\/koparka-liugong-922e\/"]}]},{"@type":"BreadcrumbList","@id":"https:\/\/hydrosprzet.pl\/produkt\/koparka-liugong-922e\/#breadcrumb","itemListElement":[{"@type":"ListItem","position":1,"name":"Strona g\u0142\u00f3wna","item":"https:\/\/hydrosprzet.pl\/"},{"@type":"ListItem","position":2,"name":"Maszyny","item":"https:\/\/hydrosprzet.pl\/maszyny\/"},{"@type":"ListItem","position":3,"name":"LiuGong CLG922E"}]}]}},"_links":{"self":[{"href":"https:\/\/hydrosprzet.pl\/en\/wp-json\/wp\/v2\/product\/10"}],"collection":[{"href":"https:\/\/hydrosprzet.pl\/en\/wp-json\/wp\/v2\/product"}],"about":[{"href":"https:\/\/hydrosprzet.pl\/en\/wp-json\/wp\/v2\/types\/product"}],"wp:featuredmedia":[{"embeddable":true,"href":"https:\/\/hydrosprzet.pl\/en\/wp-json\/wp\/v2\/media\/5811"}],"wp:attachment":[{"href":"https:\/\/hydrosprzet.pl\/en\/wp-json\/wp\/v2\/media?parent=10"}],"curies":[{"name":"wp","href":"https:\/\/api.w.org\/{rel}","templated":true}]}}