{"id":7574,"date":"2024-06-13T14:08:11","date_gmt":"2024-06-13T12:08:11","guid":{"rendered":"https:\/\/hydrosprzet.pl\/?page_id=7574"},"modified":"2025-11-26T14:09:22","modified_gmt":"2025-11-26T13:09:22","slug":"kontakt-podlasie","status":"publish","type":"page","link":"https:\/\/hydrosprzet.pl\/en\/kontakt-podlasie\/","title":{"rendered":"Kontakt-podlasie"},"content":{"rendered":"<div class=\"vc_row wpb_row vc_row-fluid\" ><div class=\"wpb_column vc_column_container vc_col-sm-12\"><div class=\"vc_column-inner\"><div class=\"wpb_wrapper\"><div class='wd_empty_space' data-heightmobile='20' data-heighttablet='30' data-heightdesktop='60'><\/div>  <div class=\"wd-heading text-left\"\r\n\t\t    style=\"; \" data-devia-animate=''>\r\n\t\t\r\n\t\t\t\r\n      <h4 style=\"\" class=\"title_a\"\r\n      data-text=\"Bieniewo-Parcele\">\r\n\t\t\tFilia na Podlasiu      <\/h4>\r\n\r\n\t\t\t\t\t\t        <p style=\"\" class=\"sub_title_a\">\r\n\t\t\t\tBieniewo-Parcele        <\/p>\r\n\t\t\t\t\t\t<hr class='hr_a' style=' margin: 10px 0;'\/>\r\n\t\t    <\/div>\r\n    <div class='wd_empty_space' data-heightmobile='20' data-heighttablet='20' data-heightdesktop='20'><\/div>\n\t<div class=\"wpb_text_column wpb_content_element\" >\n\t\t<div class=\"wpb_wrapper\">\n\t\t\t<p>The <a href=\"https:\/\/hydrosprzet.otomoto.pl\/\">HYDROSPRZ\u0118T<\/a> ma swoj\u0105 siedzib\u0119 w Poros\u0142y-Kolonia, ul. Owocowa 56, jest to oficjalny punkt serwisowy maszyn LIUGONG DRESSTA MACHINERY.<\/p>\n\n\t\t<\/div>\n\t<\/div>\n<\/div><\/div><\/div><\/div><div class=\"vc_row wpb_row vc_row-fluid\" ><div class=\"wpb_column vc_column_container vc_col-sm-4\"><div class=\"vc_column-inner\"><div class=\"wpb_wrapper\">\r\n    <div class=\"text-icon text-icon--icon-left_position boxes  clearfix\"  >\r\n      <div class=\"text-icon__container\">\r\n\t\t\t\t          <div class=\"text-icon__icon-box\">\r\n\t\t\t\t\t\t              <img src=\"\/\/placehold.it\/408x278\/eee\/222\/&text=+\" alt=\"Group 925\" data-src=\"https:\/\/hydrosprzet.pl\/wp-content\/uploads\/2019\/07\/Group-925.png\" data-srcset=\"\" class=\"lazy\">\r\n\t\t\t\t\t\t          <\/div>\r\n          <div class=\"text-icon__content-box\">\r\n            <h4 class=\"text-icon__title\">\r\n\t\t\t\t\t\t\tEMAIL            <\/h4>\r\n            <p class=\"text-icon__text\">biuro@hydrosprzet.pl<\/p>\r\n          <\/div>\r\n\t\t\t\t\t      <\/div>\r\n    <\/div>\r\n\r\n\t\t<\/div><\/div><\/div><div class=\"wpb_column vc_column_container vc_col-sm-4\"><div class=\"vc_column-inner\"><div class=\"wpb_wrapper\">\r\n    <div class=\"text-icon text-icon--icon-left_position boxes  clearfix\"  >\r\n      <div class=\"text-icon__container\">\r\n\t\t\t\t          <div class=\"text-icon__icon-box\">\r\n\t\t\t\t\t\t              <img src=\"\/\/placehold.it\/408x278\/eee\/222\/&text=+\" alt=\"Group 926\" data-src=\"https:\/\/hydrosprzet.pl\/wp-content\/uploads\/2019\/07\/Group-926-e1584628063598.png\" data-srcset=\"\" class=\"lazy\">\r\n\t\t\t\t\t\t          <\/div>\r\n          <div class=\"text-icon__content-box\">\r\n            <h4 class=\"text-icon__title\">\r\n\t\t\t\t\t\t\tNR. TEL            <\/h4>\r\n            <p class=\"text-icon__text\">+14 613-61-03<\/p>\r\n          <\/div>\r\n\t\t\t\t\t      <\/div>\r\n    <\/div>\r\n\r\n\t\t<\/div><\/div><\/div><div class=\"wpb_column vc_column_container vc_col-sm-4\"><div class=\"vc_column-inner\"><div class=\"wpb_wrapper\">\r\n    <div class=\"text-icon text-icon--icon-left_position boxes  clearfix\"  >\r\n      <div class=\"text-icon__container\">\r\n\t\t\t\t          <div class=\"text-icon__icon-box\">\r\n\t\t\t\t\t\t              <img src=\"\/\/placehold.it\/408x278\/eee\/222\/&text=+\" alt=\"map-marker-639_bd071826-7d2a-441d-bb24-9654b4644e4c\" data-src=\"https:\/\/hydrosprzet.pl\/wp-content\/uploads\/2019\/07\/map-marker-639_bd071826-7d2a-441d-bb24-9654b4644e4c.png\" data-srcset=\"\" class=\"lazy\">\r\n\t\t\t\t\t\t          <\/div>\r\n          <div class=\"text-icon__content-box\">\r\n            <h4 class=\"text-icon__title\">\r\n\t\t\t\t\t\t\tADRESS            <\/h4>\r\n            <p class=\"text-icon__text\">ul. Owocowa 56, 16-070 Poros\u0142y-Kolonia<\/p>\r\n          <\/div>\r\n\t\t\t\t\t      <\/div>\r\n    <\/div>\r\n\r\n\t\t<\/div><\/div><\/div><\/div><div class=\"vc_row wpb_row vc_row-fluid\" ><div class=\"wpb_column vc_column_container vc_col-sm-12\"><div class=\"vc_column-inner\"><div class=\"wpb_wrapper\">\r\n\r\n<div class=\"wd_empty_space\" data-heightmobile=\"15\" data-heighttablet=\"30\" data-heightdesktop=\"30\">\r\n\r\n<\/div>\r\n      \r\n\r\n\r\n\r\n        \r\n      \r\n    <\/div><\/div><\/div><\/div><div class=\"vc_row wpb_row vc_row-fluid\" ><div class=\"wpb_column vc_column_container vc_col-sm-6\"><div class=\"vc_column-inner\"><div class=\"wpb_wrapper\"><div class=\"wpb_gmaps_widget wpb_content_element\"><div class=\"wpb_wrapper\"><div class=\"wpb_map_wraper\"><iframe src=\"https:\/\/www.google.com\/maps\/embed?pb=!1m18!1m12!1m3!1d2392.3013671273156!2d23.045904012990867!3d53.15863178863554!2m3!1f0!2f0!3f0!3m2!1i1024!2i768!4f13.1!3m3!1m2!1s0x471ffd9206cb2d97%3A0x9fa039e7e08465dd!2sOwocowa%2056%2C%2016-070%20Poros%C5%82y-Kolonia!5e0!3m2!1spl!2spl!4v1718281201192!5m2!1spl!2spl\" width=\"600\" height=\"450\" style=\"border:0;\" allowfullscreen=\"\" loading=\"lazy\" referrerpolicy=\"no-referrer-when-downgrade\"><\/iframe><\/div><\/div><\/div><\/div><\/div><\/div><div class=\"wpb_column vc_column_container vc_col-sm-6\"><div class=\"vc_column-inner\"><div class=\"wpb_wrapper\">\n\t<div class=\"wpb_text_column wpb_content_element\" >\n\t\t<div class=\"wpb_wrapper\">\n\t\t\t<h5><a href=\"https:\/\/hydrosprzet.pl\/en\/maszyny\/\"><span style=\"color: #ff0000;\">SPRZEDA\u017b MASZYN, CZ\u0118\u015aCI, SERWIS<\/span><\/a><\/h5>\n\n\t\t<\/div>\n\t<\/div>\n\n\t<div class=\"wpb_text_column wpb_content_element  wpb_animate_when_almost_visible wpb_left-to-right left-to-right\" >\n\t\t<div class=\"wpb_wrapper\">\n\t\t\t<p><img loading=\"lazy\" class=\"alignleft wp-image-5577\" src=\"https:\/\/hydrosprzet.pl\/wp-content\/uploads\/2020\/03\/Screenshot_1.png\" alt=\"\" width=\"37\" height=\"75\" \/><\/p>\n<h5>\u00a0Daniel Kukla<\/h5>\n<p><a href=\"mailto:daniel.kukla@hydrosprzet.pl\">daniel.kukla@hydrosprzet.pl<\/a><\/p>\n<p>+48 602 447 753<\/p>\n\n\t\t<\/div>\n\t<\/div>\n<\/div><\/div><\/div><\/div><div class=\"vc_row wpb_row vc_row-fluid\" ><div class=\"wpb_column vc_column_container vc_col-sm-12\"><div class=\"vc_column-inner\"><div class=\"wpb_wrapper\">\r\n\r\n<div class=\"wd_empty_space\" data-heightmobile=\"100\" data-heighttablet=\"100\" data-heightdesktop=\"100\">\r\n\r\n<\/div>\r\n      \r\n\r\n\r\n\r\n        \r\n      \r\n    <\/div><\/div><\/div><\/div>","protected":false},"excerpt":{"rendered":"Filia na Podlasiu Bieniewo-Parcele Firma HYDROSPRZ\u0118T ma swoj\u0105 siedzib\u0119 w Poros\u0142y-Kolonia, ul. Owocowa 56, jest to oficjalny punkt serwisowy maszyn LIUGONG DRESSTA MACHINERY. EMAIL biuro@hydrosprzet.pl NR. TEL +14 613-61-03 ADRES ul. Owocowa 56, 16-070 Poros\u0142y-Kolonia SPRZEDA\u017b MASZYN, CZ\u0118\u015aCI, SERWIS \u00a0Daniel Kukla daniel.kukla@hydrosprzet.pl +48 602 447 753","protected":false},"author":1,"featured_media":0,"parent":0,"menu_order":0,"comment_status":"closed","ping_status":"closed","template":"","meta":[],"yoast_head":"<!-- This site is optimized with the Yoast SEO plugin v17.3 - https:\/\/yoast.com\/wordpress\/plugins\/seo\/ -->\n<title>Atmos - Kontakt-podlasie - Hydrosprz\u0119t - LiuGong - Dressta<\/title>\n<meta name=\"description\" content=\"Atmos - Firma Hydrosprz\u0119t jest dealerem spr\u0119\u017carek powietrza czeskiego producenta. Odzia\u0142 w Bieniewie jest oficjalnym punktem sprzeda\u017cy.\" \/>\n<meta name=\"robots\" content=\"index, follow, max-snippet:-1, max-image-preview:large, max-video-preview:-1\" \/>\n<link rel=\"canonical\" href=\"https:\/\/hydrosprzet.pl\/en\/kontakt-podlasie\/\" \/>\n<meta property=\"og:locale\" content=\"en_US\" \/>\n<meta property=\"og:type\" content=\"article\" \/>\n<meta property=\"og:title\" content=\"Atmos - Kontakt-podlasie - Hydrosprz\u0119t - LiuGong - Dressta\" \/>\n<meta property=\"og:description\" content=\"Atmos - Firma Hydrosprz\u0119t jest dealerem spr\u0119\u017carek powietrza czeskiego producenta. Odzia\u0142 w Bieniewie jest oficjalnym punktem sprzeda\u017cy.\" \/>\n<meta property=\"og:url\" content=\"https:\/\/hydrosprzet.pl\/en\/kontakt-podlasie\/\" \/>\n<meta property=\"og:site_name\" content=\"Hydrosprz\u0119t\" \/>\n<meta property=\"article:modified_time\" content=\"2025-11-26T13:09:22+00:00\" \/>\n<meta property=\"og:image\" content=\"https:\/\/hydrosprzet.pl\/wp-content\/uploads\/2020\/03\/Screenshot_1.png\" \/>\n<meta name=\"twitter:card\" content=\"summary_large_image\" \/>\n<meta name=\"twitter:label1\" content=\"Est. reading time\" \/>\n\t<meta name=\"twitter:data1\" content=\"1 minute\" \/>\n<script type=\"application\/ld+json\" class=\"yoast-schema-graph\">{\"@context\":\"https:\/\/schema.org\",\"@graph\":[{\"@type\":\"WebSite\",\"@id\":\"https:\/\/hydrosprzet.pl\/#website\",\"url\":\"https:\/\/hydrosprzet.pl\/\",\"name\":\"Hydrosprz\\u0119t\",\"description\":\"Maszyny budowlane\",\"potentialAction\":[{\"@type\":\"SearchAction\",\"target\":{\"@type\":\"EntryPoint\",\"urlTemplate\":\"https:\/\/hydrosprzet.pl\/?s={search_term_string}\"},\"query-input\":\"required name=search_term_string\"}],\"inLanguage\":\"en-US\"},{\"@type\":\"ImageObject\",\"@id\":\"https:\/\/hydrosprzet.pl\/kontakt-podlasie\/#primaryimage\",\"inLanguage\":\"en-US\",\"url\":\"https:\/\/hydrosprzet.pl\/wp-content\/uploads\/2020\/03\/Screenshot_1.png\",\"contentUrl\":\"https:\/\/hydrosprzet.pl\/wp-content\/uploads\/2020\/03\/Screenshot_1.png\",\"width\":69,\"height\":141},{\"@type\":\"WebPage\",\"@id\":\"https:\/\/hydrosprzet.pl\/kontakt-podlasie\/#webpage\",\"url\":\"https:\/\/hydrosprzet.pl\/kontakt-podlasie\/\",\"name\":\"Atmos - Kontakt-podlasie - Hydrosprz\\u0119t - LiuGong - Dressta\",\"isPartOf\":{\"@id\":\"https:\/\/hydrosprzet.pl\/#website\"},\"primaryImageOfPage\":{\"@id\":\"https:\/\/hydrosprzet.pl\/kontakt-podlasie\/#primaryimage\"},\"datePublished\":\"2024-06-13T12:08:11+00:00\",\"dateModified\":\"2025-11-26T13:09:22+00:00\",\"description\":\"Atmos - Firma Hydrosprz\\u0119t jest dealerem spr\\u0119\\u017carek powietrza czeskiego producenta. Odzia\\u0142 w Bieniewie jest oficjalnym punktem sprzeda\\u017cy.\",\"breadcrumb\":{\"@id\":\"https:\/\/hydrosprzet.pl\/kontakt-podlasie\/#breadcrumb\"},\"inLanguage\":\"en-US\",\"potentialAction\":[{\"@type\":\"ReadAction\",\"target\":[\"https:\/\/hydrosprzet.pl\/kontakt-podlasie\/\"]}]},{\"@type\":\"BreadcrumbList\",\"@id\":\"https:\/\/hydrosprzet.pl\/kontakt-podlasie\/#breadcrumb\",\"itemListElement\":[{\"@type\":\"ListItem\",\"position\":1,\"name\":\"Strona g\\u0142\\u00f3wna\",\"item\":\"https:\/\/hydrosprzet.pl\/\"},{\"@type\":\"ListItem\",\"position\":2,\"name\":\"Kontakt-podlasie\"}]}]}<\/script>\n<!-- \/ Yoast SEO plugin. -->","yoast_head_json":{"title":"Atmos - Kontakt-podlasie - Hydrosprz\u0119t - LiuGong - Dressta","description":"Atmos - Firma Hydrosprz\u0119t jest dealerem spr\u0119\u017carek powietrza czeskiego producenta. Odzia\u0142 w Bieniewie jest oficjalnym punktem sprzeda\u017cy.","robots":{"index":"index","follow":"follow","max-snippet":"max-snippet:-1","max-image-preview":"max-image-preview:large","max-video-preview":"max-video-preview:-1"},"canonical":"https:\/\/hydrosprzet.pl\/en\/kontakt-podlasie\/","og_locale":"en_US","og_type":"article","og_title":"Atmos - Kontakt-podlasie - Hydrosprz\u0119t - LiuGong - Dressta","og_description":"Atmos - Firma Hydrosprz\u0119t jest dealerem spr\u0119\u017carek powietrza czeskiego producenta. Odzia\u0142 w Bieniewie jest oficjalnym punktem sprzeda\u017cy.","og_url":"https:\/\/hydrosprzet.pl\/en\/kontakt-podlasie\/","og_site_name":"Hydrosprz\u0119t","article_modified_time":"2025-11-26T13:09:22+00:00","og_image":[{"url":"https:\/\/hydrosprzet.pl\/wp-content\/uploads\/2020\/03\/Screenshot_1.png"}],"twitter_card":"summary_large_image","twitter_misc":{"Est. reading time":"1 minute"},"schema":{"@context":"https:\/\/schema.org","@graph":[{"@type":"WebSite","@id":"https:\/\/hydrosprzet.pl\/#website","url":"https:\/\/hydrosprzet.pl\/","name":"Hydrosprz\u0119t","description":"Maszyny budowlane","potentialAction":[{"@type":"SearchAction","target":{"@type":"EntryPoint","urlTemplate":"https:\/\/hydrosprzet.pl\/?s={search_term_string}"},"query-input":"required name=search_term_string"}],"inLanguage":"en-US"},{"@type":"ImageObject","@id":"https:\/\/hydrosprzet.pl\/kontakt-podlasie\/#primaryimage","inLanguage":"en-US","url":"https:\/\/hydrosprzet.pl\/wp-content\/uploads\/2020\/03\/Screenshot_1.png","contentUrl":"https:\/\/hydrosprzet.pl\/wp-content\/uploads\/2020\/03\/Screenshot_1.png","width":69,"height":141},{"@type":"WebPage","@id":"https:\/\/hydrosprzet.pl\/kontakt-podlasie\/#webpage","url":"https:\/\/hydrosprzet.pl\/kontakt-podlasie\/","name":"Atmos - Kontakt-podlasie - Hydrosprz\u0119t - LiuGong - Dressta","isPartOf":{"@id":"https:\/\/hydrosprzet.pl\/#website"},"primaryImageOfPage":{"@id":"https:\/\/hydrosprzet.pl\/kontakt-podlasie\/#primaryimage"},"datePublished":"2024-06-13T12:08:11+00:00","dateModified":"2025-11-26T13:09:22+00:00","description":"Atmos - Firma Hydrosprz\u0119t jest dealerem spr\u0119\u017carek powietrza czeskiego producenta. Odzia\u0142 w Bieniewie jest oficjalnym punktem sprzeda\u017cy.","breadcrumb":{"@id":"https:\/\/hydrosprzet.pl\/kontakt-podlasie\/#breadcrumb"},"inLanguage":"en-US","potentialAction":[{"@type":"ReadAction","target":["https:\/\/hydrosprzet.pl\/kontakt-podlasie\/"]}]},{"@type":"BreadcrumbList","@id":"https:\/\/hydrosprzet.pl\/kontakt-podlasie\/#breadcrumb","itemListElement":[{"@type":"ListItem","position":1,"name":"Strona g\u0142\u00f3wna","item":"https:\/\/hydrosprzet.pl\/"},{"@type":"ListItem","position":2,"name":"Kontakt-podlasie"}]}]}},"_links":{"self":[{"href":"https:\/\/hydrosprzet.pl\/en\/wp-json\/wp\/v2\/pages\/7574"}],"collection":[{"href":"https:\/\/hydrosprzet.pl\/en\/wp-json\/wp\/v2\/pages"}],"about":[{"href":"https:\/\/hydrosprzet.pl\/en\/wp-json\/wp\/v2\/types\/page"}],"author":[{"embeddable":true,"href":"https:\/\/hydrosprzet.pl\/en\/wp-json\/wp\/v2\/users\/1"}],"replies":[{"embeddable":true,"href":"https:\/\/hydrosprzet.pl\/en\/wp-json\/wp\/v2\/comments?post=7574"}],"version-history":[{"count":4,"href":"https:\/\/hydrosprzet.pl\/en\/wp-json\/wp\/v2\/pages\/7574\/revisions"}],"predecessor-version":[{"id":7682,"href":"https:\/\/hydrosprzet.pl\/en\/wp-json\/wp\/v2\/pages\/7574\/revisions\/7682"}],"wp:attachment":[{"href":"https:\/\/hydrosprzet.pl\/en\/wp-json\/wp\/v2\/media?parent=7574"}],"curies":[{"name":"wp","href":"https:\/\/api.w.org\/{rel}","templated":true}]}}