{"id":7430,"date":"2022-01-05T11:19:10","date_gmt":"2022-01-05T10:19:10","guid":{"rendered":"https:\/\/hydrosprzet.pl\/?page_id=7430"},"modified":"2022-01-11T08:32:41","modified_gmt":"2022-01-11T07:32:41","slug":"cennik-oskp","status":"publish","type":"page","link":"https:\/\/hydrosprzet.pl\/en\/cennik-oskp\/","title":{"rendered":"Cennik OSKP"},"content":{"rendered":"<div class=\"vc_row wpb_row vc_row-fluid\" ><div class=\"wpb_column vc_column_container vc_col-sm-12\"><div class=\"vc_column-inner\"><div class=\"wpb_wrapper\">\n\t<div class=\"wpb_text_column wpb_content_element\" >\n\t\t<div class=\"wpb_wrapper\">\n\t\t\t<h2>TABELA OP\u0141AT ZA BADANIA TECHNICZNE POJAZD\u00d3W<\/h2>\n<p>Cennik OSKP Obowi\u0105zuje od 28 pa\u017adziernika 2004 r.<\/p>\n<p>\u00a0<\/p>\n<table width=\"100%\">\n<tbody>\n<tr>\n<td width=\"30\">Lp.<\/td>\n<td width=\"528\">Wyszczeg\u00f3lnienie<\/td>\n<td width=\"84\">Cena brutto<\/td>\n<\/tr>\n<tr>\n<td width=\"30\">\n<h4>1<\/h4>\n<\/td>\n<td colspan=\"2\" width=\"612\">\n<h6><a href=\"https:\/\/hydrosprzet.pl\/en\/\">OKRESOWE BADANIE TECHNICZN<\/a>E:<\/h6>\n<\/td>\n<\/tr>\n<tr>\n<td width=\"30\">1.1<\/td>\n<td width=\"528\">motocykl, ci\u0105gnik rolniczy<\/td>\n<td width=\"84\">62.00 PLN<\/td>\n<\/tr>\n<tr>\n<td width=\"30\">1.2<\/td>\n<td width=\"528\">samoch\u00f3d osobowy, autobus przeznaczony do przewozu nie wi\u0119cej ni\u017c 15 os\u00f3b \u0142\u0105cznie z kierowc\u0105, samoch\u00f3d ci\u0119\u017carowy i specjalny do 3,5 t\u00a0d.m.c., pojazd tr\u00f3jko\u0142owy powy\u017cej 0,4 t\u00a0m.w.\u00a01)<\/td>\n<td width=\"84\">99.00 PLN<\/td>\n<\/tr>\n<tr>\n<td width=\"30\">1.3<\/td>\n<td width=\"528\">przyczepa ci\u0119\u017carowa rolnicza do 1,5 t\u00a0d.m.c.<\/td>\n<td width=\"84\">40.00 PLN<\/td>\n<\/tr>\n<tr>\n<td width=\"30\">1.4<\/td>\n<td width=\"528\">przyczepa ci\u0119\u017carowa rolnicza powy\u017cej 1,5 t do 6 t\u00a0d.m.c.<\/td>\n<td width=\"84\">50.00 PLN<\/td>\n<\/tr>\n<tr>\n<td width=\"30\">1.5<\/td>\n<td width=\"528\">przyczepa ci\u0119\u017carowa rolnicza powy\u017cej 6 t\u00a0d.m.c.<\/td>\n<td width=\"84\">70.00 PLN<\/td>\n<\/tr>\n<tr>\n<td width=\"30\">1.6<\/td>\n<td width=\"528\">przyczepa (naczepa) ci\u0119\u017carowa i specjalna do 3,5 t\u00a0d.m.c.<\/td>\n<td width=\"84\">78.00 PLN<\/td>\n<\/tr>\n<tr>\n<td width=\"30\">1.7<\/td>\n<td width=\"528\">pojazd przeznaczony do przewozu materia\u0142\u00f3w niebezpiecznych (za badanie specjalistyczne)<\/td>\n<td width=\"84\">85.00 PLN<\/td>\n<\/tr>\n<tr>\n<td width=\"30\">1.8<\/td>\n<td width=\"528\">taks\u00f3wka osobowa lub baga\u017cowa (za warunki dodatkowe)<\/td>\n<td width=\"84\">42.00 PLN<\/td>\n<\/tr>\n<tr>\n<td width=\"30\">1.9<\/td>\n<td width=\"528\">pojazd uprzywilejowany (za warunki dodatkowe)<\/td>\n<td width=\"84\">50.00 PLN<\/td>\n<\/tr>\n<tr>\n<td width=\"30\">1.10<\/td>\n<td width=\"528\">pojazd przystosowany do zasilania gazem (za badanie specjalistyczne)<\/td>\n<td width=\"84\">63.00 PLN<\/td>\n<\/tr>\n<tr>\n<td width=\"30\">1.11<\/td>\n<td width=\"528\">pojazd przystosowany do nauki jazdy lub do przeprowadzania egzaminu pa\u0144stwowego (za warunki dodatkowe)<\/td>\n<td width=\"84\">48.00 PLN<\/td>\n<\/tr>\n<tr>\n<td width=\"30\">\n<h4>2<\/h4>\n<\/td>\n<td colspan=\"2\" width=\"612\">\n<h6>PONOWNE SPRAWDZENIE MECHANIZ\u00d3W I ZESPO\u0141\u00d3W W POJE\u0179DZIE, W KT\u00d3RYM STWIERDZONO USTERKI W TRAKCIE BADA\u0143 TECHNICZNYCH W ZAKRESIE:<\/h6>\n<\/td>\n<\/tr>\n<tr>\n<td width=\"30\">2.1<\/td>\n<td width=\"528\">skuteczno\u015bci i r\u00f3wnomierno\u015bci dzia\u0142ania hamulc\u00f3w<\/td>\n<td width=\"84\">20.00 PLN<\/td>\n<\/tr>\n<tr>\n<td width=\"30\">2.2<\/td>\n<td width=\"528\">wszystkich innych usterek \u0142\u0105cznie<\/td>\n<td width=\"84\">20.00 PLN<\/td>\n<\/tr>\n<tr>\n<td width=\"30\">2.3<\/td>\n<td width=\"528\">ustawienia i nat\u0119\u017cenia \u015bwiate\u0142 drogowych i \u015bwiate\u0142 mijania<\/td>\n<td width=\"84\">14.00 PLN<\/td>\n<\/tr>\n<tr>\n<td width=\"30\">2.4<\/td>\n<td width=\"528\">po\u0142\u0105cze\u0144 uk\u0142adu kierowniczego oraz ja\u0142owego ruchu ko\u0142a kierownicy, luz\u00f3w w zawieszeniu<\/td>\n<td width=\"84\">20.00 PLN<\/td>\n<\/tr>\n<tr>\n<td width=\"30\">2.5<\/td>\n<td width=\"528\">toksyczno\u015bci spalin<\/td>\n<td width=\"84\">14.00 PLN<\/td>\n<\/tr>\n<tr>\n<td width=\"30\">2.6<\/td>\n<td width=\"528\">poziomu ha\u0142asu<\/td>\n<td width=\"84\">20.00 PLN<\/td>\n<\/tr>\n<tr>\n<td width=\"30\">2.7<\/td>\n<td width=\"528\">geometrii k\u00f3\u0142 jednej osi<\/td>\n<td width=\"84\">36.00 PLN<\/td>\n<\/tr>\n<tr>\n<td width=\"30\">2.8<\/td>\n<td width=\"528\">dzia\u0142ania amortyzator\u00f3w jednej osi<\/td>\n<td width=\"84\">14.00 PLN<\/td>\n<\/tr>\n<tr>\n<td width=\"30\">\n<h6>3<\/h6>\n<\/td>\n<td colspan=\"2\" width=\"612\">\n<h6>PIERWSZE BADANIE TECHNICZNE POJAZDU ZAREJESTROWANEGO PO RAZ PIERWSZY ZA GRANIC\u0104 (DOTYCZY R\u00d3WNIE\u017b JEDNEJ SZTUKI POJAZDU ZWOLNIONEGO Z BADA\u0143 HOMOLOGACYJNYCH):<\/h6>\n<\/td>\n<\/tr>\n<tr>\n<td width=\"30\">3.1<\/td>\n<td width=\"528\">motocykl, motorower, ci\u0105gnik rolniczy<\/td>\n<td width=\"84\">116.00PLN<\/td>\n<\/tr>\n<tr>\n<td width=\"30\">3.2<\/td>\n<td width=\"528\">samoch\u00f3d osobowy, autobus przeznaczony do przewozu nie wi\u0119cej ni\u017c 15 os\u00f3b \u0142\u0105cznie z kierowc\u0105, samoch\u00f3d ci\u0119\u017carowy i specjalny do 3,5 t\u00a0d.m.c., pojazd tr\u00f3jko\u0142owy powy\u017cej 0,4 t\u00a0m.w.<\/td>\n<td width=\"84\">169.00PLN<\/td>\n<\/tr>\n<tr>\n<td width=\"30\">3.3<\/td>\n<td width=\"528\">przyczepa lekka, przyczepa ci\u0119\u017carowa rolnicza do 1,5 t\u00a0d.m.c.<\/td>\n<td width=\"84\">92.00 PLN<\/td>\n<\/tr>\n<tr>\n<td width=\"30\">3.4<\/td>\n<td width=\"528\">przyczepa ci\u0119\u017carowa rolnicza od 1,5 t do 6 t\u00a0d.m.c.<\/td>\n<td width=\"84\">134.00PLN<\/td>\n<\/tr>\n<tr>\n<td width=\"30\">3.5<\/td>\n<td width=\"528\">przyczepa ci\u0119\u017carowa rolnicza powy\u017cej 6 t\u00a0d.m.c.<\/td>\n<td width=\"84\">165.00PLN<\/td>\n<\/tr>\n<tr>\n<td width=\"30\">\n<h4>4<\/h4>\n<\/td>\n<td colspan=\"2\" width=\"612\">\n<h6>DODATKOWE BADANIE TECHNICZNE POJAZDU SKIEROWANEGO PRZEZ ORGAN KONTROLI RUCHU DROGOWEGO W RAZIE UZASADNIONEGO PRZYPUSZCZENIA, \u017bE ZAGRA\u017bA BEZPIECZE\u0143STWU RUCHU DROGOWEGO LUB NARUSZA WYMAGANIA OCHRONY \u015aRODOWISKA:<\/h6>\n<\/td>\n<\/tr>\n<tr>\n<td width=\"30\">4.1<\/td>\n<td width=\"528\">okre\u015blone usterki techniczne, warunki techniczne (osobno za ka\u017cde okre\u015blone warunki techniczne lub badany uk\u0142ad czy zesp\u00f3\u0142 pojazdu)\u00a05)<\/td>\n<td width=\"84\">20.00 PLN<\/td>\n<\/tr>\n<tr>\n<td width=\"30\">4.2<\/td>\n<td width=\"528\">po wypadku, kolizji drogowej (za badanie specjalistyczne)<\/td>\n<td width=\"84\">94.00 PLN<\/td>\n<\/tr>\n<tr>\n<td width=\"30\">4.3<\/td>\n<td width=\"528\">dane techniczne niezgodne ze stanem faktycznym<\/td>\n<td width=\"84\">51.00 PLN<\/td>\n<\/tr>\n<tr>\n<td width=\"30\">\n<h4>5<\/h4>\n<\/td>\n<td colspan=\"2\" width=\"612\">\n<h6>DODATKOWE BADANIE TECHNICZNE POJAZDU SKIEROWANEGO PRZEZ STAROST\u0118 W RAZIE UZASADNIONEGO PRZYPUSZCZENIA, \u017bE ZAGRA\u017bA BEZPIECZE\u0143STWU RUCHU DROGOWEGO LUB NARUSZA WYMAGANIA OCHRONY \u015aRODOWISKA:<\/h6>\n<\/td>\n<\/tr>\n<tr>\n<td width=\"30\">5.1<\/td>\n<td width=\"528\">co do kt\u00f3rego zachodzi podejrzenie, \u017ce nie spe\u0142nia okre\u015blonych warunk\u00f3w technicznych\u00a03)<\/td>\n<td width=\"84\">20.00 PLN<\/td>\n<\/tr>\n<tr>\n<td width=\"30\">5.2<\/td>\n<td width=\"528\">po wypadku, kolizji drogowej (za badanie specjalistyczne)<\/td>\n<td width=\"84\">94.00 PLN<\/td>\n<\/tr>\n<tr>\n<td width=\"30\">\n<h4>6<\/h4>\n<\/td>\n<td colspan=\"2\" width=\"612\">\n<h6>POZOSTA\u0141E DODATKOWE BADANIA TECHNICZNE POJAZDU:<\/h6>\n<\/td>\n<\/tr>\n<tr>\n<td width=\"30\">6.1<\/td>\n<td width=\"528\">w kt\u00f3rym dokonano monta\u017cu instalacji do zasilania gazem w poje\u017adzie zarejestrowanym (za badanie specjalistyczne)<\/td>\n<td width=\"84\">114.00 PLN<\/td>\n<\/tr>\n<tr>\n<td width=\"30\">6.2<\/td>\n<td width=\"528\">kt\u00f3ry ma by\u0107 u\u017cywany jako taks\u00f3wka osobowa lub baga\u017cowa (za warunki dodatkowe)<\/td>\n<td width=\"84\">42.00 PLN<\/td>\n<\/tr>\n<tr>\n<td width=\"30\">6.3<\/td>\n<td width=\"528\">kt\u00f3ry ma by\u0107 u\u017cywany jako uprzywilejowany (za warunki dodatkowe)<\/td>\n<td width=\"84\">50.00 PLN<\/td>\n<\/tr>\n<tr>\n<td width=\"30\">6.4<\/td>\n<td width=\"528\">kt\u00f3ry ma by\u0107 u\u017cywany do przewozu materia\u0142\u00f3w niebezpiecznych (za badanie specjalistyczne)<\/td>\n<td width=\"84\">85.00 PLN<\/td>\n<\/tr>\n<tr>\n<td width=\"30\">6.5<\/td>\n<td width=\"528\">do nauki jazdy lub przeprowadzania egzaminu pa\u0144stwowego (za warunki dodatkowe)<\/td>\n<td width=\"84\">48.00 PLN<\/td>\n<\/tr>\n<tr>\n<td width=\"30\">6.6<\/td>\n<td width=\"528\">w kt\u00f3rym dokonano zmian konstrukcyjnych lub wymiany element\u00f3w powoduj\u0105cych zmian\u0119 danych w dowodzie rejestracyjnym<\/td>\n<td width=\"84\">82.00 PLN<\/td>\n<\/tr>\n<tr>\n<td width=\"30\">\n<h4><a href=\"https:\/\/hydrosprzet.pl\/en\/cennik-oskp\/\">7<\/a><\/h4>\n<\/td>\n<td colspan=\"2\" width=\"612\">\n<h6>SPRAWDZENIE SPE\u0141NIANIA DODATKOWYCH WARUNK\u00d3W TECHNICZNYCH DLA NIEKT\u00d3RYCH POJAZD\u00d3W ORAZ POZOSTA\u0141E CZYNNO\u015aCI PRZEPROWADZANE W STACJACH KONTROLI POJAZD\u00d3W:<\/h6>\n<\/td>\n<\/tr>\n<tr>\n<td width=\"30\">7.1<\/td>\n<td width=\"528\">prawid\u0142owo\u015bci przystosowania pojazdu silnikowego do ci\u0105gni\u0119cia przyczepy\u00a01)<\/td>\n<td width=\"84\">35.00 PLN<\/td>\n<\/tr>\n<tr>\n<td width=\"30\">7.2<\/td>\n<td width=\"528\">czy pojazd odpowiada dodatkowym warunkom technicznym dla pojazd\u00f3w przeznaczonych do wykonywania czynno\u015bci na drodze\u00a04)<\/td>\n<td width=\"84\">21.00 PLN<\/td>\n<\/tr>\n<tr>\n<td width=\"30\">7.3<\/td>\n<td width=\"528\">czy pojazd odpowiada dodatkowym warunkom technicznym wymaganym dla pojazd\u00f3w ci\u0119\u017carowych przystosowanych do przewozu os\u00f3b\u00a04)<\/td>\n<td width=\"84\">48.00 PLN<\/td>\n<\/tr>\n<tr>\n<td width=\"30\">7.4<\/td>\n<td width=\"528\">wykonanie numeru nadwozia<\/td>\n<td width=\"84\">49.00 PLN<\/td>\n<\/tr>\n<tr>\n<td width=\"30\">7.5<\/td>\n<td width=\"528\">wykonanie numeru silnika<\/td>\n<td width=\"84\">49.00 PLN<\/td>\n<\/tr>\n<tr>\n<td width=\"30\">7.6<\/td>\n<td width=\"528\">wykonanie tabliczki i jej umieszczenia<\/td>\n<td width=\"84\">36.00 PLN<\/td>\n<\/tr>\n<\/tbody>\n<\/table>\n<p>\u00a0<\/p>\n\n\t\t<\/div>\n\t<\/div>\n<\/div><\/div><\/div><\/div>","protected":false},"excerpt":{"rendered":"TABELA OP\u0141AT ZA BADANIA TECHNICZNE POJAZD\u00d3W Cennik OSKP Obowi\u0105zuje od 28 pa\u017adziernika 2004 r. \u00a0 Lp. Wyszczeg\u00f3lnienie Cena brutto 1 OKRESOWE BADANIE TECHNICZNE: 1.1 motocykl, ci\u0105gnik rolniczy 62.00 PLN 1.2 samoch\u00f3d osobowy, autobus przeznaczony do przewozu nie wi\u0119cej ni\u017c 15 os\u00f3b \u0142\u0105cznie z kierowc\u0105, samoch\u00f3d ci\u0119\u017carowy i specjalny do 3,5 t\u00a0d.m.c., pojazd tr\u00f3jko\u0142owy powy\u017cej 0,4 [...]","protected":false},"author":1,"featured_media":0,"parent":0,"menu_order":0,"comment_status":"closed","ping_status":"closed","template":"","meta":[],"yoast_head":"<!-- This site is optimized with the Yoast SEO plugin v17.3 - https:\/\/yoast.com\/wordpress\/plugins\/seo\/ -->\n<title>Cennik OSKP - Hydrosprz\u0119t<\/title>\n<meta name=\"description\" content=\"Cennik OSKP - Okresowe badania techniczne wszelkich pojazd\u00f3w. Ustalanie nieznanych danych technicznych. Sprawdzanie mechanizm\u00f3w.\" \/>\n<meta name=\"robots\" content=\"index, follow, max-snippet:-1, max-image-preview:large, max-video-preview:-1\" \/>\n<link rel=\"canonical\" href=\"https:\/\/hydrosprzet.pl\/en\/cennik-oskp\/\" \/>\n<meta property=\"og:locale\" content=\"en_US\" \/>\n<meta property=\"og:type\" content=\"article\" \/>\n<meta property=\"og:title\" content=\"Cennik OSKP - Hydrosprz\u0119t\" \/>\n<meta property=\"og:description\" content=\"Cennik OSKP - Okresowe badania techniczne wszelkich pojazd\u00f3w. Ustalanie nieznanych danych technicznych. Sprawdzanie mechanizm\u00f3w.\" \/>\n<meta property=\"og:url\" content=\"https:\/\/hydrosprzet.pl\/en\/cennik-oskp\/\" \/>\n<meta property=\"og:site_name\" content=\"Hydrosprz\u0119t\" \/>\n<meta property=\"article:modified_time\" content=\"2022-01-11T07:32:41+00:00\" \/>\n<meta name=\"twitter:card\" content=\"summary_large_image\" \/>\n<meta name=\"twitter:label1\" content=\"Est. reading time\" \/>\n\t<meta name=\"twitter:data1\" content=\"3 minutes\" \/>\n<script type=\"application\/ld+json\" class=\"yoast-schema-graph\">{\"@context\":\"https:\/\/schema.org\",\"@graph\":[{\"@type\":\"WebSite\",\"@id\":\"https:\/\/hydrosprzet.pl\/#website\",\"url\":\"https:\/\/hydrosprzet.pl\/\",\"name\":\"Hydrosprz\\u0119t\",\"description\":\"Maszyny budowlane\",\"potentialAction\":[{\"@type\":\"SearchAction\",\"target\":{\"@type\":\"EntryPoint\",\"urlTemplate\":\"https:\/\/hydrosprzet.pl\/?s={search_term_string}\"},\"query-input\":\"required name=search_term_string\"}],\"inLanguage\":\"en-US\"},{\"@type\":\"WebPage\",\"@id\":\"https:\/\/hydrosprzet.pl\/cennik-oskp\/#webpage\",\"url\":\"https:\/\/hydrosprzet.pl\/cennik-oskp\/\",\"name\":\"Cennik OSKP - Hydrosprz\\u0119t\",\"isPartOf\":{\"@id\":\"https:\/\/hydrosprzet.pl\/#website\"},\"datePublished\":\"2022-01-05T10:19:10+00:00\",\"dateModified\":\"2022-01-11T07:32:41+00:00\",\"description\":\"Cennik OSKP - Okresowe badania techniczne wszelkich pojazd\\u00f3w. Ustalanie nieznanych danych technicznych. Sprawdzanie mechanizm\\u00f3w.\",\"breadcrumb\":{\"@id\":\"https:\/\/hydrosprzet.pl\/cennik-oskp\/#breadcrumb\"},\"inLanguage\":\"en-US\",\"potentialAction\":[{\"@type\":\"ReadAction\",\"target\":[\"https:\/\/hydrosprzet.pl\/cennik-oskp\/\"]}]},{\"@type\":\"BreadcrumbList\",\"@id\":\"https:\/\/hydrosprzet.pl\/cennik-oskp\/#breadcrumb\",\"itemListElement\":[{\"@type\":\"ListItem\",\"position\":1,\"name\":\"Strona g\\u0142\\u00f3wna\",\"item\":\"https:\/\/hydrosprzet.pl\/\"},{\"@type\":\"ListItem\",\"position\":2,\"name\":\"Cennik OSKP\"}]}]}<\/script>\n<!-- \/ Yoast SEO plugin. -->","yoast_head_json":{"title":"Cennik OSKP - Hydrosprz\u0119t","description":"Cennik OSKP - Okresowe badania techniczne wszelkich pojazd\u00f3w. Ustalanie nieznanych danych technicznych. Sprawdzanie mechanizm\u00f3w.","robots":{"index":"index","follow":"follow","max-snippet":"max-snippet:-1","max-image-preview":"max-image-preview:large","max-video-preview":"max-video-preview:-1"},"canonical":"https:\/\/hydrosprzet.pl\/en\/cennik-oskp\/","og_locale":"en_US","og_type":"article","og_title":"Cennik OSKP - Hydrosprz\u0119t","og_description":"Cennik OSKP - Okresowe badania techniczne wszelkich pojazd\u00f3w. Ustalanie nieznanych danych technicznych. Sprawdzanie mechanizm\u00f3w.","og_url":"https:\/\/hydrosprzet.pl\/en\/cennik-oskp\/","og_site_name":"Hydrosprz\u0119t","article_modified_time":"2022-01-11T07:32:41+00:00","twitter_card":"summary_large_image","twitter_misc":{"Est. reading time":"3 minutes"},"schema":{"@context":"https:\/\/schema.org","@graph":[{"@type":"WebSite","@id":"https:\/\/hydrosprzet.pl\/#website","url":"https:\/\/hydrosprzet.pl\/","name":"Hydrosprz\u0119t","description":"Maszyny budowlane","potentialAction":[{"@type":"SearchAction","target":{"@type":"EntryPoint","urlTemplate":"https:\/\/hydrosprzet.pl\/?s={search_term_string}"},"query-input":"required name=search_term_string"}],"inLanguage":"en-US"},{"@type":"WebPage","@id":"https:\/\/hydrosprzet.pl\/cennik-oskp\/#webpage","url":"https:\/\/hydrosprzet.pl\/cennik-oskp\/","name":"Cennik OSKP - Hydrosprz\u0119t","isPartOf":{"@id":"https:\/\/hydrosprzet.pl\/#website"},"datePublished":"2022-01-05T10:19:10+00:00","dateModified":"2022-01-11T07:32:41+00:00","description":"Cennik OSKP - Okresowe badania techniczne wszelkich pojazd\u00f3w. Ustalanie nieznanych danych technicznych. Sprawdzanie mechanizm\u00f3w.","breadcrumb":{"@id":"https:\/\/hydrosprzet.pl\/cennik-oskp\/#breadcrumb"},"inLanguage":"en-US","potentialAction":[{"@type":"ReadAction","target":["https:\/\/hydrosprzet.pl\/cennik-oskp\/"]}]},{"@type":"BreadcrumbList","@id":"https:\/\/hydrosprzet.pl\/cennik-oskp\/#breadcrumb","itemListElement":[{"@type":"ListItem","position":1,"name":"Strona g\u0142\u00f3wna","item":"https:\/\/hydrosprzet.pl\/"},{"@type":"ListItem","position":2,"name":"Cennik OSKP"}]}]}},"_links":{"self":[{"href":"https:\/\/hydrosprzet.pl\/en\/wp-json\/wp\/v2\/pages\/7430"}],"collection":[{"href":"https:\/\/hydrosprzet.pl\/en\/wp-json\/wp\/v2\/pages"}],"about":[{"href":"https:\/\/hydrosprzet.pl\/en\/wp-json\/wp\/v2\/types\/page"}],"author":[{"embeddable":true,"href":"https:\/\/hydrosprzet.pl\/en\/wp-json\/wp\/v2\/users\/1"}],"replies":[{"embeddable":true,"href":"https:\/\/hydrosprzet.pl\/en\/wp-json\/wp\/v2\/comments?post=7430"}],"version-history":[{"count":5,"href":"https:\/\/hydrosprzet.pl\/en\/wp-json\/wp\/v2\/pages\/7430\/revisions"}],"predecessor-version":[{"id":7447,"href":"https:\/\/hydrosprzet.pl\/en\/wp-json\/wp\/v2\/pages\/7430\/revisions\/7447"}],"wp:attachment":[{"href":"https:\/\/hydrosprzet.pl\/en\/wp-json\/wp\/v2\/media?parent=7430"}],"curies":[{"name":"wp","href":"https:\/\/api.w.org\/{rel}","templated":true}]}}