{"id":7413,"date":"2022-01-05T11:23:52","date_gmt":"2022-01-05T10:23:52","guid":{"rendered":"https:\/\/hydrosprzet.pl\/?page_id=7413"},"modified":"2022-01-12T10:37:16","modified_gmt":"2022-01-12T09:37:16","slug":"oskp","status":"publish","type":"page","link":"https:\/\/hydrosprzet.pl\/en\/oskp\/","title":{"rendered":"OSKP"},"content":{"rendered":"<div class=\"vc_row wpb_row vc_row-fluid\" ><div class=\"wpb_column vc_column_container vc_col-sm-12\"><div class=\"vc_column-inner\"><div class=\"wpb_wrapper\">\r\n\r\n<div class=\"wd_empty_space\" data-heightmobile=\"40\" data-heighttablet=\"40\" data-heightdesktop=\"20\">\r\n\r\n<\/div>\r\n      \r\n\r\n\r\n\r\n        \r\n      \r\n    <\/div><\/div><\/div><div class=\"wpb_column vc_column_container vc_col-sm-12\"><div class=\"vc_column-inner\"><div class=\"wpb_wrapper\"><div class='wd_empty_space' data-heightmobile='50' data-heighttablet='50' data-heightdesktop='50'><\/div>  <div class=\"wd-heading text-center  devia-anim\"\r\n\t\t    style=\"max-width:600px;; margin: 0 auto;\" data-devia-animate='{\"triggerHandler\":\"inview\",\"animationTarget\":\".animation_target\",\"duration\":700,\"delay\":100,\"initValues\":[],\"animations\":{\"ease\":\"Power0.easeNone\"}}'>\r\n\t\t\t\t\t\t\t\t\t\t\t\r\n      <h2 style=\"font-weight:800;font-size:55px;color:#eeee22;\" class=\"title_b animation_target\"\r\n        data-text=\"OSKP\">\r\n\t\t\tOSKP      <\/h2>\r\n\r\n\t\t\t\r\n\t\t    <\/div>\r\n    <div class='wd_empty_space' data-heightmobile='' data-heighttablet='' data-heightdesktop=''><\/div>\r\n\r\n<div class=\"wd_empty_space\" data-heightmobile=\"40\" data-heighttablet=\"40\" data-heightdesktop=\"40\">\r\n\r\n<\/div>\r\n      \r\n\r\n\r\n\r\n        \r\n      \r\n    <\/div><\/div><\/div><\/div><div class=\"vc_row wpb_row vc_row-fluid moved-box--top\" ><div class=\"wpb_column vc_column_container vc_col-sm-7\"><div class=\"vc_column-inner vc_custom_1571915566172\"><div class=\"wpb_wrapper\"><div class='wd_empty_space' data-heightmobile='0' data-heighttablet='0' data-heightdesktop='0'><\/div>  <div class=\"wd-heading text-left  devia-anim\"\r\n\t\tdata-split-options='{\"type\":\"lines\"}' data-split-text='true'  data-split-target='.animation_target'    style=\"; \" data-devia-animate='{\"triggerHandler\":\"inview\",\"animationTarget\":\".item_target\",\"duration\":\"500\",\"delay\":\"100\",\"initValues\":{\"x\":-60,\"y\":250,\"z\":150,\"opacity\":0},\"animations\":{\"x\":0,\"y\":0,\"z\":0,\"opacity\":1,\"ease\":\"Power3.easeOut\"}}'>\r\n\t\t\t\t\t\t\t\t\t\t\t\r\n      <h2 style=\"font-weight:500;font-size:45px;\" class=\"title_b animation_target\"\r\n        data-text=\"OSKP TRZCIANA\">\r\n\t\t\tOSKP TRZCIANA      <\/h2>\r\n\r\n\t\t\t\r\n\t\t    <\/div>\r\n    <div class='wd_empty_space' data-heightmobile='5' data-heighttablet='5' data-heightdesktop='5'><\/div>\n\t<div class=\"wpb_text_column wpb_content_element\" >\n\t\t<div class=\"wpb_wrapper\">\n\t\t\t<p>Zapraszamy do wykonania przegl\u0105du technicznego w Okr\u0119gowej Stacji Kontroli Pojazd\u00f3w w Trzcianie. Oferujemy pe\u0142en zakres bada\u0144 technicznych. Wystawiamy faktury VAT. Nasza Stacja zatrudnia dw\u00f3ch uprawnionych diagnost\u00f3w do przeprowadzania bada\u0144 technicznych pojazd\u00f3w samochodowych. OSKP wykonuje wszechstronne badania techniczne pojazdu osobowego, ci\u0119\u017carowego, a tak\u017ce urz\u0105dze\u0144 rolniczych czy jedno\u015blad\u00f3w. Nasz\u0105 zalet\u0105 jest r\u00f3wnie\u017c posiadanie urz\u0105dze\u0144 do wykonania kontroli aut posiadaj\u0105cych instalacj\u0119 gazow\u0105.<\/p>\n\n\t\t<\/div>\n\t<\/div>\n\r\n\r\n<div class=\"wd_empty_space\" data-heightmobile=\"0\" data-heighttablet=\"40\" data-heightdesktop=\"40\">\r\n\r\n<\/div>\r\n      \r\n\r\n\r\n\r\n        \r\n      \r\n    <\/div><\/div><\/div><div class=\"wpb_column vc_column_container vc_col-sm-5\"><div class=\"vc_column-inner\"><div class=\"wpb_wrapper\">\n\t<div  class=\"wpb_single_image wpb_content_element vc_align_right\">\n\t\t\n\t\t<figure class=\"wpb_wrapper vc_figure\">\n\t\t\t<div class=\"vc_single_image-wrapper   vc_box_border_grey\"><img width=\"2560\" height=\"1440\" src=\"https:\/\/hydrosprzet.pl\/wp-content\/uploads\/2021\/12\/4-scaled.jpg\" class=\"vc_single_image-img attachment-full\" alt=\"\" loading=\"lazy\" srcset=\"https:\/\/hydrosprzet.pl\/wp-content\/uploads\/2021\/12\/4-scaled.jpg 2560w, https:\/\/hydrosprzet.pl\/wp-content\/uploads\/2021\/12\/4-300x169.jpg 300w, https:\/\/hydrosprzet.pl\/wp-content\/uploads\/2021\/12\/4-1024x576.jpg 1024w, https:\/\/hydrosprzet.pl\/wp-content\/uploads\/2021\/12\/4-768x432.jpg 768w, https:\/\/hydrosprzet.pl\/wp-content\/uploads\/2021\/12\/4-1536x864.jpg 1536w, https:\/\/hydrosprzet.pl\/wp-content\/uploads\/2021\/12\/4-2048x1152.jpg 2048w, https:\/\/hydrosprzet.pl\/wp-content\/uploads\/2021\/12\/4-16x9.jpg 16w, https:\/\/hydrosprzet.pl\/wp-content\/uploads\/2021\/12\/4-800x450.jpg 800w\" sizes=\"(max-width: 2560px) 100vw, 2560px\" \/><\/div>\n\t\t<\/figure>\n\t<\/div>\n<\/div><\/div><\/div><\/div><div data-vc-full-width=\"true\" data-vc-full-width-init=\"false\" class=\"vc_row wpb_row vc_row-fluid text-icon--text-white vc_custom_1640939151726 vc_row-has-fill\" ><div class=\"wpb_column vc_column_container vc_col-sm-6\"><div class=\"vc_column-inner\"><div class=\"wpb_wrapper\">\n\t<div class=\"wpb_text_column wpb_content_element  wpb_animate_when_almost_visible wpb_right-to-left right-to-left\" >\n\t\t<div class=\"wpb_wrapper\">\n\t\t\t\n\t\t<\/div>\n\t<\/div>\n\r\n\r\n<div class=\"wd_empty_space\" data-heightmobile=\"40\" data-heighttablet=\"40\" data-heightdesktop=\"40\">\r\n\r\n<\/div>\r\n      \r\n\r\n\r\n\r\n        \r\n      \r\n    \r\n\r\n<div class=\"wd_empty_space\" data-heightmobile=\"40\" data-heighttablet=\"40\" data-heightdesktop=\"500\">\r\n\r\n<\/div>\r\n      \r\n\r\n\r\n\r\n        \r\n      \r\n    <\/div><\/div><\/div><div class=\"wpb_column vc_column_container vc_col-sm-6\"><div class=\"vc_column-inner\"><div class=\"wpb_wrapper\">\n\t<div class=\"wpb_text_column wpb_content_element  wpb_animate_when_almost_visible wpb_right-to-left right-to-left\" >\n\t\t<div class=\"wpb_wrapper\">\n\t\t\t\n\t\t<\/div>\n\t<\/div>\n\r\n\r\n<div class=\"wd_empty_space\" data-heightmobile=\"40\" data-heighttablet=\"40\" data-heightdesktop=\"40\">\r\n\r\n<\/div>\r\n      \r\n\r\n\r\n\r\n        \r\n      \r\n    \r\n\r\n<div class=\"wd_empty_space\" data-heightmobile=\"40\" data-heighttablet=\"40\" data-heightdesktop=\"500\">\r\n\r\n<\/div>\r\n      \r\n\r\n\r\n\r\n        \r\n      \r\n    <\/div><\/div><\/div><\/div><div class=\"vc_row-full-width vc_clearfix\"><\/div><div class=\"vc_row wpb_row vc_row-fluid\" ><div class=\"wpb_column vc_column_container vc_col-sm-12\"><div class=\"vc_column-inner\"><div class=\"wpb_wrapper\"><div class='wd_empty_space' data-heightmobile='' data-heighttablet='' data-heightdesktop=''><\/div>  <div class=\"wd-heading text-left\"\r\n\t\tdata-split-options='{\"type\":\"chars, words\"}' data-split-text='true'  data-split-target='.animation_target'    style=\"; \" data-devia-animate=''>\r\n\t\t\t\t\t\t\t\t        <p style=\"font-size:1px;\" class=\"sub_title_b animation_target\">\r\n\t\t\t\tJeste\u015bmy dla was!        <\/p>\r\n\t\t\t\t\t\t\r\n      <h3 style=\"\" class=\"title_b animation_target\"\r\n        data-text=\"Jeste\u015bmy dla was!\">\r\n\t\t\tZakres bada\u0144 technicznych:      <\/h3>\r\n\r\n\t\t\t\r\n\t\t    <\/div>\r\n    <div class='wd_empty_space' data-heightmobile='20' data-heighttablet='20' data-heightdesktop='30'><\/div><\/div><\/div><\/div><\/div><div class=\"vc_row wpb_row vc_row-fluid\" ><div class=\"wpb_column vc_column_container vc_col-sm-8\"><div class=\"vc_column-inner\"><div class=\"wpb_wrapper\">\n\t<div class=\"wpb_text_column wpb_content_element\" >\n\t\t<div class=\"wpb_wrapper\">\n\t\t\t<p>Wykonujemy <strong>OKRESOWE<\/strong> badania techniczne wszystkich rodzaj\u00f3w pojazd\u00f3w:<\/p>\n<p>\u2013 samochody osobowe<br \/>\n\u2013 samochody ci\u0119\u017carowe<br \/>\n\u2013 samochody specjalne (po\u017carnicze, pomoc drogowa, kempingowy)<br \/>\n\u2013 przyczepy ci\u0119\u017carowe, rolnicze, specjalne, naczepy<br \/>\n\u2013 autobusy<br \/>\n\u2013 motocykle, motorowery<br \/>\n\u2013 ci\u0105gniki rolnicze<br \/>\n\u2013 pojazdy samochodowe inne (quady)<br \/>\n\u2013 pierwsze badania okresowe pojazd\u00f3w sprowadzonych z zagranicy<\/p>\n<p>Jako Okr\u0119gowa SKP wykonujemy tak\u017ce wszystkie rodzaje bada\u0144 DODATKOWYCH:<\/p>\n<p>\u2013 badanie powypadkowe\/pokolizyjne<br \/>\n\u2013 badanie za usterki stwierdzone podczas kontroli drogowej<br \/>\n\u2013 badanie pojazdu w kt\u00f3rym dokonano zmian konstrukcyjnych<br \/>\n\u2013 badanie pojazdu z instalacj\u0105 gazow\u0105<br \/>\n\u2013 badanie po monta\u017cu haka holowniczego<br \/>\n\u2013 badanie pojazdu TAXI, NAUKA JAZDY, BUS 100,<br \/>\n\u2013 badanie pojazdu do przewozu materia\u0142\u00f3w niebezpiecznych ADR<br \/>\n\u2013 badanie na VAT, CIT, PIT<br \/>\n\u2013 badania pojazd\u00f3w zabytkowych<br \/>\n\u2013 badanie w celu ustalenia danych technicznych pojazdu<br \/>\n\u2013 nadawanie i wybijanie numer\u00f3w identyfikacyjnych oraz tabliczek znamionowych<\/p>\n\n\t\t<\/div>\n\t<\/div>\n<\/div><\/div><\/div><div class=\"wpb_column vc_column_container vc_col-sm-4\"><div class=\"vc_column-inner\"><div class=\"wpb_wrapper\">\n\t<div  class=\"wpb_single_image wpb_content_element vc_align_right  wpb_animate_when_almost_visible wpb_bounceInRight bounceInRight\">\n\t\t\n\t\t<figure class=\"wpb_wrapper vc_figure\">\n\t\t\t<div class=\"vc_single_image-wrapper   vc_box_border_grey\"><img width=\"2560\" height=\"1440\" src=\"https:\/\/hydrosprzet.pl\/wp-content\/uploads\/2021\/12\/14-scaled.jpg\" class=\"vc_single_image-img attachment-full\" alt=\"\" loading=\"lazy\" srcset=\"https:\/\/hydrosprzet.pl\/wp-content\/uploads\/2021\/12\/14-scaled.jpg 2560w, https:\/\/hydrosprzet.pl\/wp-content\/uploads\/2021\/12\/14-300x169.jpg 300w, https:\/\/hydrosprzet.pl\/wp-content\/uploads\/2021\/12\/14-1024x576.jpg 1024w, https:\/\/hydrosprzet.pl\/wp-content\/uploads\/2021\/12\/14-768x432.jpg 768w, https:\/\/hydrosprzet.pl\/wp-content\/uploads\/2021\/12\/14-1536x864.jpg 1536w, https:\/\/hydrosprzet.pl\/wp-content\/uploads\/2021\/12\/14-2048x1152.jpg 2048w, https:\/\/hydrosprzet.pl\/wp-content\/uploads\/2021\/12\/14-16x9.jpg 16w, https:\/\/hydrosprzet.pl\/wp-content\/uploads\/2021\/12\/14-800x450.jpg 800w\" sizes=\"(max-width: 2560px) 100vw, 2560px\" \/><\/div>\n\t\t<\/figure>\n\t<\/div>\n\r\n\r\n<div class=\"wd_empty_space\" data-heightmobile=\"20\" data-heighttablet=\"130px\" data-heightdesktop=\"5\">\r\n\r\n<\/div>\r\n      \r\n\r\n\r\n\r\n        \r\n      \r\n    \n\t<div  class=\"wpb_single_image wpb_content_element vc_align_right  wpb_animate_when_almost_visible wpb_bounceInRight bounceInRight\">\n\t\t\n\t\t<figure class=\"wpb_wrapper vc_figure\">\n\t\t\t<div class=\"vc_single_image-wrapper   vc_box_border_grey\"><img width=\"2560\" height=\"1440\" src=\"https:\/\/hydrosprzet.pl\/wp-content\/uploads\/2022\/01\/5-scaled.jpg\" class=\"vc_single_image-img attachment-full\" alt=\"\" loading=\"lazy\" srcset=\"https:\/\/hydrosprzet.pl\/wp-content\/uploads\/2022\/01\/5-scaled.jpg 2560w, https:\/\/hydrosprzet.pl\/wp-content\/uploads\/2022\/01\/5-300x169.jpg 300w, https:\/\/hydrosprzet.pl\/wp-content\/uploads\/2022\/01\/5-1024x576.jpg 1024w, https:\/\/hydrosprzet.pl\/wp-content\/uploads\/2022\/01\/5-768x432.jpg 768w, https:\/\/hydrosprzet.pl\/wp-content\/uploads\/2022\/01\/5-1536x864.jpg 1536w, https:\/\/hydrosprzet.pl\/wp-content\/uploads\/2022\/01\/5-2048x1152.jpg 2048w, https:\/\/hydrosprzet.pl\/wp-content\/uploads\/2022\/01\/5-16x9.jpg 16w, https:\/\/hydrosprzet.pl\/wp-content\/uploads\/2022\/01\/5-800x450.jpg 800w\" sizes=\"(max-width: 2560px) 100vw, 2560px\" \/><\/div>\n\t\t<\/figure>\n\t<\/div>\n\r\n\r\n<div class=\"wd_empty_space\" data-heightmobile=\"20\" data-heighttablet=\"130px\" data-heightdesktop=\"5\">\r\n\r\n<\/div>\r\n      \r\n\r\n\r\n\r\n        \r\n      \r\n    \n\t<div  class=\"wpb_single_image wpb_content_element vc_align_right  wpb_animate_when_almost_visible wpb_bounceInRight bounceInRight\">\n\t\t\n\t\t<figure class=\"wpb_wrapper vc_figure\">\n\t\t\t<div class=\"vc_single_image-wrapper   vc_box_border_grey\"><img width=\"2560\" height=\"1440\" src=\"https:\/\/hydrosprzet.pl\/wp-content\/uploads\/2022\/01\/37-scaled.jpg\" class=\"vc_single_image-img attachment-full\" alt=\"\" loading=\"lazy\" srcset=\"https:\/\/hydrosprzet.pl\/wp-content\/uploads\/2022\/01\/37-scaled.jpg 2560w, https:\/\/hydrosprzet.pl\/wp-content\/uploads\/2022\/01\/37-300x169.jpg 300w, https:\/\/hydrosprzet.pl\/wp-content\/uploads\/2022\/01\/37-1024x576.jpg 1024w, https:\/\/hydrosprzet.pl\/wp-content\/uploads\/2022\/01\/37-768x432.jpg 768w, https:\/\/hydrosprzet.pl\/wp-content\/uploads\/2022\/01\/37-1536x864.jpg 1536w, https:\/\/hydrosprzet.pl\/wp-content\/uploads\/2022\/01\/37-2048x1152.jpg 2048w, https:\/\/hydrosprzet.pl\/wp-content\/uploads\/2022\/01\/37-16x9.jpg 16w, https:\/\/hydrosprzet.pl\/wp-content\/uploads\/2022\/01\/37-800x450.jpg 800w\" sizes=\"(max-width: 2560px) 100vw, 2560px\" \/><\/div>\n\t\t<\/figure>\n\t<\/div>\n<\/div><\/div><\/div><\/div><div class=\"vc_row wpb_row vc_row-fluid\" ><div class=\"wpb_column vc_column_container vc_col-sm-8\"><div class=\"vc_column-inner\"><div class=\"wpb_wrapper\"><\/div><\/div><\/div><div class=\"wpb_column vc_column_container vc_col-sm-4\"><div class=\"vc_column-inner\"><div class=\"wpb_wrapper\"><\/div><\/div><\/div><\/div>","protected":false},"excerpt":{"rendered":"OSKP OSKP TRZCIANA Zapraszamy do wykonania przegl\u0105du technicznego w Okr\u0119gowej Stacji Kontroli Pojazd\u00f3w w Trzcianie. Oferujemy pe\u0142en zakres bada\u0144 technicznych. Wystawiamy faktury VAT. Nasza Stacja zatrudnia dw\u00f3ch uprawnionych diagnost\u00f3w do przeprowadzania bada\u0144 technicznych pojazd\u00f3w samochodowych. OSKP wykonuje wszechstronne badania techniczne pojazdu osobowego, ci\u0119\u017carowego, a tak\u017ce urz\u0105dze\u0144 rolniczych czy jedno\u015blad\u00f3w. Nasz\u0105 zalet\u0105 jest r\u00f3wnie\u017c posiadanie urz\u0105dze\u0144 [...]","protected":false},"author":1,"featured_media":0,"parent":0,"menu_order":0,"comment_status":"closed","ping_status":"closed","template":"","meta":[],"yoast_head":"<!-- This site is optimized with the Yoast SEO plugin v17.3 - https:\/\/yoast.com\/wordpress\/plugins\/seo\/ -->\n<title>OSKP TRZCIANA - Hydrosprz\u0119t<\/title>\n<meta name=\"description\" content=\"Zapraszamy do wykonania przegl\u0105du technicznego w Okr\u0119gowej Stacji Kontroli Pojazd\u00f3w w Trzcianie. Oferujemy pe\u0142en zakres bada\u0144 technicznych.\" \/>\n<meta name=\"robots\" content=\"index, follow, max-snippet:-1, max-image-preview:large, max-video-preview:-1\" \/>\n<link rel=\"canonical\" href=\"https:\/\/hydrosprzet.pl\/en\/oskp\/\" \/>\n<meta property=\"og:locale\" content=\"en_US\" \/>\n<meta property=\"og:type\" content=\"article\" \/>\n<meta property=\"og:title\" content=\"OSKP TRZCIANA - Hydrosprz\u0119t\" \/>\n<meta property=\"og:description\" content=\"Zapraszamy do wykonania przegl\u0105du technicznego w Okr\u0119gowej Stacji Kontroli Pojazd\u00f3w w Trzcianie. Oferujemy pe\u0142en zakres bada\u0144 technicznych.\" \/>\n<meta property=\"og:url\" content=\"https:\/\/hydrosprzet.pl\/en\/oskp\/\" \/>\n<meta property=\"og:site_name\" content=\"Hydrosprz\u0119t\" \/>\n<meta property=\"article:modified_time\" content=\"2022-01-12T09:37:16+00:00\" \/>\n<meta name=\"twitter:card\" content=\"summary_large_image\" \/>\n<meta name=\"twitter:label1\" content=\"Est. reading time\" \/>\n\t<meta name=\"twitter:data1\" content=\"2 minutes\" \/>\n<script type=\"application\/ld+json\" class=\"yoast-schema-graph\">{\"@context\":\"https:\/\/schema.org\",\"@graph\":[{\"@type\":\"WebSite\",\"@id\":\"https:\/\/hydrosprzet.pl\/#website\",\"url\":\"https:\/\/hydrosprzet.pl\/\",\"name\":\"Hydrosprz\\u0119t\",\"description\":\"Maszyny budowlane\",\"potentialAction\":[{\"@type\":\"SearchAction\",\"target\":{\"@type\":\"EntryPoint\",\"urlTemplate\":\"https:\/\/hydrosprzet.pl\/?s={search_term_string}\"},\"query-input\":\"required name=search_term_string\"}],\"inLanguage\":\"en-US\"},{\"@type\":\"WebPage\",\"@id\":\"https:\/\/hydrosprzet.pl\/oskp\/#webpage\",\"url\":\"https:\/\/hydrosprzet.pl\/oskp\/\",\"name\":\"OSKP TRZCIANA - Hydrosprz\\u0119t\",\"isPartOf\":{\"@id\":\"https:\/\/hydrosprzet.pl\/#website\"},\"datePublished\":\"2022-01-05T10:23:52+00:00\",\"dateModified\":\"2022-01-12T09:37:16+00:00\",\"description\":\"Zapraszamy do wykonania przegl\\u0105du technicznego w Okr\\u0119gowej Stacji Kontroli Pojazd\\u00f3w w Trzcianie. Oferujemy pe\\u0142en zakres bada\\u0144 technicznych.\",\"breadcrumb\":{\"@id\":\"https:\/\/hydrosprzet.pl\/oskp\/#breadcrumb\"},\"inLanguage\":\"en-US\",\"potentialAction\":[{\"@type\":\"ReadAction\",\"target\":[\"https:\/\/hydrosprzet.pl\/oskp\/\"]}]},{\"@type\":\"BreadcrumbList\",\"@id\":\"https:\/\/hydrosprzet.pl\/oskp\/#breadcrumb\",\"itemListElement\":[{\"@type\":\"ListItem\",\"position\":1,\"name\":\"Strona g\\u0142\\u00f3wna\",\"item\":\"https:\/\/hydrosprzet.pl\/\"},{\"@type\":\"ListItem\",\"position\":2,\"name\":\"OSKP\"}]}]}<\/script>\n<!-- \/ Yoast SEO plugin. -->","yoast_head_json":{"title":"OSKP TRZCIANA - Hydrosprz\u0119t","description":"Zapraszamy do wykonania przegl\u0105du technicznego w Okr\u0119gowej Stacji Kontroli Pojazd\u00f3w w Trzcianie. Oferujemy pe\u0142en zakres bada\u0144 technicznych.","robots":{"index":"index","follow":"follow","max-snippet":"max-snippet:-1","max-image-preview":"max-image-preview:large","max-video-preview":"max-video-preview:-1"},"canonical":"https:\/\/hydrosprzet.pl\/en\/oskp\/","og_locale":"en_US","og_type":"article","og_title":"OSKP TRZCIANA - Hydrosprz\u0119t","og_description":"Zapraszamy do wykonania przegl\u0105du technicznego w Okr\u0119gowej Stacji Kontroli Pojazd\u00f3w w Trzcianie. Oferujemy pe\u0142en zakres bada\u0144 technicznych.","og_url":"https:\/\/hydrosprzet.pl\/en\/oskp\/","og_site_name":"Hydrosprz\u0119t","article_modified_time":"2022-01-12T09:37:16+00:00","twitter_card":"summary_large_image","twitter_misc":{"Est. reading time":"2 minutes"},"schema":{"@context":"https:\/\/schema.org","@graph":[{"@type":"WebSite","@id":"https:\/\/hydrosprzet.pl\/#website","url":"https:\/\/hydrosprzet.pl\/","name":"Hydrosprz\u0119t","description":"Maszyny budowlane","potentialAction":[{"@type":"SearchAction","target":{"@type":"EntryPoint","urlTemplate":"https:\/\/hydrosprzet.pl\/?s={search_term_string}"},"query-input":"required name=search_term_string"}],"inLanguage":"en-US"},{"@type":"WebPage","@id":"https:\/\/hydrosprzet.pl\/oskp\/#webpage","url":"https:\/\/hydrosprzet.pl\/oskp\/","name":"OSKP TRZCIANA - Hydrosprz\u0119t","isPartOf":{"@id":"https:\/\/hydrosprzet.pl\/#website"},"datePublished":"2022-01-05T10:23:52+00:00","dateModified":"2022-01-12T09:37:16+00:00","description":"Zapraszamy do wykonania przegl\u0105du technicznego w Okr\u0119gowej Stacji Kontroli Pojazd\u00f3w w Trzcianie. Oferujemy pe\u0142en zakres bada\u0144 technicznych.","breadcrumb":{"@id":"https:\/\/hydrosprzet.pl\/oskp\/#breadcrumb"},"inLanguage":"en-US","potentialAction":[{"@type":"ReadAction","target":["https:\/\/hydrosprzet.pl\/oskp\/"]}]},{"@type":"BreadcrumbList","@id":"https:\/\/hydrosprzet.pl\/oskp\/#breadcrumb","itemListElement":[{"@type":"ListItem","position":1,"name":"Strona g\u0142\u00f3wna","item":"https:\/\/hydrosprzet.pl\/"},{"@type":"ListItem","position":2,"name":"OSKP"}]}]}},"_links":{"self":[{"href":"https:\/\/hydrosprzet.pl\/en\/wp-json\/wp\/v2\/pages\/7413"}],"collection":[{"href":"https:\/\/hydrosprzet.pl\/en\/wp-json\/wp\/v2\/pages"}],"about":[{"href":"https:\/\/hydrosprzet.pl\/en\/wp-json\/wp\/v2\/types\/page"}],"author":[{"embeddable":true,"href":"https:\/\/hydrosprzet.pl\/en\/wp-json\/wp\/v2\/users\/1"}],"replies":[{"embeddable":true,"href":"https:\/\/hydrosprzet.pl\/en\/wp-json\/wp\/v2\/comments?post=7413"}],"version-history":[{"count":17,"href":"https:\/\/hydrosprzet.pl\/en\/wp-json\/wp\/v2\/pages\/7413\/revisions"}],"predecessor-version":[{"id":7443,"href":"https:\/\/hydrosprzet.pl\/en\/wp-json\/wp\/v2\/pages\/7413\/revisions\/7443"}],"wp:attachment":[{"href":"https:\/\/hydrosprzet.pl\/en\/wp-json\/wp\/v2\/media?parent=7413"}],"curies":[{"name":"wp","href":"https:\/\/api.w.org\/{rel}","templated":true}]}}