{"id":7138,"date":"2021-04-13T10:27:07","date_gmt":"2021-04-13T08:27:07","guid":{"rendered":"https:\/\/hydrosprzet.pl\/?page_id=7138"},"modified":"2025-01-20T12:37:53","modified_gmt":"2025-01-20T11:37:53","slug":"czesci-rexroth","status":"publish","type":"page","link":"https:\/\/hydrosprzet.pl\/en\/czesci-rexroth\/","title":{"rendered":"Cz\u0119\u015bci Marki Rexroth"},"content":{"rendered":"<div class=\"vc_row wpb_row vc_row-fluid\" ><div class=\"wpb_column vc_column_container vc_col-sm-12\"><div class=\"vc_column-inner\"><div class=\"wpb_wrapper\">\r\n\r\n<div class=\"wd_empty_space\" data-heightmobile=\"20\" data-heighttablet=\"20\" data-heightdesktop=\"10\">\r\n\r\n<\/div>\r\n      \r\n\r\n\r\n\r\n        \r\n      \r\n    <\/div><\/div><\/div><\/div><div class=\"vc_row wpb_row vc_row-fluid moved-box--top\" ><div class=\"wpb_column vc_column_container vc_col-sm-7\"><div class=\"vc_column-inner vc_custom_1571915566172\"><div class=\"wpb_wrapper\"><div class='wd_empty_space' data-heightmobile='0' data-heighttablet='0' data-heightdesktop='0'><\/div>  <div class=\"wd-heading text-left  devia-anim\"\r\n\t\tdata-split-options='{\"type\":\"lines\"}' data-split-text='true'  data-split-target='.animation_target'    style=\"; \" data-devia-animate='{\"triggerHandler\":\"inview\",\"animationTarget\":\".item_target\",\"duration\":\"500\",\"delay\":\"100\",\"initValues\":{\"x\":-60,\"y\":250,\"z\":150,\"opacity\":0},\"animations\":{\"x\":0,\"y\":0,\"z\":0,\"opacity\":1,\"ease\":\"Power3.easeOut\"}}'>\r\n\t\t\t\t\t\t\t\t\t\t\t\r\n      <h2 style=\"font-weight:500;font-size:45px;\" class=\"title_b animation_target\"\r\n        data-text=\"BOSCH REXROTH - HYDROSPRZ\u0118T\">\r\n\t\t\tBOSCH REXROTH - HYDROSPRZ\u0118T      <\/h2>\r\n\r\n\t\t\t\r\n\t\t    <\/div>\r\n    <div class='wd_empty_space' data-heightmobile='5' data-heighttablet='5' data-heightdesktop='5'><\/div>\n\t<div class=\"wpb_text_column wpb_content_element\" >\n\t\t<div class=\"wpb_wrapper\">\n\t\t\t<p><a href=\"https:\/\/hydrosprzet.pl\/en\/uslugi\/\">HYDROSPRZ\u0118T<\/a> jest ekspertem w dziedzinie sprzeda\u017cy, naprawy i konserwacji pomp hydraulicznych, silnik\u00f3w, cylindr\u00f3w, zawor\u00f3w i komponent\u00f3w do zastosowa\u0144 mobilnych, morskich, przybrze\u017cnych, przemys\u0142owych, g\u00f3rniczych i transportowych. Hydrosprz\u0119t dzia\u0142a na terenie ca\u0142ego kraju i od ponad 26 lat codziennie zapewnia doskona\u0142e us\u0142ugi dzi\u0119ki wysoko wykwalifikowanemu i wyspecjalizowanemu personelowi. Sprzedajemy wy\u0142\u0105cznie oryginalne komponenty rexroth i regenerujemy trudne do znalezienia cz\u0119\u015bci zamienne oraz montujemy komponenty hydrauliczne w naszych dedykowanych zak\u0142adach. Mo\u017cemy regenerowa\u0107 elementy hydrauliczne poprzez obr\u00f3bk\u0119 skrawaniem, odnawianie powierzchni, hartowanie itp.<\/p>\n\n\t\t<\/div>\n\t<\/div>\n<div class=\"vc_row wpb_row vc_inner vc_row-fluid vc_custom_1562157304682\"><div class=\"wpb_column vc_column_container vc_col-sm-6\"><div class=\"vc_column-inner\"><div class=\"wpb_wrapper\"><\/div><\/div><\/div><div class=\"wpb_column vc_column_container vc_col-sm-6\"><div class=\"vc_column-inner\"><div class=\"wpb_wrapper\"><\/div><\/div><\/div><\/div>\r\n  <div\r\n    class=\"wd-btn-wrap text-left\" >\r\n    <a href=\"https:\/\/www.dressta.com\/pl_PL\/\" class=\"wd-btn btn-solid btn-color-1 hover-color-3 btn-medium btn-none  icon-after\"\r\n      \r\n\r\n    >\r\n      SEE MORE    <\/a>\r\n  <\/div>\r\n\r\n  \r\n\r\n<div class=\"wd_empty_space\" data-heightmobile=\"0\" data-heighttablet=\"40\" data-heightdesktop=\"50\">\r\n\r\n<\/div>\r\n      \r\n\r\n\r\n\r\n        \r\n      \r\n    <\/div><\/div><\/div><div class=\"wpb_column vc_column_container vc_col-sm-5\"><div class=\"vc_column-inner\"><div class=\"wpb_wrapper\">\r\n\r\n<div class=\"wd_empty_space\" data-heightmobile=\"130px\" data-heighttablet=\"130px\" data-heightdesktop=\"60\">\r\n\r\n<\/div>\r\n      \r\n\r\n\r\n\r\n        \r\n      \r\n    <\/div><\/div><\/div><\/div><div data-vc-full-width=\"true\" data-vc-full-width-init=\"false\" class=\"vc_row wpb_row vc_row-fluid text-icon--text-white vc_custom_1618309383548 vc_row-has-fill\" ><div class=\"wpb_column vc_column_container vc_col-sm-6\"><div class=\"vc_column-inner\"><div class=\"wpb_wrapper\"><div class='wd_empty_space' data-heightmobile='80' data-heighttablet='80' data-heightdesktop='80'><\/div>  <div class=\"wd-heading text-center\"\r\n\t\t    style=\"; \" data-devia-animate=''>\r\n\t\t\t\t\t\t\t\t\t\t\t\r\n      <h2 style=\"color:#ffffff;\" class=\"title_a\"\r\n        data-text=\"CZ\u0118\u015aCI\">\r\n\t\t\tCZ\u0118\u015aCI      <\/h2>\r\n\r\n\t\t\t<hr class='hr_a' style=' margin: 10px auto;'\/>\r\n\t\t    <\/div>\r\n    <div class='wd_empty_space' data-heightmobile='40' data-heighttablet='40' data-heightdesktop='40'><\/div>\n\t<div class=\"wpb_text_column wpb_content_element  wpb_animate_when_almost_visible wpb_right-to-left right-to-left\" >\n\t\t<div class=\"wpb_wrapper\">\n\t\t\t\n\t\t<\/div>\n\t<\/div>\n\r\n\r\n<div class=\"wd_empty_space\" data-heightmobile=\"40\" data-heighttablet=\"40\" data-heightdesktop=\"40\">\r\n\r\n<\/div>\r\n      \r\n\r\n\r\n\r\n        \r\n      \r\n    \r\n\r\n<div class=\"wd_empty_space\" data-heightmobile=\"40\" data-heighttablet=\"40\" data-heightdesktop=\"40\">\r\n\r\n<\/div>\r\n      \r\n\r\n\r\n\r\n        \r\n      \r\n    <\/div><\/div><\/div><div class=\"wpb_column vc_column_container vc_col-sm-6\"><div class=\"vc_column-inner\"><div class=\"wpb_wrapper\"><div class='wd_empty_space' data-heightmobile='80' data-heighttablet='80' data-heightdesktop='80'><\/div>  <div class=\"wd-heading text-center\"\r\n\t\t    style=\"; \" data-devia-animate=''>\r\n\t\t\t\t\t\t\t\t\t\t\t\r\n      <h2 style=\"color:#ffffff;\" class=\"title_a\"\r\n        data-text=\"REXROTH\">\r\n\t\t\tREXROTH      <\/h2>\r\n\r\n\t\t\t<hr class='hr_a' style=' margin: 10px auto;'\/>\r\n\t\t    <\/div>\r\n    <div class='wd_empty_space' data-heightmobile='40' data-heighttablet='40' data-heightdesktop='40'><\/div>\n\t<div class=\"wpb_text_column wpb_content_element  wpb_animate_when_almost_visible wpb_right-to-left right-to-left\" >\n\t\t<div class=\"wpb_wrapper\">\n\t\t\t\n\t\t<\/div>\n\t<\/div>\n\r\n\r\n<div class=\"wd_empty_space\" data-heightmobile=\"40\" data-heighttablet=\"40\" data-heightdesktop=\"40\">\r\n\r\n<\/div>\r\n      \r\n\r\n\r\n\r\n        \r\n      \r\n    \r\n\r\n<div class=\"wd_empty_space\" data-heightmobile=\"40\" data-heighttablet=\"40\" data-heightdesktop=\"40\">\r\n\r\n<\/div>\r\n      \r\n\r\n\r\n\r\n        \r\n      \r\n    <\/div><\/div><\/div><\/div><div class=\"vc_row-full-width vc_clearfix\"><\/div><div class=\"vc_row wpb_row vc_row-fluid\" ><div class=\"wpb_column vc_column_container vc_col-sm-12\"><div class=\"vc_column-inner\"><div class=\"wpb_wrapper\"><div class='wd_empty_space' data-heightmobile='' data-heighttablet='' data-heightdesktop=''><\/div>  <div class=\"wd-heading text-left\"\r\n\t\tdata-split-options='{\"type\":\"chars, words\"}' data-split-text='true'  data-split-target='.animation_target'    style=\"; \" data-devia-animate=''>\r\n\t\t\t\t\t\t\t\t        <p style=\"font-size:1px;\" class=\"sub_title_b animation_target\">\r\n\t\t\t\tJeste\u015bmy dla was!        <\/p>\r\n\t\t\t\t\t\t\r\n      <h3 style=\"\" class=\"title_b animation_target\"\r\n        data-text=\"Jeste\u015bmy dla was!\">\r\n\t\t\tWSP\u00d3\u0141PRACA BOSCH REXROTH Z HYDROSPRZ\u0118T!      <\/h3>\r\n\r\n\t\t\t\r\n\t\t    <\/div>\r\n    <div class='wd_empty_space' data-heightmobile='20' data-heighttablet='20' data-heightdesktop='30'><\/div><\/div><\/div><\/div><\/div><div class=\"vc_row wpb_row vc_row-fluid moved-box--top\" ><div class=\"wpb_animate_when_almost_visible wpb_bounceInLeft bounceInLeft wpb_column vc_column_container vc_col-sm-5\"><div class=\"vc_column-inner\"><div class=\"wpb_wrapper\">\n\t<div  class=\"wpb_single_image wpb_content_element vc_align_left\">\n\t\t\n\t\t<figure class=\"wpb_wrapper vc_figure\">\n\t\t\t<div class=\"vc_single_image-wrapper   vc_box_border_grey\"><img width=\"2560\" height=\"1707\" src=\"https:\/\/hydrosprzet.pl\/wp-content\/uploads\/2021\/04\/DSC04623-1-scaled.jpg\" class=\"vc_single_image-img attachment-full\" alt=\"cz\u0119\u015bci rexroth\" loading=\"lazy\" srcset=\"https:\/\/hydrosprzet.pl\/wp-content\/uploads\/2021\/04\/DSC04623-1-scaled.jpg 2560w, https:\/\/hydrosprzet.pl\/wp-content\/uploads\/2021\/04\/DSC04623-1-300x200.jpg 300w, https:\/\/hydrosprzet.pl\/wp-content\/uploads\/2021\/04\/DSC04623-1-1024x683.jpg 1024w, https:\/\/hydrosprzet.pl\/wp-content\/uploads\/2021\/04\/DSC04623-1-768x512.jpg 768w, https:\/\/hydrosprzet.pl\/wp-content\/uploads\/2021\/04\/DSC04623-1-1536x1024.jpg 1536w, https:\/\/hydrosprzet.pl\/wp-content\/uploads\/2021\/04\/DSC04623-1-2048x1365.jpg 2048w, https:\/\/hydrosprzet.pl\/wp-content\/uploads\/2021\/04\/DSC04623-1-16x12.jpg 16w, https:\/\/hydrosprzet.pl\/wp-content\/uploads\/2021\/04\/DSC04623-1-800x533.jpg 800w\" sizes=\"(max-width: 2560px) 100vw, 2560px\" \/><\/div>\n\t\t<\/figure>\n\t<\/div>\n<\/div><\/div><\/div><div class=\"wpb_animate_when_almost_visible wpb_bounceInRight bounceInRight wpb_column vc_column_container vc_col-sm-7\"><div class=\"vc_column-inner vc_custom_1612266349241\"><div class=\"wpb_wrapper\">\r\n\r\n<div class=\"wd_empty_space\" data-heightmobile=\"40\" data-heighttablet=\"40\" data-heightdesktop=\"40\">\r\n\r\n<\/div>\r\n      \r\n\r\n\r\n\r\n        \r\n      \r\n    \n\t<div class=\"wpb_text_column wpb_content_element\" >\n\t\t<div class=\"wpb_wrapper\">\n\t\t\t<p>HYDROSPRZ\u0118T oferuje tylko oryginalne podzespo\u0142y REXROTH BOSCH GROUP. Dzi\u0119ki d\u0142ugiemu do\u015bwiadczeniu w sprzeda\u017cy cz\u0119\u015bci zamiennych do pomp hydraulicznych i silnik\u00f3w, za ka\u017cdym razem znajdziemy dla Ciebie odpowiednie cz\u0119\u015bci. Mamy dost\u0119p do najwi\u0119kszych oryginalnych zapas\u00f3w Bosch Rexroth w Europie, dzi\u0119ki czemu zawsze mo\u017cemy zagwarantowa\u0107 szybkie terminy dostaw po konkurencyjnych cenach. Oferujemy tylko oryginalne cz\u0119\u015bci. Nie nara\u017caj integralno\u015bci swojej maszyny i nie ryzykuj kosztownych przestoj\u00f3w, nie d\u0105\u017c\u0105c do tego, co najlepsze. Kupuj oryginalne cz\u0119\u015bci z Hydrosprz\u0119t!<\/p>\n\n\t\t<\/div>\n\t<\/div>\n<\/div><\/div><\/div><\/div><div class=\"vc_row wpb_row vc_row-fluid\" ><div class=\"wpb_column vc_column_container vc_col-sm-12\"><div class=\"vc_column-inner\"><div class=\"wpb_wrapper\">\r\n\r\n<div class=\"wd_empty_space\" data-heightmobile=\"40\" data-heighttablet=\"40\" data-heightdesktop=\"40\">\r\n\r\n<\/div>\r\n      \r\n\r\n\r\n\r\n        \r\n      \r\n    <\/div><\/div><\/div><\/div><div class=\"vc_row wpb_row vc_row-fluid moved-box--top\" ><div class=\"wpb_animate_when_almost_visible wpb_bounceInLeft bounceInLeft wpb_column vc_column_container vc_col-sm-7\"><div class=\"vc_column-inner vc_custom_1612266437318\"><div class=\"wpb_wrapper\">\r\n\r\n<div class=\"wd_empty_space\" data-heightmobile=\"40\" data-heighttablet=\"40\" data-heightdesktop=\"40\">\r\n\r\n<\/div>\r\n      \r\n\r\n\r\n\r\n        \r\n      \r\n    \n\t<div class=\"wpb_text_column wpb_content_element\" >\n\t\t<div class=\"wpb_wrapper\">\n\t\t\t<p>HYDROSPRZ\u0118T specjalizuje si\u0119 w dystrybucji pomp hydraulicznych, silnik\u00f3w, zawor\u00f3w i cz\u0119\u015bci zamiennych BOSCH REXROTH. Jako jeden z wiod\u0105cych \u015bwiatowych i wiod\u0105cych dostawc\u00f3w technologii nap\u0119d\u00f3w i sterowania, BOSCH REXROTH gwarantuje wydajne, mocne i bezpieczne ruchy maszyn i system\u00f3w ka\u017cdej wielko\u015bci. Firma \u0142\u0105czy swoje globalne know-how w zakresie aplikacji mobilnych, aplikacji maszynowych i in\u017cynierii, automatyzacji fabryk i energii odnawialnej, aby opracowywa\u0107 innowacyjne cz\u0119\u015bci oraz dostosowane do potrzeb rozwi\u0105zania systemowe i us\u0142ugi.<\/p>\n\n\t\t<\/div>\n\t<\/div>\n<\/div><\/div><\/div><div class=\"wpb_animate_when_almost_visible wpb_bounceInRight bounceInRight wpb_column vc_column_container vc_col-sm-5\"><div class=\"vc_column-inner\"><div class=\"wpb_wrapper\">\n\t<div  class=\"wpb_single_image wpb_content_element vc_align_right\">\n\t\t\n\t\t<figure class=\"wpb_wrapper vc_figure\">\n\t\t\t<div class=\"vc_single_image-wrapper   vc_box_border_grey\"><img width=\"2560\" height=\"1707\" src=\"https:\/\/hydrosprzet.pl\/wp-content\/uploads\/2021\/04\/DSC04534-min-1-scaled.jpg\" class=\"vc_single_image-img attachment-full\" alt=\"cz\u0119\u015bci rexroth\" loading=\"lazy\" srcset=\"https:\/\/hydrosprzet.pl\/wp-content\/uploads\/2021\/04\/DSC04534-min-1-scaled.jpg 2560w, https:\/\/hydrosprzet.pl\/wp-content\/uploads\/2021\/04\/DSC04534-min-1-300x200.jpg 300w, https:\/\/hydrosprzet.pl\/wp-content\/uploads\/2021\/04\/DSC04534-min-1-1024x683.jpg 1024w, https:\/\/hydrosprzet.pl\/wp-content\/uploads\/2021\/04\/DSC04534-min-1-768x512.jpg 768w, https:\/\/hydrosprzet.pl\/wp-content\/uploads\/2021\/04\/DSC04534-min-1-1536x1024.jpg 1536w, https:\/\/hydrosprzet.pl\/wp-content\/uploads\/2021\/04\/DSC04534-min-1-2048x1365.jpg 2048w, https:\/\/hydrosprzet.pl\/wp-content\/uploads\/2021\/04\/DSC04534-min-1-16x12.jpg 16w, https:\/\/hydrosprzet.pl\/wp-content\/uploads\/2021\/04\/DSC04534-min-1-800x533.jpg 800w\" sizes=\"(max-width: 2560px) 100vw, 2560px\" \/><\/div>\n\t\t<\/figure>\n\t<\/div>\n<\/div><\/div><\/div><\/div><div class=\"vc_row wpb_row vc_row-fluid\" ><div class=\"wpb_column vc_column_container vc_col-sm-12\"><div class=\"vc_column-inner\"><div class=\"wpb_wrapper\">\r\n\r\n<div class=\"wd_empty_space\" data-heightmobile=\"40\" data-heighttablet=\"40\" data-heightdesktop=\"80\">\r\n\r\n<\/div>\r\n      \r\n\r\n\r\n\r\n        \r\n      \r\n    <\/div><\/div><\/div><\/div><div class=\"vc_row wpb_row vc_row-fluid\" ><div class=\"wpb_column vc_column_container vc_col-sm-4\"><div class=\"vc_column-inner\"><div class=\"wpb_wrapper\">\r\n    <div class=\"small-shadow text-icon text-icon--icon-left_position boxes  clearfix\"  >\r\n      <div class=\"text-icon__container\">\r\n\t\t\t\t          <div class=\"text-icon__icon-box\">\r\n\t\t\t\t\t\t            <i class=\"fa\" style=\"color: #000\"><\/i>          <\/div>\r\n          <div class=\"text-icon__content-box\">\r\n            <h4 class=\"text-icon__title\">\r\n\t\t\t\t\t\t\tDO\u015aWIADCZENIE            <\/h4>\r\n            <p class=\"text-icon__text\">Jeste\u015bmy zespo\u0142em prawdziwych i autentycznych ludzi, kt\u00f3rzy s\u0105 dumni z naszej pracy. Mamy niezachwiane zaufanie do naszej wiedzy, do\u015bwiadczenia i szerokiego zakresu umiej\u0119tno\u015bci.<\/p>\r\n          <\/div>\r\n\t\t\t\t\t      <\/div>\r\n    <\/div>\r\n\r\n\t\t<\/div><\/div><\/div><div class=\"wpb_column vc_column_container vc_col-sm-4\"><div class=\"vc_column-inner\"><div class=\"wpb_wrapper\">\r\n    <div class=\"small-shadow text-icon text-icon--icon-left_position boxes  clearfix\"  >\r\n      <div class=\"text-icon__container\">\r\n\t\t\t\t          <div class=\"text-icon__icon-box\">\r\n\t\t\t\t\t\t            <i class=\"fa\" style=\"color: #000\"><\/i>          <\/div>\r\n          <div class=\"text-icon__content-box\">\r\n            <h4 class=\"text-icon__title\">\r\n\t\t\t\t\t\t\tJAKO\u015a\u0106            <\/h4>\r\n            <p class=\"text-icon__text\">Nasza dzia\u0142alno\u015b\u0107 koncentruje si\u0119 na bezpiecze\u0144stwie, jako\u015bci i obs\u0142udze klienta. Zapewniamy przejrzysto\u015b\u0107 wszystkich naszych us\u0142ug. Zapewniamy regularne aktualizacje post\u0119pu w zakresie sprz\u0119tu, kt\u00f3re mo\u017cna w ka\u017cdej chwili sprawdzi\u0107 w naszych zak\u0142adach.<\/p>\r\n          <\/div>\r\n\t\t\t\t\t      <\/div>\r\n    <\/div>\r\n\r\n\t\t<\/div><\/div><\/div><div class=\"wpb_column vc_column_container vc_col-sm-4\"><div class=\"vc_column-inner\"><div class=\"wpb_wrapper\">\r\n    <div class=\"small-shadow text-icon text-icon--icon-left_position boxes  clearfix\"  >\r\n      <div class=\"text-icon__container\">\r\n\t\t\t\t          <div class=\"text-icon__icon-box\">\r\n\t\t\t\t\t\t            <i class=\"fa\" style=\"color: #000\"><\/i>          <\/div>\r\n          <div class=\"text-icon__content-box\">\r\n            <h4 class=\"text-icon__title\">\r\n\t\t\t\t\t\t\tSERVICES            <\/h4>\r\n            <p class=\"text-icon__text\">Specjalizuj\u0105cy si\u0119 w serwisowaniu, naprawach i wsparciu technicznym wszystkich ci\u0119\u017ckich maszyn, nasz wykwalifikowany zesp\u00f3\u0142 specjalist\u00f3w mo\u017ce zapewni\u0107 mobiln\u0105 pomoc lub wiedz\u0119 warsztatow\u0105.<\/p>\r\n          <\/div>\r\n\t\t\t\t\t      <\/div>\r\n    <\/div>\r\n\r\n\t\t<\/div><\/div><\/div><\/div><div class=\"vc_row wpb_row vc_row-fluid\" ><div class=\"wpb_column vc_column_container vc_col-sm-8\"><div class=\"vc_column-inner\"><div class=\"wpb_wrapper\"><\/div><\/div><\/div><div class=\"wpb_column vc_column_container vc_col-sm-4\"><div class=\"vc_column-inner\"><div class=\"wpb_wrapper\"><\/div><\/div><\/div><\/div>","protected":false},"excerpt":{"rendered":"BOSCH REXROTH - HYDROSPRZ\u0118T HYDROSPRZ\u0118T jest ekspertem w dziedzinie sprzeda\u017cy, naprawy i konserwacji pomp hydraulicznych, silnik\u00f3w, cylindr\u00f3w, zawor\u00f3w i komponent\u00f3w do zastosowa\u0144 mobilnych, morskich, przybrze\u017cnych, przemys\u0142owych, g\u00f3rniczych i transportowych. Hydrosprz\u0119t dzia\u0142a na terenie ca\u0142ego kraju i od ponad 26 lat codziennie zapewnia doskona\u0142e us\u0142ugi dzi\u0119ki wysoko wykwalifikowanemu i wyspecjalizowanemu personelowi. Sprzedajemy wy\u0142\u0105cznie oryginalne komponenty rexroth [...]","protected":false},"author":1,"featured_media":0,"parent":0,"menu_order":0,"comment_status":"closed","ping_status":"closed","template":"","meta":[],"yoast_head":"<!-- This site is optimized with the Yoast SEO plugin v17.3 - https:\/\/yoast.com\/wordpress\/plugins\/seo\/ -->\n<title>Cz\u0119\u015bci Rexroth - Hydrosprz\u0119t - Sprzeda\u017c | Serwis | Naprawa | Rexroth<\/title>\n<meta name=\"description\" content=\"Cz\u0119\u015bci Rexroth - Hydrosprz\u0119t zajmuj\u0119 si\u0119 sprzeda\u017c\u0105, napraw\u0105 oraz regeneracj\u0105 cz\u0119\u015bci marki REXROTH BOSCH GROUP. Zapraszamy do zapyta\u0144!\" \/>\n<meta name=\"robots\" content=\"index, follow, max-snippet:-1, max-image-preview:large, max-video-preview:-1\" \/>\n<link rel=\"canonical\" href=\"https:\/\/hydrosprzet.pl\/en\/czesci-rexroth\/\" \/>\n<meta property=\"og:locale\" content=\"en_US\" \/>\n<meta property=\"og:type\" content=\"article\" \/>\n<meta property=\"og:title\" content=\"Cz\u0119\u015bci Rexroth - Hydrosprz\u0119t - Sprzeda\u017c | Serwis | Naprawa | Rexroth\" \/>\n<meta property=\"og:description\" content=\"Cz\u0119\u015bci Rexroth - Hydrosprz\u0119t zajmuj\u0119 si\u0119 sprzeda\u017c\u0105, napraw\u0105 oraz regeneracj\u0105 cz\u0119\u015bci marki REXROTH BOSCH GROUP. Zapraszamy do zapyta\u0144!\" \/>\n<meta property=\"og:url\" content=\"https:\/\/hydrosprzet.pl\/en\/czesci-rexroth\/\" \/>\n<meta property=\"og:site_name\" content=\"Hydrosprz\u0119t\" \/>\n<meta property=\"article:modified_time\" content=\"2025-01-20T11:37:53+00:00\" \/>\n<meta name=\"twitter:card\" content=\"summary_large_image\" \/>\n<meta name=\"twitter:label1\" content=\"Est. reading time\" \/>\n\t<meta name=\"twitter:data1\" content=\"3 minutes\" \/>\n<script type=\"application\/ld+json\" class=\"yoast-schema-graph\">{\"@context\":\"https:\/\/schema.org\",\"@graph\":[{\"@type\":\"WebSite\",\"@id\":\"https:\/\/hydrosprzet.pl\/#website\",\"url\":\"https:\/\/hydrosprzet.pl\/\",\"name\":\"Hydrosprz\\u0119t\",\"description\":\"Maszyny budowlane\",\"potentialAction\":[{\"@type\":\"SearchAction\",\"target\":{\"@type\":\"EntryPoint\",\"urlTemplate\":\"https:\/\/hydrosprzet.pl\/?s={search_term_string}\"},\"query-input\":\"required name=search_term_string\"}],\"inLanguage\":\"en-US\"},{\"@type\":\"WebPage\",\"@id\":\"https:\/\/hydrosprzet.pl\/czesci-rexroth\/#webpage\",\"url\":\"https:\/\/hydrosprzet.pl\/czesci-rexroth\/\",\"name\":\"Cz\\u0119\\u015bci Rexroth - Hydrosprz\\u0119t - Sprzeda\\u017c | Serwis | Naprawa | Rexroth\",\"isPartOf\":{\"@id\":\"https:\/\/hydrosprzet.pl\/#website\"},\"datePublished\":\"2021-04-13T08:27:07+00:00\",\"dateModified\":\"2025-01-20T11:37:53+00:00\",\"description\":\"Cz\\u0119\\u015bci Rexroth - Hydrosprz\\u0119t zajmuj\\u0119 si\\u0119 sprzeda\\u017c\\u0105, napraw\\u0105 oraz regeneracj\\u0105 cz\\u0119\\u015bci marki REXROTH BOSCH GROUP. Zapraszamy do zapyta\\u0144!\",\"breadcrumb\":{\"@id\":\"https:\/\/hydrosprzet.pl\/czesci-rexroth\/#breadcrumb\"},\"inLanguage\":\"en-US\",\"potentialAction\":[{\"@type\":\"ReadAction\",\"target\":[\"https:\/\/hydrosprzet.pl\/czesci-rexroth\/\"]}]},{\"@type\":\"BreadcrumbList\",\"@id\":\"https:\/\/hydrosprzet.pl\/czesci-rexroth\/#breadcrumb\",\"itemListElement\":[{\"@type\":\"ListItem\",\"position\":1,\"name\":\"Strona g\\u0142\\u00f3wna\",\"item\":\"https:\/\/hydrosprzet.pl\/\"},{\"@type\":\"ListItem\",\"position\":2,\"name\":\"Cz\\u0119\\u015bci Marki Rexroth\"}]}]}<\/script>\n<!-- \/ Yoast SEO plugin. -->","yoast_head_json":{"title":"Cz\u0119\u015bci Rexroth - Hydrosprz\u0119t - Sprzeda\u017c | Serwis | Naprawa | Rexroth","description":"Cz\u0119\u015bci Rexroth - Hydrosprz\u0119t zajmuj\u0119 si\u0119 sprzeda\u017c\u0105, napraw\u0105 oraz regeneracj\u0105 cz\u0119\u015bci marki REXROTH BOSCH GROUP. Zapraszamy do zapyta\u0144!","robots":{"index":"index","follow":"follow","max-snippet":"max-snippet:-1","max-image-preview":"max-image-preview:large","max-video-preview":"max-video-preview:-1"},"canonical":"https:\/\/hydrosprzet.pl\/en\/czesci-rexroth\/","og_locale":"en_US","og_type":"article","og_title":"Cz\u0119\u015bci Rexroth - Hydrosprz\u0119t - Sprzeda\u017c | Serwis | Naprawa | Rexroth","og_description":"Cz\u0119\u015bci Rexroth - Hydrosprz\u0119t zajmuj\u0119 si\u0119 sprzeda\u017c\u0105, napraw\u0105 oraz regeneracj\u0105 cz\u0119\u015bci marki REXROTH BOSCH GROUP. Zapraszamy do zapyta\u0144!","og_url":"https:\/\/hydrosprzet.pl\/en\/czesci-rexroth\/","og_site_name":"Hydrosprz\u0119t","article_modified_time":"2025-01-20T11:37:53+00:00","twitter_card":"summary_large_image","twitter_misc":{"Est. reading time":"3 minutes"},"schema":{"@context":"https:\/\/schema.org","@graph":[{"@type":"WebSite","@id":"https:\/\/hydrosprzet.pl\/#website","url":"https:\/\/hydrosprzet.pl\/","name":"Hydrosprz\u0119t","description":"Maszyny budowlane","potentialAction":[{"@type":"SearchAction","target":{"@type":"EntryPoint","urlTemplate":"https:\/\/hydrosprzet.pl\/?s={search_term_string}"},"query-input":"required name=search_term_string"}],"inLanguage":"en-US"},{"@type":"WebPage","@id":"https:\/\/hydrosprzet.pl\/czesci-rexroth\/#webpage","url":"https:\/\/hydrosprzet.pl\/czesci-rexroth\/","name":"Cz\u0119\u015bci Rexroth - Hydrosprz\u0119t - Sprzeda\u017c | Serwis | Naprawa | Rexroth","isPartOf":{"@id":"https:\/\/hydrosprzet.pl\/#website"},"datePublished":"2021-04-13T08:27:07+00:00","dateModified":"2025-01-20T11:37:53+00:00","description":"Cz\u0119\u015bci Rexroth - Hydrosprz\u0119t zajmuj\u0119 si\u0119 sprzeda\u017c\u0105, napraw\u0105 oraz regeneracj\u0105 cz\u0119\u015bci marki REXROTH BOSCH GROUP. Zapraszamy do zapyta\u0144!","breadcrumb":{"@id":"https:\/\/hydrosprzet.pl\/czesci-rexroth\/#breadcrumb"},"inLanguage":"en-US","potentialAction":[{"@type":"ReadAction","target":["https:\/\/hydrosprzet.pl\/czesci-rexroth\/"]}]},{"@type":"BreadcrumbList","@id":"https:\/\/hydrosprzet.pl\/czesci-rexroth\/#breadcrumb","itemListElement":[{"@type":"ListItem","position":1,"name":"Strona g\u0142\u00f3wna","item":"https:\/\/hydrosprzet.pl\/"},{"@type":"ListItem","position":2,"name":"Cz\u0119\u015bci Marki Rexroth"}]}]}},"_links":{"self":[{"href":"https:\/\/hydrosprzet.pl\/en\/wp-json\/wp\/v2\/pages\/7138"}],"collection":[{"href":"https:\/\/hydrosprzet.pl\/en\/wp-json\/wp\/v2\/pages"}],"about":[{"href":"https:\/\/hydrosprzet.pl\/en\/wp-json\/wp\/v2\/types\/page"}],"author":[{"embeddable":true,"href":"https:\/\/hydrosprzet.pl\/en\/wp-json\/wp\/v2\/users\/1"}],"replies":[{"embeddable":true,"href":"https:\/\/hydrosprzet.pl\/en\/wp-json\/wp\/v2\/comments?post=7138"}],"version-history":[{"count":10,"href":"https:\/\/hydrosprzet.pl\/en\/wp-json\/wp\/v2\/pages\/7138\/revisions"}],"predecessor-version":[{"id":7603,"href":"https:\/\/hydrosprzet.pl\/en\/wp-json\/wp\/v2\/pages\/7138\/revisions\/7603"}],"wp:attachment":[{"href":"https:\/\/hydrosprzet.pl\/en\/wp-json\/wp\/v2\/media?parent=7138"}],"curies":[{"name":"wp","href":"https:\/\/api.w.org\/{rel}","templated":true}]}}