{"id":7013,"date":"2021-02-23T10:53:57","date_gmt":"2021-02-23T09:53:57","guid":{"rendered":"https:\/\/hydrosprzet.pl\/?page_id=7013"},"modified":"2021-02-23T12:30:36","modified_gmt":"2021-02-23T11:30:36","slug":"roztaczanie-otworow","status":"publish","type":"page","link":"https:\/\/hydrosprzet.pl\/en\/roztaczanie-otworow\/","title":{"rendered":"Roztaczanie i tulejowanie otwor\u00f3w"},"content":{"rendered":"<div class=\"vc_row wpb_row vc_row-fluid\" ><div class=\"wpb_column vc_column_container vc_col-sm-12\"><div class=\"vc_column-inner\"><div class=\"wpb_wrapper\">\r\n\r\n<div class=\"wd_empty_space\" data-heightmobile=\"20\" data-heighttablet=\"20\" data-heightdesktop=\"10\">\r\n\r\n<\/div>\r\n      \r\n\r\n\r\n\r\n        \r\n      \r\n    <\/div><\/div><\/div><div class=\"wpb_column vc_column_container vc_col-sm-12\"><div class=\"vc_column-inner\"><div class=\"wpb_wrapper\"><div class='wd_empty_space' data-heightmobile='50' data-heighttablet='50' data-heightdesktop='50'><\/div>  <div class=\"wd-heading text-center  devia-anim\"\r\n\t\t    style=\"max-width:600px;; margin: 0 auto;\" data-devia-animate='{\"triggerHandler\":\"inview\",\"animationTarget\":\".animation_target\",\"duration\":700,\"delay\":100,\"initValues\":[],\"animations\":{\"ease\":\"Power0.easeNone\"}}'>\r\n\t\t\t\t\t\t\t\t\t\t\t\r\n      <h2 style=\"font-weight:800;font-size:55px;color:#eeee22;\" class=\"title_b animation_target\"\r\n        data-text=\"ROZTACZANIE I TULEJOWANIE OTWOR\u00d3W\">\r\n\t\t\tROZTACZANIE I TULEJOWANIE OTWOR\u00d3W      <\/h2>\r\n\r\n\t\t\t\r\n\t\t    <\/div>\r\n    <div class='wd_empty_space' data-heightmobile='' data-heighttablet='' data-heightdesktop=''><\/div>\r\n\r\n<div class=\"wd_empty_space\" data-heightmobile=\"40\" data-heighttablet=\"40\" data-heightdesktop=\"60\">\r\n\r\n<\/div>\r\n      \r\n\r\n\r\n\r\n        \r\n      \r\n    <\/div><\/div><\/div><\/div><div class=\"vc_row wpb_row vc_row-fluid moved-box--top\" ><div class=\"wpb_column vc_column_container vc_col-sm-7\"><div class=\"vc_column-inner vc_custom_1571915566172\"><div class=\"wpb_wrapper\"><div class='wd_empty_space' data-heightmobile='0' data-heighttablet='0' data-heightdesktop='0'><\/div>  <div class=\"wd-heading text-left  devia-anim\"\r\n\t\tdata-split-options='{\"type\":\"lines\"}' data-split-text='true'  data-split-target='.animation_target'    style=\"; \" data-devia-animate='{\"triggerHandler\":\"inview\",\"animationTarget\":\".item_target\",\"duration\":\"500\",\"delay\":\"100\",\"initValues\":{\"x\":-60,\"y\":250,\"z\":150,\"opacity\":0},\"animations\":{\"x\":0,\"y\":0,\"z\":0,\"opacity\":1,\"ease\":\"Power3.easeOut\"}}'>\r\n\t\t\t\t\t\t\t\t\t\t\t\r\n      <h2 style=\"font-weight:500;font-size:45px;\" class=\"title_b animation_target\"\r\n        data-text=\"ROZTACZANIE OTWOR\u00d3W\">\r\n\t\t\tROZTACZANIE OTWOR\u00d3W      <\/h2>\r\n\r\n\t\t\t\r\n\t\t    <\/div>\r\n    <div class='wd_empty_space' data-heightmobile='5' data-heighttablet='5' data-heightdesktop='5'><\/div>\n\t<div class=\"wpb_text_column wpb_content_element\" >\n\t\t<div class=\"wpb_wrapper\">\n\t\t\t<p>Firma HYDROSPRZ\u0118T specjalizuje si\u0119 w roztaczaniu i tulejowaniu otwor\u00f3w w maszynach budowlanych oraz w r\u00f3\u017cnego rodzaju podzespo\u0142ach. Du\u017cy sprz\u0119t mo\u017ce by\u0107 zbyt ci\u0119\u017cki, aby go transportowa\u0107 i po prostu nie mo\u017cesz sobie pozwoli\u0107 na przestoje zwi\u0105zane z kosztown\u0105 wysy\u0142k\u0105 do warsztatu mechanicznego w celu naprawy. <a href=\"https:\/\/hydrosprzet.pl\/en\/\">Hydrosprz\u0119t<\/a> wykonuje wysokiej jako\u015bci wytaczanie na miejscu i spawanie otwor\u00f3w, aby Tw\u00f3j ci\u0119\u017cki sprz\u0119t by\u0142 jak najszybciej gotowy do pracy. Us\u0142ugi wytaczania pomagaj\u0105 zminimalizowa\u0107 przestoje sprz\u0119tu i zapobiega\u0107 krytycznym awariom, gdy otwory w ci\u0119\u017ckich maszynach s\u0105 uszkodzone lub zu\u017cyte poza parametry tolerancji.<\/p>\n\n\t\t<\/div>\n\t<\/div>\n<div class=\"vc_row wpb_row vc_inner vc_row-fluid vc_custom_1562157304682\"><div class=\"wpb_column vc_column_container vc_col-sm-6\"><div class=\"vc_column-inner\"><div class=\"wpb_wrapper\"><\/div><\/div><\/div><div class=\"wpb_column vc_column_container vc_col-sm-6\"><div class=\"vc_column-inner\"><div class=\"wpb_wrapper\"><\/div><\/div><\/div><\/div>\r\n  <div\r\n    class=\"wd-btn-wrap text-left\" >\r\n    <a href=\"https:\/\/g.page\/Hydrosprzet-Bieniewo?gm\" class=\"wd-btn btn-solid btn-color-1 hover-color-3 btn-medium btn-none  icon-after\"\r\n      \r\n\r\n    >\r\n      SEE MORE    <\/a>\r\n  <\/div>\r\n\r\n  \r\n\r\n<div class=\"wd_empty_space\" data-heightmobile=\"0\" data-heighttablet=\"40\" data-heightdesktop=\"80\">\r\n\r\n<\/div>\r\n      \r\n\r\n\r\n\r\n        \r\n      \r\n    <\/div><\/div><\/div><div class=\"wpb_column vc_column_container vc_col-sm-5\"><div class=\"vc_column-inner\"><div class=\"wpb_wrapper\">\n\t<div  class=\"wpb_single_image wpb_content_element vc_align_right\">\n\t\t\n\t\t<figure class=\"wpb_wrapper vc_figure\">\n\t\t\t<div class=\"vc_single_image-wrapper   vc_box_border_grey\"><img width=\"2560\" height=\"1707\" src=\"https:\/\/hydrosprzet.pl\/wp-content\/uploads\/2021\/02\/DSC04941-min-scaled.jpg\" class=\"vc_single_image-img attachment-full\" alt=\"roztaczanie otwor\u00f3w\" loading=\"lazy\" srcset=\"https:\/\/hydrosprzet.pl\/wp-content\/uploads\/2021\/02\/DSC04941-min-scaled.jpg 2560w, https:\/\/hydrosprzet.pl\/wp-content\/uploads\/2021\/02\/DSC04941-min-300x200.jpg 300w, https:\/\/hydrosprzet.pl\/wp-content\/uploads\/2021\/02\/DSC04941-min-1024x683.jpg 1024w, https:\/\/hydrosprzet.pl\/wp-content\/uploads\/2021\/02\/DSC04941-min-768x512.jpg 768w, https:\/\/hydrosprzet.pl\/wp-content\/uploads\/2021\/02\/DSC04941-min-1536x1024.jpg 1536w, https:\/\/hydrosprzet.pl\/wp-content\/uploads\/2021\/02\/DSC04941-min-2048x1365.jpg 2048w, https:\/\/hydrosprzet.pl\/wp-content\/uploads\/2021\/02\/DSC04941-min-16x12.jpg 16w, https:\/\/hydrosprzet.pl\/wp-content\/uploads\/2021\/02\/DSC04941-min-800x533.jpg 800w\" sizes=\"(max-width: 2560px) 100vw, 2560px\" \/><\/div>\n\t\t<\/figure>\n\t<\/div>\n<\/div><\/div><\/div><\/div><div data-vc-full-width=\"true\" data-vc-full-width-init=\"false\" class=\"vc_row wpb_row vc_row-fluid text-icon--text-white vc_custom_1614079833937 vc_row-has-fill\" ><div class=\"wpb_column vc_column_container vc_col-sm-6\"><div class=\"vc_column-inner\"><div class=\"wpb_wrapper\"><div class='wd_empty_space' data-heightmobile='80' data-heighttablet='80' data-heightdesktop='80'><\/div>  <div class=\"wd-heading text-center\"\r\n\t\tdata-split-options='{\"type\":\"lines\"}' data-split-text='true'  data-split-target='.animation_target'    style=\"; \" data-devia-animate=''>\r\n\t\t\t\t\t\t\t\t\t\t\t\r\n      <h2 style=\"color:#ffffff;\" class=\"title_b animation_target\"\r\n        data-text=\"ROZTACZANIE\">\r\n\t\t\tROZTACZANIE      <\/h2>\r\n\r\n\t\t\t\r\n\t\t    <\/div>\r\n    <div class='wd_empty_space' data-heightmobile='40' data-heighttablet='40' data-heightdesktop='40'><\/div>\n\t<div class=\"wpb_text_column wpb_content_element  wpb_animate_when_almost_visible wpb_right-to-left right-to-left\" >\n\t\t<div class=\"wpb_wrapper\">\n\t\t\t\n\t\t<\/div>\n\t<\/div>\n\r\n\r\n<div class=\"wd_empty_space\" data-heightmobile=\"40\" data-heighttablet=\"40\" data-heightdesktop=\"40\">\r\n\r\n<\/div>\r\n      \r\n\r\n\r\n\r\n        \r\n      \r\n    \r\n\r\n<div class=\"wd_empty_space\" data-heightmobile=\"40\" data-heighttablet=\"40\" data-heightdesktop=\"40\">\r\n\r\n<\/div>\r\n      \r\n\r\n\r\n\r\n        \r\n      \r\n    <\/div><\/div><\/div><div class=\"wpb_column vc_column_container vc_col-sm-6\"><div class=\"vc_column-inner\"><div class=\"wpb_wrapper\"><div class='wd_empty_space' data-heightmobile='80' data-heighttablet='80' data-heightdesktop='80'><\/div>  <div class=\"wd-heading text-center\"\r\n\t\tdata-split-options='{\"type\":\"lines\"}' data-split-text='true'  data-split-target='.animation_target'    style=\"; \" data-devia-animate=''>\r\n\t\t\t\t\t\t\t\t\t\t\t\r\n      <h2 style=\"color:#ffffff;\" class=\"title_b animation_target\"\r\n        data-text=\"TULEJOWANIE\">\r\n\t\t\tTULEJOWANIE      <\/h2>\r\n\r\n\t\t\t\r\n\t\t    <\/div>\r\n    <div class='wd_empty_space' data-heightmobile='40' data-heighttablet='40' data-heightdesktop='40'><\/div>\n\t<div class=\"wpb_text_column wpb_content_element  wpb_animate_when_almost_visible wpb_right-to-left right-to-left\" >\n\t\t<div class=\"wpb_wrapper\">\n\t\t\t\n\t\t<\/div>\n\t<\/div>\n\r\n\r\n<div class=\"wd_empty_space\" data-heightmobile=\"40\" data-heighttablet=\"40\" data-heightdesktop=\"40\">\r\n\r\n<\/div>\r\n      \r\n\r\n\r\n\r\n        \r\n      \r\n    \r\n\r\n<div class=\"wd_empty_space\" data-heightmobile=\"40\" data-heighttablet=\"40\" data-heightdesktop=\"40\">\r\n\r\n<\/div>\r\n      \r\n\r\n\r\n\r\n        \r\n      \r\n    <\/div><\/div><\/div><\/div><div class=\"vc_row-full-width vc_clearfix\"><\/div><div class=\"vc_row wpb_row vc_row-fluid\" ><div class=\"wpb_column vc_column_container vc_col-sm-12\"><div class=\"vc_column-inner\"><div class=\"wpb_wrapper\"><div class='wd_empty_space' data-heightmobile='' data-heighttablet='' data-heightdesktop=''><\/div>  <div class=\"wd-heading text-left\"\r\n\t\tdata-split-options='{\"type\":\"chars, words\"}' data-split-text='true'  data-split-target='.animation_target'    style=\"; \" data-devia-animate=''>\r\n\t\t\t\t\t\t\t\t        <p style=\"font-size:1px;\" class=\"sub_title_b animation_target\">\r\n\t\t\t\tJeste\u015bmy dla was!        <\/p>\r\n\t\t\t\t\t\t\r\n      <h3 style=\"\" class=\"title_b animation_target\"\r\n        data-text=\"Jeste\u015bmy dla was!\">\r\n\t\t\tROZTACZANIE OTWOR\u00d3W      <\/h3>\r\n\r\n\t\t\t\r\n\t\t    <\/div>\r\n    <div class='wd_empty_space' data-heightmobile='20' data-heighttablet='20' data-heightdesktop='30'><\/div><\/div><\/div><\/div><\/div><div class=\"vc_row wpb_row vc_row-fluid\" ><div class=\"wpb_column vc_column_container vc_col-sm-8\"><div class=\"vc_column-inner\"><div class=\"wpb_wrapper\">\n\t<div class=\"wpb_text_column wpb_content_element\" >\n\t\t<div class=\"wpb_wrapper\">\n\t\t\t<p>Wytaczanie liniowe to proces obr\u00f3bki, kt\u00f3ry przywraca otwory w ci\u0119\u017ckich maszynach przemys\u0142owych do ich oryginalnych specyfikacji lub modernizuje istniej\u0105ce otwory do pracy z r\u00f3\u017cnymi osprz\u0119tem lub wyposa\u017ceniem. Proces ten mo\u017ce obejmowa\u0107 przyspawanie p\u0142yt stalowych lub stopowych na miejscu, a nast\u0119pnie wywiercenie nowego otworu, aby pasowa\u0142 do specyfikacji oryginalnego wyposa\u017cenia (OEM). Mo\u017ce r\u00f3wnie\u017c obejmowa\u0107 wytaczanie w celu ponownego zaokr\u0105glenia otwor\u00f3w oraz wytaczanie zbyt du\u017cych otwor\u00f3w w celu dopasowania wk\u0142adek tulei.<\/p>\n<ul>\n<li style=\"list-style-type: none;\">\n<ul>\n<li>roztaczanie otwor\u00f3w w konstrukcjach stalowych<\/li>\n<li>roztaczaniu otwor\u00f3w w \u0142y\u017ckach, wysi\u0119gnikach, itp<\/li>\n<li>planowaniu czo\u0142a otworu<\/li>\n<li>tulejowaniu otwor\u00f3w<\/li>\n<\/ul>\n<\/li>\n<\/ul>\n<p>TULEJOWANIE i WYMIANA SWORZNI \u2013 USUWANIE LUZ\u00d3W W MASZYNACH<\/p>\n<ul>\n<li style=\"list-style-type: none;\">\n<ul>\n<li>rekonstrukcja otwor\u00f3w pod wymiar \u0142o\u017cysk,<\/li>\n<li>zatoczenia pod uszczelniacze,<\/li>\n<li>dorabianie tulei nietypowych z kana\u0142ami smaruj\u0105cymi oraz obtoczenie pod uszczelnienia,<\/li>\n<li>napawania otwor\u00f3w pod nominalny wymiar.<\/li>\n<li>dorabianie sworzni nietypowych z zabezpieczeniami oraz systemem smaruj\u0105cym,<\/li>\n<li>naprawa wybitych otwor\u00f3w<\/li>\n<\/ul>\n<\/li>\n<\/ul>\n<p>W przypadku wysokiej jako\u015bci us\u0142ug w zakresie wytaczania i obr\u00f3bki skrawaniem w terenie nale\u017cy zwr\u00f3ci\u0107 si\u0119 do ekspert\u00f3w z Hydrosprz\u0119t. Skontaktuj si\u0119 z nami ju\u017c dzi\u015b, aby dowiedzie\u0107 si\u0119 wi\u0119cej lub poprosi\u0107 o wycen\u0119.<\/p>\n\n\t\t<\/div>\n\t<\/div>\n<\/div><\/div><\/div><div class=\"wpb_column vc_column_container vc_col-sm-4\"><div class=\"vc_column-inner\"><div class=\"wpb_wrapper\">\n\t<div  class=\"wpb_single_image wpb_content_element vc_align_right  wpb_animate_when_almost_visible wpb_bounceInRight bounceInRight\">\n\t\t\n\t\t<figure class=\"wpb_wrapper vc_figure\">\n\t\t\t<div class=\"vc_single_image-wrapper   vc_box_border_grey\"><img width=\"1707\" height=\"2560\" src=\"https:\/\/hydrosprzet.pl\/wp-content\/uploads\/2021\/02\/DSC04942-min-scaled.jpg\" class=\"vc_single_image-img attachment-full\" alt=\"roztaczanie otwor\u00f3w\" loading=\"lazy\" srcset=\"https:\/\/hydrosprzet.pl\/wp-content\/uploads\/2021\/02\/DSC04942-min-scaled.jpg 1707w, https:\/\/hydrosprzet.pl\/wp-content\/uploads\/2021\/02\/DSC04942-min-200x300.jpg 200w, https:\/\/hydrosprzet.pl\/wp-content\/uploads\/2021\/02\/DSC04942-min-683x1024.jpg 683w, https:\/\/hydrosprzet.pl\/wp-content\/uploads\/2021\/02\/DSC04942-min-768x1152.jpg 768w, https:\/\/hydrosprzet.pl\/wp-content\/uploads\/2021\/02\/DSC04942-min-1024x1536.jpg 1024w, https:\/\/hydrosprzet.pl\/wp-content\/uploads\/2021\/02\/DSC04942-min-1365x2048.jpg 1365w, https:\/\/hydrosprzet.pl\/wp-content\/uploads\/2021\/02\/DSC04942-min-8x12.jpg 8w, https:\/\/hydrosprzet.pl\/wp-content\/uploads\/2021\/02\/DSC04942-min-800x1200.jpg 800w\" sizes=\"(max-width: 1707px) 100vw, 1707px\" \/><\/div>\n\t\t<\/figure>\n\t<\/div>\n<\/div><\/div><\/div><\/div><div class=\"vc_row wpb_row vc_row-fluid\" ><div class=\"wpb_column vc_column_container vc_col-sm-8\"><div class=\"vc_column-inner\"><div class=\"wpb_wrapper\"><\/div><\/div><\/div><div class=\"wpb_column vc_column_container vc_col-sm-4\"><div class=\"vc_column-inner\"><div class=\"wpb_wrapper\"><\/div><\/div><\/div><\/div>","protected":false},"excerpt":{"rendered":"ROZTACZANIE I TULEJOWANIE OTWOR\u00d3W ROZTACZANIE OTWOR\u00d3W Firma HYDROSPRZ\u0118T specjalizuje si\u0119 w roztaczaniu i tulejowaniu otwor\u00f3w w maszynach budowlanych oraz w r\u00f3\u017cnego rodzaju podzespo\u0142ach. Du\u017cy sprz\u0119t mo\u017ce by\u0107 zbyt ci\u0119\u017cki, aby go transportowa\u0107 i po prostu nie mo\u017cesz sobie pozwoli\u0107 na przestoje zwi\u0105zane z kosztown\u0105 wysy\u0142k\u0105 do warsztatu mechanicznego w celu naprawy. Hydrosprz\u0119t wykonuje wysokiej jako\u015bci [...]","protected":false},"author":1,"featured_media":0,"parent":0,"menu_order":0,"comment_status":"closed","ping_status":"closed","template":"","meta":[],"yoast_head":"<!-- This site is optimized with the Yoast SEO plugin v17.3 - https:\/\/yoast.com\/wordpress\/plugins\/seo\/ -->\n<title>Roztaczanie otwor\u00f3w - Hydrosprz\u0119t - Serwis maszyn budowlanych<\/title>\n<meta name=\"description\" content=\"Roztaczanie otwor\u00f3w - Hydrosprz\u0119t specjalizuj\u0119 si\u0119 w roztaczaniu i tulejowaniu otwor\u00f3w w maszynach budowlanych oraz usuwaniem luz\u00f3w.\" \/>\n<meta name=\"robots\" content=\"index, follow, max-snippet:-1, max-image-preview:large, max-video-preview:-1\" \/>\n<link rel=\"canonical\" href=\"https:\/\/hydrosprzet.pl\/en\/roztaczanie-otworow\/\" \/>\n<meta property=\"og:locale\" content=\"en_US\" \/>\n<meta property=\"og:type\" content=\"article\" \/>\n<meta property=\"og:title\" content=\"Roztaczanie otwor\u00f3w - Hydrosprz\u0119t - Serwis maszyn budowlanych\" \/>\n<meta property=\"og:description\" content=\"Roztaczanie otwor\u00f3w - Hydrosprz\u0119t specjalizuj\u0119 si\u0119 w roztaczaniu i tulejowaniu otwor\u00f3w w maszynach budowlanych oraz usuwaniem luz\u00f3w.\" \/>\n<meta property=\"og:url\" content=\"https:\/\/hydrosprzet.pl\/en\/roztaczanie-otworow\/\" \/>\n<meta property=\"og:site_name\" content=\"Hydrosprz\u0119t\" \/>\n<meta property=\"article:modified_time\" content=\"2021-02-23T11:30:36+00:00\" \/>\n<meta name=\"twitter:card\" content=\"summary_large_image\" \/>\n<meta name=\"twitter:label1\" content=\"Est. reading time\" \/>\n\t<meta name=\"twitter:data1\" content=\"2 minutes\" \/>\n<script type=\"application\/ld+json\" class=\"yoast-schema-graph\">{\"@context\":\"https:\/\/schema.org\",\"@graph\":[{\"@type\":\"WebSite\",\"@id\":\"https:\/\/hydrosprzet.pl\/#website\",\"url\":\"https:\/\/hydrosprzet.pl\/\",\"name\":\"Hydrosprz\\u0119t\",\"description\":\"Maszyny budowlane\",\"potentialAction\":[{\"@type\":\"SearchAction\",\"target\":{\"@type\":\"EntryPoint\",\"urlTemplate\":\"https:\/\/hydrosprzet.pl\/?s={search_term_string}\"},\"query-input\":\"required name=search_term_string\"}],\"inLanguage\":\"en-US\"},{\"@type\":\"WebPage\",\"@id\":\"https:\/\/hydrosprzet.pl\/roztaczanie-otworow\/#webpage\",\"url\":\"https:\/\/hydrosprzet.pl\/roztaczanie-otworow\/\",\"name\":\"Roztaczanie otwor\\u00f3w - Hydrosprz\\u0119t - Serwis maszyn budowlanych\",\"isPartOf\":{\"@id\":\"https:\/\/hydrosprzet.pl\/#website\"},\"datePublished\":\"2021-02-23T09:53:57+00:00\",\"dateModified\":\"2021-02-23T11:30:36+00:00\",\"description\":\"Roztaczanie otwor\\u00f3w - Hydrosprz\\u0119t specjalizuj\\u0119 si\\u0119 w roztaczaniu i tulejowaniu otwor\\u00f3w w maszynach budowlanych oraz usuwaniem luz\\u00f3w.\",\"breadcrumb\":{\"@id\":\"https:\/\/hydrosprzet.pl\/roztaczanie-otworow\/#breadcrumb\"},\"inLanguage\":\"en-US\",\"potentialAction\":[{\"@type\":\"ReadAction\",\"target\":[\"https:\/\/hydrosprzet.pl\/roztaczanie-otworow\/\"]}]},{\"@type\":\"BreadcrumbList\",\"@id\":\"https:\/\/hydrosprzet.pl\/roztaczanie-otworow\/#breadcrumb\",\"itemListElement\":[{\"@type\":\"ListItem\",\"position\":1,\"name\":\"Strona g\\u0142\\u00f3wna\",\"item\":\"https:\/\/hydrosprzet.pl\/\"},{\"@type\":\"ListItem\",\"position\":2,\"name\":\"Roztaczanie i tulejowanie otwor\\u00f3w\"}]}]}<\/script>\n<!-- \/ Yoast SEO plugin. -->","yoast_head_json":{"title":"Roztaczanie otwor\u00f3w - Hydrosprz\u0119t - Serwis maszyn budowlanych","description":"Roztaczanie otwor\u00f3w - Hydrosprz\u0119t specjalizuj\u0119 si\u0119 w roztaczaniu i tulejowaniu otwor\u00f3w w maszynach budowlanych oraz usuwaniem luz\u00f3w.","robots":{"index":"index","follow":"follow","max-snippet":"max-snippet:-1","max-image-preview":"max-image-preview:large","max-video-preview":"max-video-preview:-1"},"canonical":"https:\/\/hydrosprzet.pl\/en\/roztaczanie-otworow\/","og_locale":"en_US","og_type":"article","og_title":"Roztaczanie otwor\u00f3w - Hydrosprz\u0119t - Serwis maszyn budowlanych","og_description":"Roztaczanie otwor\u00f3w - Hydrosprz\u0119t specjalizuj\u0119 si\u0119 w roztaczaniu i tulejowaniu otwor\u00f3w w maszynach budowlanych oraz usuwaniem luz\u00f3w.","og_url":"https:\/\/hydrosprzet.pl\/en\/roztaczanie-otworow\/","og_site_name":"Hydrosprz\u0119t","article_modified_time":"2021-02-23T11:30:36+00:00","twitter_card":"summary_large_image","twitter_misc":{"Est. reading time":"2 minutes"},"schema":{"@context":"https:\/\/schema.org","@graph":[{"@type":"WebSite","@id":"https:\/\/hydrosprzet.pl\/#website","url":"https:\/\/hydrosprzet.pl\/","name":"Hydrosprz\u0119t","description":"Maszyny budowlane","potentialAction":[{"@type":"SearchAction","target":{"@type":"EntryPoint","urlTemplate":"https:\/\/hydrosprzet.pl\/?s={search_term_string}"},"query-input":"required name=search_term_string"}],"inLanguage":"en-US"},{"@type":"WebPage","@id":"https:\/\/hydrosprzet.pl\/roztaczanie-otworow\/#webpage","url":"https:\/\/hydrosprzet.pl\/roztaczanie-otworow\/","name":"Roztaczanie otwor\u00f3w - Hydrosprz\u0119t - Serwis maszyn budowlanych","isPartOf":{"@id":"https:\/\/hydrosprzet.pl\/#website"},"datePublished":"2021-02-23T09:53:57+00:00","dateModified":"2021-02-23T11:30:36+00:00","description":"Roztaczanie otwor\u00f3w - Hydrosprz\u0119t specjalizuj\u0119 si\u0119 w roztaczaniu i tulejowaniu otwor\u00f3w w maszynach budowlanych oraz usuwaniem luz\u00f3w.","breadcrumb":{"@id":"https:\/\/hydrosprzet.pl\/roztaczanie-otworow\/#breadcrumb"},"inLanguage":"en-US","potentialAction":[{"@type":"ReadAction","target":["https:\/\/hydrosprzet.pl\/roztaczanie-otworow\/"]}]},{"@type":"BreadcrumbList","@id":"https:\/\/hydrosprzet.pl\/roztaczanie-otworow\/#breadcrumb","itemListElement":[{"@type":"ListItem","position":1,"name":"Strona g\u0142\u00f3wna","item":"https:\/\/hydrosprzet.pl\/"},{"@type":"ListItem","position":2,"name":"Roztaczanie i tulejowanie otwor\u00f3w"}]}]}},"_links":{"self":[{"href":"https:\/\/hydrosprzet.pl\/en\/wp-json\/wp\/v2\/pages\/7013"}],"collection":[{"href":"https:\/\/hydrosprzet.pl\/en\/wp-json\/wp\/v2\/pages"}],"about":[{"href":"https:\/\/hydrosprzet.pl\/en\/wp-json\/wp\/v2\/types\/page"}],"author":[{"embeddable":true,"href":"https:\/\/hydrosprzet.pl\/en\/wp-json\/wp\/v2\/users\/1"}],"replies":[{"embeddable":true,"href":"https:\/\/hydrosprzet.pl\/en\/wp-json\/wp\/v2\/comments?post=7013"}],"version-history":[{"count":9,"href":"https:\/\/hydrosprzet.pl\/en\/wp-json\/wp\/v2\/pages\/7013\/revisions"}],"predecessor-version":[{"id":7027,"href":"https:\/\/hydrosprzet.pl\/en\/wp-json\/wp\/v2\/pages\/7013\/revisions\/7027"}],"wp:attachment":[{"href":"https:\/\/hydrosprzet.pl\/en\/wp-json\/wp\/v2\/media?parent=7013"}],"curies":[{"name":"wp","href":"https:\/\/api.w.org\/{rel}","templated":true}]}}