{"id":6907,"date":"2021-02-04T08:04:15","date_gmt":"2021-02-04T07:04:15","guid":{"rendered":"https:\/\/hydrosprzet.pl\/?page_id=6907"},"modified":"2021-02-04T09:10:03","modified_gmt":"2021-02-04T08:10:03","slug":"regeneracja-skrzyn-biegow-maszyn-budowlanych","status":"publish","type":"page","link":"https:\/\/hydrosprzet.pl\/en\/regeneracja-skrzyn-biegow-maszyn-budowlanych\/","title":{"rendered":"Regeneracja skrzy\u0144 bieg\u00f3w maszyn budowlanych"},"content":{"rendered":"<div class=\"vc_row wpb_row vc_row-fluid vc_custom_1599549863495\" ><div class=\"wpb_column vc_column_container vc_col-sm-6 vc_col-has-fill\"><div class=\"vc_column-inner vc_custom_1599557928615\"><div class=\"wpb_wrapper\">\n\t<div  class=\"wpb_single_image wpb_content_element vc_align_center\">\n\t\t\n\t\t<figure class=\"wpb_wrapper vc_figure\">\n\t\t\t<div class=\"vc_single_image-wrapper   vc_box_border_grey\"><img width=\"1280\" height=\"960\" src=\"https:\/\/hydrosprzet.pl\/wp-content\/uploads\/2021\/02\/20190509_085809.jpg\" class=\"vc_single_image-img attachment-full\" alt=\"naprawa i regeneracja skrzy\u0144 bieg\u00f3w\" loading=\"lazy\" srcset=\"https:\/\/hydrosprzet.pl\/wp-content\/uploads\/2021\/02\/20190509_085809.jpg 1280w, https:\/\/hydrosprzet.pl\/wp-content\/uploads\/2021\/02\/20190509_085809-300x225.jpg 300w, https:\/\/hydrosprzet.pl\/wp-content\/uploads\/2021\/02\/20190509_085809-1024x768.jpg 1024w, https:\/\/hydrosprzet.pl\/wp-content\/uploads\/2021\/02\/20190509_085809-768x576.jpg 768w, https:\/\/hydrosprzet.pl\/wp-content\/uploads\/2021\/02\/20190509_085809-16x12.jpg 16w, https:\/\/hydrosprzet.pl\/wp-content\/uploads\/2021\/02\/20190509_085809-800x600.jpg 800w\" sizes=\"(max-width: 1280px) 100vw, 1280px\" \/><\/div>\n\t\t<\/figure>\n\t<\/div>\n<\/div><\/div><\/div><div class=\"wpb_column vc_column_container vc_col-sm-6\"><div class=\"vc_column-inner vc_custom_1566648384590\"><div class=\"wpb_wrapper\"><div class='wd_empty_space' data-heightmobile='0' data-heighttablet='0' data-heightdesktop='0'><\/div>  <div class=\"wd-heading text-left\"\r\n\t\tdata-split-options='{\"type\":\"lines\"}' data-split-text='true'  data-split-target='.animation_target'    style=\"; \" data-devia-animate=''>\r\n\t\t\t\t\t\t\t\t        <h5 style=\"font-weight:500;font-size:14px;color:#eeee22;text-transform:Uppercase;letter-spacing:1.4px;\" class=\"sub_title_b animation_target\">\r\n\t\t\t\tHYDROSPRZ\u0118T        <\/h5>\r\n\t\t\t\t\t\t\r\n      <h3 style=\"font-weight:800;\" class=\"title_b animation_target\"\r\n        data-text=\"HYDROSPRZ\u0118T\">\r\n\t\t\tREGENERACJA SKRZY\u0143 BIEG\u00d3W MASZYN BUDOWLANYCH      <\/h3>\r\n\r\n\t\t\t\r\n\t\t    <\/div>\r\n    <div class='wd_empty_space' data-heightmobile='5' data-heighttablet='5' data-heightdesktop='5'><\/div>\n\t<div class=\"wpb_text_column wpb_content_element\" >\n\t\t<div class=\"wpb_wrapper\">\n\t\t\t<p><a href=\"https:\/\/hydrosprzet.pl\/en\/hydraulika-silowa\/\">HYDROSPRZ\u0118T<\/a> posiada w\u0142asny dzia\u0142 na warsztacie, w pe\u0142ni wyposa\u017cony w specjalistyczne oprzyrz\u0105dowanie i park maszynowy do wykonywania profesjonalnych napraw skrzy\u0144 bieg\u00f3w. Decyduj\u0105c si\u0119 na napraw\u0119 lub serwis skrzyni bieg\u00f3w, traktujemy t\u0119 odpowiedzialno\u015b\u0107 bardzo powa\u017cnie. Nasi wyspecjalizowani konsultanci wewn\u0119trzni s\u0105 wyznaczeni do opieki nad przebudow\u0105 skrzyni bieg\u00f3w od pocz\u0105tku do ko\u0144ca. Zapewniaj\u0105 post\u0119p prac bez zb\u0119dnych op\u00f3\u017anie\u0144 i koszt\u00f3w.<\/p>\n<p>\u00a0<\/p>\n<p>Naprawa, przegl\u0105d lub odbudowa skrzyni bieg\u00f3w pozwoli zaoszcz\u0119dzi\u0107 znaczne koszty zakupu i przestoj\u00f3w w por\u00f3wnaniu z zamawianiem takiej nowej skrzyni bieg\u00f3w. Nasz zesp\u00f3\u0142 specjalist\u00f3w przywr\u00f3ci Tw\u00f3j sprz\u0119t do jego oryginalnych specyfikacji. Nasz warsztat jest dobrze wyposa\u017cony do obs\u0142ugi szerokiej gamy skrzy\u0144 bieg\u00f3w wszystkich znanych producent\u00f3w na \u015bwiecie.<\/p>\n<p><span style=\"color: #ffffff;\"><a style=\"color: #ffffff;\" href=\"https:\/\/hydrosprzet.otomoto.pl\/\">otomoto<\/a><\/span><\/p>\n\n\t\t<\/div>\n\t<\/div>\n<\/div><\/div><\/div><\/div><div data-vc-full-width=\"true\" data-vc-full-width-init=\"false\" data-vc-stretch-content=\"true\" class=\"vc_row wpb_row vc_row-fluid\" ><div class=\"wpb_column vc_column_container vc_col-sm-12\"><div class=\"vc_column-inner\"><div class=\"wpb_wrapper\">\r\n\r\n<div class=\"wd_empty_space\" data-heightmobile=\"50\" data-heighttablet=\"50\" data-heightdesktop=\"60\">\r\n\r\n<\/div>\r\n      \r\n\r\n\r\n\r\n        \r\n      \r\n    \t\r\n\t\t<div class=\"wd-clients-carousel wd-clients-carousel--small style_1\"\r\n         data-slick='{\"arrows\":false}'          data-clientshow = \"8\"  >\r\n\t\t\t\t\t\t\t\t\t\t\t<div class=\"wd-clients-carousel-item\"  >\r\n\t\t\t\t\t<img  class=\"none\" src=\"https:\/\/hydrosprzet.pl\/wp-content\/uploads\/2020\/03\/logo-linser.png\" width=\"50\" height=\"38\" alt=\"\">\r\n\t\t\t\t<\/div>\r\n\t\t\t\t\t\t\t\t\t\t\t\t<div class=\"wd-clients-carousel-item\"  >\r\n\t\t\t\t\t<img  class=\"none\" src=\"https:\/\/hydrosprzet.pl\/wp-content\/uploads\/2020\/03\/logo-liugong.png\" width=\"40\" height=\"50\" alt=\"\">\r\n\t\t\t\t<\/div>\r\n\t\t\t\t\t\t\t\t\t\t\t\t<div class=\"wd-clients-carousel-item\"  >\r\n\t\t\t\t\t<img  class=\"none\" src=\"https:\/\/hydrosprzet.pl\/wp-content\/uploads\/2020\/03\/logo-dressta-1.jpg\" width=\"50\" height=\"50\" alt=\"\">\r\n\t\t\t\t<\/div>\r\n\t\t\t\t\t\t\t\t\t\t\t\t<div class=\"wd-clients-carousel-item\"  >\r\n\t\t\t\t\t<img  class=\"none\" src=\"https:\/\/hydrosprzet.pl\/wp-content\/uploads\/2020\/03\/cummins-logo-hydrosprzet.jpg\" width=\"50\" height=\"48\" alt=\"\">\r\n\t\t\t\t<\/div>\r\n\t\t\t\t\t\t\t\t\t\t\t\t<div class=\"wd-clients-carousel-item\"  >\r\n\t\t\t\t\t<img  class=\"none\" src=\"https:\/\/hydrosprzet.pl\/wp-content\/uploads\/2020\/03\/logo-kioti.jpg\" width=\"50\" height=\"38\" alt=\"\">\r\n\t\t\t\t<\/div>\r\n\t\t\t\t\r\n\t\t<\/div>\r\n\t\t\r\n\r\n<div class=\"wd_empty_space\" data-heightmobile=\"50\" data-heighttablet=\"70\" data-heightdesktop=\"70\">\r\n\r\n<\/div>\r\n      \r\n\r\n\r\n\r\n        \r\n      \r\n    <\/div><\/div><\/div><\/div><div class=\"vc_row-full-width vc_clearfix\"><\/div><div data-vc-full-width=\"true\" data-vc-full-width-init=\"false\" class=\"vc_row wpb_row vc_row-fluid vc_custom_1599556740934 vc_row-has-fill\" ><div class=\"wpb_column vc_column_container vc_col-sm-4\"><div class=\"vc_column-inner\"><div class=\"wpb_wrapper\">\r\n    <div class=\"no-hover text-icon text-icon--icon-top_position boxes  clearfix\"  >\r\n      <div class=\"text-icon__container  left\">\r\n\t\t\t\t          <div class=\"text-icon__icon-box\">\r\n\t\t\t\t\t\t            <i class=\"fa fas fa-arrow-circle-down\" style=\"color: #000\"><\/i>          <\/div>\r\n          <div class=\"text-icon__content-box\">\r\n            <h4 class=\"text-icon__title\">\r\n\t\t\t\t\t\t\tNAPRAWA            <\/h4>\r\n            <p class=\"text-icon__text\">M\u00f3wi\u0105c najpro\u015bciej, procedura naprawy ogranicza si\u0119 do wykonania starego, zepsutego elementu zbli\u017conego do jego pierwotnego kszta\u0142tu i rozmiaru. Wszystkie uszkodzone stare komponenty teoretycznie mo\u017cna naprawi\u0107, ale nie nale\u017cy tego robi\u0107, poniewa\u017c niekt\u00f3re stare uszkodzone komponenty nie nadaj\u0105 si\u0119 do naprawy i mog\u0105 nie zapewnia\u0107 pe\u0142nej i po\u017c\u0105danej funkcji, takiej jak orygina\u0142. W tym miejscu procedura naprawy ka\u017cdego komponentu jest tak kluczowa, aby ca\u0142e urz\u0105dzenie dzia\u0142a\u0142o zgodnie z oryginaln\u0105 specyfikacj\u0105.<\/p>\r\n          <\/div>\r\n\t\t\t\t\t      <\/div>\r\n    <\/div>\r\n\r\n\t\t<\/div><\/div><\/div><div class=\"wpb_column vc_column_container vc_col-sm-4\"><div class=\"vc_column-inner\"><div class=\"wpb_wrapper\">\r\n    <div class=\"no-hover text-icon text-icon--icon-top_position boxes  clearfix\"  >\r\n      <div class=\"text-icon__container  left\">\r\n\t\t\t\t          <div class=\"text-icon__icon-box\">\r\n\t\t\t\t\t\t            <i class=\"fa fas fa-arrow-circle-down\" style=\"color: #000\"><\/i>          <\/div>\r\n          <div class=\"text-icon__content-box\">\r\n            <h4 class=\"text-icon__title\">\r\n\t\t\t\t\t\t\tREGENERACJA            <\/h4>\r\n            <p class=\"text-icon__text\">Dok\u0142adny serwis skrzyni bieg\u00f3w maszyn budowlanych wymaga ca\u0142kowitego demonta\u017cu skrzyni bieg\u00f3w. Ka\u017cda cz\u0119\u015b\u0107 jest zdejmowana i sprawdzana pojedynczo, aby stwierdzi\u0107, czy nie jest uszkodzona. Przed monta\u017cem skrzyni bieg\u00f3w, konsultant handlowy skontaktuje si\u0119 z Tob\u0105 w celu om\u00f3wienia potrzebnych i zalecanych dzia\u0142a\u0144 w celu odbudowy skrzyni bieg\u00f3w. Po zatwierdzeniu, specjalista do regeneracji skrzyni bieg\u00f3w ponownie zmontuje skrzyni\u0119.<\/p>\r\n          <\/div>\r\n\t\t\t\t\t      <\/div>\r\n    <\/div>\r\n\r\n\t\t<\/div><\/div><\/div><div class=\"wpb_column vc_column_container vc_col-sm-4\"><div class=\"vc_column-inner\"><div class=\"wpb_wrapper\">\r\n    <div class=\"no-hover text-icon text-icon--icon-top_position boxes  clearfix\"  >\r\n      <div class=\"text-icon__container  left\">\r\n\t\t\t\t          <div class=\"text-icon__icon-box\">\r\n\t\t\t\t\t\t            <i class=\"fa fas fa-arrow-circle-down\" style=\"color: #000\"><\/i>          <\/div>\r\n          <div class=\"text-icon__content-box\">\r\n            <h4 class=\"text-icon__title\">\r\n\t\t\t\t\t\t\tSERVICES            <\/h4>\r\n            <p class=\"text-icon__text\">Ci\u0119\u017cki sprz\u0119t jest cz\u0119sto kr\u0119gos\u0142upem firmy, a gdy nie dzia\u0142a prawid\u0142owo, przest\u00f3j zwi\u0105zany z napraw\u0105 maszyny b\u0119dzie kosztowa\u0142 Twoj\u0105 firm\u0119. Niekt\u00f3re problemy ze skrzyni\u0105 bieg\u00f3w do maszyn budowlanych mo\u017cna unikn\u0105\u0107 dzi\u0119ki regularnej konserwacji zapobiegawczej. Pozostawienie ci\u0119\u017ckiego sprz\u0119tu dalej pracuj\u0105cego, gdy skrzynia bieg\u00f3w przysparza Ci problem\u00f3w, przyniesie tylko wi\u0119kszy rachunek za napraw\u0119, wi\u0119c nie czekaj i skontaktuj sie z naszymi specjalistami a rozwi\u0105\u017cemy ka\u017cdy Tw\u00f3j problem.<\/p>\r\n          <\/div>\r\n\t\t\t\t\t      <\/div>\r\n    <\/div>\r\n\r\n\t\t<\/div><\/div><\/div><\/div><div class=\"vc_row-full-width vc_clearfix\"><\/div><div class=\"vc_row wpb_row vc_row-fluid\" ><div class=\"wpb_column vc_column_container vc_col-sm-12\"><div class=\"vc_column-inner\"><div class=\"wpb_wrapper\"><div class='wd_empty_space' data-heightmobile='' data-heighttablet='' data-heightdesktop=''><\/div>  <div class=\"wd-heading text-center\"\r\n\t\t    style=\"max-width:600px;; margin: 0 auto;\" data-devia-animate=''>\r\n\t\t\r\n\t\t\t\r\n      <h3 style=\"\" class=\"title_a\"\r\n      data-text=\".\">\r\n\t\t\tREGENERACJA SKRZY\u0143 BIEG\u00d3W MASZYN BUDOWLANYCH      <\/h3>\r\n\r\n\t\t\t\t\t\t        <p style=\"color:#ffffff;\" class=\"sub_title_a\">\r\n\t\t\t\t.        <\/p>\r\n\t\t\t\t\t\t<hr class='hr_a' style=' margin: 10px auto;'\/>\r\n\t\t    <\/div>\r\n    <div class='wd_empty_space' data-heightmobile='60' data-heighttablet='60' data-heightdesktop='60'><\/div><\/div><\/div><\/div><\/div><div class=\"vc_row wpb_row vc_row-fluid vc_custom_1599549863495\" ><div class=\"wpb_column vc_column_container vc_col-sm-6 vc_col-has-fill\"><div class=\"vc_column-inner vc_custom_1599557928615\"><div class=\"wpb_wrapper\">\n\t<div  class=\"wpb_single_image wpb_content_element vc_align_center\">\n\t\t\n\t\t<figure class=\"wpb_wrapper vc_figure\">\n\t\t\t<div class=\"vc_single_image-wrapper   vc_box_border_grey\"><img width=\"2560\" height=\"1920\" src=\"https:\/\/hydrosprzet.pl\/wp-content\/uploads\/2021\/02\/Skrzynia-biegow-L35-2-min-scaled.jpg\" class=\"vc_single_image-img attachment-full\" alt=\"regeneracja skrzy\u0144 bieg\u00f3w maszyn budowlanych\" loading=\"lazy\" srcset=\"https:\/\/hydrosprzet.pl\/wp-content\/uploads\/2021\/02\/Skrzynia-biegow-L35-2-min-scaled.jpg 2560w, https:\/\/hydrosprzet.pl\/wp-content\/uploads\/2021\/02\/Skrzynia-biegow-L35-2-min-300x225.jpg 300w, https:\/\/hydrosprzet.pl\/wp-content\/uploads\/2021\/02\/Skrzynia-biegow-L35-2-min-1024x768.jpg 1024w, https:\/\/hydrosprzet.pl\/wp-content\/uploads\/2021\/02\/Skrzynia-biegow-L35-2-min-768x576.jpg 768w, https:\/\/hydrosprzet.pl\/wp-content\/uploads\/2021\/02\/Skrzynia-biegow-L35-2-min-1536x1152.jpg 1536w, https:\/\/hydrosprzet.pl\/wp-content\/uploads\/2021\/02\/Skrzynia-biegow-L35-2-min-2048x1536.jpg 2048w, https:\/\/hydrosprzet.pl\/wp-content\/uploads\/2021\/02\/Skrzynia-biegow-L35-2-min-16x12.jpg 16w, https:\/\/hydrosprzet.pl\/wp-content\/uploads\/2021\/02\/Skrzynia-biegow-L35-2-min-800x600.jpg 800w\" sizes=\"(max-width: 2560px) 100vw, 2560px\" \/><\/div>\n\t\t<\/figure>\n\t<\/div>\n<\/div><\/div><\/div><div class=\"wpb_column vc_column_container vc_col-sm-6\"><div class=\"vc_column-inner vc_custom_1566648384590\"><div class=\"wpb_wrapper\"><div class='wd_empty_space' data-heightmobile='0' data-heighttablet='0' data-heightdesktop='0'><\/div>  <div class=\"wd-heading text-left\"\r\n\t\tdata-split-options='{\"type\":\"lines\"}' data-split-text='true'  data-split-target='.animation_target'    style=\"; \" data-devia-animate=''>\r\n\t\t\t\t\t\t\t\t\t\t\t\r\n      <h2 style=\"font-weight:600;\" class=\"title_b animation_target\"\r\n        data-text=\"REGENERACJA SKRZY\u0143\">\r\n\t\t\tREGENERACJA SKRZY\u0143      <\/h2>\r\n\r\n\t\t\t\r\n\t\t    <\/div>\r\n    <div class='wd_empty_space' data-heightmobile='5' data-heighttablet='5' data-heightdesktop='5'><\/div>\n\t<div class=\"wpb_text_column wpb_content_element\" >\n\t\t<div class=\"wpb_wrapper\">\n\t\t\t<p>Jak naprawiamy i przebudowujemy skrzynie bieg\u00f3w do maszyn budowlanych?<\/p>\n<p>Gruntowna naprawa manualnej i automatycznej skrzyni bieg\u00f3w wymaga ca\u0142kowitego demonta\u017cu skrzyni bieg\u00f3w. Ka\u017cda cz\u0119\u015b\u0107 jest rozbierana i sprawdzana pojedynczo, upewniaj\u0105c si\u0119, \u017ce nie zosta\u0142a uszkodzona. W Hydrosprz\u0119cie wymieniamy wszystkie uszkodzone cz\u0119\u015bci, a tak\u017ce mi\u0119kkie komponenty i materia\u0142y eksploatacyjne. Poniewa\u017c posiadamy w\u0142asny warsztat, mo\u017cemy w razie potrzeby przezbroi\u0107. Wszystkie cz\u0119\u015bci, kt\u00f3re nadal nadaj\u0105 si\u0119 do u\u017cytku w d\u0142u\u017cszej perspektywie, s\u0105 dok\u0142adnie czyszczone i ponownie instalowane. Jeste\u015bmy tak pewni przebudowy naszych skrzy\u0144 bieg\u00f3w, \u017ce oferujemy nasz\u0105 gwarancj\u0119 na wszystkie przebudowy skrzyni bieg\u00f3w.<\/p>\n<p>Aby Twoja skrzynia bieg\u00f3w zosta\u0142a odbudowana lub naprawiona przez ekspert\u00f3w, skontaktuj si\u0119 z firm\u0105 Hydrosprz\u0119t ju\u017c dzi\u015b, aby otrzyma\u0107 wycen\u0119.<\/p>\n\n\t\t<\/div>\n\t<\/div>\n<\/div><\/div><\/div><\/div><div data-vc-full-width=\"true\" data-vc-full-width-init=\"false\" class=\"vc_row wpb_row vc_row-fluid overflow-visible vc_custom_1612426199113 vc_row-has-fill\" ><div class=\"wpb_column vc_column_container vc_col-sm-8\"><div class=\"vc_column-inner\"><div class=\"wpb_wrapper\">\r\n\r\n<div class=\"wd_empty_space\" data-heightmobile=\"7\" data-heighttablet=\"7\" data-heightdesktop=\"7\">\r\n\r\n<\/div>\r\n      \r\n\r\n\r\n\r\n        \r\n      \r\n    <div class='wd_empty_space' data-heightmobile='0' data-heighttablet='0' data-heightdesktop='0'><\/div>  <div class=\"wd-heading text-left\"\r\n\t\t    style=\"; \" data-devia-animate=''>\r\n\t\t\r\n      <h2 style=\"font-size:28px;color:#000000;text-transform:Uppercase;\" class=\"title_a\"\r\n       data-text=\"SKONTAKTUJ SI\u0118 Z NASZYM SPECJALIST\u0104\">\r\n\t\t\tSKONTAKTUJ SI\u0118 Z NASZYM SPECJALIST\u0104      <\/h2>\r\n\r\n\t\t\t    <\/div>\r\n    <div class='wd_empty_space' data-heightmobile='0' data-heighttablet='0' data-heightdesktop='0'><\/div><div class='wd_empty_space' data-heightmobile='0' data-heighttablet='0' data-heightdesktop='0'><\/div>  <div class=\"wd-heading text-left\"\r\n\t\t    style=\"; \" data-devia-animate=''>\r\n\t\t\r\n      <h2 style=\"font-size:20px;color:#000000;\" class=\"title_a\"\r\n       data-text=\"Szczycimy si\u0119 szybk\u0105, niezawodn\u0105 i pomocn\u0105 obs\u0142ug\u0105\">\r\n\t\t\tSzczycimy si\u0119 szybk\u0105, niezawodn\u0105 i pomocn\u0105 obs\u0142ug\u0105      <\/h2>\r\n\r\n\t\t\t    <\/div>\r\n    <div class='wd_empty_space' data-heightmobile='0' data-heighttablet='0' data-heightdesktop='0'><\/div><div class=\"vc_row wpb_row vc_inner vc_row-fluid\"><div class=\"wpb_column vc_column_container vc_col-sm-12\"><div class=\"vc_column-inner\"><div class=\"wpb_wrapper\">\n\t<div class=\"wpb_raw_code wpb_content_element wpb_raw_html\" >\n\t\t<div class=\"wpb_wrapper\">\n\t\t\t<div class=\"call-button\">\n<a href=\"\" class=\"wd-btn btn-solid btn-color-3 hover-color-2 btn-medium btn-none  icon-after\">\n      ZADZWO\u0143   \n <\/a>\n<p><i style=\"display: inline;margin-right: 10px;\" class=\"fas fa-phone\"><\/i>ZADZWO\u0143 LUB NAPISZ ANDRZEJ.JUSZKIEWICZ@HYDROSPRZET.PL | +48 509 667 449<\/p>\n<\/div>\n\t\t<\/div>\n\t<\/div>\n<\/div><\/div><\/div><\/div>\r\n\r\n<div class=\"wd_empty_space\" data-heightmobile=\"79\" data-heighttablet=\"79\" data-heightdesktop=\"79\">\r\n\r\n<\/div>\r\n      \r\n\r\n\r\n\r\n        \r\n      \r\n    <\/div><\/div><\/div><div class=\"wpb_column vc_column_container vc_col-sm-4\"><div class=\"vc_column-inner vc_custom_1567707056423\"><div class=\"wpb_wrapper\"><\/div><\/div><\/div><\/div><div class=\"vc_row-full-width vc_clearfix\"><\/div>","protected":false},"excerpt":{"rendered":"HYDROSPRZ\u0118T REGENERACJA SKRZY\u0143 BIEG\u00d3W MASZYN BUDOWLANYCH HYDROSPRZ\u0118T posiada w\u0142asny dzia\u0142 na warsztacie, w pe\u0142ni wyposa\u017cony w specjalistyczne oprzyrz\u0105dowanie i park maszynowy do wykonywania profesjonalnych napraw skrzy\u0144 bieg\u00f3w. Decyduj\u0105c si\u0119 na napraw\u0119 lub serwis skrzyni bieg\u00f3w, traktujemy t\u0119 odpowiedzialno\u015b\u0107 bardzo powa\u017cnie. Nasi wyspecjalizowani konsultanci wewn\u0119trzni s\u0105 wyznaczeni do opieki nad przebudow\u0105 skrzyni bieg\u00f3w od pocz\u0105tku do [...]","protected":false},"author":1,"featured_media":0,"parent":0,"menu_order":0,"comment_status":"closed","ping_status":"closed","template":"","meta":[],"yoast_head":"<!-- This site is optimized with the Yoast SEO plugin v17.3 - https:\/\/yoast.com\/wordpress\/plugins\/seo\/ -->\n<title>Regeneracja skrzy\u0144 bieg\u00f3w maszyn budowlanych - Hydrosprz\u0119t<\/title>\n<meta name=\"description\" content=\"Regeneracja skrzy\u0144 bieg\u00f3w maszyn budowlanych to jeden z g\u0142\u00f3wnych profil\u00f3w dzia\u0142alno\u015bci firmy Hydrosprz\u0119t. Oferujemy regeneracj\u0119 oraz napraw\u0119.\" \/>\n<meta name=\"robots\" content=\"index, follow, max-snippet:-1, max-image-preview:large, max-video-preview:-1\" \/>\n<link rel=\"canonical\" href=\"https:\/\/hydrosprzet.pl\/en\/regeneracja-skrzyn-biegow-maszyn-budowlanych\/\" \/>\n<meta property=\"og:locale\" content=\"en_US\" \/>\n<meta property=\"og:type\" content=\"article\" \/>\n<meta property=\"og:title\" content=\"Regeneracja skrzy\u0144 bieg\u00f3w maszyn budowlanych - Hydrosprz\u0119t\" \/>\n<meta property=\"og:description\" content=\"Regeneracja skrzy\u0144 bieg\u00f3w maszyn budowlanych to jeden z g\u0142\u00f3wnych profil\u00f3w dzia\u0142alno\u015bci firmy Hydrosprz\u0119t. Oferujemy regeneracj\u0119 oraz napraw\u0119.\" \/>\n<meta property=\"og:url\" content=\"https:\/\/hydrosprzet.pl\/en\/regeneracja-skrzyn-biegow-maszyn-budowlanych\/\" \/>\n<meta property=\"og:site_name\" content=\"Hydrosprz\u0119t\" \/>\n<meta property=\"article:modified_time\" content=\"2021-02-04T08:10:03+00:00\" \/>\n<meta name=\"twitter:card\" content=\"summary_large_image\" \/>\n<meta name=\"twitter:label1\" content=\"Est. reading time\" \/>\n\t<meta name=\"twitter:data1\" content=\"3 minutes\" \/>\n<script type=\"application\/ld+json\" class=\"yoast-schema-graph\">{\"@context\":\"https:\/\/schema.org\",\"@graph\":[{\"@type\":\"WebSite\",\"@id\":\"https:\/\/hydrosprzet.pl\/#website\",\"url\":\"https:\/\/hydrosprzet.pl\/\",\"name\":\"Hydrosprz\\u0119t\",\"description\":\"Maszyny budowlane\",\"potentialAction\":[{\"@type\":\"SearchAction\",\"target\":{\"@type\":\"EntryPoint\",\"urlTemplate\":\"https:\/\/hydrosprzet.pl\/?s={search_term_string}\"},\"query-input\":\"required name=search_term_string\"}],\"inLanguage\":\"en-US\"},{\"@type\":\"WebPage\",\"@id\":\"https:\/\/hydrosprzet.pl\/regeneracja-skrzyn-biegow-maszyn-budowlanych\/#webpage\",\"url\":\"https:\/\/hydrosprzet.pl\/regeneracja-skrzyn-biegow-maszyn-budowlanych\/\",\"name\":\"Regeneracja skrzy\\u0144 bieg\\u00f3w maszyn budowlanych - Hydrosprz\\u0119t\",\"isPartOf\":{\"@id\":\"https:\/\/hydrosprzet.pl\/#website\"},\"datePublished\":\"2021-02-04T07:04:15+00:00\",\"dateModified\":\"2021-02-04T08:10:03+00:00\",\"description\":\"Regeneracja skrzy\\u0144 bieg\\u00f3w maszyn budowlanych to jeden z g\\u0142\\u00f3wnych profil\\u00f3w dzia\\u0142alno\\u015bci firmy Hydrosprz\\u0119t. Oferujemy regeneracj\\u0119 oraz napraw\\u0119.\",\"breadcrumb\":{\"@id\":\"https:\/\/hydrosprzet.pl\/regeneracja-skrzyn-biegow-maszyn-budowlanych\/#breadcrumb\"},\"inLanguage\":\"en-US\",\"potentialAction\":[{\"@type\":\"ReadAction\",\"target\":[\"https:\/\/hydrosprzet.pl\/regeneracja-skrzyn-biegow-maszyn-budowlanych\/\"]}]},{\"@type\":\"BreadcrumbList\",\"@id\":\"https:\/\/hydrosprzet.pl\/regeneracja-skrzyn-biegow-maszyn-budowlanych\/#breadcrumb\",\"itemListElement\":[{\"@type\":\"ListItem\",\"position\":1,\"name\":\"Strona g\\u0142\\u00f3wna\",\"item\":\"https:\/\/hydrosprzet.pl\/\"},{\"@type\":\"ListItem\",\"position\":2,\"name\":\"Regeneracja skrzy\\u0144 bieg\\u00f3w maszyn budowlanych\"}]}]}<\/script>\n<!-- \/ Yoast SEO plugin. -->","yoast_head_json":{"title":"Regeneracja skrzy\u0144 bieg\u00f3w maszyn budowlanych - Hydrosprz\u0119t","description":"Regeneracja skrzy\u0144 bieg\u00f3w maszyn budowlanych to jeden z g\u0142\u00f3wnych profil\u00f3w dzia\u0142alno\u015bci firmy Hydrosprz\u0119t. Oferujemy regeneracj\u0119 oraz napraw\u0119.","robots":{"index":"index","follow":"follow","max-snippet":"max-snippet:-1","max-image-preview":"max-image-preview:large","max-video-preview":"max-video-preview:-1"},"canonical":"https:\/\/hydrosprzet.pl\/en\/regeneracja-skrzyn-biegow-maszyn-budowlanych\/","og_locale":"en_US","og_type":"article","og_title":"Regeneracja skrzy\u0144 bieg\u00f3w maszyn budowlanych - Hydrosprz\u0119t","og_description":"Regeneracja skrzy\u0144 bieg\u00f3w maszyn budowlanych to jeden z g\u0142\u00f3wnych profil\u00f3w dzia\u0142alno\u015bci firmy Hydrosprz\u0119t. Oferujemy regeneracj\u0119 oraz napraw\u0119.","og_url":"https:\/\/hydrosprzet.pl\/en\/regeneracja-skrzyn-biegow-maszyn-budowlanych\/","og_site_name":"Hydrosprz\u0119t","article_modified_time":"2021-02-04T08:10:03+00:00","twitter_card":"summary_large_image","twitter_misc":{"Est. reading time":"3 minutes"},"schema":{"@context":"https:\/\/schema.org","@graph":[{"@type":"WebSite","@id":"https:\/\/hydrosprzet.pl\/#website","url":"https:\/\/hydrosprzet.pl\/","name":"Hydrosprz\u0119t","description":"Maszyny budowlane","potentialAction":[{"@type":"SearchAction","target":{"@type":"EntryPoint","urlTemplate":"https:\/\/hydrosprzet.pl\/?s={search_term_string}"},"query-input":"required name=search_term_string"}],"inLanguage":"en-US"},{"@type":"WebPage","@id":"https:\/\/hydrosprzet.pl\/regeneracja-skrzyn-biegow-maszyn-budowlanych\/#webpage","url":"https:\/\/hydrosprzet.pl\/regeneracja-skrzyn-biegow-maszyn-budowlanych\/","name":"Regeneracja skrzy\u0144 bieg\u00f3w maszyn budowlanych - Hydrosprz\u0119t","isPartOf":{"@id":"https:\/\/hydrosprzet.pl\/#website"},"datePublished":"2021-02-04T07:04:15+00:00","dateModified":"2021-02-04T08:10:03+00:00","description":"Regeneracja skrzy\u0144 bieg\u00f3w maszyn budowlanych to jeden z g\u0142\u00f3wnych profil\u00f3w dzia\u0142alno\u015bci firmy Hydrosprz\u0119t. Oferujemy regeneracj\u0119 oraz napraw\u0119.","breadcrumb":{"@id":"https:\/\/hydrosprzet.pl\/regeneracja-skrzyn-biegow-maszyn-budowlanych\/#breadcrumb"},"inLanguage":"en-US","potentialAction":[{"@type":"ReadAction","target":["https:\/\/hydrosprzet.pl\/regeneracja-skrzyn-biegow-maszyn-budowlanych\/"]}]},{"@type":"BreadcrumbList","@id":"https:\/\/hydrosprzet.pl\/regeneracja-skrzyn-biegow-maszyn-budowlanych\/#breadcrumb","itemListElement":[{"@type":"ListItem","position":1,"name":"Strona g\u0142\u00f3wna","item":"https:\/\/hydrosprzet.pl\/"},{"@type":"ListItem","position":2,"name":"Regeneracja skrzy\u0144 bieg\u00f3w maszyn budowlanych"}]}]}},"_links":{"self":[{"href":"https:\/\/hydrosprzet.pl\/en\/wp-json\/wp\/v2\/pages\/6907"}],"collection":[{"href":"https:\/\/hydrosprzet.pl\/en\/wp-json\/wp\/v2\/pages"}],"about":[{"href":"https:\/\/hydrosprzet.pl\/en\/wp-json\/wp\/v2\/types\/page"}],"author":[{"embeddable":true,"href":"https:\/\/hydrosprzet.pl\/en\/wp-json\/wp\/v2\/users\/1"}],"replies":[{"embeddable":true,"href":"https:\/\/hydrosprzet.pl\/en\/wp-json\/wp\/v2\/comments?post=6907"}],"version-history":[{"count":7,"href":"https:\/\/hydrosprzet.pl\/en\/wp-json\/wp\/v2\/pages\/6907\/revisions"}],"predecessor-version":[{"id":6916,"href":"https:\/\/hydrosprzet.pl\/en\/wp-json\/wp\/v2\/pages\/6907\/revisions\/6916"}],"wp:attachment":[{"href":"https:\/\/hydrosprzet.pl\/en\/wp-json\/wp\/v2\/media?parent=6907"}],"curies":[{"name":"wp","href":"https:\/\/api.w.org\/{rel}","templated":true}]}}