{"id":6883,"date":"2021-02-02T10:13:55","date_gmt":"2021-02-02T09:13:55","guid":{"rendered":"https:\/\/hydrosprzet.pl\/?page_id=6883"},"modified":"2021-02-02T11:03:45","modified_gmt":"2021-02-02T10:03:45","slug":"serwis-dressta","status":"publish","type":"page","link":"https:\/\/hydrosprzet.pl\/en\/serwis-dressta\/","title":{"rendered":"Serwis Dressta"},"content":{"rendered":"<div class=\"vc_row wpb_row vc_row-fluid\" ><div class=\"wpb_column vc_column_container vc_col-sm-12\"><div class=\"vc_column-inner\"><div class=\"wpb_wrapper\">\r\n\r\n<div class=\"wd_empty_space\" data-heightmobile=\"20\" data-heighttablet=\"20\" data-heightdesktop=\"10\">\r\n\r\n<\/div>\r\n      \r\n\r\n\r\n\r\n        \r\n      \r\n    <\/div><\/div><\/div><div class=\"wpb_column vc_column_container vc_col-sm-12\"><div class=\"vc_column-inner\"><div class=\"wpb_wrapper\"><div class='wd_empty_space' data-heightmobile='50' data-heighttablet='50' data-heightdesktop='50'><\/div>  <div class=\"wd-heading text-center  devia-anim\"\r\n\t\t    style=\"max-width:600px;; margin: 0 auto;\" data-devia-animate='{\"triggerHandler\":\"inview\",\"animationTarget\":\".animation_target\",\"duration\":700,\"delay\":100,\"initValues\":[],\"animations\":{\"ease\":\"Power0.easeNone\"}}'>\r\n\t\t\t\t\t\t\t\t\t\t\t\r\n      <h2 style=\"font-weight:800;font-size:55px;color:#eeee22;\" class=\"title_b animation_target\"\r\n        data-text=\"SERWIS DRESSTA\">\r\n\t\t\tSERWIS DRESSTA      <\/h2>\r\n\r\n\t\t\t\r\n\t\t    <\/div>\r\n    <div class='wd_empty_space' data-heightmobile='' data-heighttablet='' data-heightdesktop=''><\/div>\r\n\r\n<div class=\"wd_empty_space\" data-heightmobile=\"40\" data-heighttablet=\"40\" data-heightdesktop=\"60\">\r\n\r\n<\/div>\r\n      \r\n\r\n\r\n\r\n        \r\n      \r\n    <\/div><\/div><\/div><\/div><div class=\"vc_row wpb_row vc_row-fluid moved-box--top\" ><div class=\"wpb_column vc_column_container vc_col-sm-7\"><div class=\"vc_column-inner vc_custom_1571915566172\"><div class=\"wpb_wrapper\"><div class='wd_empty_space' data-heightmobile='0' data-heighttablet='0' data-heightdesktop='0'><\/div>  <div class=\"wd-heading text-left  devia-anim\"\r\n\t\tdata-split-options='{\"type\":\"lines\"}' data-split-text='true'  data-split-target='.animation_target'    style=\"; \" data-devia-animate='{\"triggerHandler\":\"inview\",\"animationTarget\":\".item_target\",\"duration\":\"500\",\"delay\":\"100\",\"initValues\":{\"x\":-60,\"y\":250,\"z\":150,\"opacity\":0},\"animations\":{\"x\":0,\"y\":0,\"z\":0,\"opacity\":1,\"ease\":\"Power3.easeOut\"}}'>\r\n\t\t\t\t\t\t\t\t\t\t\t\r\n      <h2 style=\"font-weight:500;font-size:45px;\" class=\"title_b animation_target\"\r\n        data-text=\"SERWIS DRESSTA\">\r\n\t\t\tSERWIS DRESSTA      <\/h2>\r\n\r\n\t\t\t\r\n\t\t    <\/div>\r\n    <div class='wd_empty_space' data-heightmobile='5' data-heighttablet='5' data-heightdesktop='5'><\/div>\n\t<div class=\"wpb_text_column wpb_content_element\" >\n\t\t<div class=\"wpb_wrapper\">\n\t\t\t<p>Our company\u00a0<a href=\"https:\/\/hydrosprzet.pl\/en\/\">HYDROSPRZ\u0118T KUKLA SP\u00d3\u0141KA JAWNA<\/a> jest autoryzowanym dystrybutorem LiuGong Dressta Machinery, producenta pot\u0119\u017cnych maszyn do najci\u0119\u017cszych zastosowa\u0144, koparek g\u0105sienicowych, \u0142adowarek ko\u0142owych, spycharek oraz uk\u0142adarek rur do przesy\u0142u gazu i ropy naftowej. Zajmujemy si\u0119 serwisem wszystkich maszyn DRESSTA, od spycharek g\u0105sienicowych po koparko-\u0142adowarki. Awarie nigdy nie s\u0105 przyjemne. W takich sytuacjach potrzebujesz szybkiego i niezawodnego wsparcia, kt\u00f3re mo\u017ce dotrze\u0107 do Ciebie na miejsce i przywr\u00f3ci\u0107 maszynie funkcjonalno\u015b\u0107.<\/p>\n\n\t\t<\/div>\n\t<\/div>\n<div class=\"vc_row wpb_row vc_inner vc_row-fluid vc_custom_1562157304682\"><div class=\"wpb_column vc_column_container vc_col-sm-6\"><div class=\"vc_column-inner\"><div class=\"wpb_wrapper\"><\/div><\/div><\/div><div class=\"wpb_column vc_column_container vc_col-sm-6\"><div class=\"vc_column-inner\"><div class=\"wpb_wrapper\"><\/div><\/div><\/div><\/div>\r\n  <div\r\n    class=\"wd-btn-wrap text-left\" >\r\n    <a href=\"https:\/\/www.dressta.com\/pl_PL\/\" class=\"wd-btn btn-solid btn-color-1 hover-color-3 btn-medium btn-none  icon-after\"\r\n      \r\n\r\n    >\r\n      SEE MORE    <\/a>\r\n  <\/div>\r\n\r\n  \r\n\r\n<div class=\"wd_empty_space\" data-heightmobile=\"0\" data-heighttablet=\"40\" data-heightdesktop=\"80\">\r\n\r\n<\/div>\r\n      \r\n\r\n\r\n\r\n        \r\n      \r\n    <\/div><\/div><\/div><div class=\"wpb_column vc_column_container vc_col-sm-5\"><div class=\"vc_column-inner\"><div class=\"wpb_wrapper\">\n\t<div  class=\"wpb_single_image wpb_content_element vc_align_right\">\n\t\t\n\t\t<figure class=\"wpb_wrapper vc_figure\">\n\t\t\t<div class=\"vc_single_image-wrapper   vc_box_border_grey\"><img width=\"2560\" height=\"1920\" src=\"https:\/\/hydrosprzet.pl\/wp-content\/uploads\/2021\/02\/IMG20200630143625-scaled.jpg\" class=\"vc_single_image-img attachment-full\" alt=\"serwis dressta\" loading=\"lazy\" srcset=\"https:\/\/hydrosprzet.pl\/wp-content\/uploads\/2021\/02\/IMG20200630143625-scaled.jpg 2560w, https:\/\/hydrosprzet.pl\/wp-content\/uploads\/2021\/02\/IMG20200630143625-300x225.jpg 300w, https:\/\/hydrosprzet.pl\/wp-content\/uploads\/2021\/02\/IMG20200630143625-1024x768.jpg 1024w, https:\/\/hydrosprzet.pl\/wp-content\/uploads\/2021\/02\/IMG20200630143625-768x576.jpg 768w, https:\/\/hydrosprzet.pl\/wp-content\/uploads\/2021\/02\/IMG20200630143625-1536x1152.jpg 1536w, https:\/\/hydrosprzet.pl\/wp-content\/uploads\/2021\/02\/IMG20200630143625-2048x1536.jpg 2048w, https:\/\/hydrosprzet.pl\/wp-content\/uploads\/2021\/02\/IMG20200630143625-16x12.jpg 16w, https:\/\/hydrosprzet.pl\/wp-content\/uploads\/2021\/02\/IMG20200630143625-800x600.jpg 800w\" sizes=\"(max-width: 2560px) 100vw, 2560px\" \/><\/div>\n\t\t<\/figure>\n\t<\/div>\n<\/div><\/div><\/div><\/div><div data-vc-full-width=\"true\" data-vc-full-width-init=\"false\" class=\"vc_row wpb_row vc_row-fluid text-icon--text-white vc_custom_1612260089496 vc_row-has-fill\" ><div class=\"wpb_column vc_column_container vc_col-sm-6\"><div class=\"vc_column-inner\"><div class=\"wpb_wrapper\"><div class='wd_empty_space' data-heightmobile='80' data-heighttablet='80' data-heightdesktop='80'><\/div>  <div class=\"wd-heading text-center\"\r\n\t\tdata-split-options='{\"type\":\"lines\"}' data-split-text='true'  data-split-target='.animation_target'    style=\"; \" data-devia-animate=''>\r\n\t\t\t\t\t\t\t\t\t\t\t\r\n      <h2 style=\"color:#ffffff;\" class=\"title_b animation_target\"\r\n        data-text=\"SERWIS\">\r\n\t\t\tSERVICES      <\/h2>\r\n\r\n\t\t\t\r\n\t\t    <\/div>\r\n    <div class='wd_empty_space' data-heightmobile='40' data-heighttablet='40' data-heightdesktop='40'><\/div>\n\t<div class=\"wpb_text_column wpb_content_element  wpb_animate_when_almost_visible wpb_right-to-left right-to-left\" >\n\t\t<div class=\"wpb_wrapper\">\n\t\t\t\n\t\t<\/div>\n\t<\/div>\n\r\n\r\n<div class=\"wd_empty_space\" data-heightmobile=\"40\" data-heighttablet=\"40\" data-heightdesktop=\"40\">\r\n\r\n<\/div>\r\n      \r\n\r\n\r\n\r\n        \r\n      \r\n    \r\n\r\n<div class=\"wd_empty_space\" data-heightmobile=\"40\" data-heighttablet=\"40\" data-heightdesktop=\"40\">\r\n\r\n<\/div>\r\n      \r\n\r\n\r\n\r\n        \r\n      \r\n    <\/div><\/div><\/div><div class=\"wpb_column vc_column_container vc_col-sm-6\"><div class=\"vc_column-inner\"><div class=\"wpb_wrapper\"><div class='wd_empty_space' data-heightmobile='80' data-heighttablet='80' data-heightdesktop='80'><\/div>  <div class=\"wd-heading text-center\"\r\n\t\t    style=\"; \" data-devia-animate=''>\r\n\t\t\t\t\t\t\t\t\t\t\t\r\n      <h2 style=\"color:#ffffff;\" class=\"title_a\"\r\n        data-text=\"DRESSTA\">\r\n\t\t\tDRESSTA      <\/h2>\r\n\r\n\t\t\t<hr class='hr_a' style=' margin: 10px auto;'\/>\r\n\t\t    <\/div>\r\n    <div class='wd_empty_space' data-heightmobile='40' data-heighttablet='40' data-heightdesktop='40'><\/div>\n\t<div class=\"wpb_text_column wpb_content_element  wpb_animate_when_almost_visible wpb_right-to-left right-to-left\" >\n\t\t<div class=\"wpb_wrapper\">\n\t\t\t\n\t\t<\/div>\n\t<\/div>\n\r\n\r\n<div class=\"wd_empty_space\" data-heightmobile=\"40\" data-heighttablet=\"40\" data-heightdesktop=\"40\">\r\n\r\n<\/div>\r\n      \r\n\r\n\r\n\r\n        \r\n      \r\n    \r\n\r\n<div class=\"wd_empty_space\" data-heightmobile=\"40\" data-heighttablet=\"40\" data-heightdesktop=\"40\">\r\n\r\n<\/div>\r\n      \r\n\r\n\r\n\r\n        \r\n      \r\n    <\/div><\/div><\/div><\/div><div class=\"vc_row-full-width vc_clearfix\"><\/div><div class=\"vc_row wpb_row vc_row-fluid\" ><div class=\"wpb_column vc_column_container vc_col-sm-12\"><div class=\"vc_column-inner\"><div class=\"wpb_wrapper\"><div class='wd_empty_space' data-heightmobile='' data-heighttablet='' data-heightdesktop=''><\/div>  <div class=\"wd-heading text-left\"\r\n\t\tdata-split-options='{\"type\":\"chars, words\"}' data-split-text='true'  data-split-target='.animation_target'    style=\"; \" data-devia-animate=''>\r\n\t\t\t\t\t\t\t\t        <p style=\"font-size:1px;\" class=\"sub_title_b animation_target\">\r\n\t\t\t\tJeste\u015bmy dla was!        <\/p>\r\n\t\t\t\t\t\t\r\n      <h3 style=\"\" class=\"title_b animation_target\"\r\n        data-text=\"Jeste\u015bmy dla was!\">\r\n\t\t\tSERWIS MASZYN BUDOWLANYCH DRESSTA      <\/h3>\r\n\r\n\t\t\t\r\n\t\t    <\/div>\r\n    <div class='wd_empty_space' data-heightmobile='20' data-heighttablet='20' data-heightdesktop='30'><\/div><\/div><\/div><\/div><\/div><div class=\"vc_row wpb_row vc_row-fluid\" ><div class=\"wpb_column vc_column_container vc_col-sm-8\"><div class=\"vc_column-inner\"><div class=\"wpb_wrapper\">\n\t<div class=\"wpb_text_column wpb_content_element\" >\n\t\t<div class=\"wpb_wrapper\">\n\t\t\t<p>Dressta jest firm\u0105 z bogatymi tradycjami i jest obecnie globalnym producentem ci\u0119\u017ckiego sprz\u0119tu budowlanego, znanym z tworzenia trwa\u0142ych, pot\u0119\u017cnych maszyn do najci\u0119\u017cszych zastosowa\u0144 \u2013 od \u0142adowarek kopalnianych i spycharek do u\u017cytku na sk\u0142adowiskach do uk\u0142adarek rur do przesy\u0142u gazu i ropy naftowej.<\/p>\n<p>Ka\u017cde z urz\u0105dze\u0144 jest efektem pracy do\u015bwiadczonych in\u017cynier\u00f3w w fabryce w Stalowej Woli \u2013 w mie\u015bcie, kt\u00f3rego nazwa doskonale oddaje ogrom zaanga\u017cowania ca\u0142ego zespo\u0142u. Z tego zak\u0142adu, fachowo wykonane maszyny s\u0105 dostarczane klientom za po\u015brednictwem sieci regionalnych dystrybutor\u00f3w, kt\u00f3rzy zapewniaj\u0105 klientom szybk\u0105 i \u0142atw\u0105 komunikacj\u0119 z zespo\u0142em ds. sprzeda\u017cy oraz zespo\u0142em technicznym.<\/p>\n\n\t\t<\/div>\n\t<\/div>\n<\/div><\/div><\/div><div class=\"wpb_column vc_column_container vc_col-sm-4\"><div class=\"vc_column-inner\"><div class=\"wpb_wrapper\">\n\t<div  class=\"wpb_single_image wpb_content_element vc_align_right  wpb_animate_when_almost_visible wpb_bounceInRight bounceInRight\">\n\t\t\n\t\t<figure class=\"wpb_wrapper vc_figure\">\n\t\t\t<div class=\"vc_single_image-wrapper   vc_box_border_grey\"><img width=\"1280\" height=\"960\" src=\"https:\/\/hydrosprzet.pl\/wp-content\/uploads\/2021\/02\/IMG20200826142903.png\" class=\"vc_single_image-img attachment-full\" alt=\"serwis dressta\" loading=\"lazy\" srcset=\"https:\/\/hydrosprzet.pl\/wp-content\/uploads\/2021\/02\/IMG20200826142903.png 1280w, https:\/\/hydrosprzet.pl\/wp-content\/uploads\/2021\/02\/IMG20200826142903-300x225.png 300w, https:\/\/hydrosprzet.pl\/wp-content\/uploads\/2021\/02\/IMG20200826142903-1024x768.png 1024w, https:\/\/hydrosprzet.pl\/wp-content\/uploads\/2021\/02\/IMG20200826142903-768x576.png 768w, https:\/\/hydrosprzet.pl\/wp-content\/uploads\/2021\/02\/IMG20200826142903-16x12.png 16w, https:\/\/hydrosprzet.pl\/wp-content\/uploads\/2021\/02\/IMG20200826142903-800x600.png 800w\" sizes=\"(max-width: 1280px) 100vw, 1280px\" \/><\/div>\n\t\t<\/figure>\n\t<\/div>\n<\/div><\/div><\/div><\/div><div class=\"vc_row wpb_row vc_row-fluid\" ><div class=\"wpb_column vc_column_container vc_col-sm-4\"><div class=\"vc_column-inner\"><div class=\"wpb_wrapper\">\r\n    <div class=\"small-shadow text-icon text-icon--icon-left_position boxes  clearfix\"  >\r\n      <div class=\"text-icon__container\">\r\n\t\t\t\t          <div class=\"text-icon__icon-box\">\r\n\t\t\t\t\t\t            <i class=\"fa\" style=\"color: #000\"><\/i>          <\/div>\r\n          <div class=\"text-icon__content-box\">\r\n            <h4 class=\"text-icon__title\">\r\n\t\t\t\t\t\t\tDO\u015aWIADCZENIE            <\/h4>\r\n            <p class=\"text-icon__text\">Jeste\u015bmy zespo\u0142em prawdziwych i autentycznych ludzi, kt\u00f3rzy s\u0105 dumni z naszej pracy. Mamy niezachwiane zaufanie do naszej wiedzy, do\u015bwiadczenia i szerokiego zakresu umiej\u0119tno\u015bci.<\/p>\r\n          <\/div>\r\n\t\t\t\t\t      <\/div>\r\n    <\/div>\r\n\r\n\t\t<\/div><\/div><\/div><div class=\"wpb_column vc_column_container vc_col-sm-4\"><div class=\"vc_column-inner\"><div class=\"wpb_wrapper\">\r\n    <div class=\"small-shadow text-icon text-icon--icon-left_position boxes  clearfix\"  >\r\n      <div class=\"text-icon__container\">\r\n\t\t\t\t          <div class=\"text-icon__icon-box\">\r\n\t\t\t\t\t\t            <i class=\"fa\" style=\"color: #000\"><\/i>          <\/div>\r\n          <div class=\"text-icon__content-box\">\r\n            <h4 class=\"text-icon__title\">\r\n\t\t\t\t\t\t\tJAKO\u015a\u0106            <\/h4>\r\n            <p class=\"text-icon__text\">Nasza dzia\u0142alno\u015b\u0107 koncentruje si\u0119 na bezpiecze\u0144stwie, jako\u015bci i obs\u0142udze klienta. Zapewniamy przejrzysto\u015b\u0107 wszystkich naszych us\u0142ug. Zapewniamy regularne aktualizacje post\u0119pu w zakresie sprz\u0119tu, kt\u00f3re mo\u017cna w ka\u017cdej chwili sprawdzi\u0107 w naszych zak\u0142adach.<\/p>\r\n          <\/div>\r\n\t\t\t\t\t      <\/div>\r\n    <\/div>\r\n\r\n\t\t<\/div><\/div><\/div><div class=\"wpb_column vc_column_container vc_col-sm-4\"><div class=\"vc_column-inner\"><div class=\"wpb_wrapper\">\r\n    <div class=\"small-shadow text-icon text-icon--icon-left_position boxes  clearfix\"  >\r\n      <div class=\"text-icon__container\">\r\n\t\t\t\t          <div class=\"text-icon__icon-box\">\r\n\t\t\t\t\t\t            <i class=\"fa\" style=\"color: #000\"><\/i>          <\/div>\r\n          <div class=\"text-icon__content-box\">\r\n            <h4 class=\"text-icon__title\">\r\n\t\t\t\t\t\t\tSERVICES            <\/h4>\r\n            <p class=\"text-icon__text\">Specjalizuj\u0105cy si\u0119 w serwisowaniu, naprawach i wsparciu technicznym wszystkich ci\u0119\u017ckich maszyn, nasz wykwalifikowany zesp\u00f3\u0142 specjalist\u00f3w mo\u017ce zapewni\u0107 mobiln\u0105 pomoc lub wiedz\u0119 warsztatow\u0105.<\/p>\r\n          <\/div>\r\n\t\t\t\t\t      <\/div>\r\n    <\/div>\r\n\r\n\t\t<\/div><\/div><\/div><\/div><div class=\"vc_row wpb_row vc_row-fluid\" ><div class=\"wpb_column vc_column_container vc_col-sm-8\"><div class=\"vc_column-inner\"><div class=\"wpb_wrapper\"><\/div><\/div><\/div><div class=\"wpb_column vc_column_container vc_col-sm-4\"><div class=\"vc_column-inner\"><div class=\"wpb_wrapper\"><\/div><\/div><\/div><\/div>","protected":false},"excerpt":{"rendered":"SERWIS DRESSTA SERWIS DRESSTA Nasza firma\u00a0HYDROSPRZ\u0118T KUKLA SP\u00d3\u0141KA JAWNA jest autoryzowanym dystrybutorem LiuGong Dressta Machinery, producenta pot\u0119\u017cnych maszyn do najci\u0119\u017cszych zastosowa\u0144, koparek g\u0105sienicowych, \u0142adowarek ko\u0142owych, spycharek oraz uk\u0142adarek rur do przesy\u0142u gazu i ropy naftowej. Zajmujemy si\u0119 serwisem wszystkich maszyn DRESSTA, od spycharek g\u0105sienicowych po koparko-\u0142adowarki. Awarie nigdy nie s\u0105 przyjemne. W takich sytuacjach potrzebujesz [...]","protected":false},"author":1,"featured_media":0,"parent":0,"menu_order":0,"comment_status":"closed","ping_status":"closed","template":"","meta":[],"yoast_head":"<!-- This site is optimized with the Yoast SEO plugin v17.3 - https:\/\/yoast.com\/wordpress\/plugins\/seo\/ -->\n<title>Serwis Dressta - Hydrosprz\u0119t - Serwis maszyn budowlanych<\/title>\n<meta name=\"description\" content=\"Serwis Dressta - Hydrosprz\u0119t zajmuj\u0119 si\u0119 serwisowaniem maszyn budowlanych wszystkich \u015bwiatowych producent\u00f3w maszyn budowlanych na \u015bwiecie.\" \/>\n<meta name=\"robots\" content=\"index, follow, max-snippet:-1, max-image-preview:large, max-video-preview:-1\" \/>\n<link rel=\"canonical\" href=\"https:\/\/hydrosprzet.pl\/en\/serwis-dressta\/\" \/>\n<meta property=\"og:locale\" content=\"en_US\" \/>\n<meta property=\"og:type\" content=\"article\" \/>\n<meta property=\"og:title\" content=\"Serwis Dressta - Hydrosprz\u0119t - Serwis maszyn budowlanych\" \/>\n<meta property=\"og:description\" content=\"Serwis Dressta - Hydrosprz\u0119t zajmuj\u0119 si\u0119 serwisowaniem maszyn budowlanych wszystkich \u015bwiatowych producent\u00f3w maszyn budowlanych na \u015bwiecie.\" \/>\n<meta property=\"og:url\" content=\"https:\/\/hydrosprzet.pl\/en\/serwis-dressta\/\" \/>\n<meta property=\"og:site_name\" content=\"Hydrosprz\u0119t\" \/>\n<meta property=\"article:modified_time\" content=\"2021-02-02T10:03:45+00:00\" \/>\n<meta name=\"twitter:card\" content=\"summary_large_image\" \/>\n<meta name=\"twitter:label1\" content=\"Est. reading time\" \/>\n\t<meta name=\"twitter:data1\" content=\"2 minutes\" \/>\n<script type=\"application\/ld+json\" class=\"yoast-schema-graph\">{\"@context\":\"https:\/\/schema.org\",\"@graph\":[{\"@type\":\"WebSite\",\"@id\":\"https:\/\/hydrosprzet.pl\/#website\",\"url\":\"https:\/\/hydrosprzet.pl\/\",\"name\":\"Hydrosprz\\u0119t\",\"description\":\"Maszyny budowlane\",\"potentialAction\":[{\"@type\":\"SearchAction\",\"target\":{\"@type\":\"EntryPoint\",\"urlTemplate\":\"https:\/\/hydrosprzet.pl\/?s={search_term_string}\"},\"query-input\":\"required name=search_term_string\"}],\"inLanguage\":\"en-US\"},{\"@type\":\"WebPage\",\"@id\":\"https:\/\/hydrosprzet.pl\/serwis-dressta\/#webpage\",\"url\":\"https:\/\/hydrosprzet.pl\/serwis-dressta\/\",\"name\":\"Serwis Dressta - Hydrosprz\\u0119t - Serwis maszyn budowlanych\",\"isPartOf\":{\"@id\":\"https:\/\/hydrosprzet.pl\/#website\"},\"datePublished\":\"2021-02-02T09:13:55+00:00\",\"dateModified\":\"2021-02-02T10:03:45+00:00\",\"description\":\"Serwis Dressta - Hydrosprz\\u0119t zajmuj\\u0119 si\\u0119 serwisowaniem maszyn budowlanych wszystkich \\u015bwiatowych producent\\u00f3w maszyn budowlanych na \\u015bwiecie.\",\"breadcrumb\":{\"@id\":\"https:\/\/hydrosprzet.pl\/serwis-dressta\/#breadcrumb\"},\"inLanguage\":\"en-US\",\"potentialAction\":[{\"@type\":\"ReadAction\",\"target\":[\"https:\/\/hydrosprzet.pl\/serwis-dressta\/\"]}]},{\"@type\":\"BreadcrumbList\",\"@id\":\"https:\/\/hydrosprzet.pl\/serwis-dressta\/#breadcrumb\",\"itemListElement\":[{\"@type\":\"ListItem\",\"position\":1,\"name\":\"Strona g\\u0142\\u00f3wna\",\"item\":\"https:\/\/hydrosprzet.pl\/\"},{\"@type\":\"ListItem\",\"position\":2,\"name\":\"Serwis Dressta\"}]}]}<\/script>\n<!-- \/ Yoast SEO plugin. -->","yoast_head_json":{"title":"Serwis Dressta - Hydrosprz\u0119t - Serwis maszyn budowlanych","description":"Serwis Dressta - Hydrosprz\u0119t zajmuj\u0119 si\u0119 serwisowaniem maszyn budowlanych wszystkich \u015bwiatowych producent\u00f3w maszyn budowlanych na \u015bwiecie.","robots":{"index":"index","follow":"follow","max-snippet":"max-snippet:-1","max-image-preview":"max-image-preview:large","max-video-preview":"max-video-preview:-1"},"canonical":"https:\/\/hydrosprzet.pl\/en\/serwis-dressta\/","og_locale":"en_US","og_type":"article","og_title":"Serwis Dressta - Hydrosprz\u0119t - Serwis maszyn budowlanych","og_description":"Serwis Dressta - Hydrosprz\u0119t zajmuj\u0119 si\u0119 serwisowaniem maszyn budowlanych wszystkich \u015bwiatowych producent\u00f3w maszyn budowlanych na \u015bwiecie.","og_url":"https:\/\/hydrosprzet.pl\/en\/serwis-dressta\/","og_site_name":"Hydrosprz\u0119t","article_modified_time":"2021-02-02T10:03:45+00:00","twitter_card":"summary_large_image","twitter_misc":{"Est. reading time":"2 minutes"},"schema":{"@context":"https:\/\/schema.org","@graph":[{"@type":"WebSite","@id":"https:\/\/hydrosprzet.pl\/#website","url":"https:\/\/hydrosprzet.pl\/","name":"Hydrosprz\u0119t","description":"Maszyny budowlane","potentialAction":[{"@type":"SearchAction","target":{"@type":"EntryPoint","urlTemplate":"https:\/\/hydrosprzet.pl\/?s={search_term_string}"},"query-input":"required name=search_term_string"}],"inLanguage":"en-US"},{"@type":"WebPage","@id":"https:\/\/hydrosprzet.pl\/serwis-dressta\/#webpage","url":"https:\/\/hydrosprzet.pl\/serwis-dressta\/","name":"Serwis Dressta - Hydrosprz\u0119t - Serwis maszyn budowlanych","isPartOf":{"@id":"https:\/\/hydrosprzet.pl\/#website"},"datePublished":"2021-02-02T09:13:55+00:00","dateModified":"2021-02-02T10:03:45+00:00","description":"Serwis Dressta - Hydrosprz\u0119t zajmuj\u0119 si\u0119 serwisowaniem maszyn budowlanych wszystkich \u015bwiatowych producent\u00f3w maszyn budowlanych na \u015bwiecie.","breadcrumb":{"@id":"https:\/\/hydrosprzet.pl\/serwis-dressta\/#breadcrumb"},"inLanguage":"en-US","potentialAction":[{"@type":"ReadAction","target":["https:\/\/hydrosprzet.pl\/serwis-dressta\/"]}]},{"@type":"BreadcrumbList","@id":"https:\/\/hydrosprzet.pl\/serwis-dressta\/#breadcrumb","itemListElement":[{"@type":"ListItem","position":1,"name":"Strona g\u0142\u00f3wna","item":"https:\/\/hydrosprzet.pl\/"},{"@type":"ListItem","position":2,"name":"Serwis Dressta"}]}]}},"_links":{"self":[{"href":"https:\/\/hydrosprzet.pl\/en\/wp-json\/wp\/v2\/pages\/6883"}],"collection":[{"href":"https:\/\/hydrosprzet.pl\/en\/wp-json\/wp\/v2\/pages"}],"about":[{"href":"https:\/\/hydrosprzet.pl\/en\/wp-json\/wp\/v2\/types\/page"}],"author":[{"embeddable":true,"href":"https:\/\/hydrosprzet.pl\/en\/wp-json\/wp\/v2\/users\/1"}],"replies":[{"embeddable":true,"href":"https:\/\/hydrosprzet.pl\/en\/wp-json\/wp\/v2\/comments?post=6883"}],"version-history":[{"count":3,"href":"https:\/\/hydrosprzet.pl\/en\/wp-json\/wp\/v2\/pages\/6883\/revisions"}],"predecessor-version":[{"id":6890,"href":"https:\/\/hydrosprzet.pl\/en\/wp-json\/wp\/v2\/pages\/6883\/revisions\/6890"}],"wp:attachment":[{"href":"https:\/\/hydrosprzet.pl\/en\/wp-json\/wp\/v2\/media?parent=6883"}],"curies":[{"name":"wp","href":"https:\/\/api.w.org\/{rel}","templated":true}]}}