{"id":6851,"date":"2021-02-01T08:16:52","date_gmt":"2021-02-01T07:16:52","guid":{"rendered":"https:\/\/hydrosprzet.pl\/?page_id=6851"},"modified":"2025-11-26T14:22:59","modified_gmt":"2025-11-26T13:22:59","slug":"chromowanie","status":"publish","type":"page","link":"https:\/\/hydrosprzet.pl\/en\/chromowanie\/","title":{"rendered":"Chromowanie"},"content":{"rendered":"<div class=\"vc_row wpb_row vc_row-fluid\" ><div class=\"wpb_column vc_column_container vc_col-sm-12\"><div class=\"vc_column-inner\"><div class=\"wpb_wrapper\">\r\n\r\n<div class=\"wd_empty_space\" data-heightmobile=\"20\" data-heighttablet=\"20\" data-heightdesktop=\"10\">\r\n\r\n<\/div>\r\n      \r\n\r\n\r\n\r\n        \r\n      \r\n    <\/div><\/div><\/div><div class=\"wpb_column vc_column_container vc_col-sm-12 vc_hidden-xs\"><div class=\"vc_column-inner\"><div class=\"wpb_wrapper\"><div class='wd_empty_space' data-heightmobile='50' data-heighttablet='50' data-heightdesktop='50'><\/div>  <div class=\"wd-heading text-center  devia-anim\"\r\n\t\t    style=\"max-width:600px;; margin: 0 auto;\" data-devia-animate='{\"triggerHandler\":\"inview\",\"animationTarget\":\".animation_target\",\"duration\":700,\"delay\":100,\"initValues\":[],\"animations\":{\"ease\":\"Power0.easeNone\"}}'>\r\n\t\t\t\t\t\t\t\t\t\t\t\r\n      <h2 style=\"font-weight:800;font-size:55px;color:#eeee22;\" class=\"title_b animation_target\"\r\n        data-text=\"CHROMOWANIE\">\r\n\t\t\tCHROMOWANIE      <\/h2>\r\n\r\n\t\t\t\r\n\t\t    <\/div>\r\n    <div class='wd_empty_space' data-heightmobile='' data-heighttablet='' data-heightdesktop=''><\/div>\r\n\r\n<div class=\"wd_empty_space\" data-heightmobile=\"40\" data-heighttablet=\"40\" data-heightdesktop=\"60\">\r\n\r\n<\/div>\r\n      \r\n\r\n\r\n\r\n        \r\n      \r\n    <\/div><\/div><\/div><\/div><div class=\"vc_row wpb_row vc_row-fluid moved-box--top\" ><div class=\"wpb_column vc_column_container vc_col-sm-7\"><div class=\"vc_column-inner vc_custom_1614240544814\"><div class=\"wpb_wrapper\"><div class='wd_empty_space' data-heightmobile='0' data-heighttablet='0' data-heightdesktop='0'><\/div>  <div class=\"wd-heading text-left  devia-anim\"\r\n\t\tdata-split-options='{\"type\":\"lines\"}' data-split-text='true'  data-split-target='.animation_target'    style=\"; \" data-devia-animate='{\"triggerHandler\":\"inview\",\"animationTarget\":\".item_target\",\"duration\":\"500\",\"delay\":\"100\",\"initValues\":{\"x\":-60,\"y\":250,\"z\":150,\"opacity\":0},\"animations\":{\"x\":0,\"y\":0,\"z\":0,\"opacity\":1,\"ease\":\"Power3.easeOut\"}}'>\r\n\t\t\t\t\t\t\t\t\t\t\t\r\n      <h2 style=\"font-weight:500;font-size:45px;\" class=\"title_b animation_target\"\r\n        data-text=\"CHROMOWANIE\">\r\n\t\t\tCHROMOWANIE      <\/h2>\r\n\r\n\t\t\t\r\n\t\t    <\/div>\r\n    <div class='wd_empty_space' data-heightmobile='5' data-heighttablet='5' data-heightdesktop='5'><\/div>\n\t<div class=\"wpb_text_column wpb_content_element\" >\n\t\t<div class=\"wpb_wrapper\">\n\t\t\t<p>The <a href=\"https:\/\/hydrosprzet.pl\/en\/hydraulika-silowa\/\">Hydrosprz\u0119t<\/a> rozwija si\u0119 na ka\u017cdym mo\u017cliwym szczeblu, tym razem stworzyli\u015bmy dzia\u0142, zajmuj\u0105cy si\u0119 chromowaniem metalowych cz\u0119\u015bci. Chromownia to miejsce gdzie na co dzie\u0144 nasi specjali\u015bci kieruj\u0105 procesem chromowania technicznego, kt\u00f3re jest cz\u0119\u015bci\u0105 obr\u00f3bki galwanicznej. Dzia\u0142 ten zosta\u0142 stworzony, aby odpowiedzie\u0107 na potrzeby ma\u0142ych lokalnych firm oraz du\u017cych przedsi\u0119biorstw, kt\u00f3re potrzebuj\u0105 przywr\u00f3ci\u0107 zu\u017cytej metalowej cz\u0119\u015bci swoje nominalne, fabryczne wymiary i w\u0142a\u015bciwo\u015bci.<\/p>\n\n\t\t<\/div>\n\t<\/div>\n<div class=\"vc_row wpb_row vc_inner vc_row-fluid vc_custom_1562157304682\"><div class=\"wpb_column vc_column_container vc_col-sm-6\"><div class=\"vc_column-inner\"><div class=\"wpb_wrapper\"><\/div><\/div><\/div><div class=\"wpb_column vc_column_container vc_col-sm-6\"><div class=\"vc_column-inner\"><div class=\"wpb_wrapper\"><\/div><\/div><\/div><\/div>\r\n  <div\r\n    class=\"wd-btn-wrap text-left\" >\r\n    <a href=\"https:\/\/www.dressta.com\/pl_PL\/\" class=\"wd-btn btn-solid btn-color-1 hover-color-3 btn-medium btn-none  icon-after\"\r\n      \r\n\r\n    >\r\n      SEE MORE    <\/a>\r\n  <\/div>\r\n\r\n  \r\n\r\n<div class=\"wd_empty_space\" data-heightmobile=\"40\" data-heighttablet=\"40\" data-heightdesktop=\"80\">\r\n\r\n<\/div>\r\n      \r\n\r\n\r\n\r\n        \r\n      \r\n    <\/div><\/div><\/div><div class=\"wpb_column vc_column_container vc_col-sm-5\"><div class=\"vc_column-inner\"><div class=\"wpb_wrapper\">\n\t<div  class=\"wpb_single_image wpb_content_element vc_align_right\">\n\t\t\n\t\t<figure class=\"wpb_wrapper vc_figure\">\n\t\t\t<div class=\"vc_single_image-wrapper   vc_box_border_grey\"><img width=\"2560\" height=\"1706\" src=\"https:\/\/hydrosprzet.pl\/wp-content\/uploads\/2021\/02\/DSC05079-min-scaled.jpg\" class=\"vc_single_image-img attachment-full\" alt=\"chromowanie\" loading=\"lazy\" srcset=\"https:\/\/hydrosprzet.pl\/wp-content\/uploads\/2021\/02\/DSC05079-min-scaled.jpg 2560w, https:\/\/hydrosprzet.pl\/wp-content\/uploads\/2021\/02\/DSC05079-min-300x200.jpg 300w, https:\/\/hydrosprzet.pl\/wp-content\/uploads\/2021\/02\/DSC05079-min-1024x683.jpg 1024w, https:\/\/hydrosprzet.pl\/wp-content\/uploads\/2021\/02\/DSC05079-min-768x512.jpg 768w, https:\/\/hydrosprzet.pl\/wp-content\/uploads\/2021\/02\/DSC05079-min-1536x1024.jpg 1536w, https:\/\/hydrosprzet.pl\/wp-content\/uploads\/2021\/02\/DSC05079-min-2048x1365.jpg 2048w, https:\/\/hydrosprzet.pl\/wp-content\/uploads\/2021\/02\/DSC05079-min-16x12.jpg 16w, https:\/\/hydrosprzet.pl\/wp-content\/uploads\/2021\/02\/DSC05079-min-800x533.jpg 800w\" sizes=\"(max-width: 2560px) 100vw, 2560px\" \/><\/div>\n\t\t<\/figure>\n\t<\/div>\n<\/div><\/div><\/div><\/div><div data-vc-full-width=\"true\" data-vc-full-width-init=\"false\" class=\"vc_row wpb_row vc_row-fluid text-icon--text-white vc_custom_1614160734039 vc_row-has-fill\" ><div class=\"wpb_column vc_column_container vc_col-sm-6 vc_hidden-xs\"><div class=\"vc_column-inner\"><div class=\"wpb_wrapper\"><div class='wd_empty_space' data-heightmobile='80' data-heighttablet='80' data-heightdesktop='80'><\/div>  <div class=\"wd-heading text-left\"\r\n\t\tdata-split-options='{\"type\":\"lines\"}' data-split-text='true'  data-split-target='.animation_target'    style=\"; \" data-devia-animate=''>\r\n\t\t\t\t\t\t\t\t\t\t\t\r\n      <h2 style=\"color:#ffffff;\" class=\"title_b animation_target\"\r\n        data-text=\"CHROMOWANIE\">\r\n\t\t\tCHROMOWANIE      <\/h2>\r\n\r\n\t\t\t\r\n\t\t    <\/div>\r\n    <div class='wd_empty_space' data-heightmobile='40' data-heighttablet='40' data-heightdesktop='40'><\/div>\n\t<div class=\"wpb_text_column wpb_content_element  wpb_animate_when_almost_visible wpb_right-to-left right-to-left\" >\n\t\t<div class=\"wpb_wrapper\">\n\t\t\t\n\t\t<\/div>\n\t<\/div>\n\r\n\r\n<div class=\"wd_empty_space\" data-heightmobile=\"40\" data-heighttablet=\"40\" data-heightdesktop=\"40\">\r\n\r\n<\/div>\r\n      \r\n\r\n\r\n\r\n        \r\n      \r\n    \r\n\r\n<div class=\"wd_empty_space\" data-heightmobile=\"40\" data-heighttablet=\"40\" data-heightdesktop=\"40\">\r\n\r\n<\/div>\r\n      \r\n\r\n\r\n\r\n        \r\n      \r\n    <\/div><\/div><\/div><div class=\"wpb_column vc_column_container vc_col-sm-6 vc_hidden-xs\"><div class=\"vc_column-inner\"><div class=\"wpb_wrapper\"><div class='wd_empty_space' data-heightmobile='80' data-heighttablet='80' data-heightdesktop='80'><\/div>  <div class=\"wd-heading text-left\"\r\n\t\t    style=\"; \" data-devia-animate=''>\r\n\t\t\t\t\t\t\t\t\t\t\t\r\n      <h2 style=\"color:#ffffff;\" class=\"title_a\"\r\n        data-text=\"TECHNICZNE\">\r\n\t\t\tTECHNICZNE      <\/h2>\r\n\r\n\t\t\t<hr class='hr_a' style=' margin: 10px 0;'\/>\r\n\t\t    <\/div>\r\n    <div class='wd_empty_space' data-heightmobile='40' data-heighttablet='40' data-heightdesktop='40'><\/div>\n\t<div class=\"wpb_text_column wpb_content_element  wpb_animate_when_almost_visible wpb_right-to-left right-to-left\" >\n\t\t<div class=\"wpb_wrapper\">\n\t\t\t\n\t\t<\/div>\n\t<\/div>\n\r\n\r\n<div class=\"wd_empty_space\" data-heightmobile=\"40\" data-heighttablet=\"40\" data-heightdesktop=\"40\">\r\n\r\n<\/div>\r\n      \r\n\r\n\r\n\r\n        \r\n      \r\n    \r\n\r\n<div class=\"wd_empty_space\" data-heightmobile=\"40\" data-heighttablet=\"40\" data-heightdesktop=\"40\">\r\n\r\n<\/div>\r\n      \r\n\r\n\r\n\r\n        \r\n      \r\n    <\/div><\/div><\/div><\/div><div class=\"vc_row-full-width vc_clearfix\"><\/div><div class=\"vc_row wpb_row vc_row-fluid\" ><div class=\"wpb_column vc_column_container vc_col-sm-12 vc_hidden-xs\"><div class=\"vc_column-inner\"><div class=\"wpb_wrapper\"><div class='wd_empty_space' data-heightmobile='80' data-heighttablet='80' data-heightdesktop='120'><\/div>  <div class=\"wd-heading text-left\"\r\n\t\t    style=\"max-width:600px;; \" data-devia-animate=''>\r\n\t\t\r\n\t\t\t\r\n      <h2 style=\"font-size:50px;\" class=\"title_a\"\r\n      data-text=\"Najwy\u017csza jako\u015b\u0107\">\r\n\t\t\tZOBACZ NASZE REALIZACJE      <\/h2>\r\n\r\n\t\t\t\t\t\t        <p style=\"\" class=\"sub_title_a\">\r\n\t\t\t\tThe highest quality        <\/p>\r\n\t\t\t\t\t\t<hr class='hr_a' style=' margin: 10px 0;'\/>\r\n\t\t    <\/div>\r\n    <div class='wd_empty_space' data-heightmobile='80' data-heighttablet='80' data-heightdesktop='80'><\/div><div class=\"vc_row wpb_row vc_inner vc_row-fluid\"><div class=\"wpb_column vc_column_container vc_col-sm-6 vc_hidden-xs\"><div class=\"vc_column-inner\"><div class=\"wpb_wrapper\">\n\t<div  class=\"wpb_single_image wpb_content_element vc_align_left  wpb_animate_when_almost_visible wpb_flipInX flipInX\">\n\t\t\n\t\t<figure class=\"wpb_wrapper vc_figure\">\n\t\t\t<div class=\"vc_single_image-wrapper   vc_box_border_grey\"><img width=\"2560\" height=\"1707\" src=\"https:\/\/hydrosprzet.pl\/wp-content\/uploads\/2021\/02\/DSC05047-min-scaled.jpg\" class=\"vc_single_image-img attachment-full\" alt=\"chromowanie\" loading=\"lazy\" srcset=\"https:\/\/hydrosprzet.pl\/wp-content\/uploads\/2021\/02\/DSC05047-min-scaled.jpg 2560w, https:\/\/hydrosprzet.pl\/wp-content\/uploads\/2021\/02\/DSC05047-min-300x200.jpg 300w, https:\/\/hydrosprzet.pl\/wp-content\/uploads\/2021\/02\/DSC05047-min-1024x683.jpg 1024w, https:\/\/hydrosprzet.pl\/wp-content\/uploads\/2021\/02\/DSC05047-min-768x512.jpg 768w, https:\/\/hydrosprzet.pl\/wp-content\/uploads\/2021\/02\/DSC05047-min-1536x1024.jpg 1536w, https:\/\/hydrosprzet.pl\/wp-content\/uploads\/2021\/02\/DSC05047-min-2048x1365.jpg 2048w, https:\/\/hydrosprzet.pl\/wp-content\/uploads\/2021\/02\/DSC05047-min-16x12.jpg 16w, https:\/\/hydrosprzet.pl\/wp-content\/uploads\/2021\/02\/DSC05047-min-800x533.jpg 800w\" sizes=\"(max-width: 2560px) 100vw, 2560px\" \/><\/div>\n\t\t<\/figure>\n\t<\/div>\n<\/div><\/div><\/div><div class=\"wpb_column vc_column_container vc_col-sm-6 vc_hidden-xs\"><div class=\"vc_column-inner\"><div class=\"wpb_wrapper\">\n\t<div  class=\"wpb_single_image wpb_content_element vc_align_left  wpb_animate_when_almost_visible wpb_flipInX flipInX\">\n\t\t\n\t\t<figure class=\"wpb_wrapper vc_figure\">\n\t\t\t<div class=\"vc_single_image-wrapper   vc_box_border_grey\"><img width=\"2560\" height=\"1707\" src=\"https:\/\/hydrosprzet.pl\/wp-content\/uploads\/2021\/02\/DSC05058-min-scaled.jpg\" class=\"vc_single_image-img attachment-full\" alt=\"chromowanie\" loading=\"lazy\" srcset=\"https:\/\/hydrosprzet.pl\/wp-content\/uploads\/2021\/02\/DSC05058-min-scaled.jpg 2560w, https:\/\/hydrosprzet.pl\/wp-content\/uploads\/2021\/02\/DSC05058-min-300x200.jpg 300w, https:\/\/hydrosprzet.pl\/wp-content\/uploads\/2021\/02\/DSC05058-min-1024x683.jpg 1024w, https:\/\/hydrosprzet.pl\/wp-content\/uploads\/2021\/02\/DSC05058-min-768x512.jpg 768w, https:\/\/hydrosprzet.pl\/wp-content\/uploads\/2021\/02\/DSC05058-min-1536x1024.jpg 1536w, https:\/\/hydrosprzet.pl\/wp-content\/uploads\/2021\/02\/DSC05058-min-2048x1365.jpg 2048w, https:\/\/hydrosprzet.pl\/wp-content\/uploads\/2021\/02\/DSC05058-min-16x12.jpg 16w, https:\/\/hydrosprzet.pl\/wp-content\/uploads\/2021\/02\/DSC05058-min-800x533.jpg 800w\" sizes=\"(max-width: 2560px) 100vw, 2560px\" \/><\/div>\n\t\t<\/figure>\n\t<\/div>\n<\/div><\/div><\/div><\/div>\r\n\r\n<div class=\"wd_empty_space\" data-heightmobile=\"40\" data-heighttablet=\"40\" data-heightdesktop=\"40\">\r\n\r\n<\/div>\r\n      \r\n\r\n\r\n\r\n        \r\n      \r\n    <\/div><\/div><\/div><\/div><div class=\"vc_row wpb_row vc_row-fluid\" ><div class=\"wpb_column vc_column_container vc_col-sm-12\"><div class=\"vc_column-inner\"><div class=\"wpb_wrapper\"><div class=\"wpb_video_widget wpb_content_element vc_clearfix   vc_video-aspect-ratio- vc_video-el-width- vc_video-align-\" >\n\t\t<div class=\"wpb_wrapper\"><div class=\"wd-video-box\" style=\"min-height: 100px; min-width: 100px;\"><div class=\"wpb_video_wrapper  text-left\"><iframe title=\"Chromowanie w Hydrosprz\u0119t!\" width=\"625\" height=\"352\" src=\"https:\/\/www.youtube.com\/embed\/emyOo1UO7KA?feature=oembed\" frameborder=\"0\" allow=\"accelerometer; autoplay; clipboard-write; encrypted-media; gyroscope; picture-in-picture\" allowfullscreen><\/iframe><\/div><\/div><\/div>\n\t\t<\/div> <\/div><\/div><\/div><\/div><div class=\"vc_row wpb_row vc_row-fluid\" ><div class=\"wpb_column vc_column_container vc_col-sm-12\"><div class=\"vc_column-inner\"><div class=\"wpb_wrapper\">\r\n\r\n<div class=\"wd_empty_space\" data-heightmobile=\"20\" data-heighttablet=\"20\" data-heightdesktop=\"20\">\r\n\r\n<\/div>\r\n      \r\n\r\n\r\n\r\n        \r\n      \r\n    <div class='wd_empty_space' data-heightmobile='' data-heighttablet='' data-heightdesktop=''><\/div>  <div class=\"wd-heading text-left\"\r\n\t\tdata-split-options='{\"type\":\"chars, words\"}' data-split-text='true'  data-split-target='.animation_target'    style=\"; \" data-devia-animate=''>\r\n\t\t\t\t\t\t\t\t        <p style=\"font-size:1px;\" class=\"sub_title_b animation_target\">\r\n\t\t\t\tJeste\u015bmy dla was!        <\/p>\r\n\t\t\t\t\t\t\r\n      <h3 style=\"\" class=\"title_b animation_target\"\r\n        data-text=\"Jeste\u015bmy dla was!\">\r\n\t\t\tJAK WYGL\u0104DA PROCES CHROMOWANIA?      <\/h3>\r\n\r\n\t\t\t\r\n\t\t    <\/div>\r\n    <div class='wd_empty_space' data-heightmobile='20' data-heighttablet='20' data-heightdesktop='30'><\/div><\/div><\/div><\/div><\/div><div class=\"vc_row wpb_row vc_row-fluid\" ><div class=\"wpb_column vc_column_container vc_col-sm-8\"><div class=\"vc_column-inner\"><div class=\"wpb_wrapper\">\n\t<div class=\"wpb_text_column wpb_content_element\" >\n\t\t<div class=\"wpb_wrapper\">\n\t\t\t<ol>\n<li>Ca\u0142o\u015b\u0107 procesu mo\u017cna podzieli\u0107 na kilka etap\u00f3w, z kt\u00f3rych w zale\u017cno\u015bci od potrzeby i jako\u015bci przygotowania metalu do chromowania mo\u017cemy wyszczeg\u00f3lni\u0107 odt\u0142uszczanie, trawienie, p\u0142ukanie i chromowanie. <strong>Odt\u0142uszczanie <\/strong>polega na usuwaniu z powierzchni metalu warstw zanieczyszcze\u0144 do kt\u00f3rych nale\u017c\u0105 t\u0142uszcze i inne substancje organiczne nie mieszaj\u0105ce si\u0119 z wod\u0105. W naszym rozwi\u0105zaniu stosujemy metod\u0119 odt\u0142uszczania alkaicznego. <strong>Trawienie <\/strong><strong>i p\u0142ukanie <\/strong>ma za zadanie usun\u0105\u0107 z powierzchni obrabianych materia\u0142\u00f3w substancje nie metaliczne sk\u0142adaj\u0105ce si\u0119 przede wszystkim z tlenk\u00f3w \u017celaza \u2013 np. zgorzelina lub rdza oraz wszelkie osady powsta\u0142e podczas trawienia.<strong>Chromowanie techniczne<\/strong> (nie dekoracyjne) kt\u00f3re stosujemy w naszej firmie ma na celu nadanie lub odtworzenie wszystkich w\u0142a\u015bciwo\u015bci fizyczno mechanicznych obrabianych element\u00f3w.Nasza instalacja do chromowania dzia\u0142a w procesie o wysokiej wydajno\u015bci katodowej. Korzy\u015bci p\u0142yn\u0105ce z tego rozwi\u0105zania s\u0105 bardzo du\u017ce:\n<ul>\n<li>Wysoka sprawno\u015b\u0107 nak\u0142adania<\/li>\n<li>Czas skr\u00f3cony nawet o 40% w por\u00f3wnaniu do konwencjonalnej k\u0105pieli siarczanej<\/li>\n<li>Stabilne zachowanie k\u0105pieli<\/li>\n<li>B\u0142yszcz\u0105ca pow\u0142oka z wysok\u0105 odporno\u015bci\u0105 korozyjn\u0105 oraz twardo\u015bci\u0105 na pozomie 950-1050 HV<\/li>\n<li>Wysoka odporno\u015b\u0107 na \u015bcieranie<\/li>\n<li>Dobry rozk\u0142ad grubo\u015bci chromu na obrabianym detalu<\/li>\n<li>Mo\u017cliwa jest regeneracja i odzysk k\u0105pieli.<\/li>\n<\/ul>\n<p>W naszej firmie bardzo wa\u017cna jest kontrola jako\u015bci. W przypadku stwierdzenia przez kontrolera wad pow\u0142oki np. struktury czy grubo\u015bci, usuwa si\u0119 je poprzez szlifowanie lub przez anodowe rozpuszczanie w roztworze NaOH \u2013 wodorotleneku sodu.<\/li>\n<\/ol>\n\n\t\t<\/div>\n\t<\/div>\n<\/div><\/div><\/div><div class=\"wpb_column vc_column_container vc_col-sm-4 vc_hidden-xs\"><div class=\"vc_column-inner\"><div class=\"wpb_wrapper\">\n\t<div  class=\"wpb_single_image wpb_content_element vc_align_right  wpb_animate_when_almost_visible wpb_bounceInRight bounceInRight\">\n\t\t\n\t\t<figure class=\"wpb_wrapper vc_figure\">\n\t\t\t<div class=\"vc_single_image-wrapper   vc_box_border_grey\"><img width=\"1707\" height=\"2560\" src=\"https:\/\/hydrosprzet.pl\/wp-content\/uploads\/2021\/02\/DSC05160-min-scaled.jpg\" class=\"vc_single_image-img attachment-full\" alt=\"chromowanie\" loading=\"lazy\" srcset=\"https:\/\/hydrosprzet.pl\/wp-content\/uploads\/2021\/02\/DSC05160-min-scaled.jpg 1707w, https:\/\/hydrosprzet.pl\/wp-content\/uploads\/2021\/02\/DSC05160-min-200x300.jpg 200w, https:\/\/hydrosprzet.pl\/wp-content\/uploads\/2021\/02\/DSC05160-min-683x1024.jpg 683w, https:\/\/hydrosprzet.pl\/wp-content\/uploads\/2021\/02\/DSC05160-min-768x1152.jpg 768w, https:\/\/hydrosprzet.pl\/wp-content\/uploads\/2021\/02\/DSC05160-min-1024x1536.jpg 1024w, https:\/\/hydrosprzet.pl\/wp-content\/uploads\/2021\/02\/DSC05160-min-1365x2048.jpg 1365w, https:\/\/hydrosprzet.pl\/wp-content\/uploads\/2021\/02\/DSC05160-min-8x12.jpg 8w, https:\/\/hydrosprzet.pl\/wp-content\/uploads\/2021\/02\/DSC05160-min-800x1200.jpg 800w\" sizes=\"(max-width: 1707px) 100vw, 1707px\" \/><\/div>\n\t\t<\/figure>\n\t<\/div>\n<\/div><\/div><\/div><\/div><div class=\"vc_row wpb_row vc_row-fluid\" ><div class=\"wpb_column vc_column_container vc_col-sm-8\"><div class=\"vc_column-inner\"><div class=\"wpb_wrapper\">\n\t<div class=\"wpb_text_column wpb_content_element\" >\n\t\t<div class=\"wpb_wrapper\">\n\t\t\t<p>Kluczem do dobrze wykonanej us\u0142ugi jest wykwalifikowana kadra pracownicza. Dzi\u0119ki niej w po\u0142\u0105czeniu z niebanalnymi rozwi\u0105zaniami technologicznymi udzielamy gwarancji na wszystkie cz\u0119\u015bci opuszczaj\u0105ce nasz\u0105 firm\u0119. W Hydrosprz\u0119t mo\u017cesz by\u0107 pewny szybko\u015bci, wysokiej jako\u015bci oraz skutecznego procesu regeneracji. Zach\u0119cam odwiedzenia nas w jednej z naszych filii oraz do kontaktu z naszym dzia\u0142em handlowym.<\/p>\n\n\t\t<\/div>\n\t<\/div>\n<\/div><\/div><\/div><div class=\"wpb_column vc_column_container vc_col-sm-4\"><div class=\"vc_column-inner\"><div class=\"wpb_wrapper\"><\/div><\/div><\/div><\/div>","protected":false},"excerpt":{"rendered":"CHROMOWANIE CHROMOWANIE Firma Hydrosprz\u0119t rozwija si\u0119 na ka\u017cdym mo\u017cliwym szczeblu, tym razem stworzyli\u015bmy dzia\u0142, zajmuj\u0105cy si\u0119 chromowaniem metalowych cz\u0119\u015bci. Chromownia to miejsce gdzie na co dzie\u0144 nasi specjali\u015bci kieruj\u0105 procesem chromowania technicznego, kt\u00f3re jest cz\u0119\u015bci\u0105 obr\u00f3bki galwanicznej. Dzia\u0142 ten zosta\u0142 stworzony, aby odpowiedzie\u0107 na potrzeby ma\u0142ych lokalnych firm oraz du\u017cych przedsi\u0119biorstw, kt\u00f3re potrzebuj\u0105 przywr\u00f3ci\u0107 zu\u017cytej [...]","protected":false},"author":1,"featured_media":0,"parent":0,"menu_order":0,"comment_status":"closed","ping_status":"closed","template":"","meta":[],"yoast_head":"<!-- This site is optimized with the Yoast SEO plugin v17.3 - https:\/\/yoast.com\/wordpress\/plugins\/seo\/ -->\n<title>Chromowanie Techniczne - Hydrosprz\u0119t - LiuGong Dressta MACHINERY<\/title>\n<meta name=\"description\" content=\"Chromowanie techniczne - Hydrosprz\u0119t zajmuj\u0119 si\u0119 procesem chromowania technicznego, kt\u00f3re jest cz\u0119\u015bci\u0105 obr\u00f3bki galwanicznej.\" \/>\n<meta name=\"robots\" content=\"index, follow, max-snippet:-1, max-image-preview:large, max-video-preview:-1\" \/>\n<link rel=\"canonical\" href=\"https:\/\/hydrosprzet.pl\/en\/chromowanie\/\" \/>\n<meta property=\"og:locale\" content=\"en_US\" \/>\n<meta property=\"og:type\" content=\"article\" \/>\n<meta property=\"og:title\" content=\"Chromowanie Techniczne - Hydrosprz\u0119t - LiuGong Dressta MACHINERY\" \/>\n<meta property=\"og:description\" content=\"Chromowanie techniczne - Hydrosprz\u0119t zajmuj\u0119 si\u0119 procesem chromowania technicznego, kt\u00f3re jest cz\u0119\u015bci\u0105 obr\u00f3bki galwanicznej.\" \/>\n<meta property=\"og:url\" content=\"https:\/\/hydrosprzet.pl\/en\/chromowanie\/\" \/>\n<meta property=\"og:site_name\" content=\"Hydrosprz\u0119t\" \/>\n<meta property=\"article:modified_time\" content=\"2025-11-26T13:22:59+00:00\" \/>\n<meta name=\"twitter:card\" content=\"summary_large_image\" \/>\n<meta name=\"twitter:label1\" content=\"Est. reading time\" \/>\n\t<meta name=\"twitter:data1\" content=\"3 minutes\" \/>\n<script type=\"application\/ld+json\" class=\"yoast-schema-graph\">{\"@context\":\"https:\/\/schema.org\",\"@graph\":[{\"@type\":\"WebSite\",\"@id\":\"https:\/\/hydrosprzet.pl\/#website\",\"url\":\"https:\/\/hydrosprzet.pl\/\",\"name\":\"Hydrosprz\\u0119t\",\"description\":\"Maszyny budowlane\",\"potentialAction\":[{\"@type\":\"SearchAction\",\"target\":{\"@type\":\"EntryPoint\",\"urlTemplate\":\"https:\/\/hydrosprzet.pl\/?s={search_term_string}\"},\"query-input\":\"required name=search_term_string\"}],\"inLanguage\":\"en-US\"},{\"@type\":\"WebPage\",\"@id\":\"https:\/\/hydrosprzet.pl\/chromowanie\/#webpage\",\"url\":\"https:\/\/hydrosprzet.pl\/chromowanie\/\",\"name\":\"Chromowanie Techniczne - Hydrosprz\\u0119t - LiuGong Dressta MACHINERY\",\"isPartOf\":{\"@id\":\"https:\/\/hydrosprzet.pl\/#website\"},\"datePublished\":\"2021-02-01T07:16:52+00:00\",\"dateModified\":\"2025-11-26T13:22:59+00:00\",\"description\":\"Chromowanie techniczne - Hydrosprz\\u0119t zajmuj\\u0119 si\\u0119 procesem chromowania technicznego, kt\\u00f3re jest cz\\u0119\\u015bci\\u0105 obr\\u00f3bki galwanicznej.\",\"breadcrumb\":{\"@id\":\"https:\/\/hydrosprzet.pl\/chromowanie\/#breadcrumb\"},\"inLanguage\":\"en-US\",\"potentialAction\":[{\"@type\":\"ReadAction\",\"target\":[\"https:\/\/hydrosprzet.pl\/chromowanie\/\"]}]},{\"@type\":\"BreadcrumbList\",\"@id\":\"https:\/\/hydrosprzet.pl\/chromowanie\/#breadcrumb\",\"itemListElement\":[{\"@type\":\"ListItem\",\"position\":1,\"name\":\"Strona g\\u0142\\u00f3wna\",\"item\":\"https:\/\/hydrosprzet.pl\/\"},{\"@type\":\"ListItem\",\"position\":2,\"name\":\"Chromowanie\"}]}]}<\/script>\n<!-- \/ Yoast SEO plugin. -->","yoast_head_json":{"title":"Chromowanie Techniczne - Hydrosprz\u0119t - LiuGong Dressta MACHINERY","description":"Chromowanie techniczne - Hydrosprz\u0119t zajmuj\u0119 si\u0119 procesem chromowania technicznego, kt\u00f3re jest cz\u0119\u015bci\u0105 obr\u00f3bki galwanicznej.","robots":{"index":"index","follow":"follow","max-snippet":"max-snippet:-1","max-image-preview":"max-image-preview:large","max-video-preview":"max-video-preview:-1"},"canonical":"https:\/\/hydrosprzet.pl\/en\/chromowanie\/","og_locale":"en_US","og_type":"article","og_title":"Chromowanie Techniczne - Hydrosprz\u0119t - LiuGong Dressta MACHINERY","og_description":"Chromowanie techniczne - Hydrosprz\u0119t zajmuj\u0119 si\u0119 procesem chromowania technicznego, kt\u00f3re jest cz\u0119\u015bci\u0105 obr\u00f3bki galwanicznej.","og_url":"https:\/\/hydrosprzet.pl\/en\/chromowanie\/","og_site_name":"Hydrosprz\u0119t","article_modified_time":"2025-11-26T13:22:59+00:00","twitter_card":"summary_large_image","twitter_misc":{"Est. reading time":"3 minutes"},"schema":{"@context":"https:\/\/schema.org","@graph":[{"@type":"WebSite","@id":"https:\/\/hydrosprzet.pl\/#website","url":"https:\/\/hydrosprzet.pl\/","name":"Hydrosprz\u0119t","description":"Maszyny budowlane","potentialAction":[{"@type":"SearchAction","target":{"@type":"EntryPoint","urlTemplate":"https:\/\/hydrosprzet.pl\/?s={search_term_string}"},"query-input":"required name=search_term_string"}],"inLanguage":"en-US"},{"@type":"WebPage","@id":"https:\/\/hydrosprzet.pl\/chromowanie\/#webpage","url":"https:\/\/hydrosprzet.pl\/chromowanie\/","name":"Chromowanie Techniczne - Hydrosprz\u0119t - LiuGong Dressta MACHINERY","isPartOf":{"@id":"https:\/\/hydrosprzet.pl\/#website"},"datePublished":"2021-02-01T07:16:52+00:00","dateModified":"2025-11-26T13:22:59+00:00","description":"Chromowanie techniczne - Hydrosprz\u0119t zajmuj\u0119 si\u0119 procesem chromowania technicznego, kt\u00f3re jest cz\u0119\u015bci\u0105 obr\u00f3bki galwanicznej.","breadcrumb":{"@id":"https:\/\/hydrosprzet.pl\/chromowanie\/#breadcrumb"},"inLanguage":"en-US","potentialAction":[{"@type":"ReadAction","target":["https:\/\/hydrosprzet.pl\/chromowanie\/"]}]},{"@type":"BreadcrumbList","@id":"https:\/\/hydrosprzet.pl\/chromowanie\/#breadcrumb","itemListElement":[{"@type":"ListItem","position":1,"name":"Strona g\u0142\u00f3wna","item":"https:\/\/hydrosprzet.pl\/"},{"@type":"ListItem","position":2,"name":"Chromowanie"}]}]}},"_links":{"self":[{"href":"https:\/\/hydrosprzet.pl\/en\/wp-json\/wp\/v2\/pages\/6851"}],"collection":[{"href":"https:\/\/hydrosprzet.pl\/en\/wp-json\/wp\/v2\/pages"}],"about":[{"href":"https:\/\/hydrosprzet.pl\/en\/wp-json\/wp\/v2\/types\/page"}],"author":[{"embeddable":true,"href":"https:\/\/hydrosprzet.pl\/en\/wp-json\/wp\/v2\/users\/1"}],"replies":[{"embeddable":true,"href":"https:\/\/hydrosprzet.pl\/en\/wp-json\/wp\/v2\/comments?post=6851"}],"version-history":[{"count":47,"href":"https:\/\/hydrosprzet.pl\/en\/wp-json\/wp\/v2\/pages\/6851\/revisions"}],"predecessor-version":[{"id":7685,"href":"https:\/\/hydrosprzet.pl\/en\/wp-json\/wp\/v2\/pages\/6851\/revisions\/7685"}],"wp:attachment":[{"href":"https:\/\/hydrosprzet.pl\/en\/wp-json\/wp\/v2\/media?parent=6851"}],"curies":[{"name":"wp","href":"https:\/\/api.w.org\/{rel}","templated":true}]}}