{"id":6820,"date":"2021-01-29T07:58:53","date_gmt":"2021-01-29T06:58:53","guid":{"rendered":"https:\/\/hydrosprzet.pl\/?page_id=6820"},"modified":"2025-11-26T14:34:01","modified_gmt":"2025-11-26T13:34:01","slug":"naprawa-silnikow-spalinowych","status":"publish","type":"page","link":"https:\/\/hydrosprzet.pl\/en\/naprawa-silnikow-spalinowych\/","title":{"rendered":"Naprawa silnik\u00f3w spalinowych"},"content":{"rendered":"<div class=\"vc_row wpb_row vc_row-fluid vc_custom_1599549863495\" ><div class=\"wpb_column vc_column_container vc_col-sm-6 vc_col-has-fill\"><div class=\"vc_column-inner vc_custom_1599557928615\"><div class=\"wpb_wrapper\">\n\t<div  class=\"wpb_single_image wpb_content_element vc_align_center\">\n\t\t\n\t\t<figure class=\"wpb_wrapper vc_figure\">\n\t\t\t<div class=\"vc_single_image-wrapper   vc_box_border_grey\"><img width=\"2560\" height=\"1707\" src=\"https:\/\/hydrosprzet.pl\/wp-content\/uploads\/2021\/02\/DSC05017-min-scaled.jpg\" class=\"vc_single_image-img attachment-full\" alt=\"remonty silnik\u00f3w maszyn budowlanych\" loading=\"lazy\" srcset=\"https:\/\/hydrosprzet.pl\/wp-content\/uploads\/2021\/02\/DSC05017-min-scaled.jpg 2560w, https:\/\/hydrosprzet.pl\/wp-content\/uploads\/2021\/02\/DSC05017-min-300x200.jpg 300w, https:\/\/hydrosprzet.pl\/wp-content\/uploads\/2021\/02\/DSC05017-min-1024x683.jpg 1024w, https:\/\/hydrosprzet.pl\/wp-content\/uploads\/2021\/02\/DSC05017-min-768x512.jpg 768w, https:\/\/hydrosprzet.pl\/wp-content\/uploads\/2021\/02\/DSC05017-min-1536x1024.jpg 1536w, https:\/\/hydrosprzet.pl\/wp-content\/uploads\/2021\/02\/DSC05017-min-2048x1365.jpg 2048w, https:\/\/hydrosprzet.pl\/wp-content\/uploads\/2021\/02\/DSC05017-min-16x12.jpg 16w, https:\/\/hydrosprzet.pl\/wp-content\/uploads\/2021\/02\/DSC05017-min-800x533.jpg 800w\" sizes=\"(max-width: 2560px) 100vw, 2560px\" \/><\/div>\n\t\t<\/figure>\n\t<\/div>\n<\/div><\/div><\/div><div class=\"wpb_column vc_column_container vc_col-sm-6\"><div class=\"vc_column-inner vc_custom_1566648384590\"><div class=\"wpb_wrapper\"><div class='wd_empty_space' data-heightmobile='0' data-heighttablet='0' data-heightdesktop='0'><\/div>  <div class=\"wd-heading text-left\"\r\n\t\tdata-split-options='{\"type\":\"lines\"}' data-split-text='true'  data-split-target='.animation_target'    style=\"; \" data-devia-animate=''>\r\n\t\t\t\t\t\t\t\t        <h5 style=\"font-weight:500;font-size:14px;color:#eeee22;text-transform:Uppercase;letter-spacing:1.4px;\" class=\"sub_title_b animation_target\">\r\n\t\t\t\tHYDROSPRZ\u0118T        <\/h5>\r\n\t\t\t\t\t\t\r\n      <h2 style=\"font-weight:800;\" class=\"title_b animation_target\"\r\n        data-text=\"HYDROSPRZ\u0118T\">\r\n\t\t\tNAPRAWA SILNIK\u00d3W SPALINOWYCH      <\/h2>\r\n\r\n\t\t\t\r\n\t\t    <\/div>\r\n    <div class='wd_empty_space' data-heightmobile='5' data-heighttablet='5' data-heightdesktop='5'><\/div>\n\t<div class=\"wpb_text_column wpb_content_element\" >\n\t\t<div class=\"wpb_wrapper\">\n\t\t\t<p>Naprawa silnik\u00f3w spalinowych \u2013 Silnikownia to miejsce w kt\u00f3rym zajmujemy si\u0119 diagnostyk\u0105, napraw\u0105 i regeneracj\u0105 silnik\u00f3w spalinowych wiod\u0105cych producent\u00f3w takich jak <a href=\"https:\/\/hydrosprzet.pl\/en\/onas\/cummins\/\">CUMMINS<\/a>, DEUTZ, CATERPILAR, VOLVO, LIEBHERR, IVECO, YANMAR czy KUBOTA. Wieloletnie do\u015bwiadczenie oraz zesp\u00f3\u0142 wykwalifikowanych mechanik\u00f3w pozwala nam regenerowa\u0107 zaawansowane konstrukcje przywracaj\u0105c im pe\u0142n\u0105 funkcjonalno\u015b\u0107 i fabryczne parametry. Podczas ka\u017cdego procesu naprawy k\u0142adziemy bardzo du\u017cy nacisk na diagnostyk\u0119 i weryfikacje stanu technicznego silnik\u00f3w. Wszystkie wykonywane przez nas naprawy opieraj\u0105 si\u0119 na stosowaniu oryginalnych cz\u0119\u015bci zamiennych i podzespo\u0142\u00f3w. To wszystko przek\u0142ada si\u0119 na jako\u015b\u0107 oraz terminowo\u015b\u0107 wykonywanych us\u0142ug.<\/p>\n<p><span style=\"color: #ffffff;\"><a style=\"color: #ffffff;\" href=\"https:\/\/hydrosprzet.otomoto.pl\/\">otomoto<\/a><\/span><\/p>\n\n\t\t<\/div>\n\t<\/div>\n<\/div><\/div><\/div><\/div><div data-vc-full-width=\"true\" data-vc-full-width-init=\"false\" data-vc-stretch-content=\"true\" class=\"vc_row wpb_row vc_row-fluid\" ><div class=\"wpb_column vc_column_container vc_col-sm-12\"><div class=\"vc_column-inner\"><div class=\"wpb_wrapper\">\r\n\r\n<div class=\"wd_empty_space\" data-heightmobile=\"50\" data-heighttablet=\"70\" data-heightdesktop=\"110\">\r\n\r\n<\/div>\r\n      \r\n\r\n\r\n\r\n        \r\n      \r\n    \t\r\n\t\t<div class=\"wd-clients-carousel wd-clients-carousel--small style_1\"\r\n         data-slick='{\"arrows\":false}'          data-clientshow = \"8\"  >\r\n\t\t\t\t\t\t\t\t\t\t\t<div class=\"wd-clients-carousel-item\"  >\r\n\t\t\t\t\t<img  class=\"none\" src=\"https:\/\/hydrosprzet.pl\/wp-content\/uploads\/2020\/03\/logo-linser.png\" width=\"50\" height=\"38\" alt=\"\">\r\n\t\t\t\t<\/div>\r\n\t\t\t\t\t\t\t\t\t\t\t\t<div class=\"wd-clients-carousel-item\"  >\r\n\t\t\t\t\t<img  class=\"none\" src=\"https:\/\/hydrosprzet.pl\/wp-content\/uploads\/2020\/03\/logo-liugong.png\" width=\"40\" height=\"50\" alt=\"\">\r\n\t\t\t\t<\/div>\r\n\t\t\t\t\t\t\t\t\t\t\t\t<div class=\"wd-clients-carousel-item\"  >\r\n\t\t\t\t\t<img  class=\"none\" src=\"https:\/\/hydrosprzet.pl\/wp-content\/uploads\/2020\/03\/logo-dressta-1.jpg\" width=\"50\" height=\"50\" alt=\"\">\r\n\t\t\t\t<\/div>\r\n\t\t\t\t\t\t\t\t\t\t\t\t<div class=\"wd-clients-carousel-item\"  >\r\n\t\t\t\t\t<img  class=\"none\" src=\"https:\/\/hydrosprzet.pl\/wp-content\/uploads\/2020\/03\/cummins-logo-hydrosprzet.jpg\" width=\"50\" height=\"48\" alt=\"\">\r\n\t\t\t\t<\/div>\r\n\t\t\t\t\t\t\t\t\t\t\t\t<div class=\"wd-clients-carousel-item\"  >\r\n\t\t\t\t\t<img  class=\"none\" src=\"https:\/\/hydrosprzet.pl\/wp-content\/uploads\/2020\/03\/logo-kioti.jpg\" width=\"50\" height=\"38\" alt=\"\">\r\n\t\t\t\t<\/div>\r\n\t\t\t\t\r\n\t\t<\/div>\r\n\t\t\r\n\r\n<div class=\"wd_empty_space\" data-heightmobile=\"50\" data-heighttablet=\"70\" data-heightdesktop=\"70\">\r\n\r\n<\/div>\r\n      \r\n\r\n\r\n\r\n        \r\n      \r\n    <\/div><\/div><\/div><\/div><div class=\"vc_row-full-width vc_clearfix\"><\/div><div data-vc-full-width=\"true\" data-vc-full-width-init=\"false\" class=\"vc_row wpb_row vc_row-fluid vc_custom_1599556740934 vc_row-has-fill\" ><div class=\"wpb_column vc_column_container vc_col-sm-4\"><div class=\"vc_column-inner\"><div class=\"wpb_wrapper\">\r\n    <div class=\"no-hover text-icon text-icon--icon-top_position boxes  clearfix\"  >\r\n      <div class=\"text-icon__container  left\">\r\n\t\t\t\t          <div class=\"text-icon__icon-box\">\r\n\t\t\t\t\t\t            <i class=\"fa fas fa-arrow-circle-down\" style=\"color: #000\"><\/i>          <\/div>\r\n          <div class=\"text-icon__content-box\">\r\n            <h4 class=\"text-icon__title\">\r\n\t\t\t\t\t\t\tNAPRAWA            <\/h4>\r\n            <p class=\"text-icon__text\">W naszym dziale posiadamy odpowiednie zaplecze techniczne do kompleksowej naprawy ca\u0142ych silnik\u00f3w lub pojedynczych podzespo\u0142\u00f3w takich jak: G\u0142owice cylindrowe, spr\u0119\u017carki powietrza, pompy wody, wtryskiwacze paliwa, rozruszniki, alternatory, uk\u0142ady zasilania, turbospr\u0119\u017carki, regeneracja zespo\u0142\u00f3w korbowo t\u0142okowych. Korzystamy z us\u0142ug wieloletnich sprawdzonych dostawc\u00f3w co w po\u0142\u0105czeniu z wykwalifikowan\u0105 kadr\u0105 pozwala nam udziela\u0107 gwarancji na udzielone naprawy identycznej z fabryczn\u0105.<\/p>\r\n          <\/div>\r\n\t\t\t\t\t      <\/div>\r\n    <\/div>\r\n\r\n\t\t<\/div><\/div><\/div><div class=\"wpb_column vc_column_container vc_col-sm-4\"><div class=\"vc_column-inner\"><div class=\"wpb_wrapper\">\r\n    <div class=\"no-hover text-icon text-icon--icon-top_position boxes  clearfix\"  >\r\n      <div class=\"text-icon__container  left\">\r\n\t\t\t\t          <div class=\"text-icon__icon-box\">\r\n\t\t\t\t\t\t            <i class=\"fa fas fa-arrow-circle-down\" style=\"color: #000\"><\/i>          <\/div>\r\n          <div class=\"text-icon__content-box\">\r\n            <h4 class=\"text-icon__title\">\r\n\t\t\t\t\t\t\tREGENERACJA            <\/h4>\r\n            <p class=\"text-icon__text\">Zakres us\u0142ug zwi\u0105zanych z regeneracj\u0105 silnika jest bardzo zr\u00f3\u017cnicowany i zale\u017cy od kondycji, w jakiej silnik trafi\u0142 do naprawy. W zale\u017cno\u015bci od stanu silnika mo\u017cemy wykona\u0107 us\u0142ug\u0119 ca\u0142kowitej regeneracji (remontu generalnego) lub regeneracji cz\u0119\u015bciowej, w ramach kt\u00f3rej naprawie poddajemy tylko zu\u017cyte elementy. Dzia\u0142amy kompleksowo, co przek\u0142ada si\u0119 na szerokie spektrum realizowanych us\u0142ug, zar\u00f3wno w zakresie regeneracji silnik\u00f3w, jak i gruntownych napraw g\u0142owic.<\/p>\r\n          <\/div>\r\n\t\t\t\t\t      <\/div>\r\n    <\/div>\r\n\r\n\t\t<\/div><\/div><\/div><div class=\"wpb_column vc_column_container vc_col-sm-4\"><div class=\"vc_column-inner\"><div class=\"wpb_wrapper\">\r\n    <div class=\"no-hover text-icon text-icon--icon-top_position boxes  clearfix\"  >\r\n      <div class=\"text-icon__container  left\">\r\n\t\t\t\t          <div class=\"text-icon__icon-box\">\r\n\t\t\t\t\t\t            <i class=\"fa fas fa-arrow-circle-down\" style=\"color: #000\"><\/i>          <\/div>\r\n          <div class=\"text-icon__content-box\">\r\n            <h4 class=\"text-icon__title\">\r\n\t\t\t\t\t\t\tSERVICES            <\/h4>\r\n            <p class=\"text-icon__text\">Naprawy silnik\u00f3w w Hydrosprz\u0119t to gwarancja szybko\u015bci oraz najwy\u017cszej jako\u015bci us\u0142ug. Wykwalifikowany personel i autorskie rozwi\u0105zania pozwalaj\u0105 nam udziela\u0107 gwarancji r\u00f3wnowa\u017cnej z fabryczn\u0105. Zach\u0119cam do odwiedzenia jednej z naszych filii oraz do kontaktu z dzia\u0142em handlowym. Zapraszamy do kontaktu, przyjed\u017a do nas i zobacz jak zajmujemy si\u0119 naprawami i regeneracjami silnik\u00f3w spalinowych.<\/p>\r\n          <\/div>\r\n\t\t\t\t\t      <\/div>\r\n    <\/div>\r\n\r\n\t\t<\/div><\/div><\/div><\/div><div class=\"vc_row-full-width vc_clearfix\"><\/div><div class=\"vc_row wpb_row vc_row-fluid\" ><div class=\"wpb_column vc_column_container vc_col-sm-12\"><div class=\"vc_column-inner\"><div class=\"wpb_wrapper\"><div class='wd_empty_space' data-heightmobile='' data-heighttablet='' data-heightdesktop=''><\/div>  <div class=\"wd-heading text-center\"\r\n\t\t    style=\"max-width:600px;; margin: 0 auto;\" data-devia-animate=''>\r\n\t\t\r\n\t\t\t\r\n      <h2 style=\"\" class=\"title_a\"\r\n      data-text=\".\">\r\n\t\t\tNAPRAWA SILNIK\u00d3W SPALINOWYCH      <\/h2>\r\n\r\n\t\t\t\t\t\t        <p style=\"color:#ffffff;\" class=\"sub_title_a\">\r\n\t\t\t\t.        <\/p>\r\n\t\t\t\t\t\t<hr class='hr_a' style=' margin: 10px auto;'\/>\r\n\t\t    <\/div>\r\n    <div class='wd_empty_space' data-heightmobile='60' data-heighttablet='60' data-heightdesktop='60'><\/div><\/div><\/div><\/div><\/div><div class=\"vc_row wpb_row vc_row-fluid vc_custom_1599549863495\" ><div class=\"wpb_column vc_column_container vc_col-sm-6 vc_col-has-fill\"><div class=\"vc_column-inner vc_custom_1614081496614\"><div class=\"wpb_wrapper\">\n\t<div  class=\"wpb_single_image wpb_content_element vc_align_center\">\n\t\t\n\t\t<figure class=\"wpb_wrapper vc_figure\">\n\t\t\t<div class=\"vc_single_image-wrapper   vc_box_border_grey\"><img width=\"2560\" height=\"1707\" src=\"https:\/\/hydrosprzet.pl\/wp-content\/uploads\/2021\/02\/DSC04814-min-scaled.jpg\" class=\"vc_single_image-img attachment-full\" alt=\"naprawa silnik\u00f3w spalinowych\" loading=\"lazy\" srcset=\"https:\/\/hydrosprzet.pl\/wp-content\/uploads\/2021\/02\/DSC04814-min-scaled.jpg 2560w, https:\/\/hydrosprzet.pl\/wp-content\/uploads\/2021\/02\/DSC04814-min-300x200.jpg 300w, https:\/\/hydrosprzet.pl\/wp-content\/uploads\/2021\/02\/DSC04814-min-1024x683.jpg 1024w, https:\/\/hydrosprzet.pl\/wp-content\/uploads\/2021\/02\/DSC04814-min-768x512.jpg 768w, https:\/\/hydrosprzet.pl\/wp-content\/uploads\/2021\/02\/DSC04814-min-1536x1024.jpg 1536w, https:\/\/hydrosprzet.pl\/wp-content\/uploads\/2021\/02\/DSC04814-min-2048x1365.jpg 2048w, https:\/\/hydrosprzet.pl\/wp-content\/uploads\/2021\/02\/DSC04814-min-16x12.jpg 16w, https:\/\/hydrosprzet.pl\/wp-content\/uploads\/2021\/02\/DSC04814-min-800x533.jpg 800w\" sizes=\"(max-width: 2560px) 100vw, 2560px\" \/><\/div>\n\t\t<\/figure>\n\t<\/div>\n<\/div><\/div><\/div><div class=\"wpb_column vc_column_container vc_col-sm-6\"><div class=\"vc_column-inner vc_custom_1614081556692\"><div class=\"wpb_wrapper\"><div class='wd_empty_space' data-heightmobile='0' data-heighttablet='0' data-heightdesktop='0'><\/div>  <div class=\"wd-heading text-left\"\r\n\t\tdata-split-options='{\"type\":\"lines\"}' data-split-text='true'  data-split-target='.animation_target'    style=\"; \" data-devia-animate=''>\r\n\t\t\t\t\t\t\t\t\t\t\t\r\n      <h2 style=\"font-weight:600;\" class=\"title_b animation_target\"\r\n        data-text=\"NAPRAWA SILNIK\u00d3W\">\r\n\t\t\tNAPRAWA SILNIK\u00d3W      <\/h2>\r\n\r\n\t\t\t\r\n\t\t    <\/div>\r\n    <div class='wd_empty_space' data-heightmobile='5' data-heighttablet='5' data-heightdesktop='5'><\/div>\n\t<div class=\"wpb_text_column wpb_content_element\" >\n\t\t<div class=\"wpb_wrapper\">\n\t\t\t<p>Wszystkie naprawiane przez nas silniki przechodz\u0105 kilkugodzinne pr\u00f3by obci\u0105\u017ceniowe. Specjalnie do tych cel\u00f3w zaprojektowali\u015bmy i wykonali\u015bmy stanowisko testowe, kt\u00f3re dzi\u0119ki autorskim rozwi\u0105zaniom umo\u017cliwia sta\u0142\u0105 kontrol\u0119 parametr\u00f3w pracy silnika. Za ka\u017cdym razem badamy ci\u015bnienie oleju, ci\u015bnienie do\u0142adowania, obroty silnika, temperatury\u00a0 p\u0142yn\u00f3w, oleju powietrza, paliwa oraz poziom \u0142adowania akumulatora. Stanowisko to kompatybilne jest z wi\u0119kszo\u015bci\u0105 silnik\u00f3w bez ogranicze\u0144 dotycz\u0105cych mocy,\u00a0 a przeprowadzone na nim pr\u00f3by daj\u0105 nam pewno\u015b\u0107 i\u017c przekazany po naprawie u\u017cytkownikowi podzesp\u00f3\u0142 jest w pe\u0142ni sprawny i w odpowiedni spos\u00f3b u\u017cytkowany pos\u0142u\u017cy wiele lat.<\/p>\n\n\t\t<\/div>\n\t<\/div>\n<\/div><\/div><\/div><\/div><div data-vc-full-width=\"true\" data-vc-full-width-init=\"false\" class=\"vc_row wpb_row vc_row-fluid overflow-visible vc_custom_1611318596395 vc_row-has-fill\" ><div class=\"wpb_column vc_column_container vc_col-sm-8\"><div class=\"vc_column-inner\"><div class=\"wpb_wrapper\">\r\n\r\n<div class=\"wd_empty_space\" data-heightmobile=\"7\" data-heighttablet=\"7\" data-heightdesktop=\"7\">\r\n\r\n<\/div>\r\n      \r\n\r\n\r\n\r\n        \r\n      \r\n    <div class='wd_empty_space' data-heightmobile='0' data-heighttablet='0' data-heightdesktop='0'><\/div>  <div class=\"wd-heading text-left\"\r\n\t\t    style=\"; \" data-devia-animate=''>\r\n\t\t\r\n      <h2 style=\"font-size:28px;color:#000000;text-transform:Uppercase;\" class=\"title_a\"\r\n       data-text=\"SKONTAKTUJ SI\u0118 Z NASZYM SPECJALIST\u0104\">\r\n\t\t\tSKONTAKTUJ SI\u0118 Z NASZYM SPECJALIST\u0104      <\/h2>\r\n\r\n\t\t\t    <\/div>\r\n    <div class='wd_empty_space' data-heightmobile='0' data-heighttablet='0' data-heightdesktop='0'><\/div><div class='wd_empty_space' data-heightmobile='0' data-heighttablet='0' data-heightdesktop='0'><\/div>  <div class=\"wd-heading text-left\"\r\n\t\t    style=\"; \" data-devia-animate=''>\r\n\t\t\r\n      <h2 style=\"font-size:20px;color:#000000;\" class=\"title_a\"\r\n       data-text=\"Szczycimy si\u0119 szybk\u0105, niezawodn\u0105 i pomocn\u0105 obs\u0142ug\u0105\">\r\n\t\t\tSzczycimy si\u0119 szybk\u0105, niezawodn\u0105 i pomocn\u0105 obs\u0142ug\u0105      <\/h2>\r\n\r\n\t\t\t    <\/div>\r\n    <div class='wd_empty_space' data-heightmobile='0' data-heighttablet='0' data-heightdesktop='0'><\/div><div class=\"vc_row wpb_row vc_inner vc_row-fluid\"><div class=\"wpb_column vc_column_container vc_col-sm-12\"><div class=\"vc_column-inner\"><div class=\"wpb_wrapper\">\n\t<div class=\"wpb_raw_code wpb_content_element wpb_raw_html\" >\n\t\t<div class=\"wpb_wrapper\">\n\t\t\t<div class=\"call-button\">\n<a href=\"\" class=\"wd-btn btn-solid btn-color-3 hover-color-2 btn-medium btn-none  icon-after\">\n      ZADZWO\u0143   \n <\/a>\n<p><i style=\"display: inline;margin-right: 10px;\" class=\"fas fa-phone\"><\/i>ZADZWO\u0143 LUB NAPISZ ANDRZEJ.JUSZKIEWICZ@HYDROSPRZET.PL | +48 509 667 449<\/p>\n<\/div>\n\t\t<\/div>\n\t<\/div>\n<\/div><\/div><\/div><\/div>\r\n\r\n<div class=\"wd_empty_space\" data-heightmobile=\"79\" data-heighttablet=\"79\" data-heightdesktop=\"79\">\r\n\r\n<\/div>\r\n      \r\n\r\n\r\n\r\n        \r\n      \r\n    <\/div><\/div><\/div><div class=\"wpb_column vc_column_container vc_col-sm-4\"><div class=\"vc_column-inner vc_custom_1567707056423\"><div class=\"wpb_wrapper\"><\/div><\/div><\/div><\/div><div class=\"vc_row-full-width vc_clearfix\"><\/div>","protected":false},"excerpt":{"rendered":"HYDROSPRZ\u0118T NAPRAWA SILNIK\u00d3W SPALINOWYCH Naprawa silnik\u00f3w spalinowych - Silnikownia to miejsce w kt\u00f3rym zajmujemy si\u0119 diagnostyk\u0105, napraw\u0105 i regeneracj\u0105 silnik\u00f3w spalinowych wiod\u0105cych producent\u00f3w takich jak CUMMINS, DEUTZ, CATERPILAR, VOLVO, LIEBHERR, IVECO, YANMAR czy KUBOTA. Wieloletnie do\u015bwiadczenie oraz zesp\u00f3\u0142 wykwalifikowanych mechanik\u00f3w pozwala nam regenerowa\u0107 zaawansowane konstrukcje przywracaj\u0105c im pe\u0142n\u0105 funkcjonalno\u015b\u0107 i fabryczne parametry. Podczas ka\u017cdego procesu [...]","protected":false},"author":1,"featured_media":0,"parent":0,"menu_order":0,"comment_status":"closed","ping_status":"closed","template":"","meta":[],"yoast_head":"<!-- This site is optimized with the Yoast SEO plugin v17.3 - https:\/\/yoast.com\/wordpress\/plugins\/seo\/ -->\n<title>Naprawa Silnik\u00f3w Spalinowych - Hydrosprz\u0119t - Cummins - DEUTZ - CAT<\/title>\n<meta name=\"description\" content=\"Naprawa silnik\u00f3w spalinowych to jeden z g\u0142\u00f3wnych profil\u00f3w dzia\u0142alno\u015bci firmy Hydrosprz\u0119t. Oferujemy serwis, regeneracj\u0119 oraz napraw\u0119.\" \/>\n<meta name=\"robots\" content=\"index, follow, max-snippet:-1, max-image-preview:large, max-video-preview:-1\" \/>\n<link rel=\"canonical\" href=\"https:\/\/hydrosprzet.pl\/en\/naprawa-silnikow-spalinowych\/\" \/>\n<meta property=\"og:locale\" content=\"en_US\" \/>\n<meta property=\"og:type\" content=\"article\" \/>\n<meta property=\"og:title\" content=\"Naprawa Silnik\u00f3w Spalinowych - Hydrosprz\u0119t - Cummins - DEUTZ - CAT\" \/>\n<meta property=\"og:description\" content=\"Naprawa silnik\u00f3w spalinowych to jeden z g\u0142\u00f3wnych profil\u00f3w dzia\u0142alno\u015bci firmy Hydrosprz\u0119t. Oferujemy serwis, regeneracj\u0119 oraz napraw\u0119.\" \/>\n<meta property=\"og:url\" content=\"https:\/\/hydrosprzet.pl\/en\/naprawa-silnikow-spalinowych\/\" \/>\n<meta property=\"og:site_name\" content=\"Hydrosprz\u0119t\" \/>\n<meta property=\"article:modified_time\" content=\"2025-11-26T13:34:01+00:00\" \/>\n<meta name=\"twitter:card\" content=\"summary_large_image\" \/>\n<meta name=\"twitter:label1\" content=\"Est. reading time\" \/>\n\t<meta name=\"twitter:data1\" content=\"3 minutes\" \/>\n<script type=\"application\/ld+json\" class=\"yoast-schema-graph\">{\"@context\":\"https:\/\/schema.org\",\"@graph\":[{\"@type\":\"WebSite\",\"@id\":\"https:\/\/hydrosprzet.pl\/#website\",\"url\":\"https:\/\/hydrosprzet.pl\/\",\"name\":\"Hydrosprz\\u0119t\",\"description\":\"Maszyny budowlane\",\"potentialAction\":[{\"@type\":\"SearchAction\",\"target\":{\"@type\":\"EntryPoint\",\"urlTemplate\":\"https:\/\/hydrosprzet.pl\/?s={search_term_string}\"},\"query-input\":\"required name=search_term_string\"}],\"inLanguage\":\"en-US\"},{\"@type\":\"WebPage\",\"@id\":\"https:\/\/hydrosprzet.pl\/naprawa-silnikow-spalinowych\/#webpage\",\"url\":\"https:\/\/hydrosprzet.pl\/naprawa-silnikow-spalinowych\/\",\"name\":\"Naprawa Silnik\\u00f3w Spalinowych - Hydrosprz\\u0119t - Cummins - DEUTZ - CAT\",\"isPartOf\":{\"@id\":\"https:\/\/hydrosprzet.pl\/#website\"},\"datePublished\":\"2021-01-29T06:58:53+00:00\",\"dateModified\":\"2025-11-26T13:34:01+00:00\",\"description\":\"Naprawa silnik\\u00f3w spalinowych to jeden z g\\u0142\\u00f3wnych profil\\u00f3w dzia\\u0142alno\\u015bci firmy Hydrosprz\\u0119t. Oferujemy serwis, regeneracj\\u0119 oraz napraw\\u0119.\",\"breadcrumb\":{\"@id\":\"https:\/\/hydrosprzet.pl\/naprawa-silnikow-spalinowych\/#breadcrumb\"},\"inLanguage\":\"en-US\",\"potentialAction\":[{\"@type\":\"ReadAction\",\"target\":[\"https:\/\/hydrosprzet.pl\/naprawa-silnikow-spalinowych\/\"]}]},{\"@type\":\"BreadcrumbList\",\"@id\":\"https:\/\/hydrosprzet.pl\/naprawa-silnikow-spalinowych\/#breadcrumb\",\"itemListElement\":[{\"@type\":\"ListItem\",\"position\":1,\"name\":\"Strona g\\u0142\\u00f3wna\",\"item\":\"https:\/\/hydrosprzet.pl\/\"},{\"@type\":\"ListItem\",\"position\":2,\"name\":\"Naprawa silnik\\u00f3w spalinowych\"}]}]}<\/script>\n<!-- \/ Yoast SEO plugin. -->","yoast_head_json":{"title":"Naprawa Silnik\u00f3w Spalinowych - Hydrosprz\u0119t - Cummins - DEUTZ - CAT","description":"Naprawa silnik\u00f3w spalinowych to jeden z g\u0142\u00f3wnych profil\u00f3w dzia\u0142alno\u015bci firmy Hydrosprz\u0119t. Oferujemy serwis, regeneracj\u0119 oraz napraw\u0119.","robots":{"index":"index","follow":"follow","max-snippet":"max-snippet:-1","max-image-preview":"max-image-preview:large","max-video-preview":"max-video-preview:-1"},"canonical":"https:\/\/hydrosprzet.pl\/en\/naprawa-silnikow-spalinowych\/","og_locale":"en_US","og_type":"article","og_title":"Naprawa Silnik\u00f3w Spalinowych - Hydrosprz\u0119t - Cummins - DEUTZ - CAT","og_description":"Naprawa silnik\u00f3w spalinowych to jeden z g\u0142\u00f3wnych profil\u00f3w dzia\u0142alno\u015bci firmy Hydrosprz\u0119t. Oferujemy serwis, regeneracj\u0119 oraz napraw\u0119.","og_url":"https:\/\/hydrosprzet.pl\/en\/naprawa-silnikow-spalinowych\/","og_site_name":"Hydrosprz\u0119t","article_modified_time":"2025-11-26T13:34:01+00:00","twitter_card":"summary_large_image","twitter_misc":{"Est. reading time":"3 minutes"},"schema":{"@context":"https:\/\/schema.org","@graph":[{"@type":"WebSite","@id":"https:\/\/hydrosprzet.pl\/#website","url":"https:\/\/hydrosprzet.pl\/","name":"Hydrosprz\u0119t","description":"Maszyny budowlane","potentialAction":[{"@type":"SearchAction","target":{"@type":"EntryPoint","urlTemplate":"https:\/\/hydrosprzet.pl\/?s={search_term_string}"},"query-input":"required name=search_term_string"}],"inLanguage":"en-US"},{"@type":"WebPage","@id":"https:\/\/hydrosprzet.pl\/naprawa-silnikow-spalinowych\/#webpage","url":"https:\/\/hydrosprzet.pl\/naprawa-silnikow-spalinowych\/","name":"Naprawa Silnik\u00f3w Spalinowych - Hydrosprz\u0119t - Cummins - DEUTZ - CAT","isPartOf":{"@id":"https:\/\/hydrosprzet.pl\/#website"},"datePublished":"2021-01-29T06:58:53+00:00","dateModified":"2025-11-26T13:34:01+00:00","description":"Naprawa silnik\u00f3w spalinowych to jeden z g\u0142\u00f3wnych profil\u00f3w dzia\u0142alno\u015bci firmy Hydrosprz\u0119t. Oferujemy serwis, regeneracj\u0119 oraz napraw\u0119.","breadcrumb":{"@id":"https:\/\/hydrosprzet.pl\/naprawa-silnikow-spalinowych\/#breadcrumb"},"inLanguage":"en-US","potentialAction":[{"@type":"ReadAction","target":["https:\/\/hydrosprzet.pl\/naprawa-silnikow-spalinowych\/"]}]},{"@type":"BreadcrumbList","@id":"https:\/\/hydrosprzet.pl\/naprawa-silnikow-spalinowych\/#breadcrumb","itemListElement":[{"@type":"ListItem","position":1,"name":"Strona g\u0142\u00f3wna","item":"https:\/\/hydrosprzet.pl\/"},{"@type":"ListItem","position":2,"name":"Naprawa silnik\u00f3w spalinowych"}]}]}},"_links":{"self":[{"href":"https:\/\/hydrosprzet.pl\/en\/wp-json\/wp\/v2\/pages\/6820"}],"collection":[{"href":"https:\/\/hydrosprzet.pl\/en\/wp-json\/wp\/v2\/pages"}],"about":[{"href":"https:\/\/hydrosprzet.pl\/en\/wp-json\/wp\/v2\/types\/page"}],"author":[{"embeddable":true,"href":"https:\/\/hydrosprzet.pl\/en\/wp-json\/wp\/v2\/users\/1"}],"replies":[{"embeddable":true,"href":"https:\/\/hydrosprzet.pl\/en\/wp-json\/wp\/v2\/comments?post=6820"}],"version-history":[{"count":12,"href":"https:\/\/hydrosprzet.pl\/en\/wp-json\/wp\/v2\/pages\/6820\/revisions"}],"predecessor-version":[{"id":7690,"href":"https:\/\/hydrosprzet.pl\/en\/wp-json\/wp\/v2\/pages\/6820\/revisions\/7690"}],"wp:attachment":[{"href":"https:\/\/hydrosprzet.pl\/en\/wp-json\/wp\/v2\/media?parent=6820"}],"curies":[{"name":"wp","href":"https:\/\/api.w.org\/{rel}","templated":true}]}}