{"id":6760,"date":"2021-01-22T12:28:36","date_gmt":"2021-01-22T11:28:36","guid":{"rendered":"https:\/\/hydrosprzet.pl\/?page_id=6760"},"modified":"2021-01-22T13:35:08","modified_gmt":"2021-01-22T12:35:08","slug":"regeneracja-silownikow-hydraulicznych","status":"publish","type":"page","link":"https:\/\/hydrosprzet.pl\/en\/regeneracja-silownikow-hydraulicznych\/","title":{"rendered":"Regeneracja si\u0142ownik\u00f3w hydraulicznych"},"content":{"rendered":"<div class=\"vc_row wpb_row vc_row-fluid vc_custom_1599549863495\" ><div class=\"wpb_column vc_column_container vc_col-sm-6 vc_col-has-fill\"><div class=\"vc_column-inner vc_custom_1599557928615\"><div class=\"wpb_wrapper\">\n\t<div  class=\"wpb_single_image wpb_content_element vc_align_center\">\n\t\t\n\t\t<figure class=\"wpb_wrapper vc_figure\">\n\t\t\t<div class=\"vc_single_image-wrapper   vc_box_border_grey\"><img width=\"1920\" height=\"2560\" src=\"https:\/\/hydrosprzet.pl\/wp-content\/uploads\/2021\/01\/liebhertrr-scaled.jpg\" class=\"vc_single_image-img attachment-full\" alt=\"regeneracja si\u0142ownik\u00f3w hydraulicznych\" loading=\"lazy\" srcset=\"https:\/\/hydrosprzet.pl\/wp-content\/uploads\/2021\/01\/liebhertrr-scaled.jpg 1920w, https:\/\/hydrosprzet.pl\/wp-content\/uploads\/2021\/01\/liebhertrr-225x300.jpg 225w, https:\/\/hydrosprzet.pl\/wp-content\/uploads\/2021\/01\/liebhertrr-768x1024.jpg 768w, https:\/\/hydrosprzet.pl\/wp-content\/uploads\/2021\/01\/liebhertrr-1152x1536.jpg 1152w, https:\/\/hydrosprzet.pl\/wp-content\/uploads\/2021\/01\/liebhertrr-1536x2048.jpg 1536w, https:\/\/hydrosprzet.pl\/wp-content\/uploads\/2021\/01\/liebhertrr-9x12.jpg 9w, https:\/\/hydrosprzet.pl\/wp-content\/uploads\/2021\/01\/liebhertrr-800x1067.jpg 800w\" sizes=\"(max-width: 1920px) 100vw, 1920px\" \/><\/div>\n\t\t<\/figure>\n\t<\/div>\n<\/div><\/div><\/div><div class=\"wpb_column vc_column_container vc_col-sm-6\"><div class=\"vc_column-inner vc_custom_1566648384590\"><div class=\"wpb_wrapper\"><div class='wd_empty_space' data-heightmobile='0' data-heighttablet='0' data-heightdesktop='0'><\/div>  <div class=\"wd-heading text-left\"\r\n\t\tdata-split-options='{\"type\":\"lines\"}' data-split-text='true'  data-split-target='.animation_target'    style=\"; \" data-devia-animate=''>\r\n\t\t\t\t\t\t\t\t        <h5 style=\"font-weight:500;font-size:14px;color:#eeee22;text-transform:Uppercase;letter-spacing:1.4px;\" class=\"sub_title_b animation_target\">\r\n\t\t\t\tHYDROSPRZ\u0118T        <\/h5>\r\n\t\t\t\t\t\t\r\n      <h2 style=\"font-weight:800;\" class=\"title_b animation_target\"\r\n        data-text=\"HYDROSPRZ\u0118T\">\r\n\t\t\tREGENERACJA SI\u0141OWNIK\u00d3W HYDRAULICZNYCH      <\/h2>\r\n\r\n\t\t\t\r\n\t\t    <\/div>\r\n    <div class='wd_empty_space' data-heightmobile='5' data-heighttablet='5' data-heightdesktop='5'><\/div>\n\t<div class=\"wpb_text_column wpb_content_element\" >\n\t\t<div class=\"wpb_wrapper\">\n\t\t\t<p>Our company <a href=\"https:\/\/hydrosprzet.pl\/en\/uslugi\/\">Hydrosprz\u0119t<\/a> zapewnia serwis hydrauliki si\u0142owej oraz gruntown\u0105 regeneracj\u0119 podzespo\u0142\u00f3w hydraulicznych do maszyn budowalnych, rolniczych i le\u015bnych, a tak\u017ce maszyn u\u017cywanych w zak\u0142adach produkcyjnych i przemy\u015ble ci\u0119\u017ckim.<\/p>\n<p>\u00a0<\/p>\n<p>Si\u0142owniki hydrauliczne mog\u0105 mie\u0107\u00a0<b>r\u00f3\u017cn\u0105 wielko\u015b\u0107 oraz r\u00f3\u017cne medium<\/b>\u00a0(najcz\u0119\u015bciej jest to olej). Wszystkie jednak maj\u0105\u00a0<b>podobn\u0105 konstrukcj\u0119<\/b>, bazuj\u0105c\u0105 na zastosowaniu tych samych komponent\u00f3w. Ze wzgl\u0119du na spos\u00f3b ich pracy wyr\u00f3\u017cniamy nast\u0119puj\u0105ce\u00a0<b>rodzaje si\u0142ownik\u00f3w hydraulicznych:<\/b>\u00a0si\u0142owniki jednostronnego lub dwustronnego dzia\u0142ania, si\u0142owniki z \u0142o\u017cyskiem jednostronnym lub dwustronnym, si\u0142owniki teleskopowe, tandemowe, si\u0142owniki podw\u00f3jne, obrotowe oraz wahad\u0142owe.<\/p>\n<p>\u00a0<\/p>\n<p>Nasz serwis hydrauliki si\u0142owej to nieoceniona pomoc w takich sprawach. Nasz\u0105 siedzib\u0105 jest \u0141\u0105kta Dolna. Serwis hydrauliki si\u0142owej w naszej firmie zapewnia napraw\u0119 r\u00f3\u017cnych si\u0142ownik\u00f3w: zaczynaj\u0105c od nieskomplikowanej wymianie uszczelniaczy czy usuni\u0119ciu przeciek\u00f3w po ca\u0142o\u015bciow\u0105 regeneracj\u0119 wraz z odbudow\u0105. W naszym profesjonalnym serwisie hydrauliki si\u0142owej uzyskaj\u0105 Pa\u0144stwo pomoc, jakiej potrzebuj\u0105, a wszystko to na najwy\u017cszym poziomie. Warto wiedzie\u0107, \u017ce regenerujemy si\u0142owniki wszystkich producent\u00f3w. Dzi\u0119ki temu nie trzeba kupowa\u0107 nowego si\u0142ownika i ponosi\u0107 z tego tytu\u0142u wi\u0119kszych koszt\u00f3w.<\/p>\n<p><span style=\"color: #ffffff;\"><a style=\"color: #ffffff;\" href=\"https:\/\/hydrosprzet.otomoto.pl\/\">otomoto<\/a><\/span><\/p>\n\n\t\t<\/div>\n\t<\/div>\n<\/div><\/div><\/div><\/div><div data-vc-full-width=\"true\" data-vc-full-width-init=\"false\" data-vc-stretch-content=\"true\" class=\"vc_row wpb_row vc_row-fluid\" ><div class=\"wpb_column vc_column_container vc_col-sm-12\"><div class=\"vc_column-inner\"><div class=\"wpb_wrapper\">\r\n\r\n<div class=\"wd_empty_space\" data-heightmobile=\"50\" data-heighttablet=\"70\" data-heightdesktop=\"110\">\r\n\r\n<\/div>\r\n      \r\n\r\n\r\n\r\n        \r\n      \r\n    \t\r\n\t\t<div class=\"wd-clients-carousel wd-clients-carousel--small style_1\"\r\n         data-slick='{\"arrows\":false}'          data-clientshow = \"8\"  >\r\n\t\t\t\t\t\t\t\t\t\t\t<div class=\"wd-clients-carousel-item\"  >\r\n\t\t\t\t\t<img  class=\"none\" src=\"https:\/\/hydrosprzet.pl\/wp-content\/uploads\/2020\/03\/logo-linser.png\" width=\"50\" height=\"38\" alt=\"\">\r\n\t\t\t\t<\/div>\r\n\t\t\t\t\t\t\t\t\t\t\t\t<div class=\"wd-clients-carousel-item\"  >\r\n\t\t\t\t\t<img  class=\"none\" src=\"https:\/\/hydrosprzet.pl\/wp-content\/uploads\/2020\/03\/logo-liugong.png\" width=\"40\" height=\"50\" alt=\"\">\r\n\t\t\t\t<\/div>\r\n\t\t\t\t\t\t\t\t\t\t\t\t<div class=\"wd-clients-carousel-item\"  >\r\n\t\t\t\t\t<img  class=\"none\" src=\"https:\/\/hydrosprzet.pl\/wp-content\/uploads\/2020\/03\/logo-dressta-1.jpg\" width=\"50\" height=\"50\" alt=\"\">\r\n\t\t\t\t<\/div>\r\n\t\t\t\t\t\t\t\t\t\t\t\t<div class=\"wd-clients-carousel-item\"  >\r\n\t\t\t\t\t<img  class=\"none\" src=\"https:\/\/hydrosprzet.pl\/wp-content\/uploads\/2020\/03\/cummins-logo-hydrosprzet.jpg\" width=\"50\" height=\"48\" alt=\"\">\r\n\t\t\t\t<\/div>\r\n\t\t\t\t\t\t\t\t\t\t\t\t<div class=\"wd-clients-carousel-item\"  >\r\n\t\t\t\t\t<img  class=\"none\" src=\"https:\/\/hydrosprzet.pl\/wp-content\/uploads\/2020\/03\/logo-kioti.jpg\" width=\"50\" height=\"38\" alt=\"\">\r\n\t\t\t\t<\/div>\r\n\t\t\t\t\r\n\t\t<\/div>\r\n\t\t\r\n\r\n<div class=\"wd_empty_space\" data-heightmobile=\"50\" data-heighttablet=\"70\" data-heightdesktop=\"70\">\r\n\r\n<\/div>\r\n      \r\n\r\n\r\n\r\n        \r\n      \r\n    <\/div><\/div><\/div><\/div><div class=\"vc_row-full-width vc_clearfix\"><\/div><div data-vc-full-width=\"true\" data-vc-full-width-init=\"false\" class=\"vc_row wpb_row vc_row-fluid vc_custom_1599556740934 vc_row-has-fill\" ><div class=\"wpb_column vc_column_container vc_col-sm-4\"><div class=\"vc_column-inner\"><div class=\"wpb_wrapper\">\r\n    <div class=\"no-hover text-icon text-icon--icon-top_position boxes  clearfix\"  >\r\n      <div class=\"text-icon__container  left\">\r\n\t\t\t\t          <div class=\"text-icon__icon-box\">\r\n\t\t\t\t\t\t            <i class=\"fa fas fa-arrow-circle-down\" style=\"color: #000\"><\/i>          <\/div>\r\n          <div class=\"text-icon__content-box\">\r\n            <h4 class=\"text-icon__title\">\r\n\t\t\t\t\t\t\tNAPRAWA            <\/h4>\r\n            <p class=\"text-icon__text\">Si\u0142ownik hydrauliczny to bardzo wa\u017cne urz\u0105dzenie, wykorzystywane jest do zamiany energii oleju pod ci\u015bnieniem na ruch prostoliniowy. Si\u0142ownik dzia\u0142a tak, \u017ce w swojej pracy wykorzystuje zjawisko rozchodzenia si\u0119 ci\u015bnienia w r\u00f3\u017cnych kierunkach. Dzi\u0119ki temu mo\u017cna zaobserwowa\u0107 d\u0105\u017cenie cieczy do zwi\u0119kszania obj\u0119to\u015bci zbiornika, kt\u00f3ry wype\u0142nia, bo nast\u0119puje parcie na \u015bciany zbiornika pod dzia\u0142aniem si\u0142y zewn\u0119trznej.<\/p>\r\n          <\/div>\r\n\t\t\t\t\t      <\/div>\r\n    <\/div>\r\n\r\n\t\t<\/div><\/div><\/div><div class=\"wpb_column vc_column_container vc_col-sm-4\"><div class=\"vc_column-inner\"><div class=\"wpb_wrapper\">\r\n    <div class=\"no-hover text-icon text-icon--icon-top_position boxes  clearfix\"  >\r\n      <div class=\"text-icon__container  left\">\r\n\t\t\t\t          <div class=\"text-icon__icon-box\">\r\n\t\t\t\t\t\t            <i class=\"fa fas fa-arrow-circle-down\" style=\"color: #000\"><\/i>          <\/div>\r\n          <div class=\"text-icon__content-box\">\r\n            <h4 class=\"text-icon__title\">\r\n\t\t\t\t\t\t\tREGENERACJA            <\/h4>\r\n            <p class=\"text-icon__text\">Dokonujemy napraw zar\u00f3wno uszkodze\u0144 mechanicznych, powsta\u0142ych w wyniku awarii jak i eksploatacyjnych wynikaj\u0105cych z naturalnego zu\u017cycia. Na \u017cyczenie klienta mo\u017cemy zaprojektowa\u0107 i wykona\u0107 r\u00f3wnie\u017c nietypowy element: cylindra, t\u0142oka, d\u0142awnicy\u0085 wykonanie nowych, w tym nadwymiarowych: uszczelnie\u0144, zgarniaczy, pier\u015bcieni prowadz\u0105cych.<\/p>\r\n          <\/div>\r\n\t\t\t\t\t      <\/div>\r\n    <\/div>\r\n\r\n\t\t<\/div><\/div><\/div><div class=\"wpb_column vc_column_container vc_col-sm-4\"><div class=\"vc_column-inner\"><div class=\"wpb_wrapper\">\r\n    <div class=\"no-hover text-icon text-icon--icon-top_position boxes  clearfix\"  >\r\n      <div class=\"text-icon__container  left\">\r\n\t\t\t\t          <div class=\"text-icon__icon-box\">\r\n\t\t\t\t\t\t            <i class=\"fa fas fa-arrow-circle-down\" style=\"color: #000\"><\/i>          <\/div>\r\n          <div class=\"text-icon__content-box\">\r\n            <h4 class=\"text-icon__title\">\r\n\t\t\t\t\t\t\tSERVICES            <\/h4>\r\n            <p class=\"text-icon__text\">Wykonujemy naprawy si\u0142ownik\u00f3w hydraulicznych od prostych remont\u00f3w polegaj\u0105cych na wymianie uszczelnie\u0144, usuni\u0119ciu wyciek\u00f3w, usuni\u0119ciu rys i zadrapa\u0144 t\u0142oczyska czy cylindra poprzez wymian\u0119 pojedynczych element\u00f3w jak t\u0142ok, d\u0142awica, ucho si\u0142ownika a\u017c do wykonania nowego si\u0142ownika na podstawie dostarczonego wzoru lub rysunku.<\/p>\r\n          <\/div>\r\n\t\t\t\t\t      <\/div>\r\n    <\/div>\r\n\r\n\t\t<\/div><\/div><\/div><\/div><div class=\"vc_row-full-width vc_clearfix\"><\/div><div class=\"vc_row wpb_row vc_row-fluid\" ><div class=\"wpb_column vc_column_container vc_col-sm-12\"><div class=\"vc_column-inner\"><div class=\"wpb_wrapper\"><div class='wd_empty_space' data-heightmobile='' data-heighttablet='' data-heightdesktop=''><\/div>  <div class=\"wd-heading text-center\"\r\n\t\t    style=\"max-width:600px;; margin: 0 auto;\" data-devia-animate=''>\r\n\t\t\r\n\t\t\t\r\n      <h2 style=\"\" class=\"title_a\"\r\n      data-text=\".\">\r\n\t\t\tREGENERACJA SI\u0141OWNIK\u00d3W HYDRAULICZNYCH      <\/h2>\r\n\r\n\t\t\t\t\t\t        <p style=\"color:#ffffff;\" class=\"sub_title_a\">\r\n\t\t\t\t.        <\/p>\r\n\t\t\t\t\t\t<hr class='hr_a' style=' margin: 10px auto;'\/>\r\n\t\t    <\/div>\r\n    <div class='wd_empty_space' data-heightmobile='60' data-heighttablet='60' data-heightdesktop='60'><\/div><\/div><\/div><\/div><\/div><div class=\"vc_row wpb_row vc_row-fluid vc_custom_1599549863495\" ><div class=\"wpb_column vc_column_container vc_col-sm-6 vc_col-has-fill\"><div class=\"vc_column-inner vc_custom_1599557928615\"><div class=\"wpb_wrapper\">\n\t<div  class=\"wpb_single_image wpb_content_element vc_align_center\">\n\t\t\n\t\t<figure class=\"wpb_wrapper vc_figure\">\n\t\t\t<div class=\"vc_single_image-wrapper   vc_box_border_grey\"><img width=\"2560\" height=\"1920\" src=\"https:\/\/hydrosprzet.pl\/wp-content\/uploads\/2021\/01\/atlas-scaled.jpg\" class=\"vc_single_image-img attachment-full\" alt=\"regeneracja si\u0142ownik\u00f3w hydraulicznych\" loading=\"lazy\" srcset=\"https:\/\/hydrosprzet.pl\/wp-content\/uploads\/2021\/01\/atlas-scaled.jpg 2560w, https:\/\/hydrosprzet.pl\/wp-content\/uploads\/2021\/01\/atlas-300x225.jpg 300w, https:\/\/hydrosprzet.pl\/wp-content\/uploads\/2021\/01\/atlas-1024x768.jpg 1024w, https:\/\/hydrosprzet.pl\/wp-content\/uploads\/2021\/01\/atlas-768x576.jpg 768w, https:\/\/hydrosprzet.pl\/wp-content\/uploads\/2021\/01\/atlas-1536x1152.jpg 1536w, https:\/\/hydrosprzet.pl\/wp-content\/uploads\/2021\/01\/atlas-2048x1536.jpg 2048w, https:\/\/hydrosprzet.pl\/wp-content\/uploads\/2021\/01\/atlas-16x12.jpg 16w, https:\/\/hydrosprzet.pl\/wp-content\/uploads\/2021\/01\/atlas-800x600.jpg 800w\" sizes=\"(max-width: 2560px) 100vw, 2560px\" \/><\/div>\n\t\t<\/figure>\n\t<\/div>\n<\/div><\/div><\/div><div class=\"wpb_column vc_column_container vc_col-sm-6\"><div class=\"vc_column-inner vc_custom_1566648384590\"><div class=\"wpb_wrapper\"><div class='wd_empty_space' data-heightmobile='0' data-heighttablet='0' data-heightdesktop='0'><\/div>  <div class=\"wd-heading text-left\"\r\n\t\tdata-split-options='{\"type\":\"lines\"}' data-split-text='true'  data-split-target='.animation_target'    style=\"; \" data-devia-animate=''>\r\n\t\t\t\t\t\t\t\t\t\t\t\r\n      <h2 style=\"font-weight:600;\" class=\"title_b animation_target\"\r\n        data-text=\"REGENERACJA SI\u0141OWNIK\u00d3W\">\r\n\t\t\tREGENERACJA SI\u0141OWNIK\u00d3W      <\/h2>\r\n\r\n\t\t\t\r\n\t\t    <\/div>\r\n    <div class='wd_empty_space' data-heightmobile='5' data-heighttablet='5' data-heightdesktop='5'><\/div>\n\t<div class=\"wpb_text_column wpb_content_element\" >\n\t\t<div class=\"wpb_wrapper\">\n\t\t\t<p>Regeneracja si\u0142ownik\u00f3w obejmuje takie czynno\u015bci jak:<\/p>\n<p>\u2013 wymiana t\u0142oczysk (stal chromowana-nierdzewna),<\/p>\n<p>\u2013 wymiana uszczelnie\u0144,<\/p>\n<p>\u2013 czyszczenie podzespo\u0142\u00f3w, smarowanie si\u0142ownika<\/p>\n<p>\u2013 wymiana profili aluminiowych,<\/p>\n<p>\u2013 testowanie pod k\u0105tem nieszczelno\u015bci w si\u0142ownikach,<\/p>\n<p>\u2013 walcowanie t\u0142oczysk ze stali nierdzewnej.<\/p>\n\n\t\t<\/div>\n\t<\/div>\n<\/div><\/div><\/div><\/div><div data-vc-full-width=\"true\" data-vc-full-width-init=\"false\" class=\"vc_row wpb_row vc_row-fluid overflow-visible vc_custom_1611318596395 vc_row-has-fill\" ><div class=\"wpb_column vc_column_container vc_col-sm-8\"><div class=\"vc_column-inner\"><div class=\"wpb_wrapper\">\r\n\r\n<div class=\"wd_empty_space\" data-heightmobile=\"7\" data-heighttablet=\"7\" data-heightdesktop=\"7\">\r\n\r\n<\/div>\r\n      \r\n\r\n\r\n\r\n        \r\n      \r\n    <div class='wd_empty_space' data-heightmobile='0' data-heighttablet='0' data-heightdesktop='0'><\/div>  <div class=\"wd-heading text-left\"\r\n\t\t    style=\"; \" data-devia-animate=''>\r\n\t\t\r\n      <h2 style=\"font-size:28px;color:#000000;text-transform:Uppercase;\" class=\"title_a\"\r\n       data-text=\"SKONTAKTUJ SI\u0118 Z NASZYM SPECJALIST\u0104\">\r\n\t\t\tSKONTAKTUJ SI\u0118 Z NASZYM SPECJALIST\u0104      <\/h2>\r\n\r\n\t\t\t    <\/div>\r\n    <div class='wd_empty_space' data-heightmobile='0' data-heighttablet='0' data-heightdesktop='0'><\/div><div class='wd_empty_space' data-heightmobile='0' data-heighttablet='0' data-heightdesktop='0'><\/div>  <div class=\"wd-heading text-left\"\r\n\t\t    style=\"; \" data-devia-animate=''>\r\n\t\t\r\n      <h2 style=\"font-size:20px;color:#000000;\" class=\"title_a\"\r\n       data-text=\"Szczycimy si\u0119 szybk\u0105, niezawodn\u0105 i pomocn\u0105 obs\u0142ug\u0105\">\r\n\t\t\tSzczycimy si\u0119 szybk\u0105, niezawodn\u0105 i pomocn\u0105 obs\u0142ug\u0105      <\/h2>\r\n\r\n\t\t\t    <\/div>\r\n    <div class='wd_empty_space' data-heightmobile='0' data-heighttablet='0' data-heightdesktop='0'><\/div><div class=\"vc_row wpb_row vc_inner vc_row-fluid\"><div class=\"wpb_column vc_column_container vc_col-sm-12\"><div class=\"vc_column-inner\"><div class=\"wpb_wrapper\">\n\t<div class=\"wpb_raw_code wpb_content_element wpb_raw_html\" >\n\t\t<div class=\"wpb_wrapper\">\n\t\t\t<div class=\"call-button\">\n<a href=\"\" class=\"wd-btn btn-solid btn-color-3 hover-color-2 btn-medium btn-none  icon-after\">\n      ZADZWO\u0143   \n <\/a>\n<p><i style=\"display: inline;margin-right: 10px;\" class=\"fas fa-phone\"><\/i>ZADZWO\u0143 LUB NAPISZ ANDRZEJ.JUSZKIEWICZ@HYDROSPRZET.PL | +48 509 667 449<\/p>\n<\/div>\n\t\t<\/div>\n\t<\/div>\n<\/div><\/div><\/div><\/div>\r\n\r\n<div class=\"wd_empty_space\" data-heightmobile=\"79\" data-heighttablet=\"79\" data-heightdesktop=\"79\">\r\n\r\n<\/div>\r\n      \r\n\r\n\r\n\r\n        \r\n      \r\n    <\/div><\/div><\/div><div class=\"wpb_column vc_column_container vc_col-sm-4\"><div class=\"vc_column-inner vc_custom_1567707056423\"><div class=\"wpb_wrapper\"><\/div><\/div><\/div><\/div><div class=\"vc_row-full-width vc_clearfix\"><\/div>","protected":false},"excerpt":{"rendered":"HYDROSPRZ\u0118T REGENERACJA SI\u0141OWNIK\u00d3W HYDRAULICZNYCH Nasza firma Hydrosprz\u0119t zapewnia serwis hydrauliki si\u0142owej oraz gruntown\u0105 regeneracj\u0119 podzespo\u0142\u00f3w hydraulicznych do maszyn budowalnych, rolniczych i le\u015bnych, a tak\u017ce maszyn u\u017cywanych w zak\u0142adach produkcyjnych i przemy\u015ble ci\u0119\u017ckim. \u00a0 Si\u0142owniki hydrauliczne mog\u0105 mie\u0107\u00a0r\u00f3\u017cn\u0105 wielko\u015b\u0107 oraz r\u00f3\u017cne medium\u00a0(najcz\u0119\u015bciej jest to olej). Wszystkie jednak maj\u0105\u00a0podobn\u0105 konstrukcj\u0119, bazuj\u0105c\u0105 na zastosowaniu tych samych komponent\u00f3w. Ze [...]","protected":false},"author":1,"featured_media":0,"parent":0,"menu_order":0,"comment_status":"closed","ping_status":"closed","template":"","meta":[],"yoast_head":"<!-- This site is optimized with the Yoast SEO plugin v17.3 - https:\/\/yoast.com\/wordpress\/plugins\/seo\/ -->\n<title>Regeneracja si\u0142ownik\u00f3w hydraulicznych - Hydrosprz\u0119t - Regeneracje<\/title>\n<meta name=\"description\" content=\"Regeneracja si\u0142ownik\u00f3w hydraulicznych to jeden z g\u0142\u00f3wnych profil\u00f3w dzia\u0142alno\u015bci firmy Hydrosprz\u0119t. Oferujemy serwis i napraw\u0119.\" \/>\n<meta name=\"robots\" content=\"index, follow, max-snippet:-1, max-image-preview:large, max-video-preview:-1\" \/>\n<link rel=\"canonical\" href=\"https:\/\/hydrosprzet.pl\/en\/regeneracja-silownikow-hydraulicznych\/\" \/>\n<meta property=\"og:locale\" content=\"en_US\" \/>\n<meta property=\"og:type\" content=\"article\" \/>\n<meta property=\"og:title\" content=\"Regeneracja si\u0142ownik\u00f3w hydraulicznych - Hydrosprz\u0119t - Regeneracje\" \/>\n<meta property=\"og:description\" content=\"Regeneracja si\u0142ownik\u00f3w hydraulicznych to jeden z g\u0142\u00f3wnych profil\u00f3w dzia\u0142alno\u015bci firmy Hydrosprz\u0119t. Oferujemy serwis i napraw\u0119.\" \/>\n<meta property=\"og:url\" content=\"https:\/\/hydrosprzet.pl\/en\/regeneracja-silownikow-hydraulicznych\/\" \/>\n<meta property=\"og:site_name\" content=\"Hydrosprz\u0119t\" \/>\n<meta property=\"article:modified_time\" content=\"2021-01-22T12:35:08+00:00\" \/>\n<meta name=\"twitter:card\" content=\"summary_large_image\" \/>\n<meta name=\"twitter:label1\" content=\"Est. reading time\" \/>\n\t<meta name=\"twitter:data1\" content=\"3 minutes\" \/>\n<script type=\"application\/ld+json\" class=\"yoast-schema-graph\">{\"@context\":\"https:\/\/schema.org\",\"@graph\":[{\"@type\":\"WebSite\",\"@id\":\"https:\/\/hydrosprzet.pl\/#website\",\"url\":\"https:\/\/hydrosprzet.pl\/\",\"name\":\"Hydrosprz\\u0119t\",\"description\":\"Maszyny budowlane\",\"potentialAction\":[{\"@type\":\"SearchAction\",\"target\":{\"@type\":\"EntryPoint\",\"urlTemplate\":\"https:\/\/hydrosprzet.pl\/?s={search_term_string}\"},\"query-input\":\"required name=search_term_string\"}],\"inLanguage\":\"en-US\"},{\"@type\":\"WebPage\",\"@id\":\"https:\/\/hydrosprzet.pl\/regeneracja-silownikow-hydraulicznych\/#webpage\",\"url\":\"https:\/\/hydrosprzet.pl\/regeneracja-silownikow-hydraulicznych\/\",\"name\":\"Regeneracja si\\u0142ownik\\u00f3w hydraulicznych - Hydrosprz\\u0119t - Regeneracje\",\"isPartOf\":{\"@id\":\"https:\/\/hydrosprzet.pl\/#website\"},\"datePublished\":\"2021-01-22T11:28:36+00:00\",\"dateModified\":\"2021-01-22T12:35:08+00:00\",\"description\":\"Regeneracja si\\u0142ownik\\u00f3w hydraulicznych to jeden z g\\u0142\\u00f3wnych profil\\u00f3w dzia\\u0142alno\\u015bci firmy Hydrosprz\\u0119t. Oferujemy serwis i napraw\\u0119.\",\"breadcrumb\":{\"@id\":\"https:\/\/hydrosprzet.pl\/regeneracja-silownikow-hydraulicznych\/#breadcrumb\"},\"inLanguage\":\"en-US\",\"potentialAction\":[{\"@type\":\"ReadAction\",\"target\":[\"https:\/\/hydrosprzet.pl\/regeneracja-silownikow-hydraulicznych\/\"]}]},{\"@type\":\"BreadcrumbList\",\"@id\":\"https:\/\/hydrosprzet.pl\/regeneracja-silownikow-hydraulicznych\/#breadcrumb\",\"itemListElement\":[{\"@type\":\"ListItem\",\"position\":1,\"name\":\"Strona g\\u0142\\u00f3wna\",\"item\":\"https:\/\/hydrosprzet.pl\/\"},{\"@type\":\"ListItem\",\"position\":2,\"name\":\"Regeneracja si\\u0142ownik\\u00f3w hydraulicznych\"}]}]}<\/script>\n<!-- \/ Yoast SEO plugin. -->","yoast_head_json":{"title":"Regeneracja si\u0142ownik\u00f3w hydraulicznych - Hydrosprz\u0119t - Regeneracje","description":"Regeneracja si\u0142ownik\u00f3w hydraulicznych to jeden z g\u0142\u00f3wnych profil\u00f3w dzia\u0142alno\u015bci firmy Hydrosprz\u0119t. Oferujemy serwis i napraw\u0119.","robots":{"index":"index","follow":"follow","max-snippet":"max-snippet:-1","max-image-preview":"max-image-preview:large","max-video-preview":"max-video-preview:-1"},"canonical":"https:\/\/hydrosprzet.pl\/en\/regeneracja-silownikow-hydraulicznych\/","og_locale":"en_US","og_type":"article","og_title":"Regeneracja si\u0142ownik\u00f3w hydraulicznych - Hydrosprz\u0119t - Regeneracje","og_description":"Regeneracja si\u0142ownik\u00f3w hydraulicznych to jeden z g\u0142\u00f3wnych profil\u00f3w dzia\u0142alno\u015bci firmy Hydrosprz\u0119t. Oferujemy serwis i napraw\u0119.","og_url":"https:\/\/hydrosprzet.pl\/en\/regeneracja-silownikow-hydraulicznych\/","og_site_name":"Hydrosprz\u0119t","article_modified_time":"2021-01-22T12:35:08+00:00","twitter_card":"summary_large_image","twitter_misc":{"Est. reading time":"3 minutes"},"schema":{"@context":"https:\/\/schema.org","@graph":[{"@type":"WebSite","@id":"https:\/\/hydrosprzet.pl\/#website","url":"https:\/\/hydrosprzet.pl\/","name":"Hydrosprz\u0119t","description":"Maszyny budowlane","potentialAction":[{"@type":"SearchAction","target":{"@type":"EntryPoint","urlTemplate":"https:\/\/hydrosprzet.pl\/?s={search_term_string}"},"query-input":"required name=search_term_string"}],"inLanguage":"en-US"},{"@type":"WebPage","@id":"https:\/\/hydrosprzet.pl\/regeneracja-silownikow-hydraulicznych\/#webpage","url":"https:\/\/hydrosprzet.pl\/regeneracja-silownikow-hydraulicznych\/","name":"Regeneracja si\u0142ownik\u00f3w hydraulicznych - Hydrosprz\u0119t - Regeneracje","isPartOf":{"@id":"https:\/\/hydrosprzet.pl\/#website"},"datePublished":"2021-01-22T11:28:36+00:00","dateModified":"2021-01-22T12:35:08+00:00","description":"Regeneracja si\u0142ownik\u00f3w hydraulicznych to jeden z g\u0142\u00f3wnych profil\u00f3w dzia\u0142alno\u015bci firmy Hydrosprz\u0119t. Oferujemy serwis i napraw\u0119.","breadcrumb":{"@id":"https:\/\/hydrosprzet.pl\/regeneracja-silownikow-hydraulicznych\/#breadcrumb"},"inLanguage":"en-US","potentialAction":[{"@type":"ReadAction","target":["https:\/\/hydrosprzet.pl\/regeneracja-silownikow-hydraulicznych\/"]}]},{"@type":"BreadcrumbList","@id":"https:\/\/hydrosprzet.pl\/regeneracja-silownikow-hydraulicznych\/#breadcrumb","itemListElement":[{"@type":"ListItem","position":1,"name":"Strona g\u0142\u00f3wna","item":"https:\/\/hydrosprzet.pl\/"},{"@type":"ListItem","position":2,"name":"Regeneracja si\u0142ownik\u00f3w hydraulicznych"}]}]}},"_links":{"self":[{"href":"https:\/\/hydrosprzet.pl\/en\/wp-json\/wp\/v2\/pages\/6760"}],"collection":[{"href":"https:\/\/hydrosprzet.pl\/en\/wp-json\/wp\/v2\/pages"}],"about":[{"href":"https:\/\/hydrosprzet.pl\/en\/wp-json\/wp\/v2\/types\/page"}],"author":[{"embeddable":true,"href":"https:\/\/hydrosprzet.pl\/en\/wp-json\/wp\/v2\/users\/1"}],"replies":[{"embeddable":true,"href":"https:\/\/hydrosprzet.pl\/en\/wp-json\/wp\/v2\/comments?post=6760"}],"version-history":[{"count":18,"href":"https:\/\/hydrosprzet.pl\/en\/wp-json\/wp\/v2\/pages\/6760\/revisions"}],"predecessor-version":[{"id":6780,"href":"https:\/\/hydrosprzet.pl\/en\/wp-json\/wp\/v2\/pages\/6760\/revisions\/6780"}],"wp:attachment":[{"href":"https:\/\/hydrosprzet.pl\/en\/wp-json\/wp\/v2\/media?parent=6760"}],"curies":[{"name":"wp","href":"https:\/\/api.w.org\/{rel}","templated":true}]}}