{"id":6686,"date":"2021-01-19T15:02:20","date_gmt":"2021-01-19T14:02:20","guid":{"rendered":"https:\/\/hydrosprzet.pl\/?page_id=6686"},"modified":"2021-01-20T09:12:29","modified_gmt":"2021-01-20T08:12:29","slug":"regeneracja-rozdzielaczy-hydraulicznych","status":"publish","type":"page","link":"https:\/\/hydrosprzet.pl\/en\/regeneracja-rozdzielaczy-hydraulicznych\/","title":{"rendered":"Regeneracja rozdzielaczy hydraulicznych"},"content":{"rendered":"<div class=\"vc_row wpb_row vc_row-fluid vc_custom_1599549863495\" ><div class=\"wpb_column vc_column_container vc_col-sm-6 vc_col-has-fill\"><div class=\"vc_column-inner vc_custom_1599557928615\"><div class=\"wpb_wrapper\">\n\t<div  class=\"wpb_single_image wpb_content_element vc_align_center\">\n\t\t\n\t\t<figure class=\"wpb_wrapper vc_figure\">\n\t\t\t<div class=\"vc_single_image-wrapper   vc_box_border_grey\"><img width=\"940\" height=\"788\" src=\"https:\/\/hydrosprzet.pl\/wp-content\/uploads\/2021\/01\/DRESSTA-5.jpg\" class=\"vc_single_image-img attachment-full\" alt=\"Regeneracja rozdzielaczy hydraulicznych\" loading=\"lazy\" srcset=\"https:\/\/hydrosprzet.pl\/wp-content\/uploads\/2021\/01\/DRESSTA-5.jpg 940w, https:\/\/hydrosprzet.pl\/wp-content\/uploads\/2021\/01\/DRESSTA-5-300x251.jpg 300w, https:\/\/hydrosprzet.pl\/wp-content\/uploads\/2021\/01\/DRESSTA-5-768x644.jpg 768w, https:\/\/hydrosprzet.pl\/wp-content\/uploads\/2021\/01\/DRESSTA-5-14x12.jpg 14w, https:\/\/hydrosprzet.pl\/wp-content\/uploads\/2021\/01\/DRESSTA-5-800x671.jpg 800w\" sizes=\"(max-width: 940px) 100vw, 940px\" \/><\/div>\n\t\t<\/figure>\n\t<\/div>\n<\/div><\/div><\/div><div class=\"wpb_column vc_column_container vc_col-sm-6\"><div class=\"vc_column-inner vc_custom_1566648384590\"><div class=\"wpb_wrapper\"><div class='wd_empty_space' data-heightmobile='0' data-heighttablet='0' data-heightdesktop='0'><\/div>  <div class=\"wd-heading text-left\"\r\n\t\tdata-split-options='{\"type\":\"lines\"}' data-split-text='true'  data-split-target='.animation_target'    style=\"; \" data-devia-animate=''>\r\n\t\t\t\t\t\t\t\t        <h5 style=\"font-weight:500;font-size:14px;color:#eeee22;text-transform:Uppercase;letter-spacing:1.4px;\" class=\"sub_title_b animation_target\">\r\n\t\t\t\tHYDROSPRZ\u0118T        <\/h5>\r\n\t\t\t\t\t\t\r\n      <h2 style=\"font-weight:800;\" class=\"title_b animation_target\"\r\n        data-text=\"HYDROSPRZ\u0118T\">\r\n\t\t\tREGENERACJA ROZDZIELACZY HYDRAULICZNYCH      <\/h2>\r\n\r\n\t\t\t\r\n\t\t    <\/div>\r\n    <div class='wd_empty_space' data-heightmobile='5' data-heighttablet='5' data-heightdesktop='5'><\/div>\n\t<div class=\"wpb_text_column wpb_content_element\" >\n\t\t<div class=\"wpb_wrapper\">\n\t\t\t<p>Our company <a href=\"https:\/\/hydrosprzet.pl\/en\/uslugi\/\">Hydrosprz\u0119t<\/a> zapewnia serwis hydrauliki si\u0142owej oraz gruntown\u0105 regeneracj\u0119 podzespo\u0142\u00f3w hydraulicznych do maszyn budowalnych, rolniczych i le\u015bnych, a tak\u017ce maszyn u\u017cywanych w zak\u0142adach produkcyjnych i przemy\u015ble ci\u0119\u017ckim.<\/p>\n<p>Rozdzielacz hydrauliczny to niezb\u0119dny element ka\u017cdej instalacji hydraulicznej. Stanowi on istotny sk\u0142adnik budowy wielu uk\u0142ad\u00f3w pompowych wykorzystywanych w r\u00f3\u017cnych ga\u0142\u0119ziach przemys\u0142u.<\/p>\n<p><span style=\"color: #ffffff;\"><a style=\"color: #ffffff;\" href=\"https:\/\/hydrosprzet.otomoto.pl\/\">otomoto<\/a><\/span><\/p>\n\n\t\t<\/div>\n\t<\/div>\n<div class=\"vc_row wpb_row vc_inner vc_row-fluid vc_custom_1562158357343\"><div class=\"wpb_column vc_column_container vc_col-sm-6\"><div class=\"vc_column-inner\"><div class=\"wpb_wrapper\">\n\t<div class=\"wpb_text_column wpb_content_element\" >\n\t\t<div class=\"wpb_wrapper\">\n\t\t\t<p><strong>Rodzaje rozdzielaczy:<\/strong><\/p>\n<p>\u2192Rozdzielacze suwakowe<br \/>\n\u2192Rozdzielacze gniazdowe<br \/>\n\u2192Rozdzielacze iskrobezpieczne<\/p>\n\n\t\t<\/div>\n\t<\/div>\n<\/div><\/div><\/div><div class=\"wpb_column vc_column_container vc_col-sm-6\"><div class=\"vc_column-inner\"><div class=\"wpb_wrapper\"><\/div><\/div><\/div><\/div><\/div><\/div><\/div><\/div><div data-vc-full-width=\"true\" data-vc-full-width-init=\"false\" data-vc-stretch-content=\"true\" class=\"vc_row wpb_row vc_row-fluid\" ><div class=\"wpb_column vc_column_container vc_col-sm-12\"><div class=\"vc_column-inner\"><div class=\"wpb_wrapper\">\r\n\r\n<div class=\"wd_empty_space\" data-heightmobile=\"50\" data-heighttablet=\"70\" data-heightdesktop=\"110\">\r\n\r\n<\/div>\r\n      \r\n\r\n\r\n\r\n        \r\n      \r\n    \t\r\n\t\t<div class=\"wd-clients-carousel wd-clients-carousel--small style_1\"\r\n         data-slick='{\"arrows\":false}'          data-clientshow = \"8\"  >\r\n\t\t\t\t\t\t\t\t\t\t\t<div class=\"wd-clients-carousel-item\"  >\r\n\t\t\t\t\t<img  class=\"none\" src=\"https:\/\/hydrosprzet.pl\/wp-content\/uploads\/2020\/03\/logo-linser.png\" width=\"50\" height=\"38\" alt=\"\">\r\n\t\t\t\t<\/div>\r\n\t\t\t\t\t\t\t\t\t\t\t\t<div class=\"wd-clients-carousel-item\"  >\r\n\t\t\t\t\t<img  class=\"none\" src=\"https:\/\/hydrosprzet.pl\/wp-content\/uploads\/2020\/03\/logo-liugong.png\" width=\"40\" height=\"50\" alt=\"\">\r\n\t\t\t\t<\/div>\r\n\t\t\t\t\t\t\t\t\t\t\t\t<div class=\"wd-clients-carousel-item\"  >\r\n\t\t\t\t\t<img  class=\"none\" src=\"https:\/\/hydrosprzet.pl\/wp-content\/uploads\/2020\/03\/logo-dressta-1.jpg\" width=\"50\" height=\"50\" alt=\"\">\r\n\t\t\t\t<\/div>\r\n\t\t\t\t\t\t\t\t\t\t\t\t<div class=\"wd-clients-carousel-item\"  >\r\n\t\t\t\t\t<img  class=\"none\" src=\"https:\/\/hydrosprzet.pl\/wp-content\/uploads\/2020\/03\/cummins-logo-hydrosprzet.jpg\" width=\"50\" height=\"48\" alt=\"\">\r\n\t\t\t\t<\/div>\r\n\t\t\t\t\t\t\t\t\t\t\t\t<div class=\"wd-clients-carousel-item\"  >\r\n\t\t\t\t\t<img  class=\"none\" src=\"https:\/\/hydrosprzet.pl\/wp-content\/uploads\/2020\/03\/logo-kioti.jpg\" width=\"50\" height=\"38\" alt=\"\">\r\n\t\t\t\t<\/div>\r\n\t\t\t\t\r\n\t\t<\/div>\r\n\t\t\r\n\r\n<div class=\"wd_empty_space\" data-heightmobile=\"50\" data-heighttablet=\"70\" data-heightdesktop=\"70\">\r\n\r\n<\/div>\r\n      \r\n\r\n\r\n\r\n        \r\n      \r\n    <\/div><\/div><\/div><\/div><div class=\"vc_row-full-width vc_clearfix\"><\/div><div data-vc-full-width=\"true\" data-vc-full-width-init=\"false\" class=\"vc_row wpb_row vc_row-fluid vc_custom_1599556740934 vc_row-has-fill\" ><div class=\"wpb_column vc_column_container vc_col-sm-4\"><div class=\"vc_column-inner\"><div class=\"wpb_wrapper\">\r\n    <div class=\"no-hover text-icon text-icon--icon-top_position boxes  clearfix\"  >\r\n      <div class=\"text-icon__container  left\">\r\n\t\t\t\t          <div class=\"text-icon__icon-box\">\r\n\t\t\t\t\t\t            <i class=\"fa fas fa-arrow-circle-down\" style=\"color: #000\"><\/i>          <\/div>\r\n          <div class=\"text-icon__content-box\">\r\n            <h4 class=\"text-icon__title\">\r\n\t\t\t\t\t\t\tRozdzielacz hydrauliczny suwakowy            <\/h4>\r\n            <p class=\"text-icon__text\">Rozdzielacze hydrauliczne suwakowe, mo\u017cna podzieli\u0107 na te sterowane elektronicznie, na sterowane elektronicznie, ale z nastawieniem mocy, sterowane d\u017awigni\u0105, sterowane ci\u015bnieniem, sterowane elektrycznie, z nastawionym czasem pracy, a tak\u017ce rozdzielacze suwakowe specjalne typu ED\/TE. Rozdzielacz hydrauliczny suwakowy nadaje si\u0119 idealnie do uk\u0142ad\u00f3w przemys\u0142owych.<\/p>\r\n          <\/div>\r\n\t\t\t\t\t      <\/div>\r\n    <\/div>\r\n\r\n\t\t<\/div><\/div><\/div><div class=\"wpb_column vc_column_container vc_col-sm-4\"><div class=\"vc_column-inner\"><div class=\"wpb_wrapper\">\r\n    <div class=\"no-hover text-icon text-icon--icon-top_position boxes  clearfix\"  >\r\n      <div class=\"text-icon__container  left\">\r\n\t\t\t\t          <div class=\"text-icon__icon-box\">\r\n\t\t\t\t\t\t            <i class=\"fa fas fa-arrow-circle-down\" style=\"color: #000\"><\/i>          <\/div>\r\n          <div class=\"text-icon__content-box\">\r\n            <h4 class=\"text-icon__title\">\r\n\t\t\t\t\t\t\tRozdzielacz hydrauliczny monoblokowy            <\/h4>\r\n            <p class=\"text-icon__text\">Rozdzielacz hydrauliczny monoblokowy, nazywany r\u00f3wnie\u017c rozdzielaczem sekcyjnym, r\u00f3wnie\u017c posiada wiele odmian. Rozdzielacze te charakteryzuj\u0105 si\u0119 bardzo szerokim zastosowaniem i mo\u017cna dzieli\u0107 je g\u0142\u00f3wnie ze wzgl\u0119du na wysoko\u015b\u0107 ci\u015bnienia oraz pojemno\u015b\u0107 przep\u0142ywu. Znajdziemy tu zar\u00f3wno rozdzielacze o ci\u015bnieniu do 250 bar\u00f3w, do 350 oraz 300.<\/p>\r\n          <\/div>\r\n\t\t\t\t\t      <\/div>\r\n    <\/div>\r\n\r\n\t\t<\/div><\/div><\/div><div class=\"wpb_column vc_column_container vc_col-sm-4\"><div class=\"vc_column-inner\"><div class=\"wpb_wrapper\">\r\n    <div class=\"no-hover text-icon text-icon--icon-top_position boxes  clearfix\"  >\r\n      <div class=\"text-icon__container  left\">\r\n\t\t\t\t          <div class=\"text-icon__icon-box\">\r\n\t\t\t\t\t\t            <i class=\"fa fas fa-arrow-circle-down\" style=\"color: #000\"><\/i>          <\/div>\r\n          <div class=\"text-icon__content-box\">\r\n            <h4 class=\"text-icon__title\">\r\n\t\t\t\t\t\t\tRegeneracja rozdzielaczy hydraulicznych            <\/h4>\r\n            <p class=\"text-icon__text\">Zajmujemy si\u0119 serwisowaniem rozdzielaczy hydraulicznych, a tak\u017ce jeste\u015bmy w stanie zaoferowa\u0107 zamienniki dla przestarza\u0142ych konstrukcji. Otrzymany uszkodzony rozdzielacz hydrauliczny poddajemy testom, kt\u00f3rych wyniki otrzymuj\u0105 pa\u0144stwo w przeci\u0105gu dw\u00f3ch dni roboczych, a w przypadku akceptacji naprawy, sprz\u0119t jest gotowy po czterech dniach od daty otrzymania.<\/p>\r\n          <\/div>\r\n\t\t\t\t\t      <\/div>\r\n    <\/div>\r\n\r\n\t\t<\/div><\/div><\/div><\/div><div class=\"vc_row-full-width vc_clearfix\"><\/div><div class=\"vc_row wpb_row vc_row-fluid\" ><div class=\"wpb_column vc_column_container vc_col-sm-12\"><div class=\"vc_column-inner\"><div class=\"wpb_wrapper\"><div class='wd_empty_space' data-heightmobile='' data-heighttablet='' data-heightdesktop=''><\/div>  <div class=\"wd-heading text-center\"\r\n\t\t    style=\"max-width:600px;; margin: 0 auto;\" data-devia-animate=''>\r\n\t\t\r\n\t\t\t\r\n      <h2 style=\"\" class=\"title_a\"\r\n      data-text=\".\">\r\n\t\t\tREGENERACJA ROZDZIELACZY HYDRAULICZNYCH      <\/h2>\r\n\r\n\t\t\t\t\t\t        <p style=\"color:#ffffff;\" class=\"sub_title_a\">\r\n\t\t\t\t.        <\/p>\r\n\t\t\t\t\t\t<hr class='hr_a' style=' margin: 10px auto;'\/>\r\n\t\t    <\/div>\r\n    <div class='wd_empty_space' data-heightmobile='60' data-heighttablet='60' data-heightdesktop='60'><\/div><\/div><\/div><\/div><\/div><div data-vc-full-width=\"true\" data-vc-full-width-init=\"false\" data-vc-stretch-content=\"true\" class=\"vc_row wpb_row vc_row-fluid vc_custom_1599561551252 vc_row-o-content-middle vc_row-flex\" ><div class=\"et-horizontal-equal-column text-align-center wpb_column vc_column_container vc_col-sm-6\"><div class=\"vc_column-inner\"><div class=\"wpb_wrapper\"><div class='wd_empty_space' data-heightmobile='' data-heighttablet='' data-heightdesktop=''><\/div>  <div class=\"wd-heading text-center\"\r\n\t\t    style=\"; \" data-devia-animate=''>\r\n\t\t\r\n      <h2 style=\"\" class=\"title_b\"\r\n       data-text=\"KILKA S\u0141\u00d3W O NAS\">\r\n\t\t\tKILKA S\u0141\u00d3W O NAS      <\/h2>\r\n\r\n\t\t\t    <\/div>\r\n    <div class='wd_empty_space' data-heightmobile='' data-heighttablet='' data-heightdesktop=''><\/div>\n\t<div class=\"wpb_text_column wpb_content_element\" >\n\t\t<div class=\"wpb_wrapper\">\n\t\t\t<p style=\"padding-left: 120px;\">Oferujemy kompleksow\u0105 regeneracj\u0119 rozdzielaczy hydraulicznych, a tak\u017ce silnik\u00f3w hydraulicznych. Tego typu urz\u0105dzenia obecne s\u0105 w wielu maszynach przemys\u0142owych, budowlanych, a tak\u017ce rolniczych, kt\u00f3rych nasi Klienci u\u017cywaj\u0105 na co dzie\u0144. Dysponujemy wyposa\u017conym warsztatem, a do ka\u017cdego zadania podchodzimy indywidualnie. Przed rozpocz\u0119ciem serwisu hydrauliki si\u0142owej zapoznajemy si\u0119 z budow\u0105 urz\u0105dzenia, a tak\u017ce dokonujemy analiz i weryfikacji, na podstawie kt\u00f3rych mo\u017cemy oceni\u0107 stan usterek. Nasze oprzyrz\u0105dowanie pozwala nam okre\u015bli\u0107 wszelkie parametry naprawianych pomp hydraulicznych i nie tylko.<\/p>\n\n\t\t<\/div>\n\t<\/div>\n<\/div><\/div><\/div><div class=\"wpb_column vc_column_container vc_col-sm-6 vc_col-has-fill\"><div class=\"vc_column-inner vc_custom_1599559378098\"><div class=\"wpb_wrapper\">\n\t<div  class=\"wpb_single_image wpb_content_element vc_align_center\">\n\t\t\n\t\t<figure class=\"wpb_wrapper vc_figure\">\n\t\t\t<div class=\"vc_single_image-wrapper   vc_box_border_grey\"><img width=\"625\" height=\"833\" src=\"https:\/\/hydrosprzet.pl\/wp-content\/uploads\/2021\/01\/IMG_20201021_125311-min-768x1024.jpg\" class=\"vc_single_image-img attachment-large\" alt=\"\" loading=\"lazy\" srcset=\"https:\/\/hydrosprzet.pl\/wp-content\/uploads\/2021\/01\/IMG_20201021_125311-min-768x1024.jpg 768w, https:\/\/hydrosprzet.pl\/wp-content\/uploads\/2021\/01\/IMG_20201021_125311-min-225x300.jpg 225w, https:\/\/hydrosprzet.pl\/wp-content\/uploads\/2021\/01\/IMG_20201021_125311-min-1152x1536.jpg 1152w, https:\/\/hydrosprzet.pl\/wp-content\/uploads\/2021\/01\/IMG_20201021_125311-min-1536x2048.jpg 1536w, https:\/\/hydrosprzet.pl\/wp-content\/uploads\/2021\/01\/IMG_20201021_125311-min-9x12.jpg 9w, https:\/\/hydrosprzet.pl\/wp-content\/uploads\/2021\/01\/IMG_20201021_125311-min-800x1067.jpg 800w, https:\/\/hydrosprzet.pl\/wp-content\/uploads\/2021\/01\/IMG_20201021_125311-min-scaled.jpg 1920w\" sizes=\"(max-width: 625px) 100vw, 625px\" \/><\/div>\n\t\t<\/figure>\n\t<\/div>\n<\/div><\/div><\/div><\/div><div class=\"vc_row-full-width vc_clearfix\"><\/div><div data-vc-full-width=\"true\" data-vc-full-width-init=\"false\" data-vc-stretch-content=\"true\" class=\"vc_row wpb_row vc_row-fluid vc_custom_1599561551252 vc_row-o-content-middle vc_row-flex\" ><div class=\"wpb_column vc_column_container vc_col-sm-6 vc_col-has-fill\"><div class=\"vc_column-inner vc_custom_1599559378098\"><div class=\"wpb_wrapper\">\n\t<div  class=\"wpb_single_image wpb_content_element vc_align_center\">\n\t\t\n\t\t<figure class=\"wpb_wrapper vc_figure\">\n\t\t\t<div class=\"vc_single_image-wrapper   vc_box_border_grey\"><img width=\"625\" height=\"833\" src=\"https:\/\/hydrosprzet.pl\/wp-content\/uploads\/2021\/01\/IMG_20201021_125922-min-768x1024.jpg\" class=\"vc_single_image-img attachment-large\" alt=\"\" loading=\"lazy\" srcset=\"https:\/\/hydrosprzet.pl\/wp-content\/uploads\/2021\/01\/IMG_20201021_125922-min-768x1024.jpg 768w, https:\/\/hydrosprzet.pl\/wp-content\/uploads\/2021\/01\/IMG_20201021_125922-min-225x300.jpg 225w, https:\/\/hydrosprzet.pl\/wp-content\/uploads\/2021\/01\/IMG_20201021_125922-min-1152x1536.jpg 1152w, https:\/\/hydrosprzet.pl\/wp-content\/uploads\/2021\/01\/IMG_20201021_125922-min-1536x2048.jpg 1536w, https:\/\/hydrosprzet.pl\/wp-content\/uploads\/2021\/01\/IMG_20201021_125922-min-9x12.jpg 9w, https:\/\/hydrosprzet.pl\/wp-content\/uploads\/2021\/01\/IMG_20201021_125922-min-800x1067.jpg 800w, https:\/\/hydrosprzet.pl\/wp-content\/uploads\/2021\/01\/IMG_20201021_125922-min-scaled.jpg 1920w\" sizes=\"(max-width: 625px) 100vw, 625px\" \/><\/div>\n\t\t<\/figure>\n\t<\/div>\n<\/div><\/div><\/div><div class=\"et-horizontal-equal-column text-align-center wpb_column vc_column_container vc_col-sm-6\"><div class=\"vc_column-inner\"><div class=\"wpb_wrapper\"><div class='wd_empty_space' data-heightmobile='' data-heighttablet='' data-heightdesktop=''><\/div>  <div class=\"wd-heading text-center\"\r\n\t\t    style=\"; \" data-devia-animate=''>\r\n\t\t\r\n      <h2 style=\"\" class=\"title_b\"\r\n       data-text=\"SERWIS HYDRAULIKI SI\u0141OWEJ\">\r\n\t\t\tSERWIS HYDRAULIKI SI\u0141OWEJ      <\/h2>\r\n\r\n\t\t\t    <\/div>\r\n    <div class='wd_empty_space' data-heightmobile='' data-heighttablet='' data-heightdesktop=''><\/div>\n\t<div class=\"wpb_text_column wpb_content_element\" >\n\t\t<div class=\"wpb_wrapper\">\n\t\t\t<p style=\"text-align: left;\">Nasz serwis zosta\u0142 wyposa\u017cony w\u00a0stanowiska badawcze i\u00a0narz\u0119dzia umo\u017cliwiaj\u0105ce nie\u00a0tylko\u00a0naprawy, ale\u00a0i\u00a0<strong>regeneracje rozdzielaczy hydraulicznych<\/strong>\u00a0oraz\u00a0innych element\u00f3w uk\u0142adu. Dzi\u0119ki nowoczesnemu wyposa\u017ceniu firmy mamy mo\u017cliwo\u015b\u0107 rozebrania komponent\u00f3w uk\u0142adu hydraulicznego na\u00a0czynniki pierwsze i\u00a0dok\u0142adnego sprawdzenia sprawno\u015bci poszczeg\u00f3lnych cz\u0119\u015bci. W\u00a0ramach przeprowadzanych regeneracji przywracamy komponentom fabryczne parametry, w\u00a0ten\u00a0spos\u00f3b przed\u0142u\u017caj\u0105c ich\u00a0\u017cywotno\u015b\u0107. Jest to\u00a0uzasadnione m.in. z\u00a0racji na\u00a0pewne mniejsze koszty naprawy.<\/p>\n\n\t\t<\/div>\n\t<\/div>\n<\/div><\/div><\/div><\/div><div class=\"vc_row-full-width vc_clearfix\"><\/div><div data-vc-full-width=\"true\" data-vc-full-width-init=\"false\" class=\"vc_row wpb_row vc_row-fluid overflow-visible vc_custom_1566988546698 vc_row-has-fill\" ><div class=\"wpb_column vc_column_container vc_col-sm-8\"><div class=\"vc_column-inner\"><div class=\"wpb_wrapper\">\r\n\r\n<div class=\"wd_empty_space\" data-heightmobile=\"7\" data-heighttablet=\"7\" data-heightdesktop=\"7\">\r\n\r\n<\/div>\r\n      \r\n\r\n\r\n\r\n        \r\n      \r\n    <div class='wd_empty_space' data-heightmobile='0' data-heighttablet='0' data-heightdesktop='0'><\/div>  <div class=\"wd-heading text-left\"\r\n\t\t    style=\"; \" data-devia-animate=''>\r\n\t\t\r\n      <h2 style=\"font-size:28px;color:#000000;text-transform:Uppercase;\" class=\"title_a\"\r\n       data-text=\"SKONTAKTUJ SI\u0118 Z NASZYM SPECJALIST\u0104\">\r\n\t\t\tSKONTAKTUJ SI\u0118 Z NASZYM SPECJALIST\u0104      <\/h2>\r\n\r\n\t\t\t    <\/div>\r\n    <div class='wd_empty_space' data-heightmobile='0' data-heighttablet='0' data-heightdesktop='0'><\/div><div class='wd_empty_space' data-heightmobile='0' data-heighttablet='0' data-heightdesktop='0'><\/div>  <div class=\"wd-heading text-left\"\r\n\t\t    style=\"; \" data-devia-animate=''>\r\n\t\t\r\n      <h2 style=\"font-size:20px;color:#000000;\" class=\"title_a\"\r\n       data-text=\"Szczycimy si\u0119 szybk\u0105, niezawodn\u0105 i pomocn\u0105 obs\u0142ug\u0105\">\r\n\t\t\tSzczycimy si\u0119 szybk\u0105, niezawodn\u0105 i pomocn\u0105 obs\u0142ug\u0105      <\/h2>\r\n\r\n\t\t\t    <\/div>\r\n    <div class='wd_empty_space' data-heightmobile='0' data-heighttablet='0' data-heightdesktop='0'><\/div><div class=\"vc_row wpb_row vc_inner vc_row-fluid\"><div class=\"wpb_column vc_column_container vc_col-sm-12\"><div class=\"vc_column-inner\"><div class=\"wpb_wrapper\">\n\t<div class=\"wpb_raw_code wpb_content_element wpb_raw_html\" >\n\t\t<div class=\"wpb_wrapper\">\n\t\t\t<div class=\"call-button\">\n<a href=\"\" class=\"wd-btn btn-solid btn-color-3 hover-color-2 btn-medium btn-none  icon-after\">\n      ZADZWO\u0143   \n <\/a>\n<p><i style=\"display: inline;margin-right: 10px;\" class=\"fas fa-phone\"><\/i>ZADZWO\u0143 LUB NAPISZ ANDRZEJ.JUSZKIEWICZ@HYDROSPRZET.PL | +48 508 144 022<\/p>\n<\/div>\n\t\t<\/div>\n\t<\/div>\n<\/div><\/div><\/div><\/div>\r\n\r\n<div class=\"wd_empty_space\" data-heightmobile=\"79\" data-heighttablet=\"79\" data-heightdesktop=\"79\">\r\n\r\n<\/div>\r\n      \r\n\r\n\r\n\r\n        \r\n      \r\n    <\/div><\/div><\/div><div class=\"wpb_column vc_column_container vc_col-sm-4\"><div class=\"vc_column-inner vc_custom_1567707056423\"><div class=\"wpb_wrapper\"><\/div><\/div><\/div><\/div><div class=\"vc_row-full-width vc_clearfix\"><\/div>","protected":false},"excerpt":{"rendered":"HYDROSPRZ\u0118T REGENERACJA ROZDZIELACZY HYDRAULICZNYCH Nasza firma Hydrosprz\u0119t zapewnia serwis hydrauliki si\u0142owej oraz gruntown\u0105 regeneracj\u0119 podzespo\u0142\u00f3w hydraulicznych do maszyn budowalnych, rolniczych i le\u015bnych, a tak\u017ce maszyn u\u017cywanych w zak\u0142adach produkcyjnych i przemy\u015ble ci\u0119\u017ckim. Rozdzielacz hydrauliczny to niezb\u0119dny element ka\u017cdej instalacji hydraulicznej. Stanowi on istotny sk\u0142adnik budowy wielu uk\u0142ad\u00f3w pompowych wykorzystywanych w r\u00f3\u017cnych ga\u0142\u0119ziach przemys\u0142u. otomoto Rodzaje [...]","protected":false},"author":1,"featured_media":0,"parent":0,"menu_order":0,"comment_status":"closed","ping_status":"closed","template":"","meta":[],"yoast_head":"<!-- This site is optimized with the Yoast SEO plugin v17.3 - https:\/\/yoast.com\/wordpress\/plugins\/seo\/ -->\n<title>Regeneracja rozdzielaczy hydraulicznych - Hydrosprz\u0119t - Regeneracje<\/title>\n<meta name=\"description\" content=\"Regeneracja rozdzielaczy hydraulicznych to jeden z g\u0142\u00f3wnych profil\u00f3w dzia\u0142alno\u015bci firmy Hydrosprz\u0119t. Oferujemy serwis i napraw\u0119.\" \/>\n<meta name=\"robots\" content=\"index, follow, max-snippet:-1, max-image-preview:large, max-video-preview:-1\" \/>\n<link rel=\"canonical\" href=\"https:\/\/hydrosprzet.pl\/en\/regeneracja-rozdzielaczy-hydraulicznych\/\" \/>\n<meta property=\"og:locale\" content=\"en_US\" \/>\n<meta property=\"og:type\" content=\"article\" \/>\n<meta property=\"og:title\" content=\"Regeneracja rozdzielaczy hydraulicznych - Hydrosprz\u0119t - Regeneracje\" \/>\n<meta property=\"og:description\" content=\"Regeneracja rozdzielaczy hydraulicznych to jeden z g\u0142\u00f3wnych profil\u00f3w dzia\u0142alno\u015bci firmy Hydrosprz\u0119t. Oferujemy serwis i napraw\u0119.\" \/>\n<meta property=\"og:url\" content=\"https:\/\/hydrosprzet.pl\/en\/regeneracja-rozdzielaczy-hydraulicznych\/\" \/>\n<meta property=\"og:site_name\" content=\"Hydrosprz\u0119t\" \/>\n<meta property=\"article:modified_time\" content=\"2021-01-20T08:12:29+00:00\" \/>\n<meta name=\"twitter:card\" content=\"summary_large_image\" \/>\n<meta name=\"twitter:label1\" content=\"Est. reading time\" \/>\n\t<meta name=\"twitter:data1\" content=\"3 minutes\" \/>\n<script type=\"application\/ld+json\" class=\"yoast-schema-graph\">{\"@context\":\"https:\/\/schema.org\",\"@graph\":[{\"@type\":\"WebSite\",\"@id\":\"https:\/\/hydrosprzet.pl\/#website\",\"url\":\"https:\/\/hydrosprzet.pl\/\",\"name\":\"Hydrosprz\\u0119t\",\"description\":\"Maszyny budowlane\",\"potentialAction\":[{\"@type\":\"SearchAction\",\"target\":{\"@type\":\"EntryPoint\",\"urlTemplate\":\"https:\/\/hydrosprzet.pl\/?s={search_term_string}\"},\"query-input\":\"required name=search_term_string\"}],\"inLanguage\":\"en-US\"},{\"@type\":\"WebPage\",\"@id\":\"https:\/\/hydrosprzet.pl\/regeneracja-rozdzielaczy-hydraulicznych\/#webpage\",\"url\":\"https:\/\/hydrosprzet.pl\/regeneracja-rozdzielaczy-hydraulicznych\/\",\"name\":\"Regeneracja rozdzielaczy hydraulicznych - Hydrosprz\\u0119t - Regeneracje\",\"isPartOf\":{\"@id\":\"https:\/\/hydrosprzet.pl\/#website\"},\"datePublished\":\"2021-01-19T14:02:20+00:00\",\"dateModified\":\"2021-01-20T08:12:29+00:00\",\"description\":\"Regeneracja rozdzielaczy hydraulicznych to jeden z g\\u0142\\u00f3wnych profil\\u00f3w dzia\\u0142alno\\u015bci firmy Hydrosprz\\u0119t. Oferujemy serwis i napraw\\u0119.\",\"breadcrumb\":{\"@id\":\"https:\/\/hydrosprzet.pl\/regeneracja-rozdzielaczy-hydraulicznych\/#breadcrumb\"},\"inLanguage\":\"en-US\",\"potentialAction\":[{\"@type\":\"ReadAction\",\"target\":[\"https:\/\/hydrosprzet.pl\/regeneracja-rozdzielaczy-hydraulicznych\/\"]}]},{\"@type\":\"BreadcrumbList\",\"@id\":\"https:\/\/hydrosprzet.pl\/regeneracja-rozdzielaczy-hydraulicznych\/#breadcrumb\",\"itemListElement\":[{\"@type\":\"ListItem\",\"position\":1,\"name\":\"Strona g\\u0142\\u00f3wna\",\"item\":\"https:\/\/hydrosprzet.pl\/\"},{\"@type\":\"ListItem\",\"position\":2,\"name\":\"Regeneracja rozdzielaczy hydraulicznych\"}]}]}<\/script>\n<!-- \/ Yoast SEO plugin. -->","yoast_head_json":{"title":"Regeneracja rozdzielaczy hydraulicznych - Hydrosprz\u0119t - Regeneracje","description":"Regeneracja rozdzielaczy hydraulicznych to jeden z g\u0142\u00f3wnych profil\u00f3w dzia\u0142alno\u015bci firmy Hydrosprz\u0119t. Oferujemy serwis i napraw\u0119.","robots":{"index":"index","follow":"follow","max-snippet":"max-snippet:-1","max-image-preview":"max-image-preview:large","max-video-preview":"max-video-preview:-1"},"canonical":"https:\/\/hydrosprzet.pl\/en\/regeneracja-rozdzielaczy-hydraulicznych\/","og_locale":"en_US","og_type":"article","og_title":"Regeneracja rozdzielaczy hydraulicznych - Hydrosprz\u0119t - Regeneracje","og_description":"Regeneracja rozdzielaczy hydraulicznych to jeden z g\u0142\u00f3wnych profil\u00f3w dzia\u0142alno\u015bci firmy Hydrosprz\u0119t. Oferujemy serwis i napraw\u0119.","og_url":"https:\/\/hydrosprzet.pl\/en\/regeneracja-rozdzielaczy-hydraulicznych\/","og_site_name":"Hydrosprz\u0119t","article_modified_time":"2021-01-20T08:12:29+00:00","twitter_card":"summary_large_image","twitter_misc":{"Est. reading time":"3 minutes"},"schema":{"@context":"https:\/\/schema.org","@graph":[{"@type":"WebSite","@id":"https:\/\/hydrosprzet.pl\/#website","url":"https:\/\/hydrosprzet.pl\/","name":"Hydrosprz\u0119t","description":"Maszyny budowlane","potentialAction":[{"@type":"SearchAction","target":{"@type":"EntryPoint","urlTemplate":"https:\/\/hydrosprzet.pl\/?s={search_term_string}"},"query-input":"required name=search_term_string"}],"inLanguage":"en-US"},{"@type":"WebPage","@id":"https:\/\/hydrosprzet.pl\/regeneracja-rozdzielaczy-hydraulicznych\/#webpage","url":"https:\/\/hydrosprzet.pl\/regeneracja-rozdzielaczy-hydraulicznych\/","name":"Regeneracja rozdzielaczy hydraulicznych - Hydrosprz\u0119t - Regeneracje","isPartOf":{"@id":"https:\/\/hydrosprzet.pl\/#website"},"datePublished":"2021-01-19T14:02:20+00:00","dateModified":"2021-01-20T08:12:29+00:00","description":"Regeneracja rozdzielaczy hydraulicznych to jeden z g\u0142\u00f3wnych profil\u00f3w dzia\u0142alno\u015bci firmy Hydrosprz\u0119t. Oferujemy serwis i napraw\u0119.","breadcrumb":{"@id":"https:\/\/hydrosprzet.pl\/regeneracja-rozdzielaczy-hydraulicznych\/#breadcrumb"},"inLanguage":"en-US","potentialAction":[{"@type":"ReadAction","target":["https:\/\/hydrosprzet.pl\/regeneracja-rozdzielaczy-hydraulicznych\/"]}]},{"@type":"BreadcrumbList","@id":"https:\/\/hydrosprzet.pl\/regeneracja-rozdzielaczy-hydraulicznych\/#breadcrumb","itemListElement":[{"@type":"ListItem","position":1,"name":"Strona g\u0142\u00f3wna","item":"https:\/\/hydrosprzet.pl\/"},{"@type":"ListItem","position":2,"name":"Regeneracja rozdzielaczy hydraulicznych"}]}]}},"_links":{"self":[{"href":"https:\/\/hydrosprzet.pl\/en\/wp-json\/wp\/v2\/pages\/6686"}],"collection":[{"href":"https:\/\/hydrosprzet.pl\/en\/wp-json\/wp\/v2\/pages"}],"about":[{"href":"https:\/\/hydrosprzet.pl\/en\/wp-json\/wp\/v2\/types\/page"}],"author":[{"embeddable":true,"href":"https:\/\/hydrosprzet.pl\/en\/wp-json\/wp\/v2\/users\/1"}],"replies":[{"embeddable":true,"href":"https:\/\/hydrosprzet.pl\/en\/wp-json\/wp\/v2\/comments?post=6686"}],"version-history":[{"count":15,"href":"https:\/\/hydrosprzet.pl\/en\/wp-json\/wp\/v2\/pages\/6686\/revisions"}],"predecessor-version":[{"id":6711,"href":"https:\/\/hydrosprzet.pl\/en\/wp-json\/wp\/v2\/pages\/6686\/revisions\/6711"}],"wp:attachment":[{"href":"https:\/\/hydrosprzet.pl\/en\/wp-json\/wp\/v2\/media?parent=6686"}],"curies":[{"name":"wp","href":"https:\/\/api.w.org\/{rel}","templated":true}]}}