{"id":6255,"date":"2020-06-15T09:16:35","date_gmt":"2020-06-15T07:16:35","guid":{"rendered":"https:\/\/hydrosprzet.pl\/?page_id=6255"},"modified":"2021-02-23T08:48:07","modified_gmt":"2021-02-23T07:48:07","slug":"nasze-uslugi","status":"publish","type":"page","link":"https:\/\/hydrosprzet.pl\/en\/nasze-uslugi\/","title":{"rendered":"Our services"},"content":{"rendered":"<div class=\"vc_row wpb_row vc_row-fluid\" ><div class=\"wpb_column vc_column_container vc_col-sm-12\"><div class=\"vc_column-inner\"><div class=\"wpb_wrapper\"><div class='wd_empty_space' data-heightmobile='' data-heighttablet='' data-heightdesktop=''><\/div>  <div class=\"wd-heading text-left\"\r\n\t\t    style=\"; \" data-devia-animate=''>\r\n\t\t\r\n      <h2 style=\"\" class=\"title_a\"\r\n       data-text=\"PRACUJEMY DLA WAS...\">\r\n\t\t\tWE WORK FOR YOU...      <\/h2>\r\n\r\n\t\t\t<hr class='hr_a' style=' margin: 10px 0;'\/>    <\/div>\r\n    <div class='wd_empty_space' data-heightmobile='67' data-heighttablet='67' data-heightdesktop='67'><\/div><\/div><\/div><\/div><\/div><div class=\"vc_row wpb_row vc_row-fluid\" ><div class=\"wpb_column vc_column_container vc_col-sm-4\"><div class=\"vc_column-inner\"><div class=\"wpb_wrapper\"><div class=\"vc-hoverbox-wrapper  vc-hoverbox-shape--square vc-hoverbox-align--center vc-hoverbox-direction--default vc-hoverbox-width--100\"  ontouchstart=\"\">\n  <div class=\"vc-hoverbox\">\n    <div class=\"vc-hoverbox-inner\">\n      <div class=\"vc-hoverbox-block vc-hoverbox-front\" style=\"background-image: url(https:\/\/hydrosprzet.pl\/wp-content\/uploads\/2020\/06\/SPRZEDA\u017b-MASZYN-BUDOWLANYCH-2-2-1024x576.jpg);\">\n        <div class=\"vc-hoverbox-block-inner vc-hoverbox-front-inner\">\n            <h2 style=\"font-size: 30px;color: #ffffff;text-align: center;font-family:Actor;font-weight:400;font-style:normal\" class=\"vc_custom_heading\" >SALE OF CONSTRUCTION MACHINES<\/h2>\n        <\/div>\n      <\/div>\n      <div class=\"vc-hoverbox-block vc-hoverbox-back\" style=\"background-color: #ebebeb;\">\n        <div class=\"vc-hoverbox-block-inner vc-hoverbox-back-inner\">\n            <h2 style=\"font-size: 50px;text-align: center;font-family:Rokkitt;font-weight:400;font-style:normal\" class=\"vc_custom_heading\" ><a href=\"https:\/\/hydrosprzet.pl\/en\/maszyny\/\" target=\" _blank\" title=\"Machinery\">SALE OF CONSTRUCTION MACHINES<\/a><\/h2>\n            \n            \n        <\/div>\n      <\/div>\n    <\/div>\n  <\/div>\n<\/div>\r\n\r\n<div class=\"wd_empty_space\" data-heightmobile=\"10\" data-heighttablet=\"10\" data-heightdesktop=\"20\">\r\n\r\n<\/div>\r\n      \r\n\r\n\r\n\r\n        \r\n      \r\n    <div class=\"vc-hoverbox-wrapper  vc-hoverbox-shape--square vc-hoverbox-align--center vc-hoverbox-direction--default vc-hoverbox-width--100\"  ontouchstart=\"\">\n  <div class=\"vc-hoverbox\">\n    <div class=\"vc-hoverbox-inner\">\n      <div class=\"vc-hoverbox-block vc-hoverbox-front\" style=\"background-image: url(https:\/\/hydrosprzet.pl\/wp-content\/uploads\/2020\/06\/REMONTY-I-NAPRAWY-SILNIK\u00d3W-2-1024x576.jpg);\">\n        <div class=\"vc-hoverbox-block-inner vc-hoverbox-front-inner\">\n            <h2 style=\"font-size: 30px;color: #ffffff;text-align: center;font-family:Actor;font-weight:400;font-style:normal\" class=\"vc_custom_heading\" >ENGINE REPAIRS<\/h2>\n        <\/div>\n      <\/div>\n      <div class=\"vc-hoverbox-block vc-hoverbox-back\" style=\"background-color: #ebebeb;\">\n        <div class=\"vc-hoverbox-block-inner vc-hoverbox-back-inner\">\n            <h2 style=\"font-size: 50px;text-align: center;font-family:Rokkitt;font-weight:400;font-style:normal\" class=\"vc_custom_heading\" ><a href=\"https:\/\/hydrosprzet.pl\/en\/naprawa-silnikow-spalinowych\/\" target=\" _blank\" title=\"Naprawa silnik\u00f3w spalinowych\">ENGINE REPAIRS<\/a><\/h2>\n            \n            \n        <\/div>\n      <\/div>\n    <\/div>\n  <\/div>\n<\/div>\r\n\r\n<div class=\"wd_empty_space\" data-heightmobile=\"10\" data-heighttablet=\"10\" data-heightdesktop=\"20\">\r\n\r\n<\/div>\r\n      \r\n\r\n\r\n\r\n        \r\n      \r\n    <div class=\"vc-hoverbox-wrapper  vc-hoverbox-shape--square vc-hoverbox-align--center vc-hoverbox-direction--default vc-hoverbox-width--100\"  ontouchstart=\"\">\n  <div class=\"vc-hoverbox\">\n    <div class=\"vc-hoverbox-inner\">\n      <div class=\"vc-hoverbox-block vc-hoverbox-front\" style=\"background-image: url(https:\/\/hydrosprzet.pl\/wp-content\/uploads\/2020\/06\/SPRZEDA\u017b-CZ\u0118\u015aCI-ZAMIENNYCH-2-1024x576.jpg);\">\n        <div class=\"vc-hoverbox-block-inner vc-hoverbox-front-inner\">\n            <h2 style=\"font-size: 30px;color: #ffffff;text-align: center;font-family:Actor;font-weight:400;font-style:normal\" class=\"vc_custom_heading\" >SALE OF SPARE PARTS<\/h2>\n        <\/div>\n      <\/div>\n      <div class=\"vc-hoverbox-block vc-hoverbox-back\" style=\"background-color: #ebebeb;\">\n        <div class=\"vc-hoverbox-block-inner vc-hoverbox-back-inner\">\n            <h2 style=\"font-size: 50px;text-align: center;font-family:Rokkitt;font-weight:400;font-style:normal\" class=\"vc_custom_heading\" ><a href=\"https:\/\/hydrosprzet.pl\/en\/uslugi\/\" target=\" _blank\" title=\"Our services\">SALE OF SPARE PARTS<\/a><\/h2>\n            \n            \n        <\/div>\n      <\/div>\n    <\/div>\n  <\/div>\n<\/div>\r\n\r\n<div class=\"wd_empty_space\" data-heightmobile=\"10\" data-heighttablet=\"10\" data-heightdesktop=\"20\">\r\n\r\n<\/div>\r\n      \r\n\r\n\r\n\r\n        \r\n      \r\n    <\/div><\/div><\/div><div class=\"wpb_column vc_column_container vc_col-sm-4\"><div class=\"vc_column-inner\"><div class=\"wpb_wrapper\"><div class=\"vc-hoverbox-wrapper  vc-hoverbox-shape--square vc-hoverbox-align--center vc-hoverbox-direction--default vc-hoverbox-width--100\"  ontouchstart=\"\">\n  <div class=\"vc-hoverbox\">\n    <div class=\"vc-hoverbox-inner\">\n      <div class=\"vc-hoverbox-block vc-hoverbox-front\" style=\"background-image: url(https:\/\/hydrosprzet.pl\/wp-content\/uploads\/2020\/06\/SERWIS-MASZYN-BUDOWLANYCH-2-1024x576.jpg);\">\n        <div class=\"vc-hoverbox-block-inner vc-hoverbox-front-inner\">\n            <h2 style=\"font-size: 30px;color: #ffffff;text-align: center;font-family:Actor;font-weight:400;font-style:normal\" class=\"vc_custom_heading\" >CONSTRUCTION MACHINERY SERVICE<\/h2>\n        <\/div>\n      <\/div>\n      <div class=\"vc-hoverbox-block vc-hoverbox-back\" style=\"background-color: #ebebeb;\">\n        <div class=\"vc-hoverbox-block-inner vc-hoverbox-back-inner\">\n            <h2 style=\"font-size: 50px;text-align: center;font-family:Rokkitt;font-weight:400;font-style:normal\" class=\"vc_custom_heading\" ><a href=\"https:\/\/hydrosprzet.pl\/en\/serwis-maszyn-budowlanych\/\" target=\" _blank\" title=\"Construction machinery service\">CONSTRUCTION MACHINERY SERVICE<\/a><\/h2>\n            \n            \n        <\/div>\n      <\/div>\n    <\/div>\n  <\/div>\n<\/div>\r\n\r\n<div class=\"wd_empty_space\" data-heightmobile=\"10\" data-heighttablet=\"10\" data-heightdesktop=\"20\">\r\n\r\n<\/div>\r\n      \r\n\r\n\r\n\r\n        \r\n      \r\n    <div class=\"vc-hoverbox-wrapper  vc-hoverbox-shape--square vc-hoverbox-align--center vc-hoverbox-direction--default vc-hoverbox-width--100\"  ontouchstart=\"\">\n  <div class=\"vc-hoverbox\">\n    <div class=\"vc-hoverbox-inner\">\n      <div class=\"vc-hoverbox-block vc-hoverbox-front\" style=\"background-image: url(https:\/\/hydrosprzet.pl\/wp-content\/uploads\/2020\/06\/REGENERACJA-PODZESPO\u0141\u00d3W-MASZYN-BUDOWLANYCH-2-1024x576.jpg);\">\n        <div class=\"vc-hoverbox-block-inner vc-hoverbox-front-inner\">\n            <h2 style=\"font-size: 30px;color: #ffffff;text-align: center;font-family:Actor;font-weight:400;font-style:normal\" class=\"vc_custom_heading\" >REGENERATION OF MACHINE COMPONENTS<\/h2>\n        <\/div>\n      <\/div>\n      <div class=\"vc-hoverbox-block vc-hoverbox-back\" style=\"background-color: #ebebeb;\">\n        <div class=\"vc-hoverbox-block-inner vc-hoverbox-back-inner\">\n            <h2 style=\"font-size: 50px;text-align: center;font-family:Rokkitt;font-weight:400;font-style:normal\" class=\"vc_custom_heading\" ><a href=\"https:\/\/hydrosprzet.pl\/en\/hydraulika-silowa\/\" target=\" _blank\" title=\"Hydraulika Si\u0142owa\">REGENERATION OF MACHINE COMPONENTS<\/a><\/h2>\n            \n            \n        <\/div>\n      <\/div>\n    <\/div>\n  <\/div>\n<\/div>\r\n\r\n<div class=\"wd_empty_space\" data-heightmobile=\"10\" data-heighttablet=\"10\" data-heightdesktop=\"20\">\r\n\r\n<\/div>\r\n      \r\n\r\n\r\n\r\n        \r\n      \r\n    <div class=\"vc-hoverbox-wrapper  vc-hoverbox-shape--square vc-hoverbox-align--center vc-hoverbox-direction--default vc-hoverbox-width--100\"  ontouchstart=\"\">\n  <div class=\"vc-hoverbox\">\n    <div class=\"vc-hoverbox-inner\">\n      <div class=\"vc-hoverbox-block vc-hoverbox-front\" style=\"background-image: url(https:\/\/hydrosprzet.pl\/wp-content\/uploads\/2020\/06\/OBR\u00d3BKA-SKRAWANIEM-TOCZENIE-FREZOWANIE-2-1024x576.jpg);\">\n        <div class=\"vc-hoverbox-block-inner vc-hoverbox-front-inner\">\n            <h2 style=\"font-size: 30px;color: #ffffff;text-align: center;font-family:Actor;font-weight:400;font-style:normal\" class=\"vc_custom_heading\" >MACHINING<\/h2>\n        <\/div>\n      <\/div>\n      <div class=\"vc-hoverbox-block vc-hoverbox-back\" style=\"background-color: #ebebeb;\">\n        <div class=\"vc-hoverbox-block-inner vc-hoverbox-back-inner\">\n            <h2 style=\"font-size: 50px;text-align: center;font-family:Rokkitt;font-weight:400;font-style:normal\" class=\"vc_custom_heading\" ><a href=\"https:\/\/hydrosprzet.pl\/en\/uslugi\/\" target=\" _blank\" title=\"Our services\">MACHINING<\/a><\/h2>\n            \n            \n        <\/div>\n      <\/div>\n    <\/div>\n  <\/div>\n<\/div>\r\n\r\n<div class=\"wd_empty_space\" data-heightmobile=\"10\" data-heighttablet=\"10\" data-heightdesktop=\"20\">\r\n\r\n<\/div>\r\n      \r\n\r\n\r\n\r\n        \r\n      \r\n    <\/div><\/div><\/div><div class=\"wpb_column vc_column_container vc_col-sm-4\"><div class=\"vc_column-inner\"><div class=\"wpb_wrapper\"><div class=\"vc-hoverbox-wrapper  vc-hoverbox-shape--square vc-hoverbox-align--center vc-hoverbox-direction--default vc-hoverbox-width--100\"  ontouchstart=\"\">\n  <div class=\"vc-hoverbox\">\n    <div class=\"vc-hoverbox-inner\">\n      <div class=\"vc-hoverbox-block vc-hoverbox-front\" style=\"background-image: url(https:\/\/hydrosprzet.pl\/wp-content\/uploads\/2020\/06\/REMONTY-MASZYN-BUDOWLANYCH-2-1024x576.jpg);\">\n        <div class=\"vc-hoverbox-block-inner vc-hoverbox-front-inner\">\n            <h2 style=\"font-size: 30px;color: #ffffff;text-align: center;font-family:Actor;font-weight:400;font-style:normal\" class=\"vc_custom_heading\" >REPAIRS OF CONSTRUCTION MACHINES<\/h2>\n        <\/div>\n      <\/div>\n      <div class=\"vc-hoverbox-block vc-hoverbox-back\" style=\"background-color: #ebebeb;\">\n        <div class=\"vc-hoverbox-block-inner vc-hoverbox-back-inner\">\n            <h2 style=\"font-size: 50px;text-align: center;font-family:Rokkitt;font-weight:400;font-style:normal\" class=\"vc_custom_heading\" ><a href=\"https:\/\/hydrosprzet.pl\/en\/onas\/odbudowa-maszyn-budowlanych\/\" target=\" _blank\" title=\"Odbudowa maszyn budowlanych\">REPAIRS OF CONSTRUCTION MACHINES<\/a><\/h2>\n            \n            \n        <\/div>\n      <\/div>\n    <\/div>\n  <\/div>\n<\/div>\r\n\r\n<div class=\"wd_empty_space\" data-heightmobile=\"10\" data-heighttablet=\"10\" data-heightdesktop=\"20\">\r\n\r\n<\/div>\r\n      \r\n\r\n\r\n\r\n        \r\n      \r\n    <div class=\"vc-hoverbox-wrapper  vc-hoverbox-shape--square vc-hoverbox-align--center vc-hoverbox-direction--default vc-hoverbox-width--100\"  ontouchstart=\"\">\n  <div class=\"vc-hoverbox\">\n    <div class=\"vc-hoverbox-inner\">\n      <div class=\"vc-hoverbox-block vc-hoverbox-front\" style=\"background-image: url(https:\/\/hydrosprzet.pl\/wp-content\/uploads\/2020\/06\/RENOWACJA-I-LAKIEROWANIE-MASZYN-BUDOWLANYCH-2-1024x576.jpg);\">\n        <div class=\"vc-hoverbox-block-inner vc-hoverbox-front-inner\">\n            <h2 style=\"font-size: 30px;color: #ffffff;text-align: center;font-family:Actor;font-weight:400;font-style:normal\" class=\"vc_custom_heading\" >RENOVATION AND VARNISHING OF MACHINES<\/h2>\n        <\/div>\n      <\/div>\n      <div class=\"vc-hoverbox-block vc-hoverbox-back\" style=\"background-color: #ebebeb;\">\n        <div class=\"vc-hoverbox-block-inner vc-hoverbox-back-inner\">\n            <h2 style=\"font-size: 50px;text-align: center;font-family:Rokkitt;font-weight:400;font-style:normal\" class=\"vc_custom_heading\" ><a href=\"https:\/\/hydrosprzet.pl\/en\/uslugi\/\" target=\" _blank\" title=\"Our services\">RENOVATION AND VARNISHING OF MACHINES<\/a><\/h2>\n            \n            \n        <\/div>\n      <\/div>\n    <\/div>\n  <\/div>\n<\/div>\r\n\r\n<div class=\"wd_empty_space\" data-heightmobile=\"10\" data-heighttablet=\"10\" data-heightdesktop=\"20\">\r\n\r\n<\/div>\r\n      \r\n\r\n\r\n\r\n        \r\n      \r\n    <div class=\"vc-hoverbox-wrapper  vc-hoverbox-shape--square vc-hoverbox-align--center vc-hoverbox-direction--default vc-hoverbox-width--100\"  ontouchstart=\"\">\n  <div class=\"vc-hoverbox\">\n    <div class=\"vc-hoverbox-inner\">\n      <div class=\"vc-hoverbox-block vc-hoverbox-front\" style=\"background-image: url(https:\/\/hydrosprzet.pl\/wp-content\/uploads\/2020\/06\/SPAWANIE-WYPALANIE-GI\u0118CIE-2-1024x576.jpg);\">\n        <div class=\"vc-hoverbox-block-inner vc-hoverbox-front-inner\">\n            <h2 style=\"font-size: 30px;color: #ffffff;text-align: center;font-family:Actor;font-weight:400;font-style:normal\" class=\"vc_custom_heading\" >MECHANICAL MACHINING<\/h2>\n        <\/div>\n      <\/div>\n      <div class=\"vc-hoverbox-block vc-hoverbox-back\" style=\"background-color: #ebebeb;\">\n        <div class=\"vc-hoverbox-block-inner vc-hoverbox-back-inner\">\n            <h2 style=\"font-size: 50px;text-align: center;font-family:Rokkitt;font-weight:400;font-style:normal\" class=\"vc_custom_heading\" ><a href=\"https:\/\/hydrosprzet.pl\/en\/lyzki-do-maszyn-budowlanych\/\" target=\" _blank\" title=\"\u0141y\u017cki do maszyn budowlanych\">MECHANICAL MACHINING<\/a><\/h2>\n            \n            \n        <\/div>\n      <\/div>\n    <\/div>\n  <\/div>\n<\/div>\r\n\r\n<div class=\"wd_empty_space\" data-heightmobile=\"10\" data-heighttablet=\"10\" data-heightdesktop=\"20\">\r\n\r\n<\/div>\r\n      \r\n\r\n\r\n\r\n        \r\n      \r\n    <\/div><\/div><\/div><\/div><div class=\"vc_row wpb_row vc_row-fluid\" ><div class=\"wpb_column vc_column_container vc_col-sm-12\"><div class=\"vc_column-inner\"><div class=\"wpb_wrapper\">\n\t<div class=\"wpb_text_column wpb_content_element\" >\n\t\t<div class=\"wpb_wrapper\">\n\t\t\t<p><span style=\"color: #ffffff;\">construction machinery repairs <a style=\"color: #ffffff;\" href=\"https:\/\/hydrosprzet.otomoto.pl\/\">otomoto<\/a><\/span><\/p>\n<p><span style=\"color: #ffffff;\">construction machinery repairs <a style=\"color: #ffffff;\" href=\"https:\/\/hydrosprzet.pl\/en\/hydraulika-silowa\/\">hydrosprzet<\/a><\/span><\/p>\n<p><span style=\"color: #ffffff;\">construction machinery repairs<\/span><\/p>\n\n\t\t<\/div>\n\t<\/div>\n<\/div><\/div><\/div><\/div><div class=\"vc_row wpb_row vc_row-fluid\" ><div class=\"wpb_column vc_column_container vc_col-sm-12\"><div class=\"vc_column-inner\"><div class=\"wpb_wrapper\">\r\n\r\n<div class=\"wd_empty_space\" data-heightmobile=\"10\" data-heighttablet=\"10\" data-heightdesktop=\"20\">\r\n\r\n<\/div>\r\n      \r\n\r\n\r\n\r\n        \r\n      \r\n    <\/div><\/div><\/div><\/div>","protected":false},"excerpt":{"rendered":"PRACUJEMY DLA WAS... SPRZEDA\u017b MASZYN BUDOWLANYCH SPRZEDA\u017b MASZYN BUDOWLANYCH REMONTY I NAPRAWY SILNIK\u00d3W REMONTY I NAPRAWY SILNIK\u00d3W SPRZEDA\u017b CZ\u0118\u015aCI ZAMIENNYCH SPRZEDA\u017b CZ\u0118\u015aCI ZAMIENNYCH SERWIS MASZYN BUDOWLANYCH SERWIS MASZYN BUDOWLANYCH REGENERACJA PODZESPO\u0141\u00d3W MASZYN REGENERACJA PODZESPO\u0141\u00d3W MASZYN OBR\u00d3BKA SKRAWANIEM OBR\u00d3BKA SKRAWANIEM REMONTY MASZYN BUDOWLANYCH REMONTY MASZYN BUDOWLANYCH RENOWACJA I LAKIEROWANIE MASZYN RENOWACJA I LAKIEROWANIE MASZYN OBR\u00d3BKA MECHANICZNA [...]","protected":false},"author":1,"featured_media":0,"parent":0,"menu_order":0,"comment_status":"closed","ping_status":"closed","template":"","meta":[],"yoast_head":"<!-- This site is optimized with the Yoast SEO plugin v17.3 - https:\/\/yoast.com\/wordpress\/plugins\/seo\/ -->\n<title>Remonty maszyn budowlanych - Nasze us\u0142ugi - Hydrosprz\u0119t<\/title>\n<meta name=\"description\" content=\"Remonty maszyn budowlanych - Jest to jeden z g\u0142\u00f3wnych profili dzia\u0142alno\u015bci firmy Hydrosprz\u0119t - przywracamy maszyn\u0119 do 100% funkcjonalno\u015bci.\" \/>\n<meta name=\"robots\" content=\"index, follow, max-snippet:-1, max-image-preview:large, max-video-preview:-1\" \/>\n<link rel=\"canonical\" href=\"https:\/\/hydrosprzet.pl\/en\/nasze-uslugi\/\" \/>\n<meta property=\"og:locale\" content=\"en_US\" \/>\n<meta property=\"og:type\" content=\"article\" \/>\n<meta property=\"og:title\" content=\"Remonty maszyn budowlanych - Nasze us\u0142ugi - Hydrosprz\u0119t\" \/>\n<meta property=\"og:description\" content=\"Remonty maszyn budowlanych - Jest to jeden z g\u0142\u00f3wnych profili dzia\u0142alno\u015bci firmy Hydrosprz\u0119t - przywracamy maszyn\u0119 do 100% funkcjonalno\u015bci.\" \/>\n<meta property=\"og:url\" content=\"https:\/\/hydrosprzet.pl\/en\/nasze-uslugi\/\" \/>\n<meta property=\"og:site_name\" content=\"Hydrosprz\u0119t\" \/>\n<meta property=\"article:modified_time\" content=\"2021-02-23T07:48:07+00:00\" \/>\n<meta name=\"twitter:card\" content=\"summary_large_image\" \/>\n<meta name=\"twitter:label1\" content=\"Est. reading time\" \/>\n\t<meta name=\"twitter:data1\" content=\"1 minute\" \/>\n<script type=\"application\/ld+json\" class=\"yoast-schema-graph\">{\"@context\":\"https:\/\/schema.org\",\"@graph\":[{\"@type\":\"WebSite\",\"@id\":\"https:\/\/hydrosprzet.pl\/#website\",\"url\":\"https:\/\/hydrosprzet.pl\/\",\"name\":\"Hydrosprz\\u0119t\",\"description\":\"Maszyny budowlane\",\"potentialAction\":[{\"@type\":\"SearchAction\",\"target\":{\"@type\":\"EntryPoint\",\"urlTemplate\":\"https:\/\/hydrosprzet.pl\/?s={search_term_string}\"},\"query-input\":\"required name=search_term_string\"}],\"inLanguage\":\"en-US\"},{\"@type\":\"WebPage\",\"@id\":\"https:\/\/hydrosprzet.pl\/nasze-uslugi\/#webpage\",\"url\":\"https:\/\/hydrosprzet.pl\/nasze-uslugi\/\",\"name\":\"Remonty maszyn budowlanych - Nasze us\\u0142ugi - Hydrosprz\\u0119t\",\"isPartOf\":{\"@id\":\"https:\/\/hydrosprzet.pl\/#website\"},\"datePublished\":\"2020-06-15T07:16:35+00:00\",\"dateModified\":\"2021-02-23T07:48:07+00:00\",\"description\":\"Remonty maszyn budowlanych - Jest to jeden z g\\u0142\\u00f3wnych profili dzia\\u0142alno\\u015bci firmy Hydrosprz\\u0119t - przywracamy maszyn\\u0119 do 100% funkcjonalno\\u015bci.\",\"breadcrumb\":{\"@id\":\"https:\/\/hydrosprzet.pl\/nasze-uslugi\/#breadcrumb\"},\"inLanguage\":\"en-US\",\"potentialAction\":[{\"@type\":\"ReadAction\",\"target\":[\"https:\/\/hydrosprzet.pl\/nasze-uslugi\/\"]}]},{\"@type\":\"BreadcrumbList\",\"@id\":\"https:\/\/hydrosprzet.pl\/nasze-uslugi\/#breadcrumb\",\"itemListElement\":[{\"@type\":\"ListItem\",\"position\":1,\"name\":\"Strona g\\u0142\\u00f3wna\",\"item\":\"https:\/\/hydrosprzet.pl\/\"},{\"@type\":\"ListItem\",\"position\":2,\"name\":\"Nasze us\\u0142ugi\"}]}]}<\/script>\n<!-- \/ Yoast SEO plugin. -->","yoast_head_json":{"title":"Remonty maszyn budowlanych - Nasze us\u0142ugi - Hydrosprz\u0119t","description":"Remonty maszyn budowlanych - Jest to jeden z g\u0142\u00f3wnych profili dzia\u0142alno\u015bci firmy Hydrosprz\u0119t - przywracamy maszyn\u0119 do 100% funkcjonalno\u015bci.","robots":{"index":"index","follow":"follow","max-snippet":"max-snippet:-1","max-image-preview":"max-image-preview:large","max-video-preview":"max-video-preview:-1"},"canonical":"https:\/\/hydrosprzet.pl\/en\/nasze-uslugi\/","og_locale":"en_US","og_type":"article","og_title":"Remonty maszyn budowlanych - Nasze us\u0142ugi - Hydrosprz\u0119t","og_description":"Remonty maszyn budowlanych - Jest to jeden z g\u0142\u00f3wnych profili dzia\u0142alno\u015bci firmy Hydrosprz\u0119t - przywracamy maszyn\u0119 do 100% funkcjonalno\u015bci.","og_url":"https:\/\/hydrosprzet.pl\/en\/nasze-uslugi\/","og_site_name":"Hydrosprz\u0119t","article_modified_time":"2021-02-23T07:48:07+00:00","twitter_card":"summary_large_image","twitter_misc":{"Est. reading time":"1 minute"},"schema":{"@context":"https:\/\/schema.org","@graph":[{"@type":"WebSite","@id":"https:\/\/hydrosprzet.pl\/#website","url":"https:\/\/hydrosprzet.pl\/","name":"Hydrosprz\u0119t","description":"Maszyny budowlane","potentialAction":[{"@type":"SearchAction","target":{"@type":"EntryPoint","urlTemplate":"https:\/\/hydrosprzet.pl\/?s={search_term_string}"},"query-input":"required name=search_term_string"}],"inLanguage":"en-US"},{"@type":"WebPage","@id":"https:\/\/hydrosprzet.pl\/nasze-uslugi\/#webpage","url":"https:\/\/hydrosprzet.pl\/nasze-uslugi\/","name":"Remonty maszyn budowlanych - Nasze us\u0142ugi - Hydrosprz\u0119t","isPartOf":{"@id":"https:\/\/hydrosprzet.pl\/#website"},"datePublished":"2020-06-15T07:16:35+00:00","dateModified":"2021-02-23T07:48:07+00:00","description":"Remonty maszyn budowlanych - Jest to jeden z g\u0142\u00f3wnych profili dzia\u0142alno\u015bci firmy Hydrosprz\u0119t - przywracamy maszyn\u0119 do 100% funkcjonalno\u015bci.","breadcrumb":{"@id":"https:\/\/hydrosprzet.pl\/nasze-uslugi\/#breadcrumb"},"inLanguage":"en-US","potentialAction":[{"@type":"ReadAction","target":["https:\/\/hydrosprzet.pl\/nasze-uslugi\/"]}]},{"@type":"BreadcrumbList","@id":"https:\/\/hydrosprzet.pl\/nasze-uslugi\/#breadcrumb","itemListElement":[{"@type":"ListItem","position":1,"name":"Strona g\u0142\u00f3wna","item":"https:\/\/hydrosprzet.pl\/"},{"@type":"ListItem","position":2,"name":"Nasze us\u0142ugi"}]}]}},"_links":{"self":[{"href":"https:\/\/hydrosprzet.pl\/en\/wp-json\/wp\/v2\/pages\/6255"}],"collection":[{"href":"https:\/\/hydrosprzet.pl\/en\/wp-json\/wp\/v2\/pages"}],"about":[{"href":"https:\/\/hydrosprzet.pl\/en\/wp-json\/wp\/v2\/types\/page"}],"author":[{"embeddable":true,"href":"https:\/\/hydrosprzet.pl\/en\/wp-json\/wp\/v2\/users\/1"}],"replies":[{"embeddable":true,"href":"https:\/\/hydrosprzet.pl\/en\/wp-json\/wp\/v2\/comments?post=6255"}],"version-history":[{"count":39,"href":"https:\/\/hydrosprzet.pl\/en\/wp-json\/wp\/v2\/pages\/6255\/revisions"}],"predecessor-version":[{"id":7011,"href":"https:\/\/hydrosprzet.pl\/en\/wp-json\/wp\/v2\/pages\/6255\/revisions\/7011"}],"wp:attachment":[{"href":"https:\/\/hydrosprzet.pl\/en\/wp-json\/wp\/v2\/media?parent=6255"}],"curies":[{"name":"wp","href":"https:\/\/api.w.org\/{rel}","templated":true}]}}