{"id":6011,"date":"2020-04-09T09:32:39","date_gmt":"2020-04-09T07:32:39","guid":{"rendered":"https:\/\/hydrosprzet.pl\/?page_id=6011"},"modified":"2020-04-09T09:32:41","modified_gmt":"2020-04-09T07:32:41","slug":"rodo","status":"publish","type":"page","link":"https:\/\/hydrosprzet.pl\/en\/rodo\/","title":{"rendered":"Rodo"},"content":{"rendered":"<h2><strong>Klauzula informacyjna dla klient\u00f3w<\/strong><\/h2>\n\n\n\n<p>Szanowni Pa\u0144stwo,<\/p>\n\n\n\n<p>wykonuj\u0105c obowi\u0105zek wynikaj\u0105cy z art. 13 ust. 1 i ust. 2 og\u00f3lnego rozporz\u0105dzenia o ochronie danych osobowych z dnia 27 kwietnia 2016 r. (Dz. Urz. L 119\/1, 4\/05\/2016) \u2014 zwanym dalej jako RODO \u2013 informujemy, i\u017c:<\/p>\n\n\n\n<ul><li>Administratorem Danych Osobowych Klient\u00f3w jest\u00a0<strong>Hydrosprz\u0119t Kukla Sp\u00f3\u0142ka Jawna, \u0141\u0105kta Dolna 247, 32-733 Trzciana<\/strong><\/li><\/ul>\n\n\n\n<ul><li>Dane osobowe Klient\u00f3w przetwarzane b\u0119d\u0105 w nast\u0119puj\u0105cych celach:<ul><li>realizacja procesu sprzeda\u017cy i wykonanie zawartych um\u00f3w \u2013 na podstawie art. 6 ust. 1 lit. b i c RODO<\/li><li>realizacja procesu reklamacji \u2014 na podstawie art. 6 ust. 1 lit. c RODO<\/li><li>archiwizacja (cele dowodowe) na wypadek prawnej potrzeby wykazania fakt\u00f3w, kt\u00f3ry jest prawnie uzasadnionym interesem Administratora Danych Osobowych \u2014 na podstawie art. 6 ust. 1 lit. f RODO<\/li><li>ewentualne ustalenie, dochodzenie lub obrona przed roszczeniami b\u0119d\u0105cymi realizacj\u0105 prawnie uzasadnionego interesu Administratora Danych Osobowych \u2013 na podstawie art.6 ust.l lit. f RODO<\/li><li>realizacja obowi\u0105zk\u00f3w prawnych, w tym przechowywanie danych dotycz\u0105cych korespondencji elektronicznej\/ pocztowej na potrzeby przysz\u0142ych post\u0119powa\u0144 uprawnionych organ\u00f3w \u2014 na podstawie art. 6 ust. 1 lit. c RODO<\/li><\/ul><\/li><\/ul>\n\n\n\n<ul><li>Dane osobowe Klient\u00f3w przekazywane b\u0119d\u0105:<ul><li>naszym wsp\u00f3\u0142pracownikom, \u015bwiadcz\u0105cym us\u0142ugi zarz\u0105dzania systemem informatycznym<\/li><li>podmiotom \u015bwiadcz\u0105cym us\u0142ugi doradcze i konsultacyjne<\/li><li>podmiotom \u015bwiadcz\u0105cym us\u0142ugi kurierskie, spedycyjne oraz pocztowe (w celu prowadzenia niezb\u0119dnej korespondencji oraz realizacji dostawy)<\/li><li>dane osobowe mog\u0105 by\u0107 udost\u0119pnione podmiotom i organom upowa\u017cnionym do przetwarzania tych danych na podstawie przepis\u00f3w prawa.<\/li><\/ul><\/li><\/ul>\n\n\n\n<ul><li>Dane osobowe Klient\u00f3w b\u0119d\u0105 przechowywane przez nast\u0119puj\u0105cy okres:<\/li><li>realizacja procesu sprzeda\u017cy \u2013 przez czas wykonania tych obowi\u0105zk\u00f3w<\/li><li>realizacja procesu reklamacji \u2013 przez okres niezb\u0119dny do realizacji tego celu<\/li><li>cele archiwalne \u2013 przez okres niezb\u0119dny do realizacji tego celu<\/li><li>ustalenia, dochodzenia lub obrony przed roszczeniami \u2013 przez okres niezb\u0119dny do realizacji tego celu<\/li><li>realizacja obowi\u0105zk\u00f3w prawnych na czas, w kt\u00f3rym mo\u017cemy ponie\u015b\u0107 konsekwencje niewykonania obowi\u0105zku.<\/li><\/ul>\n\n\n\n<ul><li>Klient posiada prawo dost\u0119pu do tre\u015bci swoich danych oraz prawo ich sprostowania, usuni\u0119cia lub ograniczenia przetwarzania. Posiada r\u00f3wnie\u017c prawo do przenoszenia danych, prawo wniesienia sprzeciwu.<\/li><\/ul>\n\n\n\n<ul><li>Klient ma prawo wniesienia skargi do organu nadzorczego, gdy uzna, i\u017c przetwarzanie danych osobowych jego dotycz\u0105cych narusza przepisy og\u00f3lnego rozporz\u0105dzenia o ochronie danych osobowych z dnia 27 kwietnia 2016 r.;<\/li><\/ul>\n\n\n\n<ul><li>Podanie przez Klienta danych osobowych jest dobrowolne, jednak\u017ce brak ich podania uniemo\u017cliwi nam nawi\u0105zanie i utrzymywanie relacji handlowych.<\/li><\/ul>\n\n\n\n<ul><li>Dane osobowe Klienta nie b\u0119d\u0105 przedmiotem proces\u00f3w, w ramach kt\u00f3rych mia\u0142oby doj\u015b\u0107 do zautomatyzowanego podejmowania decyzji, w tym profilowania.<\/li><\/ul>\n\n\n\n<h2><strong>KLAUZULA INFORMACYJNA dot. MONITORINGU WIZYJNEGO (zgodnie z przepisami RODO)<\/strong><\/h2>\n\n\n\n<p>Informujemy, \u017ce na terenie firmy Hydrosprz\u0119t Sp\u00f3\u0142ka Jawna stosowany jest MONITORING WIZYJNY<\/p>\n\n\n\n<p>O stosowaniu Monitoringu Wizyjnego informuj\u0105 widoczne tabliczki lub plakietki umieszczonej bezpo\u015brednio w miejscu zbierania danych (wizerunku) np. na drzwiach wej\u015bciowych, tablicy og\u0142osze\u0144 lub na zapleczu.<\/p>\n\n\n\n<p>Administratorem Pani \/ Pana danych osobowych (wizerunek) jest Hydrosprz\u0119t Sp\u00f3\u0142ka Jawna<\/p>\n\n\n\n<p>Pa\u0144stwa dane osobowe s\u0105 przetwarzane w celu zapewnienia bezpiecze\u0144stwa i porz\u0105dku na terenie obiektu.<\/p>\n\n\n\n<p>Kontakt z administratorem jest mo\u017cliwy za po\u015brednictwem naszej strony internetowej&nbsp;<a href=\"https:\/\/hydrosprzet.pl\/en\/\">www.hydrosprzet.pl<\/a>&nbsp;lub listownie na adres \u0141\u0105kta Dolna 247, 32-733 Trzciana.<\/p>\n\n\n\n<p>Pani \/ Pana dane osobowe b\u0119d\u0105 przetwarzane w celu zapewnienia bezpiecze\u0144stwa i porz\u0105dku na terenie obiektu \u2013 podstaw\u0105 przetwarzania jest uzasadniony interes administratora (art. 6 ust. 1 lit. f RODO). Prawnie uzasadnionym interesem realizowanym przez administratora jest zapewnienie bezpiecze\u0144stwa osobom przebywaj\u0105cym w budynkach oraz na terenie zarz\u0105dzanym przez administratora danych, w tym zapewnienie bezpiecze\u0144stwa pracownikom oraz zapewnienie bezpiecze\u0144stwa mienia administratora, pracownik\u00f3w i go\u015bci.<\/p>\n\n\n\n<p>Pani \/ Pana dane osobowe mog\u0105 by\u0107 przekazywane podmiotom \u015bwiadcz\u0105cym us\u0142ugi na rzecz administratora w zwi\u0105zku z prowadzeniem monitoringu (w tym podmiotom \u015bwiadcz\u0105cym us\u0142ugi w zakresie obs\u0142ugi recepcji, ochrony os\u00f3b i mienia, dostawcom system\u00f3w CCTV (monitoringu) oraz organom porz\u0105dkowym i administracyjnym zgodnie z obowi\u0105zuj\u0105cymi przepisami prawa.<\/p>\n\n\n\n<p>Pani \/ Pana dane osobowe b\u0119d\u0105 przetwarzane przez okres do 3 m-cy od dnia wizyty. Okres przetwarzania mo\u017ce zosta\u0107 ka\u017cdorazowo przed\u0142u\u017cony o okres przedawnienia roszcze\u0144, je\u017celi przetwarzanie Pani \/ Pana danych osobowych b\u0119dzie niezb\u0119dne do ustalenia lub dochodzenia ewentualnych roszcze\u0144 albo obrony przed takimi roszczeniami przez Administratora.<\/p>\n\n\n\n<p>Przys\u0142uguje Pani \/ Panu prawo dost\u0119pu do Pani \/ Pana danych oraz prawo \u017c\u0105dania ich sprostowania, ich usuni\u0119cia oraz ograniczenia ich przetwarzania. Przys\u0142uguje Pani \/ Panu tak\u017ce prawo wniesienia skargi do organu nadzorczego zajmuj\u0105cego si\u0119 ochron\u0105 danych osobowych w pa\u0144stwie cz\u0142onkowskim Pani \/ Pana zwyk\u0142ego pobytu, miejsca pracy lub miejsca pope\u0142nienia domniemanego naruszenia. Przys\u0142uguje Pani \/ Panu prawo do wniesienia sprzeciwu wzgl\u0119dem przetwarzania danych osobowych w celu okre\u015blonym powy\u017cej, z przyczyn zwi\u0105zanych z Pani \/ Pana szczeg\u00f3ln\u0105 sytuacj\u0105.<\/p>\n\n\n\n<p>Podanie danych jest dobrowolne, ale ich niepodanie b\u0119dzie zwi\u0105zane z brakiem zgody na wej\u015bcie na teren obiektu obj\u0119tego monitoringiem.<\/p>","protected":false},"excerpt":{"rendered":"<p>Klauzula informacyjna dla klient\u00f3w Szanowni Pa\u0144stwo, wykonuj\u0105c obowi\u0105zek wynikaj\u0105cy z art. 13 ust. 1 i ust. 2 og\u00f3lnego rozporz\u0105dzenia o ochronie danych osobowych z dnia 27 kwietnia 2016 r. (Dz. Urz. L 119\/1, 4\/05\/2016) \u2014 zwanym dalej jako RODO \u2013 informujemy, i\u017c: Administratorem Danych Osobowych Klient\u00f3w jest\u00a0Hydrosprz\u0119t Kukla Sp\u00f3\u0142ka Jawna, \u0141\u0105kta Dolna 247, 32-733 Trzciana [&hellip;]<\/p>","protected":false},"author":1,"featured_media":0,"parent":0,"menu_order":0,"comment_status":"closed","ping_status":"closed","template":"","meta":[],"yoast_head":"<!-- This site is optimized with the Yoast SEO plugin v17.3 - https:\/\/yoast.com\/wordpress\/plugins\/seo\/ -->\n<title>Rodo - Hydrosprz\u0119t<\/title>\n<meta name=\"robots\" content=\"index, follow, max-snippet:-1, max-image-preview:large, max-video-preview:-1\" \/>\n<link rel=\"canonical\" href=\"https:\/\/hydrosprzet.pl\/en\/rodo\/\" \/>\n<meta property=\"og:locale\" content=\"en_US\" \/>\n<meta property=\"og:type\" content=\"article\" \/>\n<meta property=\"og:title\" content=\"Rodo - Hydrosprz\u0119t\" \/>\n<meta property=\"og:description\" content=\"Klauzula informacyjna dla klient\u00f3w Szanowni Pa\u0144stwo, wykonuj\u0105c obowi\u0105zek wynikaj\u0105cy z art. 13 ust. 1 i ust. 2 og\u00f3lnego rozporz\u0105dzenia o ochronie danych osobowych z dnia 27 kwietnia 2016 r. (Dz. Urz. L 119\/1, 4\/05\/2016) \u2014 zwanym dalej jako RODO \u2013 informujemy, i\u017c: Administratorem Danych Osobowych Klient\u00f3w jest\u00a0Hydrosprz\u0119t Kukla Sp\u00f3\u0142ka Jawna, \u0141\u0105kta Dolna 247, 32-733 Trzciana [&hellip;]\" \/>\n<meta property=\"og:url\" content=\"https:\/\/hydrosprzet.pl\/en\/rodo\/\" \/>\n<meta property=\"og:site_name\" content=\"Hydrosprz\u0119t\" \/>\n<meta property=\"article:modified_time\" content=\"2020-04-09T07:32:41+00:00\" \/>\n<meta name=\"twitter:card\" content=\"summary_large_image\" \/>\n<meta name=\"twitter:label1\" content=\"Est. reading time\" \/>\n\t<meta name=\"twitter:data1\" content=\"4 minutes\" \/>\n<script type=\"application\/ld+json\" class=\"yoast-schema-graph\">{\"@context\":\"https:\/\/schema.org\",\"@graph\":[{\"@type\":\"WebSite\",\"@id\":\"https:\/\/hydrosprzet.pl\/#website\",\"url\":\"https:\/\/hydrosprzet.pl\/\",\"name\":\"Hydrosprz\\u0119t\",\"description\":\"Maszyny budowlane\",\"potentialAction\":[{\"@type\":\"SearchAction\",\"target\":{\"@type\":\"EntryPoint\",\"urlTemplate\":\"https:\/\/hydrosprzet.pl\/?s={search_term_string}\"},\"query-input\":\"required name=search_term_string\"}],\"inLanguage\":\"en-US\"},{\"@type\":\"WebPage\",\"@id\":\"https:\/\/hydrosprzet.pl\/rodo\/#webpage\",\"url\":\"https:\/\/hydrosprzet.pl\/rodo\/\",\"name\":\"Rodo - Hydrosprz\\u0119t\",\"isPartOf\":{\"@id\":\"https:\/\/hydrosprzet.pl\/#website\"},\"datePublished\":\"2020-04-09T07:32:39+00:00\",\"dateModified\":\"2020-04-09T07:32:41+00:00\",\"breadcrumb\":{\"@id\":\"https:\/\/hydrosprzet.pl\/rodo\/#breadcrumb\"},\"inLanguage\":\"en-US\",\"potentialAction\":[{\"@type\":\"ReadAction\",\"target\":[\"https:\/\/hydrosprzet.pl\/rodo\/\"]}]},{\"@type\":\"BreadcrumbList\",\"@id\":\"https:\/\/hydrosprzet.pl\/rodo\/#breadcrumb\",\"itemListElement\":[{\"@type\":\"ListItem\",\"position\":1,\"name\":\"Strona g\\u0142\\u00f3wna\",\"item\":\"https:\/\/hydrosprzet.pl\/\"},{\"@type\":\"ListItem\",\"position\":2,\"name\":\"Rodo\"}]}]}<\/script>\n<!-- \/ Yoast SEO plugin. -->","yoast_head_json":{"title":"Rodo - Hydrosprz\u0119t","robots":{"index":"index","follow":"follow","max-snippet":"max-snippet:-1","max-image-preview":"max-image-preview:large","max-video-preview":"max-video-preview:-1"},"canonical":"https:\/\/hydrosprzet.pl\/en\/rodo\/","og_locale":"en_US","og_type":"article","og_title":"Rodo - Hydrosprz\u0119t","og_description":"Klauzula informacyjna dla klient\u00f3w Szanowni Pa\u0144stwo, wykonuj\u0105c obowi\u0105zek wynikaj\u0105cy z art. 13 ust. 1 i ust. 2 og\u00f3lnego rozporz\u0105dzenia o ochronie danych osobowych z dnia 27 kwietnia 2016 r. (Dz. Urz. L 119\/1, 4\/05\/2016) \u2014 zwanym dalej jako RODO \u2013 informujemy, i\u017c: Administratorem Danych Osobowych Klient\u00f3w jest\u00a0Hydrosprz\u0119t Kukla Sp\u00f3\u0142ka Jawna, \u0141\u0105kta Dolna 247, 32-733 Trzciana [&hellip;]","og_url":"https:\/\/hydrosprzet.pl\/en\/rodo\/","og_site_name":"Hydrosprz\u0119t","article_modified_time":"2020-04-09T07:32:41+00:00","twitter_card":"summary_large_image","twitter_misc":{"Est. reading time":"4 minutes"},"schema":{"@context":"https:\/\/schema.org","@graph":[{"@type":"WebSite","@id":"https:\/\/hydrosprzet.pl\/#website","url":"https:\/\/hydrosprzet.pl\/","name":"Hydrosprz\u0119t","description":"Maszyny budowlane","potentialAction":[{"@type":"SearchAction","target":{"@type":"EntryPoint","urlTemplate":"https:\/\/hydrosprzet.pl\/?s={search_term_string}"},"query-input":"required name=search_term_string"}],"inLanguage":"en-US"},{"@type":"WebPage","@id":"https:\/\/hydrosprzet.pl\/rodo\/#webpage","url":"https:\/\/hydrosprzet.pl\/rodo\/","name":"Rodo - Hydrosprz\u0119t","isPartOf":{"@id":"https:\/\/hydrosprzet.pl\/#website"},"datePublished":"2020-04-09T07:32:39+00:00","dateModified":"2020-04-09T07:32:41+00:00","breadcrumb":{"@id":"https:\/\/hydrosprzet.pl\/rodo\/#breadcrumb"},"inLanguage":"en-US","potentialAction":[{"@type":"ReadAction","target":["https:\/\/hydrosprzet.pl\/rodo\/"]}]},{"@type":"BreadcrumbList","@id":"https:\/\/hydrosprzet.pl\/rodo\/#breadcrumb","itemListElement":[{"@type":"ListItem","position":1,"name":"Strona g\u0142\u00f3wna","item":"https:\/\/hydrosprzet.pl\/"},{"@type":"ListItem","position":2,"name":"Rodo"}]}]}},"_links":{"self":[{"href":"https:\/\/hydrosprzet.pl\/en\/wp-json\/wp\/v2\/pages\/6011"}],"collection":[{"href":"https:\/\/hydrosprzet.pl\/en\/wp-json\/wp\/v2\/pages"}],"about":[{"href":"https:\/\/hydrosprzet.pl\/en\/wp-json\/wp\/v2\/types\/page"}],"author":[{"embeddable":true,"href":"https:\/\/hydrosprzet.pl\/en\/wp-json\/wp\/v2\/users\/1"}],"replies":[{"embeddable":true,"href":"https:\/\/hydrosprzet.pl\/en\/wp-json\/wp\/v2\/comments?post=6011"}],"version-history":[{"count":1,"href":"https:\/\/hydrosprzet.pl\/en\/wp-json\/wp\/v2\/pages\/6011\/revisions"}],"predecessor-version":[{"id":6012,"href":"https:\/\/hydrosprzet.pl\/en\/wp-json\/wp\/v2\/pages\/6011\/revisions\/6012"}],"wp:attachment":[{"href":"https:\/\/hydrosprzet.pl\/en\/wp-json\/wp\/v2\/media?parent=6011"}],"curies":[{"name":"wp","href":"https:\/\/api.w.org\/{rel}","templated":true}]}}