{"id":6007,"date":"2020-04-09T09:21:59","date_gmt":"2020-04-09T07:21:59","guid":{"rendered":"https:\/\/hydrosprzet.pl\/?page_id=6007"},"modified":"2021-04-16T07:40:07","modified_gmt":"2021-04-16T05:40:07","slug":"zgloszenie-serwisowe","status":"publish","type":"page","link":"https:\/\/hydrosprzet.pl\/en\/zgloszenie-serwisowe\/","title":{"rendered":"Service request"},"content":{"rendered":"<div class=\"caldera-grid\" id=\"caldera_form_1\" data-cf-ver=\"1.9.4\" data-cf-form-id=\"CF5e7b277c2bbfb\"><div id=\"caldera_notices_1\" data-spinner=\"https:\/\/hydrosprzet.pl\/wp-admin\/images\/spinner.gif\"><\/div><form data-instance=\"1\" class=\"CF5e7b277c2bbfb caldera_forms_form cfajax-trigger\" method=\"POST\" enctype=\"multipart\/form-data\" id=\"CF5e7b277c2bbfb_1\" data-form-id=\"CF5e7b277c2bbfb\" aria-label=\"Service request\" data-target=\"#caldera_notices_1\" data-template=\"#cfajax_CF5e7b277c2bbfb-tmpl\" data-cfajax=\"CF5e7b277c2bbfb\" data-load-element=\"_parent\" data-load-class=\"cf_processing\" data-post-disable=\"0\" data-action=\"cf_process_ajax_submit\" data-request=\"https:\/\/hydrosprzet.pl\/en\/cf-api\/CF5e7b277c2bbfb\" data-hiderows=\"true\" action=\"\">\r\n<input type=\"hidden\" id=\"_cf_verify_CF5e7b277c2bbfb\" name=\"_cf_verify\" value=\"aa88e7f8da\"  data-nonce-time=\"1776229971\" \/><input type=\"hidden\" name=\"_wp_http_referer\" value=\"\/en\/wp-json\/wp\/v2\/pages\/6007\" \/><div id=\"cf2-CF5e7b277c2bbfb_1\"><\/div><input type=\"hidden\" name=\"_cf_frm_id\" value=\"CF5e7b277c2bbfb\">\r\n<input type=\"hidden\" name=\"_cf_frm_ct\" value=\"1\">\r\n<input type=\"hidden\" name=\"cfajax\" value=\"CF5e7b277c2bbfb\">\r\n<input type=\"hidden\" name=\"_cf_cr_pst\" value=\"6007\">\r\n<div class=\"hide\" style=\"display:none; overflow:hidden;height:0;width:0;\">\r\n<label>Name<\/label><input type=\"text\" name=\"name\" value=\"\" autocomplete=\"off\">\r\n<\/div><div id=\"CF5e7b277c2bbfb_1-row-1\"  class=\"row  first_row\"><div  class=\"col-sm-12  single\"><div data-field-wrapper=\"fld_7038273\" class=\"form-group\" id=\"fld_7038273_1-wrap\">\r\n<label id=\"fld_7038273Label\" for=\"fld_7038273_1\" class=\"control-label\">Zg\u0142oszenie <span aria-hidden=\"true\" role=\"presentation\" class=\"field_required\" style=\"color:#ee0000;\">*<\/span><\/label>\r\n<div class=\"\">\r\n\t\t\t\t<label class=\"radio-inline\" data-label=\"Awarii\" for=\"fld_7038273_1_opt1651534\"><input type=\"radio\" id=\"fld_7038273_1_opt1651534\" data-field=\"fld_7038273\" class=\"fld_7038273_1 option-required\" name=\"fld_7038273\" value=\"Awarii\"   required=\"required\" data-radio-field=\"fld_7038273_1\" data-type=\"radio\" data-calc-value=\"Awarii\" \/>\n\t\t\tAwarii\t\t<\/label>\n\t\t\t\t\t\t\t\t<label class=\"radio-inline\" data-label=\"Przegl\u0105du\" for=\"fld_7038273_1_opt1074290\"><input type=\"radio\" id=\"fld_7038273_1_opt1074290\" data-field=\"fld_7038273\" class=\"fld_7038273_1 option-required\" name=\"fld_7038273\" value=\"Przegl\u0105du\"   required=\"required\" data-radio-field=\"fld_7038273_1\" data-type=\"radio\" data-calc-value=\"Przegl\u0105du\" \/>\n\t\t\tPrzegl\u0105du\t\t<\/label>\n\t\t\t\t<\/div>\r\n<\/div>\r\n<\/div><\/div><div id=\"CF5e7b277c2bbfb_1-row-2\"  class=\"row\"><div  class=\"col-sm-4  first_col\"><div data-field-wrapper=\"fld_8768091\" class=\"form-group\" id=\"fld_8768091_1-wrap\">\r\n\t<label id=\"fld_8768091Label\" for=\"fld_8768091_1\" class=\"control-label\">Nazwa firmy <span aria-hidden=\"true\" role=\"presentation\" class=\"field_required\" style=\"color:#ee0000;\">*<\/span><\/label>\r\n\t<div class=\"\">\r\n\t\t<input   required type=\"text\" data-field=\"fld_8768091\" class=\"form-control\" id=\"fld_8768091_1\" name=\"fld_8768091\" value=\"\" data-type=\"text\" aria-required=\"true\"   aria-labelledby=\"fld_8768091Label\" >\t\t\t<\/div>\r\n<\/div>\r\n<div data-field-wrapper=\"fld_7125199\" class=\"form-group\" id=\"fld_7125199_1-wrap\">\r\n\t<label id=\"fld_7125199Label\" for=\"fld_7125199_1\" class=\"control-label\">Tel. kontaktowy osoby odpowiedzialnej za maszyn\u0119 <span aria-hidden=\"true\" role=\"presentation\" class=\"field_required\" style=\"color:#ee0000;\">*<\/span><\/label>\r\n\t<div class=\"\">\r\n\t\t<input   required type=\"text\" data-field=\"fld_7125199\" class=\"form-control\" id=\"fld_7125199_1\" name=\"fld_7125199\" value=\"\" data-type=\"text\" aria-required=\"true\"   aria-labelledby=\"fld_7125199Label\" >\t\t\t<\/div>\r\n<\/div>\r\n<\/div><div  class=\"col-sm-4\"><div data-field-wrapper=\"fld_9970286\" class=\"form-group\" id=\"fld_9970286_1-wrap\">\r\n\t<label id=\"fld_9970286Label\" for=\"fld_9970286_1\" class=\"control-label\">Address <span aria-hidden=\"true\" role=\"presentation\" class=\"field_required\" style=\"color:#ee0000;\">*<\/span><\/label>\r\n\t<div class=\"\">\r\n\t\t<input   required type=\"text\" data-field=\"fld_9970286\" class=\"form-control\" id=\"fld_9970286_1\" name=\"fld_9970286\" value=\"\" data-type=\"text\" aria-required=\"true\"   aria-labelledby=\"fld_9970286Label\" >\t\t\t<\/div>\r\n<\/div>\r\n<div data-field-wrapper=\"fld_8555603\" class=\"form-group\" id=\"fld_8555603_1-wrap\">\r\n\t<label id=\"fld_8555603Label\" for=\"fld_8555603_1\" class=\"control-label\">Imi\u0119 i nazwisko osoby up. do podpisania protoko\u0142u <span aria-hidden=\"true\" role=\"presentation\" class=\"field_required\" style=\"color:#ee0000;\">*<\/span><\/label>\r\n\t<div class=\"\">\r\n\t\t<input   required type=\"text\" data-field=\"fld_8555603\" class=\"form-control\" id=\"fld_8555603_1\" name=\"fld_8555603\" value=\"\" data-type=\"text\" aria-required=\"true\"   aria-labelledby=\"fld_8555603Label\" >\t\t\t<\/div>\r\n<\/div>\r\n<\/div><div  class=\"col-sm-4  last_col\"><div data-field-wrapper=\"fld_6009157\" class=\"form-group\" id=\"fld_6009157_1-wrap\">\r\n\t<label id=\"fld_6009157Label\" for=\"fld_6009157_1\" class=\"control-label\">NIP <span aria-hidden=\"true\" role=\"presentation\" class=\"field_required\" style=\"color:#ee0000;\">*<\/span><\/label>\r\n\t<div class=\"\">\r\n\t\t<input   required type=\"text\" data-field=\"fld_6009157\" class=\"form-control\" id=\"fld_6009157_1\" name=\"fld_6009157\" value=\"\" data-type=\"text\" aria-required=\"true\"   aria-labelledby=\"fld_6009157Label\" >\t\t\t<\/div>\r\n<\/div>\r\n<div data-field-wrapper=\"fld_8587774\" class=\"form-group\" id=\"fld_8587774_1-wrap\">\r\n\t<label id=\"fld_8587774Label\" for=\"fld_8587774_1\" class=\"control-label\">Adres e-mail <span aria-hidden=\"true\" role=\"presentation\" class=\"field_required\" style=\"color:#ee0000;\">*<\/span><\/label>\r\n\t<div class=\"\">\r\n\t\t<input   required type=\"email\" data-field=\"fld_8587774\" class=\"form-control\" id=\"fld_8587774_1\" name=\"fld_8587774\" value=\"\" data-type=\"email\" aria-required=\"true\"   aria-labelledby=\"fld_8587774Label\" >\t\t\t<\/div>\r\n<\/div>\r\n<\/div><\/div><div id=\"CF5e7b277c2bbfb_1-row-3\"  class=\"row\"><div  class=\"col-sm-12  single\"><div class=\"\"><p>Dane maszyny<\/p>\n<\/div><\/div><\/div><div id=\"CF5e7b277c2bbfb_1-row-4\"  class=\"row\"><div  class=\"col-sm-6  first_col\"><div data-field-wrapper=\"fld_6899157\" class=\"form-group\" id=\"fld_6899157_1-wrap\">\r\n\t<label id=\"fld_6899157Label\" for=\"fld_6899157_1\" class=\"control-label\">Model maszyny <span aria-hidden=\"true\" role=\"presentation\" class=\"field_required\" style=\"color:#ee0000;\">*<\/span><\/label>\r\n\t<div class=\"\">\r\n\t\t<input   required type=\"text\" data-field=\"fld_6899157\" class=\"form-control\" id=\"fld_6899157_1\" name=\"fld_6899157\" value=\"\" data-type=\"text\" aria-required=\"true\"   aria-labelledby=\"fld_6899157Label\" >\t\t\t<\/div>\r\n<\/div>\r\n<\/div><div  class=\"col-sm-6  last_col\"><div data-field-wrapper=\"fld_3646768\" class=\"form-group\" id=\"fld_3646768_1-wrap\">\r\n\t<label id=\"fld_3646768Label\" for=\"fld_3646768_1\" class=\"control-label\">Marka maszyny <span aria-hidden=\"true\" role=\"presentation\" class=\"field_required\" style=\"color:#ee0000;\">*<\/span><\/label>\r\n\t<div class=\"\">\r\n\t\t<input   required type=\"text\" data-field=\"fld_3646768\" class=\"form-control\" id=\"fld_3646768_1\" name=\"fld_3646768\" value=\"\" data-type=\"text\" aria-required=\"true\"   aria-labelledby=\"fld_3646768Label\" >\t\t\t<\/div>\r\n<\/div>\r\n<\/div><\/div><div id=\"CF5e7b277c2bbfb_1-row-5\"  class=\"row\"><div  class=\"col-sm-3  first_col\"><div data-field-wrapper=\"fld_5753533\" class=\"form-group\" id=\"fld_5753533_1-wrap\">\r\n\t<label id=\"fld_5753533Label\" for=\"fld_5753533_1\" class=\"control-label\">Nr. seryjny <span aria-hidden=\"true\" role=\"presentation\" class=\"field_required\" style=\"color:#ee0000;\">*<\/span><\/label>\r\n\t<div class=\"\">\r\n\t\t<input   required type=\"text\" data-field=\"fld_5753533\" class=\"form-control\" id=\"fld_5753533_1\" name=\"fld_5753533\" value=\"\" data-type=\"text\" aria-required=\"true\"   aria-labelledby=\"fld_5753533Label\" >\t\t\t<\/div>\r\n<\/div>\r\n<\/div><div  class=\"col-sm-5\"><div data-field-wrapper=\"fld_692053\" class=\"form-group\" id=\"fld_692053_1-wrap\">\r\n\t<label id=\"fld_692053Label\" for=\"fld_692053_1\" class=\"control-label\">Aktualny stan mtg <span aria-hidden=\"true\" role=\"presentation\" class=\"field_required\" style=\"color:#ee0000;\">*<\/span><\/label>\r\n\t<div class=\"\">\r\n\t\t<input   required type=\"text\" data-field=\"fld_692053\" class=\"form-control\" id=\"fld_692053_1\" name=\"fld_692053\" value=\"\" data-type=\"text\" aria-required=\"true\"   aria-labelledby=\"fld_692053Label\" >\t\t\t<\/div>\r\n<\/div>\r\n<\/div><div  class=\"col-sm-4  last_col\"><div data-field-wrapper=\"fld_7997368\" class=\"form-group\" id=\"fld_7997368_1-wrap\">\r\n\t<label id=\"fld_7997368Label\" for=\"fld_7997368_1\" class=\"control-label\">Prosz\u0119 o wykonanie przegl\u0105du na mtg<\/label>\r\n\t<div class=\"\">\r\n\t\t<input    type=\"text\" data-field=\"fld_7997368\" class=\"form-control\" id=\"fld_7997368_1\" name=\"fld_7997368\" value=\"\" data-type=\"text\"   aria-labelledby=\"fld_7997368Label\" >\t\t\t<\/div>\r\n<\/div>\r\n<\/div><\/div><div id=\"CF5e7b277c2bbfb_1-row-6\"  class=\"row\"><div  class=\"col-sm-12  single\"><div data-field-wrapper=\"fld_2057102\" class=\"form-group\" id=\"fld_2057102_1-wrap\">\r\n\t<label id=\"fld_2057102Label\" for=\"fld_2057102_1\" class=\"control-label\">Prosz\u0119 o usuni\u0119cie awarii* <span aria-hidden=\"true\" role=\"presentation\" class=\"field_required\" style=\"color:#ee0000;\">*<\/span><\/label>\r\n\t<div class=\"\">\r\n\t\t<textarea name=\"fld_2057102\" value=\"\" data-field=\"fld_2057102\" class=\"form-control\" id=\"fld_2057102_1\" rows=\"4\"  required=\"required\"  aria-labelledby=\"fld_2057102Label\" ><\/textarea>\n\t\t\t<\/div>\r\n<\/div>\r\n<div data-field-wrapper=\"fld_9592701\" class=\"form-group\" id=\"fld_9592701_1-wrap\">\r\n\t<label id=\"fld_9592701Label\" for=\"fld_9592701_1\" class=\"control-label\">Uwagi (dodatkowe informacje o problemach)<\/label>\r\n\t<div class=\"\">\r\n\t\t<textarea name=\"fld_9592701\" value=\"\" data-field=\"fld_9592701\" class=\"form-control\" id=\"fld_9592701_1\" rows=\"4\"    aria-labelledby=\"fld_9592701Label\" ><\/textarea>\n\t\t\t<\/div>\r\n<\/div>\r\n<div data-field-wrapper=\"fld_3248546\" class=\"form-group\" id=\"fld_3248546_1-wrap\">\r\n\t<label id=\"fld_3248546Label\" for=\"fld_3248546_1\" class=\"control-label\">Dodatkowo zamawiam ( dodatkowe cz\u0119\u015bci)<\/label>\r\n\t<div class=\"\">\r\n\t\t<textarea name=\"fld_3248546\" value=\"\" data-field=\"fld_3248546\" class=\"form-control\" id=\"fld_3248546_1\" rows=\"4\"    aria-labelledby=\"fld_3248546Label\" ><\/textarea>\n\t\t\t<\/div>\r\n<\/div>\r\n<div data-field-wrapper=\"fld_8553129\" class=\"form-group\" id=\"fld_8553129_1-wrap\">\r\n\t<label id=\"fld_8553129Label\" for=\"fld_8553129_1\" class=\"control-label\">Adres postoju maszyny <span aria-hidden=\"true\" role=\"presentation\" class=\"field_required\" style=\"color:#ee0000;\">*<\/span><\/label>\r\n\t<div class=\"\">\r\n\t\t<input   required type=\"text\" data-field=\"fld_8553129\" class=\"form-control\" id=\"fld_8553129_1\" name=\"fld_8553129\" value=\"\" data-type=\"text\" aria-required=\"true\"   aria-labelledby=\"fld_8553129Label\" >\t\t\t<\/div>\r\n<\/div>\r\n<div data-field-wrapper=\"fld_7699241\" class=\"form-group\" id=\"fld_7699241_1-wrap\">\r\n\t<label id=\"fld_7699241Label\" for=\"fld_7699241_1\" class=\"control-label\">Za\u0142\u0105cznik<\/label>\r\n\t<div class=\"file-prevent-overflow\">\r\n\t\t<div id=\"fld_7699241_1_file_list\" class=\"cf-multi-uploader-list\"><\/div>\n\t\t\t\t<input type=\"file\" name=\"fld_7699241\" value=\"\" data-field=\"fld_7699241\" class=\"\" id=\"fld_7699241_1\" data-controlid=\"trupl69df1e53a3dd4\"      aria-labelledby=\"fld_7699241Label\">\n\t\t<input type=\"hidden\" name=\"fld_7699241\" value=\"trupl69df1e53a3dd4\">\n\t\t\t<\/div>\r\n<\/div>\r\n<\/div><\/div><div id=\"CF5e7b277c2bbfb_1-row-7\"  class=\"row\"><div  class=\"col-sm-12  single\"><div data-field-wrapper=\"fld_7908577\" class=\"form-group\" id=\"fld_7908577_1-wrap\">\r\n<div class=\"\">\r\n\t<input  class=\"btn btn-default\" type=\"submit\" name=\"fld_7908577\" id=\"fld_7908577_1\" value=\"Wy\u015blij zg\u0142oszenie\" data-field=\"fld_7908577\"  >\n<\/div>\r\n<\/div>\r\n\t<input class=\"button_trigger_1\" type=\"hidden\" name=\"fld_7908577\" id=\"fld_7908577_1_btn\" value=\"\" data-field=\"fld_7908577\"  \/>\n<\/div><\/div><div id=\"CF5e7b277c2bbfb_1-row-8\"  class=\"row  last_row\"><div  class=\"col-sm-12  single\"><div data-field-wrapper=\"fld_6456573\" class=\"form-group\" id=\"fld_6456573_1-wrap\">\r\n\t<label id=\"fld_6456573Label\" for=\"fld_6456573_1\" class=\"control-label\">Dodatkowe informacje:<\/label>\r\n\t<div class=\"\">\r\n\t\t<textarea name=\"fld_6456573\" value=\"\" data-field=\"fld_6456573\" class=\"form-control\" id=\"fld_6456573_1\" rows=\"4\"    aria-labelledby=\"fld_6456573Label\" ><\/textarea>\n\t\t\t<\/div>\r\n<\/div>\r\n<\/div><\/div><input type=\"hidden\" name=\"trp-form-language\" value=\"en\"\/><\/form>\r\n<\/div>","protected":false},"excerpt":{"rendered":"Order Number Zg\u0142oszenie * Awarii Przegl\u0105du Nazwa firmy * Tel. kontaktowy osoby odpowiedzialnej za maszyn\u0119 * Adres * Imi\u0119 i nazwisko osoby up. do podpisania protoko\u0142u * NIP * Adres e-mail * Dane maszyny Model maszyny * Marka maszyny * Nr. seryjny * Aktualny stan mtg * Prosz\u0119 o wykonanie przegl\u0105du na mtg Prosz\u0119 o [...]","protected":false},"author":1,"featured_media":0,"parent":0,"menu_order":0,"comment_status":"closed","ping_status":"closed","template":"","meta":[],"yoast_head":"<!-- This site is optimized with the Yoast SEO plugin v17.3 - https:\/\/yoast.com\/wordpress\/plugins\/seo\/ -->\n<title>Zg\u0142oszenie serwisowe - Hydrosprz\u0119t<\/title>\n<meta name=\"robots\" content=\"index, follow, max-snippet:-1, max-image-preview:large, max-video-preview:-1\" \/>\n<link rel=\"canonical\" href=\"https:\/\/hydrosprzet.pl\/en\/zgloszenie-serwisowe\/\" \/>\n<meta property=\"og:locale\" content=\"en_US\" \/>\n<meta property=\"og:type\" content=\"article\" \/>\n<meta property=\"og:title\" content=\"Zg\u0142oszenie serwisowe - Hydrosprz\u0119t\" \/>\n<meta property=\"og:url\" content=\"https:\/\/hydrosprzet.pl\/en\/zgloszenie-serwisowe\/\" \/>\n<meta property=\"og:site_name\" content=\"Hydrosprz\u0119t\" \/>\n<meta property=\"article:modified_time\" content=\"2021-04-16T05:40:07+00:00\" \/>\n<meta name=\"twitter:card\" content=\"summary_large_image\" \/>\n<meta name=\"twitter:label1\" content=\"Est. reading time\" \/>\n\t<meta name=\"twitter:data1\" content=\"1 minute\" \/>\n<script type=\"application\/ld+json\" class=\"yoast-schema-graph\">{\"@context\":\"https:\/\/schema.org\",\"@graph\":[{\"@type\":\"WebSite\",\"@id\":\"https:\/\/hydrosprzet.pl\/#website\",\"url\":\"https:\/\/hydrosprzet.pl\/\",\"name\":\"Hydrosprz\\u0119t\",\"description\":\"Maszyny budowlane\",\"potentialAction\":[{\"@type\":\"SearchAction\",\"target\":{\"@type\":\"EntryPoint\",\"urlTemplate\":\"https:\/\/hydrosprzet.pl\/?s={search_term_string}\"},\"query-input\":\"required name=search_term_string\"}],\"inLanguage\":\"en-US\"},{\"@type\":\"WebPage\",\"@id\":\"https:\/\/hydrosprzet.pl\/zgloszenie-serwisowe\/#webpage\",\"url\":\"https:\/\/hydrosprzet.pl\/zgloszenie-serwisowe\/\",\"name\":\"Zg\\u0142oszenie serwisowe - Hydrosprz\\u0119t\",\"isPartOf\":{\"@id\":\"https:\/\/hydrosprzet.pl\/#website\"},\"datePublished\":\"2020-04-09T07:21:59+00:00\",\"dateModified\":\"2021-04-16T05:40:07+00:00\",\"breadcrumb\":{\"@id\":\"https:\/\/hydrosprzet.pl\/zgloszenie-serwisowe\/#breadcrumb\"},\"inLanguage\":\"en-US\",\"potentialAction\":[{\"@type\":\"ReadAction\",\"target\":[\"https:\/\/hydrosprzet.pl\/zgloszenie-serwisowe\/\"]}]},{\"@type\":\"BreadcrumbList\",\"@id\":\"https:\/\/hydrosprzet.pl\/zgloszenie-serwisowe\/#breadcrumb\",\"itemListElement\":[{\"@type\":\"ListItem\",\"position\":1,\"name\":\"Strona g\\u0142\\u00f3wna\",\"item\":\"https:\/\/hydrosprzet.pl\/\"},{\"@type\":\"ListItem\",\"position\":2,\"name\":\"Zg\\u0142oszenie serwisowe\"}]}]}<\/script>\n<!-- \/ Yoast SEO plugin. -->","yoast_head_json":{"title":"Zg\u0142oszenie serwisowe - Hydrosprz\u0119t","robots":{"index":"index","follow":"follow","max-snippet":"max-snippet:-1","max-image-preview":"max-image-preview:large","max-video-preview":"max-video-preview:-1"},"canonical":"https:\/\/hydrosprzet.pl\/en\/zgloszenie-serwisowe\/","og_locale":"en_US","og_type":"article","og_title":"Zg\u0142oszenie serwisowe - Hydrosprz\u0119t","og_url":"https:\/\/hydrosprzet.pl\/en\/zgloszenie-serwisowe\/","og_site_name":"Hydrosprz\u0119t","article_modified_time":"2021-04-16T05:40:07+00:00","twitter_card":"summary_large_image","twitter_misc":{"Est. reading time":"1 minute"},"schema":{"@context":"https:\/\/schema.org","@graph":[{"@type":"WebSite","@id":"https:\/\/hydrosprzet.pl\/#website","url":"https:\/\/hydrosprzet.pl\/","name":"Hydrosprz\u0119t","description":"Maszyny budowlane","potentialAction":[{"@type":"SearchAction","target":{"@type":"EntryPoint","urlTemplate":"https:\/\/hydrosprzet.pl\/?s={search_term_string}"},"query-input":"required name=search_term_string"}],"inLanguage":"en-US"},{"@type":"WebPage","@id":"https:\/\/hydrosprzet.pl\/zgloszenie-serwisowe\/#webpage","url":"https:\/\/hydrosprzet.pl\/zgloszenie-serwisowe\/","name":"Zg\u0142oszenie serwisowe - Hydrosprz\u0119t","isPartOf":{"@id":"https:\/\/hydrosprzet.pl\/#website"},"datePublished":"2020-04-09T07:21:59+00:00","dateModified":"2021-04-16T05:40:07+00:00","breadcrumb":{"@id":"https:\/\/hydrosprzet.pl\/zgloszenie-serwisowe\/#breadcrumb"},"inLanguage":"en-US","potentialAction":[{"@type":"ReadAction","target":["https:\/\/hydrosprzet.pl\/zgloszenie-serwisowe\/"]}]},{"@type":"BreadcrumbList","@id":"https:\/\/hydrosprzet.pl\/zgloszenie-serwisowe\/#breadcrumb","itemListElement":[{"@type":"ListItem","position":1,"name":"Strona g\u0142\u00f3wna","item":"https:\/\/hydrosprzet.pl\/"},{"@type":"ListItem","position":2,"name":"Zg\u0142oszenie serwisowe"}]}]}},"_links":{"self":[{"href":"https:\/\/hydrosprzet.pl\/en\/wp-json\/wp\/v2\/pages\/6007"}],"collection":[{"href":"https:\/\/hydrosprzet.pl\/en\/wp-json\/wp\/v2\/pages"}],"about":[{"href":"https:\/\/hydrosprzet.pl\/en\/wp-json\/wp\/v2\/types\/page"}],"author":[{"embeddable":true,"href":"https:\/\/hydrosprzet.pl\/en\/wp-json\/wp\/v2\/users\/1"}],"replies":[{"embeddable":true,"href":"https:\/\/hydrosprzet.pl\/en\/wp-json\/wp\/v2\/comments?post=6007"}],"version-history":[{"count":1,"href":"https:\/\/hydrosprzet.pl\/en\/wp-json\/wp\/v2\/pages\/6007\/revisions"}],"predecessor-version":[{"id":6008,"href":"https:\/\/hydrosprzet.pl\/en\/wp-json\/wp\/v2\/pages\/6007\/revisions\/6008"}],"wp:attachment":[{"href":"https:\/\/hydrosprzet.pl\/en\/wp-json\/wp\/v2\/media?parent=6007"}],"curies":[{"name":"wp","href":"https:\/\/api.w.org\/{rel}","templated":true}]}}