{"id":5669,"date":"2020-03-24T09:38:46","date_gmt":"2020-03-24T08:38:46","guid":{"rendered":"https:\/\/hydrosprzet.pl\/?page_id=5669"},"modified":"2021-01-20T15:07:27","modified_gmt":"2021-01-20T14:07:27","slug":"liugong-dressta","status":"publish","type":"page","link":"https:\/\/hydrosprzet.pl\/en\/onas\/liugong-dressta\/","title":{"rendered":"LiuGong-Dressta"},"content":{"rendered":"<div class=\"vc_row wpb_row vc_row-fluid\" ><div class=\"wpb_column vc_column_container vc_col-sm-12\"><div class=\"vc_column-inner\"><div class=\"wpb_wrapper\">\r\n\r\n<div class=\"wd_empty_space\" data-heightmobile=\"40\" data-heighttablet=\"40\" data-heightdesktop=\"40\">\r\n\r\n<\/div>\r\n      \r\n\r\n\r\n\r\n        \r\n      \r\n    <\/div><\/div><\/div><div class=\"wpb_column vc_column_container vc_col-sm-12\"><div class=\"vc_column-inner\"><div class=\"wpb_wrapper\"><div class='wd_empty_space' data-heightmobile='50' data-heighttablet='50' data-heightdesktop='50'><\/div>  <div class=\"wd-heading text-center  devia-anim\"\r\n\t\t    style=\"max-width:600px;; margin: 0 auto;\" data-devia-animate='{\"triggerHandler\":\"inview\",\"animationTarget\":\".animation_target\",\"duration\":700,\"delay\":100,\"initValues\":[],\"animations\":{\"ease\":\"Power0.easeNone\"}}'>\r\n\t\t\t\t\t\t\t\t\t\t\t\r\n      <h2 style=\"font-weight:800;font-size:55px;color:#eeee22;\" class=\"title_b animation_target\"\r\n        data-text=\"LIUGONG DRESSTA MACHINERY\">\r\n\t\t\tLIUGONG DRESSTA MACHINERY      <\/h2>\r\n\r\n\t\t\t\r\n\t\t    <\/div>\r\n    <div class='wd_empty_space' data-heightmobile='' data-heighttablet='' data-heightdesktop=''><\/div>\r\n\r\n<div class=\"wd_empty_space\" data-heightmobile=\"40\" data-heighttablet=\"40\" data-heightdesktop=\"40\">\r\n\r\n<\/div>\r\n      \r\n\r\n\r\n\r\n        \r\n      \r\n    <\/div><\/div><\/div><\/div><div class=\"vc_row wpb_row vc_row-fluid moved-box--top\" ><div class=\"wpb_column vc_column_container vc_col-sm-7\"><div class=\"vc_column-inner vc_custom_1571915566172\"><div class=\"wpb_wrapper\"><div class='wd_empty_space' data-heightmobile='0' data-heighttablet='0' data-heightdesktop='0'><\/div>  <div class=\"wd-heading text-left  devia-anim\"\r\n\t\tdata-split-options='{\"type\":\"lines\"}' data-split-text='true'  data-split-target='.animation_target'    style=\"; \" data-devia-animate='{\"triggerHandler\":\"inview\",\"animationTarget\":\".item_target\",\"duration\":\"500\",\"delay\":\"100\",\"initValues\":{\"x\":-60,\"y\":250,\"z\":150,\"opacity\":0},\"animations\":{\"x\":0,\"y\":0,\"z\":0,\"opacity\":1,\"ease\":\"Power3.easeOut\"}}'>\r\n\t\t\t\t\t\t\t\t\t\t\t\r\n      <h2 style=\"font-weight:500;font-size:45px;\" class=\"title_b animation_target\"\r\n        data-text=\"SPRZEDA\u017b | REMONT | SERWIS\">\r\n\t\t\tSALE | RENOVATION | SERVICE      <\/h2>\r\n\r\n\t\t\t\r\n\t\t    <\/div>\r\n    <div class='wd_empty_space' data-heightmobile='5' data-heighttablet='5' data-heightdesktop='5'><\/div>\n\t<div class=\"wpb_text_column wpb_content_element\" >\n\t\t<div class=\"wpb_wrapper\">\n\t\t\t<p>Our company <a href=\"https:\/\/hydrosprzet.pl\/en\/\">HYDROSPRZ\u0118T KUKLA SP\u00d3\u0141KA JAWNA<\/a> is an authorized distributor of LiuGong Dressta Machinery, a manufacturer of heavy-duty heavy-duty machines, crawler excavators, wheel loaders, bulldozers and gas and oil pipelayers. We offer completely new, used or rebuilt construction machines. In addition, our offer also includes original spare parts for LiuGong Dressta Machinery machines.<\/p>\n\n\t\t<\/div>\n\t<\/div>\n<div class=\"vc_row wpb_row vc_inner vc_row-fluid vc_custom_1562157304682\"><div class=\"wpb_column vc_column_container vc_col-sm-6\"><div class=\"vc_column-inner\"><div class=\"wpb_wrapper\">\n\t<div class=\"wpb_text_column wpb_content_element  wpb_animate_when_almost_visible wpb_slideInRight slideInRight\" >\n\t\t<div class=\"wpb_wrapper\">\n\t\t\t<h5><a href=\"https:\/\/www.dressta.com\/pl_PL\/\">CONSTRUCTION MACHINERY<\/a><\/h5>\n<p class=\"p-small\">We sell new, used or reconstructed: crawler excavators, loaders, crawler dozers and pipe pavers ...<\/p>\n\n\t\t<\/div>\n\t<\/div>\n<\/div><\/div><\/div><div class=\"wpb_column vc_column_container vc_col-sm-6\"><div class=\"vc_column-inner\"><div class=\"wpb_wrapper\">\n\t<div class=\"wpb_text_column wpb_content_element  wpb_animate_when_almost_visible wpb_slideInRight slideInRight\" >\n\t\t<div class=\"wpb_wrapper\">\n\t\t\t<h5>Spare parts<\/h5>\n<p class=\"p-small\">At HYDROSPRZ\u0118T you will buy only original spare parts of LiuGong Dressta Machinery...<\/p>\n\n\t\t<\/div>\n\t<\/div>\n<\/div><\/div><\/div><\/div>\r\n  <div\r\n    class=\"wd-btn-wrap text-left\" >\r\n    <a href=\"https:\/\/www.dressta.com\/pl_PL\/\" class=\"wd-btn btn-solid btn-color-1 hover-color-3 btn-medium btn-none  icon-after\"\r\n      \r\n\r\n    >\r\n      SEE MORE    <\/a>\r\n  <\/div>\r\n\r\n  \r\n\r\n<div class=\"wd_empty_space\" data-heightmobile=\"0\" data-heighttablet=\"40\" data-heightdesktop=\"40\">\r\n\r\n<\/div>\r\n      \r\n\r\n\r\n\r\n        \r\n      \r\n    <\/div><\/div><\/div><div class=\"wpb_column vc_column_container vc_col-sm-5\"><div class=\"vc_column-inner\"><div class=\"wpb_wrapper\">\n\t<div  class=\"wpb_single_image wpb_content_element vc_align_right\">\n\t\t\n\t\t<figure class=\"wpb_wrapper vc_figure\">\n\t\t\t<div class=\"vc_single_image-wrapper   vc_box_border_grey\"><img width=\"1620\" height=\"1080\" src=\"https:\/\/hydrosprzet.pl\/wp-content\/uploads\/2020\/03\/maszyny-liugong.jpg\" class=\"vc_single_image-img attachment-full\" alt=\"liugong-dressta-machinery-maszyny-cz\u0119\u015bci zamienne\" loading=\"lazy\" srcset=\"https:\/\/hydrosprzet.pl\/wp-content\/uploads\/2020\/03\/maszyny-liugong.jpg 1620w, https:\/\/hydrosprzet.pl\/wp-content\/uploads\/2020\/03\/maszyny-liugong-300x200.jpg 300w, https:\/\/hydrosprzet.pl\/wp-content\/uploads\/2020\/03\/maszyny-liugong-1024x683.jpg 1024w, https:\/\/hydrosprzet.pl\/wp-content\/uploads\/2020\/03\/maszyny-liugong-768x512.jpg 768w, https:\/\/hydrosprzet.pl\/wp-content\/uploads\/2020\/03\/maszyny-liugong-1536x1024.jpg 1536w, https:\/\/hydrosprzet.pl\/wp-content\/uploads\/2020\/03\/maszyny-liugong-800x533.jpg 800w\" sizes=\"(max-width: 1620px) 100vw, 1620px\" \/><\/div>\n\t\t<\/figure>\n\t<\/div>\n<\/div><\/div><\/div><\/div><div data-vc-full-width=\"true\" data-vc-full-width-init=\"false\" class=\"vc_row wpb_row vc_row-fluid text-icon--text-white vc_custom_1585903351594 vc_row-has-fill\" ><div class=\"wpb_column vc_column_container vc_col-sm-6\"><div class=\"vc_column-inner\"><div class=\"wpb_wrapper\"><div class='wd_empty_space' data-heightmobile='80' data-heighttablet='80' data-heightdesktop='80'><\/div>  <div class=\"wd-heading text-left\"\r\n\t\tdata-split-options='{\"type\":\"lines\"}' data-split-text='true'  data-split-target='.animation_target'    style=\"; \" data-devia-animate=''>\r\n\t\t\t\t\t\t\t\t\t\t\t\r\n      <h2 style=\"color:#ffffff;\" class=\"title_b animation_target\"\r\n        data-text=\"ZWI\u0118KSZ WYDAJNO\u015a\u0106\">\r\n\t\t\tINCREASE PRODUCTIVITY      <\/h2>\r\n\r\n\t\t\t\r\n\t\t    <\/div>\r\n    <div class='wd_empty_space' data-heightmobile='40' data-heighttablet='40' data-heightdesktop='40'><\/div>\n\t<div class=\"wpb_text_column wpb_content_element  wpb_animate_when_almost_visible wpb_right-to-left right-to-left\" >\n\t\t<div class=\"wpb_wrapper\">\n\t\t\t<p><span style=\"color: #000000;\"><strong><span style=\"color: #ff9900;\">Dressta is a company with a rich tradition and is now a global manufacturer of heavy construction equipment, known for creating durable, powerful machines for the toughest applications - from mine loaders and bulldozers for landfill use to pipelayers for gas and oil transmission. Each of their devices is the result of the work of experienced engineers in the factory in Stalowa Wola - in a city whose name perfectly reflects the commitment of the entire team.<\/span><br \/>\n<\/strong><\/span><\/p>\n<p><span style=\"color: #000000;\"><strong>\u00a0<\/strong><\/span><\/p>\n\n\t\t<\/div>\n\t<\/div>\n\r\n\r\n<div class=\"wd_empty_space\" data-heightmobile=\"40\" data-heighttablet=\"40\" data-heightdesktop=\"40\">\r\n\r\n<\/div>\r\n      \r\n\r\n\r\n\r\n        \r\n      \r\n    \r\n\r\n<div class=\"wd_empty_space\" data-heightmobile=\"40\" data-heighttablet=\"40\" data-heightdesktop=\"40\">\r\n\r\n<\/div>\r\n      \r\n\r\n\r\n\r\n        \r\n      \r\n    <\/div><\/div><\/div><div class=\"wpb_column vc_column_container vc_col-sm-6\"><div class=\"vc_column-inner\"><div class=\"wpb_wrapper\"><div class='wd_empty_space' data-heightmobile='80' data-heighttablet='80' data-heightdesktop='80'><\/div>  <div class=\"wd-heading text-left\"\r\n\t\t    style=\"; \" data-devia-animate=''>\r\n\t\t\t\t\t\t\t\t\t\t\t\r\n      <h2 style=\"color:#ffffff;\" class=\"title_a\"\r\n        data-text=\"POSTAW NA NAS\">\r\n\t\t\tBET ON US      <\/h2>\r\n\r\n\t\t\t<hr class='hr_a' style=' margin: 10px 0;'\/>\r\n\t\t    <\/div>\r\n    <div class='wd_empty_space' data-heightmobile='40' data-heighttablet='40' data-heightdesktop='40'><\/div>\n\t<div class=\"wpb_text_column wpb_content_element  wpb_animate_when_almost_visible wpb_right-to-left right-to-left\" >\n\t\t<div class=\"wpb_wrapper\">\n\t\t\t<p><span style=\"color: #ff9900;\"><strong>In 2012, Dressta was acquired by LiuGong Machinery and changed its name to LiuGong Dressta Machinery. By opening up the Chinese market to them and injecting a significant amount of money, the acquisition increased production volume and productivity - a new chapter in the company's history. Since then, Dressta has expanded its distribution operations to Europe, Asia Pacific, Middle East and Africa, North America and Latin America while providing unrivaled technical services and knowledge of all our machines.<\/strong><\/span><\/p>\n\n\t\t<\/div>\n\t<\/div>\n\r\n\r\n<div class=\"wd_empty_space\" data-heightmobile=\"40\" data-heighttablet=\"40\" data-heightdesktop=\"40\">\r\n\r\n<\/div>\r\n      \r\n\r\n\r\n\r\n        \r\n      \r\n    \r\n\r\n<div class=\"wd_empty_space\" data-heightmobile=\"40\" data-heighttablet=\"40\" data-heightdesktop=\"40\">\r\n\r\n<\/div>\r\n      \r\n\r\n\r\n\r\n        \r\n      \r\n    <\/div><\/div><\/div><\/div><div class=\"vc_row-full-width vc_clearfix\"><\/div><div class=\"vc_row wpb_row vc_row-fluid\" ><div class=\"wpb_column vc_column_container vc_col-sm-12\"><div class=\"vc_column-inner\"><div class=\"wpb_wrapper\"><div class='wd_empty_space' data-heightmobile='80' data-heighttablet='80' data-heightdesktop='120'><\/div>  <div class=\"wd-heading text-left\"\r\n\t\t    style=\"max-width:600px;; \" data-devia-animate=''>\r\n\t\t\r\n\t\t\t\r\n      <h2 style=\"font-size:50px;\" class=\"title_a\"\r\n      data-text=\"Najwy\u017csza jako\u015b\u0107\">\r\n\t\t\tWe work for you!      <\/h2>\r\n\r\n\t\t\t\t\t\t        <p style=\"\" class=\"sub_title_a\">\r\n\t\t\t\tThe highest quality        <\/p>\r\n\t\t\t\t\t\t<hr class='hr_a' style=' margin: 10px 0;'\/>\r\n\t\t    <\/div>\r\n    <div class='wd_empty_space' data-heightmobile='80' data-heighttablet='80' data-heightdesktop='80'><\/div><div class=\"vc_row wpb_row vc_inner vc_row-fluid\"><div class=\"wpb_column vc_column_container vc_col-sm-6\"><div class=\"vc_column-inner\"><div class=\"wpb_wrapper\">\n\t<div  class=\"wpb_single_image wpb_content_element vc_align_left  wpb_animate_when_almost_visible wpb_flipInX flipInX\">\n\t\t\n\t\t<figure class=\"wpb_wrapper vc_figure\">\n\t\t\t<div class=\"vc_single_image-wrapper   vc_box_border_grey\"><img width=\"791\" height=\"427\" src=\"https:\/\/hydrosprzet.pl\/wp-content\/uploads\/2020\/03\/dressta-hydrosprzet-partner.png\" class=\"vc_single_image-img attachment-full\" alt=\"liugong-dressta-informacje-cz\u0119\u015bci zamienne-hydrosprz\u0119t\" loading=\"lazy\" srcset=\"https:\/\/hydrosprzet.pl\/wp-content\/uploads\/2020\/03\/dressta-hydrosprzet-partner.png 791w, https:\/\/hydrosprzet.pl\/wp-content\/uploads\/2020\/03\/dressta-hydrosprzet-partner-300x162.png 300w, https:\/\/hydrosprzet.pl\/wp-content\/uploads\/2020\/03\/dressta-hydrosprzet-partner-768x415.png 768w\" sizes=\"(max-width: 791px) 100vw, 791px\" \/><\/div>\n\t\t<\/figure>\n\t<\/div>\n<\/div><\/div><\/div><div class=\"wpb_column vc_column_container vc_col-sm-6\"><div class=\"vc_column-inner\"><div class=\"wpb_wrapper\">\n\t<div  class=\"wpb_single_image wpb_content_element vc_align_left  wpb_animate_when_almost_visible wpb_flipInX flipInX\">\n\t\t\n\t\t<figure class=\"wpb_wrapper vc_figure\">\n\t\t\t<div class=\"vc_single_image-wrapper   vc_box_border_grey\"><img width=\"793\" height=\"433\" src=\"https:\/\/hydrosprzet.pl\/wp-content\/uploads\/2020\/03\/dressta-hydrosprzet.png\" class=\"vc_single_image-img attachment-full\" alt=\"spycharka-dressta-hydrosprz\u0119t-cz\u0119\u015bci zamienne\" loading=\"lazy\" srcset=\"https:\/\/hydrosprzet.pl\/wp-content\/uploads\/2020\/03\/dressta-hydrosprzet.png 793w, https:\/\/hydrosprzet.pl\/wp-content\/uploads\/2020\/03\/dressta-hydrosprzet-300x164.png 300w, https:\/\/hydrosprzet.pl\/wp-content\/uploads\/2020\/03\/dressta-hydrosprzet-768x419.png 768w\" sizes=\"(max-width: 793px) 100vw, 793px\" \/><\/div>\n\t\t<\/figure>\n\t<\/div>\n<\/div><\/div><\/div><\/div>\r\n\r\n<div class=\"wd_empty_space\" data-heightmobile=\"40\" data-heighttablet=\"40\" data-heightdesktop=\"40\">\r\n\r\n<\/div>\r\n      \r\n\r\n\r\n\r\n        \r\n      \r\n    <\/div><\/div><\/div><\/div><div class=\"vc_row wpb_row vc_row-fluid\" ><div class=\"wpb_column vc_column_container vc_col-sm-12\"><div class=\"vc_column-inner\"><div class=\"wpb_wrapper\"><div class='wd_empty_space' data-heightmobile='' data-heighttablet='' data-heightdesktop=''><\/div>  <div class=\"wd-heading text-left\"\r\n\t\tdata-split-options='{\"type\":\"chars, words\"}' data-split-text='true'  data-split-target='.animation_target'    style=\"; \" data-devia-animate=''>\r\n\t\t\t\t\t\t\t\t        <p style=\"font-size:1px;\" class=\"sub_title_b animation_target\">\r\n\t\t\t\tJeste\u015bmy dla was!        <\/p>\r\n\t\t\t\t\t\t\r\n      <h4 style=\"\" class=\"title_b animation_target\"\r\n        data-text=\"Jeste\u015bmy dla was!\">\r\n\t\t\tSpare parts sales specialist      <\/h4>\r\n\r\n\t\t\t\r\n\t\t    <\/div>\r\n    <div class='wd_empty_space' data-heightmobile='20' data-heighttablet='20' data-heightdesktop='30'><\/div><\/div><\/div><\/div><\/div><div class=\"vc_row wpb_row vc_row-fluid\" ><div class=\"wpb_column vc_column_container vc_col-sm-4\"><div class=\"vc_column-inner\"><div class=\"wpb_wrapper\">\r\n    <div class=\"text-icon text-icon--icon-top_position boxes  clearfix\"  >\r\n      <div class=\"text-icon__container  center\">\r\n\t\t\t\t        <a href=\"mailto:mateusz.matras@hydrosprzet.pl\">\r\n\t\t\t\t\t          <div class=\"text-icon__icon-box\">\r\n\t\t\t\t\t\t              <img src=\"\/\/placehold.it\/408x278\/eee\/222\/&text=+\" alt=\"Group 925\" data-src=\"https:\/\/hydrosprzet.pl\/wp-content\/uploads\/2019\/07\/Group-925.png\" data-srcset=\"\" class=\"lazy\">\r\n\t\t\t\t\t\t          <\/div>\r\n          <div class=\"text-icon__content-box\">\r\n            <h4 class=\"text-icon__title\">\r\n\t\t\t\t\t\t\tEMAIL            <\/h4>\r\n            <p class=\"text-icon__text\">mateusz.matras@hydrosprzet.pl<\/p>\r\n          <\/div>\r\n\t\t\t\t\t        <\/a>\r\n\t\t\t      <\/div>\r\n    <\/div>\r\n\r\n\t\t<\/div><\/div><\/div><div class=\"wpb_column vc_column_container vc_col-sm-4\"><div class=\"vc_column-inner\"><div class=\"wpb_wrapper\">\r\n    <div class=\"text-icon text-icon--icon-top_position boxes  clearfix\"  >\r\n      <div class=\"text-icon__container  center\">\r\n\t\t\t\t          <div class=\"text-icon__icon-box\">\r\n\t\t\t\t\t\t              <img src=\"\/\/placehold.it\/408x278\/eee\/222\/&text=+\" alt=\"Group 926\" data-src=\"https:\/\/hydrosprzet.pl\/wp-content\/uploads\/2019\/07\/Group-926-e1584628063598.png\" data-srcset=\"\" class=\"lazy\">\r\n\t\t\t\t\t\t          <\/div>\r\n          <div class=\"text-icon__content-box\">\r\n            <h4 class=\"text-icon__title\">\r\n\t\t\t\t\t\t\tTELEPHONE NUMBER.            <\/h4>\r\n            <p class=\"text-icon__text\">+48 508 144 022<\/p>\r\n          <\/div>\r\n\t\t\t\t\t      <\/div>\r\n    <\/div>\r\n\r\n\t\t<\/div><\/div><\/div><\/div><div class=\"vc_row wpb_row vc_row-fluid\" ><div class=\"wpb_column vc_column_container vc_col-sm-12\"><div class=\"vc_column-inner\"><div class=\"wpb_wrapper\"><div class='wd_empty_space' data-heightmobile='' data-heighttablet='' data-heightdesktop=''><\/div>  <div class=\"wd-heading text-left\"\r\n\t\tdata-split-options='{\"type\":\"chars, words\"}' data-split-text='true'  data-split-target='.animation_target'    style=\"; \" data-devia-animate=''>\r\n\t\t\t\t\t\t\t\t        <p style=\"font-size:1px;\" class=\"sub_title_b animation_target\">\r\n\t\t\t\tJeste\u015bmy dla was!        <\/p>\r\n\t\t\t\t\t\t\r\n      <h4 style=\"\" class=\"title_b animation_target\"\r\n        data-text=\"Jeste\u015bmy dla was!\">\r\n\t\t\tMachine sales specialist      <\/h4>\r\n\r\n\t\t\t\r\n\t\t    <\/div>\r\n    <div class='wd_empty_space' data-heightmobile='20' data-heighttablet='20' data-heightdesktop='30'><\/div><\/div><\/div><\/div><\/div><div class=\"vc_row wpb_row vc_row-fluid\" ><div class=\"wpb_column vc_column_container vc_col-sm-4\"><div class=\"vc_column-inner\"><div class=\"wpb_wrapper\">\r\n    <div class=\"text-icon text-icon--icon-top_position boxes  clearfix\"  >\r\n      <div class=\"text-icon__container  center\">\r\n\t\t\t\t        <a href=\"mailto:daniel.kukla@hydrosprzet.pl\">\r\n\t\t\t\t\t          <div class=\"text-icon__icon-box\">\r\n\t\t\t\t\t\t              <img src=\"\/\/placehold.it\/408x278\/eee\/222\/&text=+\" alt=\"Group 925\" data-src=\"https:\/\/hydrosprzet.pl\/wp-content\/uploads\/2019\/07\/Group-925.png\" data-srcset=\"\" class=\"lazy\">\r\n\t\t\t\t\t\t          <\/div>\r\n          <div class=\"text-icon__content-box\">\r\n            <h4 class=\"text-icon__title\">\r\n\t\t\t\t\t\t\tEMAIL            <\/h4>\r\n            <p class=\"text-icon__text\">daniel.kukla@hydrosprzet.pl<\/p>\r\n          <\/div>\r\n\t\t\t\t\t        <\/a>\r\n\t\t\t      <\/div>\r\n    <\/div>\r\n\r\n\t\t<\/div><\/div><\/div><div class=\"wpb_column vc_column_container vc_col-sm-4\"><div class=\"vc_column-inner\"><div class=\"wpb_wrapper\">\r\n    <div class=\"text-icon text-icon--icon-top_position boxes  clearfix\"  >\r\n      <div class=\"text-icon__container  center\">\r\n\t\t\t\t          <div class=\"text-icon__icon-box\">\r\n\t\t\t\t\t\t              <img src=\"\/\/placehold.it\/408x278\/eee\/222\/&text=+\" alt=\"Group 926\" data-src=\"https:\/\/hydrosprzet.pl\/wp-content\/uploads\/2019\/07\/Group-926-e1584628063598.png\" data-srcset=\"\" class=\"lazy\">\r\n\t\t\t\t\t\t          <\/div>\r\n          <div class=\"text-icon__content-box\">\r\n            <h4 class=\"text-icon__title\">\r\n\t\t\t\t\t\t\tTELEPHONE NUMBER.            <\/h4>\r\n            <p class=\"text-icon__text\">+48 602 447 753<\/p>\r\n          <\/div>\r\n\t\t\t\t\t      <\/div>\r\n    <\/div>\r\n\r\n\t\t<\/div><\/div><\/div><\/div><div class=\"vc_row wpb_row vc_row-fluid\" ><div class=\"wpb_column vc_column_container vc_col-sm-12\"><div class=\"vc_column-inner\"><div class=\"wpb_wrapper\">\r\n\r\n<div class=\"wd_empty_space\" data-heightmobile=\"15\" data-heighttablet=\"30\" data-heightdesktop=\"30\">\r\n\r\n<\/div>\r\n      \r\n\r\n\r\n\r\n        \r\n      \r\n    <\/div><\/div><\/div><\/div>","protected":false},"excerpt":{"rendered":"LIUGONG DRESSTA MACHINERY SPRZEDA\u017b | REMONT | SERWIS Nasza firma HYDROSPRZ\u0118T KUKLA SP\u00d3\u0141KA JAWNA jest autoryzowanym dystrybutorem LiuGong Dressta Machinery, producenta pot\u0119\u017cnych maszyn do najci\u0119\u017cszych zastosowa\u0144, koparek g\u0105sienicowych, \u0142adowarek ko\u0142owych, spycharek oraz uk\u0142adarek rur do przesy\u0142u gazu i ropy naftowej. Oferujemy ca\u0142kowicie nowe, u\u017cywane b\u0105d\u017a odbudowane maszyny budowlane. Ponadto w naszej ofercie znajdziecie r\u00f3wnie\u017c oryginalne [...]","protected":false},"author":1,"featured_media":0,"parent":3278,"menu_order":0,"comment_status":"closed","ping_status":"closed","template":"","meta":[],"yoast_head":"<!-- This site is optimized with the Yoast SEO plugin v17.3 - https:\/\/yoast.com\/wordpress\/plugins\/seo\/ -->\n<title>Liugong - LiuGong-Dressta - Hydrosprz\u0119t - Maszyny Budowlane<\/title>\n<meta name=\"description\" content=\"Hydrosprz\u0119t specjalizuje si\u0119 w sprzeda\u017cy maszyn, odbudowie, serwisowaniu, Jeste\u015bmy dystrybutorem LiuGong Dressta, Cummins oraz Linser.\" \/>\n<meta name=\"robots\" content=\"index, follow, max-snippet:-1, max-image-preview:large, max-video-preview:-1\" \/>\n<link rel=\"canonical\" href=\"https:\/\/hydrosprzet.pl\/en\/onas\/liugong-dressta\/\" \/>\n<meta property=\"og:locale\" content=\"en_US\" \/>\n<meta property=\"og:type\" content=\"article\" \/>\n<meta property=\"og:title\" content=\"Liugong - LiuGong-Dressta - Hydrosprz\u0119t - Maszyny Budowlane\" \/>\n<meta property=\"og:description\" content=\"Hydrosprz\u0119t specjalizuje si\u0119 w sprzeda\u017cy maszyn, odbudowie, serwisowaniu, Jeste\u015bmy dystrybutorem LiuGong Dressta, Cummins oraz Linser.\" \/>\n<meta property=\"og:url\" content=\"https:\/\/hydrosprzet.pl\/en\/onas\/liugong-dressta\/\" \/>\n<meta property=\"og:site_name\" content=\"Hydrosprz\u0119t\" \/>\n<meta property=\"article:modified_time\" content=\"2021-01-20T14:07:27+00:00\" \/>\n<meta name=\"twitter:card\" content=\"summary_large_image\" \/>\n<meta name=\"twitter:label1\" content=\"Est. reading time\" \/>\n\t<meta name=\"twitter:data1\" content=\"7 minutes\" \/>\n<script type=\"application\/ld+json\" class=\"yoast-schema-graph\">{\"@context\":\"https:\/\/schema.org\",\"@graph\":[{\"@type\":\"WebSite\",\"@id\":\"https:\/\/hydrosprzet.pl\/#website\",\"url\":\"https:\/\/hydrosprzet.pl\/\",\"name\":\"Hydrosprz\\u0119t\",\"description\":\"Maszyny budowlane\",\"potentialAction\":[{\"@type\":\"SearchAction\",\"target\":{\"@type\":\"EntryPoint\",\"urlTemplate\":\"https:\/\/hydrosprzet.pl\/?s={search_term_string}\"},\"query-input\":\"required name=search_term_string\"}],\"inLanguage\":\"en-US\"},{\"@type\":\"WebPage\",\"@id\":\"https:\/\/hydrosprzet.pl\/onas\/liugong-dressta\/#webpage\",\"url\":\"https:\/\/hydrosprzet.pl\/onas\/liugong-dressta\/\",\"name\":\"Liugong - LiuGong-Dressta - Hydrosprz\\u0119t - Maszyny Budowlane\",\"isPartOf\":{\"@id\":\"https:\/\/hydrosprzet.pl\/#website\"},\"datePublished\":\"2020-03-24T08:38:46+00:00\",\"dateModified\":\"2021-01-20T14:07:27+00:00\",\"description\":\"Hydrosprz\\u0119t specjalizuje si\\u0119 w sprzeda\\u017cy maszyn, odbudowie, serwisowaniu, Jeste\\u015bmy dystrybutorem LiuGong Dressta, Cummins oraz Linser.\",\"breadcrumb\":{\"@id\":\"https:\/\/hydrosprzet.pl\/onas\/liugong-dressta\/#breadcrumb\"},\"inLanguage\":\"en-US\",\"potentialAction\":[{\"@type\":\"ReadAction\",\"target\":[\"https:\/\/hydrosprzet.pl\/onas\/liugong-dressta\/\"]}]},{\"@type\":\"BreadcrumbList\",\"@id\":\"https:\/\/hydrosprzet.pl\/onas\/liugong-dressta\/#breadcrumb\",\"itemListElement\":[{\"@type\":\"ListItem\",\"position\":1,\"name\":\"Strona g\\u0142\\u00f3wna\",\"item\":\"https:\/\/hydrosprzet.pl\/\"},{\"@type\":\"ListItem\",\"position\":2,\"name\":\"O nas\",\"item\":\"https:\/\/hydrosprzet.pl\/onas\/\"},{\"@type\":\"ListItem\",\"position\":3,\"name\":\"LiuGong-Dressta\"}]}]}<\/script>\n<!-- \/ Yoast SEO plugin. -->","yoast_head_json":{"title":"Liugong - LiuGong-Dressta - Hydrosprz\u0119t - Maszyny Budowlane","description":"Hydrosprz\u0119t specjalizuje si\u0119 w sprzeda\u017cy maszyn, odbudowie, serwisowaniu, Jeste\u015bmy dystrybutorem LiuGong Dressta, Cummins oraz Linser.","robots":{"index":"index","follow":"follow","max-snippet":"max-snippet:-1","max-image-preview":"max-image-preview:large","max-video-preview":"max-video-preview:-1"},"canonical":"https:\/\/hydrosprzet.pl\/en\/onas\/liugong-dressta\/","og_locale":"en_US","og_type":"article","og_title":"Liugong - LiuGong-Dressta - Hydrosprz\u0119t - Maszyny Budowlane","og_description":"Hydrosprz\u0119t specjalizuje si\u0119 w sprzeda\u017cy maszyn, odbudowie, serwisowaniu, Jeste\u015bmy dystrybutorem LiuGong Dressta, Cummins oraz Linser.","og_url":"https:\/\/hydrosprzet.pl\/en\/onas\/liugong-dressta\/","og_site_name":"Hydrosprz\u0119t","article_modified_time":"2021-01-20T14:07:27+00:00","twitter_card":"summary_large_image","twitter_misc":{"Est. reading time":"7 minutes"},"schema":{"@context":"https:\/\/schema.org","@graph":[{"@type":"WebSite","@id":"https:\/\/hydrosprzet.pl\/#website","url":"https:\/\/hydrosprzet.pl\/","name":"Hydrosprz\u0119t","description":"Maszyny budowlane","potentialAction":[{"@type":"SearchAction","target":{"@type":"EntryPoint","urlTemplate":"https:\/\/hydrosprzet.pl\/?s={search_term_string}"},"query-input":"required name=search_term_string"}],"inLanguage":"en-US"},{"@type":"WebPage","@id":"https:\/\/hydrosprzet.pl\/onas\/liugong-dressta\/#webpage","url":"https:\/\/hydrosprzet.pl\/onas\/liugong-dressta\/","name":"Liugong - LiuGong-Dressta - Hydrosprz\u0119t - Maszyny Budowlane","isPartOf":{"@id":"https:\/\/hydrosprzet.pl\/#website"},"datePublished":"2020-03-24T08:38:46+00:00","dateModified":"2021-01-20T14:07:27+00:00","description":"Hydrosprz\u0119t specjalizuje si\u0119 w sprzeda\u017cy maszyn, odbudowie, serwisowaniu, Jeste\u015bmy dystrybutorem LiuGong Dressta, Cummins oraz Linser.","breadcrumb":{"@id":"https:\/\/hydrosprzet.pl\/onas\/liugong-dressta\/#breadcrumb"},"inLanguage":"en-US","potentialAction":[{"@type":"ReadAction","target":["https:\/\/hydrosprzet.pl\/onas\/liugong-dressta\/"]}]},{"@type":"BreadcrumbList","@id":"https:\/\/hydrosprzet.pl\/onas\/liugong-dressta\/#breadcrumb","itemListElement":[{"@type":"ListItem","position":1,"name":"Strona g\u0142\u00f3wna","item":"https:\/\/hydrosprzet.pl\/"},{"@type":"ListItem","position":2,"name":"O nas","item":"https:\/\/hydrosprzet.pl\/onas\/"},{"@type":"ListItem","position":3,"name":"LiuGong-Dressta"}]}]}},"_links":{"self":[{"href":"https:\/\/hydrosprzet.pl\/en\/wp-json\/wp\/v2\/pages\/5669"}],"collection":[{"href":"https:\/\/hydrosprzet.pl\/en\/wp-json\/wp\/v2\/pages"}],"about":[{"href":"https:\/\/hydrosprzet.pl\/en\/wp-json\/wp\/v2\/types\/page"}],"author":[{"embeddable":true,"href":"https:\/\/hydrosprzet.pl\/en\/wp-json\/wp\/v2\/users\/1"}],"replies":[{"embeddable":true,"href":"https:\/\/hydrosprzet.pl\/en\/wp-json\/wp\/v2\/comments?post=5669"}],"version-history":[{"count":74,"href":"https:\/\/hydrosprzet.pl\/en\/wp-json\/wp\/v2\/pages\/5669\/revisions"}],"predecessor-version":[{"id":6017,"href":"https:\/\/hydrosprzet.pl\/en\/wp-json\/wp\/v2\/pages\/5669\/revisions\/6017"}],"up":[{"embeddable":true,"href":"https:\/\/hydrosprzet.pl\/en\/wp-json\/wp\/v2\/pages\/3278"}],"wp:attachment":[{"href":"https:\/\/hydrosprzet.pl\/en\/wp-json\/wp\/v2\/media?parent=5669"}],"curies":[{"name":"wp","href":"https:\/\/api.w.org\/{rel}","templated":true}]}}