{"id":5633,"date":"2020-03-23T10:57:25","date_gmt":"2020-03-23T09:57:25","guid":{"rendered":"https:\/\/hydrosprzet.pl\/?page_id=5633"},"modified":"2025-12-03T14:23:58","modified_gmt":"2025-12-03T13:23:58","slug":"kontakt-bedzin","status":"publish","type":"page","link":"https:\/\/hydrosprzet.pl\/en\/kontakt-bedzin\/","title":{"rendered":"Kontakt-bedzin"},"content":{"rendered":"<div class=\"vc_row wpb_row vc_row-fluid\" ><div class=\"wpb_column vc_column_container vc_col-sm-12\"><div class=\"vc_column-inner\"><div class=\"wpb_wrapper\"><div class='wd_empty_space' data-heightmobile='20' data-heighttablet='30' data-heightdesktop='60'><\/div>  <div class=\"wd-heading text-left\"\r\n\t\t    style=\"; \" data-devia-animate=''>\r\n\t\t\r\n\t\t\t\r\n      <h4 style=\"\" class=\"title_a\"\r\n      data-text=\"Filia na \u015al\u0105sku\">\r\n\t\t\tFilia na \u015al\u0105sku      <\/h4>\r\n\r\n\t\t\t\t\t\t\t\t\t<hr class='hr_a' style=' margin: 10px 0;'\/>\r\n\t\t    <\/div>\r\n    <div class='wd_empty_space' data-heightmobile='20' data-heighttablet='20' data-heightdesktop='20'><\/div>\n\t<div class=\"wpb_text_column wpb_content_element\" >\n\t\t<div class=\"wpb_wrapper\">\n\t\t\t<p>The <a href=\"https:\/\/hydrosprzet.pl\/en\/hydraulika-silowa\/\">HYDROSPRZ\u0118T<\/a> ma swoj\u0105 siedzib\u0119 w B\u0119dzinie. Zajmujemy si\u0119 sprzeda\u017c\u0105 cz\u0119\u015bci zamiennych do maszyn budowlanych, ponadto wykonujemy serwis maszyn budowlanych. <span style=\"color: #ffffff;\"><a style=\"color: #ffffff;\" href=\"https:\/\/hydrosprzet.otomoto.pl\/\">otomoto<\/a><\/span><\/p>\n\n\t\t<\/div>\n\t<\/div>\n<\/div><\/div><\/div><\/div><div class=\"vc_row wpb_row vc_row-fluid\" ><div class=\"wpb_column vc_column_container vc_col-sm-4\"><div class=\"vc_column-inner\"><div class=\"wpb_wrapper\">\r\n    <div class=\"text-icon text-icon--icon-left_position boxes  clearfix\"  >\r\n      <div class=\"text-icon__container\">\r\n\t\t\t\t          <div class=\"text-icon__icon-box\">\r\n\t\t\t\t\t\t              <img src=\"\/\/placehold.it\/408x278\/eee\/222\/&text=+\" alt=\"Group 925\" data-src=\"https:\/\/hydrosprzet.pl\/wp-content\/uploads\/2019\/07\/Group-925.png\" data-srcset=\"\" class=\"lazy\">\r\n\t\t\t\t\t\t          <\/div>\r\n          <div class=\"text-icon__content-box\">\r\n            <h4 class=\"text-icon__title\">\r\n\t\t\t\t\t\t\tEMAIL            <\/h4>\r\n            <p class=\"text-icon__text\">bedzin@hydrosprzet.pl<\/p>\r\n          <\/div>\r\n\t\t\t\t\t      <\/div>\r\n    <\/div>\r\n\r\n\t\t<\/div><\/div><\/div><div class=\"wpb_column vc_column_container vc_col-sm-4\"><div class=\"vc_column-inner\"><div class=\"wpb_wrapper\">\r\n    <div class=\"text-icon text-icon--icon-left_position boxes  clearfix\"  >\r\n      <div class=\"text-icon__container\">\r\n\t\t\t\t          <div class=\"text-icon__icon-box\">\r\n\t\t\t\t\t\t              <img src=\"\/\/placehold.it\/408x278\/eee\/222\/&text=+\" alt=\"Group 926\" data-src=\"https:\/\/hydrosprzet.pl\/wp-content\/uploads\/2019\/07\/Group-926-e1584628063598.png\" data-srcset=\"\" class=\"lazy\">\r\n\t\t\t\t\t\t          <\/div>\r\n          <div class=\"text-icon__content-box\">\r\n            <h4 class=\"text-icon__title\">\r\n\t\t\t\t\t\t\tNR. TEL            <\/h4>\r\n            <p class=\"text-icon__text\">+48 508 143 980<\/p>\r\n          <\/div>\r\n\t\t\t\t\t      <\/div>\r\n    <\/div>\r\n\r\n\t\t<\/div><\/div><\/div><div class=\"wpb_column vc_column_container vc_col-sm-4\"><div class=\"vc_column-inner\"><div class=\"wpb_wrapper\">\r\n    <div class=\"text-icon text-icon--icon-left_position boxes  clearfix\"  >\r\n      <div class=\"text-icon__container\">\r\n\t\t\t\t          <div class=\"text-icon__icon-box\">\r\n\t\t\t\t\t\t              <img src=\"\/\/placehold.it\/408x278\/eee\/222\/&text=+\" alt=\"map-marker-639_bd071826-7d2a-441d-bb24-9654b4644e4c\" data-src=\"https:\/\/hydrosprzet.pl\/wp-content\/uploads\/2019\/07\/map-marker-639_bd071826-7d2a-441d-bb24-9654b4644e4c.png\" data-srcset=\"\" class=\"lazy\">\r\n\t\t\t\t\t\t          <\/div>\r\n          <div class=\"text-icon__content-box\">\r\n            <h4 class=\"text-icon__title\">\r\n\t\t\t\t\t\t\tADRESS            <\/h4>\r\n            <p class=\"text-icon__text\">Piastowska 29, 42-500 B\u0119dzin<\/p>\r\n          <\/div>\r\n\t\t\t\t\t      <\/div>\r\n    <\/div>\r\n\r\n\t\t<\/div><\/div><\/div><\/div><div class=\"vc_row wpb_row vc_row-fluid\" ><div class=\"wpb_column vc_column_container vc_col-sm-12\"><div class=\"vc_column-inner\"><div class=\"wpb_wrapper\">\r\n\r\n<div class=\"wd_empty_space\" data-heightmobile=\"15\" data-heighttablet=\"30\" data-heightdesktop=\"30\">\r\n\r\n<\/div>\r\n      \r\n\r\n\r\n\r\n        \r\n      \r\n    <\/div><\/div><\/div><\/div><div class=\"vc_row wpb_row vc_row-fluid\" ><div class=\"wpb_column vc_column_container vc_col-sm-6\"><div class=\"vc_column-inner\"><div class=\"wpb_wrapper\"><div class=\"wpb_gmaps_widget wpb_content_element\"><div class=\"wpb_wrapper\"><div class=\"wpb_map_wraper\"><iframe src=\"https:\/\/www.google.com\/maps\/embed?pb=!1m18!1m12!1m3!1d2547.026106940219!2d19.109691915727026!3d50.32876417945876!2m3!1f0!2f0!3f0!3m2!1i1024!2i768!4f13.1!3m3!1m2!1s0x0%3A0x7b6e7b8668cebb69!2sHYDROSPRZ%C4%98T%20-%20Serwis%20i%20sprzeda%C5%BC%20maszyn%20budowlanych!5e0!3m2!1spl!2spl!4v1584959694533!5m2!1spl!2spl\" width=\"600\" height=\"450\" frameborder=\"0\" style=\"border:0;\" allowfullscreen=\"\" aria-hidden=\"false\" tabindex=\"0\"><\/iframe><\/div><\/div><\/div><\/div><\/div><\/div><div class=\"wpb_column vc_column_container vc_col-sm-6\"><div class=\"vc_column-inner\"><div class=\"wpb_wrapper\">\n\t<div class=\"wpb_text_column wpb_content_element\" >\n\t\t<div class=\"wpb_wrapper\">\n\t\t\t<h5><span style=\"color: #ff0000;\">SALES MACHINE<\/span><\/h5>\n\n\t\t<\/div>\n\t<\/div>\n\n\t<div class=\"wpb_text_column wpb_content_element  wpb_animate_when_almost_visible wpb_left-to-right left-to-right\" >\n\t\t<div class=\"wpb_wrapper\">\n\t\t\t<p><img loading=\"lazy\" class=\"alignleft wp-image-5577\" src=\"https:\/\/hydrosprzet.pl\/wp-content\/uploads\/2020\/03\/Screenshot_1.png\" alt=\"\" width=\"37\" height=\"75\" \/><\/p>\n<h5>\u00a0Daniel Kukla<\/h5>\n<p><a href=\"mailto:mateusz.matras@hydrosprzet.pl\">\u00a0<\/a><a href=\"mailto:daniel.kukla@hydrosprzet.pl\">daniel.kukla@hydrosprzet.pl<\/a><\/p>\n<p>+48 602 447 753<\/p>\n\n\t\t<\/div>\n\t<\/div>\n\n\t<div class=\"wpb_text_column wpb_content_element  wpb_animate_when_almost_visible wpb_left-to-right left-to-right\" >\n\t\t<div class=\"wpb_wrapper\">\n\t\t\t<p><img loading=\"lazy\" class=\"alignleft wp-image-5577\" src=\"https:\/\/hydrosprzet.pl\/wp-content\/uploads\/2020\/03\/Screenshot_1.png\" alt=\"\" width=\"37\" height=\"75\" \/><\/p>\n<h5>\u00a0Jacek Kwiecjasz<\/h5>\n<p><a href=\"mailto:mateusz.matras@hydrosprzet.pl\">\u00a0<\/a><a href=\"mailto:jacek.kwiecjasz@hydrosprzet.pl\">jacek.kwiecjasz@hydrosprzet.pl<\/a><\/p>\n<p>+48 504 166 987<\/p>\n\n\t\t<\/div>\n\t<\/div>\n\n\t<div class=\"wpb_text_column wpb_content_element\" >\n\t\t<div class=\"wpb_wrapper\">\n\t\t\t<h5><span style=\"color: #ff0000;\">SALES OF PARTS AND SERVICE<br \/>\n<\/span><\/h5>\n\n\t\t<\/div>\n\t<\/div>\n\n\t<div class=\"wpb_text_column wpb_content_element  wpb_animate_when_almost_visible wpb_left-to-right left-to-right\" >\n\t\t<div class=\"wpb_wrapper\">\n\t\t\t<p><img loading=\"lazy\" class=\"alignleft wp-image-5577\" src=\"https:\/\/hydrosprzet.pl\/wp-content\/uploads\/2020\/03\/Screenshot_1.png\" alt=\"\" width=\"37\" height=\"75\" \/><\/p>\n<h5>\u00a0Sebastian Szczepanik<\/h5>\n<p><a href=\"mailto:mateusz.matras@hydrosprzet.pl\">\u00a0<\/a><a href=\"mailto:sebastian.szczepanik@hydrosprzet.pl\">sebastian.szczepanik@hydrosprzet.pl<\/a><\/p>\n<p>+48 508 143 980<\/p>\n\n\t\t<\/div>\n\t<\/div>\n\n\t<div class=\"wpb_text_column wpb_content_element  wpb_animate_when_almost_visible wpb_left-to-right left-to-right\" >\n\t\t<div class=\"wpb_wrapper\">\n\t\t\t<p><img loading=\"lazy\" class=\"alignleft wp-image-5577\" src=\"https:\/\/hydrosprzet.pl\/wp-content\/uploads\/2020\/03\/Screenshot_1.png\" alt=\"\" width=\"37\" height=\"75\" \/><\/p>\n<h5>\u00a0Adam Kr\u00f3l<\/h5>\n<p><a href=\"mailto:mateusz.matras@hydrosprzet.pl\">\u00a0<\/a><a href=\"mailto:adam.krol@hydrosprzet.pl\">adam.krol@hydrosprzet.pl<\/a><\/p>\n<p>+48 508 143 985<\/p>\n\n\t\t<\/div>\n\t<\/div>\n<\/div><\/div><\/div><\/div><div class=\"vc_row wpb_row vc_row-fluid\" ><div class=\"wpb_column vc_column_container vc_col-sm-12\"><div class=\"vc_column-inner\"><div class=\"wpb_wrapper\">\r\n\r\n<div class=\"wd_empty_space\" data-heightmobile=\"100\" data-heighttablet=\"100\" data-heightdesktop=\"100\">\r\n\r\n<\/div>\r\n      \r\n\r\n\r\n\r\n        \r\n      \r\n    <\/div><\/div><\/div><\/div>","protected":false},"excerpt":{"rendered":"Filia na \u015al\u0105sku Firma HYDROSPRZ\u0118T ma swoj\u0105 siedzib\u0119 w B\u0119dzinie. Zajmujemy si\u0119 sprzeda\u017c\u0105 cz\u0119\u015bci zamiennych do maszyn budowlanych, ponadto wykonujemy serwis maszyn budowlanych. otomoto EMAIL bedzin@hydrosprzet.pl NR. TEL +48 508 143 980 ADRES Piastowska 29, 42-500 B\u0119dzin SPRZEDA\u017b MASZYN \u00a0Daniel Kukla \u00a0daniel.kukla@hydrosprzet.pl +48 602 447 753 \u00a0Jacek Kwiecjasz \u00a0jacek.kwiecjasz@hydrosprzet.pl +48 504 166 987 SPRZEDA\u017b CZ\u0118\u015aCI [...]","protected":false},"author":1,"featured_media":0,"parent":0,"menu_order":0,"comment_status":"closed","ping_status":"closed","template":"","meta":[],"yoast_head":"<!-- This site is optimized with the Yoast SEO plugin v17.3 - https:\/\/yoast.com\/wordpress\/plugins\/seo\/ -->\n<title>Regeneracja reduktor\u00f3w jazdy - Kontakt-bedzin - Hydrosprz\u0119t<\/title>\n<meta name=\"description\" content=\"Regeneracja reduktor\u00f3w jazdy - Firma Hydrosprz\u0119t poisadam warsztat i wysoko wyszkolonych specjalist\u00f3w, kt\u00f3rzy podo\u0142aj\u0105 ka\u017cdemu zadaniu.\" \/>\n<meta name=\"robots\" content=\"index, follow, max-snippet:-1, max-image-preview:large, max-video-preview:-1\" \/>\n<link rel=\"canonical\" href=\"https:\/\/hydrosprzet.pl\/en\/kontakt-bedzin\/\" \/>\n<meta property=\"og:locale\" content=\"en_US\" \/>\n<meta property=\"og:type\" content=\"article\" \/>\n<meta property=\"og:title\" content=\"Regeneracja reduktor\u00f3w jazdy - Kontakt-bedzin - Hydrosprz\u0119t\" \/>\n<meta property=\"og:description\" content=\"Regeneracja reduktor\u00f3w jazdy - Firma Hydrosprz\u0119t poisadam warsztat i wysoko wyszkolonych specjalist\u00f3w, kt\u00f3rzy podo\u0142aj\u0105 ka\u017cdemu zadaniu.\" \/>\n<meta property=\"og:url\" content=\"https:\/\/hydrosprzet.pl\/en\/kontakt-bedzin\/\" \/>\n<meta property=\"og:site_name\" content=\"Hydrosprz\u0119t\" \/>\n<meta property=\"article:modified_time\" content=\"2025-12-03T13:23:58+00:00\" \/>\n<meta property=\"og:image\" content=\"https:\/\/hydrosprzet.pl\/wp-content\/uploads\/2020\/03\/Screenshot_1.png\" \/>\n<meta name=\"twitter:card\" content=\"summary_large_image\" \/>\n<meta name=\"twitter:label1\" content=\"Est. reading time\" \/>\n\t<meta name=\"twitter:data1\" content=\"2 minutes\" \/>\n<script type=\"application\/ld+json\" class=\"yoast-schema-graph\">{\"@context\":\"https:\/\/schema.org\",\"@graph\":[{\"@type\":\"WebSite\",\"@id\":\"https:\/\/hydrosprzet.pl\/#website\",\"url\":\"https:\/\/hydrosprzet.pl\/\",\"name\":\"Hydrosprz\\u0119t\",\"description\":\"Maszyny budowlane\",\"potentialAction\":[{\"@type\":\"SearchAction\",\"target\":{\"@type\":\"EntryPoint\",\"urlTemplate\":\"https:\/\/hydrosprzet.pl\/?s={search_term_string}\"},\"query-input\":\"required name=search_term_string\"}],\"inLanguage\":\"en-US\"},{\"@type\":\"ImageObject\",\"@id\":\"https:\/\/hydrosprzet.pl\/kontakt-bedzin\/#primaryimage\",\"inLanguage\":\"en-US\",\"url\":\"https:\/\/hydrosprzet.pl\/wp-content\/uploads\/2020\/03\/Screenshot_1.png\",\"contentUrl\":\"https:\/\/hydrosprzet.pl\/wp-content\/uploads\/2020\/03\/Screenshot_1.png\",\"width\":69,\"height\":141},{\"@type\":\"WebPage\",\"@id\":\"https:\/\/hydrosprzet.pl\/kontakt-bedzin\/#webpage\",\"url\":\"https:\/\/hydrosprzet.pl\/kontakt-bedzin\/\",\"name\":\"Regeneracja reduktor\\u00f3w jazdy - Kontakt-bedzin - Hydrosprz\\u0119t\",\"isPartOf\":{\"@id\":\"https:\/\/hydrosprzet.pl\/#website\"},\"primaryImageOfPage\":{\"@id\":\"https:\/\/hydrosprzet.pl\/kontakt-bedzin\/#primaryimage\"},\"datePublished\":\"2020-03-23T09:57:25+00:00\",\"dateModified\":\"2025-12-03T13:23:58+00:00\",\"description\":\"Regeneracja reduktor\\u00f3w jazdy - Firma Hydrosprz\\u0119t poisadam warsztat i wysoko wyszkolonych specjalist\\u00f3w, kt\\u00f3rzy podo\\u0142aj\\u0105 ka\\u017cdemu zadaniu.\",\"breadcrumb\":{\"@id\":\"https:\/\/hydrosprzet.pl\/kontakt-bedzin\/#breadcrumb\"},\"inLanguage\":\"en-US\",\"potentialAction\":[{\"@type\":\"ReadAction\",\"target\":[\"https:\/\/hydrosprzet.pl\/kontakt-bedzin\/\"]}]},{\"@type\":\"BreadcrumbList\",\"@id\":\"https:\/\/hydrosprzet.pl\/kontakt-bedzin\/#breadcrumb\",\"itemListElement\":[{\"@type\":\"ListItem\",\"position\":1,\"name\":\"Strona g\\u0142\\u00f3wna\",\"item\":\"https:\/\/hydrosprzet.pl\/\"},{\"@type\":\"ListItem\",\"position\":2,\"name\":\"Kontakt-bedzin\"}]}]}<\/script>\n<!-- \/ Yoast SEO plugin. -->","yoast_head_json":{"title":"Regeneracja reduktor\u00f3w jazdy - Kontakt-bedzin - Hydrosprz\u0119t","description":"Regeneracja reduktor\u00f3w jazdy - Firma Hydrosprz\u0119t poisadam warsztat i wysoko wyszkolonych specjalist\u00f3w, kt\u00f3rzy podo\u0142aj\u0105 ka\u017cdemu zadaniu.","robots":{"index":"index","follow":"follow","max-snippet":"max-snippet:-1","max-image-preview":"max-image-preview:large","max-video-preview":"max-video-preview:-1"},"canonical":"https:\/\/hydrosprzet.pl\/en\/kontakt-bedzin\/","og_locale":"en_US","og_type":"article","og_title":"Regeneracja reduktor\u00f3w jazdy - Kontakt-bedzin - Hydrosprz\u0119t","og_description":"Regeneracja reduktor\u00f3w jazdy - Firma Hydrosprz\u0119t poisadam warsztat i wysoko wyszkolonych specjalist\u00f3w, kt\u00f3rzy podo\u0142aj\u0105 ka\u017cdemu zadaniu.","og_url":"https:\/\/hydrosprzet.pl\/en\/kontakt-bedzin\/","og_site_name":"Hydrosprz\u0119t","article_modified_time":"2025-12-03T13:23:58+00:00","og_image":[{"url":"https:\/\/hydrosprzet.pl\/wp-content\/uploads\/2020\/03\/Screenshot_1.png"}],"twitter_card":"summary_large_image","twitter_misc":{"Est. reading time":"2 minutes"},"schema":{"@context":"https:\/\/schema.org","@graph":[{"@type":"WebSite","@id":"https:\/\/hydrosprzet.pl\/#website","url":"https:\/\/hydrosprzet.pl\/","name":"Hydrosprz\u0119t","description":"Maszyny budowlane","potentialAction":[{"@type":"SearchAction","target":{"@type":"EntryPoint","urlTemplate":"https:\/\/hydrosprzet.pl\/?s={search_term_string}"},"query-input":"required name=search_term_string"}],"inLanguage":"en-US"},{"@type":"ImageObject","@id":"https:\/\/hydrosprzet.pl\/kontakt-bedzin\/#primaryimage","inLanguage":"en-US","url":"https:\/\/hydrosprzet.pl\/wp-content\/uploads\/2020\/03\/Screenshot_1.png","contentUrl":"https:\/\/hydrosprzet.pl\/wp-content\/uploads\/2020\/03\/Screenshot_1.png","width":69,"height":141},{"@type":"WebPage","@id":"https:\/\/hydrosprzet.pl\/kontakt-bedzin\/#webpage","url":"https:\/\/hydrosprzet.pl\/kontakt-bedzin\/","name":"Regeneracja reduktor\u00f3w jazdy - Kontakt-bedzin - Hydrosprz\u0119t","isPartOf":{"@id":"https:\/\/hydrosprzet.pl\/#website"},"primaryImageOfPage":{"@id":"https:\/\/hydrosprzet.pl\/kontakt-bedzin\/#primaryimage"},"datePublished":"2020-03-23T09:57:25+00:00","dateModified":"2025-12-03T13:23:58+00:00","description":"Regeneracja reduktor\u00f3w jazdy - Firma Hydrosprz\u0119t poisadam warsztat i wysoko wyszkolonych specjalist\u00f3w, kt\u00f3rzy podo\u0142aj\u0105 ka\u017cdemu zadaniu.","breadcrumb":{"@id":"https:\/\/hydrosprzet.pl\/kontakt-bedzin\/#breadcrumb"},"inLanguage":"en-US","potentialAction":[{"@type":"ReadAction","target":["https:\/\/hydrosprzet.pl\/kontakt-bedzin\/"]}]},{"@type":"BreadcrumbList","@id":"https:\/\/hydrosprzet.pl\/kontakt-bedzin\/#breadcrumb","itemListElement":[{"@type":"ListItem","position":1,"name":"Strona g\u0142\u00f3wna","item":"https:\/\/hydrosprzet.pl\/"},{"@type":"ListItem","position":2,"name":"Kontakt-bedzin"}]}]}},"_links":{"self":[{"href":"https:\/\/hydrosprzet.pl\/en\/wp-json\/wp\/v2\/pages\/5633"}],"collection":[{"href":"https:\/\/hydrosprzet.pl\/en\/wp-json\/wp\/v2\/pages"}],"about":[{"href":"https:\/\/hydrosprzet.pl\/en\/wp-json\/wp\/v2\/types\/page"}],"author":[{"embeddable":true,"href":"https:\/\/hydrosprzet.pl\/en\/wp-json\/wp\/v2\/users\/1"}],"replies":[{"embeddable":true,"href":"https:\/\/hydrosprzet.pl\/en\/wp-json\/wp\/v2\/comments?post=5633"}],"version-history":[{"count":11,"href":"https:\/\/hydrosprzet.pl\/en\/wp-json\/wp\/v2\/pages\/5633\/revisions"}],"predecessor-version":[{"id":7693,"href":"https:\/\/hydrosprzet.pl\/en\/wp-json\/wp\/v2\/pages\/5633\/revisions\/7693"}],"wp:attachment":[{"href":"https:\/\/hydrosprzet.pl\/en\/wp-json\/wp\/v2\/media?parent=5633"}],"curies":[{"name":"wp","href":"https:\/\/api.w.org\/{rel}","templated":true}]}}