{"id":337,"date":"2018-04-20T16:30:52","date_gmt":"2018-04-20T16:30:52","guid":{"rendered":"http:\/\/themes.webdevia.com\/backhoe-heavy-construction-equipment-rentals-machinery-wordpress-theme\/?page_id=337"},"modified":"2022-12-14T09:04:15","modified_gmt":"2022-12-14T08:04:15","slug":"badania-udt","status":"publish","type":"page","link":"https:\/\/hydrosprzet.pl\/en\/badania-udt\/","title":{"rendered":"BADANIA UDT"},"content":{"rendered":"<div class=\"vc_row wpb_row vc_row-fluid\" ><div class=\"wpb_column vc_column_container vc_col-sm-2\"><div class=\"vc_column-inner\"><div class=\"wpb_wrapper\"><\/div><\/div><\/div><div class=\"wpb_column vc_column_container vc_col-sm-8\"><div class=\"vc_column-inner\"><div class=\"wpb_wrapper\">\n\t<div class=\"wpb_text_column wpb_content_element\" >\n\t\t<div class=\"wpb_wrapper\">\n\t\t\t<p style=\"text-align: center;\"><a href=\"https:\/\/hydrosprzet.pl\/en\/onas\/\">Hydrosprz\u0119t<\/a> organizuje badania UDT oraz wspiera naszych klient\u00f3w w rejestracji urz\u0105dze\u0144 podlegaj\u0105cych Dozorowi Technicznemu niemal wszystkich urz\u0105dze\u0144 transportu bliskiego. Realizujemy przegl\u0105dy i badania UTB w tym: podesty ruchome, \u017curawie samojezdne, przeno\u015bne, przewo\u017ane, wie\u017cowe, stacjonarne; w\u00f3zki jezdniowe w tym specjalizowane, d\u017awigniki o ruchu prostoliniowym i nie prostoliniowym, suwnice, wci\u0105garki, wci\u0105gniki i inne urz\u0105dzenia.<\/p>\n<p style=\"text-align: center;\">Zajmujemy si\u0119 r\u00f3wnie\u017c nadzorem i obs\u0142ug\u0105 spraw (w tym dokument\u00f3w np. resurs) zwi\u0105zanych z funkcjonowaniem urz\u0105dze\u0144 transportu bliskiego, zg\u0142oszeniami, odbiorami i dopuszczeniami do eksploatacji przez inspektor\u00f3w UDT.<br \/>\nBadania UDT przeprowadzane s\u0105 na terenie naszej firmy oraz mobilnie w obecno\u015bci wykwalifikowanych konserwator\u00f3w.<br \/>\nPrzygotowujemy do bada\u0144 okresowych, odbiorczych i kontrolnych na terenie ca\u0142ej Polski.<\/p>\n<p style=\"text-align: center;\">Zajmujemy si\u0119 monta\u017cem, naprawami i modernizacjami urz\u0105dze\u0144 transportu bliskiego. Wszystkie prace i procedury zwi\u0105zane z t\u0105 dzia\u0142alno\u015bci\u0105 s\u0105 prowadzone zgodnie z obowi\u0105zuj\u0105cymi przepisami i wytycznymi Urz\u0119du Dozoru Technicznego.<\/p>\n\n\t\t<\/div>\n\t<\/div>\n<\/div><\/div><\/div><div class=\"wpb_column vc_column_container vc_col-sm-2\"><div class=\"vc_column-inner\"><div class=\"wpb_wrapper\"><\/div><\/div><\/div><\/div><div class=\"vc_row wpb_row vc_row-fluid vc_custom_1600758154757\" ><div class=\"wpb_column vc_column_container vc_col-sm-2\"><div class=\"vc_column-inner\"><div class=\"wpb_wrapper\"><\/div><\/div><\/div><div class=\"wpb_column vc_column_container vc_col-sm-8\"><div class=\"vc_column-inner\"><div class=\"wpb_wrapper\">\r\n\r\n<div class=\"wd_empty_space\" data-heightmobile=\"58\" data-heighttablet=\"58\" data-heightdesktop=\"58\">\r\n\r\n<\/div>\r\n      \r\n\r\n\r\n\r\n        \r\n      \r\n    <div class='wd_empty_space' data-heightmobile='' data-heighttablet='' data-heightdesktop=''><\/div>  <div class=\"wd-heading text-center\"\r\n\t\t    style=\"; \" data-devia-animate=''>\r\n\t\t\t\t\t\t\t\t        <p style=\"font-size:1px;color:#ffffff;line-height:1px;letter-spacing:1px;\" class=\"sub_title_a\">\r\n\t\t\t\t.        <\/p>\r\n\t\t\t\t\t\t\r\n      <h2 style=\"\" class=\"title_a\"\r\n        data-text=\".\">\r\n\t\t\tURZ\u0104D DOZORU TECHNICZNEGO      <\/h2>\r\n\r\n\t\t\t<hr class='hr_a' style=' margin: 10px auto;'\/>\r\n\t\t    <\/div>\r\n    <div class='wd_empty_space' data-heightmobile='67' data-heighttablet='67' data-heightdesktop='67'><\/div><\/div><\/div><\/div><div class=\"wpb_column vc_column_container vc_col-sm-2\"><div class=\"vc_column-inner\"><div class=\"wpb_wrapper\"><\/div><\/div><\/div><\/div><div class=\"vc_row wpb_row vc_row-fluid __row-has-m\" ><div class=\"wpb_column vc_column_container vc_col-sm-4\"><div class=\"vc_column-inner\"><div class=\"wpb_wrapper\">\n\t<div class=\"wpb_text_column wpb_content_element\" >\n\t\t<div class=\"wpb_wrapper\">\n\t\t\t<p>Eksploatacja, obs\u0142uga, rejestracja, konserwacja oraz szeroko poj\u0119ty nadz\u00f3r nad urz\u0105dzeniami d\u017awignicowymi prowadzony jest przez Urz\u0105d Dozoru Technicznego. Jest to instytucja pa\u0144stwowa, kt\u00f3ra w spos\u00f3b kompleksowy sprawuje nadz\u00f3r nad wszystkimi urz\u0105dzeniami obj\u0119tymi dozorem technicznym w naszym kraju. Ka\u017cde przedsi\u0119biorstwo wykorzystuj\u0105ce w swojej firmie \u017curawie, podesty HDS i inne urz\u0105dzenia transportu bliskiego zobligowane jest do ich rejestracji w UDT, a tak\u017ce kontroli stanu technicznego. Zgodnie z przepisami, przedsi\u0119biorca musi zarejestrowa\u0107 ka\u017cde urz\u0105dzenie transportu bliskiego, a tak\u017ce poddawa\u0107 je okresowym badaniom technicznym. Poza tym obowi\u0105zkiem przedsi\u0119biorcy jest tak\u017ce zg\u0142aszanie powsta\u0142ych awarii oraz wykonywanych napraw.<\/p>\n\n\t\t<\/div>\n\t<\/div>\n<\/div><\/div><\/div><div class=\"wpb_column vc_column_container vc_col-sm-4\"><div class=\"vc_column-inner\"><div class=\"wpb_wrapper\">\n\t<div class=\"wpb_text_column wpb_content_element\" >\n\t\t<div class=\"wpb_wrapper\">\n\t\t\t<p><a href=\"https:\/\/www.udt.gov.pl\/\">Urz\u0105d Dozoru Technicznego<\/a> (UDT) \u2013 instytucja pa\u0144stwowa powo\u0142ana w celu zapewnienia bezpiecze\u0144stwa urz\u0105dze\u0144 i instalacji technicznych podlegaj\u0105cych dozorowi technicznemu. Jako jednostka notyfikowana prowadzi dzia\u0142alno\u015b\u0107 certyfikacyjn\u0105 (UDT-CERT) i szkoleniow\u0105. Zapleczem badawczo-ekspertyzowym UDT jest Centralne Laboratorium Dozoru Technicznego (CLDT) w Poznaniu. CLDT posiada certyfikaty akredytacji nr AB 001 oraz AP 136 wydane przez Polskie Centrum Akredytacji. Urz\u0105d powsta\u0142 na podstawie dekretu z 26 pa\u017adziernika 1946 roku. W 1978 Urz\u0119dowi nadano statut.<\/p>\n\n\t\t<\/div>\n\t<\/div>\n<\/div><\/div><\/div><div class=\"wpb_column vc_column_container vc_col-sm-4\"><div class=\"vc_column-inner\"><div class=\"wpb_wrapper\">\n\t<div class=\"wpb_text_column wpb_content_element\" >\n\t\t<div class=\"wpb_wrapper\">\n\t\t\t<p>Dozorem technicznym s\u0105 dzia\u0142ania okre\u015blone ustaw\u0105 o dozorze technicznym zmierzaj\u0105ce do zapewnienia bezpiecznego funkcjonowania urz\u0105dze\u0144 technicznych podlegaj\u0105cych dozorowi technicznemu stwarzaj\u0105cych zagro\u017cenie poprzez rozpr\u0119\u017canie gaz\u00f3w znajduj\u0105cych si\u0119 pod ci\u015bnieniem r\u00f3\u017cnym od atmosferycznego, wyzwolenie energii potencjalnej lub kinetycznej przy przemieszczaniu si\u0119 ludzi i \u0142adunk\u00f3w w ograniczonym zasi\u0119gu oraz rozprzestrzenianie si\u0119 materia\u0142\u00f3w niebezpiecznych podczas ich magazynowania lub transportu.<\/p>\n\n\t\t<\/div>\n\t<\/div>\n<\/div><\/div><\/div><\/div><div data-vc-full-width=\"true\" data-vc-full-width-init=\"false\" class=\"vc_row wpb_row vc_row-fluid gradient-row\" ><div class=\"wpb_column vc_column_container vc_col-sm-12\"><div class=\"vc_column-inner vc_custom_1523273462671\"><div class=\"wpb_wrapper\">\r\n\r\n<div class=\"wd_empty_space\" data-heightmobile=\"40\" data-heighttablet=\"40\" data-heightdesktop=\"40\">\r\n\r\n<\/div>\r\n      \r\n\r\n\r\n\r\n        \r\n      \r\n    <div class='wd_empty_space' data-heightmobile='' data-heighttablet='' data-heightdesktop=''><\/div>  <div class=\"wd-heading text-left\"\r\n\t\t    style=\"; \" data-devia-animate=''>\r\n\t\t\r\n      <h2 style=\"\" class=\"title_a\"\r\n       data-text=\"Zakres dzia\u0142alno\u015bci UDT\">\r\n\t\t\tZakres dzia\u0142alno\u015bci UDT      <\/h2>\r\n\r\n\t\t\t<hr class='hr_a' style=' margin: 10px 0;'\/>    <\/div>\r\n    <div class='wd_empty_space' data-heightmobile='67' data-heighttablet='67' data-heightdesktop='67'><\/div>\r\n\r\n<div class=\"wd_empty_space\" data-heightmobile=\"50\" data-heighttablet=\"50\" data-heightdesktop=\"50\">\r\n\r\n<\/div>\r\n      \r\n\r\n\r\n\r\n        \r\n      \r\n    <\/div><\/div><\/div><\/div><div class=\"vc_row-full-width vc_clearfix\"><\/div><div class=\"vc_row wpb_row vc_row-fluid\" ><div class=\"wpb_column vc_column_container vc_col-sm-12\"><div class=\"vc_column-inner\"><div class=\"wpb_wrapper\">\n\t<div class=\"wpb_text_column wpb_content_element\" >\n\t\t<div class=\"wpb_wrapper\">\n\t\t\t<p style=\"text-align: center;\">Nasza firma zajmuje si\u0119 napraw\u0105 i modernizacj\u0105 urz\u0105dze\u0144 transportu bliskiego do czego mamy stosowne uprawnienia UDT do napraw nr UD-12-86-N\/2-16; oraz modernizacji nr UD-12-86-P\/1-08.<\/p>\n<p style=\"text-align: center;\">Zapewniamy kompleksow\u0105 us\u0142ug\u0119 za\u0142atwiania wszelkich spraw zwi\u0105zanych z formalno\u015bciami, jakie trzeba dope\u0142ni\u0107 w Urz\u0119dzie Dozoru Technicznego.<\/p>\n<p style=\"text-align: center;\">Mamy kompetencje i kwalifikacje, \u017ceby reprezentowa\u0107 naszych klient\u00f3w przed UDT zar\u00f3wno podczas rejestracji nowo zakupionych urz\u0105dze\u0144 jak r\u00f3wnie\u017c w trakcie ich eksploatacji.<\/p>\n<p style=\"text-align: center;\">Za\u0142atwiamy wszystkie formalno\u015bci, kt\u00f3rym podlegaj\u0105 urz\u0105dzenia transportu bliskiego.<\/p>\n<p style=\"text-align: center;\">Zapewniamy fachowe wsparcie, doradztwo i serwis UTB.<\/p>\n<p style=\"text-align: center;\"><strong>Najcz\u0119\u015bciej wykonywane zadania:<\/strong><\/p>\n<p style=\"text-align: center;\">\u2013 Rejestracja urz\u0105dze\u0144 sprowadzonych z zagranicy<\/p>\n<p style=\"text-align: center;\">\u2013 Weryfikacja urz\u0105dzenia<\/p>\n<p style=\"text-align: center;\">\u2013 Przygotowanie urz\u0105dzenia do badania UDT<\/p>\n<p style=\"text-align: center;\">\u2013 Kompleksowe przygotowanie dokumentacji<\/p>\n\n\t\t<\/div>\n\t<\/div>\n<\/div><\/div><\/div><\/div><div class=\"vc_row wpb_row vc_row-fluid\" ><div class=\"wpb_column vc_column_container vc_col-sm-12\"><div class=\"vc_column-inner\"><div class=\"wpb_wrapper\"><div class=\"vc_btn3-container  popmake-7479 vc_btn3-center\" ><button class=\"vc_general vc_btn3 vc_btn3-size-md vc_btn3-shape-round vc_btn3-style-outline vc_btn3-color-inverse\" onclick=\"popmake-7479\">Badania techniczne urz\u0105dze\u0144.<\/button><\/div><div class=\"vc_btn3-container  popmake-7481 vc_btn3-center\" ><button class=\"vc_general vc_btn3 vc_btn3-size-md vc_btn3-shape-round vc_btn3-style-outline vc_btn3-color-inverse\" onclick=\"popmake-7481\">Naprawy i modernizacje.<\/button><\/div><\/div><\/div><\/div><\/div><div data-vc-full-width=\"true\" data-vc-full-width-init=\"false\" class=\"vc_row wpb_row vc_row-fluid gradient-row\" ><div class=\"wpb_column vc_column_container vc_col-sm-12\"><div class=\"vc_column-inner vc_custom_1523273462671\"><div class=\"wpb_wrapper\">\r\n\r\n<div class=\"wd_empty_space\" data-heightmobile=\"40\" data-heighttablet=\"40\" data-heightdesktop=\"40\">\r\n\r\n<\/div>\r\n      \r\n\r\n\r\n\r\n        \r\n      \r\n    <div class='wd_empty_space' data-heightmobile='' data-heighttablet='' data-heightdesktop=''><\/div>  <div class=\"wd-heading text-left\"\r\n\t\t    style=\"; \" data-devia-animate=''>\r\n\t\t\r\n      <h2 style=\"\" class=\"title_a\"\r\n       data-text=\"Urz\u0105d dozoru technicznego\">\r\n\t\t\tUrz\u0105d dozoru technicznego      <\/h2>\r\n\r\n\t\t\t<hr class='hr_a' style=' margin: 10px 0;'\/>    <\/div>\r\n    <div class='wd_empty_space' data-heightmobile='67' data-heighttablet='67' data-heightdesktop='67'><\/div>\r\n\r\n<div class=\"wd_empty_space\" data-heightmobile=\"40\" data-heighttablet=\"40\" data-heightdesktop=\"20\">\r\n\r\n<\/div>\r\n      \r\n\r\n\r\n\r\n        \r\n      \r\n    <\/div><\/div><\/div><\/div><div class=\"vc_row-full-width vc_clearfix\"><\/div><div class=\"vc_row wpb_row vc_row-fluid\" ><div class=\"wpb_column vc_column_container vc_col-sm-12\"><div class=\"vc_column-inner\"><div class=\"wpb_wrapper\">\n\t<div class=\"wpb_text_column wpb_content_element\" >\n\t\t<div class=\"wpb_wrapper\">\n\t\t\t<p>Nasz dzia\u0142 zajmuje si\u0119 bardzo szerokim asortymentem urz\u0105dze\u0144 wielu r\u00f3\u017cnych producent\u00f3w. W\u015br\u00f3d urz\u0105dze\u0144 transportu bliskiego, kt\u00f3re obejmuje nasz serwis i konserwacja, mo\u017cna wyr\u00f3\u017cni\u0107:<\/p>\n\n\t\t<\/div>\n\t<\/div>\n<\/div><\/div><\/div><\/div><div class=\"vc_row wpb_row vc_row-fluid\" ><div class=\"wpb_column vc_column_container vc_col-sm-4\"><div class=\"vc_column-inner\"><div class=\"wpb_wrapper\"><div class=\"vc_btn3-container  popmake-7486 vc_btn3-center\" ><button class=\"vc_general vc_btn3 vc_btn3-size-md vc_btn3-shape-round vc_btn3-style-outline vc_btn3-color-inverse\" onclick=\"popmake-7486\">\u017burawie wie\u017cowe<\/button><\/div><\/div><\/div><\/div><div class=\"wpb_column vc_column_container vc_col-sm-4\"><div class=\"vc_column-inner\"><div class=\"wpb_wrapper\"><div class=\"vc_btn3-container  popmake-7496 vc_btn3-center\" ><button class=\"vc_general vc_btn3 vc_btn3-size-md vc_btn3-shape-round vc_btn3-style-outline vc_btn3-color-inverse\" onclick=\"popmake-7496\">\u0141adowarki teleskopowe; w\u00f3zki wid\u0142owe<\/button><\/div><\/div><\/div><\/div><div class=\"wpb_column vc_column_container vc_col-sm-4\"><div class=\"vc_column-inner\"><div class=\"wpb_wrapper\"><div class=\"vc_btn3-container  popmake-7490 vc_btn3-center\" ><button class=\"vc_general vc_btn3 vc_btn3-size-md vc_btn3-shape-round vc_btn3-style-outline vc_btn3-color-inverse\" onclick=\"popmake-7490\">\u017burawie przeno\u015bne<\/button><\/div><\/div><\/div><\/div><\/div><div class=\"vc_row wpb_row vc_row-fluid\" ><div class=\"wpb_column vc_column_container vc_col-sm-4\"><div class=\"vc_column-inner\"><div class=\"wpb_wrapper\"><div class=\"vc_btn3-container  popmake-7492 vc_btn3-center\" ><button class=\"vc_general vc_btn3 vc_btn3-size-md vc_btn3-shape-round vc_btn3-style-outline vc_btn3-color-inverse\" onclick=\"popmake-7492\">Podesty ruchome<\/button><\/div><\/div><\/div><\/div><div class=\"wpb_column vc_column_container vc_col-sm-4\"><div class=\"vc_column-inner\"><div class=\"wpb_wrapper\"><div class=\"vc_btn3-container  popmake-7494 vc_btn3-center\" ><button class=\"vc_general vc_btn3 vc_btn3-size-md vc_btn3-shape-round vc_btn3-style-outline vc_btn3-color-inverse\" onclick=\"popmake-7494\">Suwnice; wci\u0105gniki, wci\u0105garki, \u017curawie stacjonarne;<\/button><\/div><\/div><\/div><\/div><div class=\"wpb_column vc_column_container vc_col-sm-4\"><div class=\"vc_column-inner\"><div class=\"wpb_wrapper\"><div class=\"vc_btn3-container  popmake-7488 vc_btn3-center\" ><button class=\"vc_general vc_btn3 vc_btn3-size-md vc_btn3-shape-round vc_btn3-style-outline vc_btn3-color-inverse\" onclick=\"popmake-7488\">\u017burawie samojezdne<\/button><\/div><\/div><\/div><\/div><\/div><div class=\"vc_row wpb_row vc_row-fluid\" ><div class=\"wpb_column vc_column_container vc_col-sm-4\"><div class=\"vc_column-inner\"><div class=\"wpb_wrapper\"><div class=\"vc_btn3-container  popmake-7498 vc_btn3-center\" ><button class=\"vc_general vc_btn3 vc_btn3-size-md vc_btn3-shape-round vc_btn3-style-outline vc_btn3-color-inverse\" onclick=\"popmake-7498\">Hakowce, bramowce<\/button><\/div><\/div><\/div><\/div><div class=\"wpb_column vc_column_container vc_col-sm-4\"><div class=\"vc_column-inner\"><div class=\"wpb_wrapper\"><div class=\"vc_btn3-container  popmake-7500 vc_btn3-center\" ><button class=\"vc_general vc_btn3 vc_btn3-size-md vc_btn3-shape-round vc_btn3-style-outline vc_btn3-color-inverse\" onclick=\"popmake-7500\">D\u017awigniki o ruchu prostoliniowym stacjonarny, przeno\u015bny<\/button><\/div><\/div><\/div><\/div><div class=\"wpb_column vc_column_container vc_col-sm-4\"><div class=\"vc_column-inner\"><div class=\"wpb_wrapper\"><div class=\"vc_btn3-container  popmake-7503 vc_btn3-center\" ><button class=\"vc_general vc_btn3 vc_btn3-size-md vc_btn3-shape-round vc_btn3-style-outline vc_btn3-color-inverse\" onclick=\"popmake-7503\">Podesty ruchome przejezdne<\/button><\/div><\/div><\/div><\/div><\/div>","protected":false},"excerpt":{"rendered":"Hydrosprz\u0119t organizuje badania UDT oraz wspiera naszych klient\u00f3w w rejestracji urz\u0105dze\u0144 podlegaj\u0105cych Dozorowi Technicznemu niemal wszystkich urz\u0105dze\u0144 transportu bliskiego. Realizujemy przegl\u0105dy i badania UTB w tym: podesty ruchome, \u017curawie samojezdne, przeno\u015bne, przewo\u017ane, wie\u017cowe, stacjonarne; w\u00f3zki jezdniowe w tym specjalizowane, d\u017awigniki o ruchu prostoliniowym i nie prostoliniowym, suwnice, wci\u0105garki, wci\u0105gniki i inne urz\u0105dzenia. Zajmujemy si\u0119 r\u00f3wnie\u017c [...]","protected":false},"author":1,"featured_media":0,"parent":0,"menu_order":0,"comment_status":"closed","ping_status":"closed","template":"","meta":[],"yoast_head":"<!-- This site is optimized with the Yoast SEO plugin v17.3 - https:\/\/yoast.com\/wordpress\/plugins\/seo\/ -->\n<title>BADANIA UDT - Hydrosprz\u0119t - Badania UDT - Wyliczanie RESURS<\/title>\n<meta name=\"description\" content=\"Firma Hydrosprz\u0119t organizuje badania UDT. Przygotuwujemy do bada\u0144 okresowych, odbiorczych i kontrolnych UDT na terenie ca\u0142ej Polski.\" \/>\n<meta name=\"robots\" content=\"index, follow, max-snippet:-1, max-image-preview:large, max-video-preview:-1\" \/>\n<link rel=\"canonical\" href=\"https:\/\/hydrosprzet.pl\/en\/badania-udt\/\" \/>\n<meta property=\"og:locale\" content=\"en_US\" \/>\n<meta property=\"og:type\" content=\"article\" \/>\n<meta property=\"og:title\" content=\"BADANIA UDT - Hydrosprz\u0119t - Badania UDT - Wyliczanie RESURS\" \/>\n<meta property=\"og:description\" content=\"Firma Hydrosprz\u0119t organizuje badania UDT. Przygotuwujemy do bada\u0144 okresowych, odbiorczych i kontrolnych UDT na terenie ca\u0142ej Polski.\" \/>\n<meta property=\"og:url\" content=\"https:\/\/hydrosprzet.pl\/en\/badania-udt\/\" \/>\n<meta property=\"og:site_name\" content=\"Hydrosprz\u0119t\" \/>\n<meta property=\"article:modified_time\" content=\"2022-12-14T08:04:15+00:00\" \/>\n<meta name=\"twitter:card\" content=\"summary_large_image\" \/>\n<meta name=\"twitter:label1\" content=\"Est. reading time\" \/>\n\t<meta name=\"twitter:data1\" content=\"3 minutes\" \/>\n<script type=\"application\/ld+json\" class=\"yoast-schema-graph\">{\"@context\":\"https:\/\/schema.org\",\"@graph\":[{\"@type\":\"WebSite\",\"@id\":\"https:\/\/hydrosprzet.pl\/#website\",\"url\":\"https:\/\/hydrosprzet.pl\/\",\"name\":\"Hydrosprz\\u0119t\",\"description\":\"Maszyny budowlane\",\"potentialAction\":[{\"@type\":\"SearchAction\",\"target\":{\"@type\":\"EntryPoint\",\"urlTemplate\":\"https:\/\/hydrosprzet.pl\/?s={search_term_string}\"},\"query-input\":\"required name=search_term_string\"}],\"inLanguage\":\"en-US\"},{\"@type\":\"WebPage\",\"@id\":\"https:\/\/hydrosprzet.pl\/badania-udt\/#webpage\",\"url\":\"https:\/\/hydrosprzet.pl\/badania-udt\/\",\"name\":\"BADANIA UDT - Hydrosprz\\u0119t - Badania UDT - Wyliczanie RESURS\",\"isPartOf\":{\"@id\":\"https:\/\/hydrosprzet.pl\/#website\"},\"datePublished\":\"2018-04-20T16:30:52+00:00\",\"dateModified\":\"2022-12-14T08:04:15+00:00\",\"description\":\"Firma Hydrosprz\\u0119t organizuje badania UDT. Przygotuwujemy do bada\\u0144 okresowych, odbiorczych i kontrolnych UDT na terenie ca\\u0142ej Polski.\",\"breadcrumb\":{\"@id\":\"https:\/\/hydrosprzet.pl\/badania-udt\/#breadcrumb\"},\"inLanguage\":\"en-US\",\"potentialAction\":[{\"@type\":\"ReadAction\",\"target\":[\"https:\/\/hydrosprzet.pl\/badania-udt\/\"]}]},{\"@type\":\"BreadcrumbList\",\"@id\":\"https:\/\/hydrosprzet.pl\/badania-udt\/#breadcrumb\",\"itemListElement\":[{\"@type\":\"ListItem\",\"position\":1,\"name\":\"Strona g\\u0142\\u00f3wna\",\"item\":\"https:\/\/hydrosprzet.pl\/\"},{\"@type\":\"ListItem\",\"position\":2,\"name\":\"BADANIA UDT\"}]}]}<\/script>\n<!-- \/ Yoast SEO plugin. -->","yoast_head_json":{"title":"BADANIA UDT - Hydrosprz\u0119t - Badania UDT - Wyliczanie RESURS","description":"Firma Hydrosprz\u0119t organizuje badania UDT. Przygotuwujemy do bada\u0144 okresowych, odbiorczych i kontrolnych UDT na terenie ca\u0142ej Polski.","robots":{"index":"index","follow":"follow","max-snippet":"max-snippet:-1","max-image-preview":"max-image-preview:large","max-video-preview":"max-video-preview:-1"},"canonical":"https:\/\/hydrosprzet.pl\/en\/badania-udt\/","og_locale":"en_US","og_type":"article","og_title":"BADANIA UDT - Hydrosprz\u0119t - Badania UDT - Wyliczanie RESURS","og_description":"Firma Hydrosprz\u0119t organizuje badania UDT. Przygotuwujemy do bada\u0144 okresowych, odbiorczych i kontrolnych UDT na terenie ca\u0142ej Polski.","og_url":"https:\/\/hydrosprzet.pl\/en\/badania-udt\/","og_site_name":"Hydrosprz\u0119t","article_modified_time":"2022-12-14T08:04:15+00:00","twitter_card":"summary_large_image","twitter_misc":{"Est. reading time":"3 minutes"},"schema":{"@context":"https:\/\/schema.org","@graph":[{"@type":"WebSite","@id":"https:\/\/hydrosprzet.pl\/#website","url":"https:\/\/hydrosprzet.pl\/","name":"Hydrosprz\u0119t","description":"Maszyny budowlane","potentialAction":[{"@type":"SearchAction","target":{"@type":"EntryPoint","urlTemplate":"https:\/\/hydrosprzet.pl\/?s={search_term_string}"},"query-input":"required name=search_term_string"}],"inLanguage":"en-US"},{"@type":"WebPage","@id":"https:\/\/hydrosprzet.pl\/badania-udt\/#webpage","url":"https:\/\/hydrosprzet.pl\/badania-udt\/","name":"BADANIA UDT - Hydrosprz\u0119t - Badania UDT - Wyliczanie RESURS","isPartOf":{"@id":"https:\/\/hydrosprzet.pl\/#website"},"datePublished":"2018-04-20T16:30:52+00:00","dateModified":"2022-12-14T08:04:15+00:00","description":"Firma Hydrosprz\u0119t organizuje badania UDT. Przygotuwujemy do bada\u0144 okresowych, odbiorczych i kontrolnych UDT na terenie ca\u0142ej Polski.","breadcrumb":{"@id":"https:\/\/hydrosprzet.pl\/badania-udt\/#breadcrumb"},"inLanguage":"en-US","potentialAction":[{"@type":"ReadAction","target":["https:\/\/hydrosprzet.pl\/badania-udt\/"]}]},{"@type":"BreadcrumbList","@id":"https:\/\/hydrosprzet.pl\/badania-udt\/#breadcrumb","itemListElement":[{"@type":"ListItem","position":1,"name":"Strona g\u0142\u00f3wna","item":"https:\/\/hydrosprzet.pl\/"},{"@type":"ListItem","position":2,"name":"BADANIA UDT"}]}]}},"_links":{"self":[{"href":"https:\/\/hydrosprzet.pl\/en\/wp-json\/wp\/v2\/pages\/337"}],"collection":[{"href":"https:\/\/hydrosprzet.pl\/en\/wp-json\/wp\/v2\/pages"}],"about":[{"href":"https:\/\/hydrosprzet.pl\/en\/wp-json\/wp\/v2\/types\/page"}],"author":[{"embeddable":true,"href":"https:\/\/hydrosprzet.pl\/en\/wp-json\/wp\/v2\/users\/1"}],"replies":[{"embeddable":true,"href":"https:\/\/hydrosprzet.pl\/en\/wp-json\/wp\/v2\/comments?post=337"}],"version-history":[{"count":29,"href":"https:\/\/hydrosprzet.pl\/en\/wp-json\/wp\/v2\/pages\/337\/revisions"}],"predecessor-version":[{"id":7509,"href":"https:\/\/hydrosprzet.pl\/en\/wp-json\/wp\/v2\/pages\/337\/revisions\/7509"}],"wp:attachment":[{"href":"https:\/\/hydrosprzet.pl\/en\/wp-json\/wp\/v2\/media?parent=337"}],"curies":[{"name":"wp","href":"https:\/\/api.w.org\/{rel}","templated":true}]}}