{"id":3289,"date":"2019-06-20T17:00:08","date_gmt":"2019-06-20T17:00:08","guid":{"rendered":"http:\/\/themes.webdevia.com\/backhoe-heavy-construction-equipment-rentals-machinery-wordpress-theme\/?page_id=3289"},"modified":"2021-01-20T08:14:40","modified_gmt":"2021-01-20T07:14:40","slug":"serwis-maszyn-budowlanych","status":"publish","type":"page","link":"https:\/\/hydrosprzet.pl\/en\/serwis-maszyn-budowlanych\/","title":{"rendered":"Construction machinery service"},"content":{"rendered":"<div class=\"vc_row wpb_row vc_row-fluid\" ><div class=\"wpb_column vc_column_container vc_col-sm-5\"><div class=\"vc_column-inner\"><div class=\"wpb_wrapper\">\r\n\r\n<div class=\"wd_empty_space\" data-heightmobile=\"0\" data-heighttablet=\"60\" data-heightdesktop=\"88\">\r\n\r\n<\/div>\r\n      \r\n\r\n\r\n\r\n        \r\n      \r\n    \n\t<div  class=\"wpb_single_image wpb_content_element vc_align_left\">\n\t\t\n\t\t<figure class=\"wpb_wrapper vc_figure\">\n\t\t\t<div class=\"vc_single_image-wrapper   vc_box_border_grey\"><img class=\"vc_single_image-img\" src=\"https:\/\/hydrosprzet.pl\/wp-content\/uploads\/2020\/03\/serwis-hydrosprzet-577x603.jpg\" width=\"577\" height=\"603\" alt=\"serwis maszyny budowlane hydrosprz\u0119t\" title=\"serwis-liugong-hydrosprzet\" \/><\/div>\n\t\t<\/figure>\n\t<\/div>\n<\/div><\/div><\/div><div class=\"wpb_column vc_column_container vc_col-sm-7\"><div class=\"vc_column-inner vc_custom_1561038794330\"><div class=\"wpb_wrapper\"><div class='wd_empty_space' data-heightmobile='30' data-heighttablet='50' data-heightdesktop='80'><\/div>  <div class=\"wd-heading text-left\"\r\n\t\t    style=\"; \" data-devia-animate=''>\r\n\t\t\r\n\t\t\t\r\n      <h3 style=\"\" class=\"title_b\"\r\n      data-text=\"Wiemy jak wa\u017cna dla naszych Klient\u00f3w jest ci\u0105g\u0142o\u015b\u0107 pracy. Niespodziewane przestoje z powodu awarii wi\u0105\u017c\u0105 si\u0119 zawsze z ryzykiem op\u00f3\u017anienia inwestycji dlatego jako autoryzowany dystrybutor Cummins LTD, LiuGong Dressta Machinery oraz Kioti, posiadamy w ci\u0105g\u0142ej dost\u0119pno\u015bci cz\u0119\u015bci zamienne. Wykonujemy niezb\u0119dny zakres us\u0142ug serwisowych na terenie ca\u0142ego kraju. Posiadamy 25 w pe\u0142ni wyposa\u017conych samochod\u00f3w serwisowych. Wykonujemy r\u00f3wnie\u017c serwis maszyn budowlanych innych marek takich jak JCB, CAT, VOLVO, DOOSAN, KOMATSU i wiele innych... Dokonujemy napraw skrzy\u0144 bieg\u00f3w, uk\u0142ad\u00f3w przeniesienia nap\u0119du, si\u0142ownik\u00f3w hydraulicznych.\">\r\n\t\t\tMany satisfied customers      <\/h3>\r\n\r\n\t\t\t\t\t\t        <p style=\"\" class=\"sub_title_b\">\r\n\t\t\t\tWiemy jak wa\u017cna dla naszych Klient\u00f3w jest ci\u0105g\u0142o\u015b\u0107 pracy. Niespodziewane przestoje z powodu awarii wi\u0105\u017c\u0105 si\u0119 zawsze z ryzykiem op\u00f3\u017anienia inwestycji dlatego jako autoryzowany dystrybutor Cummins LTD, LiuGong Dressta Machinery oraz Kioti, posiadamy w ci\u0105g\u0142ej dost\u0119pno\u015bci cz\u0119\u015bci zamienne. Wykonujemy niezb\u0119dny zakres us\u0142ug serwisowych na terenie ca\u0142ego kraju. Posiadamy 25 w pe\u0142ni wyposa\u017conych samochod\u00f3w serwisowych. Wykonujemy r\u00f3wnie\u017c serwis maszyn budowlanych innych marek takich jak JCB, CAT, VOLVO, DOOSAN, KOMATSU i wiele innych... Dokonujemy napraw skrzy\u0144 bieg\u00f3w, uk\u0142ad\u00f3w przeniesienia nap\u0119du, si\u0142ownik\u00f3w hydraulicznych.        <\/p>\r\n\t\t\t\t\t\t\r\n\t\t    <\/div>\r\n    <div class='wd_empty_space' data-heightmobile='30' data-heighttablet='30' data-heightdesktop='30'><\/div><div class=\"vc_row wpb_row vc_inner vc_row-fluid\"><div class=\"wpb_column vc_column_container vc_col-sm-6\"><div class=\"vc_column-inner\"><div class=\"wpb_wrapper\">\n\t<div class=\"wpb_text_column wpb_content_element  wpb_animate_when_almost_visible wpb_fadeInRightBig fadeInRightBig\" >\n\t\t<div class=\"wpb_wrapper\">\n\t\t\t<h4><a href=\"https:\/\/hydrosprzet.pl\/en\/zgloszenie-serwisowe\/\">Mobile service<\/a><\/h4>\n<p>We provide professional services in the field of servicing leading brands of construction machinery...<\/p>\n\n\t\t<\/div>\n\t<\/div>\n<\/div><\/div><\/div><div class=\"wpb_column vc_column_container vc_col-sm-6\"><div class=\"vc_column-inner\"><div class=\"wpb_wrapper\">\n\t<div class=\"wpb_text_column wpb_content_element  wpb_animate_when_almost_visible wpb_fadeInRightBig fadeInRightBig\" >\n\t\t<div class=\"wpb_wrapper\">\n\t\t\t<h4><a href=\"https:\/\/cumminseurope.com\/pl\">Warranty<\/a><\/h4>\n<p>We provide a guarantee for all repairs and services performed by us...<\/p>\n\n\t\t<\/div>\n\t<\/div>\n<\/div><\/div><\/div><\/div>\r\n\r\n<div class=\"wd_empty_space\" data-heightmobile=\"0\" data-heighttablet=\"30\" data-heightdesktop=\"40\">\r\n\r\n<\/div>\r\n      \r\n\r\n\r\n\r\n        \r\n      \r\n    \r\n  <div\r\n    class=\"wd-btn-wrap text-left\" >\r\n    <a href=\"https:\/\/hydrosprzet.pl\/en\/onas\/\" class=\"wd-btn btn-solid btn-color-1 hover-color-1 btn-medium btn-none  icon-after\"\r\n      \r\n\r\n    >\r\n      SEE MORE    <\/a>\r\n  <\/div>\r\n\r\n  <\/div><\/div><\/div><\/div><div class=\"vc_row wpb_row vc_row-fluid\" ><div class=\"wpb_column vc_column_container vc_col-sm-12\"><div class=\"vc_column-inner\"><div class=\"wpb_wrapper\"><div class='wd_empty_space' data-heightmobile='' data-heighttablet='' data-heightdesktop=''><\/div>  <div class=\"wd-heading text-left\"\r\n\t\t    style=\"; \" data-devia-animate=''>\r\n\t\t\r\n\t\t\t\r\n      <h3 style=\"\" class=\"title_a\"\r\n      data-text=\"Naprawiamy\">\r\n\t\t\tWe service      <\/h3>\r\n\r\n\t\t\t\t\t\t        <p style=\"\" class=\"sub_title_a\">\r\n\t\t\t\tNaprawiamy        <\/p>\r\n\t\t\t\t\t\t<hr class='hr_a' style=' margin: 10px 0;'\/>\r\n\t\t    <\/div>\r\n    <div class='wd_empty_space' data-heightmobile='30' data-heighttablet='30' data-heightdesktop='30'><\/div><\/div><\/div><\/div><\/div><div class=\"vc_row wpb_row vc_row-fluid\" ><div class=\"wpb_column vc_column_container vc_col-sm-12\"><div class=\"vc_column-inner\"><div class=\"wpb_wrapper\"><div class=\"woocommerce columns-4\"><ul class=\"products columns-4 grid\">\r\n<li class=\"product-category product first\">\n\t<\/li>\n<li class=\"product-category product\">\n\t<\/li>\n<li class=\"product-category product\">\n\t<\/li>\n<\/ul>\n<\/div>\r\n\r\n<div class=\"wd_empty_space\" data-heightmobile=\"0\" data-heighttablet=\"100\" data-heightdesktop=\"120\">\r\n\r\n<\/div>\r\n      \r\n\r\n\r\n\r\n        \r\n      \r\n    <\/div><\/div><\/div><\/div><div class=\"vc_row wpb_row vc_row-fluid\" ><div class=\"wpb_column vc_column_container vc_col-sm-12\"><div class=\"vc_column-inner\"><div class=\"wpb_wrapper\">\t\r\n\t\t<div class=\"wd-clients-carousel wd-clients-carousel--small nav_arrow style_1 grayscale\"\r\n         data-slick='{\"arrows\":true}'          data-clientshow = \"6\" data-marquee>\r\n\t\t\t\t\t\t\t\t\t\t\t<div class=\"wd-clients-carousel-item  animated\"  data-animated=\"rollIn\">\r\n\t\t\t\t\t<img  class=\"none\" src=\"https:\/\/hydrosprzet.pl\/wp-content\/uploads\/2020\/03\/loko-pak.png\" width=\"117\" height=\"44\" alt=\"\">\r\n\t\t\t\t<\/div>\r\n\t\t\t\t\t\t\t\t\t\t\t\t<div class=\"wd-clients-carousel-item  animated\"  data-animated=\"rollIn\">\r\n\t\t\t\t\t<img  class=\"none\" src=\"https:\/\/hydrosprzet.pl\/wp-content\/uploads\/2020\/03\/VEOLIA.jpg\" width=\"117\" height=\"29\" alt=\"\">\r\n\t\t\t\t<\/div>\r\n\t\t\t\t\t\t\t\t\t\t\t\t<div class=\"wd-clients-carousel-item  animated\"  data-animated=\"rollIn\">\r\n\t\t\t\t\t<img  class=\"none\" src=\"https:\/\/hydrosprzet.pl\/wp-content\/uploads\/2020\/03\/polska-grupa-energetyncza.png\" width=\"117\" height=\"26\" alt=\"\">\r\n\t\t\t\t<\/div>\r\n\t\t\t\t\t\t\t\t\t\t\t\t<div class=\"wd-clients-carousel-item  animated\"  data-animated=\"rollIn\">\r\n\t\t\t\t\t<img  class=\"none\" src=\"https:\/\/hydrosprzet.pl\/wp-content\/uploads\/2020\/03\/logo-tauron.jpg\" width=\"117\" height=\"66\" alt=\"\">\r\n\t\t\t\t<\/div>\r\n\t\t\t\t\t\t\t\t\t\t\t\t<div class=\"wd-clients-carousel-item  animated\"  data-animated=\"rollIn\">\r\n\t\t\t\t\t<img  class=\"none\" src=\"https:\/\/hydrosprzet.pl\/wp-content\/uploads\/2020\/03\/pgnig-logo.jpg\" width=\"117\" height=\"21\" alt=\"\">\r\n\t\t\t\t<\/div>\r\n\t\t\t\t\t\t\t\t\t\t\t\t<div class=\"wd-clients-carousel-item  animated\"  data-animated=\"rollIn\">\r\n\t\t\t\t\t<img  class=\"none\" src=\"https:\/\/hydrosprzet.pl\/wp-content\/uploads\/2020\/03\/logo-haldex.png\" width=\"117\" height=\"33\" alt=\"\">\r\n\t\t\t\t<\/div>\r\n\t\t\t\t\t\t\t\t\t\t\t\t<div class=\"wd-clients-carousel-item  animated\"  data-animated=\"rollIn\">\r\n\t\t\t\t\t<img  class=\"none\" src=\"https:\/\/hydrosprzet.pl\/wp-content\/uploads\/2020\/03\/pgg-logo.png\" width=\"117\" height=\"49\" alt=\"\">\r\n\t\t\t\t<\/div>\r\n\t\t\t\t\t\t\t\t\t\t\t\t<div class=\"wd-clients-carousel-item  animated\"  data-animated=\"rollIn\">\r\n\t\t\t\t\t<img  class=\"none\" src=\"https:\/\/hydrosprzet.pl\/wp-content\/uploads\/2020\/03\/enea-logo.png\" width=\"117\" height=\"42\" alt=\"\">\r\n\t\t\t\t<\/div>\r\n\t\t\t\t\r\n\t\t<\/div>\r\n\t\t\r\n\r\n<div class=\"wd_empty_space\" data-heightmobile=\"0\" data-heighttablet=\"100\" data-heightdesktop=\"120\">\r\n\r\n<\/div>\r\n      \r\n\r\n\r\n\r\n        \r\n      \r\n    <\/div><\/div><\/div><\/div><div data-vc-full-width=\"true\" data-vc-full-width-init=\"false\" class=\"vc_row wpb_row vc_row-fluid vc_custom_1562174951021 vc_row-has-fill\" ><div class=\"wpb_column vc_column_container vc_col-sm-12\"><div class=\"vc_column-inner\"><div class=\"wpb_wrapper\"><div class='wd_empty_space' data-heightmobile='80' data-heighttablet='80' data-heightdesktop='80'><\/div>  <div class=\"wd-heading text-left\"\r\n\t\t    style=\"; \" data-devia-animate=''>\r\n\t\t\r\n\t\t\t\r\n      <h2 style=\"color:#ffffff;\" class=\"title_a\"\r\n      data-text=\"JESTE\u015aMY NAJLEPSI\">\r\n\t\t\tWE'RE THE BEST      <\/h2>\r\n\r\n\t\t\t\t\t\t\t\t\t<hr class='hr_a' style=' margin: 10px 0;'\/>\r\n\t\t    <\/div>\r\n    <div class='wd_empty_space' data-heightmobile='0' data-heighttablet='0' data-heightdesktop='0'><\/div>\r\n\r\n<div class=\"wd_empty_space\" data-heightmobile=\"440\" data-heighttablet=\"440\" data-heightdesktop=\"440\">\r\n\r\n<\/div>\r\n      \r\n\r\n\r\n\r\n        \r\n      \r\n    <\/div><\/div><\/div><\/div><div class=\"vc_row-full-width vc_clearfix\"><\/div><div class=\"vc_row wpb_row vc_row-fluid vc_custom_1562174918695\" ><div class=\"wpb_column vc_column_container vc_col-sm-12\"><div class=\"vc_column-inner\"><div class=\"wpb_wrapper\">  <div class=\"owl-testimonial wd-testimonial wd-testimonial_layout_3\"        data-slick='{ \"slidesToShow\": 1, \"slidesToScroll\": 1}'>\r\n\t\t      <blockquote class=\"wd-testimonial__item\">\r\n        <div class=\"wd-testimonial__thumbnail\">\r\n\t\t\t\t\t            <div style=\"background-image: url('https:\/\/hydrosprzet.pl\/wp-content\/uploads\/2019\/07\/IMG_8796-1024x683-1-833x510.jpg')\"><\/div>\r\n\t\t\t\t\t        <\/div>\r\n        <div class=\"wd-testimonial__info\">\r\n          <div class=\"excerpt\">\r\n\t\t\t\t\t\tAs an authorized distributor of the Polish machine manufacturer LIUGONG DRESSTA MACHINERY Sp. z o.o. we offer repairs, inspections and service of wheel loaders, as well as service of construction machinery.          <\/div>\r\n          <h5 class=\"title\">\r\n\t\t\t\t\t\tConstruction machinery service          <\/h5>\r\n          <p class=\"job p-small\">\r\n\t\t\t\t\t\t          <\/p>\r\n        <\/div>\r\n      <\/blockquote>\r\n\t\t      <blockquote class=\"wd-testimonial__item\">\r\n        <div class=\"wd-testimonial__thumbnail\">\r\n\t\t\t\t\t            <div style=\"background-image: url('https:\/\/hydrosprzet.pl\/wp-content\/uploads\/2019\/07\/spycharka-td25-hydrosprzet-833x510.jpg')\"><\/div>\r\n\t\t\t\t\t        <\/div>\r\n        <div class=\"wd-testimonial__info\">\r\n          <div class=\"excerpt\">\r\n\t\t\t\t\t\tWe offer comprehensive reconstruction of construction machines such as bulldozers, loaders and excavators, the machines get a \"second life\" and the customer a fully valuable machine at a reasonable price with a guarantee, we restore them to 100% functionality.          <\/div>\r\n          <h5 class=\"title\">\r\n\t\t\t\t\t\tRepair of construction machinery          <\/h5>\r\n          <p class=\"job p-small\">\r\n\t\t\t\t\t\t          <\/p>\r\n        <\/div>\r\n      <\/blockquote>\r\n\t\t      <blockquote class=\"wd-testimonial__item\">\r\n        <div class=\"wd-testimonial__thumbnail\">\r\n\t\t\t\t\t            <div style=\"background-image: url('https:\/\/hydrosprzet.pl\/wp-content\/uploads\/2018\/04\/koparka-liugong-925-833x510.png')\"><\/div>\r\n\t\t\t\t\t        <\/div>\r\n        <div class=\"wd-testimonial__info\">\r\n          <div class=\"excerpt\">\r\n\t\t\t\t\t\tAs an authorized service and distributor of LIUGONG DRESSTA MACHINERY, we provide high quality new and original spare parts for crawler dozers and wheel loaders, complete components and consumables.           <\/div>\r\n          <h5 class=\"title\">\r\n\t\t\t\t\t\tSale of parts and machines          <\/h5>\r\n          <p class=\"job p-small\">\r\n\t\t\t\t\t\t          <\/p>\r\n        <\/div>\r\n      <\/blockquote>\r\n\t\t  <\/div>\r\n\r\n\t\r\n\r\n<div class=\"wd_empty_space\" data-heightmobile=\"200\" data-heighttablet=\"0\" data-heightdesktop=\"0\">\r\n\r\n<\/div>\r\n      \r\n\r\n\r\n\r\n        \r\n      \r\n    \r\n\r\n<div class=\"wd_empty_space\" data-heightmobile=\"200\" data-heighttablet=\"0\" data-heightdesktop=\"80\">\r\n\r\n<\/div>\r\n      \r\n\r\n\r\n\r\n        \r\n      \r\n    <\/div><\/div><\/div><\/div><div data-vc-full-width=\"true\" data-vc-full-width-init=\"false\" data-vc-stretch-content=\"true\" class=\"vc_row wpb_row vc_row-fluid moved-box__top vc_custom_1562674448213 vc_row-has-fill\" ><div class=\"wpb_column vc_column_container vc_col-sm-5 vc_col-has-fill\"><div class=\"vc_column-inner vc_custom_1561041477277\"><div class=\"wpb_wrapper\">\n\t<div  class=\"wpb_single_image wpb_content_element vc_align_left\">\n\t\t\n\t\t<figure class=\"wpb_wrapper vc_figure\">\n\t\t\t<div class=\"vc_single_image-wrapper   vc_box_border_grey\"><img width=\"1070\" height=\"747\" src=\"https:\/\/hydrosprzet.pl\/wp-content\/uploads\/2018\/03\/liugong-877h-hydrosprzet-1.png\" class=\"vc_single_image-img attachment-full\" alt=\"liugong-877h-hydrosprzet\" loading=\"lazy\" srcset=\"https:\/\/hydrosprzet.pl\/wp-content\/uploads\/2018\/03\/liugong-877h-hydrosprzet-1.png 1070w, https:\/\/hydrosprzet.pl\/wp-content\/uploads\/2018\/03\/liugong-877h-hydrosprzet-1-300x209.png 300w, https:\/\/hydrosprzet.pl\/wp-content\/uploads\/2018\/03\/liugong-877h-hydrosprzet-1-1024x715.png 1024w, https:\/\/hydrosprzet.pl\/wp-content\/uploads\/2018\/03\/liugong-877h-hydrosprzet-1-768x536.png 768w, https:\/\/hydrosprzet.pl\/wp-content\/uploads\/2018\/03\/liugong-877h-hydrosprzet-1-800x559.png 800w\" sizes=\"(max-width: 1070px) 100vw, 1070px\" \/><\/div>\n\t\t<\/figure>\n\t<\/div>\n<\/div><\/div><\/div><div class=\"wpb_column vc_column_container vc_col-sm-4\"><div class=\"vc_column-inner\"><div class=\"wpb_wrapper\"><div class='wd_empty_space' data-heightmobile='35' data-heighttablet='35px' data-heightdesktop='35px'><\/div>  <div class=\"wd-heading text-left\"\r\n\t\t    style=\"; \" data-devia-animate=''>\r\n\t\t\r\n\t\t\t\r\n      <h3 style=\"font-size:24px;color:#ffffff;text-transform:Inherit;\" class=\"title_b\"\r\n      data-text=\"Chcesz zg\u0142osi\u0107 awari\u0119 lub przegl\u0105d?\">\r\n\t\t\tDo you want to report a breakdown or inspection?      <\/h3>\r\n\r\n\t\t\t\t\t\t\t\t\t\r\n\t\t    <\/div>\r\n    <div class='wd_empty_space' data-heightmobile='' data-heighttablet='' data-heightdesktop=''><\/div>\r\n\r\n<div class=\"wd_empty_space\" data-heightmobile=\"50\" data-heighttablet=\"50\" data-heightdesktop=\"160\">\r\n\r\n<\/div>\r\n      \r\n\r\n\r\n\r\n        \r\n      \r\n    <\/div><\/div><\/div><div class=\"wpb_column vc_column_container vc_col-sm-3\"><div class=\"vc_column-inner\"><div class=\"wpb_wrapper\">\r\n\r\n<div class=\"wd_empty_space\" data-heightmobile=\"50\" data-heighttablet=\"50\" data-heightdesktop=\"50\">\r\n\r\n<\/div>\r\n      \r\n\r\n\r\n\r\n        \r\n      \r\n    \r\n  <div\r\n    class=\"wd-btn-wrap text-left\" >\r\n    <a href=\"https:\/\/hydrosprzet.pl\/en\/zgloszenie-serwisowe\/\" class=\"wd-btn btn-border btn-color-1 hover-color-1 btn-big btn-radius  icon-before\"\r\n      \r\n\r\n    >\r\n              <span class=\"button-wrp\">\r\n\t\t\t\t\t            <i class=\"fas fa-arrow-alt-circle-right before\"><\/i>\r\n                    <span>Service request<\/span>\r\n          \t\t\t\t<\/span>\r\n          <\/a>\r\n  <\/div>\r\n\r\n  <\/div><\/div><\/div><\/div><div class=\"vc_row-full-width vc_clearfix\"><\/div>","protected":false},"excerpt":{"rendered":"","protected":false},"author":1,"featured_media":0,"parent":0,"menu_order":0,"comment_status":"closed","ping_status":"closed","template":"","meta":[],"yoast_head":"<!-- This site is optimized with the Yoast SEO plugin v17.3 - https:\/\/yoast.com\/wordpress\/plugins\/seo\/ -->\n<title>Serwis Maszyn Budowlanych - Serwis maszyn budowlanych - Hydrosprz\u0119t<\/title>\n<meta name=\"description\" content=\"Serwis maszyn budowlanych to jeden z g\u0142\u00f3wnych profili dzia\u0142alno\u015bci firmy Hydrosprz\u0119t. Wykonujemy pe\u0142en zakres us\u0142ug serwisowych.\" \/>\n<meta name=\"robots\" content=\"index, follow, max-snippet:-1, max-image-preview:large, max-video-preview:-1\" \/>\n<link rel=\"canonical\" href=\"https:\/\/hydrosprzet.pl\/en\/serwis-maszyn-budowlanych\/\" \/>\n<meta property=\"og:locale\" content=\"en_US\" \/>\n<meta property=\"og:type\" content=\"article\" \/>\n<meta property=\"og:title\" content=\"Serwis Maszyn Budowlanych - Serwis maszyn budowlanych - Hydrosprz\u0119t\" \/>\n<meta property=\"og:description\" content=\"Serwis maszyn budowlanych to jeden z g\u0142\u00f3wnych profili dzia\u0142alno\u015bci firmy Hydrosprz\u0119t. Wykonujemy pe\u0142en zakres us\u0142ug serwisowych.\" \/>\n<meta property=\"og:url\" content=\"https:\/\/hydrosprzet.pl\/en\/serwis-maszyn-budowlanych\/\" \/>\n<meta property=\"og:site_name\" content=\"Hydrosprz\u0119t\" \/>\n<meta property=\"article:modified_time\" content=\"2021-01-20T07:14:40+00:00\" \/>\n<meta name=\"twitter:card\" content=\"summary_large_image\" \/>\n<meta name=\"twitter:label1\" content=\"Est. reading time\" \/>\n\t<meta name=\"twitter:data1\" content=\"2 minutes\" \/>\n<script type=\"application\/ld+json\" class=\"yoast-schema-graph\">{\"@context\":\"https:\/\/schema.org\",\"@graph\":[{\"@type\":\"WebSite\",\"@id\":\"https:\/\/hydrosprzet.pl\/#website\",\"url\":\"https:\/\/hydrosprzet.pl\/\",\"name\":\"Hydrosprz\\u0119t\",\"description\":\"Maszyny budowlane\",\"potentialAction\":[{\"@type\":\"SearchAction\",\"target\":{\"@type\":\"EntryPoint\",\"urlTemplate\":\"https:\/\/hydrosprzet.pl\/?s={search_term_string}\"},\"query-input\":\"required name=search_term_string\"}],\"inLanguage\":\"en-US\"},{\"@type\":\"WebPage\",\"@id\":\"https:\/\/hydrosprzet.pl\/serwis-maszyn-budowlanych\/#webpage\",\"url\":\"https:\/\/hydrosprzet.pl\/serwis-maszyn-budowlanych\/\",\"name\":\"Serwis Maszyn Budowlanych - Serwis maszyn budowlanych - Hydrosprz\\u0119t\",\"isPartOf\":{\"@id\":\"https:\/\/hydrosprzet.pl\/#website\"},\"datePublished\":\"2019-06-20T17:00:08+00:00\",\"dateModified\":\"2021-01-20T07:14:40+00:00\",\"description\":\"Serwis maszyn budowlanych to jeden z g\\u0142\\u00f3wnych profili dzia\\u0142alno\\u015bci firmy Hydrosprz\\u0119t. Wykonujemy pe\\u0142en zakres us\\u0142ug serwisowych.\",\"breadcrumb\":{\"@id\":\"https:\/\/hydrosprzet.pl\/serwis-maszyn-budowlanych\/#breadcrumb\"},\"inLanguage\":\"en-US\",\"potentialAction\":[{\"@type\":\"ReadAction\",\"target\":[\"https:\/\/hydrosprzet.pl\/serwis-maszyn-budowlanych\/\"]}]},{\"@type\":\"BreadcrumbList\",\"@id\":\"https:\/\/hydrosprzet.pl\/serwis-maszyn-budowlanych\/#breadcrumb\",\"itemListElement\":[{\"@type\":\"ListItem\",\"position\":1,\"name\":\"Strona g\\u0142\\u00f3wna\",\"item\":\"https:\/\/hydrosprzet.pl\/\"},{\"@type\":\"ListItem\",\"position\":2,\"name\":\"Serwis maszyn budowlanych\"}]}]}<\/script>\n<!-- \/ Yoast SEO plugin. -->","yoast_head_json":{"title":"Serwis Maszyn Budowlanych - Serwis maszyn budowlanych - Hydrosprz\u0119t","description":"Serwis maszyn budowlanych to jeden z g\u0142\u00f3wnych profili dzia\u0142alno\u015bci firmy Hydrosprz\u0119t. Wykonujemy pe\u0142en zakres us\u0142ug serwisowych.","robots":{"index":"index","follow":"follow","max-snippet":"max-snippet:-1","max-image-preview":"max-image-preview:large","max-video-preview":"max-video-preview:-1"},"canonical":"https:\/\/hydrosprzet.pl\/en\/serwis-maszyn-budowlanych\/","og_locale":"en_US","og_type":"article","og_title":"Serwis Maszyn Budowlanych - Serwis maszyn budowlanych - Hydrosprz\u0119t","og_description":"Serwis maszyn budowlanych to jeden z g\u0142\u00f3wnych profili dzia\u0142alno\u015bci firmy Hydrosprz\u0119t. Wykonujemy pe\u0142en zakres us\u0142ug serwisowych.","og_url":"https:\/\/hydrosprzet.pl\/en\/serwis-maszyn-budowlanych\/","og_site_name":"Hydrosprz\u0119t","article_modified_time":"2021-01-20T07:14:40+00:00","twitter_card":"summary_large_image","twitter_misc":{"Est. reading time":"2 minutes"},"schema":{"@context":"https:\/\/schema.org","@graph":[{"@type":"WebSite","@id":"https:\/\/hydrosprzet.pl\/#website","url":"https:\/\/hydrosprzet.pl\/","name":"Hydrosprz\u0119t","description":"Maszyny budowlane","potentialAction":[{"@type":"SearchAction","target":{"@type":"EntryPoint","urlTemplate":"https:\/\/hydrosprzet.pl\/?s={search_term_string}"},"query-input":"required name=search_term_string"}],"inLanguage":"en-US"},{"@type":"WebPage","@id":"https:\/\/hydrosprzet.pl\/serwis-maszyn-budowlanych\/#webpage","url":"https:\/\/hydrosprzet.pl\/serwis-maszyn-budowlanych\/","name":"Serwis Maszyn Budowlanych - Serwis maszyn budowlanych - Hydrosprz\u0119t","isPartOf":{"@id":"https:\/\/hydrosprzet.pl\/#website"},"datePublished":"2019-06-20T17:00:08+00:00","dateModified":"2021-01-20T07:14:40+00:00","description":"Serwis maszyn budowlanych to jeden z g\u0142\u00f3wnych profili dzia\u0142alno\u015bci firmy Hydrosprz\u0119t. Wykonujemy pe\u0142en zakres us\u0142ug serwisowych.","breadcrumb":{"@id":"https:\/\/hydrosprzet.pl\/serwis-maszyn-budowlanych\/#breadcrumb"},"inLanguage":"en-US","potentialAction":[{"@type":"ReadAction","target":["https:\/\/hydrosprzet.pl\/serwis-maszyn-budowlanych\/"]}]},{"@type":"BreadcrumbList","@id":"https:\/\/hydrosprzet.pl\/serwis-maszyn-budowlanych\/#breadcrumb","itemListElement":[{"@type":"ListItem","position":1,"name":"Strona g\u0142\u00f3wna","item":"https:\/\/hydrosprzet.pl\/"},{"@type":"ListItem","position":2,"name":"Serwis maszyn budowlanych"}]}]}},"_links":{"self":[{"href":"https:\/\/hydrosprzet.pl\/en\/wp-json\/wp\/v2\/pages\/3289"}],"collection":[{"href":"https:\/\/hydrosprzet.pl\/en\/wp-json\/wp\/v2\/pages"}],"about":[{"href":"https:\/\/hydrosprzet.pl\/en\/wp-json\/wp\/v2\/types\/page"}],"author":[{"embeddable":true,"href":"https:\/\/hydrosprzet.pl\/en\/wp-json\/wp\/v2\/users\/1"}],"replies":[{"embeddable":true,"href":"https:\/\/hydrosprzet.pl\/en\/wp-json\/wp\/v2\/comments?post=3289"}],"version-history":[{"count":37,"href":"https:\/\/hydrosprzet.pl\/en\/wp-json\/wp\/v2\/pages\/3289\/revisions"}],"predecessor-version":[{"id":6697,"href":"https:\/\/hydrosprzet.pl\/en\/wp-json\/wp\/v2\/pages\/3289\/revisions\/6697"}],"wp:attachment":[{"href":"https:\/\/hydrosprzet.pl\/en\/wp-json\/wp\/v2\/media?parent=3289"}],"curies":[{"name":"wp","href":"https:\/\/api.w.org\/{rel}","templated":true}]}}